{"id":21388,"date":"2024-05-06T10:21:03","date_gmt":"2024-05-06T03:21:03","guid":{"rendered":"https:\/\/livinghome.vn\/thiet-bi\/?post_type=product&#038;p=21388"},"modified":"2025-07-24T01:07:23","modified_gmt":"2025-07-23T18:07:23","slug":"lo-nuong-tomate-tom-244-thiet-ke-chuan-chau-au","status":"publish","type":"product","link":"https:\/\/livinghome.vn\/thiet-bi\/lo-nuong-tomate-tom-244-thiet-ke-chuan-chau-au\/","title":{"rendered":"L\u00f2 n\u01b0\u1edbng Tomate Tom 244 thi\u1ebft k\u1ebf chu\u1ea9n Ch\u00e2u \u00c2u"},"content":{"rendered":"<h2>Gi\u1edbi thi\u1ec7u l\u00f2 n\u01b0\u1edbng Tomate Tom 244<\/h2>\n<p>D\u1ec5 d\u00e0ng v\u00e0 hi\u1ec7u qu\u1ea3, l\u00f2 n\u01b0\u1edbng Tomate TOM 244 l\u00e0 s\u1ef1 l\u1ef1a ch\u1ecdn l\u00fd t\u01b0\u1edfng cho m\u1ecdi ng\u01b0\u1eddi y\u00eau th\u00edch n\u1ea5u \u0103n. V\u1edbi thi\u1ebft k\u1ebf chu\u1ea9n Ch\u00e2u u, s\u1ea3n ph\u1ea9m kh\u00f4ng ch\u1ec9 mang l\u1ea1i hi\u1ec7u su\u1ea5t n\u1ea5u n\u01b0\u1edbng cao m\u00e0 c\u00f2n \u0111em \u0111\u1ebfn s\u1ef1 ti\u1ec7n l\u1ee3i v\u00e0 sang tr\u1ecdng cho kh\u00f4ng gian b\u1ebfp c\u1ee7a b\u1ea1n.<\/p>\n<h2><span style=\"font-weight: 400;\">Chi ti\u1ebft s\u1ea3n ph\u1ea9m<\/span><\/h2>\n<ul>\n<li><span style=\"font-weight: 400;\">L\u00f2 n\u01b0\u1edbng \u0111i\u1ec7n t\u00edch h\u1ee3p, k\u00edch th\u01b0\u1edbc 60 cm<\/span><\/li>\n<li><span style=\"font-weight: 400;\">8 ch\u1ebf \u0111\u1ed9 n\u1ea5u \u0103n<\/span><\/li>\n<li><span style=\"font-weight: 400;\">2 n\u00fat nh\u1ea5n v\u1eb7n<\/span><\/li>\n<li><span style=\"font-weight: 400;\">M\u00e0n h\u00ecnh LED<\/span><\/li>\n<li><span style=\"font-weight: 400;\">Kh\u00f3a an to\u00e0n tr\u1ebb em<\/span><\/li>\n<li><span style=\"font-weight: 400;\">Khay n\u01b0\u1edbng c\u00f3 h\u1ec3 th\u00e1o r\u1eddi<\/span><\/li>\n<li><span style=\"font-weight: 400;\">V\u0129 n\u01b0\u1edbng, qu\u1ea1t turbo, qu\u1ea1t l\u00e0m m\u00e1t<\/span><\/li>\n<li><span style=\"font-weight: 400;\">Ch\u1ee9c n\u0103ng gi\u1eef \u1ea5m<\/span><\/li>\n<li><span style=\"font-weight: 400;\">Ch\u1ee9c n\u0103ng n\u01b0\u1edbng v\u1edbi ch\u1ebf \u0111\u1ed9 h\u1ed7 tr\u1ee3 b\u1eb1ng h\u01a1i n\u01b0\u1edbc<\/span><\/li>\n<li><span style=\"font-weight: 400;\">K\u00ednh c\u1eeda c\u00f3 th\u1ec3 th\u00e1o r\u1eddi<\/span><\/li>\n<li><span style=\"font-weight: 400;\">STEAM CLEAN: H\u1ec7 th\u1ed1ng l\u00e0m s\u1ea1ch b\u00ean trong h\u1ed7 tr\u1ee3 b\u1eb1ng h\u01a1i n\u01b0\u1edbc \u0111\u1ec3 l\u00e0m s\u1ea1ch<\/span><\/li>\n<\/ul>\n<p><img loading=\"lazy\" decoding=\"async\" class=\"alignnone size-full wp-image-21408\" src=\"https:\/\/livinghome.vn\/thiet-bi\/wp-content\/uploads\/2024\/05\/lo-nuong-tomate-tom-244-1.jpg\" alt=\"L\u00f2 n\u01b0\u1edbng Tomate Tom 244 thi\u1ebft k\u1ebf chu\u1ea9n Ch\u00e2u \u00c2u\" width=\"959\" height=\"900\" title=\"\" srcset=\"https:\/\/livinghome.vn\/thiet-bi\/wp-content\/uploads\/2024\/05\/lo-nuong-tomate-tom-244-1.jpg 959w, https:\/\/livinghome.vn\/thiet-bi\/wp-content\/uploads\/2024\/05\/lo-nuong-tomate-tom-244-1-426x400.jpg 426w, https:\/\/livinghome.vn\/thiet-bi\/wp-content\/uploads\/2024\/05\/lo-nuong-tomate-tom-244-1-852x800.jpg 852w, https:\/\/livinghome.vn\/thiet-bi\/wp-content\/uploads\/2024\/05\/lo-nuong-tomate-tom-244-1-768x721.jpg 768w, https:\/\/livinghome.vn\/thiet-bi\/wp-content\/uploads\/2024\/05\/lo-nuong-tomate-tom-244-1-600x563.jpg 600w\" sizes=\"auto, (max-width: 959px) 100vw, 959px\" \/><\/p>\n<h2>L\u1ee3i \u00edch c\u1ee7a h\u1ec7 th\u1ed1ng Steam<\/h2>\n<p><span style=\"font-weight: 400;\">Gi\u00f2n b\u00ean ngo\u00e0i, m\u1ec1m b\u00ean trong.<\/span><\/p>\n<p><span style=\"font-weight: 400;\">C\u00e1c ch\u1ee9c n\u0103ng c\u00f3 th\u1ec3 n\u1ea5u v\u1edbi 3 ch\u1ebf \u0111\u1ed9 h\u1ed7 tr\u1ee3 h\u01a1i n\u01b0\u1edbc.<\/span><\/p>\n<p><span style=\"font-weight: 400;\">C\u00e1c ch\u1ebf \u0111\u1ed9 n\u00e0y bao g\u1ed3m:<\/span><\/p>\n<ul>\n<li><span style=\"font-weight: 400;\">N\u01b0\u1edbng t\u1eeb d\u01b0\u1edbi l\u00ean tr\u00ean<\/span><\/li>\n<li><span style=\"font-weight: 400;\">N\u01b0\u1edbng t\u1eeb d\u01b0\u1edbi l\u00ean tr\u00ean v\u1edbi ch\u1ebf \u0111\u1ed9 turbo<\/span><\/li>\n<li><span style=\"font-weight: 400;\">3D Airmove (ch\u1ee9c n\u0103ng n\u01b0\u1edbng v\u1edbi lu\u1ed3ng kh\u00f4ng kh\u00ed 3D)<\/span><\/li>\n<\/ul>\n<p><img loading=\"lazy\" decoding=\"async\" class=\"alignnone size-full wp-image-21409\" src=\"https:\/\/livinghome.vn\/thiet-bi\/wp-content\/uploads\/2024\/05\/lo-nuong-tomate-tom-244-2.jpg\" alt=\"L\u00f2 n\u01b0\u1edbng Tomate Tom 244 thi\u1ebft k\u1ebf chu\u1ea9n Ch\u00e2u \u00c2u\" width=\"837\" height=\"900\" title=\"\" srcset=\"https:\/\/livinghome.vn\/thiet-bi\/wp-content\/uploads\/2024\/05\/lo-nuong-tomate-tom-244-2.jpg 837w, https:\/\/livinghome.vn\/thiet-bi\/wp-content\/uploads\/2024\/05\/lo-nuong-tomate-tom-244-2-372x400.jpg 372w, https:\/\/livinghome.vn\/thiet-bi\/wp-content\/uploads\/2024\/05\/lo-nuong-tomate-tom-244-2-744x800.jpg 744w, https:\/\/livinghome.vn\/thiet-bi\/wp-content\/uploads\/2024\/05\/lo-nuong-tomate-tom-244-2-768x826.jpg 768w, https:\/\/livinghome.vn\/thiet-bi\/wp-content\/uploads\/2024\/05\/lo-nuong-tomate-tom-244-2-600x645.jpg 600w\" sizes=\"auto, (max-width: 837px) 100vw, 837px\" \/><\/p>\n<h2>Th\u00f4ng s\u1ed1 k\u1ef9 thu\u1eadt<\/h2>\n<ul>\n<li><span style=\"font-weight: 400;\">Dung t\u00edch 72 L<\/span><\/li>\n<li><span style=\"font-weight: 400;\">\u0110i\u1ec7n \u00e1p: 220 -240\/50Hz<\/span><\/li>\n<li><span style=\"font-weight: 400;\">C\u00f4ng su\u1ea5t: 2369 W<\/span><\/li>\n<li><span style=\"font-weight: 400;\">K\u00edch th\u01b0\u1edbc: W595x D550 x H600 mm<\/span><\/li>\n<li><span style=\"font-weight: 400;\">M\u1ee9c n\u0103ng l\u01b0\u1ee3ng A++, ti\u1ebft ki\u1ec7m 20% \u0111i\u1ec7n n\u0103ng<\/span><\/li>\n<\/ul>\n<p><span style=\"font-weight: 400;\">S\u1ea3n xu\u1ea5t t\u1ea1i Th\u1ed5 Nh\u0129 K\u1ef3 theo thi\u1ebft k\u1ebf v\u00e0 \u1ee7y quy\u1ec1n c\u1ee7a\u00a0 TOMATE\u00a0 Electrodom\u00e9sticos T\u00e2y Ban Nha.<\/span><\/p>\n","protected":false},"excerpt":{"rendered":"<p><span style=\"font-weight: 400;\">Dung t\u00edch 72 L<\/span><\/p>\n<p><span style=\"font-weight: 400;\">\u0110i\u1ec7n \u00e1p: 220 -240\/50Hz<\/span><\/p>\n<p><span style=\"font-weight: 400;\">C\u00f4ng su\u1ea5t: 2369 W<\/span><\/p>\n<p><span style=\"font-weight: 400;\">K\u00edch th\u01b0\u1edbc: W595x D550 x H600 mm<\/span><\/p>\n<p><span style=\"font-weight: 400;\">M\u1ee9c n\u0103ng l\u01b0\u1ee3ng A++, ti\u1ebft ki\u1ec7m 20% \u0111i\u1ec7n n\u0103ng<\/span><\/p>\n<p><span style=\"font-weight: 400;\">8 ch\u1ebf \u0111\u1ed9 n\u1ea5u \u0103n<\/span><\/p>\n<p><span style=\"font-weight: 400;\">2 n\u00fat nh\u1ea5n v\u1eb7n<\/span><\/p>\n<p><span style=\"font-weight: 400;\">M\u00e0n h\u00ecnh LED<\/span><\/p>\n<p><span style=\"font-weight: 400;\">Ch\u1ee9c n\u0103ng gi\u1eef \u1ea5m<\/span><\/p>\n<p><span style=\"font-weight: 400;\">Ch\u1ee9c n\u0103ng n\u01b0\u1edbng v\u1edbi ch\u1ebf \u0111\u1ed9 h\u1ed7 tr\u1ee3 b\u1eb1ng h\u01a1i n\u01b0\u1edbc<\/span><\/p>\n<p><span style=\"font-weight: 400;\">STEAM CLEAN: H\u1ec7 th\u1ed1ng l\u00e0m s\u1ea1ch b\u00ean trong h\u1ed7 tr\u1ee3 b\u1eb1ng h\u01a1i n\u01b0\u1edbc \u0111\u1ec3 l\u00e0m s\u1ea1ch<\/span><\/p>\n","protected":false},"featured_media":21410,"comment_status":"open","ping_status":"closed","template":"","meta":[],"product_brand":[],"product_cat":[95,1703,71,364],"product_tag":[96,156,377,372],"class_list":{"0":"post-21388","1":"product","2":"type-product","3":"status-publish","4":"has-post-thumbnail","6":"product_cat-lo-nuong","7":"product_cat-lo-nuong-tomate","8":"product_cat-thuong-hieu","9":"product_cat-thuong-hieu-tomate","10":"product_tag-lo-nuong","11":"product_tag-lo-nuong-am-tu","12":"product_tag-lo-nuong-tomate","13":"product_tag-tomate","15":"first","16":"instock","17":"sale","18":"shipping-taxable","19":"purchasable","20":"product-type-simple"},"_links":{"self":[{"href":"https:\/\/livinghome.vn\/thiet-bi\/wp-json\/wp\/v2\/product\/21388","targetHints":{"allow":["GET"]}}],"collection":[{"href":"https:\/\/livinghome.vn\/thiet-bi\/wp-json\/wp\/v2\/product"}],"about":[{"href":"https:\/\/livinghome.vn\/thiet-bi\/wp-json\/wp\/v2\/types\/product"}],"replies":[{"embeddable":true,"href":"https:\/\/livinghome.vn\/thiet-bi\/wp-json\/wp\/v2\/comments?post=21388"}],"wp:featuredmedia":[{"embeddable":true,"href":"https:\/\/livinghome.vn\/thiet-bi\/wp-json\/wp\/v2\/media\/21410"}],"wp:attachment":[{"href":"https:\/\/livinghome.vn\/thiet-bi\/wp-json\/wp\/v2\/media?parent=21388"}],"wp:term":[{"taxonomy":"product_brand","embeddable":true,"href":"https:\/\/livinghome.vn\/thiet-bi\/wp-json\/wp\/v2\/product_brand?post=21388"},{"taxonomy":"product_cat","embeddable":true,"href":"https:\/\/livinghome.vn\/thiet-bi\/wp-json\/wp\/v2\/product_cat?post=21388"},{"taxonomy":"product_tag","embeddable":true,"href":"https:\/\/livinghome.vn\/thiet-bi\/wp-json\/wp\/v2\/product_tag?post=21388"}],"curies":[{"name":"wp","href":"https:\/\/api.w.org\/{rel}","templated":true}]}}