{"id":2138,"date":"2023-01-12T16:46:17","date_gmt":"2023-01-12T16:46:17","guid":{"rendered":"https:\/\/livinghome.vn\/thiet-bi\/?post_type=product&#038;p=2138"},"modified":"2024-11-29T14:20:33","modified_gmt":"2024-11-29T07:20:33","slug":"chau-rua-teka-forsquare-2b-790-be-lap-noi-da-thach-anh-mau-beige-79cm","status":"publish","type":"product","link":"https:\/\/livinghome.vn\/thiet-bi\/chau-rua-teka-forsquare-2b-790-be-lap-noi-da-thach-anh-mau-beige-79cm\/","title":{"rendered":"Ch\u1eadu r\u1eeda Teka FORSQUARE 2B 790 Be l\u1eafp n\u1ed5i \u0111\u00e1 th\u1ea1ch anh m\u00e0u beige 79cm"},"content":{"rendered":"<h2>Ch\u1eadu r\u1eeda Teka FORSQUARE 2B 790 Be l\u1eafp n\u1ed5i \u0111\u00e1 th\u1ea1ch anh xu\u1ea5t x\u1ee9 \u00dd<\/h2>\n<figure id=\"attachment_65570\" aria-describedby=\"caption-attachment-65570\" style=\"width: 800px\" class=\"wp-caption alignnone\"><img loading=\"lazy\" decoding=\"async\" class=\"size-large wp-image-65570\" src=\"https:\/\/livinghome.vn\/thiet-bi\/wp-content\/uploads\/nha-bep\/teka\/chau-rua\/chau-rua-teka-forsquare-2b-790-beige\/chau-rua-teka-forsquare-2b-790-beige-1-800x800.jpg\" alt=\"Ch\u1eadu r\u1eeda Teka FORSQUARE 2B 790 l\u1eafp n\u1ed5i \u0111\u00e1 th\u1ea1ch anh 79cm\" width=\"800\" height=\"800\" title=\"\"><figcaption id=\"caption-attachment-65570\" class=\"wp-caption-text\">Ch\u1eadu r\u1eeda Teka FORSQUARE 2B 790 Be l\u1eafp n\u1ed5i \u0111\u00e1 th\u1ea1ch anh 79cm<\/figcaption><\/figure>\n<h3><strong>T\u00ednh n\u0103ng c\u01a1 b\u1ea3n<\/strong><\/h3>\n<ul>\n<li><a href=\"https:\/\/livinghome.vn\/thiet-bi\/dung-cu-nha-bep\/chau-rua-chen\/\">Ch\u1eadu r\u1eeda<\/a> l\u1eafp n\u1ed5i<\/li>\n<li>Ki\u1ec3u d\u00e1ng 2 h\u1ed9c r\u1eeda<\/li>\n<li>Ch\u1ea5t li\u1ec7u \u0111\u00e1 th\u1ea1ch anh<\/li>\n<li>K\u00edch th\u01b0\u1edbc h\u1ed9c r\u1eeda: 343 x 395 x 200mm<\/li>\n<li>Gi\u1edbi h\u1ea1n h\u1ed9c t\u1ee7 d\u01b0\u1edbi &gt;80cm<\/li>\n<li>Ph\u1ee5 ki\u1ec7n: B\u1ed9 x\u1ea3 3\u00bd n\u00fat nh\u1ea5n pop-up v\u00e0 x\u1ea3 tr\u00e0n<\/li>\n<li>Xu\u1ea5t x\u1ee9 Italia<\/li>\n<\/ul>\n<figure id=\"attachment_65571\" aria-describedby=\"caption-attachment-65571\" style=\"width: 1020px\" class=\"wp-caption alignnone\"><img loading=\"lazy\" decoding=\"async\" class=\"size-large wp-image-65571\" src=\"https:\/\/livinghome.vn\/thiet-bi\/wp-content\/uploads\/nha-bep\/teka\/chau-rua\/chau-rua-teka-forsquare-2b-790-beige\/chau-rua-teka-forsquare-2b-790-beige-2-1067x800.jpg\" alt=\"Ch\u1eadu r\u1eeda Teka FORSQUARE 2B 790 l\u1eafp n\u1ed5i \u0111\u00e1 th\u1ea1ch anh 79cm\" width=\"1020\" height=\"765\" title=\"\"><figcaption id=\"caption-attachment-65571\" class=\"wp-caption-text\">Ch\u1eadu r\u1eeda Teka FORSQUARE 2B 790 ch\u1ea5t li\u1ec7u \u0111\u00e1 th\u1ea1ch anh cao c\u1ea5p<\/figcaption><\/figure>\n<h3><strong>Th\u00f4ng s\u1ed1 k\u1ef9 thu\u1eadt<\/strong><\/h3>\n<ul>\n<li><strong>S\u1ed1 l\u01b0\u1ee3ng l\u1ed7 b\u00edt:\u00a0<\/strong>Pre-Drilled<\/li>\n<li><strong>Lo\u1ea1i van l\u1ed7:\u00a0<\/strong>3\u00bd&#8221;<\/li>\n<li><strong>Khoang l\u00f2 (cm):\u00a0<\/strong>80<\/li>\n<\/ul>\n<h4 class=\"et_pb_toggle_title\">K\u00edch th\u01b0\u1edbc chung<\/h4>\n<div class=\"et_pb_toggle_content clearfix\">\n<ul>\n<li><strong>Chi\u1ec1u r\u1ed9ng (mm):\u00a0<\/strong>500<\/li>\n<li><strong>\u0110\u1ed9 s\u00e2u (mm):\u00a0<\/strong>200<\/li>\n<li><strong>Tr\u1ecdng l\u01b0\u1ee3ng (Kgs):\u00a0<\/strong>14,2<\/li>\n<\/ul>\n<h4 class=\"et_pb_toggle_title\">K\u00edch th\u01b0\u1edbc 2 b\u00e1t<\/h4>\n<div class=\"et_pb_toggle_content clearfix\">\n<ul>\n<li><strong>Chi\u1ec1u d\u00e0i b\u00e1t ch\u00ednh (mm):\u00a0<\/strong>343<\/li>\n<li><strong>Chi\u1ec1u r\u1ed9ng b\u00e1t ch\u00ednh (mm):\u00a0<\/strong>395<\/li>\n<li><strong>\u0110\u1ed9 s\u00e2u b\u00e1t ch\u00ednh (mm):\u00a0<\/strong>200<\/li>\n<\/ul>\n<\/div>\n<\/div>\n<h3><strong>Xu\u1ea5t x\u1ee9: \u00dd<\/strong><\/h3>\n","protected":false},"excerpt":{"rendered":"<div id=\"product-title\" class=\"et_pb_module et_pb_text et_pb_bg_layout_light et_pb_text_align_left\">\n<div class=\"et_pb_text_inner\">\n<div id=\"product-title\" class=\"et_pb_module et_pb_text et_pb_bg_layout_light et_pb_text_align_left\">\n<div class=\"et_pb_text_inner\">\n<h2 style=\"text-align: center;\"><strong>Ch\u1eadu r\u1eeda Teka FORSQUARE 2B 790 Be<\/strong><\/h2>\n<\/div>\n<\/div>\n<div class=\"et_pb_module et_pb_text et_pb_text_1 et_pb_bg_layout_light et_pb_text_align_left\">\n<div class=\"et_pb_text_inner\">\n<div id=\"product-content\">\n<p style=\"text-align: center;\">Ch\u1ea5t li\u1ec7u \u0111\u00e1 th\u1ea1ch anh<\/p>\n<p style=\"text-align: center;\">K\u00edch th\u01b0\u1edbc h\u1ed9c r\u1eeda: 343 x 395 x 200mm<\/p>\n<p style=\"text-align: center;\">Gi\u1edbi h\u1ea1n h\u1ed9c t\u1ee7 d\u01b0\u1edbi &gt;80cm<\/p>\n<p style=\"text-align: center;\">Xu\u1ea5t x\u1ee9: Italia<\/p>\n<\/div>\n<\/div>\n<\/div>\n<\/div>\n<\/div>\n","protected":false},"featured_media":2314,"comment_status":"open","ping_status":"closed","template":"","meta":[],"product_brand":[],"product_cat":[331,311],"product_tag":[148,288,335,332],"class_list":{"0":"post-2138","1":"product","2":"type-product","3":"status-publish","4":"has-post-thumbnail","6":"product_cat-chau-rua-chen-teka","7":"product_cat-thuong-hieu-teka","8":"product_tag-chau-rua-chen","9":"product_tag-chau-rua-chen-da","10":"product_tag-chau-rua-chen-lap-noi","11":"product_tag-chau-rua-chen-teka","13":"first","14":"instock","15":"sale","16":"shipping-taxable","17":"purchasable","18":"product-type-simple"},"_links":{"self":[{"href":"https:\/\/livinghome.vn\/thiet-bi\/wp-json\/wp\/v2\/product\/2138","targetHints":{"allow":["GET"]}}],"collection":[{"href":"https:\/\/livinghome.vn\/thiet-bi\/wp-json\/wp\/v2\/product"}],"about":[{"href":"https:\/\/livinghome.vn\/thiet-bi\/wp-json\/wp\/v2\/types\/product"}],"replies":[{"embeddable":true,"href":"https:\/\/livinghome.vn\/thiet-bi\/wp-json\/wp\/v2\/comments?post=2138"}],"wp:featuredmedia":[{"embeddable":true,"href":"https:\/\/livinghome.vn\/thiet-bi\/wp-json\/wp\/v2\/media\/2314"}],"wp:attachment":[{"href":"https:\/\/livinghome.vn\/thiet-bi\/wp-json\/wp\/v2\/media?parent=2138"}],"wp:term":[{"taxonomy":"product_brand","embeddable":true,"href":"https:\/\/livinghome.vn\/thiet-bi\/wp-json\/wp\/v2\/product_brand?post=2138"},{"taxonomy":"product_cat","embeddable":true,"href":"https:\/\/livinghome.vn\/thiet-bi\/wp-json\/wp\/v2\/product_cat?post=2138"},{"taxonomy":"product_tag","embeddable":true,"href":"https:\/\/livinghome.vn\/thiet-bi\/wp-json\/wp\/v2\/product_tag?post=2138"}],"curies":[{"name":"wp","href":"https:\/\/api.w.org\/{rel}","templated":true}]}}