{"id":21369,"date":"2024-05-03T17:05:58","date_gmt":"2024-05-03T10:05:58","guid":{"rendered":"https:\/\/livinghome.vn\/thiet-bi\/?post_type=product&#038;p=21369"},"modified":"2024-11-29T14:18:53","modified_gmt":"2024-11-29T07:18:53","slug":"bep-tu-malloca-mi-593-wn-kinh-am-3-tu","status":"publish","type":"product","link":"https:\/\/livinghome.vn\/thiet-bi\/bep-tu-malloca-mi-593-wn-kinh-am-3-tu\/","title":{"rendered":"B\u1ebfp T\u1eeb Malloca MI 593 WN K\u00ednh \u00c2m 3 T\u1eeb"},"content":{"rendered":"<h2>B\u1ebfp T\u1eeb Malloca MI 593 WN K\u00ednh \u00c2m 3 T\u1eeb<\/h2>\n<figure id=\"attachment_21378\" aria-describedby=\"caption-attachment-21378\" style=\"width: 900px\" class=\"wp-caption aligncenter\"><img loading=\"lazy\" decoding=\"async\" class=\"size-full wp-image-21378\" src=\"https:\/\/livinghome.vn\/thiet-bi\/wp-content\/uploads\/2024\/05\/bep-tu-malloca-mi-593-wn-3.jpg\" alt=\"B\u1ebfp T\u1eeb Malloca MI 593 WN K\u00ednh \u00c2m 3 T\u1eeb\" width=\"900\" height=\"900\" title=\"\" srcset=\"https:\/\/livinghome.vn\/thiet-bi\/wp-content\/uploads\/2024\/05\/bep-tu-malloca-mi-593-wn-3.jpg 900w, https:\/\/livinghome.vn\/thiet-bi\/wp-content\/uploads\/2024\/05\/bep-tu-malloca-mi-593-wn-3-400x400.jpg 400w, https:\/\/livinghome.vn\/thiet-bi\/wp-content\/uploads\/2024\/05\/bep-tu-malloca-mi-593-wn-3-800x800.jpg 800w, https:\/\/livinghome.vn\/thiet-bi\/wp-content\/uploads\/2024\/05\/bep-tu-malloca-mi-593-wn-3-280x280.jpg 280w, https:\/\/livinghome.vn\/thiet-bi\/wp-content\/uploads\/2024\/05\/bep-tu-malloca-mi-593-wn-3-768x768.jpg 768w, https:\/\/livinghome.vn\/thiet-bi\/wp-content\/uploads\/2024\/05\/bep-tu-malloca-mi-593-wn-3-300x300.jpg 300w, https:\/\/livinghome.vn\/thiet-bi\/wp-content\/uploads\/2024\/05\/bep-tu-malloca-mi-593-wn-3-600x600.jpg 600w, https:\/\/livinghome.vn\/thiet-bi\/wp-content\/uploads\/2024\/05\/bep-tu-malloca-mi-593-wn-3-100x100.jpg 100w\" sizes=\"auto, (max-width: 900px) 100vw, 900px\" \/><figcaption id=\"caption-attachment-21378\" class=\"wp-caption-text\">B\u1ebfp T\u1eeb Malloca MI 593 WN K\u00ednh \u00c2m 3 T\u1eeb<\/figcaption><\/figure>\n<h3>T\u00ednh n\u0103ng c\u01a1 b\u1ea3n<\/h3>\n<p>B\u1ebfp k\u00ednh \u00e2m 3 t\u1eeb<\/p>\n<p>M\u1eb7t k\u00ednh Schott Ceran \u2013 m\u00e0u tr\u1eafng<\/p>\n<p>\u0110i\u1ec1u khi\u1ec3n c\u1ea3m \u1ee9ng<\/p>\n<h3>Th\u00f4ng s\u1ed1 k\u1ef9 thu\u1eadt<\/h3>\n<p>C\u00f4ng su\u1ea5t: 3.6kW + 2.0kW + 1.6kW<\/p>\n<p>(\u00d8 300) + (\u00d8 200) + (\u00d8 160)<\/p>\n<p>T\u1ed5ng c\u00f4ng su\u1ea5t: 6.0 kW<\/p>\n<p>\u0110i\u1ec7n \u00e1p: 220-240V~50\/60Hz<\/p>\n<p>K\u00edch th\u01b0\u1edbc b\u1ebfp: W590 x D520 x H63mm<\/p>\n<p>K\u00edch th\u01b0\u1edbc l\u1ed7 \u0111\u00e1: W545 x D490 mm<\/p>\n<figure id=\"attachment_21377\" aria-describedby=\"caption-attachment-21377\" style=\"width: 900px\" class=\"wp-caption aligncenter\"><img loading=\"lazy\" decoding=\"async\" class=\"size-full wp-image-21377\" src=\"https:\/\/livinghome.vn\/thiet-bi\/wp-content\/uploads\/2024\/05\/bep-tu-malloca-mi-593-wn-2.jpg\" alt=\"B\u1ebfp T\u1eeb Malloca MI 593 WN K\u00ednh \u00c2m 3 T\u1eeb\" width=\"900\" height=\"900\" title=\"\" srcset=\"https:\/\/livinghome.vn\/thiet-bi\/wp-content\/uploads\/2024\/05\/bep-tu-malloca-mi-593-wn-2.jpg 900w, https:\/\/livinghome.vn\/thiet-bi\/wp-content\/uploads\/2024\/05\/bep-tu-malloca-mi-593-wn-2-400x400.jpg 400w, https:\/\/livinghome.vn\/thiet-bi\/wp-content\/uploads\/2024\/05\/bep-tu-malloca-mi-593-wn-2-800x800.jpg 800w, https:\/\/livinghome.vn\/thiet-bi\/wp-content\/uploads\/2024\/05\/bep-tu-malloca-mi-593-wn-2-280x280.jpg 280w, https:\/\/livinghome.vn\/thiet-bi\/wp-content\/uploads\/2024\/05\/bep-tu-malloca-mi-593-wn-2-768x768.jpg 768w, https:\/\/livinghome.vn\/thiet-bi\/wp-content\/uploads\/2024\/05\/bep-tu-malloca-mi-593-wn-2-300x300.jpg 300w, https:\/\/livinghome.vn\/thiet-bi\/wp-content\/uploads\/2024\/05\/bep-tu-malloca-mi-593-wn-2-600x600.jpg 600w, https:\/\/livinghome.vn\/thiet-bi\/wp-content\/uploads\/2024\/05\/bep-tu-malloca-mi-593-wn-2-100x100.jpg 100w\" sizes=\"auto, (max-width: 900px) 100vw, 900px\" \/><figcaption id=\"caption-attachment-21377\" class=\"wp-caption-text\">B\u1ebfp T\u1eeb Malloca MI 593 WN K\u00ednh \u00c2m 3 T\u1eeb<\/figcaption><\/figure>\n<h3>Xu\u1ea5t x\u1ee9: T\u00e2y Ban Nha<\/h3>\n","protected":false},"excerpt":{"rendered":"<h2>B\u1ebfp T\u1eeb Malloca MI 593 WN K\u00ednh \u00c2m 3 T\u1eeb<\/h2>\n<ul>\n<li>B\u1ebfp k\u00ednh \u00e2m 3 t\u1eeb<\/li>\n<li>C\u00f4ng su\u1ea5t: 3.6kW &#8211; 2.0kW &#8211; 1.6kW<\/li>\n<li>T\u1ed5ng c\u00f4ng su\u1ea5t: 6kW<\/li>\n<li>KT: W590 x D520 x H63mm<\/li>\n<li>KT l\u1ed7 \u0111\u00e1: W545 x D490mm<\/li>\n<\/ul>\n","protected":false},"featured_media":21376,"comment_status":"open","ping_status":"closed","template":"","meta":[],"product_brand":[],"product_cat":[868,75,720],"product_tag":[76,266],"class_list":{"0":"post-21369","1":"product","2":"type-product","3":"status-publish","4":"has-post-thumbnail","6":"product_cat-bep-3-tu","7":"product_cat-bep-tu","8":"product_cat-bep-tu-malloca","9":"product_tag-bep-tu","10":"product_tag-bep-tu-malloca","12":"first","13":"instock","14":"sale","15":"shipping-taxable","16":"purchasable","17":"product-type-simple"},"_links":{"self":[{"href":"https:\/\/livinghome.vn\/thiet-bi\/wp-json\/wp\/v2\/product\/21369","targetHints":{"allow":["GET"]}}],"collection":[{"href":"https:\/\/livinghome.vn\/thiet-bi\/wp-json\/wp\/v2\/product"}],"about":[{"href":"https:\/\/livinghome.vn\/thiet-bi\/wp-json\/wp\/v2\/types\/product"}],"replies":[{"embeddable":true,"href":"https:\/\/livinghome.vn\/thiet-bi\/wp-json\/wp\/v2\/comments?post=21369"}],"wp:featuredmedia":[{"embeddable":true,"href":"https:\/\/livinghome.vn\/thiet-bi\/wp-json\/wp\/v2\/media\/21376"}],"wp:attachment":[{"href":"https:\/\/livinghome.vn\/thiet-bi\/wp-json\/wp\/v2\/media?parent=21369"}],"wp:term":[{"taxonomy":"product_brand","embeddable":true,"href":"https:\/\/livinghome.vn\/thiet-bi\/wp-json\/wp\/v2\/product_brand?post=21369"},{"taxonomy":"product_cat","embeddable":true,"href":"https:\/\/livinghome.vn\/thiet-bi\/wp-json\/wp\/v2\/product_cat?post=21369"},{"taxonomy":"product_tag","embeddable":true,"href":"https:\/\/livinghome.vn\/thiet-bi\/wp-json\/wp\/v2\/product_tag?post=21369"}],"curies":[{"name":"wp","href":"https:\/\/api.w.org\/{rel}","templated":true}]}}