{"id":21368,"date":"2024-05-03T16:23:52","date_gmt":"2024-05-03T09:23:52","guid":{"rendered":"https:\/\/livinghome.vn\/thiet-bi\/?post_type=product&#038;p=21368"},"modified":"2025-07-24T01:11:18","modified_gmt":"2025-07-23T18:11:18","slug":"may-rua-chen-tomate-tom-7605-w16f","status":"publish","type":"product","link":"https:\/\/livinghome.vn\/thiet-bi\/may-rua-chen-tomate-tom-7605-w16f\/","title":{"rendered":"M\u00e1y R\u1eeda Ch\u00e9n Tomate TOM 7605-W16F"},"content":{"rendered":"<h2>Gi\u1edbi thi\u1ec7u m<span style=\"font-weight: 400;\">\u00e1y r\u1eeda ch\u00e9n Tomate TOM 7605-W16F<\/span><\/h2>\n<p><span style=\"font-weight: 400;\">M\u00e1y r\u1eeda b\u00e1t \u0111\u1ed9c l\u1eadp 15 b\u1ed9 Tomate TOM 7605-W16F v\u1edbi thi\u1ebft k\u1ebf linh ho\u1ea1t l\u1eafp \u0111\u1eb7t \u0111\u1ed9c l\u1eadp ho\u1eb7c \u00e2m t\u1ee7. C\u00f3 kh\u1ea3 n\u0103ng ch\u1ee9a 15 b\u1ed9 \u0111\u1ed3 \u0103n v\u00e0 s\u1eed d\u1ee5ng m\u00e0n h\u00ecnh LED th\u00f4ng minh c\u00f9ng \u0111i\u1ec1u khi\u1ec3n c\u1ea3m \u1ee9ng ti\u1ec7n l\u1ee3i. V\u1edbi 6+7 ch\u01b0\u01a1ng tr\u00ecnh r\u1eeda \u0111a d\u1ea1ng, \u0111\u00e2y l\u00e0 s\u1ef1 l\u1ef1a ch\u1ecdn ho\u00e0n h\u1ea3o cho vi\u1ec7c r\u1eeda b\u00e1t \u0111\u0129a d\u1ec5 d\u00e0ng v\u00e0 hi\u1ec7u qu\u1ea3.\u00a0<\/span><\/p>\n<p><img loading=\"lazy\" decoding=\"async\" class=\"alignnone size-full wp-image-21371\" src=\"https:\/\/livinghome.vn\/thiet-bi\/wp-content\/uploads\/2024\/05\/may-rua-chen-tomate-tom-7605-w16f-1.jpg\" alt=\"M\u00e1y R\u1eeda Ch\u00e9n Tomate TOM 7605-W16F\" width=\"1200\" height=\"900\" title=\"\" srcset=\"https:\/\/livinghome.vn\/thiet-bi\/wp-content\/uploads\/2024\/05\/may-rua-chen-tomate-tom-7605-w16f-1.jpg 1200w, https:\/\/livinghome.vn\/thiet-bi\/wp-content\/uploads\/2024\/05\/may-rua-chen-tomate-tom-7605-w16f-1-533x400.jpg 533w, https:\/\/livinghome.vn\/thiet-bi\/wp-content\/uploads\/2024\/05\/may-rua-chen-tomate-tom-7605-w16f-1-1067x800.jpg 1067w, https:\/\/livinghome.vn\/thiet-bi\/wp-content\/uploads\/2024\/05\/may-rua-chen-tomate-tom-7605-w16f-1-768x576.jpg 768w, https:\/\/livinghome.vn\/thiet-bi\/wp-content\/uploads\/2024\/05\/may-rua-chen-tomate-tom-7605-w16f-1-600x450.jpg 600w\" sizes=\"auto, (max-width: 1200px) 100vw, 1200px\" \/><\/p>\n<h2><span style=\"font-weight: 400;\">Chi ti\u1ebft s\u1ea3n ph\u1ea9m<\/span><\/h2>\n<p><span style=\"font-weight: 400;\">Thi\u1ebft k\u1ebf \u0111\u1ed9c l\u1eadp ho\u1eb7c \u00e2m t\u1ee7.<\/span><\/p>\n<p><span style=\"font-weight: 400;\">S\u1ee9c ch\u1ee9a: 15 b\u1ed9 \u0111\u1ed3 \u0103n, g\u1ed3m 3 ng\u0103n ch\u1ee9a.<\/span><\/p>\n<p><span style=\"font-weight: 400;\">M\u00e0n h\u00ecnh hi\u1ec3n th\u1ecb: M\u00e0n h\u00ecnh LED tr\u1eafng, thi\u1ebft k\u1ebf sang tr\u1ecdng.<\/span><\/p>\n<p><span style=\"font-weight: 400;\">\u0110i\u1ec1u khi\u1ec3n c\u1ea3m \u1ee9ng.<\/span><\/p>\n<p><span style=\"font-weight: 400;\">Ch\u01b0\u01a1ng tr\u00ecnh r\u1eeda (6+7) bao g\u1ed3m:<\/span><\/p>\n<ul>\n<li style=\"font-weight: 400;\"><span style=\"font-weight: 400;\">Auto Wash: Ch\u1ebf \u0111\u1ed9 r\u1eeda t\u1ef1 \u0111\u1ed9ng.<\/span><\/li>\n<li style=\"font-weight: 400;\"><span style=\"font-weight: 400;\">Eco Wash: Ch\u1ebf \u0111\u1ed9 r\u1eeda ti\u1ebft ki\u1ec7m n\u0103ng l\u01b0\u1ee3ng v\u00e0 n\u01b0\u1edbc.<\/span><\/li>\n<li style=\"font-weight: 400;\"><span style=\"font-weight: 400;\">Rapid Wash: Ch\u1ebf \u0111\u1ed9 r\u1eeda nhanh.<\/span><\/li>\n<li style=\"font-weight: 400;\"><span style=\"font-weight: 400;\">Intensive Wash: Ch\u1ebf \u0111\u1ed9 r\u1eeda m\u1ea1nh.<\/span><\/li>\n<li style=\"font-weight: 400;\"><span style=\"font-weight: 400;\">Normal Wash: Ch\u1ebf \u0111\u1ed9 r\u1eeda th\u00f4ng th\u01b0\u1eddng.<\/span><\/li>\n<li style=\"font-weight: 400;\"><span style=\"font-weight: 400;\">Express Wash: Ch\u1ebf \u0111\u1ed9 r\u1eeda nhanh t\u0103ng c\u01b0\u1eddng.\u00a0<\/span><\/li>\n<li style=\"font-weight: 400;\"><span style=\"font-weight: 400;\">Hygiene Wash: Ch\u1ebf \u0111\u1ed9 r\u1eeda kh\u1eed khu\u1ea9n.<\/span><\/li>\n<li style=\"font-weight: 400;\"><span style=\"font-weight: 400;\">Alternative Wash: Ch\u1ecdn l\u1ef1a c\u00e1c ph\u01b0\u01a1ng ph\u00e1p r\u1eeda kh\u00e1c nhau.<\/span><\/li>\n<li style=\"font-weight: 400;\"><span style=\"font-weight: 400;\">Extra Wash: Ch\u1ebf \u0111\u1ed9 r\u1eeda t\u0103ng c\u01b0\u1eddng.<\/span><\/li>\n<li style=\"font-weight: 400;\"><span style=\"font-weight: 400;\">Extra Drying: S\u1ea5y t\u0103ng c\u01b0\u1eddng.<\/span><\/li>\n<li style=\"font-weight: 400;\"><span style=\"font-weight: 400;\">Bacteriostatic storage: Ch\u1ebf \u0111\u1ed9 b\u1ea3o qu\u1ea3n kh\u00e1ng khu\u1ea9n.<\/span><\/li>\n<li style=\"font-weight: 400;\"><span style=\"font-weight: 400;\">Child lock: Ch\u1ebf \u0111\u1ed9 kh\u00f3a tr\u1ebb em.<\/span><\/li>\n<li style=\"font-weight: 400;\"><span style=\"font-weight: 400;\">Delay start: Ch\u1ebf \u0111\u1ed9 tr\u00ec ho\u00e3n kh\u1edfi \u0111\u1ed9ng.<\/span><\/li>\n<\/ul>\n<p><img loading=\"lazy\" decoding=\"async\" class=\"alignnone size-full wp-image-21372\" src=\"https:\/\/livinghome.vn\/thiet-bi\/wp-content\/uploads\/2024\/05\/may-rua-chen-tomate-tom-7605-w16f-2.jpg\" alt=\"M\u00e1y R\u1eeda Ch\u00e9n Tomate TOM 7605-W16F\" width=\"1200\" height=\"900\" title=\"\" srcset=\"https:\/\/livinghome.vn\/thiet-bi\/wp-content\/uploads\/2024\/05\/may-rua-chen-tomate-tom-7605-w16f-2.jpg 1200w, https:\/\/livinghome.vn\/thiet-bi\/wp-content\/uploads\/2024\/05\/may-rua-chen-tomate-tom-7605-w16f-2-533x400.jpg 533w, https:\/\/livinghome.vn\/thiet-bi\/wp-content\/uploads\/2024\/05\/may-rua-chen-tomate-tom-7605-w16f-2-1067x800.jpg 1067w, https:\/\/livinghome.vn\/thiet-bi\/wp-content\/uploads\/2024\/05\/may-rua-chen-tomate-tom-7605-w16f-2-768x576.jpg 768w, https:\/\/livinghome.vn\/thiet-bi\/wp-content\/uploads\/2024\/05\/may-rua-chen-tomate-tom-7605-w16f-2-600x450.jpg 600w\" sizes=\"auto, (max-width: 1200px) 100vw, 1200px\" \/><\/p>\n<h2><span style=\"font-weight: 400;\">C\u00f4ng ngh\u1ec7 ti\u00ean ti\u1ebfn<\/span><\/h2>\n<ul>\n<li style=\"font-weight: 400;\"><span style=\"font-weight: 400;\">H\u1ec7 th\u1ed1ng s\u1ea5y <\/span><b>PTC b\u1eb1ng kh\u00f4ng kh\u00ed n\u00f3ng.<\/b><\/li>\n<li style=\"font-weight: 400;\"><span style=\"font-weight: 400;\">H\u1ec7 th\u1ed1ng l\u00e0m kh\u00f4 hi\u1ec7u qu\u1ea3 Ecotech.<\/span><\/li>\n<li style=\"font-weight: 400;\"><span style=\"font-weight: 400;\">H\u1ec7 th\u1ed1ng th\u00f4ng gi\u00f3 m\u1edbi<\/span><\/li>\n<li style=\"font-weight: 400;\"><span style=\"font-weight: 400;\">H\u1ec7 th\u1ed1ng x\u1eed l\u00fd n\u01b0\u1edbc m\u1ec1m <\/span><b>Enmetec GmbH (Germany)<\/b><\/li>\n<li style=\"font-weight: 400;\"><span style=\"font-weight: 400;\">C\u1ea3m bi\u1ebfn \u0111\u1ee5c<\/span><b> MURR (Germany):<\/b><span style=\"font-weight: 400;\"> x\u00e1c \u0111\u1ecbnh m\u1ee9c \u0111\u1ed9 b\u1ea9n c\u1ee7a n\u01b0\u1edbc<\/span><\/li>\n<li style=\"font-weight: 400;\"><span style=\"font-weight: 400;\">\u0110\u1ed9ng c\u01a1 bi\u1ebfn t\u1ea7n<\/span><\/li>\n<li style=\"font-weight: 400;\"><span style=\"font-weight: 400;\">Di\u1ec7t khu\u1ea9n \u1edf nhi\u1ec7t \u0111\u1ed9 cao 72\u00b0C<\/span><\/li>\n<li style=\"font-weight: 400;\"><span style=\"font-weight: 400;\">Di\u1ec7t khu\u1ea9n b\u1eb1ng \u00e1nh s\u00e1ng UV<\/span><\/li>\n<li style=\"font-weight: 400;\"><span style=\"font-weight: 400;\">B\u1ea3o v\u1ec7 tr\u00e0n v\u00e0 ch\u1ed1ng r\u00f2 r\u1ec9.<\/span><\/li>\n<li style=\"font-weight: 400;\"><span style=\"font-weight: 400;\">WIFI-Home Connect (\u0110i\u1ec1u khi\u1ec3n qua app tr\u00ean smart phone).<\/span><\/li>\n<\/ul>\n<p><img loading=\"lazy\" decoding=\"async\" class=\"alignnone size-full wp-image-21373\" src=\"https:\/\/livinghome.vn\/thiet-bi\/wp-content\/uploads\/2024\/05\/may-rua-chen-tomate-tom-7605-w16f-4.jpg\" alt=\"M\u00e1y R\u1eeda Ch\u00e9n Tomate TOM 7605-W16F\" width=\"1200\" height=\"900\" title=\"\" srcset=\"https:\/\/livinghome.vn\/thiet-bi\/wp-content\/uploads\/2024\/05\/may-rua-chen-tomate-tom-7605-w16f-4.jpg 1200w, https:\/\/livinghome.vn\/thiet-bi\/wp-content\/uploads\/2024\/05\/may-rua-chen-tomate-tom-7605-w16f-4-533x400.jpg 533w, https:\/\/livinghome.vn\/thiet-bi\/wp-content\/uploads\/2024\/05\/may-rua-chen-tomate-tom-7605-w16f-4-1067x800.jpg 1067w, https:\/\/livinghome.vn\/thiet-bi\/wp-content\/uploads\/2024\/05\/may-rua-chen-tomate-tom-7605-w16f-4-768x576.jpg 768w, https:\/\/livinghome.vn\/thiet-bi\/wp-content\/uploads\/2024\/05\/may-rua-chen-tomate-tom-7605-w16f-4-600x450.jpg 600w\" sizes=\"auto, (max-width: 1200px) 100vw, 1200px\" \/><\/p>\n<h2><span style=\"font-weight: 400;\">Th\u00f4ng s\u1ed1 k\u1ef7 thu\u1eadt<\/span><\/h2>\n<ul>\n<li style=\"font-weight: 400;\"><span style=\"font-weight: 400;\">C\u00f4ng su\u1ea5t \u0111\u1ecbnh m\u1ee9c: 1800W<\/span><\/li>\n<li style=\"font-weight: 400;\"><span style=\"font-weight: 400;\">\u0110i\u1ec7n \u00e1p\/ T\u1ea7n s\u1ed1: 220V\/50HZ<\/span><\/li>\n<li style=\"font-weight: 400;\"><span style=\"font-weight: 400;\">L\u01b0\u1ee3ng n\u01b0\u1edbc ti\u00eau th\u1ee5: 11.1 L\/l\u1ea7n r\u1eeda<\/span><\/li>\n<li style=\"font-weight: 400;\"><span style=\"font-weight: 400;\">Ti\u00eau th\u1ee5 n\u0103ng l\u01b0\u1ee3ng: 0.82\u00a0 kW.h\/l\u1ea7n r\u1eeda<\/span><\/li>\n<li style=\"font-weight: 400;\"><span style=\"font-weight: 400;\">Ch\u1ec9 s\u1ed1 hi\u1ec7u qu\u1ea3 n\u0103ng l\u01b0\u1ee3ng: 1<\/span><\/li>\n<li style=\"font-weight: 400;\"><span style=\"font-weight: 400;\">\u0110\u1ed9 \u1ed3n : 47dB<\/span><\/li>\n<li style=\"font-weight: 400;\"><span style=\"font-weight: 400;\">K\u00edch th\u01b0\u1edbc: W598 x D511 x H765mm<\/span><\/li>\n<\/ul>\n<p><img loading=\"lazy\" decoding=\"async\" class=\"alignnone size-full wp-image-21374\" src=\"https:\/\/livinghome.vn\/thiet-bi\/wp-content\/uploads\/2024\/05\/may-rua-chen-tomate-tom-7605-w16f-3.jpg\" alt=\"M\u00e1y R\u1eeda Ch\u00e9n Tomate TOM 7605-W16F\" width=\"1200\" height=\"900\" title=\"\" srcset=\"https:\/\/livinghome.vn\/thiet-bi\/wp-content\/uploads\/2024\/05\/may-rua-chen-tomate-tom-7605-w16f-3.jpg 1200w, https:\/\/livinghome.vn\/thiet-bi\/wp-content\/uploads\/2024\/05\/may-rua-chen-tomate-tom-7605-w16f-3-533x400.jpg 533w, https:\/\/livinghome.vn\/thiet-bi\/wp-content\/uploads\/2024\/05\/may-rua-chen-tomate-tom-7605-w16f-3-1067x800.jpg 1067w, https:\/\/livinghome.vn\/thiet-bi\/wp-content\/uploads\/2024\/05\/may-rua-chen-tomate-tom-7605-w16f-3-768x576.jpg 768w, https:\/\/livinghome.vn\/thiet-bi\/wp-content\/uploads\/2024\/05\/may-rua-chen-tomate-tom-7605-w16f-3-600x450.jpg 600w\" sizes=\"auto, (max-width: 1200px) 100vw, 1200px\" \/><\/p>\n","protected":false},"excerpt":{"rendered":"<ul>\n<li style=\"font-weight: 400;\"><span style=\"font-weight: 400;\">C\u00f4ng su\u1ea5t \u0111\u1ecbnh m\u1ee9c: 1800W<\/span><\/li>\n<li style=\"font-weight: 400;\"><span style=\"font-weight: 400;\">\u0110i\u1ec7n \u00e1p\/ T\u1ea7n s\u1ed1: 220V\/50HZ<\/span><\/li>\n<li style=\"font-weight: 400;\"><span style=\"font-weight: 400;\">L\u01b0\u1ee3ng n\u01b0\u1edbc ti\u00eau th\u1ee5: 11.1 L\/l\u1ea7n r\u1eeda<\/span><\/li>\n<li style=\"font-weight: 400;\"><span style=\"font-weight: 400;\">Ti\u00eau th\u1ee5 n\u0103ng l\u01b0\u1ee3ng: 0.82\u00a0 kW.h\/l\u1ea7n r\u1eeda<\/span><\/li>\n<li style=\"font-weight: 400;\"><span style=\"font-weight: 400;\">Ch\u1ec9 s\u1ed1 hi\u1ec7u qu\u1ea3 n\u0103ng l\u01b0\u1ee3ng: 1<\/span><\/li>\n<li style=\"font-weight: 400;\"><span style=\"font-weight: 400;\">\u0110\u1ed9 \u1ed3n : 47dB<\/span><\/li>\n<li style=\"font-weight: 400;\"><span style=\"font-weight: 400;\">K\u00edch th\u01b0\u1edbc: W598 x D511 x H765mm<\/span><\/li>\n<\/ul>\n","protected":false},"featured_media":21370,"comment_status":"open","ping_status":"closed","template":"","meta":[],"product_brand":[],"product_cat":[92,824,828,867,826,611,71,364],"product_tag":[93,577,137,205,371,372],"class_list":{"0":"post-21368","1":"product","2":"type-product","3":"status-publish","4":"has-post-thumbnail","6":"product_cat-may-rua-chen-bat","7":"product_cat-may-rua-chen-bat-15-bo","8":"product_cat-may-rua-chen-bat-am-tu","9":"product_cat-may-rua-chen-bat-chau-au","10":"product_cat-may-rua-chen-bat-doc-lap","11":"product_cat-may-rua-chen-bat-tomate","12":"product_cat-thuong-hieu","13":"product_cat-thuong-hieu-tomate","14":"product_tag-may-rua-chen","15":"product_tag-may-rua-chen-15-bo","16":"product_tag-may-rua-chen-am-tu","17":"product_tag-may-rua-chen-doc-lap","18":"product_tag-may-rua-chen-tomate","19":"product_tag-tomate","21":"first","22":"instock","23":"sale","24":"shipping-taxable","25":"purchasable","26":"product-type-simple"},"_links":{"self":[{"href":"https:\/\/livinghome.vn\/thiet-bi\/wp-json\/wp\/v2\/product\/21368","targetHints":{"allow":["GET"]}}],"collection":[{"href":"https:\/\/livinghome.vn\/thiet-bi\/wp-json\/wp\/v2\/product"}],"about":[{"href":"https:\/\/livinghome.vn\/thiet-bi\/wp-json\/wp\/v2\/types\/product"}],"replies":[{"embeddable":true,"href":"https:\/\/livinghome.vn\/thiet-bi\/wp-json\/wp\/v2\/comments?post=21368"}],"wp:featuredmedia":[{"embeddable":true,"href":"https:\/\/livinghome.vn\/thiet-bi\/wp-json\/wp\/v2\/media\/21370"}],"wp:attachment":[{"href":"https:\/\/livinghome.vn\/thiet-bi\/wp-json\/wp\/v2\/media?parent=21368"}],"wp:term":[{"taxonomy":"product_brand","embeddable":true,"href":"https:\/\/livinghome.vn\/thiet-bi\/wp-json\/wp\/v2\/product_brand?post=21368"},{"taxonomy":"product_cat","embeddable":true,"href":"https:\/\/livinghome.vn\/thiet-bi\/wp-json\/wp\/v2\/product_cat?post=21368"},{"taxonomy":"product_tag","embeddable":true,"href":"https:\/\/livinghome.vn\/thiet-bi\/wp-json\/wp\/v2\/product_tag?post=21368"}],"curies":[{"name":"wp","href":"https:\/\/api.w.org\/{rel}","templated":true}]}}