{"id":21362,"date":"2024-05-03T16:05:03","date_gmt":"2024-05-03T09:05:03","guid":{"rendered":"https:\/\/livinghome.vn\/thiet-bi\/?post_type=product&#038;p=21362"},"modified":"2024-11-29T14:18:53","modified_gmt":"2024-11-29T07:18:53","slug":"may-hut-mui-malloca-h342-9-tc-90cm","status":"publish","type":"product","link":"https:\/\/livinghome.vn\/thiet-bi\/may-hut-mui-malloca-h342-9-tc-90cm\/","title":{"rendered":"M\u00e1y H\u00fat M\u00f9i Malloca H342.9 TC, 90CM, 500 m3\/h, Inox K\u00ednh"},"content":{"rendered":"<h2>M\u00e1y H\u00fat Kh\u00f3i Kh\u1eed M\u00f9i Malloca H342.9 TC M\u1eb7t k\u00ednh C\u1ea3m \u1ee8ng<\/h2>\n<figure id=\"attachment_22192\" aria-describedby=\"caption-attachment-22192\" style=\"width: 800px\" class=\"wp-caption alignnone\"><img loading=\"lazy\" decoding=\"async\" class=\"size-full wp-image-22192\" src=\"https:\/\/livinghome.vn\/thiet-bi\/wp-content\/uploads\/2024\/05\/malloca-h342-9-tc-4.jpg\" alt=\"M\u00e1y H\u00fat M\u00f9i Malloca H342.9 TC, 90CM, 500 m3\/h, Inox K\u00ednh\" width=\"800\" height=\"800\" title=\"\" srcset=\"https:\/\/livinghome.vn\/thiet-bi\/wp-content\/uploads\/2024\/05\/malloca-h342-9-tc-4.jpg 800w, https:\/\/livinghome.vn\/thiet-bi\/wp-content\/uploads\/2024\/05\/malloca-h342-9-tc-4-400x400.jpg 400w, https:\/\/livinghome.vn\/thiet-bi\/wp-content\/uploads\/2024\/05\/malloca-h342-9-tc-4-280x280.jpg 280w, https:\/\/livinghome.vn\/thiet-bi\/wp-content\/uploads\/2024\/05\/malloca-h342-9-tc-4-768x768.jpg 768w, https:\/\/livinghome.vn\/thiet-bi\/wp-content\/uploads\/2024\/05\/malloca-h342-9-tc-4-300x300.jpg 300w, https:\/\/livinghome.vn\/thiet-bi\/wp-content\/uploads\/2024\/05\/malloca-h342-9-tc-4-600x600.jpg 600w, https:\/\/livinghome.vn\/thiet-bi\/wp-content\/uploads\/2024\/05\/malloca-h342-9-tc-4-100x100.jpg 100w\" sizes=\"auto, (max-width: 800px) 100vw, 800px\" \/><figcaption id=\"caption-attachment-22192\" class=\"wp-caption-text\">M\u00e1y H\u00fat M\u00f9i Malloca H342.9 TC, 90CM, 500 m3\/h, Inox K\u00ednh thi\u1ebft k\u1ebf \u0111\u1eb9p t\u00ednh t\u1ebf b\u1ec1n \u0111\u1eb9p theo th\u1eddi gian<\/figcaption><\/figure>\n<h3>T\u00ednh n\u0103ng c\u01a1 b\u1ea3n<\/h3>\n<ul>\n<li>M\u00e1y h\u00fat kh\u00f3i d\u1ea1ng Classic<\/li>\n<li>Ch\u1ea5t li\u1ec7u: Inox, k\u00ednh \u0111en<\/li>\n<li>\u0110i\u1ec1u khi\u1ec3n c\u1ea3m \u1ee9ng<\/li>\n<\/ul>\n<figure id=\"attachment_22195\" aria-describedby=\"caption-attachment-22195\" style=\"width: 800px\" class=\"wp-caption alignnone\"><img loading=\"lazy\" decoding=\"async\" class=\"size-full wp-image-22195\" src=\"https:\/\/livinghome.vn\/thiet-bi\/wp-content\/uploads\/2024\/05\/malloca-h342-9-tc-2.jpg\" alt=\"M\u00e1y H\u00fat M\u00f9i Malloca H342.9 TC, 90CM, 500 m3\/h, Inox K\u00ednh\" width=\"800\" height=\"800\" title=\"\" srcset=\"https:\/\/livinghome.vn\/thiet-bi\/wp-content\/uploads\/2024\/05\/malloca-h342-9-tc-2.jpg 800w, https:\/\/livinghome.vn\/thiet-bi\/wp-content\/uploads\/2024\/05\/malloca-h342-9-tc-2-400x400.jpg 400w, https:\/\/livinghome.vn\/thiet-bi\/wp-content\/uploads\/2024\/05\/malloca-h342-9-tc-2-280x280.jpg 280w, https:\/\/livinghome.vn\/thiet-bi\/wp-content\/uploads\/2024\/05\/malloca-h342-9-tc-2-768x768.jpg 768w, https:\/\/livinghome.vn\/thiet-bi\/wp-content\/uploads\/2024\/05\/malloca-h342-9-tc-2-300x300.jpg 300w, https:\/\/livinghome.vn\/thiet-bi\/wp-content\/uploads\/2024\/05\/malloca-h342-9-tc-2-600x600.jpg 600w, https:\/\/livinghome.vn\/thiet-bi\/wp-content\/uploads\/2024\/05\/malloca-h342-9-tc-2-100x100.jpg 100w\" sizes=\"auto, (max-width: 800px) 100vw, 800px\" \/><figcaption id=\"caption-attachment-22195\" class=\"wp-caption-text\">M\u00e1y H\u00fat M\u00f9i Malloca H342.9 TC s\u1edf h\u1eefu l\u01b0\u1edbi l\u1ecdc nh\u00f4m<\/figcaption><\/figure>\n<h3>Th\u00f4ng s\u1ed1 k\u1ef9 thu\u1eadt<\/h3>\n<ul>\n<li>C\u00f4ng su\u1ea5t h\u00fat 500 m3\/h<\/li>\n<li>\u0110\u1ed9 \u1ed3n: &lt;59dB<\/li>\n<li>C\u00f4ng Su\u1ea5t: 200W (2 Motors)<\/li>\n<li>K\u00edch th\u01b0\u1edbc: W900 x D500 x H130mm<\/li>\n<\/ul>\n<figure id=\"attachment_22194\" aria-describedby=\"caption-attachment-22194\" style=\"width: 800px\" class=\"wp-caption alignnone\"><img loading=\"lazy\" decoding=\"async\" class=\"size-full wp-image-22194\" src=\"https:\/\/livinghome.vn\/thiet-bi\/wp-content\/uploads\/2024\/05\/malloca-h342-9-tc-1.jpg\" alt=\"M\u00e1y H\u00fat M\u00f9i Malloca H342.9 TC, 90CM, 500 m3\/h, Inox K\u00ednh\" width=\"800\" height=\"800\" title=\"\" srcset=\"https:\/\/livinghome.vn\/thiet-bi\/wp-content\/uploads\/2024\/05\/malloca-h342-9-tc-1.jpg 800w, https:\/\/livinghome.vn\/thiet-bi\/wp-content\/uploads\/2024\/05\/malloca-h342-9-tc-1-400x400.jpg 400w, https:\/\/livinghome.vn\/thiet-bi\/wp-content\/uploads\/2024\/05\/malloca-h342-9-tc-1-280x280.jpg 280w, https:\/\/livinghome.vn\/thiet-bi\/wp-content\/uploads\/2024\/05\/malloca-h342-9-tc-1-768x768.jpg 768w, https:\/\/livinghome.vn\/thiet-bi\/wp-content\/uploads\/2024\/05\/malloca-h342-9-tc-1-300x300.jpg 300w, https:\/\/livinghome.vn\/thiet-bi\/wp-content\/uploads\/2024\/05\/malloca-h342-9-tc-1-600x600.jpg 600w, https:\/\/livinghome.vn\/thiet-bi\/wp-content\/uploads\/2024\/05\/malloca-h342-9-tc-1-100x100.jpg 100w\" sizes=\"auto, (max-width: 800px) 100vw, 800px\" \/><figcaption id=\"caption-attachment-22194\" class=\"wp-caption-text\">K\u00edch th\u01b0\u1edbc c\u1ee7a M\u00e1y H\u00fat M\u00f9i Malloca H342.9 TC, 90CM<\/figcaption><\/figure>\n<h3>Xu\u1ea5t x\u1ee9: Trung Qu\u1ed1c (theo b\u1ea3n quy\u1ec1n Malloca)<\/h3>\n","protected":false},"excerpt":{"rendered":"<h2>M\u00e1y H\u00fat Kh\u00f3i Kh\u1eed M\u00f9i Malloca H342.9 TC<\/h2>\n<ul>\n<li>M\u00e0u s\u1eafc: inox, k\u00ednh \u0111en<\/li>\n<li>\u0110i\u1ec1u khi\u1ec3n c\u1ea3m \u1ee9ng<\/li>\n<li>S\u1ee9c h\u00fat: 500m3\/h<\/li>\n<li>\u0110\u1ed9 \u1ed3n: 59dB<\/li>\n<li>C\u00f4ng su\u1ea5t: 200W (2motors)<\/li>\n<li>KT: W600\/700\/900 x D500 x H130mm<\/li>\n<\/ul>\n","protected":false},"featured_media":22193,"comment_status":"open","ping_status":"closed","template":"","meta":[],"product_brand":[],"product_cat":[84,274,262],"product_tag":[86,271],"class_list":{"0":"post-21362","1":"product","2":"type-product","3":"status-publish","4":"has-post-thumbnail","6":"product_cat-may-hut-mui","7":"product_cat-may-hut-mui-malloca","8":"product_cat-thuong-hieu-malloca","9":"product_tag-may-hut-mui","10":"product_tag-may-hut-mui-malloca","12":"first","13":"instock","14":"sale","15":"shipping-taxable","16":"purchasable","17":"product-type-simple"},"_links":{"self":[{"href":"https:\/\/livinghome.vn\/thiet-bi\/wp-json\/wp\/v2\/product\/21362","targetHints":{"allow":["GET"]}}],"collection":[{"href":"https:\/\/livinghome.vn\/thiet-bi\/wp-json\/wp\/v2\/product"}],"about":[{"href":"https:\/\/livinghome.vn\/thiet-bi\/wp-json\/wp\/v2\/types\/product"}],"replies":[{"embeddable":true,"href":"https:\/\/livinghome.vn\/thiet-bi\/wp-json\/wp\/v2\/comments?post=21362"}],"wp:featuredmedia":[{"embeddable":true,"href":"https:\/\/livinghome.vn\/thiet-bi\/wp-json\/wp\/v2\/media\/22193"}],"wp:attachment":[{"href":"https:\/\/livinghome.vn\/thiet-bi\/wp-json\/wp\/v2\/media?parent=21362"}],"wp:term":[{"taxonomy":"product_brand","embeddable":true,"href":"https:\/\/livinghome.vn\/thiet-bi\/wp-json\/wp\/v2\/product_brand?post=21362"},{"taxonomy":"product_cat","embeddable":true,"href":"https:\/\/livinghome.vn\/thiet-bi\/wp-json\/wp\/v2\/product_cat?post=21362"},{"taxonomy":"product_tag","embeddable":true,"href":"https:\/\/livinghome.vn\/thiet-bi\/wp-json\/wp\/v2\/product_tag?post=21362"}],"curies":[{"name":"wp","href":"https:\/\/api.w.org\/{rel}","templated":true}]}}