{"id":21332,"date":"2024-05-03T15:35:12","date_gmt":"2024-05-03T08:35:12","guid":{"rendered":"https:\/\/livinghome.vn\/thiet-bi\/?post_type=product&#038;p=21332"},"modified":"2024-11-29T14:18:54","modified_gmt":"2024-11-29T07:18:54","slug":"bep-02-tu-kaff-kf-ih870z-plus","status":"publish","type":"product","link":"https:\/\/livinghome.vn\/thiet-bi\/bep-02-tu-kaff-kf-ih870z-plus\/","title":{"rendered":"B\u1ebfp 02 T\u1eeb KAFF KF-IH870Z PLUS"},"content":{"rendered":"<p data-sourcepos=\"3:1-3:359\"><strong>B\u1ebfp t\u1eeb \u0111\u00f4i c\u1ea3m \u1ee9ng KAFF KF-IH870Z Plus<\/strong> l\u00e0 s\u1ea3n ph\u1ea9m cao c\u1ea5p \u0111\u1ebfn t\u1eeb th\u01b0\u01a1ng hi\u1ec7u KAFF n\u1ed5i ti\u1ebfng c\u1ee7a \u0110\u1ee9c, \u0111\u01b0\u1ee3c s\u1ea3n xu\u1ea5t theo d\u00e2y chuy\u1ec1n c\u00f4ng ngh\u1ec7 hi\u1ec7n \u0111\u1ea1i, \u0111\u00e1p \u1ee9ng ti\u00eau chu\u1ea9n Ch\u00e2u \u00c2u. B\u1ebfp s\u1edf h\u1eefu thi\u1ebft k\u1ebf sang tr\u1ecdng, m\u1eb7t k\u00ednh Schott Ceran si\u00eau b\u1ec1n b\u1ec9 c\u00f9ng nhi\u1ec1u t\u00ednh n\u0103ng th\u00f4ng minh, ti\u1ec7n l\u1ee3i, gi\u00fap b\u1ea1n n\u1ea5u n\u01b0\u1edbng nhanh ch\u00f3ng, ti\u1ebft ki\u1ec7m th\u1eddi gian v\u00e0 n\u0103ng l\u01b0\u1ee3ng.<\/p>\n<p data-sourcepos=\"3:1-3:359\"><img loading=\"lazy\" decoding=\"async\" class=\"alignnone size-full wp-image-21342\" src=\"https:\/\/livinghome.vn\/thiet-bi\/wp-content\/uploads\/2024\/05\/bep-02-tu-kaff-kf-ih870z-plus-2.jpg\" alt=\"\" width=\"1200\" height=\"800\" title=\"\" srcset=\"https:\/\/livinghome.vn\/thiet-bi\/wp-content\/uploads\/2024\/05\/bep-02-tu-kaff-kf-ih870z-plus-2.jpg 1200w, https:\/\/livinghome.vn\/thiet-bi\/wp-content\/uploads\/2024\/05\/bep-02-tu-kaff-kf-ih870z-plus-2-600x400.jpg 600w, https:\/\/livinghome.vn\/thiet-bi\/wp-content\/uploads\/2024\/05\/bep-02-tu-kaff-kf-ih870z-plus-2-768x512.jpg 768w\" sizes=\"auto, (max-width: 1200px) 100vw, 1200px\" \/><\/p>\n<h4 data-sourcepos=\"5:1-5:34\"><strong>Thi\u1ebft k\u1ebf hi\u1ec7n \u0111\u1ea1i, sang tr\u1ecdng:<\/strong><\/h4>\n<ul data-sourcepos=\"7:1-10:0\">\n<li data-sourcepos=\"7:1-7:72\">M\u1eb7t k\u00ednh Schott Ceran (\u0110\u1ee9c) si\u00eau b\u1ec1n, ch\u1ecbu nhi\u1ec7t t\u1ed1t, d\u1ec5 d\u00e0ng v\u1ec7 sinh.<\/li>\n<li data-sourcepos=\"8:1-8:102\">Thi\u1ebft k\u1ebf 2 l\u00f2 n\u1ea5u \u0111\u1ed9c l\u1eadp, k\u00edch th\u01b0\u1edbc m\u1eb7t k\u00ednh 730x430mm, ph\u00f9 h\u1ee3p v\u1edbi kh\u00f4ng gian b\u1ebfp c\u1ee7a ng\u01b0\u1eddi Vi\u1ec7t.<\/li>\n<li data-sourcepos=\"9:1-10:0\">B\u1ea3ng \u0111i\u1ec1u khi\u1ec3n c\u1ea3m \u1ee9ng Slider hi\u1ec7n \u0111\u1ea1i, d\u1ec5 d\u00e0ng s\u1eed d\u1ee5ng.<\/li>\n<\/ul>\n<h4 data-sourcepos=\"11:1-11:32\"><strong>Hi\u1ec7u su\u1ea5t n\u1ea5u n\u01b0\u1edbng m\u1ea1nh m\u1ebd:<\/strong><\/h4>\n<ul data-sourcepos=\"13:1-16:0\">\n<li data-sourcepos=\"13:1-13:88\">C\u00f4ng su\u1ea5t 2 l\u00f2 nh\u01b0 nhau (2300W-2300W) gi\u00fap n\u1ea5u n\u01b0\u1edbng nhanh ch\u00f3ng, ti\u1ebft ki\u1ec7m \u0111i\u1ec7n n\u0103ng.<\/li>\n<li data-sourcepos=\"14:1-14:70\">Ch\u1ee9c n\u0103ng Booster n\u1ea5u si\u00eau nhanh, gi\u00fap r\u00fat ng\u1eafn th\u1eddi gian n\u1ea5u n\u01b0\u1edbng.<\/li>\n<li data-sourcepos=\"15:1-16:0\">Ch\u1ee9c n\u0103ng Inverter th\u00f4ng minh gi\u00fap ti\u1ebft ki\u1ec7m \u0111i\u1ec7n n\u0103ng \u0111\u1ebfn 30%.<\/li>\n<li data-sourcepos=\"15:1-16:0\"><img loading=\"lazy\" decoding=\"async\" class=\"alignnone size-full wp-image-21343\" src=\"https:\/\/livinghome.vn\/thiet-bi\/wp-content\/uploads\/2024\/05\/bep-02-tu-kaff-kf-ih870z-plus-3.jpg\" alt=\"\" width=\"1200\" height=\"719\" title=\"\" srcset=\"https:\/\/livinghome.vn\/thiet-bi\/wp-content\/uploads\/2024\/05\/bep-02-tu-kaff-kf-ih870z-plus-3.jpg 1200w, https:\/\/livinghome.vn\/thiet-bi\/wp-content\/uploads\/2024\/05\/bep-02-tu-kaff-kf-ih870z-plus-3-668x400.jpg 668w, https:\/\/livinghome.vn\/thiet-bi\/wp-content\/uploads\/2024\/05\/bep-02-tu-kaff-kf-ih870z-plus-3-768x460.jpg 768w, https:\/\/livinghome.vn\/thiet-bi\/wp-content\/uploads\/2024\/05\/bep-02-tu-kaff-kf-ih870z-plus-3-600x360.jpg 600w\" sizes=\"auto, (max-width: 1200px) 100vw, 1200px\" \/><\/li>\n<\/ul>\n<h4 data-sourcepos=\"17:1-17:34\"><strong>T\u00ednh n\u0103ng th\u00f4ng minh, an to\u00e0n:<\/strong><\/h4>\n<ul data-sourcepos=\"19:1-24:0\">\n<li data-sourcepos=\"19:1-19:31\">T\u1ef1 \u0111\u1ed9ng t\u1eaft khi kh\u00f4ng c\u00f3 n\u1ed3i.<\/li>\n<li data-sourcepos=\"20:1-20:22\">C\u1ea3nh b\u00e1o ch\u1ed1ng tr\u00e0n.<\/li>\n<li data-sourcepos=\"21:1-21:14\">Kh\u00f3a tr\u1ebb em.<\/li>\n<li data-sourcepos=\"22:1-22:20\">H\u1eb9n gi\u1edd n\u1ea5u n\u01b0\u1edbng.<\/li>\n<li data-sourcepos=\"23:1-24:0\">T\u1ef1 \u0111\u1ed9ng chia s\u1ebb c\u00f4ng su\u1ea5t gi\u1eefa 2 v\u00f9ng n\u1ea5u.<\/li>\n<\/ul>\n<p data-sourcepos=\"25:1-25:256\"><strong>B\u1ebfp t\u1eeb \u0111\u00f4i c\u1ea3m \u1ee9ng KAFF KF-IH870Z Plus<\/strong> l\u00e0 l\u1ef1a ch\u1ecdn ho\u00e0n h\u1ea3o cho nh\u1eefng ai \u0111ang t\u00ecm ki\u1ebfm m\u1ed9t chi\u1ebfc b\u1ebfp t\u1eeb cao c\u1ea5p, hi\u1ec7n \u0111\u1ea1i, an to\u00e0n v\u00e0 ti\u1ebft ki\u1ec7m. B\u1ebfp ph\u00f9 h\u1ee3p v\u1edbi m\u1ecdi gia \u0111\u00ecnh, \u0111\u1eb7c bi\u1ec7t l\u00e0 nh\u1eefng gia \u0111\u00ecnh c\u00f3 nhi\u1ec1u th\u00e0nh vi\u00ean ho\u1eb7c nh\u1eefng b\u00e0 n\u1ed9i tr\u1ee3 b\u1eadn r\u1ed9n.<\/p>\n","protected":false},"excerpt":{"rendered":"<p>\u2022 B\u1ebfp 02 t\u1eeb<\/p>\n<p>\u2022 M\u1eb7t k\u00ednh Schott Ceran Made in Germany si\u00eau b\u1ec1n, ch\u1ecbu l\u1ef1c ch\u1ecbu s\u1ed1c nhi\u1ec7t<\/p>\n<p>\u2022 \u0110\u1ea7u \u0111\u1ed1t EGO Made in Germany<\/p>\n<p>\u2022 Bo m\u1ea1ch IGBT SIMENS Made in Germany<\/p>\n<p>\u2022 C\u00f4ng ngh\u1ec7 bi\u1ebfn t\u1ea7n INVERTER ti\u1ebft ki\u1ec7m 40% \u0111i\u1ec7n n\u0103ng<\/p>\n<p>\u2022 T\u1ef1 \u0111\u1ed9ng chia s\u1ebb c\u00f4ng su\u1ea5t (Power management) cho c\u00e1c v\u00f9ng n\u1ea5u kh\u00e1c nhau<\/p>\n<p>\u2022 9 d\u00e3y c\u00f4ng su\u1ea5t + Booster<\/p>\n<p>\u2022 \u0110i\u1ec1u khi\u1ec3n d\u1ea1ng c\u1ea3m \u1ee9ng d\u1ea1ng tr\u01b0\u1ee3t Slider<\/p>\n<p>\u2022 Ch\u1ee9c n\u0103ng Booster c\u1ef1c nhanh<\/p>\n<p>\u2022 Ch\u1ee9c n\u0103ng h\u1eb9n gi\u1edd kh\u00f3a tr\u1ebb em th\u00f4ng minh<\/p>\n<p>\u2022 Ch\u1ee9c n\u0103ng h\u00e2m ch\u1ee9c n\u0103ng n\u1ea5u c\u01a1m<\/p>\n<p>\u2022 Ch\u1ee9c n\u0103ng t\u1ea1m d\u1eebng<\/p>\n<p>\u2022 Ch\u1ee9c n\u0103ng n\u1ea5u Auto (A)<\/p>\n<p>\u2022 Ch\u1ee9c n\u0103ng c\u1ea3m \u1ee9ng qu\u00e1 nhi\u1ec7t<\/p>\n<p>\u2022 C\u00f4ng su\u1ea5t b\u1ebfp: 2300Wx2300W (Booster 3700W x 3700W)<\/p>\n<p>\u2022 Ngu\u1ed3n \u0111i\u1ec7n: 220V &#8211; 240V AC\/50 &#8211; 60Hz<\/p>\n","protected":false},"featured_media":21344,"comment_status":"open","ping_status":"closed","template":"","meta":[],"product_brand":[],"product_cat":[794,75,717,164],"product_tag":[],"class_list":{"0":"post-21332","1":"product","2":"type-product","3":"status-publish","4":"has-post-thumbnail","6":"product_cat-bep-2-tu","7":"product_cat-bep-tu","8":"product_cat-bep-tu-kaff","9":"product_cat-thuong-hieu-kaff","11":"first","12":"instock","13":"sale","14":"shipping-taxable","15":"purchasable","16":"product-type-simple"},"_links":{"self":[{"href":"https:\/\/livinghome.vn\/thiet-bi\/wp-json\/wp\/v2\/product\/21332","targetHints":{"allow":["GET"]}}],"collection":[{"href":"https:\/\/livinghome.vn\/thiet-bi\/wp-json\/wp\/v2\/product"}],"about":[{"href":"https:\/\/livinghome.vn\/thiet-bi\/wp-json\/wp\/v2\/types\/product"}],"replies":[{"embeddable":true,"href":"https:\/\/livinghome.vn\/thiet-bi\/wp-json\/wp\/v2\/comments?post=21332"}],"wp:featuredmedia":[{"embeddable":true,"href":"https:\/\/livinghome.vn\/thiet-bi\/wp-json\/wp\/v2\/media\/21344"}],"wp:attachment":[{"href":"https:\/\/livinghome.vn\/thiet-bi\/wp-json\/wp\/v2\/media?parent=21332"}],"wp:term":[{"taxonomy":"product_brand","embeddable":true,"href":"https:\/\/livinghome.vn\/thiet-bi\/wp-json\/wp\/v2\/product_brand?post=21332"},{"taxonomy":"product_cat","embeddable":true,"href":"https:\/\/livinghome.vn\/thiet-bi\/wp-json\/wp\/v2\/product_cat?post=21332"},{"taxonomy":"product_tag","embeddable":true,"href":"https:\/\/livinghome.vn\/thiet-bi\/wp-json\/wp\/v2\/product_tag?post=21332"}],"curies":[{"name":"wp","href":"https:\/\/api.w.org\/{rel}","templated":true}]}}