{"id":21314,"date":"2024-05-03T15:20:49","date_gmt":"2024-05-03T08:20:49","guid":{"rendered":"https:\/\/livinghome.vn\/thiet-bi\/?post_type=product&#038;p=21314"},"modified":"2024-11-29T14:18:54","modified_gmt":"2024-11-29T07:18:54","slug":"bep-dien-tu-kaff-kf-fl108-plus","status":"publish","type":"product","link":"https:\/\/livinghome.vn\/thiet-bi\/bep-dien-tu-kaff-kf-fl108-plus\/","title":{"rendered":"B\u1ebfp \u0110i\u1ec7n T\u1eeb KAFF KF-FL108 PLUS"},"content":{"rendered":"<h2 data-sourcepos=\"1:1-1:76\">B\u1ebfp \u0111i\u1ec7n t\u1eeb Kaff KF-FL108 Plus &#8211; N\u1ea5u n\u01b0\u1edbng hi\u1ec7n \u0111\u1ea1i, ti\u1ebft ki\u1ec7m n\u0103ng l\u01b0\u1ee3ng<\/h2>\n<p data-sourcepos=\"3:1-3:308\"><strong>B\u1ebfp \u0111i\u1ec7n t\u1eeb Kaff KF-FL108 Plus<\/strong> l\u00e0 s\u1ea3n ph\u1ea9m cao c\u1ea5p \u0111\u1ebfn t\u1eeb th\u01b0\u01a1ng hi\u1ec7u Kaff n\u1ed5i ti\u1ebfng c\u1ee7a \u0110\u1ee9c, \u0111\u01b0\u1ee3c nh\u1eadp kh\u1ea9u nguy\u00ean chi\u1ebfc v\u00e0 \u0111\u00e1p \u1ee9ng ti\u00eau chu\u1ea9n Ch\u00e2u \u00c2u. S\u1ea3n ph\u1ea9m s\u1edf h\u1eefu thi\u1ebft k\u1ebf sang tr\u1ecdng, hi\u1ec7n \u0111\u1ea1i c\u00f9ng nhi\u1ec1u t\u00ednh n\u0103ng th\u00f4ng minh, ti\u1ec7n l\u1ee3i, gi\u00fap b\u1ea1n n\u1ea5u n\u01b0\u1edbng d\u1ec5 d\u00e0ng v\u00e0 ti\u1ebft ki\u1ec7m th\u1eddi gian, n\u0103ng l\u01b0\u1ee3ng.<\/p>\n<p data-sourcepos=\"3:1-3:308\"><img loading=\"lazy\" decoding=\"async\" class=\"alignnone size-full wp-image-21328\" src=\"https:\/\/livinghome.vn\/thiet-bi\/wp-content\/uploads\/2024\/05\/bep-dien-tu-kaff-kf-fl108-plus-2.jpg\" alt=\"\" width=\"1020\" height=\"680\" title=\"\" srcset=\"https:\/\/livinghome.vn\/thiet-bi\/wp-content\/uploads\/2024\/05\/bep-dien-tu-kaff-kf-fl108-plus-2.jpg 1020w, https:\/\/livinghome.vn\/thiet-bi\/wp-content\/uploads\/2024\/05\/bep-dien-tu-kaff-kf-fl108-plus-2-600x400.jpg 600w, https:\/\/livinghome.vn\/thiet-bi\/wp-content\/uploads\/2024\/05\/bep-dien-tu-kaff-kf-fl108-plus-2-768x512.jpg 768w\" sizes=\"auto, (max-width: 1020px) 100vw, 1020px\" \/><\/p>\n<h2 data-sourcepos=\"5:1-5:52\">\u0110i\u1ec3m n\u1ed5i b\u1eadt<\/h2>\n<ul data-sourcepos=\"7:1-18:0\">\n<li data-sourcepos=\"7:1-7:106\"><strong>K\u1ebft h\u1ee3p 1 b\u1ebfp t\u1eeb v\u00e0 1 b\u1ebfp \u0111i\u1ec7n:<\/strong> Ph\u00f9 h\u1ee3p v\u1edbi nhi\u1ec1u lo\u1ea1i n\u1ed3i n\u1ea5u v\u00e0 \u0111\u00e1p \u1ee9ng \u0111a d\u1ea1ng nhu c\u1ea7u n\u1ea5u n\u01b0\u1edbng.<\/li>\n<li data-sourcepos=\"8:1-8:79\"><strong>M\u1eb7t k\u00ednh Schott Ceran Germany:<\/strong> Ch\u1ecbu l\u1ef1c, ch\u1ecbu nhi\u1ec7t t\u1ed1t, d\u1ec5 d\u00e0ng v\u1ec7 sinh.<\/li>\n<li data-sourcepos=\"9:1-9:68\"><strong>M\u00e2m nhi\u1ec7t EGO Germany:<\/strong> Truy\u1ec1n nhi\u1ec7t nhanh, n\u1ea5u n\u01b0\u1edbng hi\u1ec7u qu\u1ea3.<\/li>\n<li data-sourcepos=\"10:1-10:70\"><strong>Bo m\u1ea1ch v\u00e0 ch\u00edp x\u1eed l\u00fd Siemen Germany:<\/strong> Ho\u1ea1t \u0111\u1ed9ng \u1ed5n \u0111\u1ecbnh, b\u1ec1n b\u1ec9.<\/li>\n<li data-sourcepos=\"11:1-11:59\"><strong>C\u00f4ng ngh\u1ec7 Inverter:<\/strong> Ti\u1ebft ki\u1ec7m 40% \u0111i\u1ec7n n\u0103ng ti\u00eau th\u1ee5.<\/li>\n<li data-sourcepos=\"12:1-12:74\"><strong>\u0110i\u1ec1u khi\u1ec3n c\u1ea3m \u1ee9ng Slider ri\u00eang t\u1eebng b\u1ebfp:<\/strong> Ti\u1ec7n l\u1ee3i, d\u1ec5 d\u00e0ng s\u1eed d\u1ee5ng.<\/li>\n<li data-sourcepos=\"13:1-13:61\"><strong>Ch\u1ee9c n\u0103ng Booster:<\/strong> N\u1ea5u si\u00eau nhanh, ti\u1ebft ki\u1ec7m th\u1eddi gian.<\/li>\n<li data-sourcepos=\"14:1-14:43\"><strong>H\u1eb9n gi\u1edd:<\/strong> L\u00ean l\u1ecbch n\u1ea5u n\u01b0\u1edbng ti\u1ec7n l\u1ee3i.<\/li>\n<li data-sourcepos=\"15:1-15:51\"><strong>Kh\u00f3a tr\u1ebb em:<\/strong> An to\u00e0n cho gia \u0111\u00ecnh c\u00f3 tr\u1ebb nh\u1ecf.<\/li>\n<li data-sourcepos=\"16:1-16:62\"><strong>T\u1ef1 \u0111\u1ed9ng t\u1eaft khi kh\u00f4ng c\u00f3 n\u1ed3i:<\/strong> Ti\u1ebft ki\u1ec7m \u0111i\u1ec7n v\u00e0 an to\u00e0n.<\/li>\n<li data-sourcepos=\"17:1-18:0\"><strong>C\u1ea3m bi\u1ebfn th\u00f4ng minh:<\/strong> C\u1ed1 \u0111\u1ecbnh c\u00f4ng su\u1ea5t ti\u00eau th\u1ee5 \u0111i\u1ec7n khi \u0111un n\u1ea5u, ti\u1ebft ki\u1ec7m n\u0103ng l\u01b0\u1ee3ng.<\/li>\n<\/ul>\n<p><img loading=\"lazy\" decoding=\"async\" class=\"alignnone size-full wp-image-21330\" src=\"https:\/\/livinghome.vn\/thiet-bi\/wp-content\/uploads\/2024\/05\/bep-dien-tu-kaff-kf-fl108-plus-3.jpg\" alt=\"\" width=\"1200\" height=\"707\" title=\"\" srcset=\"https:\/\/livinghome.vn\/thiet-bi\/wp-content\/uploads\/2024\/05\/bep-dien-tu-kaff-kf-fl108-plus-3.jpg 1200w, https:\/\/livinghome.vn\/thiet-bi\/wp-content\/uploads\/2024\/05\/bep-dien-tu-kaff-kf-fl108-plus-3-679x400.jpg 679w, https:\/\/livinghome.vn\/thiet-bi\/wp-content\/uploads\/2024\/05\/bep-dien-tu-kaff-kf-fl108-plus-3-768x452.jpg 768w, https:\/\/livinghome.vn\/thiet-bi\/wp-content\/uploads\/2024\/05\/bep-dien-tu-kaff-kf-fl108-plus-3-600x354.jpg 600w\" sizes=\"auto, (max-width: 1200px) 100vw, 1200px\" \/><\/p>\n<p data-sourcepos=\"19:1-19:158\"><strong>B\u1ebfp \u0111i\u1ec7n t\u1eeb Kaff KF-FL108 Plus<\/strong> l\u00e0 l\u1ef1a ch\u1ecdn ho\u00e0n h\u1ea3o cho nh\u1eefng ai \u0111ang t\u00ecm ki\u1ebfm m\u1ed9t chi\u1ebfc b\u1ebfp \u0111i\u1ec7n t\u1eeb cao c\u1ea5p, hi\u1ec7n \u0111\u1ea1i, ti\u1ebft ki\u1ec7m v\u00e0 an to\u00e0n cho gia \u0111\u00ecnh.<\/p>\n<h4 data-sourcepos=\"21:1-21:75\"><strong>Ngo\u00e0i ra, B\u1ebfp \u0111i\u1ec7n t\u1eeb Kaff KF-FL108 Plus c\u00f2n c\u00f3 nhi\u1ec1u \u01b0u \u0111i\u1ec3m kh\u00e1c nh\u01b0:<\/strong><\/h4>\n<ul data-sourcepos=\"23:1-27:0\">\n<li data-sourcepos=\"23:1-23:64\">Thi\u1ebft k\u1ebf sang tr\u1ecdng, hi\u1ec7n \u0111\u1ea1i, ph\u00f9 h\u1ee3p v\u1edbi m\u1ecdi kh\u00f4ng gian b\u1ebfp.<\/li>\n<li data-sourcepos=\"24:1-24:28\">D\u1ec5 d\u00e0ng v\u1ec7 sinh, lau ch\u00f9i.<\/li>\n<li data-sourcepos=\"25:1-25:38\">Ho\u1ea1t \u0111\u1ed9ng \u00eam \u00e1i, kh\u00f4ng g\u00e2y ti\u1ebfng \u1ed3n.<\/li>\n<li data-sourcepos=\"26:1-27:0\">Gi\u00e1 c\u1ea3 h\u1ee3p l\u00fd.<\/li>\n<\/ul>\n","protected":false},"excerpt":{"rendered":"<p>\u2022 B\u1ebfp 01 t\u1eeb 01 \u0111i\u1ec7n<\/p>\n<p>\u2022 M\u1eb7t k\u00ednh Schott Ceran Made in Germany si\u00eau b\u1ec1n, ch\u1ecbu l\u1ef1c ch\u1ecbu s\u1ed1c nhi\u1ec7t<\/p>\n<p>\u2022 \u0110\u1ea7u \u0111\u1ed1t ECO Made in Germany<\/p>\n<p>\u2022 C\u00f4ng ngh\u1ec7 bi\u1ebfn t\u1ea7n INVERTER ti\u1ebft ki\u1ec7m 40% \u0111i\u1ec7n n\u0103ng<\/p>\n<p>\u2022 Bo m\u1ea1ch IGBT SIMENS Made in Germany<\/p>\n<p>\u2022 T\u1ef1 \u0111\u1ed9ng chia s\u1ebb c\u00f4ng su\u1ea5t (Power management) cho c\u00e1c v\u00f9ng n\u1ea5u kh\u00e1c nhau<\/p>\n<p>\u2022 9 d\u00e3y c\u00f4ng su\u1ea5t + Booster<\/p>\n<p>\u2022 \u0110i\u1ec1u khi\u1ec3n d\u1ea1ng c\u1ea3m \u1ee9ng d\u1ea1ng tr\u01b0\u1ee3t Slider<\/p>\n<p>\u2022 Ch\u1ee9c n\u0103ng Booster c\u1ef1c nhanh<\/p>\n<p>\u2022 Ch\u1ee9c n\u0103ng 02 v\u00f2ng nhi\u1ec7t ti\u1ec7n d\u1ee5ng v\u1edbi c\u00e1c lo\u1ea1i n\u1ed3i l\u1edbn nh\u1ecf<\/p>\n<p>\u2022 Ch\u1ee9c n\u0103ng h\u1eb9n gi\u1edd, kh\u00f3a tr\u1ebb em th\u00f4ng minh<\/p>\n<p>\u2022 Ch\u1ee9c n\u0103ng h\u00e2m ch\u1ee9c n\u0103ng t\u1ea1m d\u1eebng, ch\u1ee9c n\u0103ng c\u1ea3m \u1ee9ng ch\u1ed1ng tr\u00e0n<\/p>\n<p>\u2022 Ch\u1ee9c n\u0103ng c\u1ea3m \u1ee9ng qu\u00e1 nhi\u1ec7t<\/p>\n<p>\u2022 Ch\u1ee9c n\u0103ng n\u01b0\u1edbng v\u1edbi b\u1ebfp \u0111i\u1ec7n<\/p>\n<p>\u2022 C\u00f4ng su\u1ea5t b\u1ebfp: 2300Wx2200W (Booster 3700W)<\/p>\n<p>\u2022 Ngu\u1ed3n \u0111i\u1ec7n: 220V &#8211; 240V AC\/50 &#8211; 60H<\/p>\n","protected":false},"featured_media":21329,"comment_status":"open","ping_status":"closed","template":"","meta":[],"product_brand":[],"product_cat":[745,716,164],"product_tag":[],"class_list":{"0":"post-21314","1":"product","2":"type-product","3":"status-publish","4":"has-post-thumbnail","6":"product_cat-bep-dien-tu","7":"product_cat-bep-dien-tu-kaff","8":"product_cat-thuong-hieu-kaff","10":"first","11":"instock","12":"sale","13":"shipping-taxable","14":"purchasable","15":"product-type-simple"},"_links":{"self":[{"href":"https:\/\/livinghome.vn\/thiet-bi\/wp-json\/wp\/v2\/product\/21314","targetHints":{"allow":["GET"]}}],"collection":[{"href":"https:\/\/livinghome.vn\/thiet-bi\/wp-json\/wp\/v2\/product"}],"about":[{"href":"https:\/\/livinghome.vn\/thiet-bi\/wp-json\/wp\/v2\/types\/product"}],"replies":[{"embeddable":true,"href":"https:\/\/livinghome.vn\/thiet-bi\/wp-json\/wp\/v2\/comments?post=21314"}],"wp:featuredmedia":[{"embeddable":true,"href":"https:\/\/livinghome.vn\/thiet-bi\/wp-json\/wp\/v2\/media\/21329"}],"wp:attachment":[{"href":"https:\/\/livinghome.vn\/thiet-bi\/wp-json\/wp\/v2\/media?parent=21314"}],"wp:term":[{"taxonomy":"product_brand","embeddable":true,"href":"https:\/\/livinghome.vn\/thiet-bi\/wp-json\/wp\/v2\/product_brand?post=21314"},{"taxonomy":"product_cat","embeddable":true,"href":"https:\/\/livinghome.vn\/thiet-bi\/wp-json\/wp\/v2\/product_cat?post=21314"},{"taxonomy":"product_tag","embeddable":true,"href":"https:\/\/livinghome.vn\/thiet-bi\/wp-json\/wp\/v2\/product_tag?post=21314"}],"curies":[{"name":"wp","href":"https:\/\/api.w.org\/{rel}","templated":true}]}}