{"id":21284,"date":"2024-05-03T14:04:57","date_gmt":"2024-05-03T07:04:57","guid":{"rendered":"https:\/\/livinghome.vn\/thiet-bi\/?post_type=product&#038;p=21284"},"modified":"2024-11-29T14:18:56","modified_gmt":"2024-11-29T07:18:56","slug":"may-hut-mui-am-tu-malloca-space-mh-900sp","status":"publish","type":"product","link":"https:\/\/livinghome.vn\/thiet-bi\/may-hut-mui-am-tu-malloca-space-mh-900sp\/","title":{"rendered":"M\u00e1y H\u00fat M\u00f9i \u00c2m T\u1ee7 Malloca Space MH 900SP, 90cm, 850m3\/h"},"content":{"rendered":"<h2>M\u00e1y H\u00fat Kh\u00f3i Kh\u1eed M\u00f9i \u00c2m T\u1ee7 Malloca Space MH 900SP<\/h2>\n<figure id=\"attachment_21287\" aria-describedby=\"caption-attachment-21287\" style=\"width: 900px\" class=\"wp-caption aligncenter\"><img loading=\"lazy\" decoding=\"async\" class=\"size-full wp-image-21287\" src=\"https:\/\/livinghome.vn\/thiet-bi\/wp-content\/uploads\/2024\/05\/may-hut-khoi-khu-mui-malloca-space-mh-900sp-3.jpg\" alt=\"M\u00e1y H\u00fat Kh\u00f3i Kh\u1eed M\u00f9i \u00c2m T\u1ee7 Malloca Space MH 900SP\" width=\"900\" height=\"900\" title=\"\" srcset=\"https:\/\/livinghome.vn\/thiet-bi\/wp-content\/uploads\/2024\/05\/may-hut-khoi-khu-mui-malloca-space-mh-900sp-3.jpg 900w, https:\/\/livinghome.vn\/thiet-bi\/wp-content\/uploads\/2024\/05\/may-hut-khoi-khu-mui-malloca-space-mh-900sp-3-400x400.jpg 400w, https:\/\/livinghome.vn\/thiet-bi\/wp-content\/uploads\/2024\/05\/may-hut-khoi-khu-mui-malloca-space-mh-900sp-3-800x800.jpg 800w, https:\/\/livinghome.vn\/thiet-bi\/wp-content\/uploads\/2024\/05\/may-hut-khoi-khu-mui-malloca-space-mh-900sp-3-280x280.jpg 280w, https:\/\/livinghome.vn\/thiet-bi\/wp-content\/uploads\/2024\/05\/may-hut-khoi-khu-mui-malloca-space-mh-900sp-3-768x768.jpg 768w, https:\/\/livinghome.vn\/thiet-bi\/wp-content\/uploads\/2024\/05\/may-hut-khoi-khu-mui-malloca-space-mh-900sp-3-300x300.jpg 300w, https:\/\/livinghome.vn\/thiet-bi\/wp-content\/uploads\/2024\/05\/may-hut-khoi-khu-mui-malloca-space-mh-900sp-3-600x600.jpg 600w, https:\/\/livinghome.vn\/thiet-bi\/wp-content\/uploads\/2024\/05\/may-hut-khoi-khu-mui-malloca-space-mh-900sp-3-100x100.jpg 100w\" sizes=\"auto, (max-width: 900px) 100vw, 900px\" \/><figcaption id=\"caption-attachment-21287\" class=\"wp-caption-text\">M\u00e1y H\u00fat Kh\u00f3i Kh\u1eed M\u00f9i \u00c2m T\u1ee7 Malloca Space MH 900SP<\/figcaption><\/figure>\n<h2>T\u00ednh n\u0103ng c\u01a1 b\u1ea3n<\/h2>\n<ul>\n<li>M\u00e1y h\u00fat kh\u00f3i d\u1ea1ng \u00e2m t\u1ee7<\/li>\n<li>Ch\u1ea5t li\u1ec7u: S\u01a1n t\u0129nh \u0111i\u1ec7n \u0111en v\u00e0 k\u00ednh<\/li>\n<li>\u0110i\u1ec1u khi\u1ec3n c\u1ea3m \u1ee9ng<\/li>\n<li>Kh\u1eed m\u00f9i b\u1eb1ng than ho\u1ea1t t\u00ednh v\u00e0 \u0111\u01b0\u1eddng \u1ed1ng tho\u00e1t ra ngo\u00e0i \u00d8150<\/li>\n<li>L\u01b0\u1edbi l\u1ecdc: Nh\u00f4m<\/li>\n<\/ul>\n<h2>Th\u00f4ng s\u1ed1 k\u1ef9 thu\u1eadt<\/h2>\n<ul>\n<li>\u0110\u00e8n LED 1 x 4W<\/li>\n<li>C\u00f4ng su\u1ea5t h\u00fat: 850 m3\/h<\/li>\n<li>\u0110\u1ed9 \u1ed3n: 56dB<\/li>\n<li>C\u00f4ng su\u1ea5t: 230W<\/li>\n<li>\u0110i\u1ec7n \u00e1p: 220-240V\/50Hz<\/li>\n<li>K\u00edch th\u01b0\u1edbc: W900 x D (310-350) x H (840- 1220) mm<\/li>\n<\/ul>\n<p>&nbsp;<\/p>\n<figure id=\"attachment_21286\" aria-describedby=\"caption-attachment-21286\" style=\"width: 900px\" class=\"wp-caption aligncenter\"><img loading=\"lazy\" decoding=\"async\" class=\"size-full wp-image-21286\" src=\"https:\/\/livinghome.vn\/thiet-bi\/wp-content\/uploads\/2024\/05\/may-hut-khoi-khu-mui-malloca-space-mh-900sp-2.jpg\" alt=\"M\u00e1y H\u00fat Kh\u00f3i Kh\u1eed M\u00f9i \u00c2m T\u1ee7 Malloca Space MH 900SP\" width=\"900\" height=\"900\" title=\"\" srcset=\"https:\/\/livinghome.vn\/thiet-bi\/wp-content\/uploads\/2024\/05\/may-hut-khoi-khu-mui-malloca-space-mh-900sp-2.jpg 900w, https:\/\/livinghome.vn\/thiet-bi\/wp-content\/uploads\/2024\/05\/may-hut-khoi-khu-mui-malloca-space-mh-900sp-2-400x400.jpg 400w, https:\/\/livinghome.vn\/thiet-bi\/wp-content\/uploads\/2024\/05\/may-hut-khoi-khu-mui-malloca-space-mh-900sp-2-800x800.jpg 800w, https:\/\/livinghome.vn\/thiet-bi\/wp-content\/uploads\/2024\/05\/may-hut-khoi-khu-mui-malloca-space-mh-900sp-2-280x280.jpg 280w, https:\/\/livinghome.vn\/thiet-bi\/wp-content\/uploads\/2024\/05\/may-hut-khoi-khu-mui-malloca-space-mh-900sp-2-768x768.jpg 768w, https:\/\/livinghome.vn\/thiet-bi\/wp-content\/uploads\/2024\/05\/may-hut-khoi-khu-mui-malloca-space-mh-900sp-2-300x300.jpg 300w, https:\/\/livinghome.vn\/thiet-bi\/wp-content\/uploads\/2024\/05\/may-hut-khoi-khu-mui-malloca-space-mh-900sp-2-600x600.jpg 600w, https:\/\/livinghome.vn\/thiet-bi\/wp-content\/uploads\/2024\/05\/may-hut-khoi-khu-mui-malloca-space-mh-900sp-2-100x100.jpg 100w\" sizes=\"auto, (max-width: 900px) 100vw, 900px\" \/><figcaption id=\"caption-attachment-21286\" class=\"wp-caption-text\">Chi ti\u1ebft k\u00edch th\u01b0\u1edbc th\u00e2n M\u00e1y H\u00fat Kh\u00f3i Malloca Space MH 900SP<\/figcaption><\/figure>\n<h2>Xu\u1ea5t x\u1ee9: Trung Qu\u1ed1c (theo b\u1ea3n quy\u1ec1n Malloca)<\/h2>\n","protected":false},"excerpt":{"rendered":"<h2>M\u00e1y H\u00fat Kh\u00f3i Kh\u1eed M\u00f9i \u00c2m T\u1ee7 Malloca Space MH 900SP<\/h2>\n<ul>\n<li>M\u00e0u s\u1eafc: s\u01a1n t\u0129nh \u0111i\u1ec7n \u0111en v\u00e0 k\u00ednh<\/li>\n<li>\u0110i\u1ec1u khi\u1ec3n c\u1ea3m \u1ee9ng<\/li>\n<li>S\u1ee9c h\u00fat: 850m3\/h<\/li>\n<li>\u0110\u1ed9 \u1ed3n: 56dB<\/li>\n<li>C\u00f4ng su\u1ea5t: 230W<\/li>\n<li>KT: W900 x D(310-350) x H(840- 1220)mm<\/li>\n<\/ul>\n","protected":false},"featured_media":21285,"comment_status":"open","ping_status":"closed","template":"","meta":[],"product_brand":[],"product_cat":[84,595,274,262],"product_tag":[],"class_list":{"0":"post-21284","1":"product","2":"type-product","3":"status-publish","4":"has-post-thumbnail","6":"product_cat-may-hut-mui","7":"product_cat-may-hut-mui-am-tu","8":"product_cat-may-hut-mui-malloca","9":"product_cat-thuong-hieu-malloca","11":"first","12":"instock","13":"sale","14":"shipping-taxable","15":"purchasable","16":"product-type-simple"},"_links":{"self":[{"href":"https:\/\/livinghome.vn\/thiet-bi\/wp-json\/wp\/v2\/product\/21284","targetHints":{"allow":["GET"]}}],"collection":[{"href":"https:\/\/livinghome.vn\/thiet-bi\/wp-json\/wp\/v2\/product"}],"about":[{"href":"https:\/\/livinghome.vn\/thiet-bi\/wp-json\/wp\/v2\/types\/product"}],"replies":[{"embeddable":true,"href":"https:\/\/livinghome.vn\/thiet-bi\/wp-json\/wp\/v2\/comments?post=21284"}],"wp:featuredmedia":[{"embeddable":true,"href":"https:\/\/livinghome.vn\/thiet-bi\/wp-json\/wp\/v2\/media\/21285"}],"wp:attachment":[{"href":"https:\/\/livinghome.vn\/thiet-bi\/wp-json\/wp\/v2\/media?parent=21284"}],"wp:term":[{"taxonomy":"product_brand","embeddable":true,"href":"https:\/\/livinghome.vn\/thiet-bi\/wp-json\/wp\/v2\/product_brand?post=21284"},{"taxonomy":"product_cat","embeddable":true,"href":"https:\/\/livinghome.vn\/thiet-bi\/wp-json\/wp\/v2\/product_cat?post=21284"},{"taxonomy":"product_tag","embeddable":true,"href":"https:\/\/livinghome.vn\/thiet-bi\/wp-json\/wp\/v2\/product_tag?post=21284"}],"curies":[{"name":"wp","href":"https:\/\/api.w.org\/{rel}","templated":true}]}}