{"id":21270,"date":"2024-05-03T11:44:05","date_gmt":"2024-05-03T04:44:05","guid":{"rendered":"https:\/\/livinghome.vn\/thiet-bi\/?post_type=product&#038;p=21270"},"modified":"2024-11-29T14:18:56","modified_gmt":"2024-11-29T07:18:56","slug":"may-hut-khoi-khu-mui-ap-tuong-malloca-skylight-f-213","status":"publish","type":"product","link":"https:\/\/livinghome.vn\/thiet-bi\/may-hut-khoi-khu-mui-ap-tuong-malloca-skylight-f-213\/","title":{"rendered":"M\u00e1y H\u00fat Kh\u00f3i Kh\u1eed M\u00f9i \u2013 \u00c1p T\u01b0\u1eddng Malloca Skylight F-213"},"content":{"rendered":"<h2>M\u00e1y H\u00fat Kh\u00f3i Kh\u1eed M\u00f9i \u2013 \u00c1p T\u01b0\u1eddng Malloca Skylight F-213<\/h2>\n<figure id=\"attachment_21274\" aria-describedby=\"caption-attachment-21274\" style=\"width: 900px\" class=\"wp-caption aligncenter\"><img loading=\"lazy\" decoding=\"async\" class=\"size-full wp-image-21274\" src=\"https:\/\/livinghome.vn\/thiet-bi\/wp-content\/uploads\/2024\/05\/may-hut-khoi-khu-mui-malloca-skylight-f-213-4.jpg\" alt=\"M\u00e1y H\u00fat Kh\u00f3i Kh\u1eed M\u00f9i \u2013 \u00c1p T\u01b0\u1eddng Malloca Skylight F-213\" width=\"900\" height=\"900\" title=\"\" srcset=\"https:\/\/livinghome.vn\/thiet-bi\/wp-content\/uploads\/2024\/05\/may-hut-khoi-khu-mui-malloca-skylight-f-213-4.jpg 900w, https:\/\/livinghome.vn\/thiet-bi\/wp-content\/uploads\/2024\/05\/may-hut-khoi-khu-mui-malloca-skylight-f-213-4-400x400.jpg 400w, https:\/\/livinghome.vn\/thiet-bi\/wp-content\/uploads\/2024\/05\/may-hut-khoi-khu-mui-malloca-skylight-f-213-4-800x800.jpg 800w, https:\/\/livinghome.vn\/thiet-bi\/wp-content\/uploads\/2024\/05\/may-hut-khoi-khu-mui-malloca-skylight-f-213-4-280x280.jpg 280w, https:\/\/livinghome.vn\/thiet-bi\/wp-content\/uploads\/2024\/05\/may-hut-khoi-khu-mui-malloca-skylight-f-213-4-768x768.jpg 768w, https:\/\/livinghome.vn\/thiet-bi\/wp-content\/uploads\/2024\/05\/may-hut-khoi-khu-mui-malloca-skylight-f-213-4-300x300.jpg 300w, https:\/\/livinghome.vn\/thiet-bi\/wp-content\/uploads\/2024\/05\/may-hut-khoi-khu-mui-malloca-skylight-f-213-4-600x600.jpg 600w, https:\/\/livinghome.vn\/thiet-bi\/wp-content\/uploads\/2024\/05\/may-hut-khoi-khu-mui-malloca-skylight-f-213-4-100x100.jpg 100w\" sizes=\"auto, (max-width: 900px) 100vw, 900px\" \/><figcaption id=\"caption-attachment-21274\" class=\"wp-caption-text\">M\u00e1y H\u00fat Kh\u00f3i Kh\u1eed M\u00f9i \u2013 \u00c1p T\u01b0\u1eddng Malloca Skylight F-213<\/figcaption><\/figure>\n<h3>T\u00ednh n\u0103ng c\u01a1 b\u1ea3n<\/h3>\n<p>M\u00e1y h\u00fat kh\u00f3i kh\u1eed m\u00f9i \u2013 \u00e1p t\u01b0\u1eddng<\/p>\n<p>Ch\u1ea5t li\u1ec7u: s\u01a1n t\u0129nh \u0111i\u1ec7n \u0111en, k\u00ednh \u0111en<\/p>\n<h3>Th\u00f4ng s\u1ed1 k\u1ef9 thu\u1eadt<\/h3>\n<p>C\u00f4ng su\u1ea5t h\u00fat: 850m3\/h<\/p>\n<p>\u0110\u1ed9 \u1ed3n: 59dB<\/p>\n<p>C\u00f4ng su\u1ea5t: 220W<\/p>\n<p>K\u00edch th\u01b0\u1edbc: W900 x D480 x H (650-1070)mm<\/p>\n<figure id=\"attachment_21272\" aria-describedby=\"caption-attachment-21272\" style=\"width: 900px\" class=\"wp-caption aligncenter\"><img loading=\"lazy\" decoding=\"async\" class=\"size-full wp-image-21272\" src=\"https:\/\/livinghome.vn\/thiet-bi\/wp-content\/uploads\/2024\/05\/may-hut-khoi-khu-mui-malloca-skylight-f-213-2.jpg\" alt=\"M\u00e1y H\u00fat Kh\u00f3i Kh\u1eed M\u00f9i \u2013 \u00c1p T\u01b0\u1eddng Malloca Skylight F-213\" width=\"900\" height=\"900\" title=\"\" srcset=\"https:\/\/livinghome.vn\/thiet-bi\/wp-content\/uploads\/2024\/05\/may-hut-khoi-khu-mui-malloca-skylight-f-213-2.jpg 900w, https:\/\/livinghome.vn\/thiet-bi\/wp-content\/uploads\/2024\/05\/may-hut-khoi-khu-mui-malloca-skylight-f-213-2-400x400.jpg 400w, https:\/\/livinghome.vn\/thiet-bi\/wp-content\/uploads\/2024\/05\/may-hut-khoi-khu-mui-malloca-skylight-f-213-2-800x800.jpg 800w, https:\/\/livinghome.vn\/thiet-bi\/wp-content\/uploads\/2024\/05\/may-hut-khoi-khu-mui-malloca-skylight-f-213-2-280x280.jpg 280w, https:\/\/livinghome.vn\/thiet-bi\/wp-content\/uploads\/2024\/05\/may-hut-khoi-khu-mui-malloca-skylight-f-213-2-768x768.jpg 768w, https:\/\/livinghome.vn\/thiet-bi\/wp-content\/uploads\/2024\/05\/may-hut-khoi-khu-mui-malloca-skylight-f-213-2-300x300.jpg 300w, https:\/\/livinghome.vn\/thiet-bi\/wp-content\/uploads\/2024\/05\/may-hut-khoi-khu-mui-malloca-skylight-f-213-2-600x600.jpg 600w, https:\/\/livinghome.vn\/thiet-bi\/wp-content\/uploads\/2024\/05\/may-hut-khoi-khu-mui-malloca-skylight-f-213-2-100x100.jpg 100w\" sizes=\"auto, (max-width: 900px) 100vw, 900px\" \/><figcaption id=\"caption-attachment-21272\" class=\"wp-caption-text\">M\u00e1y H\u00fat Kh\u00f3i Kh\u1eed M\u00f9i \u2013 \u00c1p T\u01b0\u1eddng Malloca Skylight F-213<\/figcaption><\/figure>\n<h3>Xu\u1ea5t x\u1ee9: \u00dd<\/h3>\n<p>&nbsp;<\/p>\n","protected":false},"excerpt":{"rendered":"<h2>M\u00e1y H\u00fat Kh\u00f3i Kh\u1eed M\u00f9i \u2013 \u00c1p T\u01b0\u1eddng Malloca Skylight F-213<\/h2>\n<ul>\n<li>M\u00e0u s\u1eafc: inox s\u01a1n t\u0129nh \u0111i\u1ec7n m\u00e0u \u0111en, k\u00ednh \u0111en<\/li>\n<li>\u0110i\u1ec1u khi\u1ec3n remote, 4 t\u1ed1c \u0111\u1ed9<\/li>\n<li>H\u1ec7 th\u1ed1ng \u0111i\u1ec1u khi\u1ec3n k\u1ebft n\u1ed1i v\u1edbi b\u1ebfp \u2013 Intergra<\/li>\n<li>S\u1ee9c h\u00fat: 850m3\/h<\/li>\n<li>\u0110\u1ed9 \u1ed3n: 59dB<\/li>\n<li>C\u00f4ng su\u1ea5t: 220W KT: W900 x D480 x H(645-1135)mm<\/li>\n<\/ul>\n","protected":false},"featured_media":21271,"comment_status":"open","ping_status":"closed","template":"","meta":[],"product_brand":[],"product_cat":[84,274,262],"product_tag":[86,271],"class_list":{"0":"post-21270","1":"product","2":"type-product","3":"status-publish","4":"has-post-thumbnail","6":"product_cat-may-hut-mui","7":"product_cat-may-hut-mui-malloca","8":"product_cat-thuong-hieu-malloca","9":"product_tag-may-hut-mui","10":"product_tag-may-hut-mui-malloca","12":"first","13":"instock","14":"sale","15":"shipping-taxable","16":"purchasable","17":"product-type-simple"},"_links":{"self":[{"href":"https:\/\/livinghome.vn\/thiet-bi\/wp-json\/wp\/v2\/product\/21270","targetHints":{"allow":["GET"]}}],"collection":[{"href":"https:\/\/livinghome.vn\/thiet-bi\/wp-json\/wp\/v2\/product"}],"about":[{"href":"https:\/\/livinghome.vn\/thiet-bi\/wp-json\/wp\/v2\/types\/product"}],"replies":[{"embeddable":true,"href":"https:\/\/livinghome.vn\/thiet-bi\/wp-json\/wp\/v2\/comments?post=21270"}],"wp:featuredmedia":[{"embeddable":true,"href":"https:\/\/livinghome.vn\/thiet-bi\/wp-json\/wp\/v2\/media\/21271"}],"wp:attachment":[{"href":"https:\/\/livinghome.vn\/thiet-bi\/wp-json\/wp\/v2\/media?parent=21270"}],"wp:term":[{"taxonomy":"product_brand","embeddable":true,"href":"https:\/\/livinghome.vn\/thiet-bi\/wp-json\/wp\/v2\/product_brand?post=21270"},{"taxonomy":"product_cat","embeddable":true,"href":"https:\/\/livinghome.vn\/thiet-bi\/wp-json\/wp\/v2\/product_cat?post=21270"},{"taxonomy":"product_tag","embeddable":true,"href":"https:\/\/livinghome.vn\/thiet-bi\/wp-json\/wp\/v2\/product_tag?post=21270"}],"curies":[{"name":"wp","href":"https:\/\/api.w.org\/{rel}","templated":true}]}}