{"id":21265,"date":"2024-05-03T11:31:52","date_gmt":"2024-05-03T04:31:52","guid":{"rendered":"https:\/\/livinghome.vn\/thiet-bi\/?post_type=product&#038;p=21265"},"modified":"2024-11-29T14:18:56","modified_gmt":"2024-11-29T07:18:56","slug":"may-hut-khoi-khu-mui-ap-tuong-malloca-mc-60gtc","status":"publish","type":"product","link":"https:\/\/livinghome.vn\/thiet-bi\/may-hut-khoi-khu-mui-ap-tuong-malloca-mc-60gtc\/","title":{"rendered":"M\u00e1y H\u00fat Kh\u00f3i Kh\u1eed M\u00f9i \u00c1p T\u01b0\u1eddng Malloca MC 60GTC"},"content":{"rendered":"<h2>M\u00e1y H\u00fat Kh\u00f3i Kh\u1eed M\u00f9i \u00c1p T\u01b0\u1eddng Malloca MC 60GTC<\/h2>\n<figure id=\"attachment_21267\" aria-describedby=\"caption-attachment-21267\" style=\"width: 900px\" class=\"wp-caption aligncenter\"><img loading=\"lazy\" decoding=\"async\" class=\"size-full wp-image-21267\" src=\"https:\/\/livinghome.vn\/thiet-bi\/wp-content\/uploads\/2024\/05\/may-hut-khoi-khu-mui-malloca-mc-60gtc-2.jpg\" alt=\"M\u00e1y H\u00fat Kh\u00f3i Kh\u1eed M\u00f9i \u00c1p T\u01b0\u1eddng Malloca MC 60GTC\" width=\"900\" height=\"900\" title=\"\" srcset=\"https:\/\/livinghome.vn\/thiet-bi\/wp-content\/uploads\/2024\/05\/may-hut-khoi-khu-mui-malloca-mc-60gtc-2.jpg 900w, https:\/\/livinghome.vn\/thiet-bi\/wp-content\/uploads\/2024\/05\/may-hut-khoi-khu-mui-malloca-mc-60gtc-2-400x400.jpg 400w, https:\/\/livinghome.vn\/thiet-bi\/wp-content\/uploads\/2024\/05\/may-hut-khoi-khu-mui-malloca-mc-60gtc-2-800x800.jpg 800w, https:\/\/livinghome.vn\/thiet-bi\/wp-content\/uploads\/2024\/05\/may-hut-khoi-khu-mui-malloca-mc-60gtc-2-280x280.jpg 280w, https:\/\/livinghome.vn\/thiet-bi\/wp-content\/uploads\/2024\/05\/may-hut-khoi-khu-mui-malloca-mc-60gtc-2-768x768.jpg 768w, https:\/\/livinghome.vn\/thiet-bi\/wp-content\/uploads\/2024\/05\/may-hut-khoi-khu-mui-malloca-mc-60gtc-2-300x300.jpg 300w, https:\/\/livinghome.vn\/thiet-bi\/wp-content\/uploads\/2024\/05\/may-hut-khoi-khu-mui-malloca-mc-60gtc-2-600x600.jpg 600w, https:\/\/livinghome.vn\/thiet-bi\/wp-content\/uploads\/2024\/05\/may-hut-khoi-khu-mui-malloca-mc-60gtc-2-100x100.jpg 100w\" sizes=\"auto, (max-width: 900px) 100vw, 900px\" \/><figcaption id=\"caption-attachment-21267\" class=\"wp-caption-text\">M\u00e1y H\u00fat Kh\u00f3i Kh\u1eed M\u00f9i \u00c1p T\u01b0\u1eddng Malloca MC 60GTC<\/figcaption><\/figure>\n<h3>T\u00ednh n\u0103ng c\u01a1 b\u1ea3n<\/h3>\n<p>M\u00e1y h\u00fat kh\u00f3i d\u1ea1ng \u00e1p t\u01b0\u1eddng<\/p>\n<p>\u0110i\u1ec1u khi\u1ec3n c\u1ea3m \u1ee9ng<\/p>\n<p>\u0110i\u1ec1u khi\u1ec3n b\u1eb1ng c\u1eed ch\u1ec9<\/p>\n<p>Kh\u1eed m\u00f9i b\u1eb1ng than ho\u1ea1t t\u00ednh v\u00e0 \u0111\u01b0\u1eddng \u1ed1ng tho\u00e1t ra ngo\u00e0i \u00d8150<\/p>\n<p>L\u01b0\u1edbi l\u1ecdc: Nh\u00f4m<\/p>\n<p>Ch\u1ea5t li\u1ec7u: K\u00ednh \u0110en<\/p>\n<h3>Th\u00f4ng s\u1ed1 k\u1ef9 thu\u1eadt<\/h3>\n<p>\u0110\u00e8n LED 2*1.5W v\u00e0 \u0110\u00e8n LED 1*2W<\/p>\n<p>C\u00f4ng su\u1ea5t h\u00fat: 850 m3\/h<\/p>\n<p>\u0110\u1ed9 \u1ed3n: 55dB<\/p>\n<p>\u0110i\u1ec7n \u00e1p: 220-240V\/50Hz<\/p>\n<p>K\u00edch th\u01b0\u1edbc: W600 x D434 x H (960~1340)mm<\/p>\n<figure id=\"attachment_21268\" aria-describedby=\"caption-attachment-21268\" style=\"width: 900px\" class=\"wp-caption aligncenter\"><img loading=\"lazy\" decoding=\"async\" class=\"size-full wp-image-21268\" src=\"https:\/\/livinghome.vn\/thiet-bi\/wp-content\/uploads\/2024\/05\/may-hut-khoi-khu-mui-malloca-mc-60gtc-3.jpg\" alt=\"M\u00e1y H\u00fat Kh\u00f3i Kh\u1eed M\u00f9i \u00c1p T\u01b0\u1eddng Malloca MC 60GTC\" width=\"900\" height=\"900\" title=\"\" srcset=\"https:\/\/livinghome.vn\/thiet-bi\/wp-content\/uploads\/2024\/05\/may-hut-khoi-khu-mui-malloca-mc-60gtc-3.jpg 900w, https:\/\/livinghome.vn\/thiet-bi\/wp-content\/uploads\/2024\/05\/may-hut-khoi-khu-mui-malloca-mc-60gtc-3-400x400.jpg 400w, https:\/\/livinghome.vn\/thiet-bi\/wp-content\/uploads\/2024\/05\/may-hut-khoi-khu-mui-malloca-mc-60gtc-3-800x800.jpg 800w, https:\/\/livinghome.vn\/thiet-bi\/wp-content\/uploads\/2024\/05\/may-hut-khoi-khu-mui-malloca-mc-60gtc-3-280x280.jpg 280w, https:\/\/livinghome.vn\/thiet-bi\/wp-content\/uploads\/2024\/05\/may-hut-khoi-khu-mui-malloca-mc-60gtc-3-768x768.jpg 768w, https:\/\/livinghome.vn\/thiet-bi\/wp-content\/uploads\/2024\/05\/may-hut-khoi-khu-mui-malloca-mc-60gtc-3-300x300.jpg 300w, https:\/\/livinghome.vn\/thiet-bi\/wp-content\/uploads\/2024\/05\/may-hut-khoi-khu-mui-malloca-mc-60gtc-3-600x600.jpg 600w, https:\/\/livinghome.vn\/thiet-bi\/wp-content\/uploads\/2024\/05\/may-hut-khoi-khu-mui-malloca-mc-60gtc-3-100x100.jpg 100w\" sizes=\"auto, (max-width: 900px) 100vw, 900px\" \/><figcaption id=\"caption-attachment-21268\" class=\"wp-caption-text\">M\u00e1y H\u00fat Kh\u00f3i Kh\u1eed M\u00f9i \u00c1p T\u01b0\u1eddng Malloca MC 60GTC<\/figcaption><\/figure>\n<h3>Xu\u1ea5t x\u1ee9: Trung Qu\u1ed1c (theo b\u1ea3n quy\u1ec1n Malloca)<\/h3>\n","protected":false},"excerpt":{"rendered":"<h2>M\u00e1y H\u00fat Kh\u00f3i Kh\u1eed M\u00f9i \u00c1p T\u01b0\u1eddng Malloca MC 60GTC<\/h2>\n<ul>\n<li>M\u00e0u s\u1eafc: k\u00ednh \u0111en<\/li>\n<li>\u0110i\u1ec1u khi\u1ec3n c\u1ea3m \u1ee9ng \/ \u0110i\u1ec1u khi\u1ec3n b\u1eb1ng c\u1eed ch\u1ec9<\/li>\n<li>S\u1ee9c h\u00fat: 850m3\/h<\/li>\n<li>\u0110\u1ed9 \u1ed3n: 55dB<\/li>\n<li>C\u00f4ng su\u1ea5t: 236W<\/li>\n<li>KT: W600 x D434 x H(960~1340)mm<\/li>\n<\/ul>\n","protected":false},"featured_media":21266,"comment_status":"open","ping_status":"closed","template":"","meta":[],"product_brand":[],"product_cat":[84,274,262],"product_tag":[86,271],"class_list":{"0":"post-21265","1":"product","2":"type-product","3":"status-publish","4":"has-post-thumbnail","6":"product_cat-may-hut-mui","7":"product_cat-may-hut-mui-malloca","8":"product_cat-thuong-hieu-malloca","9":"product_tag-may-hut-mui","10":"product_tag-may-hut-mui-malloca","12":"first","13":"instock","14":"sale","15":"shipping-taxable","16":"purchasable","17":"product-type-simple"},"_links":{"self":[{"href":"https:\/\/livinghome.vn\/thiet-bi\/wp-json\/wp\/v2\/product\/21265","targetHints":{"allow":["GET"]}}],"collection":[{"href":"https:\/\/livinghome.vn\/thiet-bi\/wp-json\/wp\/v2\/product"}],"about":[{"href":"https:\/\/livinghome.vn\/thiet-bi\/wp-json\/wp\/v2\/types\/product"}],"replies":[{"embeddable":true,"href":"https:\/\/livinghome.vn\/thiet-bi\/wp-json\/wp\/v2\/comments?post=21265"}],"wp:featuredmedia":[{"embeddable":true,"href":"https:\/\/livinghome.vn\/thiet-bi\/wp-json\/wp\/v2\/media\/21266"}],"wp:attachment":[{"href":"https:\/\/livinghome.vn\/thiet-bi\/wp-json\/wp\/v2\/media?parent=21265"}],"wp:term":[{"taxonomy":"product_brand","embeddable":true,"href":"https:\/\/livinghome.vn\/thiet-bi\/wp-json\/wp\/v2\/product_brand?post=21265"},{"taxonomy":"product_cat","embeddable":true,"href":"https:\/\/livinghome.vn\/thiet-bi\/wp-json\/wp\/v2\/product_cat?post=21265"},{"taxonomy":"product_tag","embeddable":true,"href":"https:\/\/livinghome.vn\/thiet-bi\/wp-json\/wp\/v2\/product_tag?post=21265"}],"curies":[{"name":"wp","href":"https:\/\/api.w.org\/{rel}","templated":true}]}}