{"id":21260,"date":"2024-05-03T11:14:22","date_gmt":"2024-05-03T04:14:22","guid":{"rendered":"https:\/\/livinghome.vn\/thiet-bi\/?post_type=product&#038;p=21260"},"modified":"2024-11-29T14:18:56","modified_gmt":"2024-11-29T07:18:56","slug":"may-hut-khoi-khu-mui-malloca-mc-9086hs-ap-tuong-dang-nghieng","status":"publish","type":"product","link":"https:\/\/livinghome.vn\/thiet-bi\/may-hut-khoi-khu-mui-malloca-mc-9086hs-ap-tuong-dang-nghieng\/","title":{"rendered":"M\u00e1y H\u00fat Kh\u00f3i Kh\u1eed M\u00f9i Malloca MC 9086HS \u2013 \u00c1p T\u01b0\u1eddng D\u1ea1ng Nghi\u00eang"},"content":{"rendered":"<h2>M\u00e1y H\u00fat Kh\u00f3i Kh\u1eed M\u00f9i Malloca MC 9086HS \u2013 \u00c1p T\u01b0\u1eddng D\u1ea1ng Nghi\u00eang<\/h2>\n<figure id=\"attachment_21262\" aria-describedby=\"caption-attachment-21262\" style=\"width: 900px\" class=\"wp-caption aligncenter\"><img loading=\"lazy\" decoding=\"async\" class=\"size-full wp-image-21262\" src=\"https:\/\/livinghome.vn\/thiet-bi\/wp-content\/uploads\/2024\/05\/may-hut-khoi-khu-mui-malloca-mc-9086hs-2.jpg\" alt=\"M\u00e1y H\u00fat Kh\u00f3i Kh\u1eed M\u00f9i Malloca MC 9086HS \u2013 \u00c1p T\u01b0\u1eddng D\u1ea1ng Nghi\u00eang\" width=\"900\" height=\"900\" title=\"\" srcset=\"https:\/\/livinghome.vn\/thiet-bi\/wp-content\/uploads\/2024\/05\/may-hut-khoi-khu-mui-malloca-mc-9086hs-2.jpg 900w, https:\/\/livinghome.vn\/thiet-bi\/wp-content\/uploads\/2024\/05\/may-hut-khoi-khu-mui-malloca-mc-9086hs-2-400x400.jpg 400w, https:\/\/livinghome.vn\/thiet-bi\/wp-content\/uploads\/2024\/05\/may-hut-khoi-khu-mui-malloca-mc-9086hs-2-800x800.jpg 800w, https:\/\/livinghome.vn\/thiet-bi\/wp-content\/uploads\/2024\/05\/may-hut-khoi-khu-mui-malloca-mc-9086hs-2-280x280.jpg 280w, https:\/\/livinghome.vn\/thiet-bi\/wp-content\/uploads\/2024\/05\/may-hut-khoi-khu-mui-malloca-mc-9086hs-2-768x768.jpg 768w, https:\/\/livinghome.vn\/thiet-bi\/wp-content\/uploads\/2024\/05\/may-hut-khoi-khu-mui-malloca-mc-9086hs-2-300x300.jpg 300w, https:\/\/livinghome.vn\/thiet-bi\/wp-content\/uploads\/2024\/05\/may-hut-khoi-khu-mui-malloca-mc-9086hs-2-600x600.jpg 600w, https:\/\/livinghome.vn\/thiet-bi\/wp-content\/uploads\/2024\/05\/may-hut-khoi-khu-mui-malloca-mc-9086hs-2-100x100.jpg 100w\" sizes=\"auto, (max-width: 900px) 100vw, 900px\" \/><figcaption id=\"caption-attachment-21262\" class=\"wp-caption-text\">M\u00e1y H\u00fat Kh\u00f3i Kh\u1eed M\u00f9i Malloca MC 9086HS \u2013 \u00c1p T\u01b0\u1eddng D\u1ea1ng Nghi\u00eang<\/figcaption><\/figure>\n<h3>T\u00ednh n\u0103ng c\u01a1 b\u1ea3n<\/h3>\n<p>M\u00e1y h\u00fat kh\u00f3i kh\u1eed m\u00f9i \u2013 \u00e1p t\u01b0\u1eddng d\u1ea1ng nghi\u00eang<\/p>\n<p>Th\u00e2n m\u00e1y b\u1eb1ng k\u00ednh \u0111en<\/p>\n<p>H\u1ec7 th\u1ed1ng \u0111i\u1ec1u khi\u1ec3n 3 t\u1ed1c \u0111\u1ed9<\/p>\n<h3>Th\u00f4ng s\u1ed1 k\u1ef9 thu\u1eadt<\/h3>\n<p>\u0110\u1ed9 \u1ed3n \u2264 53dB<\/p>\n<p>C\u00f4ng su\u1ea5t h\u00fat: 1200m3\/h<\/p>\n<p>C\u00f4ng su\u1ea5t: 180W<\/p>\n<p>K\u00edch th\u01b0\u1edbc: W895 x D385 x H1174mm<\/p>\n<figure id=\"attachment_21263\" aria-describedby=\"caption-attachment-21263\" style=\"width: 900px\" class=\"wp-caption aligncenter\"><img loading=\"lazy\" decoding=\"async\" class=\"size-full wp-image-21263\" src=\"https:\/\/livinghome.vn\/thiet-bi\/wp-content\/uploads\/2024\/05\/may-hut-khoi-khu-mui-malloca-mc-9086hs-3.jpg\" alt=\"M\u00e1y H\u00fat Kh\u00f3i Kh\u1eed M\u00f9i Malloca MC 9086HS \u2013 \u00c1p T\u01b0\u1eddng D\u1ea1ng Nghi\u00eang\" width=\"900\" height=\"900\" title=\"\" srcset=\"https:\/\/livinghome.vn\/thiet-bi\/wp-content\/uploads\/2024\/05\/may-hut-khoi-khu-mui-malloca-mc-9086hs-3.jpg 900w, https:\/\/livinghome.vn\/thiet-bi\/wp-content\/uploads\/2024\/05\/may-hut-khoi-khu-mui-malloca-mc-9086hs-3-400x400.jpg 400w, https:\/\/livinghome.vn\/thiet-bi\/wp-content\/uploads\/2024\/05\/may-hut-khoi-khu-mui-malloca-mc-9086hs-3-800x800.jpg 800w, https:\/\/livinghome.vn\/thiet-bi\/wp-content\/uploads\/2024\/05\/may-hut-khoi-khu-mui-malloca-mc-9086hs-3-280x280.jpg 280w, https:\/\/livinghome.vn\/thiet-bi\/wp-content\/uploads\/2024\/05\/may-hut-khoi-khu-mui-malloca-mc-9086hs-3-768x768.jpg 768w, https:\/\/livinghome.vn\/thiet-bi\/wp-content\/uploads\/2024\/05\/may-hut-khoi-khu-mui-malloca-mc-9086hs-3-300x300.jpg 300w, https:\/\/livinghome.vn\/thiet-bi\/wp-content\/uploads\/2024\/05\/may-hut-khoi-khu-mui-malloca-mc-9086hs-3-600x600.jpg 600w, https:\/\/livinghome.vn\/thiet-bi\/wp-content\/uploads\/2024\/05\/may-hut-khoi-khu-mui-malloca-mc-9086hs-3-100x100.jpg 100w\" sizes=\"auto, (max-width: 900px) 100vw, 900px\" \/><figcaption id=\"caption-attachment-21263\" class=\"wp-caption-text\">M\u00e1y H\u00fat Kh\u00f3i Kh\u1eed M\u00f9i Malloca MC 9086HS \u2013 \u00c1p T\u01b0\u1eddng D\u1ea1ng Nghi\u00eang<\/figcaption><\/figure>\n<h3>Xu\u1ea5t x\u1ee9: Trung Qu\u1ed1c (theo b\u1ea3n quy\u1ec1n Malloca)<\/h3>\n","protected":false},"excerpt":{"rendered":"<h2>M\u00e1y H\u00fat Kh\u00f3i Kh\u1eed M\u00f9i Malloca MC 9086HS \u2013 \u00c1p T\u01b0\u1eddng D\u1ea1ng Nghi\u00eang<\/h2>\n<ul>\n<li>M\u00e0u s\u1eafc: k\u00ednh \u0111en<\/li>\n<li>\u0110i\u1ec1u khi\u1ec3n c\u1ea3m \u1ee9ng<\/li>\n<li>S\u1ee9c h\u00fat: 1200m3\/h<\/li>\n<li>\u0110\u1ed9 \u1ed3n: 53dB<\/li>\n<li>C\u00f4ng su\u1ea5t: 180W<\/li>\n<li>KT: W895 x D385 x H1174mm<\/li>\n<\/ul>\n","protected":false},"featured_media":21261,"comment_status":"open","ping_status":"closed","template":"","meta":[],"product_brand":[],"product_cat":[84,274,262],"product_tag":[86,271],"class_list":{"0":"post-21260","1":"product","2":"type-product","3":"status-publish","4":"has-post-thumbnail","6":"product_cat-may-hut-mui","7":"product_cat-may-hut-mui-malloca","8":"product_cat-thuong-hieu-malloca","9":"product_tag-may-hut-mui","10":"product_tag-may-hut-mui-malloca","12":"first","13":"instock","14":"sale","15":"shipping-taxable","16":"purchasable","17":"product-type-simple"},"_links":{"self":[{"href":"https:\/\/livinghome.vn\/thiet-bi\/wp-json\/wp\/v2\/product\/21260","targetHints":{"allow":["GET"]}}],"collection":[{"href":"https:\/\/livinghome.vn\/thiet-bi\/wp-json\/wp\/v2\/product"}],"about":[{"href":"https:\/\/livinghome.vn\/thiet-bi\/wp-json\/wp\/v2\/types\/product"}],"replies":[{"embeddable":true,"href":"https:\/\/livinghome.vn\/thiet-bi\/wp-json\/wp\/v2\/comments?post=21260"}],"wp:featuredmedia":[{"embeddable":true,"href":"https:\/\/livinghome.vn\/thiet-bi\/wp-json\/wp\/v2\/media\/21261"}],"wp:attachment":[{"href":"https:\/\/livinghome.vn\/thiet-bi\/wp-json\/wp\/v2\/media?parent=21260"}],"wp:term":[{"taxonomy":"product_brand","embeddable":true,"href":"https:\/\/livinghome.vn\/thiet-bi\/wp-json\/wp\/v2\/product_brand?post=21260"},{"taxonomy":"product_cat","embeddable":true,"href":"https:\/\/livinghome.vn\/thiet-bi\/wp-json\/wp\/v2\/product_cat?post=21260"},{"taxonomy":"product_tag","embeddable":true,"href":"https:\/\/livinghome.vn\/thiet-bi\/wp-json\/wp\/v2\/product_tag?post=21260"}],"curies":[{"name":"wp","href":"https:\/\/api.w.org\/{rel}","templated":true}]}}