{"id":21227,"date":"2024-05-03T10:33:11","date_gmt":"2024-05-03T03:33:11","guid":{"rendered":"https:\/\/livinghome.vn\/thiet-bi\/?post_type=product&#038;p=21227"},"modified":"2024-11-29T14:18:56","modified_gmt":"2024-11-29T07:18:56","slug":"bep-3-tu-kaff-kf-sq520hid","status":"publish","type":"product","link":"https:\/\/livinghome.vn\/thiet-bi\/bep-3-tu-kaff-kf-sq520hid\/","title":{"rendered":"B\u1ebfp 3 t\u1eeb Kaff KF-SQ520HID"},"content":{"rendered":"<h3>Th\u00f4ng s\u1ed1 k\u1ef9 thu\u1eadt\u00a0B\u1ebfp t\u1eeb Kaff\u00a0\u00a0KF-SQ520HID<\/h3>\n<p>\u2022 Ngu\u1ed3n \u0111i\u1ec7n: 220V \u2013 240V AC \/ 50-60Hz cho Vi\u1ec7t Nam<\/p>\n<p>\u2022 K\u00edch th\u01b0\u1edbc m\u1eb7t k\u00ednh: 610\u00d7520 mm<\/p>\n<p>\u2022 K\u00edch th\u01b0\u1edbc kho\u00e9t \u0111\u00e1: 570x490mm<\/p>\n<p><img loading=\"lazy\" decoding=\"async\" class=\"alignnone size-full wp-image-21237\" src=\"https:\/\/livinghome.vn\/thiet-bi\/wp-content\/uploads\/2024\/05\/bep-ba-tu-kaff-kf-sq520hid-2.jpg\" alt=\"\" width=\"918\" height=\"900\" title=\"\" srcset=\"https:\/\/livinghome.vn\/thiet-bi\/wp-content\/uploads\/2024\/05\/bep-ba-tu-kaff-kf-sq520hid-2.jpg 918w, https:\/\/livinghome.vn\/thiet-bi\/wp-content\/uploads\/2024\/05\/bep-ba-tu-kaff-kf-sq520hid-2-408x400.jpg 408w, https:\/\/livinghome.vn\/thiet-bi\/wp-content\/uploads\/2024\/05\/bep-ba-tu-kaff-kf-sq520hid-2-816x800.jpg 816w, https:\/\/livinghome.vn\/thiet-bi\/wp-content\/uploads\/2024\/05\/bep-ba-tu-kaff-kf-sq520hid-2-768x753.jpg 768w, https:\/\/livinghome.vn\/thiet-bi\/wp-content\/uploads\/2024\/05\/bep-ba-tu-kaff-kf-sq520hid-2-600x588.jpg 600w\" sizes=\"auto, (max-width: 918px) 100vw, 918px\" \/><\/p>\n<p><img loading=\"lazy\" decoding=\"async\" class=\"alignnone size-full wp-image-21237\" src=\"https:\/\/livinghome.vn\/thiet-bi\/wp-content\/uploads\/2024\/05\/bep-ba-tu-kaff-kf-sq520hid-2.jpg\" alt=\"\" width=\"918\" height=\"900\" title=\"\" srcset=\"https:\/\/livinghome.vn\/thiet-bi\/wp-content\/uploads\/2024\/05\/bep-ba-tu-kaff-kf-sq520hid-2.jpg 918w, https:\/\/livinghome.vn\/thiet-bi\/wp-content\/uploads\/2024\/05\/bep-ba-tu-kaff-kf-sq520hid-2-408x400.jpg 408w, https:\/\/livinghome.vn\/thiet-bi\/wp-content\/uploads\/2024\/05\/bep-ba-tu-kaff-kf-sq520hid-2-816x800.jpg 816w, https:\/\/livinghome.vn\/thiet-bi\/wp-content\/uploads\/2024\/05\/bep-ba-tu-kaff-kf-sq520hid-2-768x753.jpg 768w, https:\/\/livinghome.vn\/thiet-bi\/wp-content\/uploads\/2024\/05\/bep-ba-tu-kaff-kf-sq520hid-2-600x588.jpg 600w\" sizes=\"auto, (max-width: 918px) 100vw, 918px\" \/><\/p>\n<h3>\u0110\u00e1nh gi\u00e1 t\u1ed5ng quan\u00a0B\u1ebfp t\u1eeb Kaff KF-SQ520HID<\/h3>\n<p>B\u1ebfp t\u1eeb KAFF KF-SQ520HID l\u00e0 m\u1eabu b\u1ebfp t\u1eeb ba v\u00f9ng n\u1ea5u m\u1edbi nh\u1ea5t c\u1ee7a T\u1eadp \u0111o\u00e0n KAFF, \u0111\u01b0\u1ee3c ph\u00e1t tri\u1ec3n th\u00f4ng qua s\u1ef1 h\u1ee3p t\u00e1c chi\u1ebfn l\u01b0\u1ee3c v\u1edbi T\u1eadp \u0111o\u00e0n E.G.O n\u1ed5i ti\u1ebfng c\u1ee7a \u0110\u1ee9c. S\u1ea3n ph\u1ea9m n\u00e0y bao g\u1ed3m c\u00e1c linh ki\u1ec7n ti\u00ean ti\u1ebfn v\u00e0 c\u00f4ng ngh\u1ec7 hi\u1ec7n \u0111\u1ea1i, ph\u00f9 h\u1ee3p v\u1edbi \u0111i\u1ec1u ki\u1ec7n kh\u00ed h\u1eadu v\u00e0 y\u00eau c\u1ea7u n\u1ea5u n\u01b0\u1edbng t\u1ea1i Vi\u1ec7t Nam. V\u1edbi thi\u1ebft k\u1ebf sang tr\u1ecdng v\u00e0 \u0111\u1eb3ng c\u1ea5p, b\u1ebfp t\u1eeb KAFF KF-SQ520HID kh\u00f4ng ch\u1ec9 n\u00e2ng t\u1ea7m kh\u00f4ng gian b\u1ebfp m\u00e0 c\u00f2n l\u00e0 tr\u1ee3 th\u1ee7 \u0111\u1eafc l\u1ef1c trong m\u1ed7i b\u1eefa \u0103n gia \u0111\u00ecnh. S\u1ea3n ph\u1ea9m \u0111\u01b0\u1ee3c nh\u1eadp kh\u1ea9u nguy\u00ean chi\u1ebfc t\u1eeb \u0110\u1ee9c, \u0111\u1ea3m b\u1ea3o tu\u00e2n th\u1ee7 c\u00e1c ti\u00eau chu\u1ea9n ch\u1ea5t l\u01b0\u1ee3ng cao.<\/p>\n","protected":false},"excerpt":{"rendered":"<p>B\u1ebfp 03 t\u1eeb.<\/p>\n<p>M\u1eb7t k\u00ednh Shott Ceran Made in Germany, si\u00eau b\u1ec1n, ch\u1ecbu l\u1ef1c ch\u1ecbu s\u1ed1c nhi\u1ec7t<\/p>\n<p>Bo m\u1ea1ch EGO Made in Germany<\/p>\n<p>C\u00f4ng ngh\u1ec7 bi\u1ebfn t\u1ea7n INVETER ti\u1ebft ki\u1ec7m 40% \u0111i\u1ec7n n\u0103ng<\/p>\n<p>.\u0110i\u1ec1u khi\u1ec3n d\u1ea1ng \u1ea9n hi\u1ec7n \u0111\u1ea1i, tr\u1ef1c ti\u1ebfp tr\u00ean m\u1eb7t b\u1ebfp<\/p>\n<p>Ch\u1ee9c n\u0103ng Booster n\u1ea5u nhanh<\/p>\n<p>Ch\u1ee9c n\u0103ng c\u1ea3m bi\u1ebfn ch\u1ed1ng tr\u00e0n an to\u00e0n khi s\u1eed d\u1ee5ng<\/p>\n<p>Ch\u1ee9c n\u0103ng t\u1ef1 \u0111\u1ed9ng kh\u00f3a b\u00e0n ph\u00edm<\/p>\n<p>Ch\u1ee9c n\u0103ng h\u00e2m<\/p>\n<p>Ch\u1ee9c n\u0103ng r\u00e3 \u0111\u00f4ng<\/p>\n<p>B\u1ebfp c\u00f3 th\u1ec3 s\u1eed d\u1ee5ng v\u1edbi nhi\u1ec1u ngu\u1ed3n \u0111i\u1ec7n kh\u00e1c nhau<\/p>\n<p>Ch\u1eafc n\u0103ng c\u1ea3nh b\u00e1o khi qu\u00e1 nhi\u1ec7t<\/p>\n<p>H\u1eb9n gi\u1edd 99 ph\u00fat<\/p>\n<p>C\u00f4ng su\u1ea5t v\u00f9ng n\u1ea5u 1 + 2: 2100W \/ (3000W)<\/p>\n<p>C\u00f4ng su\u1ea5t v\u00f9ng n\u1ea5u 3: 2800W (Booster 3600W)<\/p>\n<p>&nbsp;<\/p>\n","protected":false},"featured_media":21238,"comment_status":"open","ping_status":"closed","template":"","meta":[],"product_brand":[],"product_cat":[745,716,75,717,164],"product_tag":[],"class_list":{"0":"post-21227","1":"product","2":"type-product","3":"status-publish","4":"has-post-thumbnail","6":"product_cat-bep-dien-tu","7":"product_cat-bep-dien-tu-kaff","8":"product_cat-bep-tu","9":"product_cat-bep-tu-kaff","10":"product_cat-thuong-hieu-kaff","12":"first","13":"instock","14":"sale","15":"shipping-taxable","16":"purchasable","17":"product-type-simple"},"_links":{"self":[{"href":"https:\/\/livinghome.vn\/thiet-bi\/wp-json\/wp\/v2\/product\/21227","targetHints":{"allow":["GET"]}}],"collection":[{"href":"https:\/\/livinghome.vn\/thiet-bi\/wp-json\/wp\/v2\/product"}],"about":[{"href":"https:\/\/livinghome.vn\/thiet-bi\/wp-json\/wp\/v2\/types\/product"}],"replies":[{"embeddable":true,"href":"https:\/\/livinghome.vn\/thiet-bi\/wp-json\/wp\/v2\/comments?post=21227"}],"wp:featuredmedia":[{"embeddable":true,"href":"https:\/\/livinghome.vn\/thiet-bi\/wp-json\/wp\/v2\/media\/21238"}],"wp:attachment":[{"href":"https:\/\/livinghome.vn\/thiet-bi\/wp-json\/wp\/v2\/media?parent=21227"}],"wp:term":[{"taxonomy":"product_brand","embeddable":true,"href":"https:\/\/livinghome.vn\/thiet-bi\/wp-json\/wp\/v2\/product_brand?post=21227"},{"taxonomy":"product_cat","embeddable":true,"href":"https:\/\/livinghome.vn\/thiet-bi\/wp-json\/wp\/v2\/product_cat?post=21227"},{"taxonomy":"product_tag","embeddable":true,"href":"https:\/\/livinghome.vn\/thiet-bi\/wp-json\/wp\/v2\/product_tag?post=21227"}],"curies":[{"name":"wp","href":"https:\/\/api.w.org\/{rel}","templated":true}]}}