{"id":21224,"date":"2024-05-02T16:57:02","date_gmt":"2024-05-02T09:57:02","guid":{"rendered":"https:\/\/livinghome.vn\/thiet-bi\/?post_type=product&#038;p=21224"},"modified":"2024-11-29T14:18:56","modified_gmt":"2024-11-29T07:18:56","slug":"tu-lanh-beko-inverter-250-lit-rdnt271i50vhfsu","status":"publish","type":"product","link":"https:\/\/livinghome.vn\/thiet-bi\/tu-lanh-beko-inverter-250-lit-rdnt271i50vhfsu\/","title":{"rendered":"T\u1ee7 L\u1ea1nh Beko Inverter 250 l\u00edt RDNT271I50VHFSU"},"content":{"rendered":"<h2><span style=\"font-weight: 400\">Gi\u1edbi thi\u1ec7u t\u1ee7 l\u1ea1nh Beko Inverter RDNT271I50VHFSU<\/span><\/h2>\n<p><span style=\"font-weight: 400\">T\u1ee7 l\u1ea1nh Beko Inverter RDNT271I50VHFSU dung t\u00edch 250 l\u00edt l\u00e0 m\u1ed9t l\u1ef1a ch\u1ecdn ph\u1ed5 bi\u1ebfn, t\u00edch h\u1ee3p c\u00f4ng ngh\u1ec7 Inverter gi\u00fap ti\u1ebft ki\u1ec7m n\u0103ng l\u01b0\u1ee3ng v\u00e0 duy tr\u00ec nhi\u1ec7t \u0111\u1ed9 \u1ed5n \u0111\u1ecbnh. Thi\u1ebft k\u1ebf hi\u1ec7n \u0111\u1ea1i v\u1edbi c\u1eeda t\u1ee7 ch\u1ea5t li\u1ec7u kim lo\u1ea1i gi\u1ea3 g\u01b0\u01a1ng \u00e1nh kim \u2013 Uniglass, ho\u1ea1t \u0111\u1ed9ng \u00eam \u00e1i, l\u00e0m l\u1ea1nh nhanh ch\u00f3ng, c\u00f3 ng\u0103n c\u1ea5p \u0111\u00f4ng m\u1ec1m NutriFreeze -3\u00b0C ti\u1ec7n l\u01b0u tr\u1eef th\u1ef1c ph\u1ea9m m\u00e0 kh\u00f4ng c\u1ea7n r\u00e3 \u0111\u00f4ng v\u00e0 c\u00e1c t\u00ednh n\u0103ng ti\u1ec7n \u00edch kh\u00e1c.<\/span><\/p>\n<h2><span style=\"font-weight: 400\">\u0110\u1eb7c \u0111i\u1ec3m n\u1ed5i b\u1eadt<\/span><\/h2>\n<ul>\n<li style=\"font-weight: 400\"><span style=\"font-weight: 400\">C\u00f4ng ngh\u1ec7 Prosmart Inverter ti\u1ebft ki\u1ec7m \u0111i\u1ec7n n\u0103ng hi\u1ec7u qu\u1ea3.<\/span><\/li>\n<li style=\"font-weight: 400\"><span style=\"font-weight: 400\">C\u00f4ng ngh\u1ec7 NeoFrost Technology l\u00e0m l\u1ea1nh, b\u1ea3o qu\u1ea3n th\u1ef1c ph\u1ea9m.<\/span><\/li>\n<li><span style=\"font-weight: 400\">Ng\u0103n c\u1ea5p \u0111\u00f4ng m\u1ec1m NutriFreeze -3\u00b0C ti\u1ec7n l\u01b0u tr\u1eef th\u1ef1c ph\u1ea9m m\u00e0 kh\u00f4ng c\u1ea7n r\u00e3 \u0111\u00f4ng<\/span><\/li>\n<li><span style=\"font-weight: 400\">S\u1eed d\u1ee5ng \u00e1nh s\u00e1ng vi ch\u1ea5t 3 m\u00e0u Harvest Fresh b\u1ea3o qu\u1ea3n rau c\u1ee7 qu\u1ea3.<\/span><\/li>\n<li style=\"font-weight: 400\"><span style=\"font-weight: 400\">Khay ch\u1ee9a k\u00ednh ch\u1ecbu l\u1ef1c<\/span><\/li>\n<li style=\"font-weight: 400\"><span style=\"font-weight: 400\">C\u00f3 b\u1ed9 l\u1ecdc kh\u1eed m\u00f9i carbon ho\u1ea1t t\u00ednh di\u1ec7t tr\u00f9ng v\u00e0 kh\u1eed m\u00f9i lu\u1ed3ng kh\u00ed.<\/span><\/li>\n<li style=\"font-weight: 400\"><span style=\"font-weight: 400\">Trang b\u1ecb h\u1ec7 th\u1ed1ng \u0111\u00e8n LED gi\u00fap t\u0103ng c\u01b0\u1eddng l\u01b0\u1ee3ng vitamin C cho rau c\u1ee7 qu\u1ea3.<\/span><\/li>\n<\/ul>\n<h2><span style=\"font-weight: 400\">\u0110\u00e1nh gi\u00e1 s\u1ea3n ph\u1ea9m<\/span><\/h2>\n<p><b>Thi\u1ebft k\u1ebf hi\u1ec7n \u0111\u1ea1i<\/b><\/p>\n<p><span style=\"font-weight: 400\">\u0110\u00e2y l\u00e0 d\u00f2ng t\u1ee7 l\u1ea1nh ng\u0103n \u0111\u00e1 tr\u00ean c\u00f3 2 c\u00e1nh c\u1eeda l\u00e0m t\u1eeb ch\u1ea5t li\u1ec7u kim lo\u1ea1i gi\u1ea3 g\u01b0\u01a1ng \u00e1nh kim \u2013 Uniglass, sang tr\u1ecdng k\u1ebft h\u1ee3p v\u1edbi t\u00f4ng m\u00e0u \u0111en thu\u1ea7n khi\u1ebft h\u00f2a nh\u1eadp v\u00e0o kh\u00f4ng gian n\u1ed9i th\u1ea5t c\u1ee7a c\u0103n b\u1ebfp gia \u0111\u00ecnh.\u00a0<\/span><\/p>\n<p><span style=\"font-weight: 400\">Dung t\u00edch s\u1eed d\u1ee5ng c\u1ee7a chi\u1ebfc t\u1ee7 l\u1ea1nh Beko n\u00e0y l\u00e0 250 l\u00edt \u0111\u1ee7 kh\u00f4ng gian \u0111\u1ec3 l\u01b0u tr\u1eef th\u1ef1c ph\u1ea9m h\u1eb1ng ng\u00e0y cho gia \u0111\u00ecnh c\u00f3 t\u1eeb 2 &#8211; 3 th\u00e0nh vi\u00ean.\u00a0<\/span><\/p>\n<p><b>Ng\u0103n \u0111\u00e1<\/b><\/p>\n<p><span style=\"font-weight: 400\">C\u00f3 ng\u0103n \u0111\u00e1 dung t\u00edch 68 l\u00edt, trong th\u00e2n t\u1ee7 c\u00f3 m\u1ed9t k\u1ec7 chia th\u00e0nh 2 ng\u0103n ch\u1ee9a \u0111\u1ed3 v\u00e0 2 khay \u1edf b\u00ean c\u00e1nh c\u1eeda cho b\u1ea1n tho\u1ea3i m\u00e1i \u0111\u1eb7t c\u00e1c lo\u1ea1i th\u1ef1c ph\u1ea9m, \u0111\u1ed3 u\u1ed1ng c\u1ea7n \u0111\u00f4ng l\u1ea1nh v\u00e0o g\u1ecdn g\u00e0ng.<\/span><\/p>\n<p><span style=\"font-weight: 400\">B\u00ean c\u1ea1nh \u0111\u00f3 c\u00f2n c\u00f3 h\u1ed9p l\u00e0m \u0111\u00e1 vi\u00ean thi\u1ebft k\u1ebf d\u1ec5 d\u00e0ng th\u00e1o r\u1eddi, cho b\u1ea1n ti\u1ec7n l\u1ea5y ra khi mu\u1ed1n t\u0103ng kh\u00f4ng gian tr\u1ed1ng trong t\u1ee7 ho\u1eb7c c\u1ea7n di chuy\u1ec3n, thay \u0111\u1ed5i v\u1ecb tr\u00ed \u0111\u1eb7t h\u1ed9p.<\/span><\/p>\n<p><b>Ng\u0103n l\u1ea1nh<\/b><\/p>\n<p><span style=\"font-weight: 400\">Ng\u0103n l\u1ea1nh c\u00f3 dung t\u00edch 182 l\u00edt, thi\u1ebft k\u1ebf 3 k\u1ec7 chia l\u00e0m 4 ng\u0103n ch\u1ee9a, 1 ng\u0103n c\u1ea5p \u0111\u00f4ng m\u1ec1m v\u00e0 1 h\u1ed9c chuy\u00ean d\u00f9ng \u0111\u1ec3 \u0111\u1ef1ng rau c\u1ee7 qu\u1ea3. Ngo\u00e0i ra, tr\u00ean c\u00e1nh t\u1ee7 c\u00f2n c\u00f3 5 khay ch\u1ee9a cung c\u1ea5p kh\u00f4ng gian cho b\u1ea1n \u0111\u1eb7t tr\u1ee9ng, socola, ph\u00f4 mai, m\u1ee9t, \u0111\u1ed3 u\u1ed1ng,&#8230;<\/span><\/p>\n<p><span style=\"font-weight: 400\">C\u00e1c khay trong ng\u0103n l\u1ea1nh n\u00e0y \u0111\u01b0\u1ee3c l\u00e0m b\u1eb1ng k\u00ednh ch\u1ecbu l\u1ef1c cho \u0111\u1ed9 b\u1ec1n cao, r\u1eafn ch\u1eafc, ch\u1ecbu \u0111\u01b0\u1ee3c t\u1ea3i tr\u1ecdng l\u00ean t\u1edbi 100 kg.\u00a0<\/span><\/p>\n<p><b>C\u00f4ng ngh\u1ec7 ti\u1ebft ki\u1ec7m \u0111i\u1ec7n<\/b><\/p>\n<p><span style=\"font-weight: 400\"><strong>C\u00f4ng ngh\u1ec7 Prosmart Inverter:<\/strong> t\u00edch h\u1ee3p m\u00e1y n\u00e9n bi\u1ebfn t\u1ea7n ProSmart Inverter cho t\u1ed1c \u0111\u1ed9 l\u00e0m l\u1ea1nh nhanh, ti\u1ebft ki\u1ec7m \u0111i\u1ec7n n\u0103ng v\u00e0 \u0111\u1ea3m b\u1ea3o thi\u1ebft b\u1ecb v\u1eadn h\u00e0nh \u00eam \u00e1i h\u01a1n g\u1ea5p 4 l\u1ea7n so v\u1edbi m\u00e1y n\u00e9n tr\u00ean t\u1ee7 l\u1ea1nh th\u00f4ng th\u01b0\u1eddng. \u0110\u1eb7c bi\u1ec7t, c\u00f4ng ngh\u1ec7 n\u00e0y cho kh\u1ea3 n\u0103ng th\u00edch nghi v\u1edbi dao \u0111\u1ed9ng nhi\u1ec7t t\u1ed1t, gi\u1eef th\u1ef1c ph\u1ea9m t\u01b0\u01a1i ngon l\u00e2u h\u01a1n, \u00edt t\u1ed1n chi ph\u00ed \u0111i\u1ec7n h\u1eb1ng th\u00e1ng cho gia \u0111\u00ecnh.<\/span><\/p>\n<p><span style=\"font-weight: 400\"><strong>Ch\u1ebf \u0111\u1ed9 Holiday:<\/strong> duy tr\u00ec nhi\u1ec7t \u0111\u1ed9 th\u1ea5p trong ng\u0103n m\u00e1t v\u00e0 ng\u0103n \u0111\u00e1, h\u1ea1n ch\u1ebf hao ph\u00ed \u0111i\u1ec7n n\u0103ng, \u0111\u1ea3m b\u1ea3o cho thi\u1ebft b\u1ecb kh\u00f4ng t\u00edch t\u1ee5 n\u1ea5m m\u1ed1c trong su\u1ed1t th\u1eddi gian b\u1ea1n \u0111i du l\u1ecbch, c\u00f4ng t\u00e1c. L\u01b0u \u00fd l\u00e0 khi kh\u1edfi \u0111\u1ed9ng ch\u1ebf \u0111\u1ed9 n\u00e0y th\u00ec kh\u00f4ng \u0111\u1eb7t b\u1ea5t k\u1ef3 th\u1ef1c ph\u1ea9m n\u00e0o b\u00ean trong.\u00a0<\/span><\/p>\n<p><b>C\u00f4ng ngh\u1ec7 l\u00e0m l\u1ea1nh v\u00e0 b\u1ea3o qu\u1ea3n th\u1ef1c ph\u1ea9m<\/b><\/p>\n<p><span style=\"font-weight: 400\">C\u00f4ng ngh\u1ec7 NeoFrost Technology hai d\u00e0n l\u1ea1nh \u0111\u1ed9c l\u1eadp: thi\u1ebft l\u1eadp h\u1ec7 th\u1ed1ng l\u00e0m l\u1ea1nh ri\u00eang cho t\u1eebng ng\u0103n t\u1ee7 b\u1ea3o qu\u1ea3n th\u1ef1c ph\u1ea9m t\u01b0\u01a1i ngon, kh\u00f4ng b\u1ecb l\u1eabn m\u00f9i, tr\u00e1nh nhi\u1ec5m khu\u1ea9n ch\u00e9o, kh\u00f4ng b\u1ecb \u0111\u00f3ng tuy\u1ebft.<\/span><\/p>\n<p><span style=\"font-weight: 400\">Ng\u0103n c\u1ea5p \u0111\u00f4ng m\u1ec1m NutriFreeze -3\u00b0C: \u1ede \u0111\u1ed9 l\u1ea1nh -3\u00b0C, c\u00e1c tinh th\u1ec3 b\u0103ng s\u1ebd ph\u1ee7 tr\u00ean b\u1ec1 m\u1eb7t th\u1ef1c ph\u1ea9m ch\u1ee9 kh\u00f4ng \u0111\u00f4ng c\u1ee9ng v\u00e0o s\u00e2u b\u00ean trong, gi\u00fap \u0111\u00f4ng m\u1ec1m hi\u1ec7u qu\u1ea3 m\u00e0 kh\u00f4ng l\u00e0m ph\u00e1 v\u1ee1 c\u1ea5u tr\u00fac t\u1ebf b\u00e0o th\u1ef1c ph\u1ea9m, gi\u1eef nguy\u00ean v\u1eb9n d\u01b0\u1ee1ng ch\u1ea5t l\u00ean \u0111\u1ebfn 7 ng\u00e0y v\u00e0 ch\u1ebf bi\u1ebfn th\u1ef1c ph\u1ea9m ngay kh\u00f4ng c\u1ea7n r\u00e3 \u0111\u00f4ng.<\/span><\/p>\n<p><span style=\"font-weight: 400\">*Intertek l\u00e0 nh\u00e0 cung c\u1ea5p d\u1ecbch v\u1ee5 ki\u1ec3m \u0111\u1ecbnh h\u00e0ng \u0111\u1ea7u v\u1edbi h\u01a1n 40,000 nh\u00e2n vi\u00ean v\u00e0 1,000 v\u0103n ph\u00f2ng t\u1ea1i h\u01a1n 100 qu\u1ed1c gia. Intertek \u0111\u00e3 \u0111\u01b0\u1ee3c ch\u1ee9ng nh\u1eadn, c\u00f4ng nh\u1eadn v\u00e0 h\u1ee3p t\u00e1c r\u1ed9ng r\u00e3i tr\u00ean to\u00e0n c\u1ea7u. B\u1ea5t c\u1ee9 s\u1ea3n ph\u1ea9m n\u00e0o, khi \u0111\u01b0\u1ee3c Intertek ki\u1ec3m \u0111\u1ecbnh th\u00ec \u0111\u1ec1u c\u00f3 th\u1ec3 \u0111\u1ea3m b\u1ea3o s\u1ea3n ph\u1ea9m \u0111\u00f3 \u0111\u00e1p \u1ee9ng \u0111\u01b0\u1ee3c c\u00e1c ti\u00eau chu\u1ea9n v\u1ec1 ch\u1ea5t l\u01b0\u1ee3ng, y t\u1ebf, m\u00f4i tr\u01b0\u1eddng, an to\u00e0n v\u00e0 tr\u00e1ch nhi\u1ec7m x\u00e3 h\u1ed9i \u00e1p d\u1ee5ng t\u1ea1i b\u1ea5t k\u1ef3 th\u1ecb tr\u01b0\u1eddng n\u00e0o tr\u00ean th\u1ebf gi\u1edbi.<\/span><\/p>\n<p><span style=\"font-weight: 400\">*Ng\u0103n c\u1ea5p \u0111\u00f4ng m\u1ec1m NutriFreeze -3\u00b0C tr\u00ean t\u1ee7 l\u1ea1nh Beko \u0111\u01b0\u1ee3c Intertek c\u00f4ng nh\u1eadn c\u00f3 th\u1ec3 b\u1ea3o qu\u1ea3n th\u1ef1c ph\u1ea9m kh\u00f4ng c\u1ea7n r\u00e3 \u0111\u00f4ng gi\u1eef tr\u1ecdn v\u1eb9n d\u01b0\u1ee1ng ch\u1ea5t, t\u01b0\u01a1i ngon l\u00ean \u0111\u1ebfn 7 ng\u00e0y.<\/span><\/p>\n<p><span style=\"font-weight: 400\">Ng\u0103n rau c\u1ee7 qu\u1ea3 \u00e1nh s\u00e1ng vi ch\u1ea5t 3 m\u00e0u Harvest Fresh: \u1ee9ng d\u1ee5ng c\u00f4ng ngh\u1ec7 HarvestFresh trong ng\u0103n ch\u1ee9a rau c\u1ee7 qu\u1ea3, s\u1eed d\u1ee5ng \u00e1nh s\u00e1ng vi ch\u1ea5t g\u1ed3m 3 s\u1eafc s\u00e1ng l\u00e0 l\u1ee5c, lam, \u0111\u1ecf m\u00f4 ph\u1ecfng theo chu k\u1ef3 \u00e1nh n\u1eafng m\u1eb7t tr\u1eddi trong 1 ng\u00e0y gi\u00fap l\u01b0u tr\u1eef tr\u00e1i c\u00e2y, rau c\u1ee7 t\u01b0\u01a1i ngon, gi\u1eef tr\u1ecdn v\u1eb9n d\u01b0\u1ee1ng ch\u1ea5t, vitamin nh\u1ea5t l\u00e0 vitamin A v\u00e0 vitamin C.<\/span><\/p>\n<p><b>C\u00f4ng ngh\u1ec7 kh\u00e1ng khu\u1ea9n kh\u1eed m\u00f9i<\/b><\/p>\n<p><span style=\"font-weight: 400\">S\u1eed d\u1ee5ng b\u1ed9 l\u1ecdc than ho\u1ea1t t\u00ednh gi\u00fap lo\u1ea1i b\u1ecf vi khu\u1ea9n, m\u00f9i h\u00f4i ra kh\u1ecfi lu\u1ed3ng h\u01a1i l\u1ea1nh l\u01b0u th\u00f4ng b\u00ean trong t\u1ee7 l\u1ea1nh gi\u1eef cho kh\u00f4ng gian t\u1ee7 tho\u00e1ng s\u1ea1ch, b\u1ea3o v\u1ec7 th\u1ef1c ph\u1ea9m t\u1ed1t h\u01a1n v\u00e0 m\u1ed7i l\u1ea7n m\u1edf c\u1eeda t\u1ee7 ra b\u1ea1n kh\u00f4ng c\u00f2n ph\u1ea3i b\u1ecbt m\u0169i v\u00ec s\u1ee3 c\u00f3 m\u00f9i kh\u00f3 ch\u1ecbu tho\u00e1t ra t\u1eeb b\u00ean trong.\u00a0<\/span><\/p>\n<p><b>Ti\u1ec7n \u00edch<\/b><\/p>\n<ul>\n<li><span style=\"font-weight: 400\">Chu\u00f4ng b\u00e1o khi qu\u00ean \u0111\u00f3ng c\u1eeda: khi t\u1ee7 l\u1ea1nh Inverter ph\u00e1t hi\u1ec7n b\u1ea1n m\u1edf c\u1eeda t\u1ee7 qu\u00e1 l\u00e2u, \u0111\u00f3ng c\u1eeda kh\u00f4ng k\u00edn, thi\u1ebft b\u1ecb s\u1ebd t\u1ef1 \u0111\u1ed9ng ph\u00e1t ra chu\u00f4ng th\u00f4ng b\u00e1o \u0111\u1ec3 b\u1ea1n d\u1ec5 d\u00e0ng nh\u1eadn bi\u1ebft.<\/span><\/li>\n<li><span style=\"font-weight: 400\">H\u1ed9p \u0111\u00e1 xoay di \u0111\u1ed9ng: thi\u1ebft k\u1ebf d\u1ec5 d\u00e0ng t\u1ea1o v\u00e0 l\u1ea5y \u0111\u00e1 vi\u00ean, ti\u1ec7n d\u1ee5ng.<\/span><\/li>\n<\/ul>\n<p><b>L\u01b0u \u00fd:<\/b><\/p>\n<p><span style=\"font-weight: 400\">Sau khi nh\u1eadn t\u1ee7 l\u1ea1nh \u00edt nh\u1ea5t t\u1eeb 2-4 gi\u1edd, Qu\u00fd kh\u00e1ch m\u1edbi \u0111\u01b0\u1ee3c c\u1eafm \u0111i\u1ec7n \u0111\u1ec3 t\u1ee7 \u1ed5n \u0111\u1ecbnh kh\u00ed gas v\u00e0 tr\u00e1nh t\u00ecnh tr\u1ea1ng s\u1ed1c \u0111i\u1ec7n do c\u1eafm \u0111i\u1ec7n.<\/span><\/p>\n<p><span style=\"font-weight: 400\">H\u00ecnh \u1ea3nh s\u1ea3n ph\u1ea9m ch\u1ec9 c\u00f3 t\u00ednh ch\u1ea5t minh h\u1ecda, chi ti\u1ebft s\u1ea3n ph\u1ea9m, m\u00e0u s\u1eafc, thi\u1ebft k\u1ebf v\u00e0 th\u00f4ng s\u1ed1 k\u1ef9 thu\u1eadt c\u00f3 th\u1ec3 thay \u0111\u1ed5i t\u00f9y theo s\u1ea3n ph\u1ea9m th\u1ef1c t\u1ebf m\u00e0 kh\u00f4ng c\u1ea7n th\u00f4ng b\u00e1o tr\u01b0\u1edbc.<\/span><\/p>\n","protected":false},"excerpt":{"rendered":"<p><span style=\"font-weight: 400\">Ki\u1ec3u t\u1ee7: Ng\u0103n \u0111\u00e1 tr\u00ean<\/span><\/p>\n<p><span style=\"font-weight: 400\">Dung t\u00edch s\u1eed d\u1ee5ng: 250 l\u00edt &#8211; 2 &#8211; 3 ng\u01b0\u1eddi<\/span><\/p>\n<p><span style=\"font-weight: 400\">C\u00f4ng ngh\u1ec7 ti\u1ebft ki\u1ec7m \u0111i\u1ec7n: Prosmart InverterCh\u1ebf \u0111\u1ed9 Holiday<\/span><\/p>\n<p><span style=\"font-weight: 400\">C\u00f4ng ngh\u1ec7 l\u00e0m l\u1ea1nh: NeoFrost Technology hai d\u00e0n l\u1ea1nh \u0111\u1ed9c l\u1eadp<\/span><\/p>\n<p><span style=\"font-weight: 400\">C\u00f4ng ngh\u1ec7 kh\u00e1ng khu\u1ea9n kh\u1eed m\u00f9i: B\u1ed9 l\u1ecdc m\u00f9i, kh\u00e1ng khu\u1ea9n than ho\u1ea1t t\u00ednh<\/span><\/p>\n<p><span style=\"font-weight: 400\">C\u00f4ng ngh\u1ec7 b\u1ea3o qu\u1ea3n th\u1ef1c ph\u1ea9m: Ng\u0103n rau c\u1ee7 qu\u1ea3 \u00e1nh s\u00e1ng vi ch\u1ea5t 3 m\u00e0u Harvest FreshNg\u0103n c\u1ea5p \u0111\u00f4ng m\u1ec1m NutriFreeze -3\u00b0C b\u1ea3o qu\u1ea3n th\u1ef1c ph\u1ea9m kh\u00f4ng c\u1ea7n r\u00e3 \u0111\u00f4ng<\/span><\/p>\n<p><span style=\"font-weight: 400\">Ti\u1ec7n \u00edch: H\u1ed9p \u0111\u00e1 xoay di \u0111\u1ed9ngCh\u1ebf \u0111\u1ed9 c\u1ea5p \u0111\u00f4ng nhanhChu\u00f4ng b\u00e1o khi qu\u00ean \u0111\u00f3ng c\u1eeda<\/span><\/p>\n<p><span style=\"font-weight: 400\">K\u00edch th\u01b0\u1edbc: Cao 165 cm &#8211; R\u1ed9ng 54 cm &#8211; S\u00e2u 60 cm\u00a0<\/span><\/p>\n<p><span style=\"font-weight: 400\">Kh\u1ed1i l\u01b0\u1ee3ng: N\u1eb7ng 47 kg<\/span><\/p>\n<p><span style=\"font-weight: 400\">N\u01a1i s\u1ea3n xu\u1ea5t: Th\u00e1i Lan<\/span><\/p>\n<p><span style=\"font-weight: 400\">N\u0103m ra m\u1eaft: 2023<\/span><\/p>\n<p><span style=\"font-weight: 400\">H\u00e3ng: Beko<\/span><\/p>\n","protected":false},"featured_media":21225,"comment_status":"open","ping_status":"closed","template":"","meta":[],"product_brand":[],"product_cat":[71,1995,201,1996],"product_tag":[203,1997,1998],"class_list":{"0":"post-21224","1":"product","2":"type-product","3":"status-publish","4":"has-post-thumbnail","6":"product_cat-thuong-hieu","7":"product_cat-thuong-hieu-beko","8":"product_cat-tu-lanh","9":"product_cat-tu-lanh-beko","10":"product_tag-tu-lanh","11":"product_tag-tu-lanh-2-ngan","12":"product_tag-tu-lanh-beko","14":"first","15":"instock","16":"sale","17":"shipping-taxable","18":"purchasable","19":"product-type-simple"},"_links":{"self":[{"href":"https:\/\/livinghome.vn\/thiet-bi\/wp-json\/wp\/v2\/product\/21224","targetHints":{"allow":["GET"]}}],"collection":[{"href":"https:\/\/livinghome.vn\/thiet-bi\/wp-json\/wp\/v2\/product"}],"about":[{"href":"https:\/\/livinghome.vn\/thiet-bi\/wp-json\/wp\/v2\/types\/product"}],"replies":[{"embeddable":true,"href":"https:\/\/livinghome.vn\/thiet-bi\/wp-json\/wp\/v2\/comments?post=21224"}],"wp:featuredmedia":[{"embeddable":true,"href":"https:\/\/livinghome.vn\/thiet-bi\/wp-json\/wp\/v2\/media\/21225"}],"wp:attachment":[{"href":"https:\/\/livinghome.vn\/thiet-bi\/wp-json\/wp\/v2\/media?parent=21224"}],"wp:term":[{"taxonomy":"product_brand","embeddable":true,"href":"https:\/\/livinghome.vn\/thiet-bi\/wp-json\/wp\/v2\/product_brand?post=21224"},{"taxonomy":"product_cat","embeddable":true,"href":"https:\/\/livinghome.vn\/thiet-bi\/wp-json\/wp\/v2\/product_cat?post=21224"},{"taxonomy":"product_tag","embeddable":true,"href":"https:\/\/livinghome.vn\/thiet-bi\/wp-json\/wp\/v2\/product_tag?post=21224"}],"curies":[{"name":"wp","href":"https:\/\/api.w.org\/{rel}","templated":true}]}}