{"id":2113,"date":"2023-01-12T16:45:49","date_gmt":"2023-01-12T16:45:49","guid":{"rendered":"https:\/\/livinghome.vn\/thiet-bi\/?post_type=product&#038;p=2113"},"modified":"2024-11-29T14:20:33","modified_gmt":"2024-11-29T07:20:33","slug":"chau-rua-teka-classic-2-1-2b-lap-noi-2%c2%bd-hoc-rua-100cm","status":"publish","type":"product","link":"https:\/\/livinghome.vn\/thiet-bi\/chau-rua-teka-classic-2-1-2b-lap-noi-2%c2%bd-hoc-rua-100cm\/","title":{"rendered":"Ch\u1eadu r\u1eeda Teka CLASSIC 2 1\/2B l\u1eafp n\u1ed5i 2\u00bd h\u1ed9c r\u1eeda 100cm"},"content":{"rendered":"<h2>Ch\u1eadu r\u1eeda Teka CLASSIC 2 1\/2B l\u1eafp n\u1ed5i 2\u00bd h\u1ed9c r\u1eeda nh\u1eadp kh\u1ea9u T\u00e2y Ban Nha<\/h2>\n<p>Ch\u1eadu r\u1eeda Teka CLASSIC 2 1\/2B Nh\u1eadp kh\u1ea9u t\u1eeb ch\u00e2u \u00c2u g\u1ed3m 3 ch\u1eadu r\u1eeda (2 h\u1ed9c r\u1eeda ch\u00ednh v\u1edbi 1 h\u1ed9c r\u1eeda ph\u1ee5) ti\u1ec7n l\u1ee3i, ki\u1ebfu d\u00e1ng \u0111\u01b0\u1ee3c thi\u1ebft k\u1ebf \u0111\u1ed9c \u0111\u00e1o, m\u1edbi l\u1ea1, \u0111\u01b0\u1eddng n\u00e9t tinh s\u1ea3o c\u00f9ng nhi\u1ec1u ch\u1ee9c n\u0103ng hi\u1ec7n \u0111\u1ea1i kh\u00e1c. Ch\u1eadu \u0111\u01b0\u1ee3c l\u00e0m b\u1eb1ng ch\u1ea5t li\u1ec7u th\u00e9p kh\u00f4ng g\u1ec9 AISI 304, b\u1ec1n \u0111\u1eb9p, sang tr\u1ecdng, d\u1ec5 d\u00e0ng th\u00e1o l\u1eafp v\u1ec7 sinh, gi\u00fap ch\u1eadu lu\u00f4n s\u00e1ng b\u00f3ng nh\u01b0 m\u1edbi, t\u1ea1o c\u1ea3m gi\u00e1c tho\u1ea3i m\u00e1i nh\u1ea5t cho ng\u01b0\u1eddi s\u1eed d\u1ee5ng, Ch\u1eadu \u0111\u01b0\u1ee3c l\u1eafp n\u1ed5i, c\u00f3 th\u1ec3 \u0111\u1ea3o chi\u1ec1u.<\/p>\n<figure id=\"attachment_65545\" aria-describedby=\"caption-attachment-65545\" style=\"width: 800px\" class=\"wp-caption alignnone\"><img loading=\"lazy\" decoding=\"async\" class=\"size-large wp-image-65545\" src=\"https:\/\/livinghome.vn\/thiet-bi\/wp-content\/uploads\/nha-bep\/teka\/chau-rua\/chau-rua-teka-classic-2-12-b\/chau-rua-teka-classic-2-12-b-1-800x800.jpg\" alt=\"Ch\u1eadu r\u1eeda Teka CLASSIC 2 1\/2B l\u1eafp n\u1ed5i 2\u00bd h\u1ed9c r\u1eeda 100cm\" width=\"800\" height=\"800\" title=\"\"><figcaption id=\"caption-attachment-65545\" class=\"wp-caption-text\">Ch\u1eadu r\u1eeda Teka CLASSIC 2 1\/2B l\u1eafp n\u1ed5i 2\u00bd h\u1ed9c r\u1eeda 100cm<\/figcaption><\/figure>\n<h3><strong>T\u00ednh n\u0103ng c\u01a1 b\u1ea3n<\/strong><\/h3>\n<ul>\n<li><a href=\"https:\/\/livinghome.vn\/thiet-bi\/dung-cu-nha-bep\/chau-rua-chen\/\">Ch\u1eadu r\u1eeda<\/a> l\u1eafp n\u1ed5i<\/li>\n<li>Ki\u1ec3u d\u00e1ng 2\u00bd h\u1ed9c r\u1eeda.<\/li>\n<li>Gi\u1edbi h\u1ea1n h\u1ed9c t\u1ee7 d\u01b0\u1edbi: &gt; 100 cm.<\/li>\n<li>Ph\u1ee5 ki\u1ec7n: B\u1ed9 x\u1ea3 3\u00bd n\u00fat nh\u1ea5n pop-up v\u00e0 x\u1ea3 tr\u00e0n.<\/li>\n<li>Ch\u1ea5t li\u1ec7u: th\u00e9p kh\u00f4ng g\u1ec9 AISI 304.<\/li>\n<li>Xu\u1ea5t x\u1ee9: T\u00e2y Ban Nha<\/li>\n<\/ul>\n<figure id=\"attachment_65544\" aria-describedby=\"caption-attachment-65544\" style=\"width: 800px\" class=\"wp-caption alignnone\"><img loading=\"lazy\" decoding=\"async\" class=\"size-large wp-image-65544\" src=\"https:\/\/livinghome.vn\/thiet-bi\/wp-content\/uploads\/nha-bep\/teka\/chau-rua\/chau-rua-teka-classic-2-12-b\/chau-rua-teka-classic-2-12-b-4-800x800.jpg\" alt=\"Ch\u1eadu r\u1eeda Teka CLASSIC 2 1\/2B l\u1eafp n\u1ed5i 2\u00bd h\u1ed9c r\u1eeda 100cm\" width=\"800\" height=\"800\" title=\"\"><figcaption id=\"caption-attachment-65544\" class=\"wp-caption-text\">Chi ti\u1ebft ch\u1eadu r\u1eeda Teka CLASSIC 2 1\/2B l\u1eafp n\u1ed5i 2\u00bd h\u1ed9c r\u1eeda 100cm<\/figcaption><\/figure>\n<h3><strong>Th\u00f4ng s\u1ed1 k\u1ef9 thu\u1eadt<\/strong><\/h3>\n<ul>\n<li><strong>Lo\u1ea1i van l\u1ed7:\u00a0<\/strong>3\u00bd&#8221;<\/li>\n<li><strong>Khoang l\u00f2 (cm): <\/strong>100<\/li>\n<\/ul>\n<h4 class=\"et_pb_toggle_title\">K\u00edch th\u01b0\u1edbc chung<\/h4>\n<div class=\"et_pb_toggle_content clearfix\">\n<ul>\n<li><strong>Chi\u1ec1u r\u1ed9ng (mm):\u00a0<\/strong>500<\/li>\n<li><strong>\u0110\u1ed9 s\u00e2u (mm):\u00a0<\/strong>190<\/li>\n<li><strong>Tr\u1ecdng l\u01b0\u1ee3ng (Kgs):\u00a0<\/strong>6,22<\/li>\n<\/ul>\n<h4 class=\"et_pb_toggle_title\">K\u00edch th\u01b0\u1edbc 2 b\u00e1t ch\u00ednh<\/h4>\n<div class=\"et_pb_toggle_content clearfix\">\n<ul>\n<li><strong>Chi\u1ec1u d\u00e0i b\u00e1t ch\u00ednh (mm):\u00a0<\/strong>340<\/li>\n<li><strong>Chi\u1ec1u r\u1ed9ng b\u00e1t ch\u00ednh (mm):\u00a0<\/strong>400<\/li>\n<li><strong>\u0110\u1ed9 s\u00e2u b\u00e1t ch\u00ednh (mm):\u00a0<\/strong>190<\/li>\n<\/ul>\n<h4 class=\"et_pb_toggle_title\">K\u00edch th\u01b0\u1edbc b\u00e1t th\u1ee9 c\u1ea5p<\/h4>\n<ul>\n<li><strong>Chi\u1ec1u d\u00e0i b\u00e1t th\u1ee9 c\u1ea5p (mm): <\/strong>180<\/li>\n<li><strong>Chi\u1ec1u r\u1ed9ng b\u00e1t th\u1ee9 c\u1ea5p (mm): <\/strong>270<\/li>\n<li><strong>\u0110\u1ed9 s\u00e2u b\u00e1t th\u1ee9 c\u1ea5p (mm): <\/strong>135<\/li>\n<\/ul>\n<\/div>\n<\/div>\n<h3><strong>Xu\u1ea5t x\u1ee9:\u00a0T\u00e2y Ban Nha<\/strong><\/h3>\n","protected":false},"excerpt":{"rendered":"<div id=\"product-title\" class=\"et_pb_module et_pb_text et_pb_bg_layout_light et_pb_text_align_left\">\n<div class=\"et_pb_text_inner\">\n<div id=\"product-title\" class=\"et_pb_module et_pb_text et_pb_bg_layout_light et_pb_text_align_left\">\n<div class=\"et_pb_text_inner\">\n<h2 style=\"text-align: center;\"><strong>Ch\u1eadu r\u1eeda Teka CLASSIC 2 1\/2B<\/strong><\/h2>\n<\/div>\n<\/div>\n<div class=\"et_pb_module et_pb_text et_pb_text_1 et_pb_bg_layout_light et_pb_text_align_left\">\n<div class=\"et_pb_text_inner\">\n<div id=\"product-content\">\n<p style=\"text-align: center;\">Ki\u1ec3u d\u00e1ng 2\u00bd h\u1ed9c r\u1eeda.<\/p>\n<p style=\"text-align: center;\">L\u1eafp n\u1ed5i.<\/p>\n<p style=\"text-align: center;\">Ph\u1ee5 ki\u1ec7n: b\u1ed9 x\u1ea3 3 1\/2 v\u1edbi n\u00fat nh\u1ea5n pop &#8211; up + x\u1ea3 tr\u00e0n.<\/p>\n<\/div>\n<\/div>\n<\/div>\n<\/div>\n<\/div>\n","protected":false},"featured_media":2282,"comment_status":"open","ping_status":"closed","template":"","meta":[],"product_brand":[],"product_cat":[331,311],"product_tag":[148,335,332,333],"class_list":{"0":"post-2113","1":"product","2":"type-product","3":"status-publish","4":"has-post-thumbnail","6":"product_cat-chau-rua-chen-teka","7":"product_cat-thuong-hieu-teka","8":"product_tag-chau-rua-chen","9":"product_tag-chau-rua-chen-lap-noi","10":"product_tag-chau-rua-chen-teka","11":"product_tag-chau-rua-chen-thep","13":"first","14":"instock","15":"sale","16":"shipping-taxable","17":"purchasable","18":"product-type-simple"},"_links":{"self":[{"href":"https:\/\/livinghome.vn\/thiet-bi\/wp-json\/wp\/v2\/product\/2113","targetHints":{"allow":["GET"]}}],"collection":[{"href":"https:\/\/livinghome.vn\/thiet-bi\/wp-json\/wp\/v2\/product"}],"about":[{"href":"https:\/\/livinghome.vn\/thiet-bi\/wp-json\/wp\/v2\/types\/product"}],"replies":[{"embeddable":true,"href":"https:\/\/livinghome.vn\/thiet-bi\/wp-json\/wp\/v2\/comments?post=2113"}],"wp:featuredmedia":[{"embeddable":true,"href":"https:\/\/livinghome.vn\/thiet-bi\/wp-json\/wp\/v2\/media\/2282"}],"wp:attachment":[{"href":"https:\/\/livinghome.vn\/thiet-bi\/wp-json\/wp\/v2\/media?parent=2113"}],"wp:term":[{"taxonomy":"product_brand","embeddable":true,"href":"https:\/\/livinghome.vn\/thiet-bi\/wp-json\/wp\/v2\/product_brand?post=2113"},{"taxonomy":"product_cat","embeddable":true,"href":"https:\/\/livinghome.vn\/thiet-bi\/wp-json\/wp\/v2\/product_cat?post=2113"},{"taxonomy":"product_tag","embeddable":true,"href":"https:\/\/livinghome.vn\/thiet-bi\/wp-json\/wp\/v2\/product_tag?post=2113"}],"curies":[{"name":"wp","href":"https:\/\/api.w.org\/{rel}","templated":true}]}}