{"id":21112,"date":"2024-05-02T11:30:42","date_gmt":"2024-05-02T04:30:42","guid":{"rendered":"https:\/\/livinghome.vn\/thiet-bi\/?post_type=product&#038;p=21112"},"modified":"2024-11-29T14:18:56","modified_gmt":"2024-11-29T07:18:56","slug":"tu-lanh-mitsubishi-electric-inverter-694-lit-mr-wx70c-f-v","status":"publish","type":"product","link":"https:\/\/livinghome.vn\/thiet-bi\/tu-lanh-mitsubishi-electric-inverter-694-lit-mr-wx70c-f-v\/","title":{"rendered":"T\u1ee7 L\u1ea1nh Mitsubishi Electric Inverter 694 L\u00edt MR-WX70C-F-V"},"content":{"rendered":"<h2>\u01afu \u0111i\u1ec3m c\u1ee7a t\u1ee7 l\u1ea1nh Mitsubishi Electric Inverter 694 l\u00edt MR-WX70C-F-V<\/h2>\n<h3>C\u00f4ng ngh\u1ec7 Neuro Inverter<\/h3>\n<p>T\u00ednh n\u0103ng n\u00e0y cho ph\u00e9p t\u1ee7 l\u1ea1nh ghi nh\u1edb th\u00f3i quen s\u1eed d\u1ee5ng c\u1ee7a ng\u01b0\u1eddi d\u00f9ng v\u00e0 \u0111i\u1ec1u ch\u1ec9nh nhi\u1ec7t \u0111\u1ed9 m\u1ed9t c\u00e1ch th\u00f4ng minh, gi\u00fap ti\u1ebft ki\u1ec7m \u0111i\u1ec7n n\u0103ng m\u00e0 v\u1eabn \u0111\u1ea3m b\u1ea3o b\u1ea3o qu\u1ea3n th\u1ef1c ph\u1ea9m.<\/p>\n<h3>Ng\u0103n \u01b0\u1edbp l\u1ea1nh m\u1ec1m<\/h3>\n<p>Kh\u1ea3 n\u0103ng c\u1ea5p \u0111\u00f4ng m\u1ec1m gi\u00fap b\u1ea3o qu\u1ea3n th\u1ef1c ph\u1ea9m t\u01b0\u01a1i ngon m\u00e0 kh\u00f4ng l\u00e0m \u0111\u00f3ng b\u0103ng ch\u00fang, \u0111\u1eb7c bi\u1ec7t h\u1eefu \u00edch cho vi\u1ec7c b\u1ea3o qu\u1ea3n th\u1ef1c ph\u1ea9m d\u1ec5 h\u1ecfng nh\u01b0 th\u1ecbt, c\u00e1.<\/p>\n<figure id=\"attachment_21114\" aria-describedby=\"caption-attachment-21114\" style=\"width: 1200px\" class=\"wp-caption aligncenter\"><img loading=\"lazy\" decoding=\"async\" class=\"size-full wp-image-21114\" src=\"https:\/\/livinghome.vn\/thiet-bi\/wp-content\/uploads\/2024\/05\/tu-lanh-mitsubishi-electric-inverter-694-lit-mr-wx70c-f-v-2.jpg\" alt=\"T\u1ee7 L\u1ea1nh Mitsubishi Electric Inverter 694 L\u00edt MR-WX70C-F-V\" width=\"1200\" height=\"901\" title=\"\" srcset=\"https:\/\/livinghome.vn\/thiet-bi\/wp-content\/uploads\/2024\/05\/tu-lanh-mitsubishi-electric-inverter-694-lit-mr-wx70c-f-v-2.jpg 1200w, https:\/\/livinghome.vn\/thiet-bi\/wp-content\/uploads\/2024\/05\/tu-lanh-mitsubishi-electric-inverter-694-lit-mr-wx70c-f-v-2-533x400.jpg 533w, https:\/\/livinghome.vn\/thiet-bi\/wp-content\/uploads\/2024\/05\/tu-lanh-mitsubishi-electric-inverter-694-lit-mr-wx70c-f-v-2-1065x800.jpg 1065w, https:\/\/livinghome.vn\/thiet-bi\/wp-content\/uploads\/2024\/05\/tu-lanh-mitsubishi-electric-inverter-694-lit-mr-wx70c-f-v-2-768x577.jpg 768w, https:\/\/livinghome.vn\/thiet-bi\/wp-content\/uploads\/2024\/05\/tu-lanh-mitsubishi-electric-inverter-694-lit-mr-wx70c-f-v-2-600x451.jpg 600w\" sizes=\"auto, (max-width: 1200px) 100vw, 1200px\" \/><figcaption id=\"caption-attachment-21114\" class=\"wp-caption-text\">T\u1ee7 L\u1ea1nh Mitsubishi Electric Inverter 694 L\u00edt MR-WX70C-F-V<\/figcaption><\/figure>\n<h3>\u0110\u00e8n LED ti\u1ebft ki\u1ec7m \u0111i\u1ec7n n\u0103ng<\/h3>\n<p>S\u1eed d\u1ee5ng \u0111\u00e8n LED gi\u00fap ti\u1ebft ki\u1ec7m \u0111i\u1ec7n n\u0103ng v\u00e0 mang l\u1ea1i \u00e1nh s\u00e1ng t\u1ef1 nhi\u00ean trong t\u1ee7 l\u1ea1nh, gi\u00fap d\u1ec5 d\u00e0ng nh\u00ecn th\u1ea5y th\u1ef1c ph\u1ea9m b\u00ean trong.<\/p>\n<h3>B\u1ea3ng \u0111i\u1ec1u khi\u1ec3n c\u1ea3m \u1ee9ng ngo\u00e0i t\u1ee7<\/h3>\n<p>Thi\u1ebft k\u1ebf n\u00e0y t\u1ea1o s\u1ef1 thu\u1eadn ti\u1ec7n trong vi\u1ec7c \u0111i\u1ec1u ch\u1ec9nh c\u00e1c c\u00e0i \u0111\u1eb7t c\u1ee7a t\u1ee7 m\u00e0 kh\u00f4ng c\u1ea7n m\u1edf c\u1eeda, gi\u00fap gi\u1ea3m thi\u1ec3u m\u1ea5t \u0111i\u1ec7n n\u0103ng v\u00e0 ti\u1ebft ki\u1ec7m th\u1eddi gian.<\/p>\n<h3>Thi\u1ebft k\u1ebf sang tr\u1ecdng v\u1edbi m\u1eb7t k\u00ednh c\u01b0\u1eddng l\u1ef1c<\/h3>\n<p>M\u1eb7t k\u00ednh c\u01b0\u1eddng l\u1ef1c kh\u00f4ng ch\u1ec9 \u0111\u1eb9p m\u1eaft m\u00e0 c\u00f2n \u0111\u1ea3m b\u1ea3o t\u00ednh an to\u00e0n v\u00e0 d\u1ec5 d\u00e0ng v\u1ec7 sinh.<\/p>\n<h3>Dung t\u00edch l\u1edbn 694 l\u00edt<\/h3>\n<p>Dung t\u00edch r\u1ed9ng r\u00e3i ph\u00f9 h\u1ee3p cho c\u00e1c gia \u0111\u00ecnh c\u00f3 nhu c\u1ea7u l\u01b0u tr\u1eef th\u1ef1c ph\u1ea9m l\u1edbn.<\/p>\n<h3>H\u1ec7 th\u1ed1ng l\u00e0m \u0111\u00e1 t\u1ef1 \u0111\u1ed9ng<\/h3>\n<p>T\u00ednh n\u0103ng n\u00e0y t\u1ef1 \u0111\u1ed9ng t\u1ea1o ra \u0111\u00e1 v\u00e0 d\u1ec5 d\u00e0ng v\u1ec7 sinh, mang l\u1ea1i s\u1ef1 ti\u1ec7n l\u1ee3i cho ng\u01b0\u1eddi s\u1eed d\u1ee5ng.<\/p>\n<figure id=\"attachment_21115\" aria-describedby=\"caption-attachment-21115\" style=\"width: 1200px\" class=\"wp-caption aligncenter\"><img loading=\"lazy\" decoding=\"async\" class=\"size-full wp-image-21115\" src=\"https:\/\/livinghome.vn\/thiet-bi\/wp-content\/uploads\/2024\/05\/tu-lanh-mitsubishi-electric-inverter-694-lit-mr-wx70c-f-v-3.jpg\" alt=\"T\u1ee7 L\u1ea1nh Mitsubishi Electric Inverter 694 L\u00edt MR-WX70C-F-V\" width=\"1200\" height=\"901\" title=\"\" srcset=\"https:\/\/livinghome.vn\/thiet-bi\/wp-content\/uploads\/2024\/05\/tu-lanh-mitsubishi-electric-inverter-694-lit-mr-wx70c-f-v-3.jpg 1200w, https:\/\/livinghome.vn\/thiet-bi\/wp-content\/uploads\/2024\/05\/tu-lanh-mitsubishi-electric-inverter-694-lit-mr-wx70c-f-v-3-533x400.jpg 533w, https:\/\/livinghome.vn\/thiet-bi\/wp-content\/uploads\/2024\/05\/tu-lanh-mitsubishi-electric-inverter-694-lit-mr-wx70c-f-v-3-1065x800.jpg 1065w, https:\/\/livinghome.vn\/thiet-bi\/wp-content\/uploads\/2024\/05\/tu-lanh-mitsubishi-electric-inverter-694-lit-mr-wx70c-f-v-3-768x577.jpg 768w, https:\/\/livinghome.vn\/thiet-bi\/wp-content\/uploads\/2024\/05\/tu-lanh-mitsubishi-electric-inverter-694-lit-mr-wx70c-f-v-3-600x451.jpg 600w\" sizes=\"auto, (max-width: 1200px) 100vw, 1200px\" \/><figcaption id=\"caption-attachment-21115\" class=\"wp-caption-text\">T\u1ee7 L\u1ea1nh Mitsubishi Electric Inverter 694 L\u00edt MR-WX70C-F-V<\/figcaption><\/figure>\n<h3>Ng\u0103n rau qu\u1ea3 dung t\u00edch l\u1edbn<\/h3>\n<p>Gi\u00fap d\u1ec5 d\u00e0ng s\u1eafp x\u1ebfp v\u00e0 b\u1ea3o qu\u1ea3n rau qu\u1ea3 m\u1ed9t c\u00e1ch hi\u1ec7u qu\u1ea3.<\/p>\n<h3>Kh\u00e1ng khu\u1ea9n Fresh Air<\/h3>\n<p>B\u1ed9 l\u1ecdc kh\u00e1ng khu\u1ea9n gi\u00fap duy tr\u00ec kh\u00f4ng kh\u00ed trong t\u1ee7 s\u1ea1ch s\u1ebd v\u00e0 an to\u00e0n cho s\u1ee9c kh\u1ecfe.<\/p>\n<h3>Ch\u1ebf \u0111\u1ed9 ti\u1ebft ki\u1ec7m n\u0103ng l\u01b0\u1ee3ng Eco<\/h3>\n<p>Gi\u00fap gi\u1ea3m ti\u00eau th\u1ee5 \u0111i\u1ec7n n\u0103ng, gi\u00fap ti\u1ebft ki\u1ec7m chi ph\u00ed \u0111i\u1ec7n trong gia \u0111\u00ecnh.<\/p>\n<p>T\u00f3m l\u1ea1i, t\u1ee7 l\u1ea1nh Mitsubishi MR-WX70C-F-V kh\u00f4ng ch\u1ec9 l\u00e0 m\u1ed9t s\u1ea3n ph\u1ea9m \u0111i\u1ec7n gia d\u1ee5ng th\u00f4ng th\u01b0\u1eddng m\u00e0 c\u00f2n l\u00e0 m\u1ed9t l\u1ef1a ch\u1ecdn ho\u00e0n h\u1ea3o cho vi\u1ec7c b\u1ea3o qu\u1ea3n th\u1ef1c ph\u1ea9m m\u1ed9t c\u00e1ch hi\u1ec7u qu\u1ea3 v\u00e0 ti\u1ec7n l\u1ee3i.<\/p>\n<p>&nbsp;<\/p>\n","protected":false},"excerpt":{"rendered":"<ul>\n<li>Ki\u1ec3u t\u1ee7 l\u1ea1nh: Multidoor<\/li>\n<li>Dung t\u00edch s\u1eed d\u1ee5ng: 694 l\u00edt<\/li>\n<li>Dung t\u00edch ng\u0103n l\u1ea1nh: 375 l\u00edt<\/li>\n<li>Dung t\u00edch ng\u0103n \u0111\u00e1: Ng\u0103n \u0111\u00f4ng\u00a0(134 l\u00edt)<\/li>\n<li>C\u00f4ng ngh\u1ec7 Inverter: C\u00f3<\/li>\n<li>Kh\u00e1ng khu\u1ea9n, kh\u1eed m\u00f9i: H\u1ec7 th\u1ed1ng l\u01b0\u1edbi l\u1ecdc \u0111a chi\u1ec1u Airfresh<\/li>\n<li>S\u1ed1 c\u1eeda: 6 c\u1eeda<\/li>\n<li>Ng\u0103n \u0111\u00f4ng m\u1ec1m: C\u00f3<\/li>\n<li>S\u1ed1 ng\u01b0\u1eddi s\u1eed d\u1ee5ng: Tr\u00ean 7 ng\u01b0\u1eddi<\/li>\n<li>Ti\u1ec7n \u00edch: L\u00e0m \u0111\u00e1 t\u1ef1 \u0111\u1ed9ng<\/li>\n<li>Chu\u00f4ng b\u00e1o c\u1eeda: C\u00f3<\/li>\n<li>\u0110\u00e8n chi\u1ebfu s\u00e1ng: \u0110\u00e8n Led<\/li>\n<li>Ng\u0103n rau qu\u1ea3: C\u00f3<\/li>\n<li>L\u00e0m \u0111\u00e1 t\u1ef1 \u0111\u1ed9ng: C\u00f3<\/li>\n<li>\u0110\u00f3ng tuy\u1ebft: Kh\u00f4ng<\/li>\n<li>Ch\u1ea5t li\u1ec7u khay: K\u00ednh ch\u1ecbu l\u1ef1c<\/li>\n<li>Ngu\u1ed3n \u0111i\u1ec7n \u00e1p: 220V\/50Hz<\/li>\n<li>K\u00edch th\u01b0\u1edbc: Cao x r\u1ed9ng x s\u00e2u\u00a0(182.1cm x 80cm x 73.8cm)<\/li>\n<li>Tr\u1ecdng l\u01b0\u1ee3ng s\u1ea3n ph\u1ea9m: 149kg<\/li>\n<li>Xu\u1ea5t x\u1ee9 th\u01b0\u01a1ng hi\u1ec7u: Nh\u1eadt B\u1ea3n<\/li>\n<li>S\u1ea3n xu\u1ea5t t\u1ea1i: Nh\u1eadt B\u1ea3n<\/li>\n<\/ul>\n","protected":false},"featured_media":21132,"comment_status":"open","ping_status":"closed","template":"","meta":[],"product_brand":[],"product_cat":[1992,201,1990],"product_tag":[203,1989],"class_list":{"0":"post-21112","1":"product","2":"type-product","3":"status-publish","4":"has-post-thumbnail","6":"product_cat-thuong-hieu-mitsubishi-electric","7":"product_cat-tu-lanh","8":"product_cat-tu-lanh-mitsubishi-electric","9":"product_tag-tu-lanh","10":"product_tag-tu-lanh-mitsubishi-electric","12":"first","13":"instock","14":"sale","15":"shipping-taxable","16":"purchasable","17":"product-type-simple"},"_links":{"self":[{"href":"https:\/\/livinghome.vn\/thiet-bi\/wp-json\/wp\/v2\/product\/21112","targetHints":{"allow":["GET"]}}],"collection":[{"href":"https:\/\/livinghome.vn\/thiet-bi\/wp-json\/wp\/v2\/product"}],"about":[{"href":"https:\/\/livinghome.vn\/thiet-bi\/wp-json\/wp\/v2\/types\/product"}],"replies":[{"embeddable":true,"href":"https:\/\/livinghome.vn\/thiet-bi\/wp-json\/wp\/v2\/comments?post=21112"}],"wp:featuredmedia":[{"embeddable":true,"href":"https:\/\/livinghome.vn\/thiet-bi\/wp-json\/wp\/v2\/media\/21132"}],"wp:attachment":[{"href":"https:\/\/livinghome.vn\/thiet-bi\/wp-json\/wp\/v2\/media?parent=21112"}],"wp:term":[{"taxonomy":"product_brand","embeddable":true,"href":"https:\/\/livinghome.vn\/thiet-bi\/wp-json\/wp\/v2\/product_brand?post=21112"},{"taxonomy":"product_cat","embeddable":true,"href":"https:\/\/livinghome.vn\/thiet-bi\/wp-json\/wp\/v2\/product_cat?post=21112"},{"taxonomy":"product_tag","embeddable":true,"href":"https:\/\/livinghome.vn\/thiet-bi\/wp-json\/wp\/v2\/product_tag?post=21112"}],"curies":[{"name":"wp","href":"https:\/\/api.w.org\/{rel}","templated":true}]}}