{"id":21111,"date":"2024-05-02T11:37:31","date_gmt":"2024-05-02T04:37:31","guid":{"rendered":"https:\/\/livinghome.vn\/thiet-bi\/?post_type=product&#038;p=21111"},"modified":"2024-11-29T14:18:56","modified_gmt":"2024-11-29T07:18:56","slug":"tu-lanh-mitsubishi-electric-mr-fv32ej-ps-v-274-lit","status":"publish","type":"product","link":"https:\/\/livinghome.vn\/thiet-bi\/tu-lanh-mitsubishi-electric-mr-fv32ej-ps-v-274-lit\/","title":{"rendered":"T\u1ee7 l\u1ea1nh Mitsubishi electric MR-FV32EJ-PS-V 274 l\u00edt"},"content":{"rendered":"<h2><span style=\"font-weight: 400\">Gi\u1edbi thi\u1ec7u t\u1ee7 l\u1ea1nh Mitsubishi electric MR-FV32EJ-PS-V 274 l\u00edt<\/span><\/h2>\n<p><span style=\"font-weight: 400\">T\u1ee7 l\u1ea1nh Mitsubishi Electric MR-FV32EJ-PS-V c\u00f3 dung t\u00edch 274 l\u00edt, l\u00e0 m\u1ed9t s\u1ef1 l\u1ef1a ch\u1ecdn l\u00fd t\u01b0\u1edfng cho gia \u0111\u00ecnh v\u1edbi thi\u1ebft k\u1ebf hi\u1ec7n \u0111\u1ea1i, c\u00f4ng ngh\u1ec7 ti\u1ebft ki\u1ec7m n\u0103ng l\u01b0\u1ee3ng v\u00e0 c\u00e1c t\u00ednh n\u0103ng ti\u1ec7n \u00edch nh\u01b0 n\u00fam ch\u1ec9nh nhi\u1ec7t \u0111\u1ed9 \u0111i\u1ec1u ch\u1ec9nh d\u1ec5 d\u00e0ng.<\/span><\/p>\n<h2><span style=\"font-weight: 400\">\u0110\u1eb7c \u0111i\u1ec3m n\u1ed5i b\u1eadt<\/span><\/h2>\n<ul>\n<li style=\"font-weight: 400\"><span style=\"font-weight: 400\">T\u1ee7 l\u1ea1nh c\u00f3 ng\u0103n \u0111\u00e1 tr\u00ean.<\/span><\/li>\n<li style=\"font-weight: 400\"><span style=\"font-weight: 400\">C\u00f4ng ngh\u1ec7 Neuro Inverter ti\u1ebft ki\u1ec7m \u0111i\u1ec7n n\u0103ng hi\u1ec7u qu\u1ea3.<\/span><\/li>\n<li style=\"font-weight: 400\"><span style=\"font-weight: 400\">Khay ch\u1ee9a k\u00ednh ch\u1ecbu l\u1ef1c<\/span><\/li>\n<li style=\"font-weight: 400\"><span style=\"font-weight: 400\">C\u00f3 b\u1ed9 l\u1ecdc kh\u1eed m\u00f9i carbon ho\u1ea1t t\u00ednh di\u1ec7t tr\u00f9ng v\u00e0 kh\u1eed m\u00f9i lu\u1ed3ng kh\u00ed.<\/span><\/li>\n<li style=\"font-weight: 400\"><span style=\"font-weight: 400\">Trang b\u1ecb h\u1ec7 th\u1ed1ng \u0111\u00e8n LED gi\u00fap t\u0103ng c\u01b0\u1eddng l\u01b0\u1ee3ng vitamin C cho rau c\u1ee7 qu\u1ea3.<\/span><\/li>\n<\/ul>\n<p><img loading=\"lazy\" decoding=\"async\" class=\"alignnone size-full wp-image-21116\" src=\"https:\/\/livinghome.vn\/thiet-bi\/wp-content\/uploads\/2024\/05\/tu-lanh-mitsubishi-electric-mr-fv32ej-ps-v-1.jpg\" alt=\"T\u1ee7 l\u1ea1nh Mitsubishi electric MR-FV32EJ-PS-V 274 l\u00edt \" width=\"1200\" height=\"900\" title=\"\" srcset=\"https:\/\/livinghome.vn\/thiet-bi\/wp-content\/uploads\/2024\/05\/tu-lanh-mitsubishi-electric-mr-fv32ej-ps-v-1.jpg 1200w, https:\/\/livinghome.vn\/thiet-bi\/wp-content\/uploads\/2024\/05\/tu-lanh-mitsubishi-electric-mr-fv32ej-ps-v-1-533x400.jpg 533w, https:\/\/livinghome.vn\/thiet-bi\/wp-content\/uploads\/2024\/05\/tu-lanh-mitsubishi-electric-mr-fv32ej-ps-v-1-1067x800.jpg 1067w, https:\/\/livinghome.vn\/thiet-bi\/wp-content\/uploads\/2024\/05\/tu-lanh-mitsubishi-electric-mr-fv32ej-ps-v-1-768x576.jpg 768w, https:\/\/livinghome.vn\/thiet-bi\/wp-content\/uploads\/2024\/05\/tu-lanh-mitsubishi-electric-mr-fv32ej-ps-v-1-600x450.jpg 600w\" sizes=\"auto, (max-width: 1200px) 100vw, 1200px\" \/><\/p>\n<h2><span style=\"font-weight: 400\">\u0110\u00e1nh gi\u00e1 s\u1ea3n ph\u1ea9m<\/span><\/h2>\n<p><b>M\u00e0u s\u1eafc sang tr\u1ecdng, b\u1ed1 tr\u00ed c\u00e1c ng\u0103n h\u1ee3p l\u00fd<\/b><\/p>\n<p><span style=\"font-weight: 400\">T\u1ee7 l\u1ea1nh thi\u1ebft k\u1ebf ng\u0103n m\u00e1t ph\u00eda tr\u00ean, ng\u0103n \u0111\u00f4ng ph\u00eda d\u01b0\u1edbi theo ki\u1ec3u truy\u1ec1n th\u1ed1ng gi\u00fap ng\u01b0\u1eddi d\u00f9ng d\u1ec5 d\u00e0ng s\u1eafp x\u1ebfp th\u1ef1c ph\u1ea9m v\u00e0o v\u00e0 l\u1ea5y ra ti\u1ec7n l\u1ee3i. M\u00e0u s\u1eafc trang nh\u00e3, c\u1eeda t\u1ee7 b\u1eb1ng kim lo\u1ea1i ph\u1ee7 s\u01a1n t\u0129nh \u0111i\u1ec7n \u0111\u1eb9p m\u1eaft, ch\u1ed1ng han g\u1ec9.\u00a0<\/span><\/p>\n<p><b>Dung t\u00edch s\u1eed d\u1ee5ng 274 l\u00edt<\/b><\/p>\n<p><span style=\"font-weight: 400\">Dung t\u00edch ng\u0103n \u0111\u00e1 l\u00e0 67 l\u00edt, dung t\u00edch ng\u0103n l\u1ea1nh l\u00e0 207 l\u00edt s\u1ebd \u0111\u00e1p \u1ee9ng \u0111\u1ee7 nhu c\u1ea7u s\u1eed d\u1ee5ng cho gia \u0111\u00ecnh c\u00f3 t\u1eeb 3 &#8211; 4 ng\u01b0\u1eddi. T\u1ed5ng dung t\u00edch 274 l\u00edt gi\u00fap cho b\u1ea1n c\u00f3 th\u1ec3 tho\u1ea3i m\u00e1i d\u1ef1 tr\u1eef th\u1eadt nhi\u1ec1u th\u1ef1c ph\u1ea9m cho gia \u0111\u00ecnh b\u1ea1n, ti\u1ebft ki\u1ec7m th\u1eddi gian \u0111i ch\u1ee3 cho c\u00e1c ch\u1ecb em.\u00a0<\/span><\/p>\n<p><img loading=\"lazy\" decoding=\"async\" class=\"alignnone size-full wp-image-21117\" src=\"https:\/\/livinghome.vn\/thiet-bi\/wp-content\/uploads\/2024\/05\/tu-lanh-mitsubishi-electric-mr-fv32ej-ps-v-2.jpg\" alt=\"T\u1ee7 l\u1ea1nh Mitsubishi electric MR-FV32EJ-PS-V 274 l\u00edt \" width=\"1200\" height=\"900\" title=\"\" srcset=\"https:\/\/livinghome.vn\/thiet-bi\/wp-content\/uploads\/2024\/05\/tu-lanh-mitsubishi-electric-mr-fv32ej-ps-v-2.jpg 1200w, https:\/\/livinghome.vn\/thiet-bi\/wp-content\/uploads\/2024\/05\/tu-lanh-mitsubishi-electric-mr-fv32ej-ps-v-2-533x400.jpg 533w, https:\/\/livinghome.vn\/thiet-bi\/wp-content\/uploads\/2024\/05\/tu-lanh-mitsubishi-electric-mr-fv32ej-ps-v-2-1067x800.jpg 1067w, https:\/\/livinghome.vn\/thiet-bi\/wp-content\/uploads\/2024\/05\/tu-lanh-mitsubishi-electric-mr-fv32ej-ps-v-2-768x576.jpg 768w, https:\/\/livinghome.vn\/thiet-bi\/wp-content\/uploads\/2024\/05\/tu-lanh-mitsubishi-electric-mr-fv32ej-ps-v-2-600x450.jpg 600w\" sizes=\"auto, (max-width: 1200px) 100vw, 1200px\" \/><\/p>\n<p><b>C\u00f4ng ngh\u1ec7 Neuro Inverter ti\u1ebft ki\u1ec7m \u0111i\u1ec7n<\/b><\/p>\n<p><span style=\"font-weight: 400\">S\u1eed d\u1ee5ng c\u00f4ng ngh\u1ec7 Inverter gi\u00fap ti\u1ebft ki\u1ec7m \u0111i\u1ec7n n\u0103ng v\u00e0 duy tr\u00ec nhi\u1ec7t \u0111\u1ed9 \u1ed5n \u0111\u1ecbnh trong t\u1ee7 l\u1ea1nh, b\u1ea3o qu\u1ea3n th\u1ef1c ph\u1ea9m t\u1ed1t h\u01a1n v\u00e0 k\u00e9o d\u00e0i tu\u1ed5i th\u1ecd c\u1ee7a s\u1ea3n ph\u1ea9m.<\/span><\/p>\n<p><b>Ghi nh\u1edb th\u00f3i quen th\u00f4ng minh<\/b><\/p>\n<p><span style=\"font-weight: 400\">T\u1ee7 l\u1ea1nh Mitsubishi Electric MR-FV32EJ-PS-V trang b\u1ecb h\u1ec7 th\u1ed1ng \u0111i\u1ec1u khi\u1ec3n Neuro Fuzzy ghi nh\u1eadn c\u00e1c y\u1ebfu t\u1ed1 thay \u0111\u1ed5i nhi\u1ec7t \u0111\u1ed9 t\u1ee7 l\u1ea1nh nh\u01b0:<\/span><\/p>\n<p><b>L\u01b0\u1ee3ng th\u1ef1c ph\u1ea9m d\u1ef1 tr\u1eef l\u1edbn trong t\u1ee7 l\u1ea1nh.<\/b><\/p>\n<p><span style=\"font-weight: 400\">Ghi nh\u1edb th\u00f3i quen s\u1eed d\u1ee5ng t\u1ee7 l\u1ea1nh c\u1ee7a c\u00e1c th\u00e0nh vi\u00ean trong gia \u0111\u00ecnh.<\/span><\/p>\n<p><span style=\"font-weight: 400\">Nh\u1eadn bi\u1ebft s\u1ef1 ch\u00eanh l\u1ec7ch nhi\u1ec7t \u0111\u1ed9 trong v\u00e0 ngo\u00e0i t\u1ee7 l\u1ea1nh (ng\u00e0y v\u00e0 \u0111\u00eam). <\/span><span style=\"font-weight: 400\">T\u00ednh n\u0103ng n\u00e0y s\u1ebd gi\u00fap \u0111i\u1ec1u ch\u1ec9nh nhi\u1ec7t \u0111\u1ed9 trong t\u1ee7 ph\u00f9 h\u1ee3p nh\u1ea5t \u0111\u1ec3 ti\u1ebft ki\u1ec7m \u0111i\u1ec7n n\u0103ng.\u00a0<\/span><\/p>\n<p><b>Khay ch\u1ee9a b\u1eb1ng k\u00ednh ch\u1ecbu l\u1ef1c<\/b><\/p>\n<p><span style=\"font-weight: 400\">C\u00e1c khay ch\u1ee9a b\u00ean trong t\u1ee7 l\u1ea1nh inverter \u0111\u01b0\u1ee3c l\u00e0m b\u1eb1ng k\u00ednh ch\u1ecbu l\u1ef1c \u0111\u1ea3m b\u1ea3o \u0111\u1ed9 b\u1ec1n, d\u1ec5 d\u00e0ng th\u00e1o ra \u0111\u1ec3 v\u1ec7 sinh khi b\u1ecb b\u00e1m b\u1ea9n.\u00a0<\/span><\/p>\n<p><b>B\u1ed9 l\u1ecdc carbon ho\u1ea1t t\u00ednh<\/b><\/p>\n<p><span style=\"font-weight: 400\">H\u1ec7 th\u1ed1ng kh\u1eed m\u00f9i b\u1eb1ng b\u1ed9 l\u1ecdc Carbon ho\u1ea1t t\u00ednh k\u1ebft h\u1ee3p v\u1edbi lu\u1ed3ng kh\u00ed l\u1ea1nh \u0111a chi\u1ec1u ch\u1ee9a ion \u00e2m s\u1ebd ng\u0103n ch\u1eb7n s\u1ef1 ph\u00e1t tri\u1ec3n c\u1ee7a vi khu\u1ea9n gi\u00fap th\u1ef1c ph\u1ea9m lu\u00f4n t\u01b0\u01a1i ngon.<\/span><\/p>\n<p><img loading=\"lazy\" decoding=\"async\" class=\"alignnone size-full wp-image-21118\" src=\"https:\/\/livinghome.vn\/thiet-bi\/wp-content\/uploads\/2024\/05\/tu-lanh-mitsubishi-electric-mr-fv32ej-ps-v-3.jpg\" alt=\"T\u1ee7 l\u1ea1nh Mitsubishi electric MR-FV32EJ-PS-V 274 l\u00edt \" width=\"1200\" height=\"900\" title=\"\" srcset=\"https:\/\/livinghome.vn\/thiet-bi\/wp-content\/uploads\/2024\/05\/tu-lanh-mitsubishi-electric-mr-fv32ej-ps-v-3.jpg 1200w, https:\/\/livinghome.vn\/thiet-bi\/wp-content\/uploads\/2024\/05\/tu-lanh-mitsubishi-electric-mr-fv32ej-ps-v-3-533x400.jpg 533w, https:\/\/livinghome.vn\/thiet-bi\/wp-content\/uploads\/2024\/05\/tu-lanh-mitsubishi-electric-mr-fv32ej-ps-v-3-1067x800.jpg 1067w, https:\/\/livinghome.vn\/thiet-bi\/wp-content\/uploads\/2024\/05\/tu-lanh-mitsubishi-electric-mr-fv32ej-ps-v-3-768x576.jpg 768w, https:\/\/livinghome.vn\/thiet-bi\/wp-content\/uploads\/2024\/05\/tu-lanh-mitsubishi-electric-mr-fv32ej-ps-v-3-600x450.jpg 600w\" sizes=\"auto, (max-width: 1200px) 100vw, 1200px\" \/><\/p>\n<p><b>L\u01b0u \u00fd:<\/b><\/p>\n<p><span style=\"font-weight: 400\">Sau khi nh\u1eadn t\u1ee7 l\u1ea1nh \u00edt nh\u1ea5t t\u1eeb 2-4 gi\u1edd, Qu\u00fd kh\u00e1ch m\u1edbi \u0111\u01b0\u1ee3c c\u1eafm \u0111i\u1ec7n \u0111\u1ec3 t\u1ee7 \u1ed5n \u0111\u1ecbnh kh\u00ed gas v\u00e0 tr\u00e1nh t\u00ecnh tr\u1ea1ng s\u1ed1c \u0111i\u1ec7n do c\u1eafm \u0111i\u1ec7n.<\/span><\/p>\n<p><span style=\"font-weight: 400\">H\u00ecnh \u1ea3nh s\u1ea3n ph\u1ea9m ch\u1ec9 c\u00f3 t\u00ednh ch\u1ea5t minh h\u1ecda, chi ti\u1ebft s\u1ea3n ph\u1ea9m, m\u00e0u s\u1eafc, thi\u1ebft k\u1ebf v\u00e0 th\u00f4ng s\u1ed1 k\u1ef9 thu\u1eadt c\u00f3 th\u1ec3 thay \u0111\u1ed5i t\u00f9y theo s\u1ea3n ph\u1ea9m th\u1ef1c t\u1ebf m\u00e0 kh\u00f4ng c\u1ea7n th\u00f4ng b\u00e1o tr\u01b0\u1edbc.<\/span><\/p>\n","protected":false},"excerpt":{"rendered":"<p><span style=\"font-weight: 400\">Ki\u1ec3u t\u1ee7 l\u1ea1nh: Ng\u0103n \u0111\u00e1 ph\u00eda tr\u00ean<\/span><\/p>\n<p><span style=\"font-weight: 400\">Dung t\u00edch s\u1eed d\u1ee5ng: 274 l\u00edt<\/span><\/p>\n<p><span style=\"font-weight: 400\">Dung t\u00edch ng\u0103n l\u1ea1nh: 207 l\u00edt<\/span><\/p>\n<p><span style=\"font-weight: 400\">Dung t\u00edch ng\u0103n \u0111\u00e1: 67 l\u00edt<\/span><\/p>\n<p><span style=\"font-weight: 400\">C\u00f4ng ngh\u1ec7 Inverter: C\u00f3<\/span><\/p>\n<p><span style=\"font-weight: 400\">S\u1ed1 c\u1eeda: 2 c\u1eeda<\/span><\/p>\n<p><span style=\"font-weight: 400\">Ti\u1ec7n \u00edch: Ng\u0103n \u0111\u00e1 tr\u00ean<\/span><\/p>\n<p><span style=\"font-weight: 400\">\u0110i\u1ec7n n\u0103ng ti\u00eau th\u1ee5: 0.81 kW\/ng\u00e0y<\/span><\/p>\n<p><span style=\"font-weight: 400\">Ch\u1ea5t li\u1ec7u khay: K\u00ednh ch\u1ecbu l\u1ef1c<\/span><\/p>\n<p><span style=\"font-weight: 400\">K\u00edch th\u01b0\u1edbc: 169,3cm x 55,5cm x 63,5cm<\/span><\/p>\n<p><span style=\"font-weight: 400\">Xu\u1ea5t x\u1ee9 th\u01b0\u01a1ng hi\u1ec7u: Nh\u1eadt B\u1ea3n<\/span><\/p>\n<p><span style=\"font-weight: 400\">S\u1ea3n xu\u1ea5t t\u1ea1i: Th\u00e1i Lan<\/span><\/p>\n<p><span style=\"font-weight: 400\">B\u1ea3o h\u00e0nh: 24 th\u00e1ng<\/span><\/p>\n","protected":false},"featured_media":21136,"comment_status":"open","ping_status":"closed","template":"","meta":[],"product_brand":[],"product_cat":[71,1992,201,1990],"product_tag":[203,396,1989],"class_list":{"0":"post-21111","1":"product","2":"type-product","3":"status-publish","4":"has-post-thumbnail","6":"product_cat-thuong-hieu","7":"product_cat-thuong-hieu-mitsubishi-electric","8":"product_cat-tu-lanh","9":"product_cat-tu-lanh-mitsubishi-electric","10":"product_tag-tu-lanh","11":"product_tag-tu-lanh-2-cua","12":"product_tag-tu-lanh-mitsubishi-electric","14":"first","15":"instock","16":"sale","17":"shipping-taxable","18":"purchasable","19":"product-type-simple"},"_links":{"self":[{"href":"https:\/\/livinghome.vn\/thiet-bi\/wp-json\/wp\/v2\/product\/21111","targetHints":{"allow":["GET"]}}],"collection":[{"href":"https:\/\/livinghome.vn\/thiet-bi\/wp-json\/wp\/v2\/product"}],"about":[{"href":"https:\/\/livinghome.vn\/thiet-bi\/wp-json\/wp\/v2\/types\/product"}],"replies":[{"embeddable":true,"href":"https:\/\/livinghome.vn\/thiet-bi\/wp-json\/wp\/v2\/comments?post=21111"}],"wp:featuredmedia":[{"embeddable":true,"href":"https:\/\/livinghome.vn\/thiet-bi\/wp-json\/wp\/v2\/media\/21136"}],"wp:attachment":[{"href":"https:\/\/livinghome.vn\/thiet-bi\/wp-json\/wp\/v2\/media?parent=21111"}],"wp:term":[{"taxonomy":"product_brand","embeddable":true,"href":"https:\/\/livinghome.vn\/thiet-bi\/wp-json\/wp\/v2\/product_brand?post=21111"},{"taxonomy":"product_cat","embeddable":true,"href":"https:\/\/livinghome.vn\/thiet-bi\/wp-json\/wp\/v2\/product_cat?post=21111"},{"taxonomy":"product_tag","embeddable":true,"href":"https:\/\/livinghome.vn\/thiet-bi\/wp-json\/wp\/v2\/product_tag?post=21111"}],"curies":[{"name":"wp","href":"https:\/\/api.w.org\/{rel}","templated":true}]}}