{"id":21106,"date":"2024-05-02T11:00:08","date_gmt":"2024-05-02T04:00:08","guid":{"rendered":"https:\/\/livinghome.vn\/thiet-bi\/?post_type=product&#038;p=21106"},"modified":"2024-11-29T14:18:56","modified_gmt":"2024-11-29T07:18:56","slug":"tu-lanh-mitsubishi-electric-inverter-mr-fv28ej-ps-v","status":"publish","type":"product","link":"https:\/\/livinghome.vn\/thiet-bi\/tu-lanh-mitsubishi-electric-inverter-mr-fv28ej-ps-v\/","title":{"rendered":"T\u1ee7 l\u1ea1nh Mitsubishi electric inverter MR-FV28EJ-PS-V"},"content":{"rendered":"<h2><span style=\"font-weight: 400\">Gi\u1edbi thi\u1ec7u t\u1ee7 l\u1ea1nh Mitsubishi electric inverter MR-FV28EJ-PS-V\u00a0<\/span><\/h2>\n<p><span style=\"font-weight: 400\">T\u1ee7 l\u1ea1nh Mitsubishi Electric Inverter MR-FV28EJ-PS-V l\u00e0 m\u1ed9t s\u1ea3n ph\u1ea9m \u0111\u00e1ng ch\u00fa \u00fd v\u1edbi thi\u1ebft k\u1ebf hi\u1ec7n \u0111\u1ea1i, c\u00f4ng ngh\u1ec7 Inverter ti\u1ebft ki\u1ec7m n\u0103ng l\u01b0\u1ee3ng v\u00e0 dung t\u00edch ph\u00f9 h\u1ee3p, l\u00e0 s\u1ef1 l\u1ef1a ch\u1ecdn l\u00fd t\u01b0\u1edfng cho gia \u0111\u00ecnh.<\/span><\/p>\n<h2><span style=\"font-weight: 400\">\u0110\u1eb7c \u0111i\u1ec3m n\u1ed5i b\u1eadt<\/span><\/h2>\n<ul>\n<li style=\"font-weight: 400\"><span style=\"font-weight: 400\">C\u00f4ng ngh\u1ec7 Neuro Inverter ti\u1ebft ki\u1ec7m \u0111i\u1ec7n n\u0103ng hi\u1ec7u qu\u1ea3.<\/span><\/li>\n<li style=\"font-weight: 400\"><span style=\"font-weight: 400\">C\u00f4ng ngh\u1ec7 l\u00e0m l\u1ea1nh b\u1eb1ng qu\u1ea1t k\u00e9p.<\/span><\/li>\n<li style=\"font-weight: 400\"><span style=\"font-weight: 400\">C\u00f3 b\u1ed9 l\u1ecdc kh\u1eed m\u00f9i carbon ho\u1ea1t t\u00ednh di\u1ec7t tr\u00f9ng v\u00e0 kh\u1eed m\u00f9i lu\u1ed3ng kh\u00ed.<\/span><\/li>\n<li style=\"font-weight: 400\"><span style=\"font-weight: 400\">Trang b\u1ecb h\u1ec7 th\u1ed1ng \u0111\u00e8n LED gi\u00fap t\u0103ng c\u01b0\u1eddng l\u01b0\u1ee3ng vitamin C cho rau c\u1ee7 qu\u1ea3.<\/span><\/li>\n<\/ul>\n<p><img loading=\"lazy\" decoding=\"async\" class=\"alignnone wp-image-21107 size-full\" src=\"https:\/\/livinghome.vn\/thiet-bi\/wp-content\/uploads\/2024\/05\/tu-lanh-mitsubishi-electric-inverter-mr-fv28ej-ps-v-1.jpg\" alt=\"T\u1ee7 l\u1ea1nh Mitsubishi electric inverter MR-FV28EJ-PS-V \" width=\"1200\" height=\"900\" title=\"\" srcset=\"https:\/\/livinghome.vn\/thiet-bi\/wp-content\/uploads\/2024\/05\/tu-lanh-mitsubishi-electric-inverter-mr-fv28ej-ps-v-1.jpg 1200w, https:\/\/livinghome.vn\/thiet-bi\/wp-content\/uploads\/2024\/05\/tu-lanh-mitsubishi-electric-inverter-mr-fv28ej-ps-v-1-533x400.jpg 533w, https:\/\/livinghome.vn\/thiet-bi\/wp-content\/uploads\/2024\/05\/tu-lanh-mitsubishi-electric-inverter-mr-fv28ej-ps-v-1-1067x800.jpg 1067w, https:\/\/livinghome.vn\/thiet-bi\/wp-content\/uploads\/2024\/05\/tu-lanh-mitsubishi-electric-inverter-mr-fv28ej-ps-v-1-768x576.jpg 768w, https:\/\/livinghome.vn\/thiet-bi\/wp-content\/uploads\/2024\/05\/tu-lanh-mitsubishi-electric-inverter-mr-fv28ej-ps-v-1-600x450.jpg 600w\" sizes=\"auto, (max-width: 1200px) 100vw, 1200px\" \/><\/p>\n<h2><span style=\"font-weight: 400\">\u0110\u00e1nh gi\u00e1 s\u1ea3n ph\u1ea9m<\/span><\/h2>\n<p><span style=\"font-weight: 400\">Mitsubishi MR-FV28EJ-PS-V thi\u1ebft k\u1ebf theo ki\u1ec3u d\u00e1ng truy\u1ec1n th\u1ed1ng, m\u00e0u s\u1eafc trang nh\u00e3 v\u1edbi dung t\u00edch s\u1eed d\u1ee5ng l\u00e0 231 l\u00edt. T\u1ee7 l\u1ea1nh 2 c\u00e1nh c\u00f3 ki\u1ec3u d\u00e1ng h\u00ecnh vu\u00f4ng ch\u1eafc ch\u1eafn, k\u00edch th\u01b0\u1edbc chi\u1ec1u cao l\u00e0 147.6cm, chi\u1ec1u r\u1ed9ng l\u00e0 55.5cm, chi\u1ec1u s\u00e2u l\u00e0 63.5cm.\u00a0<\/span><\/p>\n<p><b>Trang b\u1ecb c\u00f4ng ngh\u1ec7 Neuro Inverter<\/b><\/p>\n<p><span style=\"font-weight: 400\">T\u1ee7 l\u1ea1nh \u0111\u01b0\u1ee3c \u1ee9ng d\u1ee5ng c\u00f4ng ngh\u1ec7 inverter c\u00f3 kh\u1ea3 n\u0103ng ti\u1ebft ki\u1ec7m \u0111i\u1ec7n n\u0103ng l\u00ean \u0111\u1ebfn 30% &#8211; 50% so v\u1edbi t\u1ee7 l\u1ea1nh th\u01b0\u1eddng. B\u1ea1n s\u1ebd kh\u00f4ng c\u00f2n ph\u1ea3i lo l\u1eafng v\u1ec1 h\u00f3a \u0111\u01a1n ti\u1ec1n \u0111i\u1ec7n h\u00e0ng th\u00e1ng n\u1eefa.<\/span><\/p>\n<p><span style=\"font-weight: 400\">\u1ee8ng d\u1ee5ng c\u00f4ng ngh\u1ec7 Neuro Inverter c\u00f3 kh\u1ea3 n\u0103ng ghi nh\u1edb th\u00f3i quen c\u1ee7a ng\u01b0\u1eddi d\u00f9ng, \u0111i\u1ec1u ch\u1ec9nh nhi\u1ec7t \u0111\u1ed9 d\u1ef1a tr\u00ean s\u1ef1 nh\u1eadn bi\u1ebft thay \u0111\u1ed5i nhi\u1ec7t \u0111\u1ed9, t\u1eeb \u0111\u00f3 ti\u1ebft ki\u1ec7m ph\u1ea7n l\u1edbn \u0111i\u1ec7n n\u0103ng b\u1ecb l\u00e3ng ph\u00ed.<\/span><\/p>\n<p><img loading=\"lazy\" decoding=\"async\" class=\"alignnone size-full wp-image-21108\" src=\"https:\/\/livinghome.vn\/thiet-bi\/wp-content\/uploads\/2024\/05\/tu-lanh-mitsubishi-electric-inverter-mr-fv28ej-ps-v-2-n.jpg\" alt=\"T\u1ee7 l\u1ea1nh Mitsubishi electric inverter MR-FV28EJ-PS-V \" width=\"1200\" height=\"900\" title=\"\" srcset=\"https:\/\/livinghome.vn\/thiet-bi\/wp-content\/uploads\/2024\/05\/tu-lanh-mitsubishi-electric-inverter-mr-fv28ej-ps-v-2-n.jpg 1200w, https:\/\/livinghome.vn\/thiet-bi\/wp-content\/uploads\/2024\/05\/tu-lanh-mitsubishi-electric-inverter-mr-fv28ej-ps-v-2-n-533x400.jpg 533w, https:\/\/livinghome.vn\/thiet-bi\/wp-content\/uploads\/2024\/05\/tu-lanh-mitsubishi-electric-inverter-mr-fv28ej-ps-v-2-n-1067x800.jpg 1067w, https:\/\/livinghome.vn\/thiet-bi\/wp-content\/uploads\/2024\/05\/tu-lanh-mitsubishi-electric-inverter-mr-fv28ej-ps-v-2-n-768x576.jpg 768w, https:\/\/livinghome.vn\/thiet-bi\/wp-content\/uploads\/2024\/05\/tu-lanh-mitsubishi-electric-inverter-mr-fv28ej-ps-v-2-n-600x450.jpg 600w\" sizes=\"auto, (max-width: 1200px) 100vw, 1200px\" \/><\/p>\n<p><b>C\u00f4ng ngh\u1ec7 l\u00e0m l\u1ea1nh b\u1eb1ng qu\u1ea1t k\u00e9p<\/b><\/p>\n<p><span style=\"font-weight: 400\">V\u1ecf \u0111\u01b0\u1ee3c l\u00e0m t\u1eeb h\u1ee3p kim Chrome \u0111\u1ea3m b\u1ea3o \u0111\u1ed9 b\u1ec1n. C\u00f4ng ngh\u1ec7 l\u00e0m l\u1ea1nh b\u1eb1ng qu\u1ea1t k\u00e9p s\u1ebd l\u00e0m l\u1ea1nh nhanh h\u01a1n v\u00e0 m\u1ea1nh h\u01a1n gi\u00fap th\u1ee9c \u0103n \u0111\u01b0\u1ee3c b\u1ea3o qu\u1ea3n l\u00e2u h\u01a1n.<\/span><\/p>\n<p><b>B\u1ed9 l\u1ecdc kh\u1eed m\u00f9i carbon ho\u1ea1t t\u00ednh<\/b><\/p>\n<p><span style=\"font-weight: 400\">Trang b\u1ecb b\u1ed9 l\u1ecdc carbon ho\u1ea1t t\u00ednh di\u1ec7t tr\u00f9ng v\u00e0 kh\u1eed m\u00f9i lu\u1ed3ng kh\u00ed l\u1ea1nh l\u01b0u th\u00f4ng b\u00ean trong t\u1ee7 l\u1ea1nh, tr\u00e1nh c\u00e1c m\u00f9i h\u00f4i m\u1ed1c kh\u00f3 ch\u1ecbu, gi\u1eef cho lu\u1ed3ng kh\u00f4ng kh\u00ed s\u1ea1ch s\u1ebd l\u01b0u th\u00f4ng trong t\u1ee7 l\u1ea1nh.<\/span><\/p>\n<p><b>N\u00fam ch\u1ec9nh nhi\u1ec7t \u0111\u1ed9 cho t\u1ee7 l\u1ea1nh\u00a0<\/b><\/p>\n<p><span style=\"font-weight: 400\">\u0110\u01b0\u1ee3c trang b\u1ecb n\u00fam ch\u1ec9nh nhi\u1ec7t \u0111\u1ed9 ti\u1ec7n l\u1ee3i, cho ph\u00e9p ng\u01b0\u1eddi d\u00f9ng \u0111i\u1ec1u ch\u1ec9nh nhi\u1ec7t \u0111\u1ed9 b\u00ean trong t\u1ee7 theo nhu c\u1ea7u c\u1ee7a m\u00ecnh, \u0111\u1ea3m b\u1ea3o b\u1ea3o qu\u1ea3n th\u1ef1c ph\u1ea9m m\u1ed9t c\u00e1ch hi\u1ec7u qu\u1ea3 nh\u1ea5t.<\/span><\/p>\n<p><span style=\"font-weight: 400\">Ng\u0103n \u0111\u00e1 v\u00e0 ng\u0103n m\u00e1t \u0111\u1ec1u c\u00f3 dung t\u00edch \u1ed5n \u0111\u1ecbnh ph\u1ee5c v\u1ee5 t\u1ed1t nhu c\u1ea7u s\u1eed d\u1ee5ng c\u1ee7a m\u1ed7i gia \u0111\u00ecnh.<\/span><\/p>\n<p><span style=\"font-weight: 400\">L\u01b0u \u00fd:<\/span><\/p>\n<p><span style=\"font-weight: 400\">Sau khi nh\u1eadn t\u1ee7 l\u1ea1nh \u00edt nh\u1ea5t t\u1eeb 2-4 gi\u1edd, Qu\u00fd kh\u00e1ch m\u1edbi \u0111\u01b0\u1ee3c c\u1eafm \u0111i\u1ec7n \u0111\u1ec3 t\u1ee7 \u1ed5n \u0111\u1ecbnh kh\u00ed gas v\u00e0 tr\u00e1nh t\u00ecnh tr\u1ea1ng s\u1ed1c \u0111i\u1ec7n do c\u1eafm \u0111i\u1ec7n.<\/span><\/p>\n<p><span style=\"font-weight: 400\">H\u00ecnh \u1ea3nh s\u1ea3n ph\u1ea9m ch\u1ec9 c\u00f3 t\u00ednh ch\u1ea5t minh h\u1ecda, chi ti\u1ebft s\u1ea3n ph\u1ea9m, m\u00e0u s\u1eafc, thi\u1ebft k\u1ebf v\u00e0 th\u00f4ng s\u1ed1 k\u1ef9 thu\u1eadt c\u00f3 th\u1ec3 thay \u0111\u1ed5i t\u00f9y theo s\u1ea3n ph\u1ea9m th\u1ef1c t\u1ebf m\u00e0 kh\u00f4ng c\u1ea7n th\u00f4ng b\u00e1o tr\u01b0\u1edbc.<\/span><\/p>\n","protected":false},"excerpt":{"rendered":"<p><span style=\"font-weight: 400\">Ki\u1ec3u t\u1ee7 l\u1ea1nh: Ng\u0103n \u0111\u00e1 ph\u00eda tr\u00ean<\/span><\/p>\n<p><span style=\"font-weight: 400\">Dung t\u00edch s\u1eed d\u1ee5ng: 231 l\u00edt<\/span><\/p>\n<p><span style=\"font-weight: 400\">Dung t\u00edch ng\u0103n l\u1ea1nh: 172 l\u00edt<\/span><\/p>\n<p><span style=\"font-weight: 400\">Dung t\u00edch ng\u0103n \u0111\u00e1: 59 l\u00edt<\/span><\/p>\n<p><span style=\"font-weight: 400\">C\u00f4ng ngh\u1ec7 Inverter: C\u00f3<\/span><\/p>\n<p><span style=\"font-weight: 400\">S\u1ed1 c\u1eeda: 2 c\u1eeda<\/span><\/p>\n<p><span style=\"font-weight: 400\">Ti\u1ec7n \u00edch: Ng\u0103n \u0111\u00e1 tr\u00ean<\/span><\/p>\n<p><span style=\"font-weight: 400\">\u0110\u00e8n chi\u1ebfu s\u00e1ng: C\u00f3<\/span><\/p>\n<p><span style=\"font-weight: 400\">\u0110i\u1ec7n n\u0103ng ti\u00eau th\u1ee5: 0.83 kW\/ng\u00e0y<\/span><\/p>\n<p><span style=\"font-weight: 400\">Ch\u1ea5t li\u1ec7u: C\u1eeda (Kim lo\u1ea1i ph\u1ee7 s\u01a1n t\u0129nh \u0111i\u1ec7n)<\/span><\/p>\n<p><span style=\"font-weight: 400\">Ch\u1ea5t li\u1ec7u khay: K\u00ednh ch\u1ecbu l\u1ef1c<\/span><\/p>\n<p><span style=\"font-weight: 400\">K\u00edch th\u01b0\u1edbc: 147,6cm x 55,5cm x 63,5cm<\/span><\/p>\n<p><span style=\"font-weight: 400\">Tr\u1ecdng l\u01b0\u1ee3ng s\u1ea3n ph\u1ea9m: 47kg<\/span><\/p>\n<p><span style=\"font-weight: 400\">Xu\u1ea5t x\u1ee9 th\u01b0\u01a1ng hi\u1ec7u: Nh\u1eadt B\u1ea3n<\/span><\/p>\n<p><span style=\"font-weight: 400\">S\u1ea3n xu\u1ea5t t\u1ea1i: Th\u00e1i Lan<\/span><\/p>\n<p><span style=\"font-weight: 400\">B\u1ea3o h\u00e0nh: 24 th\u00e1ng<\/span><\/p>\n","protected":false},"featured_media":21136,"comment_status":"open","ping_status":"closed","template":"","meta":[],"product_brand":[],"product_cat":[71,1992,201,1990],"product_tag":[203,396,1989],"class_list":{"0":"post-21106","1":"product","2":"type-product","3":"status-publish","4":"has-post-thumbnail","6":"product_cat-thuong-hieu","7":"product_cat-thuong-hieu-mitsubishi-electric","8":"product_cat-tu-lanh","9":"product_cat-tu-lanh-mitsubishi-electric","10":"product_tag-tu-lanh","11":"product_tag-tu-lanh-2-cua","12":"product_tag-tu-lanh-mitsubishi-electric","14":"first","15":"instock","16":"sale","17":"shipping-taxable","18":"purchasable","19":"product-type-simple"},"_links":{"self":[{"href":"https:\/\/livinghome.vn\/thiet-bi\/wp-json\/wp\/v2\/product\/21106","targetHints":{"allow":["GET"]}}],"collection":[{"href":"https:\/\/livinghome.vn\/thiet-bi\/wp-json\/wp\/v2\/product"}],"about":[{"href":"https:\/\/livinghome.vn\/thiet-bi\/wp-json\/wp\/v2\/types\/product"}],"replies":[{"embeddable":true,"href":"https:\/\/livinghome.vn\/thiet-bi\/wp-json\/wp\/v2\/comments?post=21106"}],"wp:featuredmedia":[{"embeddable":true,"href":"https:\/\/livinghome.vn\/thiet-bi\/wp-json\/wp\/v2\/media\/21136"}],"wp:attachment":[{"href":"https:\/\/livinghome.vn\/thiet-bi\/wp-json\/wp\/v2\/media?parent=21106"}],"wp:term":[{"taxonomy":"product_brand","embeddable":true,"href":"https:\/\/livinghome.vn\/thiet-bi\/wp-json\/wp\/v2\/product_brand?post=21106"},{"taxonomy":"product_cat","embeddable":true,"href":"https:\/\/livinghome.vn\/thiet-bi\/wp-json\/wp\/v2\/product_cat?post=21106"},{"taxonomy":"product_tag","embeddable":true,"href":"https:\/\/livinghome.vn\/thiet-bi\/wp-json\/wp\/v2\/product_tag?post=21106"}],"curies":[{"name":"wp","href":"https:\/\/api.w.org\/{rel}","templated":true}]}}