{"id":21088,"date":"2024-05-02T10:35:22","date_gmt":"2024-05-02T03:35:22","guid":{"rendered":"https:\/\/livinghome.vn\/thiet-bi\/?post_type=product&#038;p=21088"},"modified":"2024-11-29T14:18:56","modified_gmt":"2024-11-29T07:18:56","slug":"tu-lanh-mitsubishi-electric-inverter-344-lit-mr-fx43en-gsl-v","status":"publish","type":"product","link":"https:\/\/livinghome.vn\/thiet-bi\/tu-lanh-mitsubishi-electric-inverter-344-lit-mr-fx43en-gsl-v\/","title":{"rendered":"T\u1ee7 L\u1ea1nh Mitsubishi Electric Inverter 344 L\u00edt MR-FX43EN-GSL-V"},"content":{"rendered":"<h2>\u01afu \u0111i\u1ec3m c\u1ee7a t\u1ee7 l\u1ea1nh Mitsubishi Electric Inverter 344 l\u00edt MR-FX43EN-GSL-V<\/h2>\n<p>T\u1ee7 l\u1ea1nh Mitsubishi Electric Inverter 344 l\u00edt MR-FX43EN-GSL-V \u0111\u01b0\u1ee3c thi\u1ebft k\u1ebf v\u1edbi nh\u1eefng \u0111\u1eb7c \u0111i\u1ec3m v\u00e0 t\u00ednh n\u0103ng \u0111\u00e1ng ch\u00fa \u00fd, ph\u1ee5c v\u1ee5 m\u1ee5c \u0111\u00edch b\u1ea3o qu\u1ea3n th\u1ef1c ph\u1ea9m m\u1ed9t c\u00e1ch hi\u1ec7u qu\u1ea3 v\u00e0 ti\u1ec7n l\u1ee3i.<\/p>\n<h3>Thi\u1ebft k\u1ebf m\u1eb7t g\u01b0\u01a1ng<\/h3>\n<p>M\u1eb7t g\u01b0\u01a1ng sang tr\u1ecdng kh\u00f4ng ch\u1ec9 l\u00e0m cho t\u1ee7 l\u1ea1nh tr\u1edf n\u00ean \u0111\u1eb9p m\u1eaft m\u00e0 c\u00f2n t\u1ea1o \u0111i\u1ec3m nh\u1ea5n cho kh\u00f4ng gian b\u1ebfp. V\u1edbi dung t\u00edch 344 l\u00edt, t\u1ee7 l\u1ea1nh n\u00e0y ph\u00f9 h\u1ee3p cho gia \u0111\u00ecnh c\u00f3 t\u1eeb 3 \u0111\u1ebfn 4 ng\u01b0\u1eddi.<\/p>\n<h3>Ti\u1ebft ki\u1ec7m \u0111i\u1ec7n hi\u1ec7u qu\u1ea3<\/h3>\n<p>S\u1eed d\u1ee5ng c\u00f4ng ngh\u1ec7 Inverter v\u00e0 Neuro Inverter gi\u00fap t\u1ee7 l\u1ea1nh ti\u1ebft ki\u1ec7m \u0111i\u1ec7n n\u0103ng m\u1ed9t c\u00e1ch hi\u1ec7u qu\u1ea3, \u0111\u1ed3ng th\u1eddi m\u00e1y n\u00e9n ho\u1ea1t \u0111\u1ed9ng \u00eam \u00e1i v\u00e0 b\u1ec1n b\u1ec9.<\/p>\n<figure id=\"attachment_21104\" aria-describedby=\"caption-attachment-21104\" style=\"width: 1200px\" class=\"wp-caption aligncenter\"><img loading=\"lazy\" decoding=\"async\" class=\"size-full wp-image-21104\" src=\"https:\/\/livinghome.vn\/thiet-bi\/wp-content\/uploads\/2024\/05\/tu-lanh-mitsubishi-electric-inverter-344-lit-mr-fx43en-gsl-v-2.jpg\" alt=\"T\u1ee7 L\u1ea1nh Mitsubishi Electric Inverter 344 L\u00edt MR-FX43EN-GSL-V\" width=\"1200\" height=\"886\" title=\"\" srcset=\"https:\/\/livinghome.vn\/thiet-bi\/wp-content\/uploads\/2024\/05\/tu-lanh-mitsubishi-electric-inverter-344-lit-mr-fx43en-gsl-v-2.jpg 1200w, https:\/\/livinghome.vn\/thiet-bi\/wp-content\/uploads\/2024\/05\/tu-lanh-mitsubishi-electric-inverter-344-lit-mr-fx43en-gsl-v-2-542x400.jpg 542w, https:\/\/livinghome.vn\/thiet-bi\/wp-content\/uploads\/2024\/05\/tu-lanh-mitsubishi-electric-inverter-344-lit-mr-fx43en-gsl-v-2-1084x800.jpg 1084w, https:\/\/livinghome.vn\/thiet-bi\/wp-content\/uploads\/2024\/05\/tu-lanh-mitsubishi-electric-inverter-344-lit-mr-fx43en-gsl-v-2-768x567.jpg 768w, https:\/\/livinghome.vn\/thiet-bi\/wp-content\/uploads\/2024\/05\/tu-lanh-mitsubishi-electric-inverter-344-lit-mr-fx43en-gsl-v-2-600x443.jpg 600w\" sizes=\"auto, (max-width: 1200px) 100vw, 1200px\" \/><figcaption id=\"caption-attachment-21104\" class=\"wp-caption-text\">T\u1ee7 L\u1ea1nh Mitsubishi Electric Inverter 344 L\u00edt MR-FX43EN-GSL-V<\/figcaption><\/figure>\n<h3>B\u1ea3o qu\u1ea3n rau qu\u1ea3 t\u01b0\u01a1i ngon<\/h3>\n<p>Ng\u0103n \u0111\u1ef1ng rau c\u1ee7 d\u01b0\u1edbi c\u00f9ng c\u1ee7a ng\u0103n m\u00e1t \u0111\u01b0\u1ee3c thi\u1ebft k\u1ebf \u0111\u1ec3 duy tr\u00ec \u0111\u1ed9 \u1ea9m, gi\u1eef cho rau qu\u1ea3 lu\u00f4n t\u01b0\u01a1i ngon v\u00e0 gi\u00e0u vitamin. \u0110\u00e8n LED b\u00ean trong c\u0169ng \u0111\u00f3ng vai tr\u00f2 quan tr\u1ecdng trong vi\u1ec7c t\u0103ng c\u01b0\u1eddng l\u01b0\u1ee3ng vitamin C cho th\u1ef1c ph\u1ea9m.<\/p>\n<h3>Kh\u1eed m\u00f9i, kh\u00e1ng khu\u1ea9n<\/h3>\n<p>B\u1ed9 l\u1ecdc kh\u1eed m\u00f9i Carbon ho\u1ea1t t\u00ednh v\u00e0 kh\u1ea3 n\u0103ng kh\u00e1ng khu\u1ea9n gi\u00fap duy tr\u00ec kh\u00f4ng kh\u00ed trong t\u1ee7 lu\u00f4n s\u1ea1ch s\u1ebd v\u00e0 kh\u00f4ng gian b\u1ea3o qu\u1ea3n th\u1ef1c ph\u1ea9m an to\u00e0n.<\/p>\n<h3>Khay k\u00ednh ch\u1ecbu l\u1ef1c<\/h3>\n<p>Khay \u0111\u1ef1ng linh ho\u1ea1t v\u00e0 c\u00f3 th\u1ec3 ch\u1ecbu t\u1ea3i tr\u1ecdng l\u1edbn, gi\u00fap ng\u01b0\u1eddi d\u00f9ng c\u00f3 th\u1ec3 s\u1eafp x\u1ebfp th\u1ef1c ph\u1ea9m m\u1ed9t c\u00e1ch d\u1ec5 d\u00e0ng v\u00e0 thu\u1eadn ti\u1ec7n.<\/p>\n<figure id=\"attachment_21105\" aria-describedby=\"caption-attachment-21105\" style=\"width: 1200px\" class=\"wp-caption aligncenter\"><img loading=\"lazy\" decoding=\"async\" class=\"size-full wp-image-21105\" src=\"https:\/\/livinghome.vn\/thiet-bi\/wp-content\/uploads\/2024\/05\/tu-lanh-mitsubishi-electric-inverter-344-lit-mr-fx43en-gsl-v-3.jpg\" alt=\"T\u1ee7 L\u1ea1nh Mitsubishi Electric Inverter 344 L\u00edt MR-FX43EN-GSL-V\" width=\"1200\" height=\"900\" title=\"\" srcset=\"https:\/\/livinghome.vn\/thiet-bi\/wp-content\/uploads\/2024\/05\/tu-lanh-mitsubishi-electric-inverter-344-lit-mr-fx43en-gsl-v-3.jpg 1200w, https:\/\/livinghome.vn\/thiet-bi\/wp-content\/uploads\/2024\/05\/tu-lanh-mitsubishi-electric-inverter-344-lit-mr-fx43en-gsl-v-3-533x400.jpg 533w, https:\/\/livinghome.vn\/thiet-bi\/wp-content\/uploads\/2024\/05\/tu-lanh-mitsubishi-electric-inverter-344-lit-mr-fx43en-gsl-v-3-1067x800.jpg 1067w, https:\/\/livinghome.vn\/thiet-bi\/wp-content\/uploads\/2024\/05\/tu-lanh-mitsubishi-electric-inverter-344-lit-mr-fx43en-gsl-v-3-768x576.jpg 768w, https:\/\/livinghome.vn\/thiet-bi\/wp-content\/uploads\/2024\/05\/tu-lanh-mitsubishi-electric-inverter-344-lit-mr-fx43en-gsl-v-3-600x450.jpg 600w\" sizes=\"auto, (max-width: 1200px) 100vw, 1200px\" \/><figcaption id=\"caption-attachment-21105\" class=\"wp-caption-text\">T\u1ee7 L\u1ea1nh Mitsubishi Electric Inverter 344 L\u00edt MR-FX43EN-GSL-V<\/figcaption><\/figure>\n<h3>H\u1ec7 th\u1ed1ng l\u00e0m l\u1ea1nh \u0111a chi\u1ec1u<\/h3>\n<p>V\u1edbi c\u00f4ng ngh\u1ec7 l\u00e0m l\u1ea1nh \u0111a chi\u1ec1u, t\u1ee7 l\u1ea1nh c\u00f3 kh\u1ea3 n\u0103ng l\u00e0m l\u1ea1nh nhanh ch\u00f3ng v\u00e0 \u0111\u1ed3ng \u0111\u1ec1u kh\u1eafp kh\u00f4ng gian b\u00ean trong, b\u1ea3o qu\u1ea3n th\u1ef1c ph\u1ea9m t\u01b0\u01a1i ngon l\u00e2u d\u00e0i.<\/p>\n<h3>T\u00ednh n\u0103ng kh\u00e1c<\/h3>\n<p>Bao g\u1ed3m khay \u0111\u1ef1ng \u0111\u00e1 xoay di \u0111\u1ed9ng v\u00e0 ng\u0103n m\u00e1t d\u1ea1ng tr\u01b0\u1ee3t, gi\u00fap t\u0103ng t\u00ednh linh ho\u1ea1t v\u00e0 ti\u1ec7n \u00edch trong vi\u1ec7c s\u1eed d\u1ee5ng.<\/p>\n<p>T\u00f3m l\u1ea1i, t\u1ee7 l\u1ea1nh Mitsubishi Electric Inverter 344 l\u00edt MR-FX43EN-GSL-V kh\u00f4ng ch\u1ec9 l\u00e0 m\u1ed9t s\u1ea3n ph\u1ea9m \u0111i\u1ec7n gia d\u1ee5ng th\u00f4ng th\u01b0\u1eddng m\u00e0 c\u00f2n l\u00e0 m\u1ed9t gi\u1ea3i ph\u00e1p ho\u00e0n h\u1ea3o cho nhu c\u1ea7u b\u1ea3o qu\u1ea3n th\u1ef1c ph\u1ea9m c\u1ee7a m\u1ed7i gia \u0111\u00ecnh.<\/p>\n<p>&nbsp;<\/p>\n","protected":false},"excerpt":{"rendered":"<ul>\n<li>Ki\u1ec3u t\u1ee7 l\u1ea1nh: Ng\u0103n \u0111\u00e1 ph\u00eda tr\u00ean<\/li>\n<li>Dung t\u00edch s\u1eed d\u1ee5ng: 344 l\u00edt<\/li>\n<li>Dung t\u00edch ng\u0103n l\u1ea1nh: 246 l\u00edt<\/li>\n<li>Dung t\u00edch ng\u0103n \u0111\u00e1: 98 l\u00edt<\/li>\n<li>C\u00f4ng ngh\u1ec7 Inverter: C\u00f3<\/li>\n<li>Kh\u00e1ng khu\u1ea9n, kh\u1eed m\u00f9i: B\u1ed9 l\u1ecdc Carbon ho\u1ea1t t\u00ednh<\/li>\n<li>S\u1ed1 c\u1eeda: 2 c\u1eeda<\/li>\n<li>Ti\u1ec7n \u00edch: Ng\u0103n \u0111\u00e1 tr\u00ean<\/li>\n<li>\u0110\u00e8n chi\u1ebfu s\u00e1ng: \u0110\u00e8n Led<\/li>\n<li>\u0110i\u1ec7n n\u0103ng ti\u00eau th\u1ee5: 0.81 kWh\/ng\u00e0y<\/li>\n<li>Ch\u1ea5t li\u1ec7u: C\u1eeda t\u1ee7\u00a0(M\u1eb7t g\u01b0\u01a1ng)<\/li>\n<li>Ch\u1ea5t li\u1ec7u khay: K\u00ednh ch\u1ecbu l\u1ef1c<\/li>\n<li>Ngu\u1ed3n \u0111i\u1ec7n \u00e1p: 220V\/50Hz<\/li>\n<li>M\u00e0u s\u1eafc: B\u1ea1c \u00e1nh kim<\/li>\n<li>K\u00edch th\u01b0\u1edbc: Cao x r\u1ed9ng x s\u00e2u\u00a0(162cm x 69.9cm x 72cm)<\/li>\n<li>Tr\u1ecdng l\u01b0\u1ee3ng s\u1ea3n ph\u1ea9m: 82kg<\/li>\n<li>Xu\u1ea5t x\u1ee9 th\u01b0\u01a1ng hi\u1ec7u: Nh\u1eadt B\u1ea3n<\/li>\n<li>S\u1ea3n xu\u1ea5t t\u1ea1i: Th\u00e1i Lan<\/li>\n<\/ul>\n","protected":false},"featured_media":21137,"comment_status":"open","ping_status":"closed","template":"","meta":[],"product_brand":[],"product_cat":[1992,201,1990],"product_tag":[203,1989],"class_list":{"0":"post-21088","1":"product","2":"type-product","3":"status-publish","4":"has-post-thumbnail","6":"product_cat-thuong-hieu-mitsubishi-electric","7":"product_cat-tu-lanh","8":"product_cat-tu-lanh-mitsubishi-electric","9":"product_tag-tu-lanh","10":"product_tag-tu-lanh-mitsubishi-electric","12":"first","13":"instock","14":"sale","15":"shipping-taxable","16":"purchasable","17":"product-type-simple"},"_links":{"self":[{"href":"https:\/\/livinghome.vn\/thiet-bi\/wp-json\/wp\/v2\/product\/21088","targetHints":{"allow":["GET"]}}],"collection":[{"href":"https:\/\/livinghome.vn\/thiet-bi\/wp-json\/wp\/v2\/product"}],"about":[{"href":"https:\/\/livinghome.vn\/thiet-bi\/wp-json\/wp\/v2\/types\/product"}],"replies":[{"embeddable":true,"href":"https:\/\/livinghome.vn\/thiet-bi\/wp-json\/wp\/v2\/comments?post=21088"}],"wp:featuredmedia":[{"embeddable":true,"href":"https:\/\/livinghome.vn\/thiet-bi\/wp-json\/wp\/v2\/media\/21137"}],"wp:attachment":[{"href":"https:\/\/livinghome.vn\/thiet-bi\/wp-json\/wp\/v2\/media?parent=21088"}],"wp:term":[{"taxonomy":"product_brand","embeddable":true,"href":"https:\/\/livinghome.vn\/thiet-bi\/wp-json\/wp\/v2\/product_brand?post=21088"},{"taxonomy":"product_cat","embeddable":true,"href":"https:\/\/livinghome.vn\/thiet-bi\/wp-json\/wp\/v2\/product_cat?post=21088"},{"taxonomy":"product_tag","embeddable":true,"href":"https:\/\/livinghome.vn\/thiet-bi\/wp-json\/wp\/v2\/product_tag?post=21088"}],"curies":[{"name":"wp","href":"https:\/\/api.w.org\/{rel}","templated":true}]}}