{"id":21086,"date":"2024-05-02T10:35:08","date_gmt":"2024-05-02T03:35:08","guid":{"rendered":"https:\/\/livinghome.vn\/thiet-bi\/?post_type=product&#038;p=21086"},"modified":"2024-11-29T14:18:56","modified_gmt":"2024-11-29T07:18:56","slug":"tu-lanh-mitsubishi-electric-mr-cx41ej-brw-v","status":"publish","type":"product","link":"https:\/\/livinghome.vn\/thiet-bi\/tu-lanh-mitsubishi-electric-mr-cx41ej-brw-v\/","title":{"rendered":"T\u1ee7 l\u1ea1nh Mitsubishi Electric MR-CX41EJ-BRW-V"},"content":{"rendered":"<h2>Nh\u1eefng \u01b0u \u0111i\u1ec3m n\u1ed5i b\u1eadt c\u1ee7a t\u1ee7 l\u1ea1nh Mitsubishi Electric MR-CX41EJ-BRW-V<\/h2>\n<h3>C\u00f4ng ngh\u1ec7 Inverter ti\u1ebft ki\u1ec7m \u0111i\u1ec7n<\/h3>\n<p>T\u1ee7 l\u1ea1nh Mitsubishi MR-CX41EJ-BRW-V \u0111\u01b0\u1ee3c trang b\u1ecb c\u00f4ng ngh\u1ec7 <strong>Neuro Inverter<\/strong> ti\u00ean ti\u1ebfn. Nh\u1edd c\u00f4ng ngh\u1ec7 n\u00e0y, t\u1ee7 l\u1ea1nh c\u00f3 kh\u1ea3 n\u0103ng <strong>ghi nh\u1edb th\u00f3i quen s\u1eed d\u1ee5ng<\/strong> c\u1ee7a ng\u01b0\u1eddi d\u00f9ng v\u00e0 <strong>t\u1ef1 \u0111\u1ed9ng \u0111i\u1ec1u ch\u1ec9nh nhi\u1ec7t \u0111\u1ed9 l\u00e0m l\u1ea1nh<\/strong> ph\u00f9 h\u1ee3p, gi\u00fap b\u1ea3o qu\u1ea3n th\u1ef1c ph\u1ea9m t\u01b0\u01a1i ngon l\u00e2u d\u00e0i m\u00e0 v\u1eabn <strong>ti\u1ebft ki\u1ec7m \u0111i\u1ec7n n\u0103ng l\u00ean t\u1edbi 45%<\/strong>.<\/p>\n<h3>L\u00e0m l\u1ea1nh \u0111a chi\u1ec1u gi\u00fap th\u1ef1c ph\u1ea9m \u0111\u01b0\u1ee3c b\u1ea3o qu\u1ea3n \u0111\u1ed3ng \u0111\u1ec1u<\/h3>\n<p>T\u1ee7 l\u1ea1nh 3 c\u00e1nh MR-CX41EJ-BRW-V \u0111\u01b0\u1ee3c trang b\u1ecb <strong>c\u00f4ng ngh\u1ec7 l\u00e0m l\u1ea1nh \u0111a chi\u1ec1u<\/strong>, gi\u00fap lu\u1ed3ng kh\u00ed l\u1ea1nh \u0111\u01b0\u1ee3c ph\u00e2n ph\u1ed1i <strong>\u0111\u1ed3ng \u0111\u1ec1u<\/strong> \u0111\u1ebfn m\u1ecdi ng\u00f3c ng\u00e1ch trong t\u1ee7. Nh\u1edd v\u1eady, th\u1ef1c ph\u1ea9m \u1edf m\u1ecdi v\u1ecb tr\u00ed \u0111\u1ec1u \u0111\u01b0\u1ee3c b\u1ea3o qu\u1ea3n \u1edf nhi\u1ec7t \u0111\u1ed9 t\u1ed1i \u01b0u, gi\u1eef tr\u1ecdn \u0111\u1ed9 t\u01b0\u01a1i ngon v\u00e0 d\u01b0\u1ee1ng ch\u1ea5t.<\/p>\n<p class=\"_ilcss0_\"><img loading=\"lazy\" decoding=\"async\" class=\"alignnone size-full wp-image-21102\" src=\"https:\/\/livinghome.vn\/thiet-bi\/wp-content\/uploads\/2024\/05\/tu-lanh-mitsubishi-electric-mr-cx41ej-brw-v-3.jpg\" alt=\"\" width=\"1200\" height=\"800\" title=\"\" srcset=\"https:\/\/livinghome.vn\/thiet-bi\/wp-content\/uploads\/2024\/05\/tu-lanh-mitsubishi-electric-mr-cx41ej-brw-v-3.jpg 1200w, https:\/\/livinghome.vn\/thiet-bi\/wp-content\/uploads\/2024\/05\/tu-lanh-mitsubishi-electric-mr-cx41ej-brw-v-3-600x400.jpg 600w, https:\/\/livinghome.vn\/thiet-bi\/wp-content\/uploads\/2024\/05\/tu-lanh-mitsubishi-electric-mr-cx41ej-brw-v-3-768x512.jpg 768w\" sizes=\"auto, (max-width: 1200px) 100vw, 1200px\" \/><\/p>\n<p class=\"_ilcss0_\">T\u1ee7 l\u1ea1nh Mitsubishi MR-CX41EJ-BRW-V gi\u00fap b\u1ea3o qu\u1ea3n th\u1ef1c ph\u1ea9m t\u1ed1i \u01b0u<\/p>\n<h3>B\u1ed9 l\u1ecdc Carbon ho\u1ea1t t\u00ednh kh\u00e1ng khu\u1ea9n, kh\u1eed m\u00f9i<\/h3>\n<p>T\u1ee7 l\u1ea1nh MR-CX41EJ-BRW-V s\u1edf h\u1eefu b\u1ed9 l\u1ecdc Carbon ho\u1ea1t t\u00ednh c\u00f3 kh\u1ea3 n\u0103ng di\u1ec7t khu\u1ea9n, kh\u1eed m\u00f9i v\u01b0\u1ee3t tr\u1ed9i, cho chi\u1ebfc t\u1ee7 l\u1ea1nh c\u1ee7a b\u1ea1n lu\u00f4n s\u1ea1ch s\u1ebd \u0111\u1ec3 b\u1ea3o qu\u1ea3n th\u1ef1c ph\u1ea9m an to\u00e0n.<\/p>\n<h3>\u0110\u1ec7m c\u1eeda trang b\u1ecb Ion b\u1ea1c kh\u00e1ng khu\u1ea9n hi\u1ec7n \u0111\u1ea1i<\/h3>\n<div class=\"response-container-content ng-tns-c2267196777-437\">\n<div class=\"response-content ng-tns-c2267196777-437\">\n<div class=\"markdown markdown-main-panel\" dir=\"ltr\">\n<p data-sourcepos=\"3:1-3:269\">T\u1ee7 l\u1ea1nh Mitsubishi \u0111\u01b0\u1ee3c trang b\u1ecb <strong>\u0111\u1ec7m c\u1eeda Ion b\u1ea1c kh\u00e1ng khu\u1ea9n<\/strong> hi\u1ec7n \u0111\u1ea1i, gi\u00fap lo\u1ea1i b\u1ecf vi khu\u1ea9n v\u00e0 n\u1ea5m m\u1ed1c hi\u1ec7u qu\u1ea3, mang \u0111\u1ebfn kh\u00f4ng gian l\u01b0u tr\u1eef th\u1ef1c ph\u1ea9m <strong>lu\u00f4n s\u1ea1ch khu\u1ea9n v\u00e0 th\u01a1m tho<\/strong>. Nh\u1edd v\u1eady, b\u1ea1n ho\u00e0n to\u00e0n y\u00ean t\u00e2m v\u1ec1 ch\u1ea5t l\u01b0\u1ee3ng th\u1ef1c ph\u1ea9m v\u00e0 s\u1ee9c kh\u1ecfe c\u1ee7a gia \u0111\u00ecnh.<\/p>\n<\/div>\n<\/div>\n<\/div>\n<p class=\"_ilcss0_\"><img loading=\"lazy\" decoding=\"async\" class=\"alignnone size-full wp-image-21100\" src=\"https:\/\/livinghome.vn\/thiet-bi\/wp-content\/uploads\/2024\/05\/tu-lanh-mitsubishi-electric-mr-cx41ej-brw-v-4.jpg\" alt=\"\" width=\"1200\" height=\"800\" title=\"\" srcset=\"https:\/\/livinghome.vn\/thiet-bi\/wp-content\/uploads\/2024\/05\/tu-lanh-mitsubishi-electric-mr-cx41ej-brw-v-4.jpg 1200w, https:\/\/livinghome.vn\/thiet-bi\/wp-content\/uploads\/2024\/05\/tu-lanh-mitsubishi-electric-mr-cx41ej-brw-v-4-600x400.jpg 600w, https:\/\/livinghome.vn\/thiet-bi\/wp-content\/uploads\/2024\/05\/tu-lanh-mitsubishi-electric-mr-cx41ej-brw-v-4-768x512.jpg 768w\" sizes=\"auto, (max-width: 1200px) 100vw, 1200px\" \/><\/p>\n<p class=\"_ilcss0_\">T\u1ee7 l\u1ea1nh Mitsubishi MR-CX41EJ-BRW-V c\u00f3 \u0111\u1ec7m c\u1eeda kh\u00e1ng khu\u1ea9n hi\u1ec7n \u0111\u1ea1i<\/p>\n<h3>Ng\u0103n rau qu\u1ea3 cung c\u1ea5p Vitamin C<\/h3>\n<p>T\u1ee7 l\u1ea1nh MR-CX41EJ-BRW-V \u0111\u01b0\u1ee3c trang b\u1ecb ng\u0103n rau c\u1ee7 v\u1edbi h\u1ec7 th\u1ed1ng <strong>\u0111\u00e8n LED m\u00e0u cam<\/strong> \u0111\u1ed9c \u0111\u00e1o. \u00c1nh s\u00e1ng n\u00e0y <strong>gi\u1ea3 l\u1eadp \u00e1nh s\u00e1ng m\u1eb7t tr\u1eddi<\/strong>, gi\u00fap rau c\u1ee7 ti\u1ebfp t\u1ee5c quang h\u1ee3p trong qu\u00e1 tr\u00ecnh b\u1ea3o qu\u1ea3n, <strong>t\u0103ng 15% l\u01b0\u1ee3ng Vitamin C<\/strong>. Nh\u1edd v\u1eady, rau c\u1ee7 lu\u00f4n t\u01b0\u01a1i ngon v\u00e0 gi\u1eef nguy\u00ean gi\u00e1 tr\u1ecb dinh d\u01b0\u1ee1ng, mang \u0111\u1ebfn ngu\u1ed3n th\u1ef1c ph\u1ea9m b\u1ed5 d\u01b0\u1ee1ng cho c\u1ea3 gia \u0111\u00ecnh.<\/p>\n<p class=\"_ilcss0_\"><img loading=\"lazy\" decoding=\"async\" class=\"alignnone size-full wp-image-21098\" src=\"https:\/\/livinghome.vn\/thiet-bi\/wp-content\/uploads\/2024\/05\/tu-lanh-mitsubishi-electric-mr-cx41ej-brw-v-5.jpg\" alt=\"\" width=\"1200\" height=\"800\" title=\"\" srcset=\"https:\/\/livinghome.vn\/thiet-bi\/wp-content\/uploads\/2024\/05\/tu-lanh-mitsubishi-electric-mr-cx41ej-brw-v-5.jpg 1200w, https:\/\/livinghome.vn\/thiet-bi\/wp-content\/uploads\/2024\/05\/tu-lanh-mitsubishi-electric-mr-cx41ej-brw-v-5-600x400.jpg 600w, https:\/\/livinghome.vn\/thiet-bi\/wp-content\/uploads\/2024\/05\/tu-lanh-mitsubishi-electric-mr-cx41ej-brw-v-5-768x512.jpg 768w\" sizes=\"auto, (max-width: 1200px) 100vw, 1200px\" \/><\/p>\n<p class=\"_ilcss0_\">T\u1ee7 l\u1ea1nh Mitsubishi MR-CX41EJ-BRW-V c\u00f3 ng\u0103n rau cung c\u1ea5p vitamin C<\/p>\n<h3>H\u1ec7 th\u1ed1ng l\u00e0m \u0111\u00e1 t\u1ef1 \u0111\u1ed9ng<\/h3>\n<p data-sourcepos=\"3:1-3:137\">C\u01a1 ch\u1ebf l\u00e0m \u0111\u00e1 t\u1ef1 \u0111\u1ed9ng tr\u00ean t\u1ee7 l\u1ea1nh Mitsubishi v\u1eadn h\u00e0nh <strong>\u0111\u01a1n gi\u1ea3n<\/strong>, gi\u00fap b\u1ea1n d\u1ec5 d\u00e0ng c\u00f3 \u0111\u01b0\u1ee3c nh\u1eefng vi\u00ean \u0111\u00e1 m\u00e1t l\u1ea1nh ch\u1ec9 trong ch\u1ed1c l\u00e1t.<\/p>\n<p data-sourcepos=\"5:1-5:168\"><strong>Ti\u1ebft ki\u1ec7m th\u1eddi gian v\u00e0 c\u00f4ng s\u1ee9c<\/strong>, b\u1ea1n c\u00f3 th\u1ec3 tho\u1ea3i m\u00e1i t\u1eadn h\u01b0\u1edfng nh\u1eefng th\u1ee9c u\u1ed1ng gi\u1ea3i kh\u00e1t s\u1ea3ng kho\u00e1i trong m\u00f9a h\u00e8 m\u00e0 kh\u00f4ng c\u1ea7n ph\u1ea3i lo l\u1eafng v\u1ec1 vi\u1ec7c tr\u1eef \u0111\u00e1 th\u1ee7 c\u00f4ng.<\/p>\n<p class=\"_ilcss0_\"><img loading=\"lazy\" decoding=\"async\" class=\"alignnone size-full wp-image-21099\" src=\"https:\/\/livinghome.vn\/thiet-bi\/wp-content\/uploads\/2024\/05\/tu-lanh-mitsubishi-electric-mr-cx41ej-brw-v-6.jpg\" alt=\"\" width=\"1200\" height=\"800\" title=\"\" srcset=\"https:\/\/livinghome.vn\/thiet-bi\/wp-content\/uploads\/2024\/05\/tu-lanh-mitsubishi-electric-mr-cx41ej-brw-v-6.jpg 1200w, https:\/\/livinghome.vn\/thiet-bi\/wp-content\/uploads\/2024\/05\/tu-lanh-mitsubishi-electric-mr-cx41ej-brw-v-6-600x400.jpg 600w, https:\/\/livinghome.vn\/thiet-bi\/wp-content\/uploads\/2024\/05\/tu-lanh-mitsubishi-electric-mr-cx41ej-brw-v-6-768x512.jpg 768w\" sizes=\"auto, (max-width: 1200px) 100vw, 1200px\" \/><\/p>\n<p class=\"_ilcss0_\">T\u1ee7 l\u1ea1nh Mitsubishi MR-CX41EJ-BRW-V s\u1edf h\u1eefu c\u01a1 ch\u1ebf l\u00e0m \u0111\u00e1 ti\u1ec7n l\u1ee3i<\/p>\n<h3>Thi\u1ebft k\u1ebf 3 c\u00e1nh \u1ea5n t\u01b0\u1ee3ng, sang tr\u1ecdng<\/h3>\n<p data-sourcepos=\"3:1-3:164\">T\u1ee7 l\u1ea1nh Mitsubishi MR-CX41EJ-BRW-V g\u00e2y \u1ea5n t\u01b0\u1ee3ng v\u1edbi <strong>thi\u1ebft k\u1ebf 3 c\u00e1nh<\/strong> sang tr\u1ecdng c\u00f9ng <strong>ng\u0103n \u0111\u00e1 d\u01b0\u1edbi<\/strong> ti\u1ec7n l\u1ee3i, mang \u0111\u1ebfn s\u1ef1 hi\u1ec7n \u0111\u1ea1i cho kh\u00f4ng gian b\u1ebfp c\u1ee7a b\u1ea1n.<\/p>\n<p data-sourcepos=\"5:1-5:200\"><strong>Khay ng\u0103n k\u00ednh ch\u1ecbu l\u1ef1c<\/strong> b\u1ec1n b\u1ec9 gi\u00fap b\u1ea1n b\u1ea3o qu\u1ea3n th\u1ef1c ph\u1ea9m an to\u00e0n m\u00e0 kh\u00f4ng lo n\u1ee9t v\u1ee1. T\u1ee7 \u0111\u01b0\u1ee3c trang b\u1ecb <strong>2 ng\u0103n ri\u00eang bi\u1ec7t<\/strong> cho th\u1ef1c ph\u1ea9m s\u1ed1ng v\u00e0 ch\u00edn, gi\u00fap b\u1ea1n d\u1ec5 d\u00e0ng s\u1eafp x\u1ebfp v\u00e0 tr\u00e1nh l\u1eabn m\u00f9i.<\/p>\n<p data-sourcepos=\"7:1-7:125\">V\u1edbi dung t\u00edch <strong>326 l\u00edt<\/strong>, t\u1ee7 l\u1ea1nh Mitsubishi MR-CX41EJ-BRW-V \u0111\u00e1p \u1ee9ng ho\u00e0n h\u1ea3o nhu c\u1ea7u s\u1eed d\u1ee5ng cho gia \u0111\u00ecnh 3 &#8211; 4 th\u00e0nh vi\u00ean.<\/p>\n<p class=\"_ilcss0_\"><img loading=\"lazy\" decoding=\"async\" class=\"alignnone size-full wp-image-21097\" src=\"https:\/\/livinghome.vn\/thiet-bi\/wp-content\/uploads\/2024\/05\/tu-lanh-mitsubishi-electric-mr-cx41ej-brw-v-7.jpg\" alt=\"\" width=\"1200\" height=\"837\" title=\"\" srcset=\"https:\/\/livinghome.vn\/thiet-bi\/wp-content\/uploads\/2024\/05\/tu-lanh-mitsubishi-electric-mr-cx41ej-brw-v-7.jpg 1200w, https:\/\/livinghome.vn\/thiet-bi\/wp-content\/uploads\/2024\/05\/tu-lanh-mitsubishi-electric-mr-cx41ej-brw-v-7-573x400.jpg 573w, https:\/\/livinghome.vn\/thiet-bi\/wp-content\/uploads\/2024\/05\/tu-lanh-mitsubishi-electric-mr-cx41ej-brw-v-7-1147x800.jpg 1147w, https:\/\/livinghome.vn\/thiet-bi\/wp-content\/uploads\/2024\/05\/tu-lanh-mitsubishi-electric-mr-cx41ej-brw-v-7-768x536.jpg 768w, https:\/\/livinghome.vn\/thiet-bi\/wp-content\/uploads\/2024\/05\/tu-lanh-mitsubishi-electric-mr-cx41ej-brw-v-7-600x419.jpg 600w\" sizes=\"auto, (max-width: 1200px) 100vw, 1200px\" \/><\/p>\n<p class=\"_ilcss0_\">Chi ti\u1ebft t\u1ee7 l\u1ea1nh Mitsubishi MR-CX41EJ-BRW-V<\/p>\n<p><strong>L\u01b0u \u00fd: <\/strong>H\u00ecnh \u1ea3nh s\u1ea3n ph\u1ea9m ch\u1ec9 c\u00f3 t\u00ednh ch\u1ea5t minh h\u1ecda<\/p>\n","protected":false},"excerpt":{"rendered":"<p>Ki\u1ec3u t\u1ee7 l\u1ea1nh: Ng\u0103n \u0111\u00e1 ph\u00eda d\u01b0\u1edbi<\/p>\n<p>Dung t\u00edch ng\u0103n l\u1ea1nh: 248 l\u00edt<\/p>\n<p>Dung t\u00edch ng\u0103n \u0111\u00e1: 78 l\u00edt<\/p>\n<p>C\u00f4ng ngh\u1ec7 Inverter: C\u00f3<\/p>\n<p>Kh\u00e1ng khu\u1ea9n, kh\u1eed m\u00f9i: B\u1ed9 l\u1ecdc Carbon ho\u1ea1t t\u00ednh<\/p>\n<p>S\u1ed1 c\u1eeda: 3 c\u1eeda<\/p>\n<p>C\u00f4ng ngh\u1ec7 l\u00e0m l\u1ea1nh: <a href=\"https:\/\/meta.vn\/tu-lanh-c1015?specs=100.24119\">L\u00e0m l\u1ea1nh \u0111a chi\u1ec1u<\/a><\/p>\n<p>Ti\u1ec7n \u00edch: L\u00e0m \u0111\u00e1 t\u1ef1 \u0111\u1ed9ng<\/p>\n<p>Chu\u00f4ng b\u00e1o c\u1eeda: C\u00f3<\/p>\n<p>Ng\u0103n rau qu\u1ea3: C\u00f3<\/p>\n<p>L\u00e0m \u0111\u00e1 t\u1ef1 \u0111\u1ed9ng: C\u00f3<\/p>\n<p>Ch\u1ea5t li\u1ec7u khay: K\u00ednh ch\u1ecbu l\u1ef1c<\/p>\n<p>Ch\u1ea5t li\u1ec7u b\u00ean ngo\u00e0i: Kim lo\u1ea1i ph\u1ee7 s\u01a1n t\u0129nh \u0111i\u1ec7n<\/p>\n<p>N\u0103m ra m\u1eaft: 2016<\/p>\n<p>K\u00edch th\u01b0\u1edbc: 169,8cm x 60cm x 65cm<\/p>\n<p>Tr\u1ecdng l\u01b0\u1ee3ng s\u1ea3n ph\u1ea9m: 100kg<\/p>\n<p>Xu\u1ea5t x\u1ee9 th\u01b0\u01a1ng hi\u1ec7u: Nh\u1eadt B\u1ea3n<\/p>\n<p>S\u1ea3n xu\u1ea5t t\u1ea1i: Th\u00e1i Lan<\/p>\n<p>&nbsp;<\/p>\n","protected":false},"featured_media":21139,"comment_status":"open","ping_status":"closed","template":"","meta":[],"product_brand":[],"product_cat":[1992,201,1990],"product_tag":[],"class_list":{"0":"post-21086","1":"product","2":"type-product","3":"status-publish","4":"has-post-thumbnail","6":"product_cat-thuong-hieu-mitsubishi-electric","7":"product_cat-tu-lanh","8":"product_cat-tu-lanh-mitsubishi-electric","10":"first","11":"instock","12":"sale","13":"shipping-taxable","14":"purchasable","15":"product-type-simple"},"_links":{"self":[{"href":"https:\/\/livinghome.vn\/thiet-bi\/wp-json\/wp\/v2\/product\/21086","targetHints":{"allow":["GET"]}}],"collection":[{"href":"https:\/\/livinghome.vn\/thiet-bi\/wp-json\/wp\/v2\/product"}],"about":[{"href":"https:\/\/livinghome.vn\/thiet-bi\/wp-json\/wp\/v2\/types\/product"}],"replies":[{"embeddable":true,"href":"https:\/\/livinghome.vn\/thiet-bi\/wp-json\/wp\/v2\/comments?post=21086"}],"wp:featuredmedia":[{"embeddable":true,"href":"https:\/\/livinghome.vn\/thiet-bi\/wp-json\/wp\/v2\/media\/21139"}],"wp:attachment":[{"href":"https:\/\/livinghome.vn\/thiet-bi\/wp-json\/wp\/v2\/media?parent=21086"}],"wp:term":[{"taxonomy":"product_brand","embeddable":true,"href":"https:\/\/livinghome.vn\/thiet-bi\/wp-json\/wp\/v2\/product_brand?post=21086"},{"taxonomy":"product_cat","embeddable":true,"href":"https:\/\/livinghome.vn\/thiet-bi\/wp-json\/wp\/v2\/product_cat?post=21086"},{"taxonomy":"product_tag","embeddable":true,"href":"https:\/\/livinghome.vn\/thiet-bi\/wp-json\/wp\/v2\/product_tag?post=21086"}],"curies":[{"name":"wp","href":"https:\/\/api.w.org\/{rel}","templated":true}]}}