{"id":21071,"date":"2024-05-02T10:29:07","date_gmt":"2024-05-02T03:29:07","guid":{"rendered":"https:\/\/livinghome.vn\/thiet-bi\/?post_type=product&#038;p=21071"},"modified":"2024-11-29T14:18:56","modified_gmt":"2024-11-29T07:18:56","slug":"tu-lanh-mitsubishi-electric-inverter-243-lit-mr-fc29ep-ob-v","status":"publish","type":"product","link":"https:\/\/livinghome.vn\/thiet-bi\/tu-lanh-mitsubishi-electric-inverter-243-lit-mr-fc29ep-ob-v\/","title":{"rendered":"T\u1ee7 l\u1ea1nh Mitsubishi Electric Inverter 243 l\u00edt MR-FC29EP-OB-V"},"content":{"rendered":"<h2><span style=\"font-weight: 400\">Gi\u1edbi thi\u1ec7u t\u1ee7 l\u1ea1nh Mitsubishi Electric Inverter 243 l\u00edt MR-FC29EP-OB-V<\/span><\/h2>\n<p><span style=\"font-weight: 400\">T\u1ee7 l\u1ea1nh Mitsubishi Electric Inverter 243 l\u00edt MR-FC29EP-OB-V l\u00e0 l\u1ef1a ch\u1ecdn ho\u00e0n h\u1ea3o cho gia \u0111\u00ecnh v\u1edbi thi\u1ebft k\u1ebf hi\u1ec7n \u0111\u1ea1i, dung t\u00edch v\u1eeba ph\u1ea3i v\u00e0 t\u00ednh n\u0103ng ti\u1ebft ki\u1ec7m n\u0103ng l\u01b0\u1ee3ng.<\/span><\/p>\n<h2><span style=\"font-weight: 400\">\u0110\u1eb7c \u0111i\u1ec3m n\u1ed5i b\u1eadt<\/span><\/h2>\n<ul>\n<li style=\"font-weight: 400\"><span style=\"font-weight: 400\">H\u1ec7 th\u1ed1ng l\u00e0m l\u1ea1nh \u0111a chi\u1ec1u.<\/span><\/li>\n<li style=\"font-weight: 400\"><span style=\"font-weight: 400\">C\u00f3 b\u1ed9 l\u1ecdc kh\u1eed m\u00f9i carbon ho\u1ea1t t\u00ednh di\u1ec7t tr\u00f9ng v\u00e0 kh\u1eed m\u00f9i lu\u1ed3ng kh\u00ed.<\/span><\/li>\n<li style=\"font-weight: 400\"><span style=\"font-weight: 400\">C\u00f4ng ngh\u1ec7 Neuro Inverter ti\u1ebft ki\u1ec7m \u0111i\u1ec7n n\u0103ng hi\u1ec7u qu\u1ea3.<\/span><\/li>\n<li style=\"font-weight: 400\"><span style=\"font-weight: 400\">Trang b\u1ecb h\u1ec7 th\u1ed1ng \u0111\u00e8n LED gi\u00fap t\u0103ng c\u01b0\u1eddng l\u01b0\u1ee3ng vitamin C cho rau c\u1ee7 qu\u1ea3.<\/span><\/li>\n<\/ul>\n<p><img loading=\"lazy\" decoding=\"async\" class=\"alignnone wp-image-21087 size-full\" src=\"https:\/\/livinghome.vn\/thiet-bi\/wp-content\/uploads\/2024\/05\/tu-lanh-mitsubishi-electric-inverter-mr-fc29ep-ob-v-1.jpg\" alt=\"Mitsubishi Electric Inverter 243 l\u00edt MR-FC29EP-OB-V\" width=\"1200\" height=\"800\" title=\"\" srcset=\"https:\/\/livinghome.vn\/thiet-bi\/wp-content\/uploads\/2024\/05\/tu-lanh-mitsubishi-electric-inverter-mr-fc29ep-ob-v-1.jpg 1200w, https:\/\/livinghome.vn\/thiet-bi\/wp-content\/uploads\/2024\/05\/tu-lanh-mitsubishi-electric-inverter-mr-fc29ep-ob-v-1-600x400.jpg 600w, https:\/\/livinghome.vn\/thiet-bi\/wp-content\/uploads\/2024\/05\/tu-lanh-mitsubishi-electric-inverter-mr-fc29ep-ob-v-1-768x512.jpg 768w\" sizes=\"auto, (max-width: 1200px) 100vw, 1200px\" \/><\/p>\n<h2>\u0110\u00e1nh gi\u00e1 s\u1ea3n ph\u1ea9m<\/h2>\n<p><span style=\"font-weight: 400\">T\u1ee7 l\u1ea1nh Mitsubishi Electric Inverter 243 l\u00edt MR-FC29EP-OB-V \u0111\u01b0\u1ee3c thi\u1ebft k\u1ebf tinh t\u1ebf v\u00e0 hi\u1ec7n \u0111\u1ea1i <\/span><span style=\"font-weight: 400\">v\u1edbi c\u00e1c ng\u0103n ch\u1ee9a linh ho\u1ea1t <\/span><span style=\"font-weight: 400\">mang l\u1ea1i v\u1ebb \u0111\u1eb9p kh\u1ecfe kho\u1eafn, sang tr\u1ecdng cho kh\u00f4ng gian n\u1ed9i th\u1ea5t gia \u0111\u00ecnh b\u1ea1n<\/span><span style=\"font-weight: 400\">.<\/span><\/p>\n<p><img loading=\"lazy\" decoding=\"async\" class=\"alignnone size-medium wp-image-21089\" src=\"https:\/\/livinghome.vn\/thiet-bi\/wp-content\/uploads\/2024\/05\/tu-lanh-mitsubishi-electric-inverter-mr-fc29ep-ob-v-2-600x400.jpg\" alt=\"T\u1ee7 l\u1ea1nh Mitsubishi Electric Inverter 243 l\u00edt MR-FC29EP-OB-V\" width=\"600\" height=\"400\" title=\"\" srcset=\"https:\/\/livinghome.vn\/thiet-bi\/wp-content\/uploads\/2024\/05\/tu-lanh-mitsubishi-electric-inverter-mr-fc29ep-ob-v-2-600x400.jpg 600w, https:\/\/livinghome.vn\/thiet-bi\/wp-content\/uploads\/2024\/05\/tu-lanh-mitsubishi-electric-inverter-mr-fc29ep-ob-v-2-768x512.jpg 768w, https:\/\/livinghome.vn\/thiet-bi\/wp-content\/uploads\/2024\/05\/tu-lanh-mitsubishi-electric-inverter-mr-fc29ep-ob-v-2.jpg 1200w\" sizes=\"auto, (max-width: 600px) 100vw, 600px\" \/><\/p>\n<p><strong>C\u00f4ng ngh\u1ec7 Neuro Inverter ti\u1ebft ki\u1ec7m \u0111i\u1ec7n<\/strong><\/p>\n<p><span style=\"font-weight: 400\">S\u1eed d\u1ee5ng c\u00f4ng ngh\u1ec7 Inverter gi\u00fap ti\u1ebft ki\u1ec7m \u0111i\u1ec7n n\u0103ng v\u00e0 duy tr\u00ec nhi\u1ec7t \u0111\u1ed9 \u1ed5n \u0111\u1ecbnh trong t\u1ee7 l\u1ea1nh, b\u1ea3o qu\u1ea3n th\u1ef1c ph\u1ea9m t\u1ed1t h\u01a1n v\u00e0 k\u00e9o d\u00e0i tu\u1ed5i th\u1ecd c\u1ee7a s\u1ea3n ph\u1ea9m.<\/span><\/p>\n<p><img loading=\"lazy\" decoding=\"async\" class=\"alignnone size-medium wp-image-21090\" src=\"https:\/\/livinghome.vn\/thiet-bi\/wp-content\/uploads\/2024\/05\/tu-lanh-mitsubishi-electric-inverter-mr-fc29ep-ob-v-3-721x400.jpg\" alt=\"T\u1ee7 l\u1ea1nh Mitsubishi Electric Inverter 243 l\u00edt MR-FC29EP-OB-V\" width=\"721\" height=\"400\" title=\"\" srcset=\"https:\/\/livinghome.vn\/thiet-bi\/wp-content\/uploads\/2024\/05\/tu-lanh-mitsubishi-electric-inverter-mr-fc29ep-ob-v-3-721x400.jpg 721w, https:\/\/livinghome.vn\/thiet-bi\/wp-content\/uploads\/2024\/05\/tu-lanh-mitsubishi-electric-inverter-mr-fc29ep-ob-v-3-768x426.jpg 768w, https:\/\/livinghome.vn\/thiet-bi\/wp-content\/uploads\/2024\/05\/tu-lanh-mitsubishi-electric-inverter-mr-fc29ep-ob-v-3-600x333.jpg 600w, https:\/\/livinghome.vn\/thiet-bi\/wp-content\/uploads\/2024\/05\/tu-lanh-mitsubishi-electric-inverter-mr-fc29ep-ob-v-3.jpg 1200w\" sizes=\"auto, (max-width: 721px) 100vw, 721px\" \/><\/p>\n<p><strong>H\u1ec7 th\u1ed1ng l\u00e0m l\u1ea1nh \u0111a chi\u1ec1u\u00a0<\/strong><\/p>\n<p><span style=\"font-weight: 400\">T\u1ee7 l\u1ea1nh Mitsubishi \u0111\u01b0\u1ee3c trang b\u1ecb c\u00f4ng ngh\u1ec7 l\u00e0m l\u1ea1nh \u0111a chi\u1ec1u gi\u00fap cho lu\u1ed3ng kh\u00f4ng kh\u00ed l\u1ea1nh lan t\u1ecfa \u0111\u1ec1u m\u1ecdi ng\u00f3c ng\u00e1ch b\u00ean trong t\u1ee7 l\u1ea1nh. Ngo\u00e0i ra, m\u1ecdi h\u1ec7 th\u1ed1ng l\u00e0m l\u1ea1nh \u0111\u01b0\u1ee3c trang b\u1ecb tr\u00ean chi\u1ebfc t\u1ee7 l\u1ea1nh \u0111\u1ec1u \u0111\u01b0\u1ee3c v\u1eadn h\u00e0nh \u00eam \u00e1i m\u00e0 kh\u00f4ng g\u00e2y ra nh\u1eefng ti\u1ebfng \u1ed3n kh\u00f3 ch\u1ecbu.<\/span><\/p>\n<p><img loading=\"lazy\" decoding=\"async\" class=\"alignnone size-medium wp-image-21091\" src=\"https:\/\/livinghome.vn\/thiet-bi\/wp-content\/uploads\/2024\/05\/tu-lanh-mitsubishi-electric-inverter-mr-fc29ep-ob-v-4-721x400.jpg\" alt=\"T\u1ee7 l\u1ea1nh Mitsubishi Electric Inverter 243 l\u00edt MR-FC29EP-OB-V\" width=\"721\" height=\"400\" title=\"\" srcset=\"https:\/\/livinghome.vn\/thiet-bi\/wp-content\/uploads\/2024\/05\/tu-lanh-mitsubishi-electric-inverter-mr-fc29ep-ob-v-4-721x400.jpg 721w, https:\/\/livinghome.vn\/thiet-bi\/wp-content\/uploads\/2024\/05\/tu-lanh-mitsubishi-electric-inverter-mr-fc29ep-ob-v-4-768x426.jpg 768w, https:\/\/livinghome.vn\/thiet-bi\/wp-content\/uploads\/2024\/05\/tu-lanh-mitsubishi-electric-inverter-mr-fc29ep-ob-v-4-600x333.jpg 600w, https:\/\/livinghome.vn\/thiet-bi\/wp-content\/uploads\/2024\/05\/tu-lanh-mitsubishi-electric-inverter-mr-fc29ep-ob-v-4.jpg 1200w\" sizes=\"auto, (max-width: 721px) 100vw, 721px\" \/><\/p>\n<p><strong>B\u1ed9 l\u1ecdc kh\u1eed m\u00f9i carbon ho\u1ea1t t\u00ednh<\/strong><\/p>\n<p><span style=\"font-weight: 400\">Mitsubishi Electric MR-FC29EP-OB-V trang b\u1ecb b\u1ed9 l\u1ecdc carbon ho\u1ea1t t\u00ednh di\u1ec7t tr\u00f9ng v\u00e0 kh\u1eed m\u00f9i lu\u1ed3ng kh\u00ed l\u1ea1nh l\u01b0u th\u00f4ng b\u00ean trong t\u1ee7 l\u1ea1nh, tr\u00e1nh c\u00e1c m\u00f9i h\u00f4i m\u1ed1c kh\u00f3 ch\u1ecbu, gi\u1eef cho lu\u1ed3ng kh\u00f4ng kh\u00ed s\u1ea1ch s\u1ebd l\u01b0u th\u00f4ng trong t\u1ee7 l\u1ea1nh.<\/span><\/p>\n<p><img loading=\"lazy\" decoding=\"async\" class=\"alignnone size-medium wp-image-21092\" src=\"https:\/\/livinghome.vn\/thiet-bi\/wp-content\/uploads\/2024\/05\/tu-lanh-mitsubishi-electric-inverter-mr-fc29ep-ob-v-5-600x400.jpg\" alt=\"T\u1ee7 l\u1ea1nh Mitsubishi Electric Inverter 243 l\u00edt MR-FC29EP-OB-V\" width=\"600\" height=\"400\" title=\"\" srcset=\"https:\/\/livinghome.vn\/thiet-bi\/wp-content\/uploads\/2024\/05\/tu-lanh-mitsubishi-electric-inverter-mr-fc29ep-ob-v-5-600x400.jpg 600w, https:\/\/livinghome.vn\/thiet-bi\/wp-content\/uploads\/2024\/05\/tu-lanh-mitsubishi-electric-inverter-mr-fc29ep-ob-v-5-768x512.jpg 768w, https:\/\/livinghome.vn\/thiet-bi\/wp-content\/uploads\/2024\/05\/tu-lanh-mitsubishi-electric-inverter-mr-fc29ep-ob-v-5.jpg 1200w\" sizes=\"auto, (max-width: 600px) 100vw, 600px\" \/><\/p>\n<p><span style=\"font-weight: 400\">B\u00ean c\u1ea1nh \u0111\u00f3, th\u00e0nh t\u1ee7 l\u1ea1nh 2 c\u00e1nh \u0111\u01b0\u1ee3c ph\u1ee7 m\u1ed9t l\u1edbp kh\u00e1ng khu\u1ea9n kh\u1eed m\u00f9i ph\u00e2n t\u1eed b\u1ea1c gi\u00fap \u1ee9c ch\u1ebf s\u1ef1 ph\u00e1t tri\u1ec3n c\u1ee7a vi khu\u1ea9n mang \u0111\u1ebfn m\u1ed9t m\u00f4i tr\u01b0\u1eddng trong s\u1ea1ch v\u00e0 kh\u00f4ng g\u00e2y h\u1ea1i cho ng\u01b0\u1eddi s\u1eed d\u1ee5ng.<\/span><\/p>\n<p><strong>Ng\u0103n rau qu\u1ea3 l\u1edbn<\/strong><\/p>\n<p><span style=\"font-weight: 400\">T\u1ee7 l\u1ea1nh t\u00edch h\u1ee3p ng\u0103n rau qu\u1ea3 r\u1ed9ng r\u00e3i gi\u00fap b\u1ea3o qu\u1ea3n nhi\u1ec1u rau c\u1ee7 v\u00e0 tr\u00e1i c\u00e2y, \u0111\u1ed3ng th\u1eddi gi\u00fap th\u1ef1c ph\u1ea9m lu\u00f4n t\u01b0\u01a1i ngon nh\u1edd kh\u1ea3 n\u0103ng cung c\u1ea5p \u0111\u1ed9 \u1ea9m th\u00edch h\u1ee3p.<\/span><\/p>\n<p><img loading=\"lazy\" decoding=\"async\" class=\"alignnone wp-image-21093 size-full\" src=\"https:\/\/livinghome.vn\/thiet-bi\/wp-content\/uploads\/2024\/05\/tu-lanh-mitsubishi-electric-inverter-mr-fc29ep-ob-v-6.jpg\" alt=\"T\u1ee7 l\u1ea1nh Mitsubishi Electric Inverter 243 l\u00edt MR-FC29EP-OB-V\" width=\"1200\" height=\"666\" title=\"\" srcset=\"https:\/\/livinghome.vn\/thiet-bi\/wp-content\/uploads\/2024\/05\/tu-lanh-mitsubishi-electric-inverter-mr-fc29ep-ob-v-6.jpg 1200w, https:\/\/livinghome.vn\/thiet-bi\/wp-content\/uploads\/2024\/05\/tu-lanh-mitsubishi-electric-inverter-mr-fc29ep-ob-v-6-721x400.jpg 721w, https:\/\/livinghome.vn\/thiet-bi\/wp-content\/uploads\/2024\/05\/tu-lanh-mitsubishi-electric-inverter-mr-fc29ep-ob-v-6-768x426.jpg 768w, https:\/\/livinghome.vn\/thiet-bi\/wp-content\/uploads\/2024\/05\/tu-lanh-mitsubishi-electric-inverter-mr-fc29ep-ob-v-6-600x333.jpg 600w\" sizes=\"auto, (max-width: 1200px) 100vw, 1200px\" \/><\/p>\n<p><strong>Dung t\u00edch ph\u00f9 h\u1ee3p cho 2 &#8211; 3 th\u00e0nh vi\u00ean<\/strong><\/p>\n<p><span style=\"font-weight: 400\">T\u1ee7 l\u1ea1nh c\u00f3 dung t\u00edch 243 l\u00edt ph\u00f9 h\u1ee3p v\u1edbi nh\u1eefng gia \u0111\u00ecnh c\u00f3 t\u1eeb 3 &#8211; 4 th\u00e0nh vi\u00ean.<\/span><\/p>\n<p><img loading=\"lazy\" decoding=\"async\" class=\"alignnone size-medium wp-image-21094\" src=\"https:\/\/livinghome.vn\/thiet-bi\/wp-content\/uploads\/2024\/05\/tu-lanh-mitsubishi-electric-inverter-mr-fc29ep-ob-v-7-600x400.jpg\" alt=\"T\u1ee7 l\u1ea1nh Mitsubishi Electric Inverter 243 l\u00edt MR-FC29EP-OB-V\" width=\"600\" height=\"400\" title=\"\" srcset=\"https:\/\/livinghome.vn\/thiet-bi\/wp-content\/uploads\/2024\/05\/tu-lanh-mitsubishi-electric-inverter-mr-fc29ep-ob-v-7-600x400.jpg 600w, https:\/\/livinghome.vn\/thiet-bi\/wp-content\/uploads\/2024\/05\/tu-lanh-mitsubishi-electric-inverter-mr-fc29ep-ob-v-7-768x512.jpg 768w, https:\/\/livinghome.vn\/thiet-bi\/wp-content\/uploads\/2024\/05\/tu-lanh-mitsubishi-electric-inverter-mr-fc29ep-ob-v-7.jpg 1200w\" sizes=\"auto, (max-width: 600px) 100vw, 600px\" \/><\/p>\n<p><strong>L\u01b0u \u00fd:<\/strong><\/p>\n<p><span style=\"font-weight: 400\">H\u00ecnh \u1ea3nh s\u1ea3n ph\u1ea9m ch\u1ec9 c\u00f3 t\u00ednh ch\u1ea5t minh h\u1ecda, chi ti\u1ebft s\u1ea3n ph\u1ea9m, m\u00e0u s\u1eafc, thi\u1ebft k\u1ebf v\u00e0 th\u00f4ng s\u1ed1 k\u1ef9 thu\u1eadt c\u00f3 th\u1ec3 thay \u0111\u1ed5i t\u00f9y theo s\u1ea3n ph\u1ea9m th\u1ef1c t\u1ebf m\u00e0 kh\u00f4ng c\u1ea7n th\u00f4ng b\u00e1o tr\u01b0\u1edbc.<\/span><\/p>\n","protected":false},"excerpt":{"rendered":"<p><span style=\"font-weight: 400\">Ki\u1ec3u t\u1ee7 l\u1ea1nh: Ng\u0103n \u0111\u00e1 ph\u00eda tr\u00ean<\/span><\/p>\n<p><span style=\"font-weight: 400\">Dung t\u00edch s\u1eed d\u1ee5ng: 243 l\u00edt<\/span><\/p>\n<p><span style=\"font-weight: 400\">Dung t\u00edch ng\u0103n l\u1ea1nh: 179 l\u00edt<\/span><\/p>\n<p><span style=\"font-weight: 400\">Dung t\u00edch ng\u0103n \u0111\u00e1: 64 l\u00edt<\/span><\/p>\n<p><span style=\"font-weight: 400\">C\u00f4ng ngh\u1ec7 Inverter: C\u00f3<\/span><\/p>\n<p><span style=\"font-weight: 400\">Kh\u00e1ng khu\u1ea9n, kh\u1eed m\u00f9i: B\u1ed9 l\u1ecdc kh\u1eed m\u00f9i than ho\u1ea1t t\u00ednh<\/span><\/p>\n<p><span style=\"font-weight: 400\">S\u1ed1 c\u1eeda: 2 c\u1eeda<\/span><\/p>\n<p><span style=\"font-weight: 400\">C\u00f4ng ngh\u1ec7 l\u00e0m l\u1ea1nh: L\u00e0m l\u1ea1nh \u0111a chi\u1ec1u<\/span><\/p>\n<p><span style=\"font-weight: 400\">S\u1ed1 ng\u01b0\u1eddi s\u1eed d\u1ee5ng: 2 &#8211; 3 ng\u01b0\u1eddi<\/span><\/p>\n<p><span style=\"font-weight: 400\">Ti\u1ec7n \u00edch: Ng\u0103n \u0111\u00e1 tr\u00ean<\/span><\/p>\n<p><span style=\"font-weight: 400\">\u0110\u00e8n chi\u1ebfu s\u00e1ng: \u0110\u00e8n Led<\/span><\/p>\n<p><span style=\"font-weight: 400\">Ng\u0103n rau qu\u1ea3: C\u00f3<\/span><\/p>\n<p><span style=\"font-weight: 400\">Ch\u1ea5t li\u1ec7u khay: K\u00ednh ch\u1ecbu l\u1ef1c<\/span><\/p>\n<p><span style=\"font-weight: 400\">Ch\u1ea5t li\u1ec7u b\u00ean ngo\u00e0i: Kim lo\u1ea1i s\u01a1n t\u0129nh \u0111i\u1ec7n<\/span><\/p>\n<p><span style=\"font-weight: 400\">N\u0103m ra m\u1eaft: 2020<\/span><\/p>\n<p><span style=\"font-weight: 400\">Ngu\u1ed3n \u0111i\u1ec7n \u00e1p: 220V\/50Hz<\/span><\/p>\n<p><span style=\"font-weight: 400\">M\u00e0u s\u1eafc: B\u1ea1c, \u0110en, N\u00e2u<\/span><\/p>\n<p><span style=\"font-weight: 400\">K\u00edch th\u01b0\u1edbc: Cao x r\u1ed9ng x s\u00e2u (147.6cm x 55.5cm x 66.2cm)<\/span><\/p>\n<p><span style=\"font-weight: 400\">Tr\u1ecdng l\u01b0\u1ee3ng s\u1ea3n ph\u1ea9m: 50kg<\/span><\/p>\n<p><span style=\"font-weight: 400\">Xu\u1ea5t x\u1ee9 th\u01b0\u01a1ng hi\u1ec7u: Nh\u1eadt B\u1ea3n<\/span><\/p>\n<p><span style=\"font-weight: 400\">S\u1ea3n xu\u1ea5t t\u1ea1i: Trung Qu\u1ed1c<\/span><\/p>\n<p><span style=\"font-weight: 400\">B\u1ea3o h\u00e0nh: 24 th\u00e1ng<\/span><\/p>\n","protected":false},"featured_media":21149,"comment_status":"open","ping_status":"closed","template":"","meta":[],"product_brand":[],"product_cat":[71,1992,201,1990],"product_tag":[203,396,1989],"class_list":{"0":"post-21071","1":"product","2":"type-product","3":"status-publish","4":"has-post-thumbnail","6":"product_cat-thuong-hieu","7":"product_cat-thuong-hieu-mitsubishi-electric","8":"product_cat-tu-lanh","9":"product_cat-tu-lanh-mitsubishi-electric","10":"product_tag-tu-lanh","11":"product_tag-tu-lanh-2-cua","12":"product_tag-tu-lanh-mitsubishi-electric","14":"first","15":"instock","16":"sale","17":"shipping-taxable","18":"purchasable","19":"product-type-simple"},"_links":{"self":[{"href":"https:\/\/livinghome.vn\/thiet-bi\/wp-json\/wp\/v2\/product\/21071","targetHints":{"allow":["GET"]}}],"collection":[{"href":"https:\/\/livinghome.vn\/thiet-bi\/wp-json\/wp\/v2\/product"}],"about":[{"href":"https:\/\/livinghome.vn\/thiet-bi\/wp-json\/wp\/v2\/types\/product"}],"replies":[{"embeddable":true,"href":"https:\/\/livinghome.vn\/thiet-bi\/wp-json\/wp\/v2\/comments?post=21071"}],"wp:featuredmedia":[{"embeddable":true,"href":"https:\/\/livinghome.vn\/thiet-bi\/wp-json\/wp\/v2\/media\/21149"}],"wp:attachment":[{"href":"https:\/\/livinghome.vn\/thiet-bi\/wp-json\/wp\/v2\/media?parent=21071"}],"wp:term":[{"taxonomy":"product_brand","embeddable":true,"href":"https:\/\/livinghome.vn\/thiet-bi\/wp-json\/wp\/v2\/product_brand?post=21071"},{"taxonomy":"product_cat","embeddable":true,"href":"https:\/\/livinghome.vn\/thiet-bi\/wp-json\/wp\/v2\/product_cat?post=21071"},{"taxonomy":"product_tag","embeddable":true,"href":"https:\/\/livinghome.vn\/thiet-bi\/wp-json\/wp\/v2\/product_tag?post=21071"}],"curies":[{"name":"wp","href":"https:\/\/api.w.org\/{rel}","templated":true}]}}