{"id":21056,"date":"2024-05-02T10:09:46","date_gmt":"2024-05-02T03:09:46","guid":{"rendered":"https:\/\/livinghome.vn\/thiet-bi\/?post_type=product&#038;p=21056"},"modified":"2024-11-29T14:18:57","modified_gmt":"2024-11-29T07:18:57","slug":"tu-lanh-mitsubishi-electric-mr-fv24em-ps-v","status":"publish","type":"product","link":"https:\/\/livinghome.vn\/thiet-bi\/tu-lanh-mitsubishi-electric-mr-fv24em-ps-v\/","title":{"rendered":"T\u1ee7 l\u1ea1nh Mitsubishi Electric MR-FV24EM-PS-V"},"content":{"rendered":"<div class=\"avatar-gutter ng-tns-c2267196777-269 ng-star-inserted\">\n<div class=\"resize-observable\"><span style=\"font-size: 23.04px\">T\u1ee7 l\u1ea1nh Mitsubishi Electric MR-FV24EM-PS-V: Ti\u1ebft ki\u1ec7m \u0111i\u1ec7n, b\u1ea3o qu\u1ea3n th\u1ef1c ph\u1ea9m hi\u1ec7u qu\u1ea3<\/span><\/div>\n<\/div>\n<div class=\"response-container-content ng-tns-c2267196777-269\">\n<div class=\"response-content ng-tns-c2267196777-269\">\n<div class=\"markdown markdown-main-panel\" dir=\"ltr\">\n<p data-sourcepos=\"3:1-3:251\"><strong>T\u1ee7 l\u1ea1nh Mitsubishi Electric MR-FV24EM-PS-V<\/strong> l\u00e0 d\u00f2ng t\u1ee7 l\u1ea1nh 2 c\u00e1nh v\u1edbi dung t\u00edch 206 l\u00edt, ph\u00f9 h\u1ee3p cho gia \u0111\u00ecnh t\u1eeb 3 &#8211; 5 th\u00e0nh vi\u00ean. T\u1ee7 \u0111\u01b0\u1ee3c trang b\u1ecb nhi\u1ec1u c\u00f4ng ngh\u1ec7 hi\u1ec7n \u0111\u1ea1i gi\u00fap ti\u1ebft ki\u1ec7m \u0111i\u1ec7n, b\u1ea3o qu\u1ea3n th\u1ef1c ph\u1ea9m t\u01b0\u01a1i ngon v\u00e0 an to\u00e0n cho s\u1ee9c kh\u1ecfe.<\/p>\n<h2 data-sourcepos=\"5:1-5:17\">\u0110i\u1ec3m n\u1ed5i b\u1eadt<\/h2>\n<p><strong>Thi\u1ebft k\u1ebf \u0111\u01a1n gi\u1ea3n, sang tr\u1ecdng<\/strong><\/p>\n<p>M\u00e0u s\u1eafc n\u00e2u trang nh\u00e3, ph\u00f9 h\u1ee3p v\u1edbi m\u1ecdi kh\u00f4ng gian n\u1ed9i th\u1ea5t.<\/p>\n<p><img loading=\"lazy\" decoding=\"async\" class=\"size-full wp-image-21072 aligncenter\" src=\"https:\/\/livinghome.vn\/thiet-bi\/wp-content\/uploads\/2024\/05\/tu-lanh-mitsubishi-electric-mr-fv24em-ps-v-1.jpg\" alt=\"\" width=\"800\" height=\"800\" title=\"\" srcset=\"https:\/\/livinghome.vn\/thiet-bi\/wp-content\/uploads\/2024\/05\/tu-lanh-mitsubishi-electric-mr-fv24em-ps-v-1.jpg 800w, https:\/\/livinghome.vn\/thiet-bi\/wp-content\/uploads\/2024\/05\/tu-lanh-mitsubishi-electric-mr-fv24em-ps-v-1-400x400.jpg 400w, https:\/\/livinghome.vn\/thiet-bi\/wp-content\/uploads\/2024\/05\/tu-lanh-mitsubishi-electric-mr-fv24em-ps-v-1-280x280.jpg 280w, https:\/\/livinghome.vn\/thiet-bi\/wp-content\/uploads\/2024\/05\/tu-lanh-mitsubishi-electric-mr-fv24em-ps-v-1-768x768.jpg 768w, https:\/\/livinghome.vn\/thiet-bi\/wp-content\/uploads\/2024\/05\/tu-lanh-mitsubishi-electric-mr-fv24em-ps-v-1-300x300.jpg 300w, https:\/\/livinghome.vn\/thiet-bi\/wp-content\/uploads\/2024\/05\/tu-lanh-mitsubishi-electric-mr-fv24em-ps-v-1-600x600.jpg 600w, https:\/\/livinghome.vn\/thiet-bi\/wp-content\/uploads\/2024\/05\/tu-lanh-mitsubishi-electric-mr-fv24em-ps-v-1-100x100.jpg 100w\" sizes=\"auto, (max-width: 800px) 100vw, 800px\" \/><\/p>\n<h4><strong>Ti\u1ebft ki\u1ec7m \u0111i\u1ec7n<\/strong><\/h4>\n<p>Nh\u1edd c\u00f4ng ngh\u1ec7 Inverter, t\u1ee7 l\u1ea1nh MR-FV24EM-PS-V ch\u1ec9 ti\u00eau th\u1ee5 <strong>0.67 kW \u0111i\u1ec7n\/ng\u00e0y<\/strong>, t\u01b0\u01a1ng \u0111\u01b0\u01a1ng <strong>0.67 s\u1ed1 \u0111i\u1ec7n\/ng\u00e0y<\/strong>, gi\u00fap b\u1ea1n ti\u1ebft ki\u1ec7m chi ph\u00ed \u0111i\u1ec7n h\u00e0ng th\u00e1ng.<\/p>\n<h4><strong>B\u1ea3o qu\u1ea3n th\u1ef1c ph\u1ea9m t\u01b0\u01a1i ngon:<\/strong><\/h4>\n<ul data-sourcepos=\"7:1-15:0\">\n<li style=\"list-style-type: none\">\n<ul data-sourcepos=\"9:5-11:142\">\n<li data-sourcepos=\"9:5-9:106\"><strong>Ng\u0103n rau c\u1ee7 hi\u1ec7n \u0111\u1ea1i:<\/strong> T\u1ea1o ra Vitamin C, k\u00edch th\u00edch quang h\u1ee3p, gi\u00fap rau c\u1ee7 qu\u1ea3 t\u01b0\u01a1i ngon l\u00e2u h\u01a1n.<\/li>\n<li data-sourcepos=\"10:5-10:88\"><strong>Nhi\u1ec7t \u0111\u1ed9 ng\u0103n m\u00e1t 0\u00b0C:<\/strong> Duy tr\u00ec \u0111\u1ed9 t\u01b0\u01a1i ngon cho th\u1ef1c ph\u1ea9m trong th\u1eddi gian d\u00e0i.<\/li>\n<li data-sourcepos=\"11:5-11:142\"><strong>C\u00f4ng ngh\u1ec7 Neuro Inverter:<\/strong> Ghi nh\u1edb th\u1eddi gian s\u1eed d\u1ee5ng v\u00e0 \u0111i\u1ec1u ch\u1ec9nh c\u00f4ng su\u1ea5t ph\u00f9 h\u1ee3p, gi\u00fap ti\u1ebft ki\u1ec7m \u0111i\u1ec7n v\u00e0 t\u0103ng hi\u1ec7u su\u1ea5t l\u00e0m l\u1ea1nh.<\/li>\n<\/ul>\n<\/li>\n<\/ul>\n<p><img loading=\"lazy\" decoding=\"async\" class=\"size-full wp-image-21074 alignnone\" src=\"https:\/\/livinghome.vn\/thiet-bi\/wp-content\/uploads\/2024\/05\/tu-lanh-mitsubishi-electric-mr-fv24em-ps-v-2.jpg\" alt=\"\" width=\"1200\" height=\"799\" title=\"\" srcset=\"https:\/\/livinghome.vn\/thiet-bi\/wp-content\/uploads\/2024\/05\/tu-lanh-mitsubishi-electric-mr-fv24em-ps-v-2.jpg 1200w, https:\/\/livinghome.vn\/thiet-bi\/wp-content\/uploads\/2024\/05\/tu-lanh-mitsubishi-electric-mr-fv24em-ps-v-2-601x400.jpg 601w, https:\/\/livinghome.vn\/thiet-bi\/wp-content\/uploads\/2024\/05\/tu-lanh-mitsubishi-electric-mr-fv24em-ps-v-2-768x511.jpg 768w, https:\/\/livinghome.vn\/thiet-bi\/wp-content\/uploads\/2024\/05\/tu-lanh-mitsubishi-electric-mr-fv24em-ps-v-2-600x400.jpg 600w\" sizes=\"auto, (max-width: 1200px) 100vw, 1200px\" \/><\/p>\n<h4><strong>\u0110\u1ec7m t\u1ee7 kh\u00e1ng khu\u1ea9n<\/strong><\/h4>\n<p>Lo\u1ea1i b\u1ecf ho\u00e0n to\u00e0n vi khu\u1ea9n, b\u1ea3o qu\u1ea3n th\u1ef1c ph\u1ea9m t\u1ed1t h\u01a1n.<\/p>\n<h4><strong>Khay k\u00ednh ch\u1ecbu l\u1ef1c an to\u00e0n<\/strong><\/h4>\n<p>Ch\u1ecbu \u0111\u01b0\u1ee3c t\u1ea3i tr\u1ecdng l\u1edbn, d\u1ec5 d\u00e0ng v\u1ec7 sinh.<\/p>\n<p data-sourcepos=\"16:1-16:66\"><strong>Ngo\u00e0i ra, t\u1ee7 l\u1ea1nh MR-FV24EM-PS-V c\u00f2n c\u00f3 c\u00e1c ti\u1ec7n \u00edch kh\u00e1c nh\u01b0:<\/strong><\/p>\n<ul data-sourcepos=\"18:1-23:0\">\n<li data-sourcepos=\"18:1-18:61\">Ng\u0103n \u0111\u00e1 ph\u00eda tr\u00ean, ng\u0103n m\u00e1t ph\u00eda d\u01b0\u1edbi ti\u1ec7n l\u1ee3i khi s\u1eed d\u1ee5ng.<\/li>\n<li data-sourcepos=\"19:1-19:92\">Dung t\u00edch ng\u0103n \u0111\u00e1 59 l\u00edt, dung t\u00edch ng\u0103n m\u00e1t 145 l\u00edt \u0111\u00e1p \u1ee9ng nhu c\u1ea7u s\u1eed d\u1ee5ng c\u1ee7a gia \u0111\u00ecnh.<\/li>\n<li data-sourcepos=\"20:1-20:40\">H\u1ec7 th\u1ed1ng \u0111\u00e8n LED chi\u1ebfu s\u00e1ng b\u00ean trong.<\/li>\n<li data-sourcepos=\"21:1-21:40\">Chu\u00f4ng b\u00e1o \u0111\u1ed9ng khi c\u1eeda t\u1ee7 m\u1edf qu\u00e1 l\u00e2u.<\/li>\n<li data-sourcepos=\"22:1-23:0\">Gas R600a th\u00e2n thi\u1ec7n v\u1edbi m\u00f4i tr\u01b0\u1eddng.<\/li>\n<\/ul>\n<p><img loading=\"lazy\" decoding=\"async\" class=\"alignnone size-full wp-image-21073\" src=\"https:\/\/livinghome.vn\/thiet-bi\/wp-content\/uploads\/2024\/05\/tu-lanh-mitsubishi-electric-mr-fv24em-ps-v-3.jpg\" alt=\"\" width=\"1200\" height=\"800\" title=\"\" srcset=\"https:\/\/livinghome.vn\/thiet-bi\/wp-content\/uploads\/2024\/05\/tu-lanh-mitsubishi-electric-mr-fv24em-ps-v-3.jpg 1200w, https:\/\/livinghome.vn\/thiet-bi\/wp-content\/uploads\/2024\/05\/tu-lanh-mitsubishi-electric-mr-fv24em-ps-v-3-600x400.jpg 600w, https:\/\/livinghome.vn\/thiet-bi\/wp-content\/uploads\/2024\/05\/tu-lanh-mitsubishi-electric-mr-fv24em-ps-v-3-768x512.jpg 768w\" sizes=\"auto, (max-width: 1200px) 100vw, 1200px\" \/><\/p>\n<p data-sourcepos=\"24:1-24:165\"><strong>T\u1ee7 l\u1ea1nh Mitsubishi Electric MR-FV24EM-PS-V<\/strong> l\u00e0 l\u1ef1a ch\u1ecdn ho\u00e0n h\u1ea3o cho gia \u0111\u00ecnh b\u1ea1n v\u1edbi kh\u1ea3 n\u0103ng ti\u1ebft ki\u1ec7m \u0111i\u1ec7n, b\u1ea3o qu\u1ea3n th\u1ef1c ph\u1ea9m hi\u1ec7u qu\u1ea3 v\u00e0 thi\u1ebft k\u1ebf sang tr\u1ecdng.<\/p>\n<p data-sourcepos=\"26:1-26:57\"><strong>L\u01b0u \u00fd:<\/strong> H\u00ecnh \u1ea3nh s\u1ea3n ph\u1ea9m ch\u1ec9 mang t\u00ednh ch\u1ea5t minh h\u1ecda.<\/p>\n<\/div>\n<\/div>\n<\/div>\n","protected":false},"excerpt":{"rendered":"<p>Ki\u1ec3u t\u1ee7 l\u1ea1nh: Ng\u0103n \u0111\u00e1 ph\u00eda tr\u00ean<\/p>\n<p>Dung t\u00edch s\u1eed d\u1ee5ng: 204 l\u00edt<\/p>\n<p>Dung t\u00edch ng\u0103n l\u1ea1nh: 145 l\u00edt<\/p>\n<p>Dung t\u00edch ng\u0103n \u0111\u00e1: 59 l\u00edt<\/p>\n<p>C\u00f4ng ngh\u1ec7 Inverter: C\u00f3<\/p>\n<p>S\u1ed1 c\u1eeda: 2 c\u1eeda<\/p>\n<p>Ti\u1ec7n \u00edch: Ng\u0103n \u0111\u00e1 tr\u00ean<\/p>\n<p>\u0110i\u1ec7n n\u0103ng ti\u00eau th\u1ee5: 0.67 kW\/ng\u00e0y<\/p>\n<p>Ch\u1ea5t li\u1ec7u: C\u1eeda\u00a0(Th\u00e9p kh\u00f4ng g\u1ec9)<\/p>\n<p>Ch\u1ea5t li\u1ec7u khay: K\u00ednh ch\u1ecbu l\u1ef1c<\/p>\n<p>K\u00edch th\u01b0\u1edbc: 137,8cm x 55,5cm x 64,5cm<\/p>\n<p>Tr\u1ecdng l\u01b0\u1ee3ng s\u1ea3n ph\u1ea9m: 44kg<\/p>\n<p>Xu\u1ea5t x\u1ee9 th\u01b0\u01a1ng hi\u1ec7u: Nh\u1eadt B\u1ea3n<\/p>\n<p>&nbsp;<\/p>\n<p>&nbsp;<\/p>\n","protected":false},"featured_media":21150,"comment_status":"open","ping_status":"closed","template":"","meta":[],"product_brand":[],"product_cat":[1992,201,1990],"product_tag":[],"class_list":{"0":"post-21056","1":"product","2":"type-product","3":"status-publish","4":"has-post-thumbnail","6":"product_cat-thuong-hieu-mitsubishi-electric","7":"product_cat-tu-lanh","8":"product_cat-tu-lanh-mitsubishi-electric","10":"first","11":"instock","12":"sale","13":"shipping-taxable","14":"purchasable","15":"product-type-simple"},"_links":{"self":[{"href":"https:\/\/livinghome.vn\/thiet-bi\/wp-json\/wp\/v2\/product\/21056","targetHints":{"allow":["GET"]}}],"collection":[{"href":"https:\/\/livinghome.vn\/thiet-bi\/wp-json\/wp\/v2\/product"}],"about":[{"href":"https:\/\/livinghome.vn\/thiet-bi\/wp-json\/wp\/v2\/types\/product"}],"replies":[{"embeddable":true,"href":"https:\/\/livinghome.vn\/thiet-bi\/wp-json\/wp\/v2\/comments?post=21056"}],"wp:featuredmedia":[{"embeddable":true,"href":"https:\/\/livinghome.vn\/thiet-bi\/wp-json\/wp\/v2\/media\/21150"}],"wp:attachment":[{"href":"https:\/\/livinghome.vn\/thiet-bi\/wp-json\/wp\/v2\/media?parent=21056"}],"wp:term":[{"taxonomy":"product_brand","embeddable":true,"href":"https:\/\/livinghome.vn\/thiet-bi\/wp-json\/wp\/v2\/product_brand?post=21056"},{"taxonomy":"product_cat","embeddable":true,"href":"https:\/\/livinghome.vn\/thiet-bi\/wp-json\/wp\/v2\/product_cat?post=21056"},{"taxonomy":"product_tag","embeddable":true,"href":"https:\/\/livinghome.vn\/thiet-bi\/wp-json\/wp\/v2\/product_tag?post=21056"}],"curies":[{"name":"wp","href":"https:\/\/api.w.org\/{rel}","templated":true}]}}