{"id":21036,"date":"2024-05-02T09:55:24","date_gmt":"2024-05-02T02:55:24","guid":{"rendered":"https:\/\/livinghome.vn\/thiet-bi\/?post_type=product&#038;p=21036"},"modified":"2024-11-29T14:18:57","modified_gmt":"2024-11-29T07:18:57","slug":"tu-lanh-mitsubishi-electric-inverter-344-lit-mr-fx43en-gbk-v","status":"publish","type":"product","link":"https:\/\/livinghome.vn\/thiet-bi\/tu-lanh-mitsubishi-electric-inverter-344-lit-mr-fx43en-gbk-v\/","title":{"rendered":"T\u1ee7 L\u1ea1nh Mitsubishi Electric Inverter 344 L\u00edt MR-FX43EN-GBK-V"},"content":{"rendered":"<h2>\u01afu \u0111i\u1ec3m c\u1ee7a t\u1ee7 l\u1ea1nh Mitsubishi Electric Inverter 344 l\u00edt MR-FX43EN-GBK-V<\/h2>\n<h3>Thi\u1ebft k\u1ebf m\u1eb7t g\u01b0\u01a1ng sang tr\u1ecdng<\/h3>\n<p>V\u1edbi thi\u1ebft k\u1ebf m\u1eb7t g\u01b0\u01a1ng v\u00e0 t\u00f4ng m\u00e0u \u0111en l\u1ecbch l\u00e3m, t\u1ee7 n\u00e0y t\u1ea1o \u0111i\u1ec3m nh\u1ea5n cho kh\u00f4ng gian b\u1ebfp hi\u1ec7n \u0111\u1ea1i. Khay ng\u0103n l\u00e0m b\u1eb1ng k\u00ednh ch\u1ecbu l\u1ef1c gi\u00fap b\u1ea3o qu\u1ea3n th\u1ef1c ph\u1ea9m an to\u00e0n m\u00e0 kh\u00f4ng lo n\u1ee9t v\u1ee1.<\/p>\n<figure id=\"attachment_21051\" aria-describedby=\"caption-attachment-21051\" style=\"width: 1200px\" class=\"wp-caption aligncenter\"><img loading=\"lazy\" decoding=\"async\" class=\"size-full wp-image-21051\" src=\"https:\/\/livinghome.vn\/thiet-bi\/wp-content\/uploads\/2024\/05\/tu-lanh-mitsubishi-electric-inverter-344-lit-mr-fx43en-gbk-v-2.jpg\" alt=\"T\u1ee7 L\u1ea1nh Mitsubishi Electric Inverter 344 L\u00edt MR-FX43EN-GBK-V \" width=\"1200\" height=\"900\" title=\"\" srcset=\"https:\/\/livinghome.vn\/thiet-bi\/wp-content\/uploads\/2024\/05\/tu-lanh-mitsubishi-electric-inverter-344-lit-mr-fx43en-gbk-v-2.jpg 1200w, https:\/\/livinghome.vn\/thiet-bi\/wp-content\/uploads\/2024\/05\/tu-lanh-mitsubishi-electric-inverter-344-lit-mr-fx43en-gbk-v-2-533x400.jpg 533w, https:\/\/livinghome.vn\/thiet-bi\/wp-content\/uploads\/2024\/05\/tu-lanh-mitsubishi-electric-inverter-344-lit-mr-fx43en-gbk-v-2-1067x800.jpg 1067w, https:\/\/livinghome.vn\/thiet-bi\/wp-content\/uploads\/2024\/05\/tu-lanh-mitsubishi-electric-inverter-344-lit-mr-fx43en-gbk-v-2-768x576.jpg 768w, https:\/\/livinghome.vn\/thiet-bi\/wp-content\/uploads\/2024\/05\/tu-lanh-mitsubishi-electric-inverter-344-lit-mr-fx43en-gbk-v-2-600x450.jpg 600w\" sizes=\"auto, (max-width: 1200px) 100vw, 1200px\" \/><figcaption id=\"caption-attachment-21051\" class=\"wp-caption-text\">T\u1ee7 L\u1ea1nh Mitsubishi Electric Inverter 344 L\u00edt MR-FX43EN-GBK-V<\/figcaption><\/figure>\n<h3>Dung t\u00edch l\u1edbn v\u00e0 ph\u00f9 h\u1ee3p<\/h3>\n<p>V\u1edbi dung t\u00edch 344 l\u00edt, t\u1ee7 ph\u00f9 h\u1ee3p cho gia \u0111\u00ecnh c\u00f3 2 &#8211; 3 th\u00e0nh vi\u00ean.<\/p>\n<figure id=\"attachment_21052\" aria-describedby=\"caption-attachment-21052\" style=\"width: 1200px\" class=\"wp-caption aligncenter\"><img loading=\"lazy\" decoding=\"async\" class=\"size-full wp-image-21052\" src=\"https:\/\/livinghome.vn\/thiet-bi\/wp-content\/uploads\/2024\/05\/tu-lanh-mitsubishi-electric-inverter-344-lit-mr-fx43en-gbk-v-3.jpg\" alt=\"T\u1ee7 L\u1ea1nh Mitsubishi Electric Inverter 344 L\u00edt MR-FX43EN-GBK-V \" width=\"1200\" height=\"779\" title=\"\" srcset=\"https:\/\/livinghome.vn\/thiet-bi\/wp-content\/uploads\/2024\/05\/tu-lanh-mitsubishi-electric-inverter-344-lit-mr-fx43en-gbk-v-3.jpg 1200w, https:\/\/livinghome.vn\/thiet-bi\/wp-content\/uploads\/2024\/05\/tu-lanh-mitsubishi-electric-inverter-344-lit-mr-fx43en-gbk-v-3-616x400.jpg 616w, https:\/\/livinghome.vn\/thiet-bi\/wp-content\/uploads\/2024\/05\/tu-lanh-mitsubishi-electric-inverter-344-lit-mr-fx43en-gbk-v-3-768x499.jpg 768w, https:\/\/livinghome.vn\/thiet-bi\/wp-content\/uploads\/2024\/05\/tu-lanh-mitsubishi-electric-inverter-344-lit-mr-fx43en-gbk-v-3-600x390.jpg 600w\" sizes=\"auto, (max-width: 1200px) 100vw, 1200px\" \/><figcaption id=\"caption-attachment-21052\" class=\"wp-caption-text\">T\u1ee7 L\u1ea1nh Mitsubishi Electric Inverter 344 L\u00edt MR-FX43EN-GBK-V<\/figcaption><\/figure>\n<h3>C\u00f4ng ngh\u1ec7 Neuro Inverter ti\u1ebft ki\u1ec7m \u0111i\u1ec7n<\/h3>\n<p>C\u00f4ng ngh\u1ec7 n\u00e0y gi\u00fap \u0111i\u1ec1u ch\u1ec9nh nhi\u1ec7t \u0111\u1ed9 l\u00e0m l\u1ea1nh sao cho t\u1ed1i \u01b0u nh\u1ea5t, \u0111\u1ed3ng th\u1eddi ti\u1ebft ki\u1ec7m \u0111i\u1ec7n n\u0103ng hi\u1ec7u qu\u1ea3. M\u1ee9c ti\u00eau th\u1ee5 \u0111i\u1ec7n ch\u1ec9 kho\u1ea3ng 296 kWh\/n\u0103m, gi\u00fap gi\u1ea3m chi ph\u00ed s\u1eed d\u1ee5ng \u0111i\u1ec7n.<\/p>\n<h3>B\u1ed9 l\u1ecdc Carbon ho\u1ea1t t\u00ednh<\/h3>\n<p>T\u00edch h\u1ee3p b\u1ed9 l\u1ecdc n\u00e0y gi\u00fap lo\u1ea1i b\u1ecf \u0111\u1ebfn 99% vi khu\u1ea9n, n\u1ea5m m\u1ed1c v\u00e0 m\u00f9i h\u00f4i kh\u00f3 ch\u1ecbu, \u0111\u1ea3m b\u1ea3o kh\u00f4ng gian b\u1ea3o qu\u1ea3n th\u1ef1c ph\u1ea9m lu\u00f4n s\u1ea1ch s\u1ebd v\u00e0 an to\u00e0n.<\/p>\n<figure id=\"attachment_21053\" aria-describedby=\"caption-attachment-21053\" style=\"width: 1200px\" class=\"wp-caption aligncenter\"><img loading=\"lazy\" decoding=\"async\" class=\"size-full wp-image-21053\" src=\"https:\/\/livinghome.vn\/thiet-bi\/wp-content\/uploads\/2024\/05\/tu-lanh-mitsubishi-electric-inverter-344-lit-mr-fx43en-gbk-v-4.jpg\" alt=\"T\u1ee7 L\u1ea1nh Mitsubishi Electric Inverter 344 L\u00edt MR-FX43EN-GBK-V \" width=\"1200\" height=\"900\" title=\"\" srcset=\"https:\/\/livinghome.vn\/thiet-bi\/wp-content\/uploads\/2024\/05\/tu-lanh-mitsubishi-electric-inverter-344-lit-mr-fx43en-gbk-v-4.jpg 1200w, https:\/\/livinghome.vn\/thiet-bi\/wp-content\/uploads\/2024\/05\/tu-lanh-mitsubishi-electric-inverter-344-lit-mr-fx43en-gbk-v-4-533x400.jpg 533w, https:\/\/livinghome.vn\/thiet-bi\/wp-content\/uploads\/2024\/05\/tu-lanh-mitsubishi-electric-inverter-344-lit-mr-fx43en-gbk-v-4-1067x800.jpg 1067w, https:\/\/livinghome.vn\/thiet-bi\/wp-content\/uploads\/2024\/05\/tu-lanh-mitsubishi-electric-inverter-344-lit-mr-fx43en-gbk-v-4-768x576.jpg 768w, https:\/\/livinghome.vn\/thiet-bi\/wp-content\/uploads\/2024\/05\/tu-lanh-mitsubishi-electric-inverter-344-lit-mr-fx43en-gbk-v-4-600x450.jpg 600w\" sizes=\"auto, (max-width: 1200px) 100vw, 1200px\" \/><figcaption id=\"caption-attachment-21053\" class=\"wp-caption-text\">T\u1ee7 L\u1ea1nh Mitsubishi Electric Inverter 344 L\u00edt MR-FX43EN-GBK-V<\/figcaption><\/figure>\n<h3>Ng\u0103n rau c\u1ee7 dung t\u00edch l\u1edbn<\/h3>\n<p>Ng\u0103n n\u00e0y k\u1ebft h\u1ee3p v\u1edbi \u0111\u00e8n LED gi\u1ea3 l\u1eadp \u00e1nh s\u00e1ng m\u1eb7t tr\u1eddi gi\u00fap b\u1ea3o qu\u1ea3n rau c\u1ee7 t\u01b0\u01a1i ngon l\u00e2u h\u01a1n v\u00e0 b\u1ed5 sung th\u00eam d\u01b0\u1ee1ng ch\u1ea5t.<\/p>\n<h3>Khay \u0111\u1ef1ng linh ho\u1ea1t<\/h3>\n<p>Thi\u1ebft k\u1ebf c\u00e1c khay \u0111\u1ef1ng v\u00e0 ng\u0103n ch\u1ee9a linh ho\u1ea1t, c\u00f9ng khay \u0111\u00e1 xoay di \u0111\u1ed9ng ti\u1ec7n d\u1ee5ng gi\u00fap b\u1ea1n s\u1eafp x\u1ebfp th\u1ef1c ph\u1ea9m m\u1ed9t c\u00e1ch khoa h\u1ecdc v\u00e0 g\u1ecdn g\u00e0ng.<\/p>\n","protected":false},"excerpt":{"rendered":"<ul>\n<li>Ki\u1ec3u t\u1ee7 l\u1ea1nh: Ng\u0103n \u0111\u00e1 ph\u00eda tr\u00ean<\/li>\n<li>C\u00f4ng ngh\u1ec7 Inverter: C\u00f3<\/li>\n<li>Kh\u00e1ng khu\u1ea9n, kh\u1eed m\u00f9i: B\u1ed9 l\u1ecdc Carbon ho\u1ea1t t\u00ednh<\/li>\n<li>S\u1ed1 c\u1eeda: 2 c\u1eeda<\/li>\n<li>C\u00f4ng ngh\u1ec7 l\u00e0m l\u1ea1nh: L\u00e0m l\u1ea1nh \u0111a chi\u1ec1u<\/li>\n<li>Chu\u00f4ng b\u00e1o c\u1eeda: C\u00f3<\/li>\n<li>\u0110i\u1ec7n n\u0103ng ti\u00eau th\u1ee5: ~ 0.81 kWh\/ng\u00e0y<\/li>\n<li>Ng\u0103n rau qu\u1ea3: C\u00f3<\/li>\n<li>Ch\u1ea5t li\u1ec7u khay: K\u00ednh ch\u1ecbu l\u1ef1c<\/li>\n<li>Ch\u1ea5t li\u1ec7u b\u00ean ngo\u00e0i: M\u1eb7t g\u01b0\u01a1ng<\/li>\n<li>N\u0103m ra m\u1eaft: 2019<\/li>\n<li>K\u00edch th\u01b0\u1edbc: 162cm x 69,9cm x 72cm<\/li>\n<li>Tr\u1ecdng l\u01b0\u1ee3ng s\u1ea3n ph\u1ea9m: 100kg<\/li>\n<li>Xu\u1ea5t x\u1ee9 th\u01b0\u01a1ng hi\u1ec7u: Nh\u1eadt B\u1ea3n<\/li>\n<li>S\u1ea3n xu\u1ea5t t\u1ea1i: Th\u00e1i Lan<\/li>\n<\/ul>\n","protected":false},"featured_media":21142,"comment_status":"open","ping_status":"closed","template":"","meta":[],"product_brand":[],"product_cat":[1992,201,1990],"product_tag":[203,1989],"class_list":{"0":"post-21036","1":"product","2":"type-product","3":"status-publish","4":"has-post-thumbnail","6":"product_cat-thuong-hieu-mitsubishi-electric","7":"product_cat-tu-lanh","8":"product_cat-tu-lanh-mitsubishi-electric","9":"product_tag-tu-lanh","10":"product_tag-tu-lanh-mitsubishi-electric","12":"first","13":"instock","14":"sale","15":"shipping-taxable","16":"purchasable","17":"product-type-simple"},"_links":{"self":[{"href":"https:\/\/livinghome.vn\/thiet-bi\/wp-json\/wp\/v2\/product\/21036","targetHints":{"allow":["GET"]}}],"collection":[{"href":"https:\/\/livinghome.vn\/thiet-bi\/wp-json\/wp\/v2\/product"}],"about":[{"href":"https:\/\/livinghome.vn\/thiet-bi\/wp-json\/wp\/v2\/types\/product"}],"replies":[{"embeddable":true,"href":"https:\/\/livinghome.vn\/thiet-bi\/wp-json\/wp\/v2\/comments?post=21036"}],"wp:featuredmedia":[{"embeddable":true,"href":"https:\/\/livinghome.vn\/thiet-bi\/wp-json\/wp\/v2\/media\/21142"}],"wp:attachment":[{"href":"https:\/\/livinghome.vn\/thiet-bi\/wp-json\/wp\/v2\/media?parent=21036"}],"wp:term":[{"taxonomy":"product_brand","embeddable":true,"href":"https:\/\/livinghome.vn\/thiet-bi\/wp-json\/wp\/v2\/product_brand?post=21036"},{"taxonomy":"product_cat","embeddable":true,"href":"https:\/\/livinghome.vn\/thiet-bi\/wp-json\/wp\/v2\/product_cat?post=21036"},{"taxonomy":"product_tag","embeddable":true,"href":"https:\/\/livinghome.vn\/thiet-bi\/wp-json\/wp\/v2\/product_tag?post=21036"}],"curies":[{"name":"wp","href":"https:\/\/api.w.org\/{rel}","templated":true}]}}