{"id":21033,"date":"2024-05-02T10:05:27","date_gmt":"2024-05-02T03:05:27","guid":{"rendered":"https:\/\/livinghome.vn\/thiet-bi\/?post_type=product&#038;p=21033"},"modified":"2024-11-29T14:18:57","modified_gmt":"2024-11-29T07:18:57","slug":"tu-lanh-mitsubishi-electric-inverter-243-lit-mr-fc29ep-ssl-v","status":"publish","type":"product","link":"https:\/\/livinghome.vn\/thiet-bi\/tu-lanh-mitsubishi-electric-inverter-243-lit-mr-fc29ep-ssl-v\/","title":{"rendered":"T\u1ee7 l\u1ea1nh Mitsubishi Electric Inverter 243 l\u00edt MR-FC29EP-SSL-V"},"content":{"rendered":"<p><span style=\"font-weight: 400\">T\u1ee7 l\u1ea1nh Mitsubishi Electric Inverter 243 l\u00edt MR-FC29EP-SSL-V l\u00e0 m\u1ed9t l\u1ef1a ch\u1ecdn ph\u1ed5 bi\u1ebfn cho c\u00e1c gia \u0111\u00ecnh, v\u1edbi dung t\u00edch v\u1eeba ph\u1ea3i v\u00e0 t\u00ednh n\u0103ng ti\u1ebft ki\u1ec7m n\u0103ng l\u01b0\u1ee3ng. \u0110\u00e2y l\u00e0 m\u1ed9t s\u1ea3n ph\u1ea9m ch\u1ea5t l\u01b0\u1ee3ng t\u1eeb m\u1ed9t th\u01b0\u01a1ng hi\u1ec7u uy t\u00edn trong l\u0129nh v\u1ef1c thi\u1ebft b\u1ecb gia d\u1ee5ng. D\u01b0\u1edbi \u0111\u00e2y l\u00e0 m\u1ed9t s\u1ed1 th\u00f4ng tin ch\u00ednh v\u1ec1 s\u1ea3n ph\u1ea9m n\u00e0y:<\/span><\/p>\n<h2><span style=\"font-weight: 400\">\u0110\u1eb7c \u0111i\u1ec3m n\u1ed5i b\u1eadt<\/span><\/h2>\n<ul>\n<li style=\"font-weight: 400\"><span style=\"font-weight: 400\">H\u1ec7 th\u1ed1ng l\u00e0m l\u1ea1nh \u0111a chi\u1ec1u.<\/span><\/li>\n<li style=\"font-weight: 400\"><span style=\"font-weight: 400\">C\u00f3 b\u1ed9 l\u1ecdc kh\u1eed m\u00f9i carbon ho\u1ea1t t\u00ednh di\u1ec7t tr\u00f9ng v\u00e0 kh\u1eed m\u00f9i lu\u1ed3ng kh\u00ed.<\/span><\/li>\n<li style=\"font-weight: 400\"><span style=\"font-weight: 400\">C\u00f4ng ngh\u1ec7 Neuro Inverter ti\u1ebft ki\u1ec7m \u0111i\u1ec7n n\u0103ng hi\u1ec7u qu\u1ea3.<\/span><\/li>\n<li>Ng\u0103n rau qu\u1ea3 l\u1edbn.<\/li>\n<\/ul>\n<p><img loading=\"lazy\" decoding=\"async\" class=\"alignnone wp-image-21055 size-full\" src=\"https:\/\/livinghome.vn\/thiet-bi\/wp-content\/uploads\/2024\/05\/tu-lanh-mitsubishi-electric-inverter-mr-fc29ep-ssl-v-8.jpg\" alt=\"Mitsubishi Electric Inverter 243 l\u00edt MR-FC29EP-SSL-V\" width=\"1200\" height=\"800\" title=\"\" srcset=\"https:\/\/livinghome.vn\/thiet-bi\/wp-content\/uploads\/2024\/05\/tu-lanh-mitsubishi-electric-inverter-mr-fc29ep-ssl-v-8.jpg 1200w, https:\/\/livinghome.vn\/thiet-bi\/wp-content\/uploads\/2024\/05\/tu-lanh-mitsubishi-electric-inverter-mr-fc29ep-ssl-v-8-600x400.jpg 600w, https:\/\/livinghome.vn\/thiet-bi\/wp-content\/uploads\/2024\/05\/tu-lanh-mitsubishi-electric-inverter-mr-fc29ep-ssl-v-8-768x512.jpg 768w\" sizes=\"auto, (max-width: 1200px) 100vw, 1200px\" \/><\/p>\n<h2><span style=\"font-weight: 400\">\u0110\u00e1nh gi\u00e1 s\u1ea3n ph\u1ea9m<\/span><\/h2>\n<h3><strong>Thi\u1ebft k\u1ebf \u0111\u1ed9c \u0111\u00e1o, th\u00f4ng minh<\/strong><\/h3>\n<p><span style=\"font-weight: 400\">T\u1ee7 l\u1ea1nh Mitsubishi Electric Inverter 243 l\u00edt MR-FC29EP-SSL-V thi\u1ebft k\u1ebf b\u1ec1 m\u1eb7t c\u1eeda t\u1ee7 \u0111\u01b0\u1ee3c ch\u1ebf t\u00e1c t\u1eeb m\u1ed9t t\u1ea5m kim lo\u1ea1i u\u1ed1n cong, gi\u00fap t\u0103ng \u0111\u1ed9 ch\u1eafc ch\u1eafn, b\u1ec1n b\u1ec9, ng\u0103n ng\u1eeba b\u1ee5i b\u1ea9n t\u00edch t\u1ee5 v\u00e0 d\u1ec5 d\u00e0ng lau ch\u00f9i, v\u1ec7 sinh.<\/span><\/p>\n<p><span style=\"font-weight: 400\">Tay n\u1eafm d\u1ecdc theo su\u1ed1t chi\u1ec1u d\u00e0i th\u00e2n t\u1ee7 gi\u00fap vi\u1ec7c s\u1eed d\u1ee5ng v\u00e0 v\u1ec7 sinh d\u1ec5 d\u00e0ng. Thi\u1ebft k\u1ebf t\u1ea1o c\u1ea3m gi\u00e1c m\u1ea1nh m\u1ebd v\u1edbi \u0111\u01b0\u1eddng ch\u00e9o tr\u00ean b\u1ec1 m\u1eb7t t\u1ea1o n\u00ean \u0111i\u1ec3m nh\u1ea5n ri\u00eang bi\u1ec7t v\u00e0 c\u00e1 t\u00ednh ri\u00eang cho t\u1ee7 l\u1ea1nh.<\/span><\/p>\n<p><img loading=\"lazy\" decoding=\"async\" class=\"alignnone wp-image-21057 size-full\" src=\"https:\/\/livinghome.vn\/thiet-bi\/wp-content\/uploads\/2024\/05\/tu-lanh-mitsubishi-electric-inverter-mr-fc29ep-ssl-v-1.jpg\" alt=\"Mitsubishi Electric Inverter 243 l\u00edt MR-FC29EP-SSL-V\" width=\"1200\" height=\"800\" title=\"\" srcset=\"https:\/\/livinghome.vn\/thiet-bi\/wp-content\/uploads\/2024\/05\/tu-lanh-mitsubishi-electric-inverter-mr-fc29ep-ssl-v-1.jpg 1200w, https:\/\/livinghome.vn\/thiet-bi\/wp-content\/uploads\/2024\/05\/tu-lanh-mitsubishi-electric-inverter-mr-fc29ep-ssl-v-1-600x400.jpg 600w, https:\/\/livinghome.vn\/thiet-bi\/wp-content\/uploads\/2024\/05\/tu-lanh-mitsubishi-electric-inverter-mr-fc29ep-ssl-v-1-768x512.jpg 768w\" sizes=\"auto, (max-width: 1200px) 100vw, 1200px\" \/><\/p>\n<p><span style=\"font-weight: 400\">Ngo\u00e0i ra, t\u1ee7 l\u1ea1nh 2 c\u00e1nh Mitsubishi Electric c\u00f2n c\u00f3 h\u1ed9p ch\u1ee9a ri\u00eang bi\u1ec7t tr\u00ean c\u1eeda t\u1ee7 cho ph\u00e9p b\u1ea3o qu\u1ea3n th\u1ef1c ph\u1ea9m \u0111\u1eb7c bi\u1ec7t trong kh\u00f4ng gian k\u00edn, tr\u00e1nh b\u1ecb l\u1eabn m\u00f9i t\u1eeb c\u00e1c th\u1ef1c ph\u1ea9m kh\u00e1c.<\/span><\/p>\n<p><img loading=\"lazy\" decoding=\"async\" class=\"alignnone wp-image-21058 size-full\" src=\"https:\/\/livinghome.vn\/thiet-bi\/wp-content\/uploads\/2024\/05\/tu-lanh-mitsubishi-electric-inverter-mr-fc29ep-ssl-v-2.jpg\" alt=\"Mitsubishi Electric Inverter 243 l\u00edt MR-FC29EP-SSL-V\" width=\"1200\" height=\"800\" title=\"\" srcset=\"https:\/\/livinghome.vn\/thiet-bi\/wp-content\/uploads\/2024\/05\/tu-lanh-mitsubishi-electric-inverter-mr-fc29ep-ssl-v-2.jpg 1200w, https:\/\/livinghome.vn\/thiet-bi\/wp-content\/uploads\/2024\/05\/tu-lanh-mitsubishi-electric-inverter-mr-fc29ep-ssl-v-2-600x400.jpg 600w, https:\/\/livinghome.vn\/thiet-bi\/wp-content\/uploads\/2024\/05\/tu-lanh-mitsubishi-electric-inverter-mr-fc29ep-ssl-v-2-768x512.jpg 768w\" sizes=\"auto, (max-width: 1200px) 100vw, 1200px\" \/><\/p>\n<h3><b>C\u00f4ng ngh\u1ec7 Neuro Inverter<\/b><\/h3>\n<p><span style=\"font-weight: 400\">C\u00f4ng ngh\u1ec7 Neuro Inverter bao g\u1ed3m vi x\u1eed l\u00fd Neuro Fuzzy gi\u00fap \u0111i\u1ec1u khi\u1ec3n ho\u1ea1t \u0111\u1ed9ng c\u1ee7a m\u00e1y n\u00e9n Inverter v\u00e0 t\u1ed1c \u0111\u1ed9 qu\u1ea1t.<\/span><\/p>\n<p><img loading=\"lazy\" decoding=\"async\" class=\"alignnone size-medium wp-image-21060\" src=\"https:\/\/livinghome.vn\/thiet-bi\/wp-content\/uploads\/2024\/05\/tu-lanh-mitsubishi-electric-inverter-mr-fc29ep-ssl-v-3-721x400.jpg\" alt=\"Mitsubishi Electric Inverter 243 l\u00edt MR-FC29EP-SSL-V\" width=\"721\" height=\"400\" title=\"\" srcset=\"https:\/\/livinghome.vn\/thiet-bi\/wp-content\/uploads\/2024\/05\/tu-lanh-mitsubishi-electric-inverter-mr-fc29ep-ssl-v-3-721x400.jpg 721w, https:\/\/livinghome.vn\/thiet-bi\/wp-content\/uploads\/2024\/05\/tu-lanh-mitsubishi-electric-inverter-mr-fc29ep-ssl-v-3-768x426.jpg 768w, https:\/\/livinghome.vn\/thiet-bi\/wp-content\/uploads\/2024\/05\/tu-lanh-mitsubishi-electric-inverter-mr-fc29ep-ssl-v-3-600x333.jpg 600w, https:\/\/livinghome.vn\/thiet-bi\/wp-content\/uploads\/2024\/05\/tu-lanh-mitsubishi-electric-inverter-mr-fc29ep-ssl-v-3.jpg 1200w\" sizes=\"auto, (max-width: 721px) 100vw, 721px\" \/><\/p>\n<p><span style=\"font-weight: 400\">Vi x\u1eed l\u00fd Neuro Fuzzy c\u00f3 kh\u1ea3 n\u0103ng ghi nh\u1edb th\u00f3i quen c\u1ee7a ng\u01b0\u1eddi d\u00f9ng v\u00e0 c\u00e1c y\u1ebfu t\u1ed1 thay \u0111\u1ed5i nhi\u1ec7t \u0111\u1ed9 theo th\u1eddi gian, qua \u0111\u00f3 \u0111i\u1ec1u ch\u1ec9nh c\u00f4ng su\u1ea5t l\u00e0m l\u1ea1nh th\u00edch h\u1ee3p, gi\u00fap t\u1ee7 l\u1ea1nh lu\u00f4n \u1edf tr\u1ea1ng th\u00e1i l\u00e0m l\u1ea1nh t\u1ed1i \u01b0u, ti\u1ebft ki\u1ec7m \u0111i\u1ec7n n\u0103ng ti\u00eau th\u1ee5.<\/span><\/p>\n<h3><b>H\u1ec7 th\u1ed1ng la\u0300m l\u1ea1nh \u0111a chi\u1ec1u<\/b><\/h3>\n<p><span style=\"font-weight: 400\">T\u1ee7 l\u1ea1nh Mitsubishi Electric c\u00f3 lu\u1ed3ng kh\u00ed l\u1ea1nh \u0111\u01b0\u1ee3c th\u1ed5i xung quanh t\u1eeb sau ra tr\u01b0\u1edbc, cho kh\u00ed l\u1ea1nh \u0111\u01b0\u1ee3c lan t\u1ecfa \u0111\u1ec1u gi\u00fap cho th\u1ef1c ph\u1ea9m trong t\u1ee7 lu\u00f4n t\u01b0\u01a1i ngon v\u00e0 gi\u1eef \u0111\u01b0\u1ee3c \u0111\u1ed9 \u1ea9m.<\/span><\/p>\n<p><img loading=\"lazy\" decoding=\"async\" class=\"alignnone size-medium wp-image-21059\" src=\"https:\/\/livinghome.vn\/thiet-bi\/wp-content\/uploads\/2024\/05\/tu-lanh-mitsubishi-electric-inverter-mr-fc29ep-ssl-v-4-600x400.jpg\" alt=\"Mitsubishi Electric Inverter 243 l\u00edt MR-FC29EP-SSL-V\" width=\"600\" height=\"400\" title=\"\" srcset=\"https:\/\/livinghome.vn\/thiet-bi\/wp-content\/uploads\/2024\/05\/tu-lanh-mitsubishi-electric-inverter-mr-fc29ep-ssl-v-4-600x400.jpg 600w, https:\/\/livinghome.vn\/thiet-bi\/wp-content\/uploads\/2024\/05\/tu-lanh-mitsubishi-electric-inverter-mr-fc29ep-ssl-v-4-768x512.jpg 768w, https:\/\/livinghome.vn\/thiet-bi\/wp-content\/uploads\/2024\/05\/tu-lanh-mitsubishi-electric-inverter-mr-fc29ep-ssl-v-4.jpg 1200w\" sizes=\"auto, (max-width: 600px) 100vw, 600px\" \/><\/p>\n<h3><b>B\u1ed9 l\u1ecdc kh\u1eed m\u00f9i carbon ho\u1ea1t t\u00ednh<\/b><\/h3>\n<p><span style=\"font-weight: 400\">Mitsubishi Electric Inverter MR-FC29EP-SSL-V trang b\u1ecb b\u1ed9 l\u1ecdc carbon ho\u1ea1t t\u00ednh di\u1ec7t tr\u00f9ng v\u00e0 kh\u1eed m\u00f9i lu\u1ed3ng kh\u00ed l\u1ea1nh l\u01b0u th\u00f4ng b\u00ean trong t\u1ee7 l\u1ea1nh, tr\u00e1nh c\u00e1c m\u00f9i h\u00f4i m\u1ed1c kh\u00f3 ch\u1ecbu, gi\u1eef cho lu\u1ed3ng kh\u00f4ng kh\u00ed s\u1ea1ch s\u1ebd l\u01b0u th\u00f4ng trong t\u1ee7 l\u1ea1nh.<\/span><\/p>\n<p><img loading=\"lazy\" decoding=\"async\" class=\"alignnone size-medium wp-image-21061\" src=\"https:\/\/livinghome.vn\/thiet-bi\/wp-content\/uploads\/2024\/05\/tu-lanh-mitsubishi-electric-inverter-mr-fc29ep-ssl-v-5-800x331.jpg\" alt=\"Mitsubishi Electric Inverter 243 l\u00edt MR-FC29EP-SSL-V\" width=\"800\" height=\"331\" title=\"\" srcset=\"https:\/\/livinghome.vn\/thiet-bi\/wp-content\/uploads\/2024\/05\/tu-lanh-mitsubishi-electric-inverter-mr-fc29ep-ssl-v-5-800x331.jpg 800w, https:\/\/livinghome.vn\/thiet-bi\/wp-content\/uploads\/2024\/05\/tu-lanh-mitsubishi-electric-inverter-mr-fc29ep-ssl-v-5-768x317.jpg 768w, https:\/\/livinghome.vn\/thiet-bi\/wp-content\/uploads\/2024\/05\/tu-lanh-mitsubishi-electric-inverter-mr-fc29ep-ssl-v-5-600x248.jpg 600w, https:\/\/livinghome.vn\/thiet-bi\/wp-content\/uploads\/2024\/05\/tu-lanh-mitsubishi-electric-inverter-mr-fc29ep-ssl-v-5.jpg 1200w\" sizes=\"auto, (max-width: 800px) 100vw, 800px\" \/><\/p>\n<p><span style=\"font-weight: 400\">\u0110\u1eb7c bi\u1ec7t, l\u1edbp kh\u00e1ng khu\u1ea9n ph\u00e2n t\u1eed b\u1ea1c \u0111\u01b0\u1ee3c tr\u00e1ng l\u00ean b\u1ec1 m\u1eb7t th\u00e0nh t\u1ee7 l\u1ea1nh 2 c\u00e1nh nh\u1eb1m h\u1ea1n ch\u1ebf s\u1ef1 ph\u00e1t tri\u1ec3n c\u1ee7a vi khu\u1ea9n. V\u1eadt li\u1ec7u ph\u00f9 h\u1ee3p v\u1edbi lu\u1eadt an to\u00e0n v\u1ec7 sinh th\u1ef1c ph\u1ea9m c\u1ee7a Nh\u1eadt B\u1ea3n v\u00e0 kh\u00f4ng g\u00e2y h\u1ea1i cho ng\u01b0\u1eddi d\u00f9ng.<\/span><\/p>\n<h3><b>Ng\u0103n rau qu\u1ea3 l\u1edbn<\/b><\/h3>\n<p><span style=\"font-weight: 400\">T\u1ee7 l\u1ea1nh<\/span><span style=\"font-weight: 400\"> t\u00edch h\u1ee3p ng\u0103n rau qu\u1ea3 r\u1ed9ng r\u00e3i gi\u00fap b\u1ea3o qu\u1ea3n nhi\u1ec1u rau c\u1ee7 v\u00e0 tr\u00e1i c\u00e2y, \u0111\u1ed3ng th\u1eddi gi\u00fap th\u1ef1c ph\u1ea9m lu\u00f4n t\u01b0\u01a1i ngon nh\u1edd kh\u1ea3 n\u0103ng cung c\u1ea5p \u0111\u1ed9 \u1ea9m th\u00edch h\u1ee3p<\/span><\/p>\n<p><img loading=\"lazy\" decoding=\"async\" class=\"alignnone size-medium wp-image-21063\" src=\"https:\/\/livinghome.vn\/thiet-bi\/wp-content\/uploads\/2024\/05\/tu-lanh-mitsubishi-electric-inverter-mr-fc29ep-ssl-v-6-667x400.jpg\" alt=\"Mitsubishi Electric Inverter 243 l\u00edt MR-FC29EP-SSL-V\" width=\"667\" height=\"400\" title=\"\" srcset=\"https:\/\/livinghome.vn\/thiet-bi\/wp-content\/uploads\/2024\/05\/tu-lanh-mitsubishi-electric-inverter-mr-fc29ep-ssl-v-6-667x400.jpg 667w, https:\/\/livinghome.vn\/thiet-bi\/wp-content\/uploads\/2024\/05\/tu-lanh-mitsubishi-electric-inverter-mr-fc29ep-ssl-v-6-768x461.jpg 768w, https:\/\/livinghome.vn\/thiet-bi\/wp-content\/uploads\/2024\/05\/tu-lanh-mitsubishi-electric-inverter-mr-fc29ep-ssl-v-6-600x360.jpg 600w, https:\/\/livinghome.vn\/thiet-bi\/wp-content\/uploads\/2024\/05\/tu-lanh-mitsubishi-electric-inverter-mr-fc29ep-ssl-v-6.jpg 1200w\" sizes=\"auto, (max-width: 667px) 100vw, 667px\" \/><\/p>\n<h3><b>Dung t\u00edch 243 l\u00edt ph\u00f9 h\u1ee3p cho 2 &#8211; 3 ng\u01b0\u1eddi s\u1eed d\u1ee5ng<\/b><\/h3>\n<p><span style=\"font-weight: 400\">C\u0169ng thu\u1ed9c d\u00f2ng t\u1ee7 l\u1ea1nh cho 2 &#8211; 3 ng\u01b0\u1eddi s\u1eed d\u1ee5ng nh\u01b0 t\u1ee7 l\u1ea1nh Samsung RT22M4032BU, t\u1ee7 l\u1ea1nh Mitsubishi Electric Inverter 243 l\u00edt MR-FC29EP-SSL-V c\u00f3 dung t\u00edch s\u1eed d\u1ee5ng 243 l\u00edt, trong \u0111\u00f3 dung t\u00edch ng\u0103n \u0111\u00f4ng l\u00e0 64 l\u00edt, ng\u0103n l\u1ea1nh l\u00e0 179 l\u00edt.<\/span><\/p>\n<p><img loading=\"lazy\" decoding=\"async\" class=\"alignnone size-medium wp-image-21064\" src=\"https:\/\/livinghome.vn\/thiet-bi\/wp-content\/uploads\/2024\/05\/tu-lanh-mitsubishi-electric-inverter-mr-fc29ep-ssl-v-7-600x400.jpg\" alt=\"Mitsubishi Electric Inverter 243 l\u00edt MR-FC29EP-SSL-V\" width=\"600\" height=\"400\" title=\"\" srcset=\"https:\/\/livinghome.vn\/thiet-bi\/wp-content\/uploads\/2024\/05\/tu-lanh-mitsubishi-electric-inverter-mr-fc29ep-ssl-v-7-600x400.jpg 600w, https:\/\/livinghome.vn\/thiet-bi\/wp-content\/uploads\/2024\/05\/tu-lanh-mitsubishi-electric-inverter-mr-fc29ep-ssl-v-7-768x512.jpg 768w, https:\/\/livinghome.vn\/thiet-bi\/wp-content\/uploads\/2024\/05\/tu-lanh-mitsubishi-electric-inverter-mr-fc29ep-ssl-v-7.jpg 1200w\" sizes=\"auto, (max-width: 600px) 100vw, 600px\" \/><\/p>\n<p><strong>L\u01b0u \u00fd:<\/strong><\/p>\n<p><span style=\"font-weight: 400\">Sau khi nh\u1eadn t\u1ee7 l\u1ea1nh \u00edt nh\u1ea5t t\u1eeb 2-4 gi\u1edd, Qu\u00fd kh\u00e1ch m\u1edbi \u0111\u01b0\u1ee3c c\u1eafm \u0111i\u1ec7n \u0111\u1ec3 t\u1ee7 \u1ed5n \u0111\u1ecbnh kh\u00ed gas v\u00e0 tr\u00e1nh t\u00ecnh tr\u1ea1ng s\u1ed1c \u0111i\u1ec7n do c\u1eafm \u0111i\u1ec7n.<\/span><\/p>\n<p><span style=\"font-weight: 400\">H\u00ecnh \u1ea3nh s\u1ea3n ph\u1ea9m ch\u1ec9 c\u00f3 t\u00ednh ch\u1ea5t minh h\u1ecda, chi ti\u1ebft s\u1ea3n ph\u1ea9m, m\u00e0u s\u1eafc, thi\u1ebft k\u1ebf v\u00e0 th\u00f4ng s\u1ed1 k\u1ef9 thu\u1eadt c\u00f3 th\u1ec3 thay \u0111\u1ed5i t\u00f9y theo s\u1ea3n ph\u1ea9m th\u1ef1c t\u1ebf m\u00e0 kh\u00f4ng c\u1ea7n th\u00f4ng b\u00e1o tr\u01b0\u1edbc.<\/span><\/p>\n","protected":false},"excerpt":{"rendered":"<p><span style=\"font-weight: 400\">Ki\u1ec3u t\u1ee7 l\u1ea1nh: Ng\u0103n \u0111\u00e1 ph\u00eda tr\u00ean<\/span><\/p>\n<p><span style=\"font-weight: 400\">Dung t\u00edch s\u1eed d\u1ee5ng: 243 l\u00edt<\/span><\/p>\n<p><span style=\"font-weight: 400\">Dung t\u00edch ng\u0103n l\u1ea1nh: 179 l\u00edt<\/span><\/p>\n<p><span style=\"font-weight: 400\">Dung t\u00edch ng\u0103n \u0111\u00e1: 64 l\u00edt<\/span><\/p>\n<p><span style=\"font-weight: 400\">C\u00f4ng ngh\u1ec7 Inverter: C\u00f3<\/span><\/p>\n<p><span style=\"font-weight: 400\">Kh\u00e1ng khu\u1ea9n, kh\u1eed m\u00f9i: B\u1ed9 l\u1ecdc kh\u1eed m\u00f9i than ho\u1ea1t t\u00ednh<\/span><\/p>\n<p><span style=\"font-weight: 400\">S\u1ed1 c\u1eeda: 2 c\u1eeda<\/span><\/p>\n<p><span style=\"font-weight: 400\">C\u00f4ng ngh\u1ec7 l\u00e0m l\u1ea1nh: L\u00e0m l\u1ea1nh \u0111a chi\u1ec1u<\/span><\/p>\n<p><span style=\"font-weight: 400\">S\u1ed1 ng\u01b0\u1eddi s\u1eed d\u1ee5ng: 2 &#8211; 3 ng\u01b0\u1eddi<\/span><\/p>\n<p><span style=\"font-weight: 400\">Ti\u1ec7n \u00edch: Ng\u0103n \u0111\u00e1 tr\u00ean<\/span><\/p>\n<p><span style=\"font-weight: 400\">\u0110\u00e8n chi\u1ebfu s\u00e1ng: \u0110\u00e8n Led<\/span><\/p>\n<p><span style=\"font-weight: 400\">Ng\u0103n rau qu\u1ea3: C\u00f3<\/span><\/p>\n<p><span style=\"font-weight: 400\">Ch\u1ea5t li\u1ec7u khay: K\u00ednh ch\u1ecbu l\u1ef1c<\/span><\/p>\n<p><span style=\"font-weight: 400\">Ch\u1ea5t li\u1ec7u b\u00ean ngo\u00e0i: Kim lo\u1ea1i s\u01a1n t\u0129nh \u0111i\u1ec7n<\/span><\/p>\n<p><span style=\"font-weight: 400\">N\u0103m ra m\u1eaft: 2020<\/span><\/p>\n<p><span style=\"font-weight: 400\">Ngu\u1ed3n \u0111i\u1ec7n \u00e1p: 220V\/50Hz<\/span><\/p>\n<p><span style=\"font-weight: 400\">K\u00edch th\u01b0\u1edbc: Cao x r\u1ed9ng x s\u00e2u (147.6cm x 55.5cm x 66.2cm)<\/span><\/p>\n<p><span style=\"font-weight: 400\">Tr\u1ecdng l\u01b0\u1ee3ng s\u1ea3n ph\u1ea9m: 50kg<\/span><\/p>\n<p><span style=\"font-weight: 400\">Xu\u1ea5t x\u1ee9 th\u01b0\u01a1ng hi\u1ec7u: Nh\u1eadt B\u1ea3n<\/span><\/p>\n<p><span style=\"font-weight: 400\">S\u1ea3n xu\u1ea5t t\u1ea1i: Trung Qu\u1ed1c<\/span><\/p>\n<p><span style=\"font-weight: 400\">B\u1ea3o h\u00e0nh: 24 th\u00e1ng<\/span><\/p>\n","protected":false},"featured_media":21146,"comment_status":"open","ping_status":"closed","template":"","meta":[],"product_brand":[],"product_cat":[71,1992,201,1990],"product_tag":[203,396,1989],"class_list":{"0":"post-21033","1":"product","2":"type-product","3":"status-publish","4":"has-post-thumbnail","6":"product_cat-thuong-hieu","7":"product_cat-thuong-hieu-mitsubishi-electric","8":"product_cat-tu-lanh","9":"product_cat-tu-lanh-mitsubishi-electric","10":"product_tag-tu-lanh","11":"product_tag-tu-lanh-2-cua","12":"product_tag-tu-lanh-mitsubishi-electric","14":"first","15":"instock","16":"sale","17":"shipping-taxable","18":"purchasable","19":"product-type-simple"},"_links":{"self":[{"href":"https:\/\/livinghome.vn\/thiet-bi\/wp-json\/wp\/v2\/product\/21033","targetHints":{"allow":["GET"]}}],"collection":[{"href":"https:\/\/livinghome.vn\/thiet-bi\/wp-json\/wp\/v2\/product"}],"about":[{"href":"https:\/\/livinghome.vn\/thiet-bi\/wp-json\/wp\/v2\/types\/product"}],"replies":[{"embeddable":true,"href":"https:\/\/livinghome.vn\/thiet-bi\/wp-json\/wp\/v2\/comments?post=21033"}],"wp:featuredmedia":[{"embeddable":true,"href":"https:\/\/livinghome.vn\/thiet-bi\/wp-json\/wp\/v2\/media\/21146"}],"wp:attachment":[{"href":"https:\/\/livinghome.vn\/thiet-bi\/wp-json\/wp\/v2\/media?parent=21033"}],"wp:term":[{"taxonomy":"product_brand","embeddable":true,"href":"https:\/\/livinghome.vn\/thiet-bi\/wp-json\/wp\/v2\/product_brand?post=21033"},{"taxonomy":"product_cat","embeddable":true,"href":"https:\/\/livinghome.vn\/thiet-bi\/wp-json\/wp\/v2\/product_cat?post=21033"},{"taxonomy":"product_tag","embeddable":true,"href":"https:\/\/livinghome.vn\/thiet-bi\/wp-json\/wp\/v2\/product_tag?post=21033"}],"curies":[{"name":"wp","href":"https:\/\/api.w.org\/{rel}","templated":true}]}}