{"id":21019,"date":"2024-05-02T09:34:24","date_gmt":"2024-05-02T02:34:24","guid":{"rendered":"https:\/\/livinghome.vn\/thiet-bi\/?post_type=product&#038;p=21019"},"modified":"2024-11-29T14:18:57","modified_gmt":"2024-11-29T07:18:57","slug":"tu-lanh-mitsubishi-electric-inverter-376-lit-mr-fx47en-gsl-v","status":"publish","type":"product","link":"https:\/\/livinghome.vn\/thiet-bi\/tu-lanh-mitsubishi-electric-inverter-376-lit-mr-fx47en-gsl-v\/","title":{"rendered":"T\u1ee7 L\u1ea1nh Mitsubishi Electric Inverter 376 L\u00edt MR-FX47EN-GSL-V"},"content":{"rendered":"<h2>\u01afu \u0111i\u1ec3m c\u1ee7a t\u1ee7 l\u1ea1nh Mitsubishi Electric Inverter 376 l\u00edt MR-FX47EN-GSL-V<\/h2>\n<p>T\u1ee7 l\u1ea1nh Mitsubishi Electric Inverter 376 l\u00edt MR-FX47EN-GSL-V l\u00e0 m\u1ed9t s\u1ea3n ph\u1ea9m ph\u1ed5 bi\u1ebfn trong c\u00e1c gia \u0111\u00ecnh, v\u1edbi thi\u1ebft k\u1ebf \u0111\u01a1n gi\u1ea3n v\u00e0 g\u1ecdn nh\u1eb9, d\u1ec5 d\u00e0ng l\u1eafp \u0111\u1eb7t \u1edf nhi\u1ec1u v\u1ecb tr\u00ed kh\u00e1c nhau. B\u1ec1 m\u1eb7t c\u1ee7a t\u1ee7 \u0111\u01b0\u1ee3c l\u00e0m b\u1eb1ng ch\u1ea5t li\u1ec7u b\u00f3ng lo\u00e1ng, t\u1ea1o n\u00ean v\u1ebb ngo\u00e0i sang tr\u1ecdng v\u00e0 l\u1ecbch l\u00e3m.<\/p>\n<figure id=\"attachment_21027\" aria-describedby=\"caption-attachment-21027\" style=\"width: 696px\" class=\"wp-caption aligncenter\"><img loading=\"lazy\" decoding=\"async\" class=\"size-full wp-image-21027\" src=\"https:\/\/livinghome.vn\/thiet-bi\/wp-content\/uploads\/2024\/05\/tu-lanh-mitsubishi-electric-inverter-376-lit-mr-fx47en-gsl-v-2.jpg\" alt=\"T\u1ee7 L\u1ea1nh Mitsubishi Electric Inverter 376 L\u00edt MR-FX47EN-GSL-V\" width=\"696\" height=\"522\" title=\"\" srcset=\"https:\/\/livinghome.vn\/thiet-bi\/wp-content\/uploads\/2024\/05\/tu-lanh-mitsubishi-electric-inverter-376-lit-mr-fx47en-gsl-v-2.jpg 696w, https:\/\/livinghome.vn\/thiet-bi\/wp-content\/uploads\/2024\/05\/tu-lanh-mitsubishi-electric-inverter-376-lit-mr-fx47en-gsl-v-2-533x400.jpg 533w, https:\/\/livinghome.vn\/thiet-bi\/wp-content\/uploads\/2024\/05\/tu-lanh-mitsubishi-electric-inverter-376-lit-mr-fx47en-gsl-v-2-600x450.jpg 600w\" sizes=\"auto, (max-width: 696px) 100vw, 696px\" \/><figcaption id=\"caption-attachment-21027\" class=\"wp-caption-text\">T\u1ee7 L\u1ea1nh Mitsubishi Electric Inverter 376 L\u00edt MR-FX47EN-GSL-V<\/figcaption><\/figure>\n<p>V\u1edbi dung t\u00edch s\u1eed d\u1ee5ng l\u00ean \u0111\u1ebfn 376 l\u00edt, t\u1ee7 n\u00e0y \u0111\u1ee7 r\u1ed9ng \u0111\u1ec3 \u0111\u00e1p \u1ee9ng nhu c\u1ea7u b\u1ea3o qu\u1ea3n th\u1ef1c ph\u1ea9m c\u1ee7a gia \u0111\u00ecnh t\u1eeb 2 \u0111\u1ebfn 4 th\u00e0nh vi\u00ean. B\u00ean trong, c\u00e1c khay k\u00ednh c\u01b0\u1eddng l\u1ef1c \u0111\u01b0\u1ee3c thi\u1ebft k\u1ebf \u0111\u1ec3 ch\u1ecbu t\u1ea3i tr\u1ecdng l\u00ean \u0111\u1ebfn 100kg, gi\u00fap b\u1ea1n ph\u00e2n lo\u1ea1i th\u1ef1c ph\u1ea9m m\u1ed9t c\u00e1ch khoa h\u1ecdc v\u00e0 tr\u00e1nh hi\u1ec7n t\u01b0\u1ee3ng l\u1eabn m\u00f9i.<\/p>\n<figure id=\"attachment_21028\" aria-describedby=\"caption-attachment-21028\" style=\"width: 677px\" class=\"wp-caption aligncenter\"><img loading=\"lazy\" decoding=\"async\" class=\"size-full wp-image-21028\" src=\"https:\/\/livinghome.vn\/thiet-bi\/wp-content\/uploads\/2024\/05\/tu-lanh-mitsubishi-electric-inverter-376-lit-mr-fx47en-gsl-v-3.jpg\" alt=\"T\u1ee7 L\u1ea1nh Mitsubishi Electric Inverter 376 L\u00edt MR-FX47EN-GSL-V\" width=\"677\" height=\"406\" title=\"\" srcset=\"https:\/\/livinghome.vn\/thiet-bi\/wp-content\/uploads\/2024\/05\/tu-lanh-mitsubishi-electric-inverter-376-lit-mr-fx47en-gsl-v-3.jpg 677w, https:\/\/livinghome.vn\/thiet-bi\/wp-content\/uploads\/2024\/05\/tu-lanh-mitsubishi-electric-inverter-376-lit-mr-fx47en-gsl-v-3-667x400.jpg 667w, https:\/\/livinghome.vn\/thiet-bi\/wp-content\/uploads\/2024\/05\/tu-lanh-mitsubishi-electric-inverter-376-lit-mr-fx47en-gsl-v-3-600x360.jpg 600w\" sizes=\"auto, (max-width: 677px) 100vw, 677px\" \/><figcaption id=\"caption-attachment-21028\" class=\"wp-caption-text\">T\u1ee7 L\u1ea1nh Mitsubishi Electric Inverter 376 L\u00edt MR-FX47EN-GSL-V<\/figcaption><\/figure>\n<p>T\u1ee7 c\u0169ng \u0111\u01b0\u1ee3c trang b\u1ecb ng\u0103n rau qu\u1ea3 l\u1edbn v\u00e0 ng\u0103n m\u00e1t d\u1ea1ng tr\u01b0\u1ee3t, gi\u00fap b\u1ea3o qu\u1ea3n th\u1ef1c ph\u1ea9m m\u1ed9t c\u00e1ch hi\u1ec7u qu\u1ea3, duy tr\u00ec \u0111\u1ed9 \u1ea9m v\u00e0 gi\u1eef cho rau c\u1ee7 lu\u00f4n t\u01b0\u01a1i ngon. \u0110\u00e8n LED b\u00ean trong t\u1ee7 kh\u00f4ng ch\u1ec9 gi\u00fap b\u1ea1n d\u1ec5 d\u00e0ng l\u1ea5y \u0111\u1ed3 m\u00e0 c\u00f2n t\u0103ng c\u01b0\u1eddng l\u01b0\u1ee3ng vitamin C cho th\u1ef1c ph\u1ea9m.<\/p>\n<figure id=\"attachment_21029\" aria-describedby=\"caption-attachment-21029\" style=\"width: 677px\" class=\"wp-caption aligncenter\"><img loading=\"lazy\" decoding=\"async\" class=\"size-full wp-image-21029\" src=\"https:\/\/livinghome.vn\/thiet-bi\/wp-content\/uploads\/2024\/05\/tu-lanh-mitsubishi-electric-inverter-376-lit-mr-fx47en-gsl-v-4.jpg\" alt=\"T\u1ee7 L\u1ea1nh Mitsubishi Electric Inverter 376 L\u00edt MR-FX47EN-GSL-V\" width=\"677\" height=\"406\" title=\"\" srcset=\"https:\/\/livinghome.vn\/thiet-bi\/wp-content\/uploads\/2024\/05\/tu-lanh-mitsubishi-electric-inverter-376-lit-mr-fx47en-gsl-v-4.jpg 677w, https:\/\/livinghome.vn\/thiet-bi\/wp-content\/uploads\/2024\/05\/tu-lanh-mitsubishi-electric-inverter-376-lit-mr-fx47en-gsl-v-4-667x400.jpg 667w, https:\/\/livinghome.vn\/thiet-bi\/wp-content\/uploads\/2024\/05\/tu-lanh-mitsubishi-electric-inverter-376-lit-mr-fx47en-gsl-v-4-600x360.jpg 600w\" sizes=\"auto, (max-width: 677px) 100vw, 677px\" \/><figcaption id=\"caption-attachment-21029\" class=\"wp-caption-text\">T\u1ee7 L\u1ea1nh Mitsubishi Electric Inverter 376 L\u00edt MR-FX47EN-GSL-V<\/figcaption><\/figure>\n<p>C\u00f4ng ngh\u1ec7 Neuro Inverter gi\u00fap gi\u1ea3m t\u1ed1i \u0111a l\u01b0\u1ee3ng \u0111i\u1ec7n n\u0103ng ti\u00eau th\u1ee5 b\u1eb1ng c\u00e1ch ghi nh\u1edb th\u00f3i quen s\u1eed d\u1ee5ng v\u00e0 ki\u1ec3m so\u00e1t h\u01a1i l\u1ea1nh t\u1eebng ng\u0103n, c\u00f9ng v\u1edbi h\u1ec7 th\u1ed1ng l\u00e0m l\u1ea1nh \u0111a chi\u1ec1u, t\u1ea1o ra m\u1ed9t m\u00f4i tr\u01b0\u1eddng b\u1ea3o qu\u1ea3n th\u1ef1c ph\u1ea9m t\u1ed1t nh\u1ea5t.<\/p>\n<figure id=\"attachment_21030\" aria-describedby=\"caption-attachment-21030\" style=\"width: 677px\" class=\"wp-caption aligncenter\"><img loading=\"lazy\" decoding=\"async\" class=\"size-full wp-image-21030\" src=\"https:\/\/livinghome.vn\/thiet-bi\/wp-content\/uploads\/2024\/05\/tu-lanh-mitsubishi-electric-inverter-376-lit-mr-fx47en-gsl-v-5.jpg\" alt=\"T\u1ee7 L\u1ea1nh Mitsubishi Electric Inverter 376 L\u00edt MR-FX47EN-GSL-V\" width=\"677\" height=\"406\" title=\"\" srcset=\"https:\/\/livinghome.vn\/thiet-bi\/wp-content\/uploads\/2024\/05\/tu-lanh-mitsubishi-electric-inverter-376-lit-mr-fx47en-gsl-v-5.jpg 677w, https:\/\/livinghome.vn\/thiet-bi\/wp-content\/uploads\/2024\/05\/tu-lanh-mitsubishi-electric-inverter-376-lit-mr-fx47en-gsl-v-5-667x400.jpg 667w, https:\/\/livinghome.vn\/thiet-bi\/wp-content\/uploads\/2024\/05\/tu-lanh-mitsubishi-electric-inverter-376-lit-mr-fx47en-gsl-v-5-600x360.jpg 600w\" sizes=\"auto, (max-width: 677px) 100vw, 677px\" \/><figcaption id=\"caption-attachment-21030\" class=\"wp-caption-text\">T\u1ee7 L\u1ea1nh Mitsubishi Electric Inverter 376 L\u00edt MR-FX47EN-GSL-V<\/figcaption><\/figure>\n<p>B\u1ed9 l\u1ecdc kh\u1eed m\u00f9i carbon ho\u1ea1t t\u00ednh di\u1ec7t tr\u00f9ng v\u00e0 kh\u1eed m\u00f9i lu\u1ed3ng kh\u00ed l\u1ea1nh l\u01b0u th\u00f4ng trong t\u1ee7 gi\u00fap h\u1ea1n ch\u1ebf m\u00f9i h\u00f4i \u00e1m v\u00e0o th\u1ef1c ph\u1ea9m. Th\u00e0nh t\u1ee7 v\u00e0 \u0111\u1ec7m c\u1eeda \u0111\u01b0\u1ee3c l\u00e0m t\u1eeb ch\u1ea5t li\u1ec7u c\u00f3 kh\u1ea3 n\u0103ng kh\u00e1ng khu\u1ea9n, gi\u1eef cho th\u1ef1c ph\u1ea9m lu\u00f4n an to\u00e0n v\u00e0 s\u1ea1ch s\u1ebd.<\/p>\n<figure id=\"attachment_21031\" aria-describedby=\"caption-attachment-21031\" style=\"width: 677px\" class=\"wp-caption aligncenter\"><img loading=\"lazy\" decoding=\"async\" class=\"size-full wp-image-21031\" src=\"https:\/\/livinghome.vn\/thiet-bi\/wp-content\/uploads\/2024\/05\/tu-lanh-mitsubishi-electric-inverter-376-lit-mr-fx47en-gsl-v-6.jpg\" alt=\"T\u1ee7 L\u1ea1nh Mitsubishi Electric Inverter 376 L\u00edt MR-FX47EN-GSL-V\" width=\"677\" height=\"406\" title=\"\" srcset=\"https:\/\/livinghome.vn\/thiet-bi\/wp-content\/uploads\/2024\/05\/tu-lanh-mitsubishi-electric-inverter-376-lit-mr-fx47en-gsl-v-6.jpg 677w, https:\/\/livinghome.vn\/thiet-bi\/wp-content\/uploads\/2024\/05\/tu-lanh-mitsubishi-electric-inverter-376-lit-mr-fx47en-gsl-v-6-667x400.jpg 667w, https:\/\/livinghome.vn\/thiet-bi\/wp-content\/uploads\/2024\/05\/tu-lanh-mitsubishi-electric-inverter-376-lit-mr-fx47en-gsl-v-6-600x360.jpg 600w\" sizes=\"auto, (max-width: 677px) 100vw, 677px\" \/><figcaption id=\"caption-attachment-21031\" class=\"wp-caption-text\">T\u1ee7 L\u1ea1nh Mitsubishi Electric Inverter 376 L\u00edt MR-FX47EN-GSL-V<\/figcaption><\/figure>\n<p>&nbsp;<\/p>\n<p>&nbsp;<\/p>\n","protected":false},"excerpt":{"rendered":"<ul>\n<li>Ki\u1ec3u t\u1ee7 l\u1ea1nh: T\u1ee7 l\u1ea1nh 2 c\u00e1nh<\/li>\n<li>Dung t\u00edch s\u1eed d\u1ee5ng: 376 l\u00edt<\/li>\n<li>Dung t\u00edch ng\u0103n l\u1ea1nh: 278 l\u00edt<\/li>\n<li>Dung t\u00edch ng\u0103n \u0111\u00e1: 98 l\u00edt<\/li>\n<li>C\u00f4ng ngh\u1ec7 Inverter: C\u00f3<\/li>\n<li>Kh\u00e1ng khu\u1ea9n, kh\u1eed m\u00f9i: C\u00f3<\/li>\n<li>S\u1ed1 c\u1eeda: 2 c\u1eeda<\/li>\n<li>C\u00f4ng ngh\u1ec7 l\u00e0m l\u1ea1nh: L\u00e0m l\u1ea1nh \u0111a chi\u1ec1u<\/li>\n<li>Ti\u1ec7n \u00edch: \u0110\u00e8n Led chi\u1ebfu s\u00e1ng,\u00a0Ng\u0103n \u0111\u00e1 tr\u00ean<\/li>\n<li>\u0110i\u1ec7n n\u0103ng ti\u00eau th\u1ee5: 0.92 kWh\/ng\u00e0y<\/li>\n<li>Ch\u1ea5t li\u1ec7u khay: K\u00ednh ch\u1ecbu l\u1ef1c<\/li>\n<li>Ngu\u1ed3n \u0111i\u1ec7n \u00e1p: 220V\/50Hz<\/li>\n<li>K\u00edch th\u01b0\u1edbc: Cao x r\u1ed9ng x s\u00e2u\u00a0(172cm x 69.9cm x 72cm)<\/li>\n<li>Tr\u1ecdng l\u01b0\u1ee3ng s\u1ea3n ph\u1ea9m: 86kg<\/li>\n<li>Xu\u1ea5t x\u1ee9 th\u01b0\u01a1ng hi\u1ec7u: Nh\u1eadt B\u1ea3n<\/li>\n<li>S\u1ea3n xu\u1ea5t t\u1ea1i: Th\u00e1i Lan<\/li>\n<\/ul>\n","protected":false},"featured_media":21153,"comment_status":"open","ping_status":"closed","template":"","meta":[],"product_brand":[],"product_cat":[1992,201,1990],"product_tag":[203,1989],"class_list":{"0":"post-21019","1":"product","2":"type-product","3":"status-publish","4":"has-post-thumbnail","6":"product_cat-thuong-hieu-mitsubishi-electric","7":"product_cat-tu-lanh","8":"product_cat-tu-lanh-mitsubishi-electric","9":"product_tag-tu-lanh","10":"product_tag-tu-lanh-mitsubishi-electric","12":"first","13":"instock","14":"sale","15":"shipping-taxable","16":"purchasable","17":"product-type-simple"},"_links":{"self":[{"href":"https:\/\/livinghome.vn\/thiet-bi\/wp-json\/wp\/v2\/product\/21019","targetHints":{"allow":["GET"]}}],"collection":[{"href":"https:\/\/livinghome.vn\/thiet-bi\/wp-json\/wp\/v2\/product"}],"about":[{"href":"https:\/\/livinghome.vn\/thiet-bi\/wp-json\/wp\/v2\/types\/product"}],"replies":[{"embeddable":true,"href":"https:\/\/livinghome.vn\/thiet-bi\/wp-json\/wp\/v2\/comments?post=21019"}],"wp:featuredmedia":[{"embeddable":true,"href":"https:\/\/livinghome.vn\/thiet-bi\/wp-json\/wp\/v2\/media\/21153"}],"wp:attachment":[{"href":"https:\/\/livinghome.vn\/thiet-bi\/wp-json\/wp\/v2\/media?parent=21019"}],"wp:term":[{"taxonomy":"product_brand","embeddable":true,"href":"https:\/\/livinghome.vn\/thiet-bi\/wp-json\/wp\/v2\/product_brand?post=21019"},{"taxonomy":"product_cat","embeddable":true,"href":"https:\/\/livinghome.vn\/thiet-bi\/wp-json\/wp\/v2\/product_cat?post=21019"},{"taxonomy":"product_tag","embeddable":true,"href":"https:\/\/livinghome.vn\/thiet-bi\/wp-json\/wp\/v2\/product_tag?post=21019"}],"curies":[{"name":"wp","href":"https:\/\/api.w.org\/{rel}","templated":true}]}}