{"id":21018,"date":"2024-05-02T09:29:16","date_gmt":"2024-05-02T02:29:16","guid":{"rendered":"https:\/\/livinghome.vn\/thiet-bi\/?post_type=product&#038;p=21018"},"modified":"2024-11-29T14:18:57","modified_gmt":"2024-11-29T07:18:57","slug":"tu-lanh-mitsubishi-electric-mr-wx52d-br-v","status":"publish","type":"product","link":"https:\/\/livinghome.vn\/thiet-bi\/tu-lanh-mitsubishi-electric-mr-wx52d-br-v\/","title":{"rendered":"T\u1ee7 l\u1ea1nh Mitsubishi Electric MR-WX52D-BR-V"},"content":{"rendered":"<h2>\u0110\u00e1nh gi\u00e1 chi ti\u1ebft v\u1ec1 t\u1ee7 l\u1ea1nh Mitsubishi Electric MR-WX52D-BR-V<\/h2>\n<h3>Ti\u1ebft ki\u1ec7m \u0111i\u1ec7n<\/h3>\n<p data-sourcepos=\"3:1-3:145\">T\u1ee7 l\u1ea1nh Mitsubishi MR-WX52D-BR-V s\u1edf h\u1eefu c\u00f4ng ngh\u1ec7 Neuro Inverter ti\u00ean ti\u1ebfn, gi\u00fap <strong>ghi nh\u1edb th\u00f3i quen s\u1eed d\u1ee5ng c\u1ee7a b\u1ea1n<\/strong> d\u1ef1a tr\u00ean nhi\u1ec1u y\u1ebfu t\u1ed1 nh\u01b0:<\/p>\n<ul data-sourcepos=\"5:1-8:0\">\n<li data-sourcepos=\"5:1-5:103\"><strong>S\u1ed1 l\u01b0\u1ee3ng th\u1ef1c ph\u1ea9m:<\/strong> T\u1ee7 s\u1ebd \u0111i\u1ec1u ch\u1ec9nh c\u00f4ng su\u1ea5t l\u00e0m l\u1ea1nh ph\u00f9 h\u1ee3p v\u1edbi l\u01b0\u1ee3ng th\u1ef1c ph\u1ea9m c\u1ea7n b\u1ea3o qu\u1ea3n.<\/li>\n<li data-sourcepos=\"6:1-6:158\"><strong>Nhi\u1ec7t \u0111\u1ed9:<\/strong> T\u1ee7 s\u1ebd t\u1ef1 \u0111\u1ed9ng \u0111i\u1ec1u ch\u1ec9nh nhi\u1ec7t \u0111\u1ed9 b\u00ean trong v\u00e0 b\u00ean ngo\u00e0i t\u1ee7 theo t\u1eebng khung gi\u1edd \u0111\u1ec3 \u0111\u1ea3m b\u1ea3o th\u1ef1c ph\u1ea9m lu\u00f4n \u0111\u01b0\u1ee3c b\u1ea3o qu\u1ea3n \u1edf m\u1ee9c nhi\u1ec7t \u0111\u1ed9 t\u1ed1i \u01b0u.<\/li>\n<li data-sourcepos=\"7:1-8:0\"><strong>T\u1ea7n su\u1ea5t \u0111\u00f3ng\/m\u1edf c\u1eeda t\u1ee7:<\/strong> T\u1ee7 s\u1ebd ghi nh\u1edb th\u00f3i quen \u0111\u00f3ng\/m\u1edf c\u1eeda t\u1ee7 c\u1ee7a b\u1ea1n v\u00e0 \u0111i\u1ec1u ch\u1ec9nh c\u00f4ng su\u1ea5t ho\u1ea1t \u0111\u1ed9ng ph\u00f9 h\u1ee3p \u0111\u1ec3 ti\u1ebft ki\u1ec7m \u0111i\u1ec7n n\u0103ng.<\/li>\n<\/ul>\n<p class=\"_ilcss0_\"><img loading=\"lazy\" decoding=\"async\" class=\"alignnone size-full wp-image-21020\" src=\"https:\/\/livinghome.vn\/thiet-bi\/wp-content\/uploads\/2024\/05\/tu-lanh-mitsubishi-electric-mr-wx52d-br-v-1.jpg\" alt=\"\" width=\"800\" height=\"800\" title=\"\" srcset=\"https:\/\/livinghome.vn\/thiet-bi\/wp-content\/uploads\/2024\/05\/tu-lanh-mitsubishi-electric-mr-wx52d-br-v-1.jpg 800w, https:\/\/livinghome.vn\/thiet-bi\/wp-content\/uploads\/2024\/05\/tu-lanh-mitsubishi-electric-mr-wx52d-br-v-1-400x400.jpg 400w, https:\/\/livinghome.vn\/thiet-bi\/wp-content\/uploads\/2024\/05\/tu-lanh-mitsubishi-electric-mr-wx52d-br-v-1-280x280.jpg 280w, https:\/\/livinghome.vn\/thiet-bi\/wp-content\/uploads\/2024\/05\/tu-lanh-mitsubishi-electric-mr-wx52d-br-v-1-768x768.jpg 768w, https:\/\/livinghome.vn\/thiet-bi\/wp-content\/uploads\/2024\/05\/tu-lanh-mitsubishi-electric-mr-wx52d-br-v-1-300x300.jpg 300w, https:\/\/livinghome.vn\/thiet-bi\/wp-content\/uploads\/2024\/05\/tu-lanh-mitsubishi-electric-mr-wx52d-br-v-1-600x600.jpg 600w, https:\/\/livinghome.vn\/thiet-bi\/wp-content\/uploads\/2024\/05\/tu-lanh-mitsubishi-electric-mr-wx52d-br-v-1-100x100.jpg 100w\" sizes=\"auto, (max-width: 800px) 100vw, 800px\" \/><\/p>\n<p class=\"_ilcss0_\">H\u00ecnh \u1ea3nh t\u1ee7 l\u1ea1nh 6 c\u00e1nh Mitsubishi Electric MR-WX52D-BR-V<\/p>\n<h3>C\u1eeda t\u1ee7 m\u1eb7t g\u01b0\u01a1ng<\/h3>\n<p>Mitsubishi MR-WX52D-BR-V mang thi\u1ebft k\u1ebf n\u00e2u sang tr\u1ecdng, v\u1edbi c\u1eeda t\u1ee7 c\u00f3 m\u1eb7t g\u01b0\u01a1ng s\u00e1ng b\u00f3ng v\u00e0 tinh t\u1ebf, d\u1ec5 d\u00e0ng trong vi\u1ec7c lau ch\u00f9i v\u00e0 v\u1ec7 sinh.<\/p>\n<p class=\"_ilcss0_\"><img loading=\"lazy\" decoding=\"async\" class=\"alignnone size-full wp-image-21024\" src=\"https:\/\/livinghome.vn\/thiet-bi\/wp-content\/uploads\/2024\/05\/tu-lanh-mitsubishi-electric-mr-wx52d-br-v-2.jpg\" alt=\"\" width=\"1200\" height=\"900\" title=\"\" srcset=\"https:\/\/livinghome.vn\/thiet-bi\/wp-content\/uploads\/2024\/05\/tu-lanh-mitsubishi-electric-mr-wx52d-br-v-2.jpg 1200w, https:\/\/livinghome.vn\/thiet-bi\/wp-content\/uploads\/2024\/05\/tu-lanh-mitsubishi-electric-mr-wx52d-br-v-2-533x400.jpg 533w, https:\/\/livinghome.vn\/thiet-bi\/wp-content\/uploads\/2024\/05\/tu-lanh-mitsubishi-electric-mr-wx52d-br-v-2-1067x800.jpg 1067w, https:\/\/livinghome.vn\/thiet-bi\/wp-content\/uploads\/2024\/05\/tu-lanh-mitsubishi-electric-mr-wx52d-br-v-2-768x576.jpg 768w, https:\/\/livinghome.vn\/thiet-bi\/wp-content\/uploads\/2024\/05\/tu-lanh-mitsubishi-electric-mr-wx52d-br-v-2-600x450.jpg 600w\" sizes=\"auto, (max-width: 1200px) 100vw, 1200px\" \/><\/p>\n<p class=\"_ilcss0_\">Mitsubishi Electric MR-WX52D-BR-V thi\u1ebft k\u1ebf m\u1eb7t g\u01b0\u01a1ng<\/p>\n<h3>Dung t\u00edch t\u1ee7 r\u1ed9ng<\/h3>\n<p data-sourcepos=\"3:1-3:215\">T\u1ee7 l\u1ea1nh Mitsubishi Side-by-Side 6 c\u1eeda v\u1edbi thi\u1ebft k\u1ebf hi\u1ec7n \u0111\u1ea1i, sang tr\u1ecdng, mang \u0111\u1ebfn s\u1ef1 ti\u1ec7n l\u1ee3i t\u1ed1i \u01b0u cho ng\u01b0\u1eddi s\u1eed d\u1ee5ng. 6 c\u1eeda \u0111\u00f3ng m\u1edf gi\u00fap b\u1ea1n d\u1ec5 d\u00e0ng s\u1eafp x\u1ebfp v\u00e0 l\u1ea5y th\u1ef1c ph\u1ea9m, rau c\u1ee7 m\u1ed9t c\u00e1ch khoa h\u1ecdc v\u00e0 g\u1ecdn g\u00e0ng.<\/p>\n<p data-sourcepos=\"5:1-5:237\">Dung t\u00edch s\u1eed d\u1ee5ng 506 l\u00edt, bao g\u1ed3m 139 l\u00edt ng\u0103n \u0111\u00e1 v\u00e0 367 l\u00edt ng\u0103n l\u1ea1nh, \u0111\u00e1p \u1ee9ng nhu c\u1ea7u l\u01b0u tr\u1eef th\u1ef1c ph\u1ea9m cho gia \u0111\u00ecnh b\u1ea1n. T\u1ee7 \u0111\u01b0\u1ee3c trang b\u1ecb \u0111\u00e8n LED chi\u1ebfu s\u00e1ng, gi\u00fap b\u1ea1n d\u1ec5 d\u00e0ng quan s\u00e1t b\u00ean trong ngay c\u1ea3 khi trong \u0111i\u1ec1u ki\u1ec7n thi\u1ebfu s\u00e1n<\/p>\n<p class=\"_ilcss0_\"><img loading=\"lazy\" decoding=\"async\" class=\"alignnone size-full wp-image-21023\" src=\"https:\/\/livinghome.vn\/thiet-bi\/wp-content\/uploads\/2024\/05\/tu-lanh-mitsubishi-electric-mr-wx52d-br-v-3.jpg\" alt=\"\" width=\"1200\" height=\"900\" title=\"\" srcset=\"https:\/\/livinghome.vn\/thiet-bi\/wp-content\/uploads\/2024\/05\/tu-lanh-mitsubishi-electric-mr-wx52d-br-v-3.jpg 1200w, https:\/\/livinghome.vn\/thiet-bi\/wp-content\/uploads\/2024\/05\/tu-lanh-mitsubishi-electric-mr-wx52d-br-v-3-533x400.jpg 533w, https:\/\/livinghome.vn\/thiet-bi\/wp-content\/uploads\/2024\/05\/tu-lanh-mitsubishi-electric-mr-wx52d-br-v-3-1067x800.jpg 1067w, https:\/\/livinghome.vn\/thiet-bi\/wp-content\/uploads\/2024\/05\/tu-lanh-mitsubishi-electric-mr-wx52d-br-v-3-768x576.jpg 768w, https:\/\/livinghome.vn\/thiet-bi\/wp-content\/uploads\/2024\/05\/tu-lanh-mitsubishi-electric-mr-wx52d-br-v-3-600x450.jpg 600w\" sizes=\"auto, (max-width: 1200px) 100vw, 1200px\" \/><\/p>\n<p class=\"_ilcss0_\">T\u1ee7 l\u1ea1nh Mitsubishi MR-WX52D-BR-V c\u00f3 dung t\u00edch l\u00e0 506 l\u00edt<\/p>\n<h3>T\u1ee7 l\u1ea1nh c\u00f3 ng\u0103n c\u1ea5p \u0111\u00f4ng m\u1ec1m<\/h3>\n<p data-sourcepos=\"3:1-3:295\">Ng\u0103n c\u1ea5p \u0111\u00f4ng m\u1ec1m tr\u00ean t\u1ee7 l\u1ea1nh Mitsubishi l\u00e0 gi\u1ea3i ph\u00e1p ho\u00e0n h\u1ea3o \u0111\u1ec3 b\u1ea3o qu\u1ea3n th\u1ef1c ph\u1ea9m t\u01b0\u01a1i ngon nh\u01b0 m\u1edbi. Nh\u1edd nhi\u1ec7t \u0111\u1ed9 l\u00fd t\u01b0\u1edfng t\u1eeb -3\u00b0C \u0111\u1ebfn 0\u00b0C, th\u1ef1c ph\u1ea9m \u0111\u01b0\u1ee3c <strong>\u0111\u00f4ng m\u1ec1m<\/strong> m\u00e0 kh\u00f4ng b\u1ecb \u0111\u00f4ng c\u1ee9ng ho\u00e0n to\u00e0n, <strong>gi\u1eef nguy\u00ean c\u1ea5u tr\u00fac v\u00e0 h\u01b0\u01a1ng v\u1ecb<\/strong>, gi\u00fap b\u1ea1n d\u1ec5 d\u00e0ng ch\u1ebf bi\u1ebfn m\u00e0 kh\u00f4ng c\u1ea7n r\u00e3 \u0111\u00f4ng tr\u01b0\u1edbc.<\/p>\n<p data-sourcepos=\"5:1-5:186\">V\u1edbi dung t\u00edch l\u00ean \u0111\u1ebfn 30 l\u00edt, b\u1ea1n tho\u1ea3i m\u00e1i b\u1ea3o qu\u1ea3n th\u1ef1c ph\u1ea9m theo nhu c\u1ea7u m\u00e0 kh\u00f4ng c\u1ea7n chia nh\u1ecf. Thi\u1ebft k\u1ebf ng\u0103n th\u00f4ng minh gi\u00fap th\u1ef1c ph\u1ea9m d\u1ec5 d\u00e0ng t\u00e1ch r\u1eddi, thu\u1eadn ti\u1ec7n cho vi\u1ec7c s\u1eed d\u1ee5ng.<\/p>\n<p data-sourcepos=\"7:1-7:184\">\u0110\u1eb7c bi\u1ec7t, ng\u0103n c\u1ea5p \u0111\u00f4ng m\u1ec1m c\u00f2n c\u00f3 kh\u1ea3 n\u0103ng <strong>c\u1ea5p \u0111\u00f4ng nhanh th\u1ef1c ph\u1ea9m n\u00f3ng<\/strong> l\u00ean \u0111\u1ebfn 80\u00b0C m\u00e0 v\u1eabn gi\u1eef nguy\u00ean h\u01b0\u01a1ng v\u1ecb ban \u0111\u1ea7u, ti\u1ebft ki\u1ec7m th\u1eddi gian v\u00e0 \u0111\u1ea3m b\u1ea3o an to\u00e0n v\u1ec7 sinh th\u1ef1c ph\u1ea9m.<\/p>\n<h3>T\u1ee7 l\u1ea1nh l\u00e0m \u0111\u00e1 t\u1ef1 \u0111\u1ed9ng<\/h3>\n<p>T\u1ee7 l\u1ea1nh n\u00e0y \u0111\u01b0\u1ee3c trang b\u1ecb h\u1ec7 th\u1ed1ng l\u00e0m \u0111\u00e1 t\u1ef1 \u0111\u1ed9ng. Ng\u01b0\u1eddi d\u00f9ng ch\u1ec9 c\u1ea7n \u0111\u1ed5 n\u01b0\u1edbc v\u00e0o b\u00ecnh ch\u1ee9a c\u00f3 dung t\u00edch 1.2 l\u00edt, \u0111\u1eb7t b\u00ean trong t\u1ee7 v\u00e0 \u0111\u00e1 s\u1ebd t\u1ef1 \u0111\u1ed9ng \u0111\u01b0\u1ee3c l\u00e0m l\u1ea1nh v\u00e0 r\u01a1i v\u00e0o khay \u0111\u00e1. C\u1ea3 khay \u0111\u00e1, \u1ed1ng d\u1eabn n\u01b0\u1edbc v\u00e0 b\u1ed9 l\u1ecdc \u0111\u1ec1u c\u00f3 th\u1ec3 d\u1ec5 d\u00e0ng th\u00e1o r\u1eddi \u0111\u1ec3 ti\u1ec7n cho vi\u1ec7c v\u1ec7 sinh. H\u01a1n n\u1eefa, khay \u0111\u00e1 c\u00f2n \u0111\u01b0\u1ee3c ph\u1ee7 m\u1ed9t l\u1edbp kh\u00e1ng khu\u1ea9n, \u0111\u1ea3m b\u1ea3o r\u1eb1ng \u0111\u00e1 vi\u00ean \u0111\u01b0\u1ee3c t\u1ea1o ra l\u00e0 tinh khi\u1ebft nh\u1ea5t.<\/p>\n<h3>Khay k\u00ednh c\u01b0\u1eddng l\u1ef1c<\/h3>\n<p>Khay trong ng\u0103n m\u00e1t c\u1ee7a t\u1ee7 l\u1ea1nh n\u00e0y \u0111\u01b0\u1ee3c l\u00e0m t\u1eeb k\u00ednh ch\u1ecbu l\u1ef1c, c\u00f3 kh\u1ea3 n\u0103ng ch\u1ecbu \u0111\u01b0\u1ee3c t\u1ea3i tr\u1ecdng l\u00ean \u0111\u1ebfn 100kg. \u0110i\u1ec1u n\u00e0y cho ph\u00e9p b\u1ea1n l\u01b0u tr\u1eef th\u1ef1c ph\u1ea9m c\u00f3 kh\u1ed1i l\u01b0\u1ee3ng l\u1edbn m\u1ed9t c\u00e1ch tho\u1ea3i m\u00e1i m\u00e0 kh\u00f4ng lo s\u1ee3 v\u1ec1 n\u1ee9t v\u1ee1.<\/p>\n<h3>Ng\u0103n rau qu\u1ea3 thi\u1ebft k\u1ebf ri\u00eang bi\u1ec7t<\/h3>\n<p>Ng\u0103n \u0111\u1ef1ng rau c\u1ee7 c\u1ee7a t\u1ee7 l\u1ea1nh \u0111\u01b0\u1ee3c thi\u1ebft k\u1ebf r\u1ed9ng r\u00e3i v\u00e0 duy tr\u00ec \u1edf nhi\u1ec7t \u0111\u1ed9 l\u00fd t\u01b0\u1edfng, gi\u00fap b\u1ea3o qu\u1ea3n rau c\u1ee7 v\u00e0 tr\u00e1i c\u00e2y lu\u00f4n t\u01b0\u01a1i ngon, m\u1ecdng n\u01b0\u1edbc.<\/p>\n<h3>T\u00ednh n\u0103ng kh\u00e1ng khu\u1ea9n Fresh Air<\/h3>\n<div class=\"avatar-gutter ng-tns-c2267196777-158 ng-star-inserted\">\n<div class=\"resize-observable\"><\/div>\n<\/div>\n<div class=\"response-container-content ng-tns-c2267196777-158\">\n<div class=\"response-content ng-tns-c2267196777-158\">\n<div class=\"markdown markdown-main-panel\" dir=\"ltr\">\n<h2 data-sourcepos=\"1:1-1:76\">T\u1ee7 l\u1ea1nh Mitsubishi &#8211; B\u1ea3o v\u1ec7 s\u1ee9c kh\u1ecfe gia \u0111\u00ecnh b\u1ea1n v\u1edbi c\u00f4ng ngh\u1ec7 ti\u00ean ti\u1ebfn<\/h2>\n<p data-sourcepos=\"3:1-3:212\">T\u1ee7 l\u1ea1nh Mitsubishi \u0111\u01b0\u1ee3c trang b\u1ecb <strong>b\u1ed9 l\u1ecdc carbon ho\u1ea1t t\u00ednh hi\u1ec7n \u0111\u1ea1i<\/strong>, gi\u00fap lo\u1ea1i b\u1ecf hi\u1ec7u qu\u1ea3 vi khu\u1ea9n v\u00e0 m\u00f9i h\u00f4i kh\u00f3 ch\u1ecbu trong t\u1ee7. Nh\u1edd v\u1eady, th\u1ef1c ph\u1ea9m \u0111\u01b0\u1ee3c b\u1ea3o qu\u1ea3n t\u01b0\u01a1i ngon v\u00e0 an to\u00e0n cho s\u1ee9c kh\u1ecfe gia \u0111\u00ecnh b\u1ea1n.<\/p>\n<p data-sourcepos=\"5:1-5:288\"><strong>L\u1edbp kh\u00e1ng khu\u1ea9n ph\u00e2n t\u1eed b\u1ea1c<\/strong> \u0111\u01b0\u1ee3c tr\u00e1ng l\u00ean b\u1ec1 m\u1eb7t th\u00e0nh t\u1ee7 gi\u00fap ng\u0103n ch\u1eb7n s\u1ef1 ph\u00e1t tri\u1ec3n c\u1ee7a vi khu\u1ea9n, b\u1ea3o v\u1ec7 th\u1ef1c ph\u1ea9m kh\u1ecfi n\u1ea5m m\u1ed1c v\u00e0 vi khu\u1ea9n g\u00e2y h\u1ea1i. L\u1edbp ph\u1ee7 n\u00e0y \u0111\u1ea3m b\u1ea3o an to\u00e0n v\u1ec7 sinh th\u1ef1c ph\u1ea9m v\u00e0 <strong>kh\u00f4ng g\u00e2y h\u1ea1i cho ng\u01b0\u1eddi d\u00f9ng<\/strong>, mang \u0111\u1ebfn s\u1ef1 an t\u00e2m cho b\u1ea1n khi s\u1eed d\u1ee5ng s\u1ea3n ph\u1ea9m.<\/p>\n<\/div>\n<\/div>\n<\/div>\n<h3>B\u1ea3ng \u0111i\u1ec1u khi\u1ec3n c\u1ea3m \u1ee9ng<\/h3>\n<p>Chi\u1ebfc t\u1ee7 l\u1ea1nh side by side c\u1ee7a Mitsubishi \u0111\u01b0\u1ee3c thi\u1ebft k\u1ebf v\u1edbi b\u1ea3ng \u0111i\u1ec1u khi\u1ec3n hi\u1ec7n \u0111\u1ea1i, t\u00edch h\u1ee3p n\u00fat c\u1ea3m \u1ee9ng m\u1ed9t l\u1ea7n ch\u1ea1m si\u00eau nh\u1ea1y.<\/p>\n<h3>Ng\u0103n m\u00e1t thi\u1ebft k\u1ebf d\u1ea1ng tr\u01b0\u1ee3t<\/h3>\n<p>Ng\u0103n m\u00e1t n\u00e0y th\u01b0\u1eddng d\u00f9ng \u0111\u1ec3 l\u01b0u tr\u1eef c\u00e1c lo\u1ea1i th\u1ef1c ph\u1ea9m ch\u1ebf bi\u1ebfn s\u1eb5n v\u00e0 ch\u1ebf ph\u1ea9m t\u1eeb s\u1eefa. Ng\u0103n m\u00e1t c\u00f3 nhi\u1ec7t \u0111\u1ed9 \u1edf m\u1ee9c 0 \u0111\u1ed9 C.<\/p>\n<p class=\"_ilcss0_\"><img loading=\"lazy\" decoding=\"async\" class=\"alignnone size-full wp-image-21022\" src=\"https:\/\/livinghome.vn\/thiet-bi\/wp-content\/uploads\/2024\/05\/tu-lanh-mitsubishi-electric-mr-wx52d-br-v-4.jpg\" alt=\"\" width=\"1200\" height=\"900\" title=\"\" srcset=\"https:\/\/livinghome.vn\/thiet-bi\/wp-content\/uploads\/2024\/05\/tu-lanh-mitsubishi-electric-mr-wx52d-br-v-4.jpg 1200w, https:\/\/livinghome.vn\/thiet-bi\/wp-content\/uploads\/2024\/05\/tu-lanh-mitsubishi-electric-mr-wx52d-br-v-4-533x400.jpg 533w, https:\/\/livinghome.vn\/thiet-bi\/wp-content\/uploads\/2024\/05\/tu-lanh-mitsubishi-electric-mr-wx52d-br-v-4-1067x800.jpg 1067w, https:\/\/livinghome.vn\/thiet-bi\/wp-content\/uploads\/2024\/05\/tu-lanh-mitsubishi-electric-mr-wx52d-br-v-4-768x576.jpg 768w, https:\/\/livinghome.vn\/thiet-bi\/wp-content\/uploads\/2024\/05\/tu-lanh-mitsubishi-electric-mr-wx52d-br-v-4-600x450.jpg 600w\" sizes=\"auto, (max-width: 1200px) 100vw, 1200px\" \/><\/p>\n<p class=\"_ilcss0_\">K\u00edch th\u01b0\u1edbc t\u1ee7 l\u1ea1nh<\/p>\n<p class=\"_ilcss0_\"><img loading=\"lazy\" decoding=\"async\" class=\"alignnone size-full wp-image-21021\" src=\"https:\/\/livinghome.vn\/thiet-bi\/wp-content\/uploads\/2024\/05\/tu-lanh-mitsubishi-electric-mr-wx52d-br-v-5.jpg\" alt=\"\" width=\"1200\" height=\"900\" title=\"\" srcset=\"https:\/\/livinghome.vn\/thiet-bi\/wp-content\/uploads\/2024\/05\/tu-lanh-mitsubishi-electric-mr-wx52d-br-v-5.jpg 1200w, https:\/\/livinghome.vn\/thiet-bi\/wp-content\/uploads\/2024\/05\/tu-lanh-mitsubishi-electric-mr-wx52d-br-v-5-533x400.jpg 533w, https:\/\/livinghome.vn\/thiet-bi\/wp-content\/uploads\/2024\/05\/tu-lanh-mitsubishi-electric-mr-wx52d-br-v-5-1067x800.jpg 1067w, https:\/\/livinghome.vn\/thiet-bi\/wp-content\/uploads\/2024\/05\/tu-lanh-mitsubishi-electric-mr-wx52d-br-v-5-768x576.jpg 768w, https:\/\/livinghome.vn\/thiet-bi\/wp-content\/uploads\/2024\/05\/tu-lanh-mitsubishi-electric-mr-wx52d-br-v-5-600x450.jpg 600w\" sizes=\"auto, (max-width: 1200px) 100vw, 1200px\" \/><\/p>\n<p class=\"_ilcss0_\">Th\u00f4ng s\u1ed1 c\u1ee7a t\u1ee7 l\u1ea1nh<\/p>\n<p><strong>L\u01b0u \u00fd: <\/strong>H\u00ecnh \u1ea3nh s\u1ea3n ph\u1ea9m ch\u1ec9 c\u00f3 t\u00ednh ch\u1ea5t minh h\u1ecda<\/p>\n","protected":false},"excerpt":{"rendered":"<p>Ki\u1ec3u t\u1ee7 l\u1ea1nh: Multidoor<\/p>\n<p>Dung t\u00edch s\u1eed d\u1ee5ng: 506 l\u00edt<\/p>\n<p>Dung t\u00edch ng\u0103n l\u1ea1nh: 367 l\u00edt<\/p>\n<p>Dung t\u00edch ng\u0103n \u0111\u00e1: 139 l\u00edt<\/p>\n<p>C\u00f4ng ngh\u1ec7 Inverter: C\u00f3<\/p>\n<p>Kh\u00e1ng khu\u1ea9n, kh\u1eed m\u00f9i: C\u00f3<\/p>\n<p>S\u1ed1 c\u1eeda: 6 c\u1eeda<\/p>\n<p>Ng\u0103n \u0111\u00f4ng m\u1ec1m: C\u00f3<\/p>\n<p>Ti\u1ec7n \u00edch: Ng\u0103n \u0111\u00f4ng m\u1ec1m, L\u00e0m \u0111\u00e1 t\u1ef1 \u0111\u1ed9ng<\/p>\n<p>\u0110\u00e8n chi\u1ebfu s\u00e1ng: \u0110\u00e8n Led<\/p>\n<p>Ch\u1ea5t li\u1ec7u: C\u1eeda t\u1ee7\u00a0(M\u1eb7t g\u01b0\u01a1ng)<\/p>\n<p>L\u00e0m \u0111\u00e1 t\u1ef1 \u0111\u1ed9ng: C\u00f3<\/p>\n<p>N\u0103m ra m\u1eaft: 2019<\/p>\n<p>M\u00e0u s\u1eafc: N\u00e2u<\/p>\n<p>K\u00edch th\u01b0\u1edbc: 182,1cm x 65cm x 69,9cm<\/p>\n<p>Tr\u1ecdng l\u01b0\u1ee3ng s\u1ea3n ph\u1ea9m: 124kg<\/p>\n<p>Xu\u1ea5t x\u1ee9 th\u01b0\u01a1ng hi\u1ec7u: Nh\u1eadt B\u1ea3n<\/p>\n<p>S\u1ea3n xu\u1ea5t t\u1ea1i: Nh\u1eadt B\u1ea3n<\/p>\n<p>&nbsp;<\/p>\n","protected":false},"featured_media":21020,"comment_status":"open","ping_status":"closed","template":"","meta":[],"product_brand":[],"product_cat":[1992,201,1990],"product_tag":[],"class_list":{"0":"post-21018","1":"product","2":"type-product","3":"status-publish","4":"has-post-thumbnail","6":"product_cat-thuong-hieu-mitsubishi-electric","7":"product_cat-tu-lanh","8":"product_cat-tu-lanh-mitsubishi-electric","10":"first","11":"instock","12":"sale","13":"shipping-taxable","14":"purchasable","15":"product-type-simple"},"_links":{"self":[{"href":"https:\/\/livinghome.vn\/thiet-bi\/wp-json\/wp\/v2\/product\/21018","targetHints":{"allow":["GET"]}}],"collection":[{"href":"https:\/\/livinghome.vn\/thiet-bi\/wp-json\/wp\/v2\/product"}],"about":[{"href":"https:\/\/livinghome.vn\/thiet-bi\/wp-json\/wp\/v2\/types\/product"}],"replies":[{"embeddable":true,"href":"https:\/\/livinghome.vn\/thiet-bi\/wp-json\/wp\/v2\/comments?post=21018"}],"wp:featuredmedia":[{"embeddable":true,"href":"https:\/\/livinghome.vn\/thiet-bi\/wp-json\/wp\/v2\/media\/21020"}],"wp:attachment":[{"href":"https:\/\/livinghome.vn\/thiet-bi\/wp-json\/wp\/v2\/media?parent=21018"}],"wp:term":[{"taxonomy":"product_brand","embeddable":true,"href":"https:\/\/livinghome.vn\/thiet-bi\/wp-json\/wp\/v2\/product_brand?post=21018"},{"taxonomy":"product_cat","embeddable":true,"href":"https:\/\/livinghome.vn\/thiet-bi\/wp-json\/wp\/v2\/product_cat?post=21018"},{"taxonomy":"product_tag","embeddable":true,"href":"https:\/\/livinghome.vn\/thiet-bi\/wp-json\/wp\/v2\/product_tag?post=21018"}],"curies":[{"name":"wp","href":"https:\/\/api.w.org\/{rel}","templated":true}]}}