{"id":21002,"date":"2024-05-02T09:12:15","date_gmt":"2024-05-02T02:12:15","guid":{"rendered":"https:\/\/livinghome.vn\/thiet-bi\/?post_type=product&#038;p=21002"},"modified":"2024-11-29T14:18:57","modified_gmt":"2024-11-29T07:18:57","slug":"tu-lanh-mitsubishi-electric-mr-l72en-gbk-v","status":"publish","type":"product","link":"https:\/\/livinghome.vn\/thiet-bi\/tu-lanh-mitsubishi-electric-mr-l72en-gbk-v\/","title":{"rendered":"T\u1ee7 l\u1ea1nh Mitsubishi Electric MR-L72EN-GBK-V"},"content":{"rendered":"<h2>Gi\u1edbi thi\u1ec7u s\u1ea3n ph\u1ea9m t\u1ee7 l\u1ea1nh Mitsubishi Electric MR-L72EN-GBK-V<\/h2>\n<p>T\u1ee7 l\u1ea1nh Mitsubishi Electric MR-L72EN-GBK-V c\u00f3 thi\u1ebft k\u1ebf tinh t\u1ebf v\u00e0 sang tr\u1ecdng v\u1edbi c\u1ea5u tr\u00fac 4 c\u1eeda Side by Side v\u00e0 m\u1eb7t g\u01b0\u01a1ng m\u00e0u \u0111en l\u1ecbch l\u00e3m. S\u1ef1 k\u1ebft h\u1ee3p n\u00e0y kh\u00f4ng ch\u1ec9 n\u00e2ng t\u1ea7m kh\u00f4ng gian b\u1ebfp c\u1ee7a b\u1ea1n m\u00e0 c\u00f2n \u0111\u01a1n gi\u1ea3n h\u00f3a vi\u1ec7c v\u1ec7 sinh v\u00e0 b\u1ea3o d\u01b0\u1ee1ng.<\/p>\n<p>Khay ng\u0103n c\u1ee7a t\u1ee7 \u0111\u01b0\u1ee3c l\u00e0m t\u1eeb k\u00ednh ch\u1ecbu l\u1ef1c cao c\u1ea5p, cho ph\u00e9p b\u1ea3o qu\u1ea3n \u0111a d\u1ea1ng th\u1ef1c ph\u1ea9m m\u00e0 kh\u00f4ng lo ng\u1ea1i v\u1ec1 \u0111\u1ed9 b\u1ec1n. Dung t\u00edch l\u1edbn l\u00ean \u0111\u1ebfn 580 l\u00edt l\u00e0m cho chi\u1ebfc t\u1ee7 l\u1ea1nh n\u00e0y tr\u1edf th\u00e0nh s\u1ef1 l\u1ef1a ch\u1ecdn l\u00fd t\u01b0\u1edfng cho c\u00e1c gia \u0111\u00ecnh t\u1eeb 5 \u0111\u1ebfn 7 ng\u01b0\u1eddi, ho\u1eb7c cho nh\u1eefng ai c\u1ea7n l\u01b0u tr\u1eef l\u01b0\u1ee3ng l\u1edbn th\u1ef1c ph\u1ea9m.<\/p>\n<p class=\"_ilcss0_\"><img loading=\"lazy\" decoding=\"async\" class=\"alignnone size-full wp-image-21006\" src=\"https:\/\/livinghome.vn\/thiet-bi\/wp-content\/uploads\/2024\/05\/tu-lanh-mitsubishi-electric-mr-l72en-gbk-v-2.jpg\" alt=\"\" width=\"1200\" height=\"803\" title=\"\" srcset=\"https:\/\/livinghome.vn\/thiet-bi\/wp-content\/uploads\/2024\/05\/tu-lanh-mitsubishi-electric-mr-l72en-gbk-v-2.jpg 1200w, https:\/\/livinghome.vn\/thiet-bi\/wp-content\/uploads\/2024\/05\/tu-lanh-mitsubishi-electric-mr-l72en-gbk-v-2-598x400.jpg 598w, https:\/\/livinghome.vn\/thiet-bi\/wp-content\/uploads\/2024\/05\/tu-lanh-mitsubishi-electric-mr-l72en-gbk-v-2-1196x800.jpg 1196w, https:\/\/livinghome.vn\/thiet-bi\/wp-content\/uploads\/2024\/05\/tu-lanh-mitsubishi-electric-mr-l72en-gbk-v-2-768x514.jpg 768w, https:\/\/livinghome.vn\/thiet-bi\/wp-content\/uploads\/2024\/05\/tu-lanh-mitsubishi-electric-mr-l72en-gbk-v-2-600x402.jpg 600w\" sizes=\"auto, (max-width: 1200px) 100vw, 1200px\" \/><\/p>\n<p class=\"_ilcss0_\">Chi ti\u1ebft t\u1ee7 l\u1ea1nh Mitsubishi MR-L72EN-GBK-V<\/p>\n<h3>C\u00f4ng ngh\u1ec7 Neuro Inverter<\/h3>\n<p>Chi\u1ebfc t\u1ee7 l\u1ea1nh Side by Side MR-L72EN-GBK-V \u0111\u01b0\u1ee3c t\u00edch h\u1ee3p c\u00f4ng ngh\u1ec7 ti\u00ean ti\u1ebfn Neuro Inverter c\u00f9ng v\u1edbi vi x\u1eed l\u00fd Neuro Fuzzy. C\u00f4ng ngh\u1ec7 n\u00e0y c\u00f3 kh\u1ea3 n\u0103ng t\u1ef1 ghi nh\u1edb v\u00e0 ph\u00e2n t\u00edch th\u00f3i quen s\u1eed d\u1ee5ng c\u1ee7a ng\u01b0\u1eddi d\u00f9ng c\u0169ng nh\u01b0 c\u00e1c bi\u1ebfn \u0111\u1ed9ng nhi\u1ec7t \u0111\u1ed9 theo th\u1eddi gian, cho ph\u00e9p \u0111i\u1ec1u ch\u1ec9nh c\u00f4ng su\u1ea5t l\u00e0m l\u1ea1nh sao cho ph\u00f9 h\u1ee3p nh\u1ea5t. Nh\u1edd \u0111\u00f3, t\u1ee7 l\u1ea1nh kh\u00f4ng ch\u1ec9 cung c\u1ea5p hi\u1ec7u qu\u1ea3 l\u00e0m l\u1ea1nh t\u1ed1i \u01b0u m\u00e0 c\u00f2n gi\u00fap ti\u1ebft ki\u1ec7m \u0111i\u1ec7n n\u0103ng m\u1ed9t c\u00e1ch hi\u1ec7u qu\u1ea3.<\/p>\n<h3>H\u1ec7 th\u1ed1ng l\u00e0m l\u1ea1nh \u0111a chi\u1ec1u<\/h3>\n<p>Chi\u1ebfc t\u1ee7 l\u1ea1nh 4 c\u00e1nh MR-L72EN-GBK-V \u00e1p d\u1ee5ng c\u00f4ng ngh\u1ec7 l\u00e0m l\u1ea1nh \u0111a chi\u1ec1u, gi\u00fap ph\u00e2n b\u1ed1 \u0111\u1ec1u lu\u1ed3ng kh\u00ed l\u1ea1nh t\u1edbi m\u1ecdi g\u00f3c c\u1ee7a t\u1ee7. C\u00f4ng ngh\u1ec7 n\u00e0y \u0111\u1ea3m b\u1ea3o r\u1eb1ng th\u1ef1c ph\u1ea9m \u0111\u01b0\u1ee3c b\u1ea3o qu\u1ea3n t\u1ed1t nh\u1ea5t, kh\u00f4ng ph\u00e2n bi\u1ec7t v\u1ecb tr\u00ed \u0111\u1eb7t trong t\u1ee7, t\u1eeb \u0111\u00f3 mang l\u1ea1i hi\u1ec7u qu\u1ea3 b\u1ea3o qu\u1ea3n th\u1ef1c ph\u1ea9m \u1edf m\u1ee9c cao nh\u1ea5t.<\/p>\n<p class=\"_ilcss0_\"><img loading=\"lazy\" decoding=\"async\" class=\"alignnone size-full wp-image-21005\" src=\"https:\/\/livinghome.vn\/thiet-bi\/wp-content\/uploads\/2024\/05\/tu-lanh-mitsubishi-electric-mr-l72en-gbk-v-3.jpg\" alt=\"\" width=\"1200\" height=\"900\" title=\"\" srcset=\"https:\/\/livinghome.vn\/thiet-bi\/wp-content\/uploads\/2024\/05\/tu-lanh-mitsubishi-electric-mr-l72en-gbk-v-3.jpg 1200w, https:\/\/livinghome.vn\/thiet-bi\/wp-content\/uploads\/2024\/05\/tu-lanh-mitsubishi-electric-mr-l72en-gbk-v-3-533x400.jpg 533w, https:\/\/livinghome.vn\/thiet-bi\/wp-content\/uploads\/2024\/05\/tu-lanh-mitsubishi-electric-mr-l72en-gbk-v-3-1067x800.jpg 1067w, https:\/\/livinghome.vn\/thiet-bi\/wp-content\/uploads\/2024\/05\/tu-lanh-mitsubishi-electric-mr-l72en-gbk-v-3-768x576.jpg 768w, https:\/\/livinghome.vn\/thiet-bi\/wp-content\/uploads\/2024\/05\/tu-lanh-mitsubishi-electric-mr-l72en-gbk-v-3-600x450.jpg 600w\" sizes=\"auto, (max-width: 1200px) 100vw, 1200px\" \/><\/p>\n<p class=\"_ilcss0_\">T\u1ee7 l\u1ea1nh Mitsubishi MR-L72EN-GBK-V v\u1eadn h\u00e0nh \u00eam \u00e1i, ti\u1ebft ki\u1ec7m \u0111i\u1ec7n<\/p>\n<h3>C\u00f4ng ngh\u1ec7 kh\u00e1ng khu\u1ea9n, kh\u1eed m\u00f9i<\/h3>\n<p>T\u1ee7 l\u1ea1nh Mitsubishi \u0111\u01b0\u1ee3c trang b\u1ecb b\u1ed9 l\u1ecdc carbon ho\u1ea1t t\u00ednh hi\u1ec7n \u0111\u1ea1i, gi\u00fap lo\u1ea1i b\u1ecf hi\u1ec7u qu\u1ea3 vi khu\u1ea9n v\u00e0 m\u00f9i h\u00f4i kh\u00f3 ch\u1ecbu trong t\u1ee7. Nh\u1edd v\u1eady, th\u1ef1c ph\u1ea9m \u0111\u01b0\u1ee3c b\u1ea3o qu\u1ea3n t\u01b0\u01a1i ngon v\u00e0 an to\u00e0n cho s\u1ee9c kh\u1ecfe gia \u0111\u00ecnh b\u1ea1n.<\/p>\n<h3>Ng\u0103n rau qu\u1ea3 chuy\u00ean d\u1ee5ng t\u0103ng c\u01b0\u1eddng vitamin C<\/h3>\n<p data-sourcepos=\"3:1-3:205\">Ng\u0103n rau t\u1ee7 l\u1ea1nh 4 c\u00e1nh Mitsubishi \u0111\u01b0\u1ee3c trang b\u1ecb <strong>\u0111\u00e8n LED m\u00f4 ph\u1ecfng \u00e1nh s\u00e1ng m\u1eb7t tr\u1eddi<\/strong>, gi\u00fap rau c\u1ee7 ti\u1ebfp t\u1ee5c quang h\u1ee3p v\u00e0 <strong>t\u0103ng 15% l\u01b0\u1ee3ng vitamin C<\/strong>, mang \u0111\u1ebfn ngu\u1ed3n dinh d\u01b0\u1ee1ng d\u1ed3i d\u00e0o cho gia \u0111\u00ecnh b\u1ea1n.<\/p>\n<p data-sourcepos=\"5:1-5:102\"><strong>Dung t\u00edch ng\u0103n l\u1edbn<\/strong> gi\u00fap b\u1ea1n b\u1ea3o qu\u1ea3n \u0111\u01b0\u1ee3c nhi\u1ec1u rau c\u1ee7 h\u01a1n, \u0111\u00e1p \u1ee9ng nhu c\u1ea7u s\u1eed d\u1ee5ng c\u1ee7a gia \u0111\u00ecnh.<\/p>\n<p><strong>L\u01b0u \u00fd: <\/strong>H\u00ecnh \u1ea3nh s\u1ea3n ph\u1ea9m ch\u1ec9 c\u00f3 t\u00ednh ch\u1ea5t minh h\u1ecda<\/p>\n","protected":false},"excerpt":{"rendered":"<p>Ki\u1ec3u t\u1ee7 l\u1ea1nh: Multidoor<\/p>\n<p>Dung t\u00edch s\u1eed d\u1ee5ng: 580 l\u00edt<\/p>\n<p>Dung t\u00edch ng\u0103n l\u1ea1nh: 398 l\u00edt<\/p>\n<p>Dung t\u00edch ng\u0103n \u0111\u00e1: 182 l\u00edt<\/p>\n<p>C\u00f4ng ngh\u1ec7 Inverter: C\u00f3<\/p>\n<p>Kh\u00e1ng khu\u1ea9n, kh\u1eed m\u00f9i: B\u1ed9 l\u1ecdc Carbon ho\u1ea1t t\u00ednh<\/p>\n<p>S\u1ed1 c\u1eeda: 4 c\u1eeda<\/p>\n<p>C\u00f4ng ngh\u1ec7 l\u00e0m l\u1ea1nh: L\u00e0m l\u1ea1nh \u0111a chi\u1ec1u<\/p>\n<p>S\u1ed1 ng\u01b0\u1eddi s\u1eed d\u1ee5ng: 5 &#8211; 7 ng\u01b0\u1eddi<\/p>\n<p>Ti\u1ec7n \u00edch: Ng\u0103n \u0111\u00e1 d\u01b0\u1edbi<\/p>\n<p>\u0110i\u1ec7n n\u0103ng ti\u00eau th\u1ee5: ~1.28 kWh\/ng\u00e0y<\/p>\n<p>Ng\u0103n rau qu\u1ea3: C\u00f3<\/p>\n<p>Ch\u1ea5t li\u1ec7u khay: K\u00ednh ch\u1ecbu l\u1ef1c<\/p>\n<p>Ch\u1ea5t li\u1ec7u b\u00ean ngo\u00e0i: M\u1eb7t g\u01b0\u01a1ng<\/p>\n<p>N\u0103m ra m\u1eaft: 2019<\/p>\n<p>Ngu\u1ed3n \u0111i\u1ec7n \u00e1p: 220V\/50Hz<\/p>\n<p>K\u00edch th\u01b0\u1edbc: Cao x r\u1ed9ng x s\u00e2u\u00a0(169.8cm x 95cm x 75.8cm)<\/p>\n<p>Tr\u1ecdng l\u01b0\u1ee3ng s\u1ea3n ph\u1ea9m: 130kg<\/p>\n<p>Xu\u1ea5t x\u1ee9 th\u01b0\u01a1ng hi\u1ec7u: Nh\u1eadt B\u1ea3n<\/p>\n<p>S\u1ea3n xu\u1ea5t t\u1ea1i: Th\u00e1i Lan<\/p>\n<p>&nbsp;<\/p>\n","protected":false},"featured_media":21004,"comment_status":"open","ping_status":"closed","template":"","meta":[],"product_brand":[],"product_cat":[1992,201,1990],"product_tag":[],"class_list":{"0":"post-21002","1":"product","2":"type-product","3":"status-publish","4":"has-post-thumbnail","6":"product_cat-thuong-hieu-mitsubishi-electric","7":"product_cat-tu-lanh","8":"product_cat-tu-lanh-mitsubishi-electric","10":"first","11":"instock","12":"sale","13":"shipping-taxable","14":"purchasable","15":"product-type-simple"},"_links":{"self":[{"href":"https:\/\/livinghome.vn\/thiet-bi\/wp-json\/wp\/v2\/product\/21002","targetHints":{"allow":["GET"]}}],"collection":[{"href":"https:\/\/livinghome.vn\/thiet-bi\/wp-json\/wp\/v2\/product"}],"about":[{"href":"https:\/\/livinghome.vn\/thiet-bi\/wp-json\/wp\/v2\/types\/product"}],"replies":[{"embeddable":true,"href":"https:\/\/livinghome.vn\/thiet-bi\/wp-json\/wp\/v2\/comments?post=21002"}],"wp:featuredmedia":[{"embeddable":true,"href":"https:\/\/livinghome.vn\/thiet-bi\/wp-json\/wp\/v2\/media\/21004"}],"wp:attachment":[{"href":"https:\/\/livinghome.vn\/thiet-bi\/wp-json\/wp\/v2\/media?parent=21002"}],"wp:term":[{"taxonomy":"product_brand","embeddable":true,"href":"https:\/\/livinghome.vn\/thiet-bi\/wp-json\/wp\/v2\/product_brand?post=21002"},{"taxonomy":"product_cat","embeddable":true,"href":"https:\/\/livinghome.vn\/thiet-bi\/wp-json\/wp\/v2\/product_cat?post=21002"},{"taxonomy":"product_tag","embeddable":true,"href":"https:\/\/livinghome.vn\/thiet-bi\/wp-json\/wp\/v2\/product_tag?post=21002"}],"curies":[{"name":"wp","href":"https:\/\/api.w.org\/{rel}","templated":true}]}}