{"id":20979,"date":"2024-04-24T11:12:12","date_gmt":"2024-04-24T04:12:12","guid":{"rendered":"https:\/\/livinghome.vn\/thiet-bi\/?post_type=product&#038;p=20979"},"modified":"2024-11-29T14:18:57","modified_gmt":"2024-11-29T07:18:57","slug":"tu-lanh-mitsubishi-electric-inverter-mr-la78er-gbk","status":"publish","type":"product","link":"https:\/\/livinghome.vn\/thiet-bi\/tu-lanh-mitsubishi-electric-inverter-mr-la78er-gbk\/","title":{"rendered":"T\u1ee7 l\u1ea1nh Mitsubishi Electric Inverter MR-LA78ER-GBK"},"content":{"rendered":"<h2>Gi\u1edbi thi\u1ec7u t\u1ee7 l\u1ea1nh Mitsubishi Electric Inverter 635 l\u00edt MR-LA78ER-GBK<\/h2>\n<p>&#8211; Thi\u1ebft k\u1ebf hi\u1ec7n \u0111\u1ea1i v\u00e0 sang tr\u1ecdng v\u1edbi m\u1eb7t g\u01b0\u01a1ng \u00e1nh kim, ph\u00f9 h\u1ee3p v\u1edbi m\u1ecdi kh\u00f4ng gian ph\u00f2ng b\u1ebfp.<br \/>\n&#8211; Dung t\u00edch 635 l\u00edt, r\u1ea5t th\u00edch h\u1ee3p cho nhu c\u1ea7u s\u1eed d\u1ee5ng c\u1ee7a nhi\u1ec1u gia \u0111\u00ecnh Vi\u1ec7t.<br \/>\n&#8211; S\u1eed d\u1ee5ng c\u00f4ng ngh\u1ec7 Inverter ti\u1ebft ki\u1ec7m n\u0103ng l\u01b0\u1ee3ng v\u00e0 v\u1eadn h\u00e0nh \u00eam \u00e1i.<br \/>\n&#8211; C\u00f4ng ngh\u1ec7 l\u00e0m l\u1ea1nh \u0111a chi\u1ec1u gi\u00fap h\u01a1i l\u1ea1nh lan t\u1ecfa \u0111\u1ec1u kh\u1eafp kh\u00f4ng gian t\u1ee7.<br \/>\n&#8211; B\u1ed9 l\u1ecdc Carbon ho\u1ea1t t\u00ednh t\u00edch h\u1ee3p c\u00f4ng ngh\u1ec7 kh\u1eed m\u00f9i v\u00e0 kh\u00e1ng khu\u1ea9n.<br \/>\n&#8211; Khay k\u1ec7 l\u00e0m t\u1eeb k\u00ednh ch\u1ecbu l\u1ef1c cao, \u0111\u1ea3m b\u1ea3o \u0111\u1ed9 b\u1ec1n v\u00e0 kh\u1ea3 n\u0103ng ch\u1ecbu t\u1ea3i.<\/p>\n<p><strong>\u0110\u00e1nh gi\u00e1 chi ti\u1ebft\u00a0t\u1ee7 l\u1ea1nh Mitsubishi Electric Inverter MR-LA78ER-GBK<\/strong><\/p>\n<div>T\u1ee7 l\u1ea1nh Mitsubishi MR-LA78ER-GBK ra m\u1eaft v\u00e0o n\u0103m 2022 v\u1edbi nhi\u1ec1u c\u1ea3i ti\u1ebfn v\u1ec1 c\u1ea3 thi\u1ebft k\u1ebf v\u00e0 t\u00ednh n\u0103ng, t\u1ea1o ra m\u00f4i tr\u01b0\u1eddng b\u1ea3o qu\u1ea3n t\u1ed1i \u01b0u cho th\u1ef1c ph\u1ea9m.<\/div>\n<div><\/div>\n<div>Dung t\u00edch l\u1edbn c\u1ee7a t\u1ee7 l\u00e0 l\u1ef1a ch\u1ecdn l\u00fd t\u01b0\u1edfng cho c\u00e1c gia \u0111\u00ecnh c\u00f3 nhi\u1ec1u th\u00e0nh vi\u00ean ho\u1eb7c c\u1ea7n l\u01b0u tr\u1eef l\u01b0\u1ee3ng th\u1ef1c ph\u1ea9m l\u1edbn.<\/div>\n<p class=\"_ilcss0_\"><img loading=\"lazy\" decoding=\"async\" class=\"alignnone size-full wp-image-20987\" src=\"https:\/\/livinghome.vn\/thiet-bi\/wp-content\/uploads\/2024\/04\/tu-lanh-mitsubishi-mr-la78er-gbk-2.jpg\" alt=\"\" width=\"1200\" height=\"900\" title=\"\" srcset=\"https:\/\/livinghome.vn\/thiet-bi\/wp-content\/uploads\/2024\/04\/tu-lanh-mitsubishi-mr-la78er-gbk-2.jpg 1200w, https:\/\/livinghome.vn\/thiet-bi\/wp-content\/uploads\/2024\/04\/tu-lanh-mitsubishi-mr-la78er-gbk-2-533x400.jpg 533w, https:\/\/livinghome.vn\/thiet-bi\/wp-content\/uploads\/2024\/04\/tu-lanh-mitsubishi-mr-la78er-gbk-2-1067x800.jpg 1067w, https:\/\/livinghome.vn\/thiet-bi\/wp-content\/uploads\/2024\/04\/tu-lanh-mitsubishi-mr-la78er-gbk-2-768x576.jpg 768w, https:\/\/livinghome.vn\/thiet-bi\/wp-content\/uploads\/2024\/04\/tu-lanh-mitsubishi-mr-la78er-gbk-2-600x450.jpg 600w\" sizes=\"auto, (max-width: 1200px) 100vw, 1200px\" \/><\/p>\n<p class=\"_ilcss0_\">H\u00ecnh \u1ea3nh\u00a0 t\u1ee7 l\u1ea1nh Mitsubishi Electric Inverter 635 l\u00edt MR-LA78ER-GBK<\/p>\n<p><strong>Thi\u1ebft k\u1ebf sang tr\u1ecdng, tinh t\u1ebf<\/strong><\/p>\n<div>T\u1ee7 l\u1ea1nh Mitsubishi Electric MR-LA78ER-GBK l\u00e0 m\u1eabu t\u1ee7 l\u1ea1nh 4 c\u00e1nh c\u00f3 thi\u1ebft k\u1ebf ng\u0103n \u0111\u00e1 d\u01b0\u1edbi \u0111\u1ed9c \u0111\u00e1o, l\u00e0m n\u1ed5i b\u1eadt kh\u00f4ng gian n\u1ed9i th\u1ea5t nh\u00e0 b\u1ea1n.<\/div>\n<div><\/div>\n<div>Thi\u1ebft k\u1ebf g\u1ecdn g\u00e0ng, d\u1ea1ng th\u1eb3ng \u0111\u1ee9ng gi\u00fap t\u1ee7 d\u1ec5 d\u00e0ng l\u1eafp \u0111\u1eb7t \u1edf nhi\u1ec1u kh\u00f4ng gian kh\u00e1c nhau. T\u1ee7 thu h\u00fat \u00e1nh nh\u00ecn v\u1edbi b\u1ec1 m\u1eb7t ph\u1eb3ng, m\u00e0u \u0111en m\u1eb7t g\u01b0\u01a1ng \u00e1nh kim, mang l\u1ea1i v\u1ebb \u0111\u1eb9p sang tr\u1ecdng v\u00e0 hi\u1ec7n \u0111\u1ea1i.<\/div>\n<div><\/div>\n<div>C\u00e1c c\u00e1nh c\u1eeda c\u1ee7a t\u1ee7 m\u1edf v\u00e0 \u0111\u00f3ng m\u1ed9t c\u00e1ch d\u1ec5 d\u00e0ng, gi\u00fap gi\u1ea3m thi\u1ec3u th\u1ea5t tho\u00e1t h\u01a1i l\u1ea1nh hi\u1ec7u qu\u1ea3.<\/div>\n<p class=\"_ilcss0_\"><img loading=\"lazy\" decoding=\"async\" class=\"alignnone size-full wp-image-20985\" src=\"https:\/\/livinghome.vn\/thiet-bi\/wp-content\/uploads\/2024\/04\/tu-lanh-mitsubishi-mr-la78er-gbk-3.jpg\" alt=\"\" width=\"1200\" height=\"666\" title=\"\" srcset=\"https:\/\/livinghome.vn\/thiet-bi\/wp-content\/uploads\/2024\/04\/tu-lanh-mitsubishi-mr-la78er-gbk-3.jpg 1200w, https:\/\/livinghome.vn\/thiet-bi\/wp-content\/uploads\/2024\/04\/tu-lanh-mitsubishi-mr-la78er-gbk-3-721x400.jpg 721w, https:\/\/livinghome.vn\/thiet-bi\/wp-content\/uploads\/2024\/04\/tu-lanh-mitsubishi-mr-la78er-gbk-3-768x426.jpg 768w, https:\/\/livinghome.vn\/thiet-bi\/wp-content\/uploads\/2024\/04\/tu-lanh-mitsubishi-mr-la78er-gbk-3-600x333.jpg 600w\" sizes=\"auto, (max-width: 1200px) 100vw, 1200px\" \/><\/p>\n<p class=\"_ilcss0_\">Thi\u1ebft k\u1ebf sang tr\u1ecdng, hi\u1ec7n \u0111\u1ea1i<\/p>\n<p><strong>Dung t\u00edch l\u1edbn<\/strong><\/p>\n<p>T\u1ee7 l\u1ea1nh\u00a0MR-LA78ER-GBK c\u00f3 dung t\u00edch s\u1eed d\u1ee5ng l\u00ean \u0111\u1ebfn\u00a0635 l\u00edt trong \u0111\u00f3 ng\u0103n l\u1ea1nh ph\u00eda tr\u00ean 453 l\u00edt, ng\u0103n \u0111\u00f4ng 182 l\u00edt ph\u00eda d\u01b0\u1edbi.<\/p>\n<p class=\"_ilcss0_\"><img loading=\"lazy\" decoding=\"async\" class=\"alignnone size-full wp-image-20986\" src=\"https:\/\/livinghome.vn\/thiet-bi\/wp-content\/uploads\/2024\/04\/tu-lanh-mitsubishi-mr-la78er-gbk-4.jpg\" alt=\"\" width=\"1200\" height=\"666\" title=\"\" srcset=\"https:\/\/livinghome.vn\/thiet-bi\/wp-content\/uploads\/2024\/04\/tu-lanh-mitsubishi-mr-la78er-gbk-4.jpg 1200w, https:\/\/livinghome.vn\/thiet-bi\/wp-content\/uploads\/2024\/04\/tu-lanh-mitsubishi-mr-la78er-gbk-4-721x400.jpg 721w, https:\/\/livinghome.vn\/thiet-bi\/wp-content\/uploads\/2024\/04\/tu-lanh-mitsubishi-mr-la78er-gbk-4-768x426.jpg 768w, https:\/\/livinghome.vn\/thiet-bi\/wp-content\/uploads\/2024\/04\/tu-lanh-mitsubishi-mr-la78er-gbk-4-600x333.jpg 600w\" sizes=\"auto, (max-width: 1200px) 100vw, 1200px\" \/><\/p>\n<p class=\"_ilcss0_\">Dung t\u00edch t\u1ee7 h\u01a1n 600 l\u00edt ph\u00f9 h\u1ee3p v\u1edbi gia \u0111\u00ecnh \u0111\u00f4ng th\u00e0nh vi\u00ean<\/p>\n<p>M\u1ed7i ng\u0103n m\u00e1t\/l\u1ea1nh c\u1ee7a t\u1ee7 l\u1ea1nh \u0111\u1ec1u \u0111\u01b0\u1ee3c trang b\u1ecb c\u00e1c khay k\u00ednh c\u01b0\u1eddng l\u1ef1c v\u00e0 h\u1ed9p \u0111\u1ef1ng d\u1ea1ng k\u00e9o ti\u1ec7n l\u1ee3i, t\u1ea1o ra c\u00e1c ng\u0103n nh\u1ecf \u0111\u1ec3 ng\u01b0\u1eddi d\u00f9ng c\u00f3 th\u1ec3 ph\u00e2n lo\u1ea1i th\u1ef1c ph\u1ea9m m\u1ed9t c\u00e1ch khoa h\u1ecdc v\u00e0 kh\u00f4ng \u0111\u1ec3 l\u1eabn m\u00f9i.<\/p>\n<p><strong>B\u1ea3ng \u0111i\u1ec1u khi\u1ec3n c\u1ea3m \u1ee9ng b\u00ean ngo\u00e0i<\/strong><\/p>\n<p>Mitsubishi Electric MR-LA78ER-GBK \u0111\u01b0\u1ee3c trang b\u1ecb b\u1ea3ng \u0111i\u1ec1u khi\u1ec3n ngo\u00e0i t\u1ee7, gi\u00fap ng\u01b0\u1eddi d\u00f9ng d\u1ec5 d\u00e0ng \u0111i\u1ec1u ch\u1ec9nh c\u00e1c c\u00e0i \u0111\u1eb7t m\u00e0 kh\u00f4ng c\u1ea7n m\u1edf c\u1eeda t\u1ee7. \u0110i\u1ec1u n\u00e0y gi\u00fap tr\u00e1nh vi\u1ec7c m\u1edf t\u1ee7 nhi\u1ec1u l\u1ea7n, gi\u1ea3m thi\u1ec3u th\u1ea5t tho\u00e1t h\u01a1i l\u1ea1nh kh\u00f4ng c\u1ea7n thi\u1ebft v\u00e0 ti\u1ebft ki\u1ec7m n\u0103ng l\u01b0\u1ee3ng cho ng\u01b0\u1eddi d\u00f9ng.<\/p>\n<p><strong>C\u00f4ng ngh\u1ec7 l\u00e0m l\u1ea1nh \u0111a chi\u1ec1u lan t\u1ecfa<\/strong><\/p>\n<p>T\u1ee7 l\u1ea1nh 4 c\u00e1nh c\u1ee7a Mitsubishi \u00e1p d\u1ee5ng c\u00f4ng ngh\u1ec7 l\u00e0m l\u1ea1nh \u0111a chi\u1ec1u, \u0111\u1ea3m b\u1ea3o h\u01a1i l\u1ea1nh lan t\u1ecfa \u0111\u1ec1u kh\u1eafp kh\u00f4ng gian t\u1ee7, t\u0103ng c\u01b0\u1eddng hi\u1ec7u qu\u1ea3 b\u1ea3o qu\u1ea3n th\u1ef1c ph\u1ea9m.<\/p>\n<p class=\"_ilcss0_\"><img loading=\"lazy\" decoding=\"async\" class=\"alignnone size-full wp-image-20984\" src=\"https:\/\/livinghome.vn\/thiet-bi\/wp-content\/uploads\/2024\/04\/tu-lanh-mitsubishi-mr-la78er-gbk-5.jpg\" alt=\"\" width=\"1200\" height=\"671\" title=\"\" srcset=\"https:\/\/livinghome.vn\/thiet-bi\/wp-content\/uploads\/2024\/04\/tu-lanh-mitsubishi-mr-la78er-gbk-5.jpg 1200w, https:\/\/livinghome.vn\/thiet-bi\/wp-content\/uploads\/2024\/04\/tu-lanh-mitsubishi-mr-la78er-gbk-5-715x400.jpg 715w, https:\/\/livinghome.vn\/thiet-bi\/wp-content\/uploads\/2024\/04\/tu-lanh-mitsubishi-mr-la78er-gbk-5-768x429.jpg 768w, https:\/\/livinghome.vn\/thiet-bi\/wp-content\/uploads\/2024\/04\/tu-lanh-mitsubishi-mr-la78er-gbk-5-600x336.jpg 600w\" sizes=\"auto, (max-width: 1200px) 100vw, 1200px\" \/><\/p>\n<p class=\"_ilcss0_\">H\u1ec7 th\u1ed1ng l\u00e0m l\u1ea1nh \u0111a chi\u1ec1u gi\u00fap h\u01a1i l\u1ea1nh l\u01b0u th\u00f4ng \u0111\u1ec1u trong t\u1ee7<\/p>\n<p><strong>C\u00f4ng ngh\u1ec7 Neuro Inverter\u00a0<\/strong><\/p>\n<div>C\u00f4ng ngh\u1ec7 Neuro Inverter tr\u00ean t\u1ee7 l\u1ea1nh n\u00e0y cho ph\u00e9p ho\u1ea1t \u0111\u1ed9ng \u00eam \u00e1i v\u00e0 gi\u1ea3m l\u01b0\u1ee3ng \u0111i\u1ec7n ti\u00eau th\u1ee5 \u0111\u00e1ng k\u1ec3 b\u1eb1ng c\u00e1ch ghi nh\u1edb th\u00f3i quen sinh ho\u1ea1t c\u1ee7a ng\u01b0\u1eddi d\u00f9ng v\u00e0 \u0111i\u1ec1u ch\u1ec9nh h\u01a1i l\u1ea1nh cho t\u1eebng ng\u0103n m\u1ed9t c\u00e1ch hi\u1ec7u qu\u1ea3.<\/div>\n<div><\/div>\n<div>Vi x\u1eed l\u00fd Neuro Fuzzy \u0111i\u1ec1u khi\u1ec3n ch\u00ednh x\u00e1c ho\u1ea1t \u0111\u1ed9ng c\u1ee7a qu\u1ea1t v\u00e0 m\u00e1y n\u00e9n, \u0111\u1ed3ng th\u1eddi t\u1ef1 \u0111\u1ed9ng \u0111i\u1ec1u ch\u1ec9nh c\u00f4ng su\u1ea5t l\u00e0m l\u1ea1nh d\u1ef1a tr\u00ean th\u00f3i quen c\u1ee7a ng\u01b0\u1eddi d\u00f9ng v\u00e0 s\u1ef1 thay \u0111\u1ed5i c\u1ee7a nhi\u1ec7t \u0111\u1ed9 theo th\u1eddi gian, \u0111\u1ea3m b\u1ea3o ho\u1ea1t \u0111\u1ed9ng \u1ed5n \u0111\u1ecbnh v\u00e0 ti\u1ebft ki\u1ec7m.<\/div>\n<p><img loading=\"lazy\" decoding=\"async\" class=\"alignnone size-full wp-image-20982\" src=\"https:\/\/livinghome.vn\/thiet-bi\/wp-content\/uploads\/2024\/04\/tu-lanh-mitsubishi-mr-la78er-gbk-6.jpg\" alt=\"\" width=\"1200\" height=\"666\" title=\"\" srcset=\"https:\/\/livinghome.vn\/thiet-bi\/wp-content\/uploads\/2024\/04\/tu-lanh-mitsubishi-mr-la78er-gbk-6.jpg 1200w, https:\/\/livinghome.vn\/thiet-bi\/wp-content\/uploads\/2024\/04\/tu-lanh-mitsubishi-mr-la78er-gbk-6-721x400.jpg 721w, https:\/\/livinghome.vn\/thiet-bi\/wp-content\/uploads\/2024\/04\/tu-lanh-mitsubishi-mr-la78er-gbk-6-768x426.jpg 768w, https:\/\/livinghome.vn\/thiet-bi\/wp-content\/uploads\/2024\/04\/tu-lanh-mitsubishi-mr-la78er-gbk-6-600x333.jpg 600w\" sizes=\"auto, (max-width: 1200px) 100vw, 1200px\" \/><\/p>\n<p class=\"_ilcss0_\">C\u00f4ng ngh\u1ec7 Inverter ti\u1ebft ki\u1ec7m n\u0103ng l\u01b0\u1ee3ng, gi\u1ea3m thi\u1ec3u chi ph\u00ed v\u1eadn h\u00e0nh<\/p>\n<p><strong>C\u00f4ng ngh\u1ec7 kh\u1eed m\u00f9i, kh\u00e1ng khu\u1ea9n\u00a0<\/strong><\/p>\n<div>T\u1ee7 l\u1ea1nh n\u00e0y t\u00edch h\u1ee3p b\u1ed9 l\u1ecdc Carbon ho\u1ea1t t\u00ednh c\u00f3 kh\u1ea3 n\u0103ng kh\u1eed m\u00f9i v\u00e0 di\u1ec7t khu\u1ea9n, gi\u00fap l\u00e0m s\u1ea1ch lu\u1ed3ng kh\u00ed l\u1ea1nh l\u01b0u th\u00f4ng trong t\u1ee7.<\/div>\n<div><\/div>\n<div>\u0110\u1ed3ng th\u1eddi, b\u1ec1 m\u1eb7t th\u00e0nh t\u1ee7 v\u00e0 \u0111\u1ec7m c\u1eeda \u0111\u01b0\u1ee3c tr\u00e1ng m\u1ed9t l\u1edbp kh\u00e1ng khu\u1ea9n ph\u00e2n t\u1eed b\u1ea1c \u0111\u1ec3 ng\u0103n ch\u1eb7n s\u1ef1 ph\u00e1t tri\u1ec3n c\u1ee7a vi khu\u1ea9n, \u0111\u1ea3m b\u1ea3o an to\u00e0n theo ti\u00eau chu\u1ea9n v\u1ec7 sinh th\u1ef1c ph\u1ea9m c\u1ee7a Nh\u1eadt B\u1ea3n v\u00e0 kh\u00f4ng g\u00e2y h\u1ea1i cho ng\u01b0\u1eddi s\u1eed d\u1ee5ng.<\/div>\n<p class=\"_ilcss0_\"><img loading=\"lazy\" decoding=\"async\" class=\"alignnone size-full wp-image-20983\" src=\"https:\/\/livinghome.vn\/thiet-bi\/wp-content\/uploads\/2024\/04\/tu-lanh-mitsubishi-mr-la78er-gbk-7.jpg\" alt=\"\" width=\"1200\" height=\"666\" title=\"\" srcset=\"https:\/\/livinghome.vn\/thiet-bi\/wp-content\/uploads\/2024\/04\/tu-lanh-mitsubishi-mr-la78er-gbk-7.jpg 1200w, https:\/\/livinghome.vn\/thiet-bi\/wp-content\/uploads\/2024\/04\/tu-lanh-mitsubishi-mr-la78er-gbk-7-721x400.jpg 721w, https:\/\/livinghome.vn\/thiet-bi\/wp-content\/uploads\/2024\/04\/tu-lanh-mitsubishi-mr-la78er-gbk-7-768x426.jpg 768w, https:\/\/livinghome.vn\/thiet-bi\/wp-content\/uploads\/2024\/04\/tu-lanh-mitsubishi-mr-la78er-gbk-7-600x333.jpg 600w\" sizes=\"auto, (max-width: 1200px) 100vw, 1200px\" \/><\/p>\n<p class=\"_ilcss0_\">B\u1ed9 l\u1ecdc than ho\u1ea1t t\u00ednh gi\u00fap kh\u1eed m\u00f9i h\u00f4i trong t\u1ee7 hi\u1ec7u qu\u1ea3<\/p>\n<p><strong>Ng\u0103n rau c\u1ee7 dung t\u00edch l\u1edbn<\/strong><\/p>\n<div>T\u1ee7 l\u1ea1nh Mitsubishi MR-LA78ER-GBK trang b\u1ecb ng\u0103n rau c\u1ee7 r\u1ed9ng r\u00e3i v\u1edbi kh\u1ea3 n\u0103ng gi\u1eef \u1ea9m xu\u1ea5t s\u1eafc, gi\u00fap rau c\u1ee7 gi\u1eef \u0111\u01b0\u1ee3c \u0111\u1ed9 t\u01b0\u01a1i l\u00e2u h\u01a1n.<\/div>\n<div><\/div>\n<div>Ng\u0103n n\u00e0y c\u00f2n \u0111\u01b0\u1ee3c chi\u1ebfu s\u00e1ng b\u1edfi \u0111\u00e8n LED, kh\u00f4ng ch\u1ec9 cung c\u1ea5p \u00e1nh s\u00e1ng m\u00e0 c\u00f2n h\u1ed7 tr\u1ee3 qu\u00e1 tr\u00ecnh quang h\u1ee3p, t\u0103ng c\u01b0\u1eddng vitamin C cho rau c\u1ee7.<\/div>\n<div><\/div>\n<div>C\u00e1c khay k\u1ec7 b\u1eb1ng th\u1ee7y tinh ch\u1ecbu l\u1ef1c cao, cho ph\u00e9p b\u1ea1n d\u1ec5 d\u00e0ng ph\u00e2n lo\u1ea1i v\u00e0 tr\u1eef \u0111a d\u1ea1ng th\u1ef1c ph\u1ea9m. G\u00f3c m\u1edf c\u1eeda r\u1ed9ng cho ph\u00e9p d\u1ec5 d\u00e0ng th\u00e1o l\u1eafp v\u00e0 \u0111i\u1ec1u ch\u1ec9nh chi\u1ec1u cao c\u1ee7a khay k\u1ec7 \u0111\u1ec3 v\u1ec7 sinh hay t\u00f9y ch\u1ec9nh theo nhu c\u1ea7u.<\/div>\n<p><img loading=\"lazy\" decoding=\"async\" class=\"alignnone size-full wp-image-20981\" src=\"https:\/\/livinghome.vn\/thiet-bi\/wp-content\/uploads\/2024\/04\/tu-lanh-mitsubishi-mr-la78er-gbk-8.jpg\" alt=\"\" width=\"1200\" height=\"800\" title=\"\" srcset=\"https:\/\/livinghome.vn\/thiet-bi\/wp-content\/uploads\/2024\/04\/tu-lanh-mitsubishi-mr-la78er-gbk-8.jpg 1200w, https:\/\/livinghome.vn\/thiet-bi\/wp-content\/uploads\/2024\/04\/tu-lanh-mitsubishi-mr-la78er-gbk-8-600x400.jpg 600w, https:\/\/livinghome.vn\/thiet-bi\/wp-content\/uploads\/2024\/04\/tu-lanh-mitsubishi-mr-la78er-gbk-8-768x512.jpg 768w\" sizes=\"auto, (max-width: 1200px) 100vw, 1200px\" \/><\/p>\n<p class=\"_ilcss0_\">T\u1ee7 trang b\u1ecb nhi\u1ec1u khay k\u00ednh ch\u1ecbu l\u1ef1c<\/p>\n<p><strong>L\u01b0u \u00fd: <\/strong>H\u00ecnh \u1ea3nh s\u1ea3n ph\u1ea9m ch\u1ec9 c\u00f3 t\u00ednh ch\u1ea5t minh h\u1ecda<\/p>\n","protected":false},"excerpt":{"rendered":"<p>Ki\u1ec3u t\u1ee7 l\u1ea1nh: Multidoor<\/p>\n<p>Dung t\u00edch t\u1ed5ng: 670 l\u00edt<\/p>\n<p>Dung t\u00edch s\u1eed d\u1ee5ng: 635 l\u00edt<\/p>\n<p>Dung t\u00edch ng\u0103n l\u1ea1nh: 453 l\u00edt<\/p>\n<p>Dung t\u00edch ng\u0103n \u0111\u00e1: 182 l\u00edt<\/p>\n<p>C\u00f4ng ngh\u1ec7 Inverter: C\u00f3<\/p>\n<p>Kh\u00e1ng khu\u1ea9n, kh\u1eed m\u00f9i: B\u1ed9 l\u1ecdc kh\u1eed m\u00f9i than ho\u1ea1t t\u00ednh<\/p>\n<p>S\u1ed1 c\u1eeda: 4 c\u1eeda<\/p>\n<p>C\u00f4ng ngh\u1ec7 l\u00e0m l\u1ea1nh: L\u00e0m l\u1ea1nh \u0111a chi\u1ec1u<\/p>\n<p>Ti\u1ec7n \u00edch: Ng\u0103n \u0111\u00e1 d\u01b0\u1edbi, \u0110\u00e8n Led chi\u1ebfu s\u00e1ng<\/p>\n<p>Gas s\u1eed d\u1ee5ng: R600A<\/p>\n<p>Ch\u1ea5t li\u1ec7u khay: K\u00ednh ch\u1ecbu l\u1ef1c<\/p>\n<p>Ch\u1ea5t li\u1ec7u b\u00ean ngo\u00e0i: M\u1eb7t g\u01b0\u01a1ng<\/p>\n<p>N\u0103m ra m\u1eaft: 2022<\/p>\n<p>Ngu\u1ed3n \u0111i\u1ec7n \u00e1p: 220V\/50Hz<\/p>\n<p>K\u00edch th\u01b0\u1edbc: Cao x r\u1ed9ng x s\u00e2u\u00a0(181.8cm x 95cm x 75.8cm)<\/p>\n<p>Tr\u1ecdng l\u01b0\u1ee3ng s\u1ea3n ph\u1ea9m: 139kg<\/p>\n<p>Xu\u1ea5t x\u1ee9 th\u01b0\u01a1ng hi\u1ec7u: Nh\u1eadt B\u1ea3n<\/p>\n<p>S\u1ea3n xu\u1ea5t t\u1ea1i: Th\u00e1i Lan<\/p>\n<p>&nbsp;<\/p>\n","protected":false},"featured_media":20980,"comment_status":"open","ping_status":"closed","template":"","meta":[],"product_brand":[],"product_cat":[1992,201,1990],"product_tag":[],"class_list":{"0":"post-20979","1":"product","2":"type-product","3":"status-publish","4":"has-post-thumbnail","6":"product_cat-thuong-hieu-mitsubishi-electric","7":"product_cat-tu-lanh","8":"product_cat-tu-lanh-mitsubishi-electric","10":"first","11":"instock","12":"sale","13":"shipping-taxable","14":"purchasable","15":"product-type-simple"},"_links":{"self":[{"href":"https:\/\/livinghome.vn\/thiet-bi\/wp-json\/wp\/v2\/product\/20979","targetHints":{"allow":["GET"]}}],"collection":[{"href":"https:\/\/livinghome.vn\/thiet-bi\/wp-json\/wp\/v2\/product"}],"about":[{"href":"https:\/\/livinghome.vn\/thiet-bi\/wp-json\/wp\/v2\/types\/product"}],"replies":[{"embeddable":true,"href":"https:\/\/livinghome.vn\/thiet-bi\/wp-json\/wp\/v2\/comments?post=20979"}],"wp:featuredmedia":[{"embeddable":true,"href":"https:\/\/livinghome.vn\/thiet-bi\/wp-json\/wp\/v2\/media\/20980"}],"wp:attachment":[{"href":"https:\/\/livinghome.vn\/thiet-bi\/wp-json\/wp\/v2\/media?parent=20979"}],"wp:term":[{"taxonomy":"product_brand","embeddable":true,"href":"https:\/\/livinghome.vn\/thiet-bi\/wp-json\/wp\/v2\/product_brand?post=20979"},{"taxonomy":"product_cat","embeddable":true,"href":"https:\/\/livinghome.vn\/thiet-bi\/wp-json\/wp\/v2\/product_cat?post=20979"},{"taxonomy":"product_tag","embeddable":true,"href":"https:\/\/livinghome.vn\/thiet-bi\/wp-json\/wp\/v2\/product_tag?post=20979"}],"curies":[{"name":"wp","href":"https:\/\/api.w.org\/{rel}","templated":true}]}}