{"id":20971,"date":"2024-04-24T11:24:12","date_gmt":"2024-04-24T04:24:12","guid":{"rendered":"https:\/\/livinghome.vn\/thiet-bi\/?post_type=product&#038;p=20971"},"modified":"2024-11-29T14:18:57","modified_gmt":"2024-11-29T07:18:57","slug":"tu-lanh-mitsubishi-electric-inverter-358-lit-mr-cx46ej-brw-v","status":"publish","type":"product","link":"https:\/\/livinghome.vn\/thiet-bi\/tu-lanh-mitsubishi-electric-inverter-358-lit-mr-cx46ej-brw-v\/","title":{"rendered":"T\u1ee7 L\u1ea1nh Mitsubishi Electric Inverter 358 L\u00edt MR-CX46EJ"},"content":{"rendered":"<h2>\u01afu \u0111i\u1ec3m t\u1ee7 l\u1ea1nh Mitsubishi Electric Inverter 358 l\u00edt MR-CX46EJ<\/h2>\n<p>T\u1ee7 l\u1ea1nh Mitsubishi Electric Inverter 358 l\u00edt MR-CX46EJ c\u00f3 nhi\u1ec1u \u0111i\u1ec3m m\u1ea1nh n\u1ed5i b\u1eadt. \u0110\u1ea7u ti\u00ean, t\u00ednh n\u0103ng l\u00e0m \u0111\u00e1 t\u1ef1 \u0111\u1ed9ng gi\u00fap b\u1ea1n lu\u00f4n c\u00f3 \u0111\u1ee7 \u0111\u00e1 s\u1ea1ch s\u1ebd v\u00e0 t\u01b0\u01a1i ngon. V\u1edbi 3 c\u1eeda v\u00e0 2 ng\u0103n m\u00e1t, t\u1ee7 n\u00e0y cung c\u1ea5p kh\u00f4ng gian b\u1ea3o qu\u1ea3n th\u1ef1c ph\u1ea9m ti\u1ec7n l\u1ee3i.<\/p>\n<figure id=\"attachment_21009\" aria-describedby=\"caption-attachment-21009\" style=\"width: 768px\" class=\"wp-caption aligncenter\"><img loading=\"lazy\" decoding=\"async\" class=\"size-full wp-image-21009\" src=\"https:\/\/livinghome.vn\/thiet-bi\/wp-content\/uploads\/2024\/05\/tu-lanh-mitsubishi-electric-inverter-358-lit-mr-cx46ej-2.jpg\" alt=\"T\u1ee7 L\u1ea1nh Mitsubishi Electric Inverter 358 L\u00edt MR-CX46EJ\" width=\"768\" height=\"576\" title=\"\" srcset=\"https:\/\/livinghome.vn\/thiet-bi\/wp-content\/uploads\/2024\/05\/tu-lanh-mitsubishi-electric-inverter-358-lit-mr-cx46ej-2.jpg 768w, https:\/\/livinghome.vn\/thiet-bi\/wp-content\/uploads\/2024\/05\/tu-lanh-mitsubishi-electric-inverter-358-lit-mr-cx46ej-2-533x400.jpg 533w, https:\/\/livinghome.vn\/thiet-bi\/wp-content\/uploads\/2024\/05\/tu-lanh-mitsubishi-electric-inverter-358-lit-mr-cx46ej-2-600x450.jpg 600w\" sizes=\"auto, (max-width: 768px) 100vw, 768px\" \/><figcaption id=\"caption-attachment-21009\" class=\"wp-caption-text\">T\u1ee7 L\u1ea1nh Mitsubishi Electric Inverter 358 L\u00edt MR-CX46EJ<\/figcaption><\/figure>\n<h3>Thi\u1ebft k\u1ebf \u0111\u1ed9c \u0111\u00e1o, hi\u1ec7n \u0111\u1ea1i<\/h3>\n<p>Thi\u1ebft k\u1ebf \u0111\u1ec7m c\u1eeda cao su kh\u00e1ng khu\u1ea9n gi\u00fap gi\u1eef l\u1ea1nh hi\u1ec7u qu\u1ea3 v\u00e0 ng\u0103n ch\u1eb7n s\u1ef1 ph\u00e1t tri\u1ec3n c\u1ee7a vi khu\u1ea9n. T\u00ednh n\u0103ng c\u00f2i b\u00e1o \u0111\u1ed9ng th\u00f4ng minh khi m\u1edf c\u1eeda qu\u00e1 l\u00e2u gi\u00fap ti\u1ebft ki\u1ec7m n\u0103ng l\u01b0\u1ee3ng v\u00e0 b\u1ea3o v\u1ec7 th\u1ef1c ph\u1ea9m.<\/p>\n<figure id=\"attachment_21010\" aria-describedby=\"caption-attachment-21010\" style=\"width: 637px\" class=\"wp-caption aligncenter\"><img loading=\"lazy\" decoding=\"async\" class=\"size-full wp-image-21010\" src=\"https:\/\/livinghome.vn\/thiet-bi\/wp-content\/uploads\/2024\/05\/tu-lanh-mitsubishi-electric-inverter-358-lit-mr-cx46ej-3.jpg\" alt=\"T\u1ee7 L\u1ea1nh Mitsubishi Electric Inverter 358 L\u00edt MR-CX46EJ\" width=\"637\" height=\"900\" title=\"\" srcset=\"https:\/\/livinghome.vn\/thiet-bi\/wp-content\/uploads\/2024\/05\/tu-lanh-mitsubishi-electric-inverter-358-lit-mr-cx46ej-3.jpg 637w, https:\/\/livinghome.vn\/thiet-bi\/wp-content\/uploads\/2024\/05\/tu-lanh-mitsubishi-electric-inverter-358-lit-mr-cx46ej-3-283x400.jpg 283w, https:\/\/livinghome.vn\/thiet-bi\/wp-content\/uploads\/2024\/05\/tu-lanh-mitsubishi-electric-inverter-358-lit-mr-cx46ej-3-566x800.jpg 566w, https:\/\/livinghome.vn\/thiet-bi\/wp-content\/uploads\/2024\/05\/tu-lanh-mitsubishi-electric-inverter-358-lit-mr-cx46ej-3-600x848.jpg 600w\" sizes=\"auto, (max-width: 637px) 100vw, 637px\" \/><figcaption id=\"caption-attachment-21010\" class=\"wp-caption-text\">T\u1ee7 L\u1ea1nh Mitsubishi Electric Inverter 358 L\u00edt MR-CX46EJ<\/figcaption><\/figure>\n<h3>C\u00f4ng ngh\u1ec7 Neuro Inverter ti\u1ebft ki\u1ec7m \u0111i\u1ec7n<\/h3>\n<p>V\u1edbi c\u00f4ng ngh\u1ec7 Inverter, t\u1ee7 l\u1ea1nh ti\u1ebft ki\u1ec7m \u0111i\u1ec7n n\u0103ng v\u00e0 hi\u1ec7u qu\u1ea3. Ng\u0103n \u0111\u00e1 d\u01b0\u1edbi \u0111\u01b0\u1ee3c thi\u1ebft k\u1ebf 3 ng\u0103n ri\u00eang bi\u1ec7t, gi\u00fap t\u1ed5 ch\u1ee9c v\u00e0 s\u1eed d\u1ee5ng ti\u1ec7n l\u1ee3i.<\/p>\n<figure id=\"attachment_21014\" aria-describedby=\"caption-attachment-21014\" style=\"width: 768px\" class=\"wp-caption aligncenter\"><img loading=\"lazy\" decoding=\"async\" class=\"size-full wp-image-21014\" src=\"https:\/\/livinghome.vn\/thiet-bi\/wp-content\/uploads\/2024\/05\/tu-lanh-mitsubishi-electric-inverter-358-lit-mr-cx46ej-7.jpg\" alt=\"T\u1ee7 L\u1ea1nh Mitsubishi Electric Inverter 358 L\u00edt MR-CX46EJ\" width=\"768\" height=\"406\" title=\"\" srcset=\"https:\/\/livinghome.vn\/thiet-bi\/wp-content\/uploads\/2024\/05\/tu-lanh-mitsubishi-electric-inverter-358-lit-mr-cx46ej-7.jpg 768w, https:\/\/livinghome.vn\/thiet-bi\/wp-content\/uploads\/2024\/05\/tu-lanh-mitsubishi-electric-inverter-358-lit-mr-cx46ej-7-757x400.jpg 757w, https:\/\/livinghome.vn\/thiet-bi\/wp-content\/uploads\/2024\/05\/tu-lanh-mitsubishi-electric-inverter-358-lit-mr-cx46ej-7-600x317.jpg 600w\" sizes=\"auto, (max-width: 768px) 100vw, 768px\" \/><figcaption id=\"caption-attachment-21014\" class=\"wp-caption-text\">T\u1ee7 L\u1ea1nh Mitsubishi Electric Inverter 358 L\u00edt MR-CX46EJ<\/figcaption><\/figure>\n<h3>B\u1ed9 l\u1ecdc Carbon ho\u1ea1t t\u00ednh kh\u00e1ng khu\u1ea9n, kh\u1eed m\u00f9i<\/h3>\n<p>H\u1ec7 th\u1ed1ng kh\u1eed m\u00f9i v\u00e0 di\u1ec7t khu\u1ea9n b\u1eb1ng b\u1ed9 l\u1ecdc carbon ho\u1ea1t t\u00ednh gi\u1eef cho kh\u00f4ng gian trong t\u1ee7 lu\u00f4n s\u1ea1ch s\u1ebd v\u00e0 an to\u00e0n cho th\u1ef1c ph\u1ea9m.<\/p>\n<figure id=\"attachment_21016\" aria-describedby=\"caption-attachment-21016\" style=\"width: 1200px\" class=\"wp-caption aligncenter\"><img loading=\"lazy\" decoding=\"async\" class=\"size-full wp-image-21016\" src=\"https:\/\/livinghome.vn\/thiet-bi\/wp-content\/uploads\/2024\/05\/tu-lanh-mitsubishi-electric-inverter-358-lit-mr-cx46ej-9.jpg\" alt=\"T\u1ee7 L\u1ea1nh Mitsubishi Electric Inverter 358 L\u00edt MR-CX46EJ\" width=\"1200\" height=\"785\" title=\"\" srcset=\"https:\/\/livinghome.vn\/thiet-bi\/wp-content\/uploads\/2024\/05\/tu-lanh-mitsubishi-electric-inverter-358-lit-mr-cx46ej-9.jpg 1200w, https:\/\/livinghome.vn\/thiet-bi\/wp-content\/uploads\/2024\/05\/tu-lanh-mitsubishi-electric-inverter-358-lit-mr-cx46ej-9-611x400.jpg 611w, https:\/\/livinghome.vn\/thiet-bi\/wp-content\/uploads\/2024\/05\/tu-lanh-mitsubishi-electric-inverter-358-lit-mr-cx46ej-9-768x502.jpg 768w, https:\/\/livinghome.vn\/thiet-bi\/wp-content\/uploads\/2024\/05\/tu-lanh-mitsubishi-electric-inverter-358-lit-mr-cx46ej-9-600x393.jpg 600w\" sizes=\"auto, (max-width: 1200px) 100vw, 1200px\" \/><figcaption id=\"caption-attachment-21016\" class=\"wp-caption-text\">T\u1ee7 L\u1ea1nh Mitsubishi Electric Inverter 358 L\u00edt MR-CX46EJ<\/figcaption><\/figure>\n<figure id=\"attachment_21012\" aria-describedby=\"caption-attachment-21012\" style=\"width: 768px\" class=\"wp-caption aligncenter\"><img loading=\"lazy\" decoding=\"async\" class=\"size-full wp-image-21012\" src=\"https:\/\/livinghome.vn\/thiet-bi\/wp-content\/uploads\/2024\/05\/tu-lanh-mitsubishi-electric-inverter-358-lit-mr-cx46ej-5.jpg\" alt=\"T\u1ee7 L\u1ea1nh Mitsubishi Electric Inverter 358 L\u00edt MR-CX46EJ\" width=\"768\" height=\"461\" title=\"\" srcset=\"https:\/\/livinghome.vn\/thiet-bi\/wp-content\/uploads\/2024\/05\/tu-lanh-mitsubishi-electric-inverter-358-lit-mr-cx46ej-5.jpg 768w, https:\/\/livinghome.vn\/thiet-bi\/wp-content\/uploads\/2024\/05\/tu-lanh-mitsubishi-electric-inverter-358-lit-mr-cx46ej-5-666x400.jpg 666w, https:\/\/livinghome.vn\/thiet-bi\/wp-content\/uploads\/2024\/05\/tu-lanh-mitsubishi-electric-inverter-358-lit-mr-cx46ej-5-600x360.jpg 600w\" sizes=\"auto, (max-width: 768px) 100vw, 768px\" \/><figcaption id=\"caption-attachment-21012\" class=\"wp-caption-text\">T\u1ee7 L\u1ea1nh Mitsubishi Electric Inverter 358 L\u00edt MR-CX46EJ<\/figcaption><\/figure>\n<h3>Ng\u0103n rau qu\u1ea3 cung c\u1ea5p Vitamin C<\/h3>\n<p>Ng\u0103n rau c\u1ee7 t\u00edch h\u1ee3p \u0111\u00e8n LED m\u00e0u cam gi\u00fap t\u0103ng c\u01b0\u1eddng quang h\u1ee3p v\u00e0 b\u1ea3o qu\u1ea3n th\u1ef1c ph\u1ea9m t\u1ed1t h\u01a1n.<\/p>\n<figure id=\"attachment_21013\" aria-describedby=\"caption-attachment-21013\" style=\"width: 768px\" class=\"wp-caption aligncenter\"><img loading=\"lazy\" decoding=\"async\" class=\"size-full wp-image-21013\" src=\"https:\/\/livinghome.vn\/thiet-bi\/wp-content\/uploads\/2024\/05\/tu-lanh-mitsubishi-electric-inverter-358-lit-mr-cx46ej-6.jpg\" alt=\"T\u1ee7 L\u1ea1nh Mitsubishi Electric Inverter 358 L\u00edt MR-CX46EJ\" width=\"768\" height=\"461\" title=\"\" srcset=\"https:\/\/livinghome.vn\/thiet-bi\/wp-content\/uploads\/2024\/05\/tu-lanh-mitsubishi-electric-inverter-358-lit-mr-cx46ej-6.jpg 768w, https:\/\/livinghome.vn\/thiet-bi\/wp-content\/uploads\/2024\/05\/tu-lanh-mitsubishi-electric-inverter-358-lit-mr-cx46ej-6-666x400.jpg 666w, https:\/\/livinghome.vn\/thiet-bi\/wp-content\/uploads\/2024\/05\/tu-lanh-mitsubishi-electric-inverter-358-lit-mr-cx46ej-6-600x360.jpg 600w\" sizes=\"auto, (max-width: 768px) 100vw, 768px\" \/><figcaption id=\"caption-attachment-21013\" class=\"wp-caption-text\">T\u1ee7 L\u1ea1nh Mitsubishi Electric Inverter 358 L\u00edt MR-CX46EJ<\/figcaption><\/figure>\n<figure id=\"attachment_21015\" aria-describedby=\"caption-attachment-21015\" style=\"width: 1200px\" class=\"wp-caption aligncenter\"><img loading=\"lazy\" decoding=\"async\" class=\"size-full wp-image-21015\" src=\"https:\/\/livinghome.vn\/thiet-bi\/wp-content\/uploads\/2024\/05\/tu-lanh-mitsubishi-electric-inverter-358-lit-mr-cx46ej-8.jpg\" alt=\"T\u1ee7 L\u1ea1nh Mitsubishi Electric Inverter 358 L\u00edt MR-CX46EJ\" width=\"1200\" height=\"776\" title=\"\" srcset=\"https:\/\/livinghome.vn\/thiet-bi\/wp-content\/uploads\/2024\/05\/tu-lanh-mitsubishi-electric-inverter-358-lit-mr-cx46ej-8.jpg 1200w, https:\/\/livinghome.vn\/thiet-bi\/wp-content\/uploads\/2024\/05\/tu-lanh-mitsubishi-electric-inverter-358-lit-mr-cx46ej-8-619x400.jpg 619w, https:\/\/livinghome.vn\/thiet-bi\/wp-content\/uploads\/2024\/05\/tu-lanh-mitsubishi-electric-inverter-358-lit-mr-cx46ej-8-768x497.jpg 768w, https:\/\/livinghome.vn\/thiet-bi\/wp-content\/uploads\/2024\/05\/tu-lanh-mitsubishi-electric-inverter-358-lit-mr-cx46ej-8-600x388.jpg 600w\" sizes=\"auto, (max-width: 1200px) 100vw, 1200px\" \/><figcaption id=\"caption-attachment-21015\" class=\"wp-caption-text\">T\u1ee7 L\u1ea1nh Mitsubishi Electric Inverter 358 L\u00edt MR-CX46EJ<\/figcaption><\/figure>\n<p>V\u1edbi thi\u1ebft k\u1ebf \u0111\u1ed9c \u0111\u00e1o v\u00e0 hi\u1ec7n \u0111\u1ea1i, t\u1ee7 l\u1ea1nh Mitsubishi MR-CX46EJ kh\u00f4ng ch\u1ec9 l\u00e0 m\u1ed9t s\u1ea3n ph\u1ea9m ti\u1ec7n \u00edch m\u00e0 c\u00f2n l\u00e0 \u0111i\u1ec3m nh\u1ea5n cho kh\u00f4ng gian b\u1ebfp c\u1ee7a b\u1ea1n.<\/p>\n<p>&nbsp;<\/p>\n","protected":false},"excerpt":{"rendered":"<ul>\n<li>Ki\u1ec3u t\u1ee7 l\u1ea1nh: Ng\u0103n \u0111\u00e1 ph\u00eda d\u01b0\u1edbi<\/li>\n<li>Dung t\u00edch ng\u0103n l\u1ea1nh: 280 l\u00edt<\/li>\n<li>Dung t\u00edch ng\u0103n \u0111\u00e1: 78 l\u00edt<\/li>\n<li>C\u00f4ng ngh\u1ec7 Inverter: C\u00f3<\/li>\n<li>Kh\u00e1ng khu\u1ea9n, kh\u1eed m\u00f9i: B\u1ed9 l\u1ecdc Carbon ho\u1ea1t t\u00ednh<\/li>\n<li>S\u1ed1 c\u1eeda: 3 c\u1eeda<\/li>\n<li>C\u00f4ng ngh\u1ec7 l\u00e0m l\u1ea1nh: L\u00e0m l\u1ea1nh \u0111a chi\u1ec1u<\/li>\n<li>Ti\u1ec7n \u00edch: Ng\u0103n \u0111\u00e1 d\u01b0\u1edbi<\/li>\n<li>Chu\u00f4ng b\u00e1o c\u1eeda: C\u00f3<\/li>\n<li>Ng\u0103n rau qu\u1ea3: C\u00f3<\/li>\n<li>L\u00e0m \u0111\u00e1 t\u1ef1 \u0111\u1ed9ng: C\u00f3<\/li>\n<li>Ch\u1ea5t li\u1ec7u khay: K\u00ednh ch\u1ecbu l\u1ef1c<\/li>\n<li>Ch\u1ea5t li\u1ec7u b\u00ean ngo\u00e0i: Kim lo\u1ea1i ph\u1ee7 s\u01a1n t\u0129nh \u0111i\u1ec7n<\/li>\n<li>K\u00edch th\u01b0\u1edbc: 182cm x 60cm x 65,6cm<\/li>\n<li>Tr\u1ecdng l\u01b0\u1ee3ng s\u1ea3n ph\u1ea9m: 65kg<\/li>\n<li>Xu\u1ea5t x\u1ee9 th\u01b0\u01a1ng hi\u1ec7u: Nh\u1eadt B\u1ea3n<\/li>\n<li>S\u1ea3n xu\u1ea5t t\u1ea1i: Th\u00e1i Lan<\/li>\n<\/ul>\n","protected":false},"featured_media":21155,"comment_status":"open","ping_status":"closed","template":"","meta":[],"product_brand":[],"product_cat":[1992,201,1990],"product_tag":[203,1989],"class_list":{"0":"post-20971","1":"product","2":"type-product","3":"status-publish","4":"has-post-thumbnail","6":"product_cat-thuong-hieu-mitsubishi-electric","7":"product_cat-tu-lanh","8":"product_cat-tu-lanh-mitsubishi-electric","9":"product_tag-tu-lanh","10":"product_tag-tu-lanh-mitsubishi-electric","12":"first","13":"instock","14":"sale","15":"shipping-taxable","16":"purchasable","17":"product-type-simple"},"_links":{"self":[{"href":"https:\/\/livinghome.vn\/thiet-bi\/wp-json\/wp\/v2\/product\/20971","targetHints":{"allow":["GET"]}}],"collection":[{"href":"https:\/\/livinghome.vn\/thiet-bi\/wp-json\/wp\/v2\/product"}],"about":[{"href":"https:\/\/livinghome.vn\/thiet-bi\/wp-json\/wp\/v2\/types\/product"}],"replies":[{"embeddable":true,"href":"https:\/\/livinghome.vn\/thiet-bi\/wp-json\/wp\/v2\/comments?post=20971"}],"wp:featuredmedia":[{"embeddable":true,"href":"https:\/\/livinghome.vn\/thiet-bi\/wp-json\/wp\/v2\/media\/21155"}],"wp:attachment":[{"href":"https:\/\/livinghome.vn\/thiet-bi\/wp-json\/wp\/v2\/media?parent=20971"}],"wp:term":[{"taxonomy":"product_brand","embeddable":true,"href":"https:\/\/livinghome.vn\/thiet-bi\/wp-json\/wp\/v2\/product_brand?post=20971"},{"taxonomy":"product_cat","embeddable":true,"href":"https:\/\/livinghome.vn\/thiet-bi\/wp-json\/wp\/v2\/product_cat?post=20971"},{"taxonomy":"product_tag","embeddable":true,"href":"https:\/\/livinghome.vn\/thiet-bi\/wp-json\/wp\/v2\/product_tag?post=20971"}],"curies":[{"name":"wp","href":"https:\/\/api.w.org\/{rel}","templated":true}]}}