{"id":20963,"date":"2024-04-24T10:53:15","date_gmt":"2024-04-24T03:53:15","guid":{"rendered":"https:\/\/livinghome.vn\/thiet-bi\/?post_type=product&#038;p=20963"},"modified":"2024-11-29T14:18:57","modified_gmt":"2024-11-29T07:18:57","slug":"tu-lanh-mitsubishi-electric-inverter-mr-la78er-gsl","status":"publish","type":"product","link":"https:\/\/livinghome.vn\/thiet-bi\/tu-lanh-mitsubishi-electric-inverter-mr-la78er-gsl\/","title":{"rendered":"T\u1ee7 l\u1ea1nh Mitsubishi Electric Inverter MR-LA78ER-GSL"},"content":{"rendered":"<h2>Gi\u1edbi thi\u1ec7u t\u1ee7 l\u1ea1nh Mitsubishi Electric Inverter 635 l\u00edt MR-LA78ER-GSL<\/h2>\n<p>H\u00e3y c\u00f9ng kh\u00e1m ph\u00e1 t\u1ee7 l\u1ea1nh Mitsubishi Electric Inverter MR-LA78ER-GSL &#8211; m\u1ed9t s\u1ea3n ph\u1ea9m v\u1edbi thi\u1ebft k\u1ebf sang tr\u1ecdng v\u00e0 hi\u1ec7n \u0111\u1ea1i, \u0111\u01b0\u1ee3c ph\u1ee7 l\u1edbp b\u1ec1 m\u1eb7t \u00e1nh kim b\u1ea1c t\u1ea1o \u1ea5n t\u01b0\u1ee3ng m\u1ea1nh m\u1ebd<\/p>\n<p>&#8211; Thi\u1ebft k\u1ebf sang tr\u1ecdng, hi\u1ec7n \u0111\u1ea1i v\u1edbi gam m\u00e0u b\u1ea1c v\u00e0 b\u1ec1 m\u1eb7t \u00e1nh kim n\u1ed5i b\u1eadt.<br \/>\n&#8211; Dung t\u00edch l\u1edbn 635 l\u00edt ph\u00f9 h\u1ee3p cho gia \u0111\u00ecnh c\u00f3 nhi\u1ec1u th\u00e0nh vi\u00ean.<br \/>\n&#8211; C\u00f4ng ngh\u1ec7 l\u00e0m l\u1ea1nh \u0111a chi\u1ec1u lan t\u1ecfa kh\u1eafp t\u1ee7, b\u1ea3o qu\u1ea3n th\u1ef1c ph\u1ea9m t\u1ed1t nh\u1ea5t.<br \/>\n&#8211; C\u00f4ng ngh\u1ec7 Neuro Inverter v\u00e0 vi x\u1eed l\u00fd Neuro Fuzzy ti\u1ebft ki\u1ec7m \u0111i\u1ec7n n\u0103ng hi\u1ec7u qu\u1ea3.<br \/>\n&#8211; B\u1ed9 l\u1ecdc Carbon ho\u1ea1t t\u00ednh kh\u1eed m\u00f9i v\u00e0 kh\u00e1ng khu\u1ea9n, b\u1ea3o v\u1ec7 th\u1ef1c ph\u1ea9m.<br \/>\n&#8211; B\u1ea3ng \u0111i\u1ec1u khi\u1ec3n c\u1ea3m \u1ee9ng b\u00ean ngo\u00e0i ti\u1ec7n l\u1ee3i trong s\u1eed d\u1ee5ng.<br \/>\n&#8211; \u0110\u1ec7m c\u1eeda v\u00e0 th\u00e0nh t\u1ee7 kh\u00e1ng khu\u1ea9n, khay k\u00ednh ch\u1ecbu l\u1ef1c t\u1ed1t, b\u1ea3o v\u1ec7 th\u1ef1c ph\u1ea9m an to\u00e0n.<\/p>\n<h3>\u0110\u00e1nh gi\u00e1 chi ti\u1ebft<\/h3>\n<div>T\u1ee7 l\u1ea1nh Mitsubishi Electric Inverter MR-LA78ER-GSL l\u00e0 d\u00f2ng s\u1ea3n ph\u1ea9m 4 c\u00e1nh ra m\u1eaft v\u00e0o n\u0103m 2022, \u0111em \u0111\u1ebfn nhi\u1ec1u c\u1ea3i ti\u1ebfn v\u1ec1 c\u1ea3 h\u00ecnh th\u1ee9c v\u00e0 ch\u1ee9c n\u0103ng \u0111\u1ec3 n\u00e2ng cao ti\u1ec7n \u00edch trong cu\u1ed9c s\u1ed1ng h\u00e0ng ng\u00e0y c\u1ee7a b\u1ea1n.<\/div>\n<div><\/div>\n<div>V\u1edbi thi\u1ebft k\u1ebf sang tr\u1ecdng v\u00e0 hi\u1ec7n \u0111\u1ea1i, t\u1ee7 l\u1ea1nh 4 c\u00e1nh Mitsubishi MR-LA78ER-GSL th\u1ec3 hi\u1ec7n s\u1ef1 thanh l\u1ecbch v\u1edbi gam m\u00e0u b\u1ea1c v\u00e0 m\u1eb7t g\u01b0\u01a1ng \u00e1nh kim \u0111\u1eb3ng c\u1ea5p.<\/div>\n<div><\/div>\n<div>D\u00f2ng t\u1ee7 French Door n\u00e0y s\u1edf h\u1eefu 4 c\u1eeda r\u1ed9ng l\u1edbn, gi\u00fap vi\u1ec7c \u0111\u00f3ng\/m\u1edf d\u1ec5 d\u00e0ng h\u01a1n bao gi\u1edd h\u1ebft. \u0110\u1eb7c bi\u1ec7t, thi\u1ebft k\u1ebf ng\u0103n \u0111\u00e1 b\u00ean d\u01b0\u1edbi \u0111\u1ed9c \u0111\u00e1o, t\u1ed1i \u01b0u h\u00f3a kh\u00f4ng gian l\u01b0u tr\u1eef v\u00e0 ti\u1ec7n \u00edch s\u1eed d\u1ee5ng.<\/div>\n<p><img loading=\"lazy\" decoding=\"async\" class=\"alignnone size-full wp-image-20972\" src=\"https:\/\/livinghome.vn\/thiet-bi\/wp-content\/uploads\/2024\/04\/tu-lanh-mitsubishi-mr-la78er-gsl-1.jpg\" alt=\"\" width=\"800\" height=\"800\" title=\"\" srcset=\"https:\/\/livinghome.vn\/thiet-bi\/wp-content\/uploads\/2024\/04\/tu-lanh-mitsubishi-mr-la78er-gsl-1.jpg 800w, https:\/\/livinghome.vn\/thiet-bi\/wp-content\/uploads\/2024\/04\/tu-lanh-mitsubishi-mr-la78er-gsl-1-400x400.jpg 400w, https:\/\/livinghome.vn\/thiet-bi\/wp-content\/uploads\/2024\/04\/tu-lanh-mitsubishi-mr-la78er-gsl-1-280x280.jpg 280w, https:\/\/livinghome.vn\/thiet-bi\/wp-content\/uploads\/2024\/04\/tu-lanh-mitsubishi-mr-la78er-gsl-1-768x768.jpg 768w, https:\/\/livinghome.vn\/thiet-bi\/wp-content\/uploads\/2024\/04\/tu-lanh-mitsubishi-mr-la78er-gsl-1-300x300.jpg 300w, https:\/\/livinghome.vn\/thiet-bi\/wp-content\/uploads\/2024\/04\/tu-lanh-mitsubishi-mr-la78er-gsl-1-600x600.jpg 600w, https:\/\/livinghome.vn\/thiet-bi\/wp-content\/uploads\/2024\/04\/tu-lanh-mitsubishi-mr-la78er-gsl-1-100x100.jpg 100w\" sizes=\"auto, (max-width: 800px) 100vw, 800px\" \/><\/p>\n<p class=\"_ilcss0_\">H\u00ecnh \u1ea3nh\u00a0 t\u1ee7 l\u1ea1nh Mitsubishi Electric Inverter 635 l\u00edt MR-LA78ER-GSL<\/p>\n<p><strong>Dung t\u00edch b\u1ea3o qu\u1ea3n l\u01b0\u1ee3ng l\u1edbn th\u1ef1c ph\u1ea9m<\/strong><\/p>\n<div>Dung t\u00edch s\u1eed d\u1ee5ng c\u1ee7a t\u1ee7 Mitsubishi MR-LA78ER-GSL l\u00e0 635 l\u00edt, \u0111\u1ee7 l\u1edbn \u0111\u1ec3 \u0111\u00e1p \u1ee9ng nhu c\u1ea7u l\u01b0u tr\u1eef th\u1ef1c ph\u1ea9m cho gia \u0111\u00ecnh \u0111\u00f4ng th\u00e0nh vi\u00ean.<\/div>\n<div><\/div>\n<div>Ng\u0103n l\u1ea1nh ph\u00eda tr\u00ean c\u00f3 dung t\u00edch l\u00e0 453 l\u00edt, trong khi ng\u0103n \u0111\u00f4ng ph\u00eda d\u01b0\u1edbi c\u00f3 dung t\u00edch l\u00e0 182 l\u00edt. M\u1ed7i ng\u0103n \u0111\u1ec1u \u0111\u01b0\u1ee3c trang b\u1ecb c\u00e1c k\u1ec7 v\u00e0 khay \u0111\u1ef1ng d\u1ea1ng k\u00e9o, gi\u00fap b\u1ea1n d\u1ec5 d\u00e0ng ph\u00e2n lo\u1ea1i v\u00e0 l\u01b0u tr\u1eef nhi\u1ec1u lo\u1ea1i th\u1ef1c ph\u1ea9m kh\u00e1c nhau m\u00e0 kh\u00f4ng lo b\u1ecb m\u00f9i.<\/div>\n<p class=\"_ilcss0_\"><img loading=\"lazy\" decoding=\"async\" class=\"alignnone size-full wp-image-20978\" src=\"https:\/\/livinghome.vn\/thiet-bi\/wp-content\/uploads\/2024\/04\/tu-lanh-mitsubishi-mr-la78er-gsl-2.jpg\" alt=\"\" width=\"1200\" height=\"900\" title=\"\" srcset=\"https:\/\/livinghome.vn\/thiet-bi\/wp-content\/uploads\/2024\/04\/tu-lanh-mitsubishi-mr-la78er-gsl-2.jpg 1200w, https:\/\/livinghome.vn\/thiet-bi\/wp-content\/uploads\/2024\/04\/tu-lanh-mitsubishi-mr-la78er-gsl-2-533x400.jpg 533w, https:\/\/livinghome.vn\/thiet-bi\/wp-content\/uploads\/2024\/04\/tu-lanh-mitsubishi-mr-la78er-gsl-2-1067x800.jpg 1067w, https:\/\/livinghome.vn\/thiet-bi\/wp-content\/uploads\/2024\/04\/tu-lanh-mitsubishi-mr-la78er-gsl-2-768x576.jpg 768w, https:\/\/livinghome.vn\/thiet-bi\/wp-content\/uploads\/2024\/04\/tu-lanh-mitsubishi-mr-la78er-gsl-2-600x450.jpg 600w\" sizes=\"auto, (max-width: 1200px) 100vw, 1200px\" \/><\/p>\n<p class=\"_ilcss0_\">Dung t\u00edch t\u1ee7 l\u1edbn ph\u00f9 h\u1ee3p v\u1edbi gia \u0111\u00ecnh \u0111\u00f4ng th\u00e0nh vi\u00ean<\/p>\n<p class=\"_ilcss0_\"><img loading=\"lazy\" decoding=\"async\" class=\"alignnone size-full wp-image-20976\" src=\"https:\/\/livinghome.vn\/thiet-bi\/wp-content\/uploads\/2024\/04\/tu-lanh-mitsubishi-mr-la78er-gsl-3.jpg\" alt=\"\" width=\"1200\" height=\"800\" title=\"\" srcset=\"https:\/\/livinghome.vn\/thiet-bi\/wp-content\/uploads\/2024\/04\/tu-lanh-mitsubishi-mr-la78er-gsl-3.jpg 1200w, https:\/\/livinghome.vn\/thiet-bi\/wp-content\/uploads\/2024\/04\/tu-lanh-mitsubishi-mr-la78er-gsl-3-600x400.jpg 600w, https:\/\/livinghome.vn\/thiet-bi\/wp-content\/uploads\/2024\/04\/tu-lanh-mitsubishi-mr-la78er-gsl-3-768x512.jpg 768w\" sizes=\"auto, (max-width: 1200px) 100vw, 1200px\" \/><\/p>\n<p class=\"_ilcss0_\">Kh\u00f4ng gian t\u1ee7 \u0111\u01b0\u1ee3c t\u1eadn d\u1ee5ng \u0111\u1ec3 tr\u1eef \u0111\u1ed3<\/p>\n<p><strong>C\u00f4ng ngh\u1ec7 l\u00e0m l\u1ea1nh b\u1eb1ng lu\u1ed3ng kh\u00ed \u0111a chi\u1ec1u\u00a0<\/strong><\/p>\n<p>T\u1ee7 l\u1ea1nh 4 c\u00e1nh LA78ER-GSL \u00e1p d\u1ee5ng c\u00f4ng ngh\u1ec7 l\u00e0m l\u1ea1nh \u0111a chi\u1ec1u, gi\u00fap h\u01a1i l\u1ea1nh lan t\u1ecfa \u0111\u1ec1u kh\u1eafp kh\u00f4ng gian t\u1ee7, t\u1ea1o \u0111i\u1ec1u ki\u1ec7n l\u01b0u tr\u1eef t\u1ed1i \u01b0u cho th\u1ef1c ph\u1ea9m.<\/p>\n<p class=\"_ilcss0_\"><img loading=\"lazy\" decoding=\"async\" class=\"alignnone size-full wp-image-20977\" src=\"https:\/\/livinghome.vn\/thiet-bi\/wp-content\/uploads\/2024\/04\/tu-lanh-mitsubishi-mr-la78er-gsl-4.jpg\" alt=\"\" width=\"1200\" height=\"671\" title=\"\" srcset=\"https:\/\/livinghome.vn\/thiet-bi\/wp-content\/uploads\/2024\/04\/tu-lanh-mitsubishi-mr-la78er-gsl-4.jpg 1200w, https:\/\/livinghome.vn\/thiet-bi\/wp-content\/uploads\/2024\/04\/tu-lanh-mitsubishi-mr-la78er-gsl-4-715x400.jpg 715w, https:\/\/livinghome.vn\/thiet-bi\/wp-content\/uploads\/2024\/04\/tu-lanh-mitsubishi-mr-la78er-gsl-4-768x429.jpg 768w, https:\/\/livinghome.vn\/thiet-bi\/wp-content\/uploads\/2024\/04\/tu-lanh-mitsubishi-mr-la78er-gsl-4-600x336.jpg 600w\" sizes=\"auto, (max-width: 1200px) 100vw, 1200px\" \/><\/p>\n<p class=\"_ilcss0_\">H\u1ec7 th\u1ed1ng l\u00e0m l\u1ea1nh \u0111a chi\u1ec1u gi\u00fap h\u01a1i l\u1ea1nh l\u01b0u th\u00f4ng \u0111\u1ec1u trong t\u1ee7<\/p>\n<p><strong>Ti\u1ebft ki\u1ec7m \u0111i\u1ec7n n\u0103ng<\/strong><\/p>\n<p>S\u1eed d\u1ee5ng c\u00f4ng ngh\u1ec7 Neuro Inverter t\u00edch h\u1ee3p, t\u1ee7 l\u1ea1nh Mitsubishi MR-LA78ER-GSL kh\u00f4ng ch\u1ec9 t\u1ed1i \u01b0u h\u00f3a l\u01b0\u1ee3ng \u0111i\u1ec7n ti\u00eau th\u1ee5 m\u00e0 c\u00f2n gi\u1ea3m chi ph\u00ed v\u1eadn h\u00e0nh xu\u1ed1ng m\u1ee9c t\u1ed1i thi\u1ec3u. \u0110\u1ed3ng th\u1eddi, c\u00f4ng ngh\u1ec7 n\u00e0y c\u00f2n gi\u00fap t\u1ee7 ho\u1ea1t \u0111\u1ed9ng \u00eam \u00e1i, kh\u00f4ng g\u00e2y \u1ea3nh h\u01b0\u1edfng \u0111\u1ebfn cu\u1ed9c s\u1ed1ng h\u00e0ng ng\u00e0y c\u1ee7a gia \u0111\u00ecnh.<\/p>\n<p class=\"_ilcss0_\"><img loading=\"lazy\" decoding=\"async\" class=\"alignnone size-full wp-image-20975\" src=\"https:\/\/livinghome.vn\/thiet-bi\/wp-content\/uploads\/2024\/04\/tu-lanh-mitsubishi-mr-la78er-gsl-5.jpg\" alt=\"\" width=\"1200\" height=\"682\" title=\"\" srcset=\"https:\/\/livinghome.vn\/thiet-bi\/wp-content\/uploads\/2024\/04\/tu-lanh-mitsubishi-mr-la78er-gsl-5.jpg 1200w, https:\/\/livinghome.vn\/thiet-bi\/wp-content\/uploads\/2024\/04\/tu-lanh-mitsubishi-mr-la78er-gsl-5-704x400.jpg 704w, https:\/\/livinghome.vn\/thiet-bi\/wp-content\/uploads\/2024\/04\/tu-lanh-mitsubishi-mr-la78er-gsl-5-768x436.jpg 768w, https:\/\/livinghome.vn\/thiet-bi\/wp-content\/uploads\/2024\/04\/tu-lanh-mitsubishi-mr-la78er-gsl-5-600x341.jpg 600w\" sizes=\"auto, (max-width: 1200px) 100vw, 1200px\" \/><\/p>\n<p class=\"_ilcss0_\">C\u00f4ng ngh\u1ec7 Inverter ti\u1ebft ki\u1ec7m n\u0103ng l\u01b0\u1ee3ng<\/p>\n<p>H\u01a1n n\u1eefa, vi x\u1eed l\u00fd Neuro Fuzzy kh\u00f4ng ch\u1ec9 \u0111i\u1ec1u khi\u1ec3n ho\u1ea1t \u0111\u1ed9ng c\u1ee7a qu\u1ea1t v\u00e0 m\u00e1y n\u00e9n m\u1ed9t c\u00e1ch hi\u1ec7u qu\u1ea3 \u0111\u1ec3 gi\u1ea3m ti\u1ebfng \u1ed3n xu\u1ed1ng m\u1ee9c t\u1ed1i thi\u1ec3u, m\u00e0 c\u00f2n c\u00f3 kh\u1ea3 n\u0103ng ghi nh\u1edb th\u00f3i quen s\u1eed d\u1ee5ng c\u1ee7a ng\u01b0\u1eddi d\u00f9ng v\u00e0 \u0111i\u1ec1u ch\u1ec9nh c\u00f4ng su\u1ea5t l\u00e0m l\u1ea1nh ph\u00f9 h\u1ee3p theo th\u1eddi gian v\u00e0 c\u00e1c y\u1ebfu t\u1ed1 thay \u0111\u1ed5i nhi\u1ec7t \u0111\u1ed9. \u0110i\u1ec1u n\u00e0y gi\u00fap t\u0103ng c\u01b0\u1eddng hi\u1ec7u su\u1ea5t ho\u1ea1t \u0111\u1ed9ng v\u00e0 ti\u1ebft ki\u1ec7m n\u0103ng l\u01b0\u1ee3ng m\u1ed9t c\u00e1ch hi\u1ec7u qu\u1ea3.<\/p>\n<p><strong>C\u00f4ng ngh\u1ec7 kh\u1eed m\u00f9i, kh\u00e1ng khu\u1ea9n<\/strong><\/p>\n<p>T\u1ee7 l\u1ea1nh \u0111\u01b0\u1ee3c trang b\u1ecb b\u1ed9 l\u1ecdc Carbon ho\u1ea1t t\u00ednh, c\u00f3 kh\u1ea3 n\u0103ng di\u1ec7t khu\u1ea9n v\u00e0 lo\u1ea1i b\u1ecf m\u00f9i trong kh\u00f4ng kh\u00ed b\u00ean trong t\u1ee7 l\u1ea1nh. L\u1edbp ph\u1ee7 kh\u00e1ng khu\u1ea9n ph\u00e2n t\u1eed b\u1ea1c tr\u00ean b\u1ec1 m\u1eb7t th\u00e0nh t\u1ee7 gi\u00fap ng\u0103n ch\u1eb7n s\u1ef1 ph\u00e1t tri\u1ec3n c\u1ee7a vi khu\u1ea9n. \u0110\u00e2y c\u0169ng l\u00e0 v\u1eadt li\u1ec7u tu\u00e2n th\u1ee7 nghi\u00eam ng\u1eb7t c\u00e1c ti\u00eau chu\u1ea9n v\u1ec7 sinh th\u1ef1c ph\u1ea9m c\u1ee7a Nh\u1eadt B\u1ea3n v\u00e0 \u0111\u1ea3m b\u1ea3o an to\u00e0n cho ng\u01b0\u1eddi s\u1eed d\u1ee5ng.<\/p>\n<p class=\"_ilcss0_\"><img loading=\"lazy\" decoding=\"async\" class=\"alignnone size-full wp-image-20973\" src=\"https:\/\/livinghome.vn\/thiet-bi\/wp-content\/uploads\/2024\/04\/tu-lanh-mitsubishi-mr-la78er-gsl-6.jpg\" alt=\"\" width=\"1200\" height=\"666\" title=\"\" srcset=\"https:\/\/livinghome.vn\/thiet-bi\/wp-content\/uploads\/2024\/04\/tu-lanh-mitsubishi-mr-la78er-gsl-6.jpg 1200w, https:\/\/livinghome.vn\/thiet-bi\/wp-content\/uploads\/2024\/04\/tu-lanh-mitsubishi-mr-la78er-gsl-6-721x400.jpg 721w, https:\/\/livinghome.vn\/thiet-bi\/wp-content\/uploads\/2024\/04\/tu-lanh-mitsubishi-mr-la78er-gsl-6-768x426.jpg 768w, https:\/\/livinghome.vn\/thiet-bi\/wp-content\/uploads\/2024\/04\/tu-lanh-mitsubishi-mr-la78er-gsl-6-600x333.jpg 600w\" sizes=\"auto, (max-width: 1200px) 100vw, 1200px\" \/><\/p>\n<p class=\"_ilcss0_\">B\u1ed9 l\u1ecdc than ho\u1ea1t t\u00ednh gi\u00fap kh\u1eed m\u00f9i h\u00f4i trong t\u1ee7<\/p>\n<p><strong>Ng\u0103n rau c\u1ee7 r\u1ed9ng l\u1edbn<\/strong><\/p>\n<p>C\u00f4ng ngh\u1ec7 hi\u1ec7n \u0111\u1ea1i \u0111\u00e3 gi\u00fap t\u1ee7 l\u1ea1nh c\u00f3 kh\u1ea3 n\u0103ng b\u1ea3o qu\u1ea3n rau c\u1ee7 qu\u1ea3 t\u1ed1t h\u01a1n, \u0111\u1ea3m b\u1ea3o s\u1ef1 t\u01b0\u01a1i ngon v\u00e0 m\u00e0u s\u1eafc b\u1eaft m\u1eaft c\u1ee7a ch\u00fang \u0111\u01b0\u1ee3c duy tr\u00ec.<\/p>\n<p><strong>Ti\u1ec7n l\u1ee3i v\u1edbi b\u1ea3ng \u0111i\u1ec1u khi\u1ec3n c\u1ea3m \u1ee9ng\u00a0<\/strong><\/p>\n<p>T\u1ee7 l\u1ea1nh Mitsubishi Electric MR-LA78ER-GSL \u0111\u01b0\u1ee3c trang b\u1ecb b\u1ea3ng \u0111i\u1ec1u khi\u1ec3n b\u00ean ngo\u00e0i, cho ph\u00e9p ng\u01b0\u1eddi d\u00f9ng d\u1ec5 d\u00e0ng thi\u1ebft l\u1eadp m\u1ecdi \u0111i\u1ec1u ch\u1ec9nh m\u00e0 kh\u00f4ng c\u1ea7n ph\u1ea3i m\u1edf c\u1eeda t\u1ee7. \u0110i\u1ec1u n\u00e0y kh\u00f4ng ch\u1ec9 ti\u1ec7n l\u1ee3i m\u00e0 c\u00f2n gi\u00fap h\u1ea1n ch\u1ebf th\u1ea5t tho\u00e1t h\u01a1i l\u1ea1nh kh\u00f4ng c\u1ea7n thi\u1ebft, t\u1eeb \u0111\u00f3 ti\u1ebft ki\u1ec7m m\u1ed9t ph\u1ea7n n\u0103ng l\u01b0\u1ee3ng ti\u00eau th\u1ee5.<\/p>\n<p><strong>\u0110\u1ec7m c\u1eeda v\u00e0 th\u00e0nh t\u1ee7 kh\u00e1ng khu\u1ea9n<\/strong><\/p>\n<p>T\u1ee7 l\u1ea1nh 4 c\u00e1nh Mitsubishi MR-LA78ER-GSL \u0111\u01b0\u1ee3c trang b\u1ecb \u0111\u1ec7m c\u1eeda v\u00e0 th\u00e0nh t\u1ee7 v\u1edbi t\u00ednh n\u0103ng kh\u00e1ng khu\u1ea9n, nh\u1eb1m gi\u1ea3m thi\u1ec3u s\u1ef1 x\u00e2m nh\u1eadp c\u1ee7a c\u00e1c y\u1ebfu t\u1ed1 g\u00e2y h\u1ea1i v\u00e0o th\u1ef1c ph\u1ea9m \u0111\u01b0\u1ee3c b\u1ea3o qu\u1ea3n trong t\u1ee7. \u0110i\u1ec1u n\u00e0y \u0111\u1ea3m b\u1ea3o an to\u00e0n v\u00e0 \u0111\u1ed9 t\u01b0\u01a1i ngon c\u1ee7a th\u1ef1c ph\u1ea9m trong th\u1eddi gian d\u00e0i.<\/p>\n<p class=\"_ilcss0_\"><img loading=\"lazy\" decoding=\"async\" class=\"alignnone size-full wp-image-20974\" src=\"https:\/\/livinghome.vn\/thiet-bi\/wp-content\/uploads\/2024\/04\/tu-lanh-mitsubishi-mr-la78er-gsl-7.jpg\" alt=\"\" width=\"1200\" height=\"720\" title=\"\" srcset=\"https:\/\/livinghome.vn\/thiet-bi\/wp-content\/uploads\/2024\/04\/tu-lanh-mitsubishi-mr-la78er-gsl-7.jpg 1200w, https:\/\/livinghome.vn\/thiet-bi\/wp-content\/uploads\/2024\/04\/tu-lanh-mitsubishi-mr-la78er-gsl-7-667x400.jpg 667w, https:\/\/livinghome.vn\/thiet-bi\/wp-content\/uploads\/2024\/04\/tu-lanh-mitsubishi-mr-la78er-gsl-7-768x461.jpg 768w, https:\/\/livinghome.vn\/thiet-bi\/wp-content\/uploads\/2024\/04\/tu-lanh-mitsubishi-mr-la78er-gsl-7-600x360.jpg 600w\" sizes=\"auto, (max-width: 1200px) 100vw, 1200px\" \/><\/p>\n<p class=\"_ilcss0_\">\u0110\u1ec7m v\u00e0 th\u00e0nh t\u1ee7 c\u00f3 t\u00ednh n\u0103ng kh\u00e1ng khu\u1ea9n<\/p>\n<p><strong>Khay k\u1ec7 k\u00ednh ch\u1ecbu l\u1ef1c cao<\/strong><\/p>\n<p>Khay k\u1ec7 l\u00e0m b\u1eb1ng th\u1ee7y tinh ch\u1ecbu l\u1ef1c trong t\u1ee7 l\u1ea1nh Mitsubishi MR-LA78ER-GSL cho ph\u00e9p b\u1ea1n d\u1ec5 d\u00e0ng s\u1eafp x\u1ebfp th\u1ef1c ph\u1ea9m v\u1edbi k\u00edch th\u01b0\u1edbc kh\u00e1c nhau m\u1ed9t c\u00e1ch tho\u1ea3i m\u00e1i. Ng\u0103n c\u1eeda \u0111\u01b0\u1ee3c thi\u1ebft k\u1ebf r\u1ed9ng r\u00e3i v\u00e0 linh ho\u1ea1t, cho ph\u00e9p \u0111i\u1ec1u ch\u1ec9nh \u0111\u1ed9 cao c\u1ee7a c\u00e1c khay k\u1ec7 m\u1ed9t c\u00e1ch l\u00fd t\u01b0\u1edfng \u0111\u1ec3 ph\u00f9 h\u1ee3p v\u1edbi nhu c\u1ea7u l\u01b0u tr\u1eef c\u1ee7a b\u1ea1n.<\/p>\n<p><strong>L\u01b0u \u00fd: <\/strong>H\u00ecnh \u1ea3nh s\u1ea3n ph\u1ea9m ch\u1ec9 c\u00f3 t\u00ednh ch\u1ea5t minh h\u1ecda<\/p>\n","protected":false},"excerpt":{"rendered":"<p>Ki\u1ec3u t\u1ee7 l\u1ea1nh: Multidoor<\/p>\n<p>Dung t\u00edch t\u1ed5ng: 670 l\u00edt<\/p>\n<p>Dung t\u00edch s\u1eed d\u1ee5ng: 635 l\u00edt<\/p>\n<p>Dung t\u00edch ng\u0103n l\u1ea1nh: 453 l\u00edt<\/p>\n<p>Dung t\u00edch ng\u0103n \u0111\u00e1: 182 l\u00edt<\/p>\n<p>C\u00f4ng ngh\u1ec7 Inverter: C\u00f3<\/p>\n<p>Kh\u00e1ng khu\u1ea9n, kh\u1eed m\u00f9i: B\u1ed9 l\u1ecdc Carbon ho\u1ea1t t\u00ednh<\/p>\n<p>S\u1ed1 c\u1eeda: 4 c\u1eeda<\/p>\n<p>C\u00f4ng ngh\u1ec7 l\u00e0m l\u1ea1nh: Lu\u1ed3ng kh\u00ed l\u1ea1nh \u0111a chi\u1ec1u Multi Air Flow<\/p>\n<p>Ti\u1ec7n \u00edch: <a href=\"https:\/\/meta.vn\/tu-lanh-c1015?specs=2672.58377\">Ng\u0103n \u0111\u00e1 d\u01b0\u1edbi<\/a>, B\u1ea3ng \u0111i\u1ec1u khi\u1ec3n b\u00ean ngo\u00e0i, \u0110\u00e8n Led chi\u1ebfu s\u00e1ng<\/p>\n<p>\u0110i\u1ec7n n\u0103ng ti\u00eau th\u1ee5: 526 Kwh\/n\u0103m<\/p>\n<p>Gas s\u1eed d\u1ee5ng: R600A<\/p>\n<p>\u0110\u00f3ng tuy\u1ebft: Kh\u00f4ng<\/p>\n<p>Ch\u1ea5t li\u1ec7u khay: K\u00ednh ch\u1ecbu l\u1ef1c<\/p>\n<p>Ch\u1ea5t li\u1ec7u b\u00ean ngo\u00e0i: M\u1eb7t g\u01b0\u01a1ng<\/p>\n<p>N\u0103m ra m\u1eaft: 2022<\/p>\n<p>Ngu\u1ed3n \u0111i\u1ec7n \u00e1p: 220V\/50Hz<\/p>\n<p>K\u00edch th\u01b0\u1edbc: Cao x r\u1ed9ng x s\u00e2u\u00a0(181.8cm x 95cm x 75.8cm)<\/p>\n<p>Tr\u1ecdng l\u01b0\u1ee3ng s\u1ea3n ph\u1ea9m: 139kg<\/p>\n<p>Xu\u1ea5t x\u1ee9 th\u01b0\u01a1ng hi\u1ec7u: Nh\u1eadt B\u1ea3n<\/p>\n<p>S\u1ea3n xu\u1ea5t t\u1ea1i: Th\u00e1i Lan<\/p>\n<p>B\u1ea3o h\u00e0nh: 24 th\u00e1ng<\/p>\n<p>&nbsp;<\/p>\n","protected":false},"featured_media":20972,"comment_status":"open","ping_status":"closed","template":"","meta":[],"product_brand":[],"product_cat":[1992,201,1990],"product_tag":[],"class_list":{"0":"post-20963","1":"product","2":"type-product","3":"status-publish","4":"has-post-thumbnail","6":"product_cat-thuong-hieu-mitsubishi-electric","7":"product_cat-tu-lanh","8":"product_cat-tu-lanh-mitsubishi-electric","10":"first","11":"instock","12":"sale","13":"shipping-taxable","14":"purchasable","15":"product-type-simple"},"_links":{"self":[{"href":"https:\/\/livinghome.vn\/thiet-bi\/wp-json\/wp\/v2\/product\/20963","targetHints":{"allow":["GET"]}}],"collection":[{"href":"https:\/\/livinghome.vn\/thiet-bi\/wp-json\/wp\/v2\/product"}],"about":[{"href":"https:\/\/livinghome.vn\/thiet-bi\/wp-json\/wp\/v2\/types\/product"}],"replies":[{"embeddable":true,"href":"https:\/\/livinghome.vn\/thiet-bi\/wp-json\/wp\/v2\/comments?post=20963"}],"wp:featuredmedia":[{"embeddable":true,"href":"https:\/\/livinghome.vn\/thiet-bi\/wp-json\/wp\/v2\/media\/20972"}],"wp:attachment":[{"href":"https:\/\/livinghome.vn\/thiet-bi\/wp-json\/wp\/v2\/media?parent=20963"}],"wp:term":[{"taxonomy":"product_brand","embeddable":true,"href":"https:\/\/livinghome.vn\/thiet-bi\/wp-json\/wp\/v2\/product_brand?post=20963"},{"taxonomy":"product_cat","embeddable":true,"href":"https:\/\/livinghome.vn\/thiet-bi\/wp-json\/wp\/v2\/product_cat?post=20963"},{"taxonomy":"product_tag","embeddable":true,"href":"https:\/\/livinghome.vn\/thiet-bi\/wp-json\/wp\/v2\/product_tag?post=20963"}],"curies":[{"name":"wp","href":"https:\/\/api.w.org\/{rel}","templated":true}]}}