{"id":20960,"date":"2024-04-24T10:44:50","date_gmt":"2024-04-24T03:44:50","guid":{"rendered":"https:\/\/livinghome.vn\/thiet-bi\/?post_type=product&#038;p=20960"},"modified":"2024-11-29T14:18:57","modified_gmt":"2024-11-29T07:18:57","slug":"tu-lanh-mitsubishi-electric-inverter-580-lit-mr-l72en-gbk-v","status":"publish","type":"product","link":"https:\/\/livinghome.vn\/thiet-bi\/tu-lanh-mitsubishi-electric-inverter-580-lit-mr-l72en-gbk-v\/","title":{"rendered":"T\u1ee7 L\u1ea1nh Mitsubishi Electric Inverter 580 L\u00edt MR-L72EN-GBK-V"},"content":{"rendered":"<h2>\u01afu \u0111i\u1ec3m c\u1ee7a t\u1ee7 l\u1ea1nh Mitsubishi Electric Inverter 580 l\u00edt MR-L72EN-GBK-V<\/h2>\n<h3>Thi\u1ebft k\u1ebf sang tr\u1ecdng, \u0111\u1eb3ng c\u1ea5p<\/h3>\n<p>T\u1ee7 l\u1ea1nh Mitsubishi Electric MR-L72EN-GBK-V v\u1edbi dung t\u00edch l\u1edbn 580 l\u00edt v\u00e0 thi\u1ebft k\u1ebf 4 c\u1eeda Side by Side mang \u0111\u1ebfn kh\u00f4ng gian b\u1ebfp sang tr\u1ecdng v\u00e0 hi\u1ec7n \u0111\u1ea1i. V\u1edbi m\u1eb7t g\u01b0\u01a1ng b\u00f3ng m\u00e0u \u0111en, t\u1ee7 n\u00e0y kh\u00f4ng ch\u1ec9 l\u00e0m \u0111\u1eb9p cho kh\u00f4ng gian m\u00e0 c\u00f2n d\u1ec5 d\u00e0ng v\u1ec7 sinh. Khay ng\u0103n l\u00e0m t\u1eeb k\u00ednh ch\u1ecbu l\u1ef1c gi\u00fap b\u1ea3o qu\u1ea3n th\u1ef1c ph\u1ea9m m\u00e0 kh\u00f4ng lo n\u1ee9t v\u1ee1.<\/p>\n<figure id=\"attachment_20965\" aria-describedby=\"caption-attachment-20965\" style=\"width: 900px\" class=\"wp-caption aligncenter\"><img loading=\"lazy\" decoding=\"async\" class=\"size-full wp-image-20965\" src=\"https:\/\/livinghome.vn\/thiet-bi\/wp-content\/uploads\/2024\/04\/tu-lanh-mitsubishi-electric-inverter-580-lit-mr-l72en-gbk-v-2.jpg\" alt=\"T\u1ee7 L\u1ea1nh Mitsubishi Electric Inverter 580 L\u00edt MR-L72EN-GBK-V\" width=\"900\" height=\"900\" title=\"\" srcset=\"https:\/\/livinghome.vn\/thiet-bi\/wp-content\/uploads\/2024\/04\/tu-lanh-mitsubishi-electric-inverter-580-lit-mr-l72en-gbk-v-2.jpg 900w, https:\/\/livinghome.vn\/thiet-bi\/wp-content\/uploads\/2024\/04\/tu-lanh-mitsubishi-electric-inverter-580-lit-mr-l72en-gbk-v-2-400x400.jpg 400w, https:\/\/livinghome.vn\/thiet-bi\/wp-content\/uploads\/2024\/04\/tu-lanh-mitsubishi-electric-inverter-580-lit-mr-l72en-gbk-v-2-800x800.jpg 800w, https:\/\/livinghome.vn\/thiet-bi\/wp-content\/uploads\/2024\/04\/tu-lanh-mitsubishi-electric-inverter-580-lit-mr-l72en-gbk-v-2-280x280.jpg 280w, https:\/\/livinghome.vn\/thiet-bi\/wp-content\/uploads\/2024\/04\/tu-lanh-mitsubishi-electric-inverter-580-lit-mr-l72en-gbk-v-2-768x768.jpg 768w, https:\/\/livinghome.vn\/thiet-bi\/wp-content\/uploads\/2024\/04\/tu-lanh-mitsubishi-electric-inverter-580-lit-mr-l72en-gbk-v-2-300x300.jpg 300w, https:\/\/livinghome.vn\/thiet-bi\/wp-content\/uploads\/2024\/04\/tu-lanh-mitsubishi-electric-inverter-580-lit-mr-l72en-gbk-v-2-600x600.jpg 600w, https:\/\/livinghome.vn\/thiet-bi\/wp-content\/uploads\/2024\/04\/tu-lanh-mitsubishi-electric-inverter-580-lit-mr-l72en-gbk-v-2-100x100.jpg 100w\" sizes=\"auto, (max-width: 900px) 100vw, 900px\" \/><figcaption id=\"caption-attachment-20965\" class=\"wp-caption-text\">T\u1ee7 L\u1ea1nh Mitsubishi Electric Inverter 580 L\u00edt MR-L72EN-GBK-V<\/figcaption><\/figure>\n<h3>C\u00f4ng ngh\u1ec7 Neuro Inverter ti\u1ebft ki\u1ec7m \u0111i\u1ec7n<\/h3>\n<p>C\u00f4ng ngh\u1ec7 Neuro Inverter v\u00e0 vi x\u1eed l\u00fd Neuro Fuzzy gi\u00fap t\u1ee7 \u0111i\u1ec1u ch\u1ec9nh c\u00f4ng su\u1ea5t l\u00e0m l\u1ea1nh m\u1ed9t c\u00e1ch th\u00f4ng minh, ti\u1ebft ki\u1ec7m \u0111i\u1ec7n n\u0103ng.<\/p>\n<figure id=\"attachment_20967\" aria-describedby=\"caption-attachment-20967\" style=\"width: 1200px\" class=\"wp-caption aligncenter\"><img loading=\"lazy\" decoding=\"async\" class=\"size-full wp-image-20967\" src=\"https:\/\/livinghome.vn\/thiet-bi\/wp-content\/uploads\/2024\/04\/tu-lanh-mitsubishi-electric-inverter-580-lit-mr-l72en-gbk-v-4.jpg\" alt=\"T\u1ee7 L\u1ea1nh Mitsubishi Electric Inverter 580 L\u00edt MR-L72EN-GBK-V\" width=\"1200\" height=\"900\" title=\"\" srcset=\"https:\/\/livinghome.vn\/thiet-bi\/wp-content\/uploads\/2024\/04\/tu-lanh-mitsubishi-electric-inverter-580-lit-mr-l72en-gbk-v-4.jpg 1200w, https:\/\/livinghome.vn\/thiet-bi\/wp-content\/uploads\/2024\/04\/tu-lanh-mitsubishi-electric-inverter-580-lit-mr-l72en-gbk-v-4-533x400.jpg 533w, https:\/\/livinghome.vn\/thiet-bi\/wp-content\/uploads\/2024\/04\/tu-lanh-mitsubishi-electric-inverter-580-lit-mr-l72en-gbk-v-4-1067x800.jpg 1067w, https:\/\/livinghome.vn\/thiet-bi\/wp-content\/uploads\/2024\/04\/tu-lanh-mitsubishi-electric-inverter-580-lit-mr-l72en-gbk-v-4-768x576.jpg 768w, https:\/\/livinghome.vn\/thiet-bi\/wp-content\/uploads\/2024\/04\/tu-lanh-mitsubishi-electric-inverter-580-lit-mr-l72en-gbk-v-4-600x450.jpg 600w\" sizes=\"auto, (max-width: 1200px) 100vw, 1200px\" \/><figcaption id=\"caption-attachment-20967\" class=\"wp-caption-text\">T\u1ee7 L\u1ea1nh Mitsubishi Electric Inverter 580 L\u00edt MR-L72EN-GBK-V<\/figcaption><\/figure>\n<h3>H\u1ec7 th\u1ed1ng l\u00e0m l\u1ea1nh \u0111a chi\u1ec1u<\/h3>\n<p>H\u1ec7 th\u1ed1ng l\u00e0m l\u1ea1nh \u0111a chi\u1ec1u ph\u00e2n b\u1ed1 kh\u00ed l\u1ea1nh \u0111\u1ed3ng \u0111\u1ec1u trong t\u1ee7, b\u1ea3o qu\u1ea3n th\u1ef1c ph\u1ea9m t\u1ed1i \u01b0u \u1edf m\u1ecdi v\u1ecb tr\u00ed.<\/p>\n<figure id=\"attachment_20966\" aria-describedby=\"caption-attachment-20966\" style=\"width: 1200px\" class=\"wp-caption aligncenter\"><img loading=\"lazy\" decoding=\"async\" class=\"size-full wp-image-20966\" src=\"https:\/\/livinghome.vn\/thiet-bi\/wp-content\/uploads\/2024\/04\/tu-lanh-mitsubishi-electric-inverter-580-lit-mr-l72en-gbk-v-3.jpg\" alt=\"T\u1ee7 L\u1ea1nh Mitsubishi Electric Inverter 580 L\u00edt MR-L72EN-GBK-V\" width=\"1200\" height=\"900\" title=\"\" srcset=\"https:\/\/livinghome.vn\/thiet-bi\/wp-content\/uploads\/2024\/04\/tu-lanh-mitsubishi-electric-inverter-580-lit-mr-l72en-gbk-v-3.jpg 1200w, https:\/\/livinghome.vn\/thiet-bi\/wp-content\/uploads\/2024\/04\/tu-lanh-mitsubishi-electric-inverter-580-lit-mr-l72en-gbk-v-3-533x400.jpg 533w, https:\/\/livinghome.vn\/thiet-bi\/wp-content\/uploads\/2024\/04\/tu-lanh-mitsubishi-electric-inverter-580-lit-mr-l72en-gbk-v-3-1067x800.jpg 1067w, https:\/\/livinghome.vn\/thiet-bi\/wp-content\/uploads\/2024\/04\/tu-lanh-mitsubishi-electric-inverter-580-lit-mr-l72en-gbk-v-3-768x576.jpg 768w, https:\/\/livinghome.vn\/thiet-bi\/wp-content\/uploads\/2024\/04\/tu-lanh-mitsubishi-electric-inverter-580-lit-mr-l72en-gbk-v-3-600x450.jpg 600w\" sizes=\"auto, (max-width: 1200px) 100vw, 1200px\" \/><figcaption id=\"caption-attachment-20966\" class=\"wp-caption-text\">T\u1ee7 L\u1ea1nh Mitsubishi Electric Inverter 580 L\u00edt MR-L72EN-GBK-V<\/figcaption><\/figure>\n<h3>C\u00f4ng ngh\u1ec7 kh\u00e1ng khu\u1ea9n, kh\u1eed m\u00f9i hi\u1ec7n \u0111\u1ea1i<\/h3>\n<p>B\u1ed9 l\u1ecdc carbon ho\u1ea1t t\u00ednh v\u00e0 l\u1edbp kh\u00e1ng khu\u1ea9n ph\u00e2n t\u1eed b\u1ea1c gi\u00fap di\u1ec7t tr\u00f9ng v\u00e0 kh\u1eed m\u00f9i trong t\u1ee7, \u0111\u1ea3m b\u1ea3o th\u1ef1c ph\u1ea9m lu\u00f4n \u0111\u01b0\u1ee3c b\u1ea3o qu\u1ea3n an to\u00e0n.<\/p>\n<figure id=\"attachment_20969\" aria-describedby=\"caption-attachment-20969\" style=\"width: 1200px\" class=\"wp-caption aligncenter\"><img loading=\"lazy\" decoding=\"async\" class=\"size-full wp-image-20969\" src=\"https:\/\/livinghome.vn\/thiet-bi\/wp-content\/uploads\/2024\/04\/tu-lanh-mitsubishi-electric-inverter-580-lit-mr-l72en-gbk-v-6.jpg\" alt=\"T\u1ee7 L\u1ea1nh Mitsubishi Electric Inverter 580 L\u00edt MR-L72EN-GBK-V\" width=\"1200\" height=\"900\" title=\"\" srcset=\"https:\/\/livinghome.vn\/thiet-bi\/wp-content\/uploads\/2024\/04\/tu-lanh-mitsubishi-electric-inverter-580-lit-mr-l72en-gbk-v-6.jpg 1200w, https:\/\/livinghome.vn\/thiet-bi\/wp-content\/uploads\/2024\/04\/tu-lanh-mitsubishi-electric-inverter-580-lit-mr-l72en-gbk-v-6-533x400.jpg 533w, https:\/\/livinghome.vn\/thiet-bi\/wp-content\/uploads\/2024\/04\/tu-lanh-mitsubishi-electric-inverter-580-lit-mr-l72en-gbk-v-6-1067x800.jpg 1067w, https:\/\/livinghome.vn\/thiet-bi\/wp-content\/uploads\/2024\/04\/tu-lanh-mitsubishi-electric-inverter-580-lit-mr-l72en-gbk-v-6-768x576.jpg 768w, https:\/\/livinghome.vn\/thiet-bi\/wp-content\/uploads\/2024\/04\/tu-lanh-mitsubishi-electric-inverter-580-lit-mr-l72en-gbk-v-6-600x450.jpg 600w\" sizes=\"auto, (max-width: 1200px) 100vw, 1200px\" \/><figcaption id=\"caption-attachment-20969\" class=\"wp-caption-text\">T\u1ee7 L\u1ea1nh Mitsubishi Electric Inverter 580 L\u00edt MR-L72EN-GBK-V<\/figcaption><\/figure>\n<h3>Ng\u0103n rau qu\u1ea3 chuy\u00ean d\u1ee5ng t\u0103ng c\u01b0\u1eddng vitamin C<\/h3>\n<p>Ng\u0103n rau c\u1ee7 \u0111\u01b0\u1ee3c trang b\u1ecb \u0111\u00e8n LED gi\u1ea3 l\u1eadp \u00e1nh s\u00e1ng m\u1eb7t tr\u1eddi, t\u0103ng c\u01b0\u1eddng l\u01b0\u1ee3ng vitamin C trong rau c\u1ee7 v\u00e0 b\u1ea3o qu\u1ea3n ch\u00fang t\u1ed1t h\u01a1n.<\/p>\n<figure id=\"attachment_20968\" aria-describedby=\"caption-attachment-20968\" style=\"width: 1200px\" class=\"wp-caption aligncenter\"><img loading=\"lazy\" decoding=\"async\" class=\"size-full wp-image-20968\" src=\"https:\/\/livinghome.vn\/thiet-bi\/wp-content\/uploads\/2024\/04\/tu-lanh-mitsubishi-electric-inverter-580-lit-mr-l72en-gbk-v-5.jpg\" alt=\"T\u1ee7 L\u1ea1nh Mitsubishi Electric Inverter 580 L\u00edt MR-L72EN-GBK-V\" width=\"1200\" height=\"900\" title=\"\" srcset=\"https:\/\/livinghome.vn\/thiet-bi\/wp-content\/uploads\/2024\/04\/tu-lanh-mitsubishi-electric-inverter-580-lit-mr-l72en-gbk-v-5.jpg 1200w, https:\/\/livinghome.vn\/thiet-bi\/wp-content\/uploads\/2024\/04\/tu-lanh-mitsubishi-electric-inverter-580-lit-mr-l72en-gbk-v-5-533x400.jpg 533w, https:\/\/livinghome.vn\/thiet-bi\/wp-content\/uploads\/2024\/04\/tu-lanh-mitsubishi-electric-inverter-580-lit-mr-l72en-gbk-v-5-1067x800.jpg 1067w, https:\/\/livinghome.vn\/thiet-bi\/wp-content\/uploads\/2024\/04\/tu-lanh-mitsubishi-electric-inverter-580-lit-mr-l72en-gbk-v-5-768x576.jpg 768w, https:\/\/livinghome.vn\/thiet-bi\/wp-content\/uploads\/2024\/04\/tu-lanh-mitsubishi-electric-inverter-580-lit-mr-l72en-gbk-v-5-600x450.jpg 600w\" sizes=\"auto, (max-width: 1200px) 100vw, 1200px\" \/><figcaption id=\"caption-attachment-20968\" class=\"wp-caption-text\">T\u1ee7 L\u1ea1nh Mitsubishi Electric Inverter 580 L\u00edt MR-L72EN-GBK-V<\/figcaption><\/figure>\n<p>&nbsp;<\/p>\n","protected":false},"excerpt":{"rendered":"<ul>\n<li>Ki\u1ec3u t\u1ee7 l\u1ea1nh: Multidoor<\/li>\n<li>Dung t\u00edch s\u1eed d\u1ee5ng: 580 l\u00edt<\/li>\n<li>Dung t\u00edch ng\u0103n l\u1ea1nh: 398 l\u00edt<\/li>\n<li>Dung t\u00edch ng\u0103n \u0111\u00e1: 182 l\u00edt<\/li>\n<li>C\u00f4ng ngh\u1ec7 Inverter: C\u00f3<\/li>\n<li>Kh\u00e1ng khu\u1ea9n, kh\u1eed m\u00f9i: B\u1ed9 l\u1ecdc Carbon ho\u1ea1t t\u00ednh<\/li>\n<li>S\u1ed1 c\u1eeda: 4 c\u1eeda<\/li>\n<li>C\u00f4ng ngh\u1ec7 l\u00e0m l\u1ea1nh: L\u00e0m l\u1ea1nh \u0111a chi\u1ec1u<\/li>\n<li>S\u1ed1 ng\u01b0\u1eddi s\u1eed d\u1ee5ng: 5 &#8211; 7 ng\u01b0\u1eddi<\/li>\n<li>Ti\u1ec7n \u00edch: Ng\u0103n \u0111\u00e1 d\u01b0\u1edbi<\/li>\n<li>\u0110i\u1ec7n n\u0103ng ti\u00eau th\u1ee5: ~1.28 kWh\/ng\u00e0y<\/li>\n<li>Ng\u0103n rau qu\u1ea3: C\u00f3<\/li>\n<li>Ch\u1ea5t li\u1ec7u khay: K\u00ednh ch\u1ecbu l\u1ef1c<\/li>\n<li>Ch\u1ea5t li\u1ec7u b\u00ean ngo\u00e0i: M\u1eb7t g\u01b0\u01a1ng<\/li>\n<li>Ngu\u1ed3n \u0111i\u1ec7n \u00e1p: 220V\/50Hz<\/li>\n<li>K\u00edch th\u01b0\u1edbc: Cao x r\u1ed9ng x s\u00e2u\u00a0(169.8cm x 95cm x 75.8cm)<\/li>\n<li>Tr\u1ecdng l\u01b0\u1ee3ng s\u1ea3n ph\u1ea9m: 130 kg<\/li>\n<li>Xu\u1ea5t x\u1ee9 th\u01b0\u01a1ng hi\u1ec7u: Nh\u1eadt B\u1ea3n<\/li>\n<li>S\u1ea3n xu\u1ea5t t\u1ea1i: Th\u00e1i Lan<\/li>\n<\/ul>\n","protected":false},"featured_media":21157,"comment_status":"open","ping_status":"closed","template":"","meta":[],"product_brand":[],"product_cat":[1992,201,1990],"product_tag":[203,1989],"class_list":{"0":"post-20960","1":"product","2":"type-product","3":"status-publish","4":"has-post-thumbnail","6":"product_cat-thuong-hieu-mitsubishi-electric","7":"product_cat-tu-lanh","8":"product_cat-tu-lanh-mitsubishi-electric","9":"product_tag-tu-lanh","10":"product_tag-tu-lanh-mitsubishi-electric","12":"first","13":"instock","14":"sale","15":"shipping-taxable","16":"purchasable","17":"product-type-simple"},"_links":{"self":[{"href":"https:\/\/livinghome.vn\/thiet-bi\/wp-json\/wp\/v2\/product\/20960","targetHints":{"allow":["GET"]}}],"collection":[{"href":"https:\/\/livinghome.vn\/thiet-bi\/wp-json\/wp\/v2\/product"}],"about":[{"href":"https:\/\/livinghome.vn\/thiet-bi\/wp-json\/wp\/v2\/types\/product"}],"replies":[{"embeddable":true,"href":"https:\/\/livinghome.vn\/thiet-bi\/wp-json\/wp\/v2\/comments?post=20960"}],"wp:featuredmedia":[{"embeddable":true,"href":"https:\/\/livinghome.vn\/thiet-bi\/wp-json\/wp\/v2\/media\/21157"}],"wp:attachment":[{"href":"https:\/\/livinghome.vn\/thiet-bi\/wp-json\/wp\/v2\/media?parent=20960"}],"wp:term":[{"taxonomy":"product_brand","embeddable":true,"href":"https:\/\/livinghome.vn\/thiet-bi\/wp-json\/wp\/v2\/product_brand?post=20960"},{"taxonomy":"product_cat","embeddable":true,"href":"https:\/\/livinghome.vn\/thiet-bi\/wp-json\/wp\/v2\/product_cat?post=20960"},{"taxonomy":"product_tag","embeddable":true,"href":"https:\/\/livinghome.vn\/thiet-bi\/wp-json\/wp\/v2\/product_tag?post=20960"}],"curies":[{"name":"wp","href":"https:\/\/api.w.org\/{rel}","templated":true}]}}