{"id":20934,"date":"2024-04-23T17:25:17","date_gmt":"2024-04-23T10:25:17","guid":{"rendered":"https:\/\/livinghome.vn\/thiet-bi\/?post_type=product&#038;p=20934"},"modified":"2024-11-29T14:18:57","modified_gmt":"2024-11-29T07:18:57","slug":"tu-lanh-mitsubishi-inverter-mr-cgx56ep-gbr-v","status":"publish","type":"product","link":"https:\/\/livinghome.vn\/thiet-bi\/tu-lanh-mitsubishi-inverter-mr-cgx56ep-gbr-v\/","title":{"rendered":"T\u1ee7 l\u1ea1nh Mitsubishi Inverter MR-CGX56EP-GBR-V"},"content":{"rendered":"<h3>\u0110\u00e1nh gi\u00e1 chi ti\u1ebft<\/h3>\n<h3>C\u1eeda t\u1ee7 m\u1eb7t g\u01b0\u01a1ng sang tr\u1ecdng<\/h3>\n<p>T\u1ee7 l\u1ea1nh Mitsubishi MR-CGX56EP-GBR-V n\u1ed5i b\u1eadt v\u1edbi m\u00e0u n\u00e2u kh\u00f3i tinh t\u1ebf v\u00e0 c\u1eeda t\u1ee7 l\u00e0m t\u1eeb m\u1eb7t g\u01b0\u01a1ng sang tr\u1ecdng, thu h\u00fat m\u1ecdi \u00e1nh nh\u00ecn ngay t\u1eeb c\u00e1i nh\u00ecn \u0111\u1ea7u ti\u00ean. M\u1eb7t g\u01b0\u01a1ng kh\u00f4ng ch\u1ec9 t\u0103ng v\u1ebb \u0111\u1eb9p th\u1ea9m m\u1ef9 cho t\u1ee7 m\u00e0 c\u00f2n d\u1ec5 d\u00e0ng v\u1ec7 sinh, gi\u00fap b\u1ec1 m\u1eb7t t\u1ee7 lu\u00f4n s\u00e1ng b\u00f3ng v\u00e0 b\u1ec1n \u0111\u1eb9p theo th\u1eddi gian.<\/p>\n<p class=\"_ilcss0_\"><img loading=\"lazy\" decoding=\"async\" class=\"alignnone size-full wp-image-20937\" src=\"https:\/\/livinghome.vn\/thiet-bi\/wp-content\/uploads\/2024\/04\/tu-lanh-mitsubishi-mr-cgx56ep-gbr-v-7.jpg\" alt=\"\" width=\"1199\" height=\"900\" title=\"\" srcset=\"https:\/\/livinghome.vn\/thiet-bi\/wp-content\/uploads\/2024\/04\/tu-lanh-mitsubishi-mr-cgx56ep-gbr-v-7.jpg 1199w, https:\/\/livinghome.vn\/thiet-bi\/wp-content\/uploads\/2024\/04\/tu-lanh-mitsubishi-mr-cgx56ep-gbr-v-7-533x400.jpg 533w, https:\/\/livinghome.vn\/thiet-bi\/wp-content\/uploads\/2024\/04\/tu-lanh-mitsubishi-mr-cgx56ep-gbr-v-7-1066x800.jpg 1066w, https:\/\/livinghome.vn\/thiet-bi\/wp-content\/uploads\/2024\/04\/tu-lanh-mitsubishi-mr-cgx56ep-gbr-v-7-768x576.jpg 768w, https:\/\/livinghome.vn\/thiet-bi\/wp-content\/uploads\/2024\/04\/tu-lanh-mitsubishi-mr-cgx56ep-gbr-v-7-600x450.jpg 600w\" sizes=\"auto, (max-width: 1199px) 100vw, 1199px\" \/><\/p>\n<h3>Dung t\u00edch 450 l\u00edt ph\u00f9 h\u1ee3p v\u1edbi gia \u0111\u00ecnh tr\u00ean 5 th\u00e0nh vi\u00ean<\/h3>\n<div>T\u1ee7 l\u1ea1nh MR-CGX56EP-GBK-V c\u00f3 dung t\u00edch t\u1ed5ng 450 l\u00edt, trong \u0111\u00f3 ng\u0103n m\u00e1t r\u1ed9ng 253 l\u00edt \u0111\u01b0\u1ee3c trang b\u1ecb nhi\u1ec1u khay k\u1ec7 c\u00f3 th\u1ec3 \u0111i\u1ec1u ch\u1ec9nh v\u00e0 hai ng\u0103n k\u00edn d\u1ea1ng tr\u01b0\u1ee3t, t\u1ea1o s\u1ef1 linh ho\u1ea1t cao trong vi\u1ec7c s\u1eafp x\u1ebfp. Ng\u0103n k\u00e9o tr\u00ean c\u00f9ng ph\u00f9 h\u1ee3p \u0111\u1ec3 l\u01b0u tr\u1eef c\u00e1c s\u1ea3n ph\u1ea9m t\u1eeb s\u1eefa v\u00e0 th\u1ef1c ph\u1ea9m \u0111\u00e3 \u0111\u01b0\u1ee3c ch\u1ebf bi\u1ebfn.<\/div>\n<div><\/div>\n<div>Ng\u0103n \u01b0\u1edbp l\u1ea1nh m\u1ec1m 7 ng\u00e0y \u1edf ph\u00eda d\u01b0\u1edbi gi\u1eef th\u1ef1c ph\u1ea9m t\u01b0\u01a1i s\u1ed1ng t\u01b0\u01a1i ngon l\u00e2u d\u00e0i. Hai ng\u0103n \u0111\u1ed9c l\u1eadp n\u00e0y kh\u00f4ng ch\u1ec9 \u0111\u1ea3m b\u1ea3o v\u1ec7 sinh m\u00e0 c\u00f2n ng\u0103n ng\u1eeba s\u1ef1 l\u1eabn m\u00f9i gi\u1eefa c\u00e1c lo\u1ea1i th\u1ef1c ph\u1ea9m. Thi\u1ebft k\u1ebf trong su\u1ed1t c\u1ee7a ng\u0103n k\u00e9o gi\u00fap b\u1ea1n d\u1ec5 d\u00e0ng s\u1eafp x\u1ebfp v\u00e0 t\u00ecm ki\u1ebfm th\u1ef1c ph\u1ea9m.<\/div>\n<p><img loading=\"lazy\" decoding=\"async\" class=\"alignnone size-full wp-image-20938\" src=\"https:\/\/livinghome.vn\/thiet-bi\/wp-content\/uploads\/2024\/04\/tu-lanh-mitsubishi-mr-cgx56ep-gbr-v-8.jpg\" alt=\"\" width=\"1200\" height=\"679\" title=\"\" srcset=\"https:\/\/livinghome.vn\/thiet-bi\/wp-content\/uploads\/2024\/04\/tu-lanh-mitsubishi-mr-cgx56ep-gbr-v-8.jpg 1200w, https:\/\/livinghome.vn\/thiet-bi\/wp-content\/uploads\/2024\/04\/tu-lanh-mitsubishi-mr-cgx56ep-gbr-v-8-707x400.jpg 707w, https:\/\/livinghome.vn\/thiet-bi\/wp-content\/uploads\/2024\/04\/tu-lanh-mitsubishi-mr-cgx56ep-gbr-v-8-768x435.jpg 768w, https:\/\/livinghome.vn\/thiet-bi\/wp-content\/uploads\/2024\/04\/tu-lanh-mitsubishi-mr-cgx56ep-gbr-v-8-600x340.jpg 600w\" sizes=\"auto, (max-width: 1200px) 100vw, 1200px\" \/><\/p>\n<h3>T\u00ednh n\u0103ng \u01b0\u1edbp l\u1ea1nh m\u1ec1m<\/h3>\n<div>T\u1ee7 l\u1ea1nh 3 c\u00e1nh c\u1ee7a Mitsubishi t\u00edch h\u1ee3p ng\u0103n \u01b0\u1edbp l\u1ea1nh m\u1ec1m v\u1edbi c\u00f4ng ngh\u1ec7 \u0111\u1ed9c quy\u1ec1n, duy tr\u00ec nhi\u1ec7t \u0111\u1ed9 t\u1eeb -3 \u0111\u1ed9 C \u0111\u1ebfn 0 \u0111\u1ed9 C, r\u1ea5t ph\u00f9 h\u1ee3p \u0111\u1ec3 b\u1ea3o qu\u1ea3n th\u1ecbt, c\u00e1 v\u00e0 c\u00e1c lo\u1ea1i th\u1ef1c ph\u1ea9m d\u1ec5 h\u1ecfng kh\u00e1c m\u00e0 kh\u00f4ng c\u1ea7n \u0111\u00f3ng b\u0103ng ho\u00e0n to\u00e0n.<\/div>\n<div><\/div>\n<div>Ng\u0103n n\u00e0y t\u1ea1o ra m\u1ed9t l\u1edbp b\u0103ng m\u1ecfng b\u00ean ngo\u00e0i nh\u01b0ng v\u1eabn gi\u1eef \u0111\u1ed9 \u1ea9m v\u00e0 m\u1ec1m c\u1ee7a th\u1ef1c ph\u1ea9m, gi\u00fap gi\u1eef h\u01b0\u01a1ng v\u1ecb v\u00e0 m\u00e0u s\u1eafc t\u01b0\u01a1i ngon l\u00e2u h\u01a1n so v\u1edbi c\u00e1c ph\u01b0\u01a1ng ph\u00e1p b\u1ea3o qu\u1ea3n \u0111\u00f4ng \u0111\u00e1 truy\u1ec1n th\u1ed1ng. \u0110i\u1ec1u n\u00e0y cho ph\u00e9p ng\u01b0\u1eddi d\u00f9ng c\u00f3 th\u1ec3 ch\u1ebf bi\u1ebfn th\u1ef1c ph\u1ea9m ngay sau khi l\u1ea5y ra kh\u1ecfi t\u1ee7 m\u00e0 kh\u00f4ng c\u1ea7n ph\u1ea3i r\u00e3 \u0111\u00f4ng, ti\u1ebft ki\u1ec7m th\u1eddi gian chu\u1ea9n b\u1ecb v\u00e0 gi\u1ea3m thi\u1ec3u s\u1ef1 m\u1ea5t m\u00e1t d\u01b0\u1ee1ng ch\u1ea5t do ch\u1ea3y n\u01b0\u1edbc.<\/div>\n<h3>C\u00f3 ng\u0103n rau qu\u1ea3 ri\u00eang bi\u1ec7t<\/h3>\n<p>T\u1ee7 l\u1ea1nh n\u00e0y c\u00f3 ng\u0103n d\u00e0nh ri\u00eang cho rau c\u1ee7 v\u1edbi dung t\u00edch 90 l\u00edt, thi\u1ebft k\u1ebf \u0111\u1eb7c bi\u1ec7t \u0111\u1ec3 l\u01b0u tr\u1eef rau qu\u1ea3, gi\u00fap ch\u00fang lu\u00f4n t\u01b0\u01a1i ngon v\u00e0 \u0111\u1ea7y \u0111\u1ee7 \u0111\u1ed9 \u1ea9m. Trong ng\u0103n n\u00e0y, \u0111\u00e8n LED gi\u1ea3 l\u1eadp \u00e1nh s\u00e1ng m\u1eb7t tr\u1eddi \u0111\u01b0\u1ee3c trang b\u1ecb \u0111\u1ec3 h\u1ed7 tr\u1ee3 qu\u00e1 tr\u00ecnh quang h\u1ee3p, gi\u00fap rau c\u1ee7 s\u1ea3n sinh Vitamin trong qu\u00e1 tr\u00ecnh b\u1ea3o qu\u1ea3n. H\u01a1n n\u1eefa, h\u01a1i l\u1ea1nh \u0111\u01b0\u1ee3c ph\u00e2n ph\u1ed1i m\u1ed9t c\u00e1ch gi\u00e1n ti\u1ebfp xung quanh ng\u0103n, \u0111\u1ea3m b\u1ea3o r\u1eb1ng rau qu\u1ea3 v\u00e0 tr\u00e1i c\u00e2y lu\u00f4n t\u01b0\u01a1i m\u1edbi v\u00e0 kh\u00f4ng b\u1ecb h\u01b0 h\u1ecfng trong th\u1eddi gian d\u00e0i.<\/p>\n<h3>Ng\u0103n \u0111\u00e1 d\u01b0\u1edbi d\u1ea1ng tr\u01b0\u1ee3t<\/h3>\n<p>Ng\u0103n \u0111\u00e1 \u0111\u01b0\u1ee3c thi\u1ebft k\u1ebf \u1edf v\u1ecb tr\u00ed ph\u00eda d\u01b0\u1edbi, trong khi ng\u0103n m\u00e1t n\u1eb1m \u1edf ph\u00eda tr\u00ean, mang l\u1ea1i s\u1ef1 ti\u1ec7n l\u1ee3i v\u00e0 d\u1ec5 d\u00e0ng trong vi\u1ec7c s\u1eed d\u1ee5ng. Ng\u0103n \u0111\u00e1 d\u1ea1ng tr\u01b0\u1ee3t gi\u00fap vi\u1ec7c truy c\u1eadp v\u00e0 nh\u00ecn th\u1ea5y th\u1ef1c ph\u1ea9m b\u00ean trong tr\u1edf n\u00ean thu\u1eadn ti\u1ec7n h\u01a1n.<\/p>\n<p class=\"_ilcss0_\"><img loading=\"lazy\" decoding=\"async\" class=\"alignnone size-full wp-image-20936\" src=\"https:\/\/livinghome.vn\/thiet-bi\/wp-content\/uploads\/2024\/04\/tu-lanh-mitsubishi-mr-cgx56ep-gbr-v-9.jpg\" alt=\"\" width=\"1200\" height=\"900\" title=\"\" srcset=\"https:\/\/livinghome.vn\/thiet-bi\/wp-content\/uploads\/2024\/04\/tu-lanh-mitsubishi-mr-cgx56ep-gbr-v-9.jpg 1200w, https:\/\/livinghome.vn\/thiet-bi\/wp-content\/uploads\/2024\/04\/tu-lanh-mitsubishi-mr-cgx56ep-gbr-v-9-533x400.jpg 533w, https:\/\/livinghome.vn\/thiet-bi\/wp-content\/uploads\/2024\/04\/tu-lanh-mitsubishi-mr-cgx56ep-gbr-v-9-1067x800.jpg 1067w, https:\/\/livinghome.vn\/thiet-bi\/wp-content\/uploads\/2024\/04\/tu-lanh-mitsubishi-mr-cgx56ep-gbr-v-9-768x576.jpg 768w, https:\/\/livinghome.vn\/thiet-bi\/wp-content\/uploads\/2024\/04\/tu-lanh-mitsubishi-mr-cgx56ep-gbr-v-9-600x450.jpg 600w\" sizes=\"auto, (max-width: 1200px) 100vw, 1200px\" \/><\/p>\n<h3>C\u00f4ng ngh\u1ec7 Neuro Inverter<\/h3>\n<p>T\u1ee7 l\u1ea1nh c\u1ee7a Mitsubishi \u00e1p d\u1ee5ng c\u00f4ng ngh\u1ec7 Neuro Inverter, t\u1ef1 \u0111\u1ed9ng ghi nh\u1edb th\u00f3i quen s\u1eed d\u1ee5ng c\u1ee7a ng\u01b0\u1eddi d\u00f9ng v\u00e0 \u0111i\u1ec1u ch\u1ec9nh c\u00f4ng su\u1ea5t l\u00e0m l\u1ea1nh ph\u00f9 h\u1ee3p d\u1ef1a tr\u00ean l\u01b0\u1ee3ng th\u1ef1c ph\u1ea9m b\u00ean trong. \u0110i\u1ec1u n\u00e0y gi\u00fap t\u1ed1i \u01b0u h\u00f3a vi\u1ec7c ti\u1ebft ki\u1ec7m \u0111i\u1ec7n n\u0103ng m\u00e0 v\u1eabn \u0111\u1ea3m b\u1ea3o t\u1ee7 l\u1ea1nh ho\u1ea1t \u0111\u1ed9ng hi\u1ec7u qu\u1ea3.<\/p>\n<p class=\"_ilcss0_\"><img loading=\"lazy\" decoding=\"async\" class=\"alignnone size-full wp-image-20941\" src=\"https:\/\/livinghome.vn\/thiet-bi\/wp-content\/uploads\/2024\/04\/tu-lanh-mitsubishi-mr-cgx56ep-gbr-v-5.jpg\" alt=\"\" width=\"1200\" height=\"900\" title=\"\" srcset=\"https:\/\/livinghome.vn\/thiet-bi\/wp-content\/uploads\/2024\/04\/tu-lanh-mitsubishi-mr-cgx56ep-gbr-v-5.jpg 1200w, https:\/\/livinghome.vn\/thiet-bi\/wp-content\/uploads\/2024\/04\/tu-lanh-mitsubishi-mr-cgx56ep-gbr-v-5-533x400.jpg 533w, https:\/\/livinghome.vn\/thiet-bi\/wp-content\/uploads\/2024\/04\/tu-lanh-mitsubishi-mr-cgx56ep-gbr-v-5-1067x800.jpg 1067w, https:\/\/livinghome.vn\/thiet-bi\/wp-content\/uploads\/2024\/04\/tu-lanh-mitsubishi-mr-cgx56ep-gbr-v-5-768x576.jpg 768w, https:\/\/livinghome.vn\/thiet-bi\/wp-content\/uploads\/2024\/04\/tu-lanh-mitsubishi-mr-cgx56ep-gbr-v-5-600x450.jpg 600w\" sizes=\"auto, (max-width: 1200px) 100vw, 1200px\" \/><\/p>\n<h3>L\u00e0m \u0111\u00e1 t\u1ef1 \u0111\u1ed9ng<\/h3>\n<p>T\u1ee7 l\u1ea1nh n\u00e0y t\u00edch h\u1ee3p h\u1ec7 th\u1ed1ng l\u00e0m \u0111\u00e1 t\u1ef1 \u0111\u1ed9ng v\u00f4 c\u00f9ng ti\u1ec7n l\u1ee3i, cho ph\u00e9p s\u1ea3n xu\u1ea5t nhanh ch\u00f3ng c\u00e1c vi\u00ean \u0111\u00e1 nh\u1ecf, tinh khi\u1ebft \u0111\u1ec3 ph\u1ee5c v\u1ee5 nhu c\u1ea7u gi\u1ea3i nhi\u1ec7t c\u1ee7a gia \u0111\u00ecnh. H\u1ed9p ch\u1ee9a n\u01b0\u1edbc \u0111\u01b0\u1ee3c thi\u1ebft k\u1ebf g\u1ecdn g\u00e0ng \u1ea9n b\u00ean d\u01b0\u1edbi th\u00e0nh t\u1ee7, gi\u00fap t\u1ed1i \u01b0u h\u00f3a kh\u00f4ng gian l\u01b0u tr\u1eef. H\u1ed9p n\u00e0y c\u00f3 dung t\u00edch l\u1edbn, \u0111\u1ee7 s\u1ee9c t\u1ea1o ra m\u1ed9t l\u01b0\u1ee3ng l\u1edbn \u0111\u00e1 vi\u00ean. \u0110\u1ed9ng c\u01a1 t\u1eeb t\u00ednh c\u1ee7a h\u1ec7 th\u1ed1ng l\u00e0m \u0111\u00e1 \u0111\u1ea3m b\u1ea3o cung c\u1ea5p li\u00ean t\u1ee5c ngu\u1ed3n \u0111\u00e1 vi\u00ean. H\u01a1n n\u1eefa, c\u00e1c b\u1ed9 ph\u1eadn c\u1ee7a h\u1ec7 th\u1ed1ng l\u00e0m \u0111\u00e1 c\u00f3 th\u1ec3 d\u1ec5 d\u00e0ng th\u00e1o r\u1eddi, thu\u1eadn ti\u1ec7n cho vi\u1ec7c v\u1ec7 sinh v\u00e0 b\u1ea3o tr\u00ec.<\/p>\n<h3>Lu\u1ed3ng kh\u00ed l\u1ea1nh \u0111a chi\u1ec1u<\/h3>\n<p>MR-CGX56EP-GBR-V \u0111\u01b0\u1ee3c trang b\u1ecb h\u1ec7 th\u1ed1ng l\u00e0m l\u1ea1nh \u0111a chi\u1ec1u, nhanh ch\u00f3ng ph\u00e2n ph\u1ed1i h\u01a1i l\u1ea1nh kh\u1eafp m\u1ecdi ng\u00f3c ng\u00e1ch trong t\u1ee7 l\u1ea1nh, \u0111\u1ea3m b\u1ea3o r\u1eb1ng th\u1ef1c ph\u1ea9m \u0111\u01b0\u1ee3c l\u00e0m l\u1ea1nh m\u1ed9t c\u00e1ch \u0111\u1ed3ng \u0111\u1ec1u v\u00e0 gi\u1eef t\u01b0\u01a1i l\u00e2u h\u01a1n. V\u1edbi c\u00f4ng ngh\u1ec7 n\u00e0y, ng\u01b0\u1eddi d\u00f9ng kh\u00f4ng c\u1ea7n ph\u1ea3i lo l\u1eafng v\u1ec1 th\u1ef1c ph\u1ea9m b\u1ecb l\u1ea1nh qu\u00e1 m\u1ee9c \u1edf v\u1ecb tr\u00ed g\u1ea7n ngu\u1ed3n l\u1ea1nh trong khi c\u00e1c s\u1ea3n ph\u1ea9m \u1edf v\u00f9ng xa h\u01a1n kh\u00f4ng \u0111\u1ee7 l\u1ea1nh, t\u1eeb \u0111\u00f3 ng\u0103n ng\u1eeba s\u1ef1 h\u01b0 h\u1ecfng nhanh ch\u00f3ng c\u1ee7a th\u1ef1c ph\u1ea9m.<\/p>\n<p class=\"_ilcss0_\"><img loading=\"lazy\" decoding=\"async\" class=\"alignnone size-full wp-image-20944\" src=\"https:\/\/livinghome.vn\/thiet-bi\/wp-content\/uploads\/2024\/04\/tu-lanh-mitsubishi-mr-cgx56ep-gbr-v-11.jpg\" alt=\"\" width=\"1200\" height=\"900\" title=\"\" srcset=\"https:\/\/livinghome.vn\/thiet-bi\/wp-content\/uploads\/2024\/04\/tu-lanh-mitsubishi-mr-cgx56ep-gbr-v-11.jpg 1200w, https:\/\/livinghome.vn\/thiet-bi\/wp-content\/uploads\/2024\/04\/tu-lanh-mitsubishi-mr-cgx56ep-gbr-v-11-533x400.jpg 533w, https:\/\/livinghome.vn\/thiet-bi\/wp-content\/uploads\/2024\/04\/tu-lanh-mitsubishi-mr-cgx56ep-gbr-v-11-1067x800.jpg 1067w, https:\/\/livinghome.vn\/thiet-bi\/wp-content\/uploads\/2024\/04\/tu-lanh-mitsubishi-mr-cgx56ep-gbr-v-11-768x576.jpg 768w, https:\/\/livinghome.vn\/thiet-bi\/wp-content\/uploads\/2024\/04\/tu-lanh-mitsubishi-mr-cgx56ep-gbr-v-11-600x450.jpg 600w\" sizes=\"auto, (max-width: 1200px) 100vw, 1200px\" \/><\/p>\n<h3>H\u1ec7 th\u1ed1ng kh\u1eed m\u00f9i v\u00e0 \u0111\u1ec7m c\u1eeda kh\u00e1ng khu\u1ea9n<\/h3>\n<p>T\u1ee7 l\u1ea1nh n\u00e0y \u0111\u01b0\u1ee3c trang b\u1ecb m\u00e0ng l\u1ecdc Carbon hi\u1ec7u qu\u1ea3 cao, lo\u1ea1i b\u1ecf tri\u1ec7t \u0111\u1ec3 m\u00f9i h\u00f4i kh\u00f3 ch\u1ecbu trong t\u1ee7. \u0110\u1ed3ng th\u1eddi, l\u1edbp \u0111\u1ec7m t\u1ee7 \u0111\u01b0\u1ee3c ph\u1ee7 m\u1ed9t l\u1edbp kh\u00e1ng khu\u1ea9n ph\u00e2n t\u1eed b\u1ea1c, gi\u00fap ng\u0103n ch\u1eb7n s\u1ef1 sinh s\u00f4i c\u1ee7a vi khu\u1ea9n v\u00e0 n\u1ea5m m\u1ed1c, \u0111\u1ea3m b\u1ea3o kh\u00f4ng kh\u00ed b\u00ean trong t\u1ee7 lu\u00f4n trong l\u00e0nh v\u00e0 s\u1ea1ch s\u1ebd.<\/p>\n<h3>Chu\u00f4ng b\u00e1o m\u1edf c\u1eeda th\u00f4ng minh<\/h3>\n<p>T\u1ee7 l\u1ea1nh n\u00e0y \u0111\u01b0\u1ee3c trang b\u1ecb h\u1ec7 th\u1ed1ng b\u00e1o \u0111\u1ed9ng c\u1eeda th\u00f4ng minh, t\u1ef1 \u0111\u1ed9ng c\u1ea3nh b\u00e1o khi c\u1eeda t\u1ee7 kh\u00f4ng \u0111\u01b0\u1ee3c \u0111\u00f3ng k\u00edn ho\u1eb7c qu\u00ean \u0111\u00f3ng, nh\u1edd \u0111\u00f3 gi\u00fap ng\u01b0\u1eddi d\u00f9ng k\u1ecbp th\u1eddi x\u1eed l\u00fd, \u0111\u1ea3m b\u1ea3o th\u1ef1c ph\u1ea9m \u0111\u01b0\u1ee3c b\u1ea3o qu\u1ea3n \u1edf nhi\u1ec7t \u0111\u1ed9 \u1ed5n \u0111\u1ecbnh v\u00e0 ti\u1ebft ki\u1ec7m \u0111i\u1ec7n n\u0103ng hi\u1ec7u qu\u1ea3.<\/p>\n<p><strong>L\u01b0u \u00fd: <\/strong>H\u00ecnh \u1ea3nh s\u1ea3n ph\u1ea9m ch\u1ec9 c\u00f3 t\u00ednh ch\u1ea5t minh h\u1ecda<\/p>\n","protected":false},"excerpt":{"rendered":"<p>Ki\u1ec3u t\u1ee7 l\u1ea1nh: Ng\u0103n \u0111\u00e1 ph\u00eda d\u01b0\u1edbi<\/p>\n<p>Dung t\u00edch s\u1eed d\u1ee5ng: 450 l\u00edt<\/p>\n<p>Dung t\u00edch ng\u0103n l\u1ea1nh: 253 l\u00edt<\/p>\n<p>Dung t\u00edch ng\u0103n \u0111\u00e1: 107 l\u00edt<\/p>\n<p>C\u00f4ng ngh\u1ec7 Inverter: C\u00f3<\/p>\n<p>Kh\u00e1ng khu\u1ea9n, kh\u1eed m\u00f9i: B\u1ed9 l\u1ecdc Carbon ho\u1ea1t t\u00ednh<\/p>\n<p>S\u1ed1 c\u1eeda: 3 c\u1eeda<\/p>\n<p>Ti\u1ec7n \u00edch: Chu\u00f4ng b\u00e1o khi qu\u00ean \u0111\u00f3ng c\u1eeda, L\u00e0m \u0111\u00e1 t\u1ef1 \u0111\u1ed9ng,\u00a0<a href=\"https:\/\/meta.vn\/tu-lanh-c1015?specs=2672.58377\">Ng\u0103n \u0111\u00e1 d\u01b0\u1edbi<\/a>,\u00a0<a href=\"https:\/\/meta.vn\/tu-lanh-c1015?specs=2672.58373\">Ng\u0103n \u0111\u00f4ng m\u1ec1m<\/a><\/p>\n<p>\u0110i\u1ec7n n\u0103ng ti\u00eau th\u1ee5: 1,04 kW\/ng\u00e0y<\/p>\n<p>Ng\u0103n rau qu\u1ea3: 90 l\u00edt<\/p>\n<p>Ch\u1ea5t li\u1ec7u khay: K\u00ednh ch\u1ecbu l\u1ef1c<\/p>\n<p>Ch\u1ea5t li\u1ec7u b\u00ean ngo\u00e0i: M\u1eb7t g\u01b0\u01a1ng<\/p>\n<p>N\u0103m ra m\u1eaft: 2020<\/p>\n<p>Ngu\u1ed3n \u0111i\u1ec7n \u00e1p: 220V\/50Hz<\/p>\n<p>M\u00e0u s\u1eafc: N\u00e2u kh\u00f3i<\/p>\n<p>K\u00edch th\u01b0\u1edbc: Cao x R\u1ed9ng x S\u00e2u\u00a0(179,8cm x 70,9cm x 69,9cm)<\/p>\n<p>Tr\u1ecdng l\u01b0\u1ee3ng s\u1ea3n ph\u1ea9m: 85kg<\/p>\n<p>Xu\u1ea5t x\u1ee9 th\u01b0\u01a1ng hi\u1ec7u: Nh\u1eadt B\u1ea3n<\/p>\n<p>S\u1ea3n xu\u1ea5t t\u1ea1i: Th\u00e1i Lan<\/p>\n<p>&nbsp;<\/p>\n","protected":false},"featured_media":21159,"comment_status":"open","ping_status":"closed","template":"","meta":[],"product_brand":[],"product_cat":[1992,201,1990],"product_tag":[],"class_list":{"0":"post-20934","1":"product","2":"type-product","3":"status-publish","4":"has-post-thumbnail","6":"product_cat-thuong-hieu-mitsubishi-electric","7":"product_cat-tu-lanh","8":"product_cat-tu-lanh-mitsubishi-electric","10":"first","11":"instock","12":"sale","13":"shipping-taxable","14":"purchasable","15":"product-type-simple"},"_links":{"self":[{"href":"https:\/\/livinghome.vn\/thiet-bi\/wp-json\/wp\/v2\/product\/20934","targetHints":{"allow":["GET"]}}],"collection":[{"href":"https:\/\/livinghome.vn\/thiet-bi\/wp-json\/wp\/v2\/product"}],"about":[{"href":"https:\/\/livinghome.vn\/thiet-bi\/wp-json\/wp\/v2\/types\/product"}],"replies":[{"embeddable":true,"href":"https:\/\/livinghome.vn\/thiet-bi\/wp-json\/wp\/v2\/comments?post=20934"}],"wp:featuredmedia":[{"embeddable":true,"href":"https:\/\/livinghome.vn\/thiet-bi\/wp-json\/wp\/v2\/media\/21159"}],"wp:attachment":[{"href":"https:\/\/livinghome.vn\/thiet-bi\/wp-json\/wp\/v2\/media?parent=20934"}],"wp:term":[{"taxonomy":"product_brand","embeddable":true,"href":"https:\/\/livinghome.vn\/thiet-bi\/wp-json\/wp\/v2\/product_brand?post=20934"},{"taxonomy":"product_cat","embeddable":true,"href":"https:\/\/livinghome.vn\/thiet-bi\/wp-json\/wp\/v2\/product_cat?post=20934"},{"taxonomy":"product_tag","embeddable":true,"href":"https:\/\/livinghome.vn\/thiet-bi\/wp-json\/wp\/v2\/product_tag?post=20934"}],"curies":[{"name":"wp","href":"https:\/\/api.w.org\/{rel}","templated":true}]}}