{"id":2093,"date":"2023-01-12T16:45:23","date_gmt":"2023-01-12T16:45:23","guid":{"rendered":"https:\/\/livinghome.vn\/thiet-bi\/?post_type=product&#038;p=2093"},"modified":"2024-11-29T14:20:33","modified_gmt":"2024-11-29T07:20:33","slug":"chau-rua-teka-be-linea-rs15-2b-860-lap-am-2-hoc-rua-86cm","status":"publish","type":"product","link":"https:\/\/livinghome.vn\/thiet-bi\/chau-rua-teka-be-linea-rs15-2b-860-lap-am-2-hoc-rua-86cm\/","title":{"rendered":"Ch\u1eadu r\u1eeda Teka BE LINEA RS15 2B 860 l\u1eafp \u00e2m 2 h\u1ed9c r\u1eeda 86cm"},"content":{"rendered":"<h2>Ch\u1eadu r\u1eeda Teka BE LINEA RS15 2B 860 v\u1edbi c\u00f4ng ngh\u1ec7 SilentSmart ch\u1ed1ng ti\u1ebfng \u1ed3n<\/h2>\n<p>Ch\u1eadu r\u1eeda ch\u00e9n d\u0129a l\u00e0 m\u1ed9t trong nh\u1eefng ngu\u1ed3n g\u00e2y ra ti\u1ebfng \u1ed3n kh\u00f3 ch\u1ecbu \u1ea3nh h\u01b0\u1edfng \u0111\u1ebfn gia \u0111\u00ecnh b\u1ea1n? \u0110\u1eebng lo l\u1eafng, b\u1ed3n r\u1eeda v\u1edbi c\u00f4ng ngh\u1ec7 SilentSmart c\u00f3 thi\u1ebft k\u1ebf gi\u1ea3m ti\u1ebfng \u1ed3n \u0111\u1ea3m b\u1ea3o cho b\u1ea1n s\u1ef1 tho\u00e1i m\u00e1i v\u00e0 ti\u1ec7n l\u1ee3i c\u1ea3 ng\u00e0y.<\/p>\n<figure id=\"attachment_65537\" aria-describedby=\"caption-attachment-65537\" style=\"width: 800px\" class=\"wp-caption alignnone\"><img loading=\"lazy\" decoding=\"async\" class=\"size-large wp-image-65537\" src=\"https:\/\/livinghome.vn\/thiet-bi\/wp-content\/uploads\/nha-bep\/teka\/chau-rua\/chau-rua-teka-be-linea-rs15-2b-860\/chau-rua-teka-be-linea-rs15-2b-860-1-800x800.jpg\" alt=\"Ch\u1eadu r\u1eeda Teka BE LINEA RS15 2B 860 l\u1eafp \u00e2m 2 h\u1ed9c r\u1eeda 86cm\" width=\"800\" height=\"800\" title=\"\"><figcaption id=\"caption-attachment-65537\" class=\"wp-caption-text\">Ch\u1eadu r\u1eeda Teka BE LINEA RS15 2B 860 l\u1eafp \u00e2m 2 h\u1ed9c r\u1eeda nh\u1eadp kh\u1ea9u ch\u00e2u \u00c2u<\/figcaption><\/figure>\n<h3><strong>T\u00ednh n\u0103ng c\u01a1 b\u1ea3n<\/strong><\/h3>\n<ul>\n<li><a href=\"https:\/\/livinghome.vn\/thiet-bi\/dung-cu-nha-bep\/chau-rua-chen\/\">Ch\u1eadu r\u1eeda<\/a> l\u1eafp \u00e2m<\/li>\n<li>Ki\u1ec3u d\u00e1ng 2 h\u1ed9c r\u1eeda<\/li>\n<li>Ch\u1ea5t li\u1ec7u th\u00e9p kh\u00f4ng g\u1ec9<\/li>\n<li>K\u00edch th\u01b0\u1edbc h\u1ed9c r\u1eeda: 400 x 400 x 200mm<\/li>\n<li>Gi\u1edbi h\u1ea1n h\u1ed9c t\u1ee7 d\u01b0\u1edbi &gt;90cm<\/li>\n<li>Ph\u1ee5 ki\u1ec7n: B\u1ed9 x\u1ea3 3\u00bd v\u00e0 x\u1ea3 tr\u00e0n<\/li>\n<li>Xu\u1ea5t x\u1ee9 T\u00e2y Ban Nha<\/li>\n<\/ul>\n<figure id=\"attachment_65542\" aria-describedby=\"caption-attachment-65542\" style=\"width: 800px\" class=\"wp-caption alignnone\"><img loading=\"lazy\" decoding=\"async\" class=\"size-large wp-image-65542\" src=\"https:\/\/livinghome.vn\/thiet-bi\/wp-content\/uploads\/nha-bep\/teka\/chau-rua\/chau-rua-teka-be-linea-rs15-2b-860\/chau-rua-teka-be-linea-rs15-2b-860-6-800x800.jpg\" alt=\"Ch\u1eadu r\u1eeda Teka BE LINEA RS15 2B 860 l\u1eafp \u00e2m 2 h\u1ed9c r\u1eeda 86cm\" width=\"800\" height=\"800\" title=\"\"><figcaption id=\"caption-attachment-65542\" class=\"wp-caption-text\">Th\u00f4ng s\u1ed1 k\u1ef9 thu\u1eadt ch\u1eadu r\u1eeda Teka BE LINEA RS15 2B 860<\/figcaption><\/figure>\n<h3><strong>Th\u00f4ng s\u1ed1 k\u1ef9 thu\u1eadt<\/strong><\/h3>\n<ul>\n<li><strong>Lo\u1ea1i van l\u1ed7:\u00a0<\/strong>3\u00bd&#8221;<\/li>\n<li><strong>Khoang l\u00f2 (cm): <\/strong>90<\/li>\n<\/ul>\n<h4 class=\"et_pb_toggle_title\">K\u00edch th\u01b0\u1edbc chung<\/h4>\n<div class=\"et_pb_toggle_content clearfix\">\n<ul>\n<li><strong>Chi\u1ec1u r\u1ed9ng (mm):\u00a0<\/strong>440<\/li>\n<li><strong>\u0110\u1ed9 s\u00e2u (mm):\u00a0<\/strong>200<\/li>\n<li><strong>Tr\u1ecdng l\u01b0\u1ee3ng (Kgs):\u00a0<\/strong>6,96<\/li>\n<\/ul>\n<h4 class=\"et_pb_toggle_title\">K\u00edch th\u01b0\u1edbc b\u00e1t ch\u00ednh<\/h4>\n<div class=\"et_pb_toggle_content clearfix\">\n<ul>\n<li><strong>Chi\u1ec1u d\u00e0i b\u00e1t ch\u00ednh (mm):\u00a0<\/strong>400<\/li>\n<li><strong>Chi\u1ec1u r\u1ed9ng b\u00e1t ch\u00ednh (mm):\u00a0<\/strong>400<\/li>\n<li><strong>\u0110\u1ed9 s\u00e2u b\u00e1t ch\u00ednh (mm):\u00a0<\/strong>200<\/li>\n<\/ul>\n<h4 class=\"et_pb_toggle_title\">K\u00edch th\u01b0\u1edbc b\u00e1t th\u1ee9 c\u1ea5p<\/h4>\n<ul>\n<li><strong>Chi\u1ec1u d\u00e0i b\u00e1t th\u1ee9 c\u1ea5p (mm):\u00a0<\/strong>400<\/li>\n<li><strong>Chi\u1ec1u r\u1ed9ng b\u00e1t th\u1ee9 c\u1ea5p (mm):\u00a0<\/strong>400<\/li>\n<li><strong>\u0110\u1ed9 s\u00e2u b\u00e1t th\u1ee9 c\u1ea5p (mm):\u00a0<\/strong>200<\/li>\n<\/ul>\n<\/div>\n<\/div>\n<h3><strong>Xu\u1ea5t x\u1ee9:\u00a0T\u00e2y Ban Nha<\/strong><\/h3>\n","protected":false},"excerpt":{"rendered":"<div id=\"product-title\" class=\"et_pb_module et_pb_text et_pb_bg_layout_light et_pb_text_align_left\">\n<div class=\"et_pb_text_inner\">\n<div id=\"product-title\" class=\"et_pb_module et_pb_text et_pb_bg_layout_light et_pb_text_align_left\">\n<div class=\"et_pb_text_inner\">\n<h2 style=\"text-align: center;\"><strong>Ch\u1eadu r\u1eeda Teka BE LINEA RS15 2B 860<\/strong><\/h2>\n<\/div>\n<\/div>\n<div class=\"et_pb_module et_pb_text et_pb_text_1 et_pb_bg_layout_light et_pb_text_align_left\">\n<div class=\"et_pb_text_inner\">\n<div id=\"product-content\">\n<p style=\"text-align: center;\">Ch\u1ea5t li\u1ec7u th\u00e9p kh\u00f4ng g\u1ec9<\/p>\n<p style=\"text-align: center;\">K\u00edch th\u01b0\u1edbc h\u1ed9c r\u1eeda: 400 x 400 x 200mm<\/p>\n<p style=\"text-align: center;\">Gi\u1edbi h\u1ea1n h\u1ed9c t\u1ee7 d\u01b0\u1edbi &gt;90cm<\/p>\n<p style=\"text-align: center;\">Xu\u1ea5t x\u1ee9: T\u00e2y Ban Nha<\/p>\n<\/div>\n<\/div>\n<\/div>\n<\/div>\n<\/div>\n","protected":false},"featured_media":2270,"comment_status":"open","ping_status":"closed","template":"","meta":[],"product_brand":[],"product_cat":[331,311],"product_tag":[148,332,333,334],"class_list":{"0":"post-2093","1":"product","2":"type-product","3":"status-publish","4":"has-post-thumbnail","6":"product_cat-chau-rua-chen-teka","7":"product_cat-thuong-hieu-teka","8":"product_tag-chau-rua-chen","9":"product_tag-chau-rua-chen-teka","10":"product_tag-chau-rua-chen-thep","11":"product_tag-chau-rua-lap-am","13":"first","14":"instock","15":"sale","16":"shipping-taxable","17":"purchasable","18":"product-type-simple"},"_links":{"self":[{"href":"https:\/\/livinghome.vn\/thiet-bi\/wp-json\/wp\/v2\/product\/2093","targetHints":{"allow":["GET"]}}],"collection":[{"href":"https:\/\/livinghome.vn\/thiet-bi\/wp-json\/wp\/v2\/product"}],"about":[{"href":"https:\/\/livinghome.vn\/thiet-bi\/wp-json\/wp\/v2\/types\/product"}],"replies":[{"embeddable":true,"href":"https:\/\/livinghome.vn\/thiet-bi\/wp-json\/wp\/v2\/comments?post=2093"}],"wp:featuredmedia":[{"embeddable":true,"href":"https:\/\/livinghome.vn\/thiet-bi\/wp-json\/wp\/v2\/media\/2270"}],"wp:attachment":[{"href":"https:\/\/livinghome.vn\/thiet-bi\/wp-json\/wp\/v2\/media?parent=2093"}],"wp:term":[{"taxonomy":"product_brand","embeddable":true,"href":"https:\/\/livinghome.vn\/thiet-bi\/wp-json\/wp\/v2\/product_brand?post=2093"},{"taxonomy":"product_cat","embeddable":true,"href":"https:\/\/livinghome.vn\/thiet-bi\/wp-json\/wp\/v2\/product_cat?post=2093"},{"taxonomy":"product_tag","embeddable":true,"href":"https:\/\/livinghome.vn\/thiet-bi\/wp-json\/wp\/v2\/product_tag?post=2093"}],"curies":[{"name":"wp","href":"https:\/\/api.w.org\/{rel}","templated":true}]}}