{"id":2092,"date":"2023-01-12T16:45:23","date_gmt":"2023-01-12T16:45:23","guid":{"rendered":"https:\/\/livinghome.vn\/thiet-bi\/?post_type=product&#038;p=2092"},"modified":"2024-11-29T14:20:33","modified_gmt":"2024-11-29T07:20:33","slug":"lo-nuong-teka-hsb-615-thep-khong-gi-dung-tich-70l","status":"publish","type":"product","link":"https:\/\/livinghome.vn\/thiet-bi\/lo-nuong-teka-hsb-615-thep-khong-gi-dung-tich-70l\/","title":{"rendered":"L\u00f2 n\u01b0\u1edbng Teka HSB 615 th\u00e9p kh\u00f4ng g\u1ec9 dung t\u00edch 70L"},"content":{"rendered":"<h3>L\u00f2 n\u01b0\u1edbng Teka HSB 615 th\u00e9p kh\u00f4ng g\u1ec9 dung t\u00edch 70L<\/h3>\n<figure id=\"attachment_65732\" aria-describedby=\"caption-attachment-65732\" style=\"width: 800px\" class=\"wp-caption alignnone\"><img loading=\"lazy\" decoding=\"async\" class=\"wp-image-65732 size-large\" src=\"https:\/\/livinghome.vn\/thiet-bi\/wp-content\/uploads\/nha-bep\/teka\/lo-nuong\/lo-nuong-teka-hsb-615\/lo-nuong-teka-hsb-615-1-800x800.jpg\" alt=\"L\u00f2 n\u01b0\u1edbng Teka HSB 615 th\u00e9p kh\u00f4ng g\u1ec9 dung t\u00edch 70L\" width=\"800\" height=\"800\" title=\"\"><figcaption id=\"caption-attachment-65732\" class=\"wp-caption-text\">L\u00f2 n\u01b0\u1edbng Teka HSB 615 th\u00e9p kh\u00f4ng g\u1ec9 dung t\u00edch 70L<\/figcaption><\/figure>\n<p>L\u00f2 n\u01b0\u1edbng Teka HSB 615 s\u1ebd l\u00e0 tr\u1ee3 th\u1ee7 \u0111\u1eafc l\u1ef1c cho ch\u1ecb em ph\u1ee5 n\u1eef th\u1ec3 hi\u1ec7n t\u00e0i n\u0103ng n\u1ea5u n\u01b0\u1edbng c\u1ee7a m\u00ecnh, c\u0169ng nh\u01b0 l\u00e0 \u0111\u1ea5ng m\u00e0y r\u00e2u c\u0169ng c\u00f3 th\u1ec3 ra tay n\u01b0\u1edbng nh\u1eefng m\u00f3n \u0103n ngon, b\u1ed5 d\u01b0\u1ee1ng m\u00e0 l\u1ea1i an to\u00e0n, kh\u00f4ng m\u1ea5t nhi\u1ec1u th\u1eddi gian. S\u1ea3n ph\u1ea9m c\u0169ng \u0111\u01b0\u1ee3c d\u00f9ng nhi\u1ec1u \u1edf nh\u00e0 h\u00e0ng, kh\u00e1ch s\u1ea1n, c\u00e1c qu\u00e1n \u0103n l\u1edbn, nh\u1ecf,\u2026<\/p>\n<h3>T\u00ednh n\u0103ng c\u01a1 b\u1ea3n<\/h3>\n<ul>\n<li><a href=\"https:\/\/livinghome.vn\/thiet-bi\/lo-nuong-am\/\">L\u00f2 n\u01b0\u1edbng<\/a> &#8211; L\u00f2 n\u01b0\u1edbng \u00e2m t\u1ee7<\/li>\n<li>L\u00f2 n\u01b0\u1edbng \u0111a n\u0103ng v\u1edbi 6 ch\u1ee9c n\u0103ng n\u01b0\u1edbng<\/li>\n<li>C\u00f4ng ngh\u1ec7 v\u1ec7 sinh HydroClean\u00ae ECO .<\/li>\n<li>M\u1ee9c n\u0103ng l\u01b0\u1ee3ng A ti\u1ebft ki\u1ec7m \u0111i\u1ec7n n\u0103ng<\/li>\n<li>Dung t\u00edch (t\u1ed5ng\/th\u1ef1c): 71\/70 l\u00edt.<\/li>\n<li>Ch\u1ee9c n\u0103ng nh\u1eafc nh\u1edf.<\/li>\n<li>Ch\u1ee9c n\u0103ng t\u1ef1 l\u00e0m n\u00f3ng nhanh.<\/li>\n<li>Ch\u1ee9c n\u0103ng r\u00e3 \u0111\u00f4ng v\u00e0 ECO.<\/li>\n<li>Ch\u1ee9c n\u0103ng kh\u00f3a an to\u00e0n.<\/li>\n<li>C\u1eeda k\u00ednh 2 l\u1edbp c\u00e1ch nhi\u1ec7t.<\/li>\n<li>H\u1ec7 th\u1ed1ng thanh tr\u01b0\u1ee3t gi\u00fap l\u1ea5y khay ra d\u1ec5 d\u00e0ng.<\/li>\n<li>H\u1ec7 th\u1ed1ng tho\u00e1t kh\u00ed ra ngo\u00e0i<\/li>\n<li>Ph\u1ee5 ki\u1ec7n: Khay s\u00e2u ch\u1ed1ng tr\u01b0\u1ee3t v\u00e0 v\u1ec9 n\u01b0\u1edbng.<\/li>\n<\/ul>\n<figure id=\"attachment_66886\" aria-describedby=\"caption-attachment-66886\" style=\"width: 800px\" class=\"wp-caption alignnone\"><img loading=\"lazy\" decoding=\"async\" class=\"wp-image-66886 size-large\" src=\"https:\/\/livinghome.vn\/thiet-bi\/wp-content\/uploads\/nha-bep\/teka\/lo-nuong\/lo-nuong-teka-hsb-615\/lo-nuong-teka-hsb-615-2-800x800.jpg\" alt=\"L\u00f2 n\u01b0\u1edbng Teka HSB 615 th\u00e9p kh\u00f4ng g\u1ec9 dung t\u00edch 70L\" width=\"800\" height=\"800\" title=\"\"><figcaption id=\"caption-attachment-66886\" class=\"wp-caption-text\">L\u00f2 n\u01b0\u1edbng Teka HSB 615 th\u00e9p kh\u00f4ng g\u1ec9 dung t\u00edch 70L<\/figcaption><\/figure>\n<p>S\u1ea3n xu\u1ea5t t\u1eeb ch\u1ea5t li\u1ec7u th\u00e9p kh\u00f4ng g\u1ec9 si\u00eau b\u1ec1n, ch\u1ed1ng in d\u1ea5u v\u00e2n tay k\u1ebft h\u1ee3p m\u00e0u \u0111en sang tr\u1ecdng, l\u00f2 n\u01b0\u1edbng \u0111a n\u0103ng Teka HSB 615 s\u1eed d\u1ee5ng c\u1eeda k\u00ednh 2 l\u1edbp c\u00e1ch nhi\u1ec7t an to\u00e0n cao.<\/p>\n<h3>Th\u00f4ng s\u1ed1 k\u1ef9 thu\u1eadt<\/h3>\n<ul>\n<li>Dung t\u00edch (t\u1ed5ng\/th\u1ef1c): 71\/70 l\u00edt.<\/li>\n<\/ul>\n<h4 class=\"et_pb_toggle_title\">K\u00edch th\u01b0\u1edbc chung<\/h4>\n<div class=\"et_pb_toggle_content clearfix\">\n<ul>\n<li>Chi\u1ec1u cao(mm):\u00a0595<\/li>\n<li>Chi\u1ec1u r\u1ed9ng (mm):\u00a0595<\/li>\n<li>\u0110\u1ed9 s\u00e2u (mm):\u00a0537+22<\/li>\n<li>Tr\u1ecdng l\u01b0\u1ee3ng (Kgs):\u00a027<\/li>\n<\/ul>\n<h4 class=\"et_pb_toggle_title\">K\u00edch th\u01b0\u1edbc trong khoang \u0111\u00f4i<\/h4>\n<div class=\"et_pb_toggle_content clearfix\">\n<ul>\n<li>Chi\u1ec1u cao b\u00ean trong (mm):\u00a0364<\/li>\n<li>Chi\u1ec1u r\u1ed9ng b\u00ean trong (mm):\u00a0475<\/li>\n<li>\u0110\u1ed9 s\u00e2u b\u00ean trong (mm):\u00a0402<\/li>\n<li>Dung t\u00edch r\u00f2ng (l\u00edt):\u00a070<\/li>\n<li>T\u1ed5ng dung t\u00edch (l\u00edt):\u00a071<\/li>\n<\/ul>\n<h4 class=\"et_pb_toggle_title\">K\u1ebft n\u1ed1i \u0111i\u1ec7n<\/h4>\n<div class=\"et_pb_toggle_content clearfix\">\n<ul>\n<li>C\u00f4ng su\u1ea5t ti\u00eau chu\u1ea9n t\u1ed1i \u0111a (W):\u00a02615<\/li>\n<li>T\u1ea7n s\u1ed1 (Hz):\u00a050\/60<\/li>\n<li>C\u00f4ng su\u1ea5t (V):\u00a0220-240<\/li>\n<li>Chi\u1ec1u d\u00e0i d\u00e2y c\u00e1p (cm):\u00a0110<\/li>\n<li>\u0110i\u1ec7n n\u0103ng ti\u00eau th\u1ee5 \u0111\u00e8n b\u00ean trong (W):\u00a025<\/li>\n<\/ul>\n<h4 class=\"et_pb_toggle_title\">Ti\u00eau th\u1ee5 n\u0103ng l\u01b0\u1ee3ng<\/h4>\n<div class=\"et_pb_toggle_content clearfix\">\n<ul>\n<li>N\u0103ng l\u01b0\u1ee3ng ti\u00eau th\u1ee5 tr\u00ean m\u1ed7i chu k\u1ef3 \u1edf ch\u1ebf \u0111\u1ed9 th\u00f4ng th\u01b0\u1eddng (kWh):\u00a00.82<\/li>\n<li>N\u0103ng l\u01b0\u1ee3ng ti\u00eau th\u1ee5 tr\u00ean m\u1ed7i chu k\u1ef3 \u1edf ch\u1ebf \u0111\u1ed9 \u0111\u1ed1i l\u01b0u c\u01b0\u1ee1ng b\u1ee9c qu\u1ea1t (kWh):\u00a00,71<\/li>\n<li>\u0110i\u1ec7n n\u0103ng thanh nhi\u1ec7t d\u01b0\u1edbi (W):\u00a01150<\/li>\n<li>N\u01b0\u1edbng (W):\u00a01400<\/li>\n<li>Truy\u1ec1n th\u1ed1ng (W):\u00a02550<\/li>\n<li>\u0110a ch\u1ee9c n\u0103ng Turbo (W):\u00a022<\/li>\n<li>\u0110\u1ed9ng c\u01a1 qu\u1ea1t l\u00e0m m\u00e1t (W):\u00a018<\/li>\n<\/ul>\n<p>L\u00f2 n\u01b0\u1edbng \u0111a n\u0103ng Teka HSB 615\u00a0g\u1ed3m 6 ch\u1ee9c n\u0103ng n\u01b0\u1edbng th\u00f4ng minh, ch\u1ee9c n\u0103ng l\u1eadp tr\u00ecnh th\u1eddi gian n\u01b0\u1edbng th\u00f4ng minh cho b\u1ea1n c\u00e0i \u0111\u1eb7t th\u1eddi gian n\u01b0\u1edbng m\u00e0 kh\u00f4ng c\u1ea7n ph\u1ea3i ch\u1edd \u0111\u1ee3i tr\u1ef1c ti\u1ebfp b\u00ean c\u1ea1nh thi\u1ebft b\u1ecb.<\/p>\n<\/div>\n<\/div>\n<\/div>\n<\/div>\n<h3>Xu\u1ea5t x\u1ee9:\u00a0T\u00e2y Ban Nha<\/h3>\n<div><\/div>\n","protected":false},"excerpt":{"rendered":"<div id=\"product-title\" class=\"et_pb_module et_pb_text et_pb_bg_layout_light et_pb_text_align_left\">\n<div class=\"et_pb_text_inner\">\n<h1>L\u00f2 n\u01b0\u1edbng \u0111\u1ed1i l\u01b0u v\u1edbi 6 ch\u1ee9c n\u0103ng n\u01b0\u1edbng<\/h1>\n<\/div>\n<\/div>\n<div class=\"et_pb_module et_pb_text et_pb_text_1 et_pb_bg_layout_light et_pb_text_align_left\">\n<div class=\"et_pb_text_inner\">\n<div id=\"product-content\">\n<ul>\n<li>C\u00f4ng ngh\u1ec7 v\u1ec7 sinh HydroClean\u00ae ECO<\/li>\n<li>N\u0103ng l\u01b0\u1ee3ng h\u1ea1ng A<\/li>\n<li>Ch\u1ee9c n\u0103ng h\u1eb9n gi\u1edd t\u1eaft m\u00e1y<\/li>\n<li>Dung t\u00edch 70 l\u00edt<\/li>\n<li>Ch\u1ee9c n\u0103ng \u0111\u1eb7c bi\u1ec7t: r\u00e3 \u0111\u00f4ng v\u00e0 n\u01b0\u1edbng ECO<\/li>\n<\/ul>\n<\/div>\n<\/div>\n<\/div>\n","protected":false},"featured_media":2264,"comment_status":"open","ping_status":"closed","template":"","meta":[],"product_brand":[],"product_cat":[95,328,311],"product_tag":[96,154,330,313],"class_list":{"0":"post-2092","1":"product","2":"type-product","3":"status-publish","4":"has-post-thumbnail","6":"product_cat-lo-nuong","7":"product_cat-lo-nuong-teka","8":"product_cat-thuong-hieu-teka","9":"product_tag-lo-nuong","10":"product_tag-lo-nuong-am","11":"product_tag-lo-nuong-teka","12":"product_tag-teka","14":"first","15":"instock","16":"sale","17":"shipping-taxable","18":"purchasable","19":"product-type-simple"},"_links":{"self":[{"href":"https:\/\/livinghome.vn\/thiet-bi\/wp-json\/wp\/v2\/product\/2092","targetHints":{"allow":["GET"]}}],"collection":[{"href":"https:\/\/livinghome.vn\/thiet-bi\/wp-json\/wp\/v2\/product"}],"about":[{"href":"https:\/\/livinghome.vn\/thiet-bi\/wp-json\/wp\/v2\/types\/product"}],"replies":[{"embeddable":true,"href":"https:\/\/livinghome.vn\/thiet-bi\/wp-json\/wp\/v2\/comments?post=2092"}],"wp:featuredmedia":[{"embeddable":true,"href":"https:\/\/livinghome.vn\/thiet-bi\/wp-json\/wp\/v2\/media\/2264"}],"wp:attachment":[{"href":"https:\/\/livinghome.vn\/thiet-bi\/wp-json\/wp\/v2\/media?parent=2092"}],"wp:term":[{"taxonomy":"product_brand","embeddable":true,"href":"https:\/\/livinghome.vn\/thiet-bi\/wp-json\/wp\/v2\/product_brand?post=2092"},{"taxonomy":"product_cat","embeddable":true,"href":"https:\/\/livinghome.vn\/thiet-bi\/wp-json\/wp\/v2\/product_cat?post=2092"},{"taxonomy":"product_tag","embeddable":true,"href":"https:\/\/livinghome.vn\/thiet-bi\/wp-json\/wp\/v2\/product_tag?post=2092"}],"curies":[{"name":"wp","href":"https:\/\/api.w.org\/{rel}","templated":true}]}}