{"id":20867,"date":"2024-04-23T15:41:05","date_gmt":"2024-04-23T08:41:05","guid":{"rendered":"https:\/\/livinghome.vn\/thiet-bi\/?post_type=product&#038;p=20867"},"modified":"2024-11-29T14:18:57","modified_gmt":"2024-11-29T07:18:57","slug":"tu-lanh-mitsubishi-inverter-272-lit-mr-cx35em-brw-v","status":"publish","type":"product","link":"https:\/\/livinghome.vn\/thiet-bi\/tu-lanh-mitsubishi-inverter-272-lit-mr-cx35em-brw-v\/","title":{"rendered":"T\u1ee7 L\u1ea1nh Mitsubishi Electric Inverter 272 L\u00edt MR-CX35EM-BRW-V"},"content":{"rendered":"<h2>\u01afu \u0111i\u1ec3m c\u1ee7a t\u1ee7 l\u1ea1nh Mitsubishi Inverter 272 l\u00edt MR-CX35EM-BRW-V<\/h2>\n<p>T\u1ee7 l\u1ea1nh Mitsubishi Inverter 272 l\u00edt MR-CX35EM-BRW-V kh\u00f4ng ch\u1ec9 l\u00e0 m\u1ed9t thi\u1ebft b\u1ecb gia \u0111\u00ecnh th\u00f4ng th\u01b0\u1eddng, m\u00e0 c\u00f2n l\u00e0 ng\u01b0\u1eddi b\u1ea1n \u0111\u1ed3ng h\u00e0nh \u0111\u00e1ng tin c\u1eady trong vi\u1ec7c b\u1ea3o qu\u1ea3n th\u1ef1c ph\u1ea9m. V\u1edbi thi\u1ebft k\u1ebf hi\u1ec7n \u0111\u1ea1i v\u00e0 ti\u1ec7n \u00edch \u0111a d\u1ea1ng, s\u1ea3n ph\u1ea9m n\u00e0y \u0111em l\u1ea1i nhi\u1ec1u l\u1ee3i \u00edch \u0111\u00e1ng gi\u00e1 cho ng\u01b0\u1eddi s\u1eed d\u1ee5ng.<\/p>\n<h3>C\u00f3 3 ng\u0103n ri\u00eang bi\u1ec7t<\/h3>\n<p>V\u1edbi 3 ng\u0103n ri\u00eang bi\u1ec7t, t\u1ee7 l\u1ea1nh n\u00e0y cho ph\u00e9p b\u1ea1n t\u1ed5 ch\u1ee9c v\u00e0 ph\u00e2n lo\u1ea1i th\u1ef1c ph\u1ea9m m\u1ed9t c\u00e1ch d\u1ec5 d\u00e0ng. Ng\u0103n \u0111\u00e1 d\u01b0\u1edbi c\u00f9ng, ng\u0103n l\u1ea1nh \u1edf tr\u00ean c\u00f9ng v\u00e0 khay g\u1eadp linh \u0111\u1ed9ng b\u00ean trong t\u1ea1o \u0111i\u1ec1u ki\u1ec7n thu\u1eadn l\u1ee3i cho vi\u1ec7c s\u1eafp x\u1ebfp v\u00e0 l\u1ea5y th\u1ef1c ph\u1ea9m.<\/p>\n<figure id=\"attachment_20870\" aria-describedby=\"caption-attachment-20870\" style=\"width: 1200px\" class=\"wp-caption aligncenter\"><img loading=\"lazy\" decoding=\"async\" class=\"size-full wp-image-20870\" src=\"https:\/\/livinghome.vn\/thiet-bi\/wp-content\/uploads\/2024\/04\/tu-lanh-mitsubishi-inverter-272-lit-mr-cx35em-brw-v-3.jpg\" alt=\"T\u1ee7 L\u1ea1nh Mitsubishi Inverter 272 L\u00edt MR-CX35EM-BRW-V \" width=\"1200\" height=\"900\" title=\"\" srcset=\"https:\/\/livinghome.vn\/thiet-bi\/wp-content\/uploads\/2024\/04\/tu-lanh-mitsubishi-inverter-272-lit-mr-cx35em-brw-v-3.jpg 1200w, https:\/\/livinghome.vn\/thiet-bi\/wp-content\/uploads\/2024\/04\/tu-lanh-mitsubishi-inverter-272-lit-mr-cx35em-brw-v-3-533x400.jpg 533w, https:\/\/livinghome.vn\/thiet-bi\/wp-content\/uploads\/2024\/04\/tu-lanh-mitsubishi-inverter-272-lit-mr-cx35em-brw-v-3-1067x800.jpg 1067w, https:\/\/livinghome.vn\/thiet-bi\/wp-content\/uploads\/2024\/04\/tu-lanh-mitsubishi-inverter-272-lit-mr-cx35em-brw-v-3-768x576.jpg 768w, https:\/\/livinghome.vn\/thiet-bi\/wp-content\/uploads\/2024\/04\/tu-lanh-mitsubishi-inverter-272-lit-mr-cx35em-brw-v-3-600x450.jpg 600w\" sizes=\"auto, (max-width: 1200px) 100vw, 1200px\" \/><figcaption id=\"caption-attachment-20870\" class=\"wp-caption-text\">T\u1ee7 L\u1ea1nh Mitsubishi Inverter 272 L\u00edt MR-CX35EM-BRW-V<\/figcaption><\/figure>\n<h3>C\u00f4ng ngh\u1ec7 l\u00e0m l\u1ea1nh \u0111a chi\u1ec1u<\/h3>\n<p>C\u00f4ng ngh\u1ec7 l\u00e0m l\u1ea1nh \u0111a chi\u1ec1u gi\u00fap b\u1ea3o qu\u1ea3n th\u1ef1c ph\u1ea9m l\u00e2u h\u01a1n b\u1eb1ng c\u00e1ch ph\u00e2n ph\u1ed1i lu\u1ed3ng kh\u00ed l\u1ea1nh \u0111\u1ed3ng \u0111\u1ec1u v\u00e0o m\u1ecdi v\u1ecb tr\u00ed trong ng\u0103n t\u1ee7.<\/p>\n<figure id=\"attachment_20871\" aria-describedby=\"caption-attachment-20871\" style=\"width: 1200px\" class=\"wp-caption aligncenter\"><img loading=\"lazy\" decoding=\"async\" class=\"size-full wp-image-20871\" src=\"https:\/\/livinghome.vn\/thiet-bi\/wp-content\/uploads\/2024\/04\/tu-lanh-mitsubishi-inverter-272-lit-mr-cx35em-brw-v-4.jpg\" alt=\"T\u1ee7 L\u1ea1nh Mitsubishi Inverter 272 L\u00edt MR-CX35EM-BRW-V \" width=\"1200\" height=\"900\" title=\"\" srcset=\"https:\/\/livinghome.vn\/thiet-bi\/wp-content\/uploads\/2024\/04\/tu-lanh-mitsubishi-inverter-272-lit-mr-cx35em-brw-v-4.jpg 1200w, https:\/\/livinghome.vn\/thiet-bi\/wp-content\/uploads\/2024\/04\/tu-lanh-mitsubishi-inverter-272-lit-mr-cx35em-brw-v-4-533x400.jpg 533w, https:\/\/livinghome.vn\/thiet-bi\/wp-content\/uploads\/2024\/04\/tu-lanh-mitsubishi-inverter-272-lit-mr-cx35em-brw-v-4-1067x800.jpg 1067w, https:\/\/livinghome.vn\/thiet-bi\/wp-content\/uploads\/2024\/04\/tu-lanh-mitsubishi-inverter-272-lit-mr-cx35em-brw-v-4-768x576.jpg 768w, https:\/\/livinghome.vn\/thiet-bi\/wp-content\/uploads\/2024\/04\/tu-lanh-mitsubishi-inverter-272-lit-mr-cx35em-brw-v-4-600x450.jpg 600w\" sizes=\"auto, (max-width: 1200px) 100vw, 1200px\" \/><figcaption id=\"caption-attachment-20871\" class=\"wp-caption-text\">T\u1ee7 L\u1ea1nh Mitsubishi Inverter 272 L\u00edt MR-CX35EM-BRW-V<\/figcaption><\/figure>\n<h3>Dung t\u00edch t\u1ee7 272 l\u00edt<\/h3>\n<p>V\u1edbi dung t\u00edch 272 l\u00edt, t\u1ee7 l\u1ea1nh n\u00e0y \u0111\u00e1p \u1ee9ng nhu c\u1ea7u cho gia \u0111\u00ecnh t\u1eeb 3 \u0111\u1ebfn 5 ng\u01b0\u1eddi. H\u1ed9p ch\u1ee9a n\u01b0\u1edbc ti\u1ec7n l\u1ee3i \u0111\u01b0\u1ee3c thi\u1ebft k\u1ebf \u1ea9n trong khoang l\u1ea1nh, gi\u00fap ti\u1ebft ki\u1ec7m kh\u00f4ng gian cho t\u1ee7 l\u1ea1nh.<\/p>\n<figure id=\"attachment_20869\" aria-describedby=\"caption-attachment-20869\" style=\"width: 1200px\" class=\"wp-caption aligncenter\"><img loading=\"lazy\" decoding=\"async\" class=\"size-full wp-image-20869\" src=\"https:\/\/livinghome.vn\/thiet-bi\/wp-content\/uploads\/2024\/04\/tu-lanh-mitsubishi-inverter-272-lit-mr-cx35em-brw-v-2.jpg\" alt=\"T\u1ee7 L\u1ea1nh Mitsubishi Inverter 272 L\u00edt MR-CX35EM-BRW-V \" width=\"1200\" height=\"900\" title=\"\" srcset=\"https:\/\/livinghome.vn\/thiet-bi\/wp-content\/uploads\/2024\/04\/tu-lanh-mitsubishi-inverter-272-lit-mr-cx35em-brw-v-2.jpg 1200w, https:\/\/livinghome.vn\/thiet-bi\/wp-content\/uploads\/2024\/04\/tu-lanh-mitsubishi-inverter-272-lit-mr-cx35em-brw-v-2-533x400.jpg 533w, https:\/\/livinghome.vn\/thiet-bi\/wp-content\/uploads\/2024\/04\/tu-lanh-mitsubishi-inverter-272-lit-mr-cx35em-brw-v-2-1067x800.jpg 1067w, https:\/\/livinghome.vn\/thiet-bi\/wp-content\/uploads\/2024\/04\/tu-lanh-mitsubishi-inverter-272-lit-mr-cx35em-brw-v-2-768x576.jpg 768w, https:\/\/livinghome.vn\/thiet-bi\/wp-content\/uploads\/2024\/04\/tu-lanh-mitsubishi-inverter-272-lit-mr-cx35em-brw-v-2-600x450.jpg 600w\" sizes=\"auto, (max-width: 1200px) 100vw, 1200px\" \/><figcaption id=\"caption-attachment-20869\" class=\"wp-caption-text\">T\u1ee7 L\u1ea1nh Mitsubishi Inverter 272 L\u00edt MR-CX35EM-BRW-V<\/figcaption><\/figure>\n<h3>C\u00f4ng ngh\u1ec7 l\u00e0m \u0111\u00e1 t\u1ef1 \u0111\u1ed9ng<\/h3>\n<p>H\u1ec7 th\u1ed1ng l\u00e0m \u0111\u00e1 t\u1ef1 \u0111\u1ed9ng v\u00e0 ng\u0103n rau c\u1ee7 v\u1edbi \u00e1nh s\u00e1ng \u0111\u00e8n t\u1ea1o m\u00f4i tr\u01b0\u1eddng quang h\u1ee3p gi\u00fap th\u1ef1c ph\u1ea9m t\u01b0\u01a1i l\u00e2u v\u00e0 gi\u00e0u dinh d\u01b0\u1ee1ng.<\/p>\n<figure id=\"attachment_20873\" aria-describedby=\"caption-attachment-20873\" style=\"width: 1200px\" class=\"wp-caption aligncenter\"><img loading=\"lazy\" decoding=\"async\" class=\"size-full wp-image-20873\" src=\"https:\/\/livinghome.vn\/thiet-bi\/wp-content\/uploads\/2024\/04\/tu-lanh-mitsubishi-inverter-272-lit-mr-cx35em-brw-v-6.jpg\" alt=\"T\u1ee7 L\u1ea1nh Mitsubishi Inverter 272 L\u00edt MR-CX35EM-BRW-V \" width=\"1200\" height=\"900\" title=\"\" srcset=\"https:\/\/livinghome.vn\/thiet-bi\/wp-content\/uploads\/2024\/04\/tu-lanh-mitsubishi-inverter-272-lit-mr-cx35em-brw-v-6.jpg 1200w, https:\/\/livinghome.vn\/thiet-bi\/wp-content\/uploads\/2024\/04\/tu-lanh-mitsubishi-inverter-272-lit-mr-cx35em-brw-v-6-533x400.jpg 533w, https:\/\/livinghome.vn\/thiet-bi\/wp-content\/uploads\/2024\/04\/tu-lanh-mitsubishi-inverter-272-lit-mr-cx35em-brw-v-6-1067x800.jpg 1067w, https:\/\/livinghome.vn\/thiet-bi\/wp-content\/uploads\/2024\/04\/tu-lanh-mitsubishi-inverter-272-lit-mr-cx35em-brw-v-6-768x576.jpg 768w, https:\/\/livinghome.vn\/thiet-bi\/wp-content\/uploads\/2024\/04\/tu-lanh-mitsubishi-inverter-272-lit-mr-cx35em-brw-v-6-600x450.jpg 600w\" sizes=\"auto, (max-width: 1200px) 100vw, 1200px\" \/><figcaption id=\"caption-attachment-20873\" class=\"wp-caption-text\">T\u1ee7 L\u1ea1nh Mitsubishi Inverter 272 L\u00edt MR-CX35EM-BRW-V<\/figcaption><\/figure>\n<h3>Kh\u00e1ng khu\u1ea9n, kh\u1eed m\u00f9i hi\u1ec7u qu\u1ea3<\/h3>\n<p>T\u1ee7 l\u1ea1nh c\u00f2n \u0111\u01b0\u1ee3c trang b\u1ecb b\u1ed9 l\u1ecdc sinh carbon ho\u1ea1t t\u00ednh gi\u00fap kh\u1eed m\u00f9i, kh\u00e1ng khu\u1ea9n hi\u1ec7u qu\u1ea3. C\u00f4ng ngh\u1ec7 Neuro Inverter gi\u00fap ti\u1ebft ki\u1ec7m \u0111i\u1ec7n n\u0103ng.<\/p>\n<h3>Khay k\u00ednh ch\u1ecbu l\u1ef1c<\/h3>\n<p>Khay k\u00ednh ch\u1ecbu l\u1ef1c v\u00e0 \u0111\u1ec7m cao su kh\u00e1ng khu\u1ea9n c\u00f9ng v\u1edbi \u00e1nh s\u00e1ng LED tr\u1eafng sang tr\u1ecdng l\u00e0 nh\u1eefng t\u00ednh n\u0103ng ti\u1ec7n \u00edch v\u00e0 hi\u1ec7u qu\u1ea3 c\u1ee7a s\u1ea3n ph\u1ea9m n\u00e0y.<\/p>\n<figure id=\"attachment_20874\" aria-describedby=\"caption-attachment-20874\" style=\"width: 1200px\" class=\"wp-caption aligncenter\"><img loading=\"lazy\" decoding=\"async\" class=\"size-full wp-image-20874\" src=\"https:\/\/livinghome.vn\/thiet-bi\/wp-content\/uploads\/2024\/04\/tu-lanh-mitsubishi-inverter-272-lit-mr-cx35em-brw-v-7.jpg\" alt=\"T\u1ee7 L\u1ea1nh Mitsubishi Inverter 272 L\u00edt MR-CX35EM-BRW-V \" width=\"1200\" height=\"900\" title=\"\" srcset=\"https:\/\/livinghome.vn\/thiet-bi\/wp-content\/uploads\/2024\/04\/tu-lanh-mitsubishi-inverter-272-lit-mr-cx35em-brw-v-7.jpg 1200w, https:\/\/livinghome.vn\/thiet-bi\/wp-content\/uploads\/2024\/04\/tu-lanh-mitsubishi-inverter-272-lit-mr-cx35em-brw-v-7-533x400.jpg 533w, https:\/\/livinghome.vn\/thiet-bi\/wp-content\/uploads\/2024\/04\/tu-lanh-mitsubishi-inverter-272-lit-mr-cx35em-brw-v-7-1067x800.jpg 1067w, https:\/\/livinghome.vn\/thiet-bi\/wp-content\/uploads\/2024\/04\/tu-lanh-mitsubishi-inverter-272-lit-mr-cx35em-brw-v-7-768x576.jpg 768w, https:\/\/livinghome.vn\/thiet-bi\/wp-content\/uploads\/2024\/04\/tu-lanh-mitsubishi-inverter-272-lit-mr-cx35em-brw-v-7-600x450.jpg 600w\" sizes=\"auto, (max-width: 1200px) 100vw, 1200px\" \/><figcaption id=\"caption-attachment-20874\" class=\"wp-caption-text\">T\u1ee7 L\u1ea1nh Mitsubishi Inverter 272 L\u00edt MR-CX35EM-BRW-V<\/figcaption><\/figure>\n","protected":false},"excerpt":{"rendered":"<ul>\n<li>Ki\u1ec3u t\u1ee7 l\u1ea1nh: Multidoor<\/li>\n<li>Dung t\u00edch s\u1eed d\u1ee5ng: 272 l\u00edt<\/li>\n<li>Dung t\u00edch ng\u0103n l\u1ea1nh: 202 l\u00edt<\/li>\n<li>Dung t\u00edch ng\u0103n \u0111\u00e1: 70 l\u00edt<\/li>\n<li>C\u00f4ng ngh\u1ec7 Inverter: C\u00f3<\/li>\n<li>Kh\u00e1ng khu\u1ea9n, kh\u1eed m\u00f9i: B\u1ed9 l\u1ecdc Carbon ho\u1ea1t t\u00ednh<\/li>\n<li>C\u00f4ng ngh\u1ec7 l\u00e0m l\u1ea1nh: L\u00e0m l\u1ea1nh \u0111a chi\u1ec1u<\/li>\n<li>S\u1ed1 c\u1eeda: 3 c\u1eeda<\/li>\n<li>S\u1ed1 ng\u01b0\u1eddi s\u1eed d\u1ee5ng: 3 &#8211; 5 ng\u01b0\u1eddi<\/li>\n<li>Ti\u1ec7n \u00edchChu\u00f4ng b\u00e1o khi qu\u00ean \u0111\u00f3ng c\u1eeda, L\u00e0m \u0111\u00e1 t\u1ef1 \u0111\u1ed9ng,\u00a0Ng\u0103n \u0111\u00e1 d\u01b0\u1edbi<\/li>\n<li>\u0110\u00e8n chi\u1ebfu s\u00e1ng: \u0110\u00e8n Led<\/li>\n<li>\u0110i\u1ec7n n\u0103ng ti\u00eau th\u1ee5: 0,3 kWh\/ng\u00e0y<\/li>\n<li>Gas s\u1eed d\u1ee5ng: R600A<\/li>\n<li>\u0110\u00f3ng tuy\u1ebft: Kh\u00f4ng<\/li>\n<li>Ch\u1ea5t li\u1ec7u khay: K\u00ednh ch\u1ecbu l\u1ef1c<\/li>\n<li>Ngu\u1ed3n \u0111i\u1ec7n \u00e1p: 220V\/50Hz<\/li>\n<li>K\u00edch th\u01b0\u1edbc: Cao x r\u1ed9ng x s\u00e2u\u00a0(163cm x 54cm x 66cm)<\/li>\n<li>Tr\u1ecdng l\u01b0\u1ee3ng s\u1ea3n ph\u1ea9m: 65kg<\/li>\n<li>Xu\u1ea5t x\u1ee9 th\u01b0\u01a1ng hi\u1ec7u: Nh\u1eadt B\u1ea3n<\/li>\n<li>S\u1ea3n xu\u1ea5t t\u1ea1i :Th\u00e1i Lan<\/li>\n<\/ul>\n","protected":false},"featured_media":21167,"comment_status":"open","ping_status":"closed","template":"","meta":[],"product_brand":[],"product_cat":[1992,201,1990],"product_tag":[203,1989],"class_list":{"0":"post-20867","1":"product","2":"type-product","3":"status-publish","4":"has-post-thumbnail","6":"product_cat-thuong-hieu-mitsubishi-electric","7":"product_cat-tu-lanh","8":"product_cat-tu-lanh-mitsubishi-electric","9":"product_tag-tu-lanh","10":"product_tag-tu-lanh-mitsubishi-electric","12":"first","13":"instock","14":"sale","15":"shipping-taxable","16":"purchasable","17":"product-type-simple"},"_links":{"self":[{"href":"https:\/\/livinghome.vn\/thiet-bi\/wp-json\/wp\/v2\/product\/20867","targetHints":{"allow":["GET"]}}],"collection":[{"href":"https:\/\/livinghome.vn\/thiet-bi\/wp-json\/wp\/v2\/product"}],"about":[{"href":"https:\/\/livinghome.vn\/thiet-bi\/wp-json\/wp\/v2\/types\/product"}],"replies":[{"embeddable":true,"href":"https:\/\/livinghome.vn\/thiet-bi\/wp-json\/wp\/v2\/comments?post=20867"}],"wp:featuredmedia":[{"embeddable":true,"href":"https:\/\/livinghome.vn\/thiet-bi\/wp-json\/wp\/v2\/media\/21167"}],"wp:attachment":[{"href":"https:\/\/livinghome.vn\/thiet-bi\/wp-json\/wp\/v2\/media?parent=20867"}],"wp:term":[{"taxonomy":"product_brand","embeddable":true,"href":"https:\/\/livinghome.vn\/thiet-bi\/wp-json\/wp\/v2\/product_brand?post=20867"},{"taxonomy":"product_cat","embeddable":true,"href":"https:\/\/livinghome.vn\/thiet-bi\/wp-json\/wp\/v2\/product_cat?post=20867"},{"taxonomy":"product_tag","embeddable":true,"href":"https:\/\/livinghome.vn\/thiet-bi\/wp-json\/wp\/v2\/product_tag?post=20867"}],"curies":[{"name":"wp","href":"https:\/\/api.w.org\/{rel}","templated":true}]}}