{"id":20838,"date":"2024-04-23T11:41:37","date_gmt":"2024-04-23T04:41:37","guid":{"rendered":"https:\/\/livinghome.vn\/thiet-bi\/?post_type=product&#038;p=20838"},"modified":"2024-11-29T14:18:58","modified_gmt":"2024-11-29T07:18:58","slug":"tu-lanh-mitsubishi-electric-564-lit-mr-lx68em-gbk-v","status":"publish","type":"product","link":"https:\/\/livinghome.vn\/thiet-bi\/tu-lanh-mitsubishi-electric-564-lit-mr-lx68em-gbk-v\/","title":{"rendered":"T\u1ee7 L\u1ea1nh Mitsubishi Electric 564 L\u00edt MR-LX68EM-GBK-V"},"content":{"rendered":"<h2>\u01afu \u0111i\u1ec3m c\u1ee7a t\u1ee7 l\u1ea1nh Mitsubishi Electric 564 L\u00edt MR-LX68EM-GBK-V<\/h2>\n<p>T\u1ee7 l\u1ea1nh Mitsubishi Electric 564 L\u00edt MR-LX68EM-GBK-V kh\u00f4ng ch\u1ec9 l\u00e0 m\u1ed9t thi\u1ebft b\u1ecb gia \u0111\u00ecnh th\u00f4ng th\u01b0\u1eddng m\u00e0 c\u00f2n l\u00e0 tr\u1ee3 th\u1ee7 \u0111\u1eafc l\u1ef1c cho c\u00e1c b\u00e0 n\u1ed9i tr\u1ee3. V\u1edbi thi\u1ebft k\u1ebf 4 c\u00e1nh ti\u1ec7n l\u1ee3i, t\u1ee7 l\u1ea1nh n\u00e0y cho ph\u00e9p b\u1ea1n t\u1ed5 ch\u1ee9c th\u1ef1c ph\u1ea9m m\u1ed9t c\u00e1ch khoa h\u1ecdc v\u00e0 ti\u1ec7n d\u1ee5ng h\u01a1n bao gi\u1edd h\u1ebft.<\/p>\n<figure id=\"attachment_20854\" aria-describedby=\"caption-attachment-20854\" style=\"width: 1200px\" class=\"wp-caption aligncenter\"><img loading=\"lazy\" decoding=\"async\" class=\"size-full wp-image-20854\" src=\"https:\/\/livinghome.vn\/thiet-bi\/wp-content\/uploads\/2024\/04\/tu-lanh-mitsubishi-electric-564-lit-mr-lx68em-gbk-v-11.jpg\" alt=\"T\u1ee7 L\u1ea1nh Mitsubishi Electric 564 L\u00edt MR-LX68EM-GBK-V\" width=\"1200\" height=\"900\" title=\"\" srcset=\"https:\/\/livinghome.vn\/thiet-bi\/wp-content\/uploads\/2024\/04\/tu-lanh-mitsubishi-electric-564-lit-mr-lx68em-gbk-v-11.jpg 1200w, https:\/\/livinghome.vn\/thiet-bi\/wp-content\/uploads\/2024\/04\/tu-lanh-mitsubishi-electric-564-lit-mr-lx68em-gbk-v-11-533x400.jpg 533w, https:\/\/livinghome.vn\/thiet-bi\/wp-content\/uploads\/2024\/04\/tu-lanh-mitsubishi-electric-564-lit-mr-lx68em-gbk-v-11-1067x800.jpg 1067w, https:\/\/livinghome.vn\/thiet-bi\/wp-content\/uploads\/2024\/04\/tu-lanh-mitsubishi-electric-564-lit-mr-lx68em-gbk-v-11-768x576.jpg 768w, https:\/\/livinghome.vn\/thiet-bi\/wp-content\/uploads\/2024\/04\/tu-lanh-mitsubishi-electric-564-lit-mr-lx68em-gbk-v-11-600x450.jpg 600w\" sizes=\"auto, (max-width: 1200px) 100vw, 1200px\" \/><figcaption id=\"caption-attachment-20854\" class=\"wp-caption-text\">T\u1ee7 L\u1ea1nh Mitsubishi Electric 564 L\u00edt MR-LX68EM-GBK-V<\/figcaption><\/figure>\n<h3>Dung t\u00edch l\u1edbn &#8211; thi\u1ebft k\u1ebf hi\u1ec7n \u0111\u1ea1i<\/h3>\n<p>V\u1edbi dung t\u00edch l\u1edbn l\u00ean \u0111\u1ebfn 564 l\u00edt, s\u1ea3n ph\u1ea9m n\u00e0y \u0111\u1ee7 \u0111\u1ec3 ph\u1ee5c v\u1ee5 c\u1ea3 gia \u0111\u00ecnh l\u1edbn t\u1eeb 5 \u0111\u1ebfn 6 ng\u01b0\u1eddi. B\u1ea1n c\u00f3 th\u1ec3 y\u00ean t\u00e2m cung c\u1ea5p \u0111\u1ee7 th\u1ef1c ph\u1ea9m cho m\u1ecdi b\u1eefa \u0103n trong nhi\u1ec1u ng\u00e0y.<\/p>\n<p>Kh\u00f4ng ch\u1ec9 \u0111\u1eb9p m\u1eaft v\u1edbi 4 c\u1eeda r\u1ed9ng l\u1edbn v\u00e0 m\u00e0u \u0111en b\u00f3ng, t\u1ee7 l\u1ea1nh c\u00f2n \u0111\u01b0\u1ee3c trang b\u1ecb m\u00e0n h\u00ecnh c\u1ea3m \u1ee9ng LED ti\u1ec7n l\u1ee3i gi\u00fap b\u1ea1n \u0111i\u1ec1u ch\u1ec9nh c\u00e1c ch\u1ee9c n\u0103ng m\u1ed9t c\u00e1ch d\u1ec5 d\u00e0ng.<\/p>\n<figure id=\"attachment_20845\" aria-describedby=\"caption-attachment-20845\" style=\"width: 1200px\" class=\"wp-caption aligncenter\"><img loading=\"lazy\" decoding=\"async\" class=\"size-full wp-image-20845\" src=\"https:\/\/livinghome.vn\/thiet-bi\/wp-content\/uploads\/2024\/04\/tu-lanh-mitsubishi-electric-564-lit-mr-lx68em-gbk-v-2.jpg\" alt=\"T\u1ee7 L\u1ea1nh Mitsubishi Electric 564 L\u00edt MR-LX68EM-GBK-V\" width=\"1200\" height=\"900\" title=\"\" srcset=\"https:\/\/livinghome.vn\/thiet-bi\/wp-content\/uploads\/2024\/04\/tu-lanh-mitsubishi-electric-564-lit-mr-lx68em-gbk-v-2.jpg 1200w, https:\/\/livinghome.vn\/thiet-bi\/wp-content\/uploads\/2024\/04\/tu-lanh-mitsubishi-electric-564-lit-mr-lx68em-gbk-v-2-533x400.jpg 533w, https:\/\/livinghome.vn\/thiet-bi\/wp-content\/uploads\/2024\/04\/tu-lanh-mitsubishi-electric-564-lit-mr-lx68em-gbk-v-2-1067x800.jpg 1067w, https:\/\/livinghome.vn\/thiet-bi\/wp-content\/uploads\/2024\/04\/tu-lanh-mitsubishi-electric-564-lit-mr-lx68em-gbk-v-2-768x576.jpg 768w, https:\/\/livinghome.vn\/thiet-bi\/wp-content\/uploads\/2024\/04\/tu-lanh-mitsubishi-electric-564-lit-mr-lx68em-gbk-v-2-600x450.jpg 600w\" sizes=\"auto, (max-width: 1200px) 100vw, 1200px\" \/><figcaption id=\"caption-attachment-20845\" class=\"wp-caption-text\">T\u1ee7 L\u1ea1nh Mitsubishi Electric 564 L\u00edt MR-LX68EM-GBK-V<\/figcaption><\/figure>\n<figure id=\"attachment_20849\" aria-describedby=\"caption-attachment-20849\" style=\"width: 1200px\" class=\"wp-caption aligncenter\"><img loading=\"lazy\" decoding=\"async\" class=\"size-full wp-image-20849\" src=\"https:\/\/livinghome.vn\/thiet-bi\/wp-content\/uploads\/2024\/04\/tu-lanh-mitsubishi-electric-564-lit-mr-lx68em-gbk-v-6.jpg\" alt=\"T\u1ee7 L\u1ea1nh Mitsubishi Electric 564 L\u00edt MR-LX68EM-GBK-V\" width=\"1200\" height=\"900\" title=\"\" srcset=\"https:\/\/livinghome.vn\/thiet-bi\/wp-content\/uploads\/2024\/04\/tu-lanh-mitsubishi-electric-564-lit-mr-lx68em-gbk-v-6.jpg 1200w, https:\/\/livinghome.vn\/thiet-bi\/wp-content\/uploads\/2024\/04\/tu-lanh-mitsubishi-electric-564-lit-mr-lx68em-gbk-v-6-533x400.jpg 533w, https:\/\/livinghome.vn\/thiet-bi\/wp-content\/uploads\/2024\/04\/tu-lanh-mitsubishi-electric-564-lit-mr-lx68em-gbk-v-6-1067x800.jpg 1067w, https:\/\/livinghome.vn\/thiet-bi\/wp-content\/uploads\/2024\/04\/tu-lanh-mitsubishi-electric-564-lit-mr-lx68em-gbk-v-6-768x576.jpg 768w, https:\/\/livinghome.vn\/thiet-bi\/wp-content\/uploads\/2024\/04\/tu-lanh-mitsubishi-electric-564-lit-mr-lx68em-gbk-v-6-600x450.jpg 600w\" sizes=\"auto, (max-width: 1200px) 100vw, 1200px\" \/><figcaption id=\"caption-attachment-20849\" class=\"wp-caption-text\">T\u1ee7 L\u1ea1nh Mitsubishi Electric 564 L\u00edt MR-LX68EM-GBK-V<\/figcaption><\/figure>\n<h3>C\u00f4ng ngh\u1ec7 Neuro Inverter ti\u1ebft ki\u1ec7m \u0111i\u1ec7n n\u0103ng m\u1ea1nh m\u1ebd<\/h3>\n<p>C\u00f4ng ngh\u1ec7 Neuro Inverter l\u00e0 \u0111i\u1ec3m nh\u1ea5n c\u1ee7a s\u1ea3n ph\u1ea9m n\u00e0y, gi\u00fap ti\u1ebft ki\u1ec7m \u0111i\u1ec7n n\u0103ng \u0111\u00e1ng k\u1ec3 b\u1eb1ng c\u00e1ch t\u1ef1 \u0111\u1ed9ng \u0111i\u1ec1u ch\u1ec9nh ch\u1ebf \u0111\u1ed9 l\u00e0m l\u1ea1nh theo th\u00f3i quen s\u1eed d\u1ee5ng c\u1ee7a gia \u0111\u00ecnh.<\/p>\n<figure id=\"attachment_20852\" aria-describedby=\"caption-attachment-20852\" style=\"width: 1200px\" class=\"wp-caption aligncenter\"><img loading=\"lazy\" decoding=\"async\" class=\"size-full wp-image-20852\" src=\"https:\/\/livinghome.vn\/thiet-bi\/wp-content\/uploads\/2024\/04\/tu-lanh-mitsubishi-electric-564-lit-mr-lx68em-gbk-v-9.jpg\" alt=\"T\u1ee7 L\u1ea1nh Mitsubishi Electric 564 L\u00edt MR-LX68EM-GBK-V\" width=\"1200\" height=\"900\" title=\"\" srcset=\"https:\/\/livinghome.vn\/thiet-bi\/wp-content\/uploads\/2024\/04\/tu-lanh-mitsubishi-electric-564-lit-mr-lx68em-gbk-v-9.jpg 1200w, https:\/\/livinghome.vn\/thiet-bi\/wp-content\/uploads\/2024\/04\/tu-lanh-mitsubishi-electric-564-lit-mr-lx68em-gbk-v-9-533x400.jpg 533w, https:\/\/livinghome.vn\/thiet-bi\/wp-content\/uploads\/2024\/04\/tu-lanh-mitsubishi-electric-564-lit-mr-lx68em-gbk-v-9-1067x800.jpg 1067w, https:\/\/livinghome.vn\/thiet-bi\/wp-content\/uploads\/2024\/04\/tu-lanh-mitsubishi-electric-564-lit-mr-lx68em-gbk-v-9-768x576.jpg 768w, https:\/\/livinghome.vn\/thiet-bi\/wp-content\/uploads\/2024\/04\/tu-lanh-mitsubishi-electric-564-lit-mr-lx68em-gbk-v-9-600x450.jpg 600w\" sizes=\"auto, (max-width: 1200px) 100vw, 1200px\" \/><figcaption id=\"caption-attachment-20852\" class=\"wp-caption-text\">T\u1ee7 L\u1ea1nh Mitsubishi Electric 564 L\u00edt MR-LX68EM-GBK-V<\/figcaption><\/figure>\n<h3>Ng\u0103n u\u1edbp l\u1ea1nh m\u1ec1m<\/h3>\n<p>Ng\u0103n \u0111\u00f4ng m\u1ec1m \u0111\u1ea3m b\u1ea3o th\u1ef1c ph\u1ea9m lu\u00f4n gi\u1eef \u0111\u01b0\u1ee3c \u0111\u1ed9 t\u01b0\u01a1i ngon trong th\u1eddi gian d\u00e0i, c\u00f9ng v\u1edbi khay ng\u0103n b\u1eb1ng k\u00ednh ch\u1ecbu l\u1ef1c gi\u00fap b\u1ea1n d\u1ec5 d\u00e0ng v\u1ec7 sinh v\u00e0 t\u1ed5 ch\u1ee9c th\u1ef1c ph\u1ea9m.<\/p>\n<figure id=\"attachment_20848\" aria-describedby=\"caption-attachment-20848\" style=\"width: 1200px\" class=\"wp-caption aligncenter\"><img loading=\"lazy\" decoding=\"async\" class=\"size-full wp-image-20848\" src=\"https:\/\/livinghome.vn\/thiet-bi\/wp-content\/uploads\/2024\/04\/tu-lanh-mitsubishi-electric-564-lit-mr-lx68em-gbk-v-5.jpg\" alt=\"T\u1ee7 L\u1ea1nh Mitsubishi Electric 564 L\u00edt MR-LX68EM-GBK-V\" width=\"1200\" height=\"900\" title=\"\" srcset=\"https:\/\/livinghome.vn\/thiet-bi\/wp-content\/uploads\/2024\/04\/tu-lanh-mitsubishi-electric-564-lit-mr-lx68em-gbk-v-5.jpg 1200w, https:\/\/livinghome.vn\/thiet-bi\/wp-content\/uploads\/2024\/04\/tu-lanh-mitsubishi-electric-564-lit-mr-lx68em-gbk-v-5-533x400.jpg 533w, https:\/\/livinghome.vn\/thiet-bi\/wp-content\/uploads\/2024\/04\/tu-lanh-mitsubishi-electric-564-lit-mr-lx68em-gbk-v-5-1067x800.jpg 1067w, https:\/\/livinghome.vn\/thiet-bi\/wp-content\/uploads\/2024\/04\/tu-lanh-mitsubishi-electric-564-lit-mr-lx68em-gbk-v-5-768x576.jpg 768w, https:\/\/livinghome.vn\/thiet-bi\/wp-content\/uploads\/2024\/04\/tu-lanh-mitsubishi-electric-564-lit-mr-lx68em-gbk-v-5-600x450.jpg 600w\" sizes=\"auto, (max-width: 1200px) 100vw, 1200px\" \/><figcaption id=\"caption-attachment-20848\" class=\"wp-caption-text\">T\u1ee7 L\u1ea1nh Mitsubishi Electric 564 L\u00edt MR-LX68EM-GBK-V<\/figcaption><\/figure>\n<h3>L\u00e0m \u0111\u00e1 t\u1ef1 \u0111\u1ed9ng<\/h3>\n<p>H\u1ec7 th\u1ed1ng l\u00e0m \u0111\u00e1 t\u1ef1 \u0111\u1ed9ng th\u00f4ng minh v\u00e0 ch\u1ee9c n\u0103ng ch\u1ed1ng \u0111\u00f3ng tuy\u1ebft l\u00e0 nh\u1eefng t\u00ednh n\u0103ng th\u00f4ng minh gi\u00fap t\u0103ng hi\u1ec7u qu\u1ea3 v\u00e0 ti\u1ebft ki\u1ec7m \u0111i\u1ec7n n\u0103ng cho t\u1ee7 l\u1ea1nh c\u1ee7a b\u1ea1n.<\/p>\n<figure id=\"attachment_20855\" aria-describedby=\"caption-attachment-20855\" style=\"width: 1200px\" class=\"wp-caption aligncenter\"><img loading=\"lazy\" decoding=\"async\" class=\"size-full wp-image-20855\" src=\"https:\/\/livinghome.vn\/thiet-bi\/wp-content\/uploads\/2024\/04\/tu-lanh-mitsubishi-electric-564-lit-mr-lx68em-gbk-v-12.jpg\" alt=\"T\u1ee7 L\u1ea1nh Mitsubishi Electric 564 L\u00edt MR-LX68EM-GBK-V\" width=\"1200\" height=\"900\" title=\"\" srcset=\"https:\/\/livinghome.vn\/thiet-bi\/wp-content\/uploads\/2024\/04\/tu-lanh-mitsubishi-electric-564-lit-mr-lx68em-gbk-v-12.jpg 1200w, https:\/\/livinghome.vn\/thiet-bi\/wp-content\/uploads\/2024\/04\/tu-lanh-mitsubishi-electric-564-lit-mr-lx68em-gbk-v-12-533x400.jpg 533w, https:\/\/livinghome.vn\/thiet-bi\/wp-content\/uploads\/2024\/04\/tu-lanh-mitsubishi-electric-564-lit-mr-lx68em-gbk-v-12-1067x800.jpg 1067w, https:\/\/livinghome.vn\/thiet-bi\/wp-content\/uploads\/2024\/04\/tu-lanh-mitsubishi-electric-564-lit-mr-lx68em-gbk-v-12-768x576.jpg 768w, https:\/\/livinghome.vn\/thiet-bi\/wp-content\/uploads\/2024\/04\/tu-lanh-mitsubishi-electric-564-lit-mr-lx68em-gbk-v-12-600x450.jpg 600w\" sizes=\"auto, (max-width: 1200px) 100vw, 1200px\" \/><figcaption id=\"caption-attachment-20855\" class=\"wp-caption-text\">T\u1ee7 L\u1ea1nh Mitsubishi Electric 564 L\u00edt MR-LX68EM-GBK-V<\/figcaption><\/figure>\n<p>&nbsp;<\/p>\n","protected":false},"excerpt":{"rendered":"<ul>\n<li>Ki\u1ec3u t\u1ee7 l\u1ea1nh: Multidoor<\/li>\n<li>Dung t\u00edch ng\u0103n l\u1ea1nh: 426 l\u00edt<\/li>\n<li>Dung t\u00edch ng\u0103n \u0111\u00e1: 138 l\u00edt<\/li>\n<li>S\u1ed1 c\u1eeda: 2 c\u1eeda<\/li>\n<li>Ti\u1ec7n \u00edch: L\u00e0m \u0111\u00e1 t\u1ef1 \u0111\u1ed9ng,\u00a0Ng\u0103n \u0111\u00e1 d\u01b0\u1edbi,\u00a0Ng\u0103n \u0111\u00f4ng m\u1ec1m<\/li>\n<li>\u0110i\u1ec7n n\u0103ng ti\u00eau th\u1ee5: ~ 1.17 kW\/ng\u00e0y<\/li>\n<li>K\u00edch th\u01b0\u1edbc: Cao x R\u1ed9ng x S\u00e2u\u00a0(179.8cm x 90cm x 73.5cm)<\/li>\n<li>Tr\u1ecdng l\u01b0\u1ee3ng s\u1ea3n ph\u1ea9m: 123kg<\/li>\n<li>Xu\u1ea5t x\u1ee9 th\u01b0\u01a1ng hi\u1ec7u: Nh\u1eadt B\u1ea3n<\/li>\n<li>S\u1ea3n xu\u1ea5t t\u1ea1i: Th\u00e1i Lan<\/li>\n<\/ul>\n","protected":false},"featured_media":21163,"comment_status":"open","ping_status":"closed","template":"","meta":[],"product_brand":[],"product_cat":[1992,201,1990],"product_tag":[203,1989],"class_list":{"0":"post-20838","1":"product","2":"type-product","3":"status-publish","4":"has-post-thumbnail","6":"product_cat-thuong-hieu-mitsubishi-electric","7":"product_cat-tu-lanh","8":"product_cat-tu-lanh-mitsubishi-electric","9":"product_tag-tu-lanh","10":"product_tag-tu-lanh-mitsubishi-electric","12":"first","13":"instock","14":"sale","15":"shipping-taxable","16":"purchasable","17":"product-type-simple"},"_links":{"self":[{"href":"https:\/\/livinghome.vn\/thiet-bi\/wp-json\/wp\/v2\/product\/20838","targetHints":{"allow":["GET"]}}],"collection":[{"href":"https:\/\/livinghome.vn\/thiet-bi\/wp-json\/wp\/v2\/product"}],"about":[{"href":"https:\/\/livinghome.vn\/thiet-bi\/wp-json\/wp\/v2\/types\/product"}],"replies":[{"embeddable":true,"href":"https:\/\/livinghome.vn\/thiet-bi\/wp-json\/wp\/v2\/comments?post=20838"}],"wp:featuredmedia":[{"embeddable":true,"href":"https:\/\/livinghome.vn\/thiet-bi\/wp-json\/wp\/v2\/media\/21163"}],"wp:attachment":[{"href":"https:\/\/livinghome.vn\/thiet-bi\/wp-json\/wp\/v2\/media?parent=20838"}],"wp:term":[{"taxonomy":"product_brand","embeddable":true,"href":"https:\/\/livinghome.vn\/thiet-bi\/wp-json\/wp\/v2\/product_brand?post=20838"},{"taxonomy":"product_cat","embeddable":true,"href":"https:\/\/livinghome.vn\/thiet-bi\/wp-json\/wp\/v2\/product_cat?post=20838"},{"taxonomy":"product_tag","embeddable":true,"href":"https:\/\/livinghome.vn\/thiet-bi\/wp-json\/wp\/v2\/product_tag?post=20838"}],"curies":[{"name":"wp","href":"https:\/\/api.w.org\/{rel}","templated":true}]}}