{"id":20822,"date":"2024-04-23T11:17:22","date_gmt":"2024-04-23T04:17:22","guid":{"rendered":"https:\/\/livinghome.vn\/thiet-bi\/?post_type=product&#038;p=20822"},"modified":"2024-11-29T14:18:58","modified_gmt":"2024-11-29T07:18:58","slug":"tu-lanh-mitsubishi-electric-inverter-330-lit-mr-cx41er-brw-v","status":"publish","type":"product","link":"https:\/\/livinghome.vn\/thiet-bi\/tu-lanh-mitsubishi-electric-inverter-330-lit-mr-cx41er-brw-v\/","title":{"rendered":"T\u1ee7 L\u1ea1nh Mitsubishi Electric Inverter 330 L\u00edt MR-CX41ER-BRW-V"},"content":{"rendered":"<h2>\u01afu \u0111i\u1ec3m c\u1ee7a t\u1ee7 l\u1ea1nh Mitsubishi Electric Inverter 330 l\u00edt MR-CX41ER-BRW-V<\/h2>\n<p>T\u1ee7 l\u1ea1nh Mitsubishi Electric Inverter 330 l\u00edt MR-CX41ER-BRW-V kh\u00f4ng ch\u1ec9 l\u00e0 m\u1ed9t s\u1ea3n ph\u1ea9m v\u1ec1 ch\u1ee9c n\u0103ng m\u00e0 c\u00f2n l\u00e0 bi\u1ec3u t\u01b0\u1ee3ng c\u1ee7a s\u1ef1 th\u1ea9m m\u1ef9 v\u00e0 hi\u1ec7n \u0111\u1ea1i trong kh\u00f4ng gian b\u1ebfp c\u1ee7a b\u1ea1n.<\/p>\n<h3>V\u1ec1 thi\u1ebft k\u1ebf<\/h3>\n<p>V\u1edbi thi\u1ebft k\u1ebf 3 c\u00e1nh v\u00e0 m\u00e0u n\u00e2u g\u01b0\u01a1ng sang tr\u1ecdng, t\u1ee7 l\u1ea1nh n\u00e0y th\u1ec3 hi\u1ec7n s\u1ef1 tinh t\u1ebf v\u00e0 thu\u1eadn ti\u1ec7n cho ng\u01b0\u1eddi s\u1eed d\u1ee5ng. Dung t\u00edch ph\u00f9 h\u1ee3p v\u1edbi gia \u0111\u00ecnh t\u1eeb 3 \u0111\u1ebfn 4 ng\u01b0\u1eddi, c\u00f9ng v\u1edbi vi\u1ec7c \u0111\u1eb7t ng\u0103n \u0111\u00e1 \u1edf ph\u00eda d\u01b0\u1edbi v\u00e0 ng\u0103n m\u00e1t \u1edf ph\u00eda tr\u00ean, t\u1ea1o ra s\u1ef1 ti\u1ec7n \u00edch \u0111\u00e1ng k\u1ec3.<\/p>\n<figure id=\"attachment_20835\" aria-describedby=\"caption-attachment-20835\" style=\"width: 900px\" class=\"wp-caption aligncenter\"><img loading=\"lazy\" decoding=\"async\" class=\"size-full wp-image-20835\" src=\"https:\/\/livinghome.vn\/thiet-bi\/wp-content\/uploads\/2024\/04\/tu-lanh-mitsubishi-electric-inverter-330-lit-mr-cx4er-brw-v-3.jpg\" alt=\"T\u1ee7 L\u1ea1nh Mitsubishi Electric Inverter 330 L\u00edt MR-CX41ER-BRW-V \" width=\"900\" height=\"900\" title=\"\" srcset=\"https:\/\/livinghome.vn\/thiet-bi\/wp-content\/uploads\/2024\/04\/tu-lanh-mitsubishi-electric-inverter-330-lit-mr-cx4er-brw-v-3.jpg 900w, https:\/\/livinghome.vn\/thiet-bi\/wp-content\/uploads\/2024\/04\/tu-lanh-mitsubishi-electric-inverter-330-lit-mr-cx4er-brw-v-3-400x400.jpg 400w, https:\/\/livinghome.vn\/thiet-bi\/wp-content\/uploads\/2024\/04\/tu-lanh-mitsubishi-electric-inverter-330-lit-mr-cx4er-brw-v-3-800x800.jpg 800w, https:\/\/livinghome.vn\/thiet-bi\/wp-content\/uploads\/2024\/04\/tu-lanh-mitsubishi-electric-inverter-330-lit-mr-cx4er-brw-v-3-280x280.jpg 280w, https:\/\/livinghome.vn\/thiet-bi\/wp-content\/uploads\/2024\/04\/tu-lanh-mitsubishi-electric-inverter-330-lit-mr-cx4er-brw-v-3-768x768.jpg 768w, https:\/\/livinghome.vn\/thiet-bi\/wp-content\/uploads\/2024\/04\/tu-lanh-mitsubishi-electric-inverter-330-lit-mr-cx4er-brw-v-3-300x300.jpg 300w, https:\/\/livinghome.vn\/thiet-bi\/wp-content\/uploads\/2024\/04\/tu-lanh-mitsubishi-electric-inverter-330-lit-mr-cx4er-brw-v-3-600x600.jpg 600w, https:\/\/livinghome.vn\/thiet-bi\/wp-content\/uploads\/2024\/04\/tu-lanh-mitsubishi-electric-inverter-330-lit-mr-cx4er-brw-v-3-100x100.jpg 100w\" sizes=\"auto, (max-width: 900px) 100vw, 900px\" \/><figcaption id=\"caption-attachment-20835\" class=\"wp-caption-text\">T\u1ee7 L\u1ea1nh Mitsubishi Electric Inverter 330 L\u00edt MR-CX41ER-BRW-V<\/figcaption><\/figure>\n<h3>C\u00f4ng ngh\u1ec7 l\u00e0m l\u1ea1nh hi\u1ec7n \u0111\u1ea1i<\/h3>\n<p>C\u00f4ng ngh\u1ec7 l\u00e0m l\u1ea1nh \u0111a chi\u1ec1u v\u00e0 Neuro Inverter gi\u00fap t\u1ea1o ra m\u1ed9t m\u00f4i tr\u01b0\u1eddng l\u1ea1nh \u0111\u1ed3ng \u0111\u1ec1u v\u00e0 ti\u1ebft ki\u1ec7m n\u0103ng l\u01b0\u1ee3ng. B\u1ed9 l\u1ecdc than ho\u1ea1t t\u00ednh Carbon l\u00e0m s\u1ea1ch kh\u00f4ng kh\u00ed b\u00ean trong t\u1ee7, lo\u1ea1i b\u1ecf m\u00f9i h\u00f4i kh\u00f4ng mong mu\u1ed1n t\u1eeb th\u1ef1c ph\u1ea9m.<\/p>\n<figure id=\"attachment_20834\" aria-describedby=\"caption-attachment-20834\" style=\"width: 900px\" class=\"wp-caption aligncenter\"><img loading=\"lazy\" decoding=\"async\" class=\"size-full wp-image-20834\" src=\"https:\/\/livinghome.vn\/thiet-bi\/wp-content\/uploads\/2024\/04\/tu-lanh-mitsubishi-electric-inverter-330-lit-mr-cx4er-brw-v-2.jpg\" alt=\"T\u1ee7 L\u1ea1nh Mitsubishi Electric Inverter 330 L\u00edt MR-CX41ER-BRW-V \" width=\"900\" height=\"900\" title=\"\" srcset=\"https:\/\/livinghome.vn\/thiet-bi\/wp-content\/uploads\/2024\/04\/tu-lanh-mitsubishi-electric-inverter-330-lit-mr-cx4er-brw-v-2.jpg 900w, https:\/\/livinghome.vn\/thiet-bi\/wp-content\/uploads\/2024\/04\/tu-lanh-mitsubishi-electric-inverter-330-lit-mr-cx4er-brw-v-2-400x400.jpg 400w, https:\/\/livinghome.vn\/thiet-bi\/wp-content\/uploads\/2024\/04\/tu-lanh-mitsubishi-electric-inverter-330-lit-mr-cx4er-brw-v-2-800x800.jpg 800w, https:\/\/livinghome.vn\/thiet-bi\/wp-content\/uploads\/2024\/04\/tu-lanh-mitsubishi-electric-inverter-330-lit-mr-cx4er-brw-v-2-280x280.jpg 280w, https:\/\/livinghome.vn\/thiet-bi\/wp-content\/uploads\/2024\/04\/tu-lanh-mitsubishi-electric-inverter-330-lit-mr-cx4er-brw-v-2-768x768.jpg 768w, https:\/\/livinghome.vn\/thiet-bi\/wp-content\/uploads\/2024\/04\/tu-lanh-mitsubishi-electric-inverter-330-lit-mr-cx4er-brw-v-2-300x300.jpg 300w, https:\/\/livinghome.vn\/thiet-bi\/wp-content\/uploads\/2024\/04\/tu-lanh-mitsubishi-electric-inverter-330-lit-mr-cx4er-brw-v-2-600x600.jpg 600w, https:\/\/livinghome.vn\/thiet-bi\/wp-content\/uploads\/2024\/04\/tu-lanh-mitsubishi-electric-inverter-330-lit-mr-cx4er-brw-v-2-100x100.jpg 100w\" sizes=\"auto, (max-width: 900px) 100vw, 900px\" \/><figcaption id=\"caption-attachment-20834\" class=\"wp-caption-text\">T\u1ee7 L\u1ea1nh Mitsubishi Electric Inverter 330 L\u00edt MR-CX41ER-BRW-V<\/figcaption><\/figure>\n<h3>Ti\u1ec7n \u00edch c\u1ee7a t\u1ee7 l\u1ea1nh<\/h3>\n<p>T\u00ednh n\u0103ng ng\u0103n \u0111\u00f4ng m\u1ec1m gi\u1eef cho th\u1ef1c ph\u1ea9m t\u01b0\u01a1i s\u1ed1ng nh\u01b0 c\u00e1 v\u00e0 th\u1ecbt \u0111\u01b0\u1ee3c b\u1ea3o qu\u1ea3n l\u00e2u d\u00e0i m\u00e0 kh\u00f4ng c\u1ea7n \u0111\u1ebfn qu\u00e1 tr\u00ecnh \u0111\u00f3ng b\u0103ng. H\u1ec7 th\u1ed1ng l\u00e0m \u0111\u00e1 t\u1ef1 \u0111\u1ed9ng cung c\u1ea5p \u0111\u00e1 s\u1ea1ch m\u1ecdi l\u00fac, nhanh ch\u00f3ng v\u00e0 ti\u1ec7n l\u1ee3i.<\/p>\n<p>Ng\u0103n rau c\u1ee7 dung t\u00edch l\u1edbn v\u1edbi kh\u1ea3 n\u0103ng duy tr\u00ec \u0111\u1ed9 \u1ea9m t\u1ed1t gi\u00fap th\u1ef1c ph\u1ea9m lu\u00f4n t\u01b0\u01a1i m\u1edbi trong th\u1eddi gian d\u00e0i. V\u1edbi l\u1edbp ph\u1ee7 kh\u00e1ng khu\u1ea9n, t\u1ee7 l\u1ea1nh n\u00e0y gi\u1ea3m thi\u1ec3u s\u1ef1 ph\u00e1t tri\u1ec3n c\u1ee7a vi khu\u1ea9n g\u00e2y m\u00f9i, \u0111\u1ea3m b\u1ea3o s\u1ef1 an to\u00e0n v\u00e0 v\u1ec7 sinh cho th\u1ef1c ph\u1ea9m c\u1ee7a b\u1ea1n.<\/p>\n<figure id=\"attachment_20836\" aria-describedby=\"caption-attachment-20836\" style=\"width: 900px\" class=\"wp-caption aligncenter\"><img loading=\"lazy\" decoding=\"async\" class=\"size-full wp-image-20836\" src=\"https:\/\/livinghome.vn\/thiet-bi\/wp-content\/uploads\/2024\/04\/tu-lanh-mitsubishi-electric-inverter-330-lit-mr-cx4er-brw-v-4.jpg\" alt=\"T\u1ee7 L\u1ea1nh Mitsubishi Electric Inverter 330 L\u00edt MR-CX41ER-BRW-V \" width=\"900\" height=\"900\" title=\"\" srcset=\"https:\/\/livinghome.vn\/thiet-bi\/wp-content\/uploads\/2024\/04\/tu-lanh-mitsubishi-electric-inverter-330-lit-mr-cx4er-brw-v-4.jpg 900w, https:\/\/livinghome.vn\/thiet-bi\/wp-content\/uploads\/2024\/04\/tu-lanh-mitsubishi-electric-inverter-330-lit-mr-cx4er-brw-v-4-400x400.jpg 400w, https:\/\/livinghome.vn\/thiet-bi\/wp-content\/uploads\/2024\/04\/tu-lanh-mitsubishi-electric-inverter-330-lit-mr-cx4er-brw-v-4-800x800.jpg 800w, https:\/\/livinghome.vn\/thiet-bi\/wp-content\/uploads\/2024\/04\/tu-lanh-mitsubishi-electric-inverter-330-lit-mr-cx4er-brw-v-4-280x280.jpg 280w, https:\/\/livinghome.vn\/thiet-bi\/wp-content\/uploads\/2024\/04\/tu-lanh-mitsubishi-electric-inverter-330-lit-mr-cx4er-brw-v-4-768x768.jpg 768w, https:\/\/livinghome.vn\/thiet-bi\/wp-content\/uploads\/2024\/04\/tu-lanh-mitsubishi-electric-inverter-330-lit-mr-cx4er-brw-v-4-300x300.jpg 300w, https:\/\/livinghome.vn\/thiet-bi\/wp-content\/uploads\/2024\/04\/tu-lanh-mitsubishi-electric-inverter-330-lit-mr-cx4er-brw-v-4-600x600.jpg 600w, https:\/\/livinghome.vn\/thiet-bi\/wp-content\/uploads\/2024\/04\/tu-lanh-mitsubishi-electric-inverter-330-lit-mr-cx4er-brw-v-4-100x100.jpg 100w\" sizes=\"auto, (max-width: 900px) 100vw, 900px\" \/><figcaption id=\"caption-attachment-20836\" class=\"wp-caption-text\">T\u1ee7 L\u1ea1nh Mitsubishi Electric Inverter 330 L\u00edt MR-CX41ER-BRW-V<\/figcaption><\/figure>\n<p>&nbsp;<\/p>\n","protected":false},"excerpt":{"rendered":"<ul>\n<li>Ki\u1ec3u t\u1ee7 l\u1ea1nh: Multidoor<\/li>\n<li>Dung t\u00edch s\u1eed d\u1ee5ng: 330 l\u00edt<\/li>\n<li>Dung t\u00edch ng\u0103n l\u1ea1nh: Ng\u0103n m\u00e1t\u00a0(180 l\u00edt), Ng\u0103n rau\u00a0(70 l\u00edt)<\/li>\n<li>Dung t\u00edch ng\u0103n \u0111\u00e1: 80 l\u00edt<\/li>\n<li>C\u00f4ng ngh\u1ec7 Inverter: C\u00f3<\/li>\n<li>Kh\u00e1ng khu\u1ea9n, kh\u1eed m\u00f9i: C\u00f3<\/li>\n<li>S\u1ed1 c\u1eeda: 3 c\u1eeda<\/li>\n<li>C\u00f4ng ngh\u1ec7 l\u00e0m l\u1ea1nh: H\u1ec7 th\u1ed1ng kh\u00ed l\u1ea1nh \u0111a chi\u1ec1u<\/li>\n<li>Ti\u1ec7n \u00edch: L\u00e0m \u0111\u00e1 t\u1ef1 \u0111\u1ed9ng,\u00a0Ng\u0103n \u0111\u00e1 d\u01b0\u1edbi,\u00a0Ng\u0103n \u0111\u00f4ng m\u1ec1m<\/li>\n<li>Ch\u1ea5t li\u1ec7u khay: K\u00ednh ch\u1ecbu l\u1ef1c<\/li>\n<li>Ngu\u1ed3n \u0111i\u1ec7n \u00e1p: 220V\/50Hz<\/li>\n<li>M\u00e0u s\u1eafc: N\u00e2u<\/li>\n<li>K\u00edch th\u01b0\u1edbc: Cao x r\u1ed9ng x s\u00e2u\u00a0(169.8cm x 60cm x 65.6cm)<\/li>\n<li>Tr\u1ecdng l\u01b0\u1ee3ng s\u1ea3n ph\u1ea9m: 65kg<\/li>\n<li>Xu\u1ea5t x\u1ee9 th\u01b0\u01a1ng hi\u1ec7u: Nh\u1eadt B\u1ea3n<\/li>\n<li>S\u1ea3n xu\u1ea5t t\u1ea1i: Th\u00e1i Lan<\/li>\n<\/ul>\n","protected":false},"featured_media":21170,"comment_status":"open","ping_status":"closed","template":"","meta":[],"product_brand":[],"product_cat":[1992,201,1990],"product_tag":[203,1989],"class_list":{"0":"post-20822","1":"product","2":"type-product","3":"status-publish","4":"has-post-thumbnail","6":"product_cat-thuong-hieu-mitsubishi-electric","7":"product_cat-tu-lanh","8":"product_cat-tu-lanh-mitsubishi-electric","9":"product_tag-tu-lanh","10":"product_tag-tu-lanh-mitsubishi-electric","12":"first","13":"instock","14":"sale","15":"shipping-taxable","16":"purchasable","17":"product-type-simple"},"_links":{"self":[{"href":"https:\/\/livinghome.vn\/thiet-bi\/wp-json\/wp\/v2\/product\/20822","targetHints":{"allow":["GET"]}}],"collection":[{"href":"https:\/\/livinghome.vn\/thiet-bi\/wp-json\/wp\/v2\/product"}],"about":[{"href":"https:\/\/livinghome.vn\/thiet-bi\/wp-json\/wp\/v2\/types\/product"}],"replies":[{"embeddable":true,"href":"https:\/\/livinghome.vn\/thiet-bi\/wp-json\/wp\/v2\/comments?post=20822"}],"wp:featuredmedia":[{"embeddable":true,"href":"https:\/\/livinghome.vn\/thiet-bi\/wp-json\/wp\/v2\/media\/21170"}],"wp:attachment":[{"href":"https:\/\/livinghome.vn\/thiet-bi\/wp-json\/wp\/v2\/media?parent=20822"}],"wp:term":[{"taxonomy":"product_brand","embeddable":true,"href":"https:\/\/livinghome.vn\/thiet-bi\/wp-json\/wp\/v2\/product_brand?post=20822"},{"taxonomy":"product_cat","embeddable":true,"href":"https:\/\/livinghome.vn\/thiet-bi\/wp-json\/wp\/v2\/product_cat?post=20822"},{"taxonomy":"product_tag","embeddable":true,"href":"https:\/\/livinghome.vn\/thiet-bi\/wp-json\/wp\/v2\/product_tag?post=20822"}],"curies":[{"name":"wp","href":"https:\/\/api.w.org\/{rel}","templated":true}]}}