{"id":20784,"date":"2024-04-23T10:28:13","date_gmt":"2024-04-23T03:28:13","guid":{"rendered":"https:\/\/livinghome.vn\/thiet-bi\/?post_type=product&#038;p=20784"},"modified":"2024-11-29T14:18:58","modified_gmt":"2024-11-29T07:18:58","slug":"tu-lanh-mitsubishi-inverter-365-lit-mr-cgx46en-gbk-v","status":"publish","type":"product","link":"https:\/\/livinghome.vn\/thiet-bi\/tu-lanh-mitsubishi-inverter-365-lit-mr-cgx46en-gbk-v\/","title":{"rendered":"T\u1ee7 L\u1ea1nh Mitsubishi Inverter 365 L\u00edt MR-CGX46EN-GBK-V"},"content":{"rendered":"<h2>\u01afu \u0111i\u1ec3m c\u1ee7a t\u1ee7 l\u1ea1nh Mitsubishi Inverter 365 l\u00edt MR-CGX46EN-GBK-V<\/h2>\n<h3>Thi\u1ebft k\u1ebf \u1ea5n t\u01b0\u1ee3ng, sang tr\u1ecdng<\/h3>\n<p>T\u1ee7 l\u1ea1nh Mitsubishi Inverter dung t\u00edch 365 l\u00edt MR-CGX46EN-GBK-V n\u1ed5i b\u1eadt v\u1edbi thi\u1ebft k\u1ebf \u0111\u1ed9c \u0111\u00e1o 3 c\u00e1nh, t\u1ea1o \u1ea5n t\u01b0\u1ee3ng ngay t\u1eeb c\u00e1i nh\u00ecn \u0111\u1ea7u ti\u00ean. \u0110\u1eb7c bi\u1ec7t, ng\u0103n \u0111\u00e1 \u1edf ph\u00eda d\u01b0\u1edbi gi\u00fap d\u1ec5 d\u00e0ng truy c\u1eadp v\u00e0 s\u1eafp x\u1ebfp th\u1ef1c ph\u1ea9m. Khay ng\u0103n k\u00ednh ch\u1ecbu l\u1ef1c c\u00f3 t\u1ea3i tr\u1ecdng l\u1edbn \u0111\u1ebfn 100 kg gi\u00fap b\u1ea3o qu\u1ea3n th\u1ef1c ph\u1ea9m m\u1ed9t c\u00e1ch tho\u1ea3i m\u00e1i.<\/p>\n<figure id=\"attachment_20788\" aria-describedby=\"caption-attachment-20788\" style=\"width: 900px\" class=\"wp-caption aligncenter\"><img loading=\"lazy\" decoding=\"async\" class=\"size-full wp-image-20788\" src=\"https:\/\/livinghome.vn\/thiet-bi\/wp-content\/uploads\/2024\/04\/tu-lanh-mitsubishi-inverter-365-lit-mr-cgx46en-gbk-v-2.jpg\" alt=\"T\u1ee7 L\u1ea1nh Mitsubishi Inverter 365 L\u00edt MR-CGX46EN-GBK-V\" width=\"900\" height=\"900\" title=\"\" srcset=\"https:\/\/livinghome.vn\/thiet-bi\/wp-content\/uploads\/2024\/04\/tu-lanh-mitsubishi-inverter-365-lit-mr-cgx46en-gbk-v-2.jpg 900w, https:\/\/livinghome.vn\/thiet-bi\/wp-content\/uploads\/2024\/04\/tu-lanh-mitsubishi-inverter-365-lit-mr-cgx46en-gbk-v-2-400x400.jpg 400w, https:\/\/livinghome.vn\/thiet-bi\/wp-content\/uploads\/2024\/04\/tu-lanh-mitsubishi-inverter-365-lit-mr-cgx46en-gbk-v-2-800x800.jpg 800w, https:\/\/livinghome.vn\/thiet-bi\/wp-content\/uploads\/2024\/04\/tu-lanh-mitsubishi-inverter-365-lit-mr-cgx46en-gbk-v-2-280x280.jpg 280w, https:\/\/livinghome.vn\/thiet-bi\/wp-content\/uploads\/2024\/04\/tu-lanh-mitsubishi-inverter-365-lit-mr-cgx46en-gbk-v-2-768x768.jpg 768w, https:\/\/livinghome.vn\/thiet-bi\/wp-content\/uploads\/2024\/04\/tu-lanh-mitsubishi-inverter-365-lit-mr-cgx46en-gbk-v-2-300x300.jpg 300w, https:\/\/livinghome.vn\/thiet-bi\/wp-content\/uploads\/2024\/04\/tu-lanh-mitsubishi-inverter-365-lit-mr-cgx46en-gbk-v-2-600x600.jpg 600w, https:\/\/livinghome.vn\/thiet-bi\/wp-content\/uploads\/2024\/04\/tu-lanh-mitsubishi-inverter-365-lit-mr-cgx46en-gbk-v-2-100x100.jpg 100w\" sizes=\"auto, (max-width: 900px) 100vw, 900px\" \/><figcaption id=\"caption-attachment-20788\" class=\"wp-caption-text\">T\u1ee7 L\u1ea1nh Mitsubishi Inverter 365 L\u00edt MR-CGX46EN-GBK-V<\/figcaption><\/figure>\n<h3>C\u00f4ng ngh\u1ec7 Neuro Inverter ti\u1ebft ki\u1ec7m \u0111i\u1ec7n<\/h3>\n<p>C\u00f4ng ngh\u1ec7 Neuro Inverter l\u00e0 \u0111i\u1ec3m s\u00e1ng c\u1ee7a t\u1ee7 l\u1ea1nh n\u00e0y, gi\u00fap ti\u1ebft ki\u1ec7m \u0111i\u1ec7n n\u0103ng hi\u1ec7u qu\u1ea3 b\u1eb1ng c\u00e1ch \u0111i\u1ec1u ch\u1ec9nh m\u00e1y n\u00e9n v\u00e0 qu\u1ea1t theo th\u00f3i quen s\u1eed d\u1ee5ng c\u1ee7a ng\u01b0\u1eddi d\u00f9ng. C\u00f4ng ngh\u1ec7 l\u00e0m l\u1ea1nh \u0111a chi\u1ec1u \u0111\u1ed3ng th\u1eddi gi\u00fap ph\u00e2n ph\u1ed1i h\u01a1i l\u1ea1nh \u0111\u1ec1u kh\u1eafp c\u00e1c ng\u0103n, b\u1ea3o qu\u1ea3n th\u1ef1c ph\u1ea9m t\u1ed1t nh\u1ea5t.<\/p>\n<figure id=\"attachment_20789\" aria-describedby=\"caption-attachment-20789\" style=\"width: 900px\" class=\"wp-caption aligncenter\"><img loading=\"lazy\" decoding=\"async\" class=\"size-full wp-image-20789\" src=\"https:\/\/livinghome.vn\/thiet-bi\/wp-content\/uploads\/2024\/04\/tu-lanh-mitsubishi-inverter-365-lit-mr-cgx46en-gbk-v-3.jpg\" alt=\"T\u1ee7 L\u1ea1nh Mitsubishi Inverter 365 L\u00edt MR-CGX46EN-GBK-V\" width=\"900\" height=\"900\" title=\"\" srcset=\"https:\/\/livinghome.vn\/thiet-bi\/wp-content\/uploads\/2024\/04\/tu-lanh-mitsubishi-inverter-365-lit-mr-cgx46en-gbk-v-3.jpg 900w, https:\/\/livinghome.vn\/thiet-bi\/wp-content\/uploads\/2024\/04\/tu-lanh-mitsubishi-inverter-365-lit-mr-cgx46en-gbk-v-3-400x400.jpg 400w, https:\/\/livinghome.vn\/thiet-bi\/wp-content\/uploads\/2024\/04\/tu-lanh-mitsubishi-inverter-365-lit-mr-cgx46en-gbk-v-3-800x800.jpg 800w, https:\/\/livinghome.vn\/thiet-bi\/wp-content\/uploads\/2024\/04\/tu-lanh-mitsubishi-inverter-365-lit-mr-cgx46en-gbk-v-3-280x280.jpg 280w, https:\/\/livinghome.vn\/thiet-bi\/wp-content\/uploads\/2024\/04\/tu-lanh-mitsubishi-inverter-365-lit-mr-cgx46en-gbk-v-3-768x768.jpg 768w, https:\/\/livinghome.vn\/thiet-bi\/wp-content\/uploads\/2024\/04\/tu-lanh-mitsubishi-inverter-365-lit-mr-cgx46en-gbk-v-3-300x300.jpg 300w, https:\/\/livinghome.vn\/thiet-bi\/wp-content\/uploads\/2024\/04\/tu-lanh-mitsubishi-inverter-365-lit-mr-cgx46en-gbk-v-3-600x600.jpg 600w, https:\/\/livinghome.vn\/thiet-bi\/wp-content\/uploads\/2024\/04\/tu-lanh-mitsubishi-inverter-365-lit-mr-cgx46en-gbk-v-3-100x100.jpg 100w\" sizes=\"auto, (max-width: 900px) 100vw, 900px\" \/><figcaption id=\"caption-attachment-20789\" class=\"wp-caption-text\">T\u1ee7 L\u1ea1nh Mitsubishi Inverter 365 L\u00edt MR-CGX46EN-GBK-V<\/figcaption><\/figure>\n<h3>Kh\u00e1ng khu\u1ea9n, kh\u1eed m\u00f9i<\/h3>\n<p>H\u1ec7 th\u1ed1ng kh\u00e1ng khu\u1ea9n v\u00e0 kh\u1eed m\u00f9i c\u1ee7a t\u1ee7 l\u1ea1nh \u0111\u01b0\u1ee3c c\u1ea3i thi\u1ec7n v\u1edbi b\u1ed9 l\u1ecdc Carbon ho\u1ea1t t\u00ednh v\u00e0 \u0111\u1ec7m c\u1eeda Ion b\u1ea1c, \u0111\u1ea3m b\u1ea3o th\u1ef1c ph\u1ea9m lu\u00f4n \u0111\u01b0\u1ee3c b\u1ea3o qu\u1ea3n trong m\u00f4i tr\u01b0\u1eddng s\u1ea1ch s\u1ebd v\u00e0 an to\u00e0n.<\/p>\n<h3>Hai ng\u0103n m\u00e1t \u0111\u1ed9c l\u1eadp<\/h3>\n<p>Ng\u0103n m\u00e1t \u0111\u1ed9c l\u1eadp gi\u00fap t\u1ed5 ch\u1ee9c v\u00e0 b\u1ea3o qu\u1ea3n th\u1ef1c ph\u1ea9m m\u1ed9t c\u00e1ch hi\u1ec7u qu\u1ea3, h\u1ea1n ch\u1ebf t\u1ed1i \u0111a s\u1ef1 l\u1eabn m\u00f9i v\u00e0 l\u00e2y lan vi khu\u1ea9n. Ng\u0103n rau qu\u1ea3 \u0111\u01b0\u1ee3c trang b\u1ecb \u0111\u00e8n LED m\u00f4 ph\u1ecfng \u00e1nh s\u00e1ng m\u1eb7t tr\u1eddi, gi\u00fap b\u1ea3o qu\u1ea3n rau c\u1ee7 t\u01b0\u01a1i ngon v\u00e0 b\u1ed5 sung vitamin C.<\/p>\n<figure id=\"attachment_20786\" aria-describedby=\"caption-attachment-20786\" style=\"width: 900px\" class=\"wp-caption aligncenter\"><img loading=\"lazy\" decoding=\"async\" class=\"size-full wp-image-20786\" src=\"https:\/\/livinghome.vn\/thiet-bi\/wp-content\/uploads\/2024\/04\/tu-lanh-mitsubishi-inverter-365-lit-mr-cgx46en-gbk-v-6.jpg\" alt=\"T\u1ee7 L\u1ea1nh Mitsubishi Inverter 365 L\u00edt MR-CGX46EN-GBK-V\" width=\"900\" height=\"486\" title=\"\" srcset=\"https:\/\/livinghome.vn\/thiet-bi\/wp-content\/uploads\/2024\/04\/tu-lanh-mitsubishi-inverter-365-lit-mr-cgx46en-gbk-v-6.jpg 900w, https:\/\/livinghome.vn\/thiet-bi\/wp-content\/uploads\/2024\/04\/tu-lanh-mitsubishi-inverter-365-lit-mr-cgx46en-gbk-v-6-741x400.jpg 741w, https:\/\/livinghome.vn\/thiet-bi\/wp-content\/uploads\/2024\/04\/tu-lanh-mitsubishi-inverter-365-lit-mr-cgx46en-gbk-v-6-768x415.jpg 768w, https:\/\/livinghome.vn\/thiet-bi\/wp-content\/uploads\/2024\/04\/tu-lanh-mitsubishi-inverter-365-lit-mr-cgx46en-gbk-v-6-600x324.jpg 600w\" sizes=\"auto, (max-width: 900px) 100vw, 900px\" \/><figcaption id=\"caption-attachment-20786\" class=\"wp-caption-text\">T\u1ee7 L\u1ea1nh Mitsubishi Inverter 365 L\u00edt MR-CGX46EN-GBK-V<\/figcaption><\/figure>\n<h3>H\u1ec7 th\u1ed1ng l\u00e0m \u0111\u00e1 t\u1ef1 \u0111\u1ed9ng<\/h3>\n<p>C\u01a1 ch\u1ebf l\u00e0m \u0111\u00e1 t\u1ef1 \u0111\u1ed9ng c\u1ee7a t\u1ee7 l\u1ea1nh n\u00e0y ho\u1ea1t \u0111\u1ed9ng \u0111\u01a1n gi\u1ea3n v\u00e0 ti\u1ec7n l\u1ee3i, mang l\u1ea1i nh\u1eefng vi\u00ean \u0111\u00e1 m\u00e1t l\u1ea1nh trong t\u00edch t\u1eafc, ph\u1ee5c v\u1ee5 nhu c\u1ea7u th\u01b0\u1edfng th\u1ee9c \u0111\u1ed3 u\u1ed1ng m\u1ed7i ng\u00e0y.<\/p>\n","protected":false},"excerpt":{"rendered":"<ul>\n<li>Ki\u1ec3u t\u1ee7 l\u1ea1nh: Ng\u0103n \u0111\u00e1 ph\u00eda d\u01b0\u1edbi<\/li>\n<li>Dung t\u00edch t\u1ed5ng: 365 l\u00edt<\/li>\n<li>Dung t\u00edch s\u1eed d\u1ee5ng: 365 l\u00edt<\/li>\n<li>Dung t\u00edch ng\u0103n \u0111\u00e1: 80 l\u00edt<\/li>\n<li>C\u00f4ng ngh\u1ec7 Inverter: C\u00f3<\/li>\n<li>Kh\u00e1ng khu\u1ea9n, kh\u1eed m\u00f9i: Nano B\u1ea1c<\/li>\n<li>S\u1ed1 c\u1eeda: 3 c\u1eeda<\/li>\n<li>C\u00f4ng ngh\u1ec7 l\u00e0m l\u1ea1nh: L\u00e0m l\u1ea1nh \u0111a chi\u1ec1u<\/li>\n<li>C\u00f4ng ngh\u1ec7 Econavi: C\u00f3<\/li>\n<li>Ng\u0103n \u0111\u00f4ng m\u1ec1m: C\u00f3<\/li>\n<li>Ti\u1ec7n \u00edch: Ng\u0103n \u0111\u00e1 d\u01b0\u1edbi,\u00a0Ng\u0103n \u0111\u00f4ng m\u1ec1m<\/li>\n<li>\u0110i\u1ec7n n\u0103ng ti\u00eau th\u1ee5~1.03 kWh\/ng\u00e0y<\/li>\n<li>Ng\u0103n rau qu\u1ea3: C\u00f3<\/li>\n<li>Ch\u1ea5t li\u1ec7u khay: K\u00ednh ch\u1ecbu l\u1ef1c<\/li>\n<li>Ch\u1ea5t li\u1ec7u b\u00ean ngo\u00e0i: M\u1eb7t g\u01b0\u01a1ng<\/li>\n<li>K\u00edch th\u01b0\u1edbc: Cao x r\u1ed9ng x s\u00e2u\u00a0(182cm x 60cm x 66cm)<\/li>\n<li>Tr\u1ecdng l\u01b0\u1ee3ng s\u1ea3n ph\u1ea9m: 80kg<\/li>\n<li>Xu\u1ea5t x\u1ee9 th\u01b0\u01a1ng hi\u1ec7u: Nh\u1eadt B\u1ea3n<\/li>\n<li>S\u1ea3n xu\u1ea5t t\u1ea1i: Th\u00e1i Lan<\/li>\n<\/ul>\n","protected":false},"featured_media":21173,"comment_status":"open","ping_status":"closed","template":"","meta":[],"product_brand":[],"product_cat":[1992,201,1990],"product_tag":[203,1989],"class_list":{"0":"post-20784","1":"product","2":"type-product","3":"status-publish","4":"has-post-thumbnail","6":"product_cat-thuong-hieu-mitsubishi-electric","7":"product_cat-tu-lanh","8":"product_cat-tu-lanh-mitsubishi-electric","9":"product_tag-tu-lanh","10":"product_tag-tu-lanh-mitsubishi-electric","12":"first","13":"instock","14":"sale","15":"shipping-taxable","16":"purchasable","17":"product-type-simple"},"_links":{"self":[{"href":"https:\/\/livinghome.vn\/thiet-bi\/wp-json\/wp\/v2\/product\/20784","targetHints":{"allow":["GET"]}}],"collection":[{"href":"https:\/\/livinghome.vn\/thiet-bi\/wp-json\/wp\/v2\/product"}],"about":[{"href":"https:\/\/livinghome.vn\/thiet-bi\/wp-json\/wp\/v2\/types\/product"}],"replies":[{"embeddable":true,"href":"https:\/\/livinghome.vn\/thiet-bi\/wp-json\/wp\/v2\/comments?post=20784"}],"wp:featuredmedia":[{"embeddable":true,"href":"https:\/\/livinghome.vn\/thiet-bi\/wp-json\/wp\/v2\/media\/21173"}],"wp:attachment":[{"href":"https:\/\/livinghome.vn\/thiet-bi\/wp-json\/wp\/v2\/media?parent=20784"}],"wp:term":[{"taxonomy":"product_brand","embeddable":true,"href":"https:\/\/livinghome.vn\/thiet-bi\/wp-json\/wp\/v2\/product_brand?post=20784"},{"taxonomy":"product_cat","embeddable":true,"href":"https:\/\/livinghome.vn\/thiet-bi\/wp-json\/wp\/v2\/product_cat?post=20784"},{"taxonomy":"product_tag","embeddable":true,"href":"https:\/\/livinghome.vn\/thiet-bi\/wp-json\/wp\/v2\/product_tag?post=20784"}],"curies":[{"name":"wp","href":"https:\/\/api.w.org\/{rel}","templated":true}]}}