{"id":20762,"date":"2024-04-23T09:39:55","date_gmt":"2024-04-23T02:39:55","guid":{"rendered":"https:\/\/livinghome.vn\/thiet-bi\/?post_type=product&#038;p=20762"},"modified":"2024-11-29T14:18:58","modified_gmt":"2024-11-29T07:18:58","slug":"tu-lanh-mitsubishi-mr-lx68em-gsl-v","status":"publish","type":"product","link":"https:\/\/livinghome.vn\/thiet-bi\/tu-lanh-mitsubishi-mr-lx68em-gsl-v\/","title":{"rendered":"T\u1ee7 l\u1ea1nh Mitsubishi MR-LX68EM-GSL-V"},"content":{"rendered":"<p>T\u1ee7 l\u1ea1nh Mitsubishi MR-LX68EM-GSL-V 4 c\u00e1nh, c\u00f3 dung t\u00edch 564 l\u00edt l\u00e0 thi\u1ebft b\u1ecb c\u1ea7n thi\u1ebft cho m\u1ecdi gia \u0111\u00ecnh. Lo\u1ea1i t\u1ee7 l\u1ea1nh side by side n\u00e0y ph\u00f9 h\u1ee3p cho gia \u0111\u00ecnh t\u1eeb 5 \u0111\u1ebfn 7 ng\u01b0\u1eddi, \u0111\u1ed3ng th\u1eddi n\u1ed5i b\u1eadt v\u1edbi kh\u1ea3 n\u0103ng ti\u1ebft ki\u1ec7m \u0111i\u1ec7n n\u0103ng.<\/p>\n<p class=\"_ilcss0_\"><img loading=\"lazy\" decoding=\"async\" class=\"alignnone size-full wp-image-20797\" src=\"https:\/\/livinghome.vn\/thiet-bi\/wp-content\/uploads\/2024\/04\/tu-lanh-mitsubishi-mr-lx68em-gsl-v-1.jpg\" alt=\"\" width=\"800\" height=\"800\" title=\"\" srcset=\"https:\/\/livinghome.vn\/thiet-bi\/wp-content\/uploads\/2024\/04\/tu-lanh-mitsubishi-mr-lx68em-gsl-v-1.jpg 800w, https:\/\/livinghome.vn\/thiet-bi\/wp-content\/uploads\/2024\/04\/tu-lanh-mitsubishi-mr-lx68em-gsl-v-1-400x400.jpg 400w, https:\/\/livinghome.vn\/thiet-bi\/wp-content\/uploads\/2024\/04\/tu-lanh-mitsubishi-mr-lx68em-gsl-v-1-280x280.jpg 280w, https:\/\/livinghome.vn\/thiet-bi\/wp-content\/uploads\/2024\/04\/tu-lanh-mitsubishi-mr-lx68em-gsl-v-1-768x768.jpg 768w, https:\/\/livinghome.vn\/thiet-bi\/wp-content\/uploads\/2024\/04\/tu-lanh-mitsubishi-mr-lx68em-gsl-v-1-300x300.jpg 300w, https:\/\/livinghome.vn\/thiet-bi\/wp-content\/uploads\/2024\/04\/tu-lanh-mitsubishi-mr-lx68em-gsl-v-1-600x600.jpg 600w, https:\/\/livinghome.vn\/thiet-bi\/wp-content\/uploads\/2024\/04\/tu-lanh-mitsubishi-mr-lx68em-gsl-v-1-100x100.jpg 100w\" sizes=\"auto, (max-width: 800px) 100vw, 800px\" \/><\/p>\n<p class=\"_ilcss0_\">T\u1ee7 l\u1ea1nh 4 c\u00e1nh Mitsubishi MR-LX68EM-GSL-V, 564L<\/p>\n<p>S\u1ea3n ph\u1ea9m n\u00e0y c\u00f3 thi\u1ebft k\u1ebf 4 c\u1eeda m\u00e0u b\u1ea1c g\u01b0\u01a1ng hi\u1ec7n \u0111\u1ea1i v\u00e0 sang tr\u1ecdng, g\u00f3p ph\u1ea7n mang l\u1ea1i kh\u00f4ng gian tho\u1ea3i m\u00e1i, d\u1ec5 nh\u00ecn cho gia \u0111\u00ecnh b\u1ea1n, \u0111\u1ed3ng th\u1eddi v\u1eabn to\u00e1t l\u00ean v\u1ebb \u0111\u1eb3ng c\u1ea5p.<\/p>\n<p class=\"_ilcss0_\"><img loading=\"lazy\" decoding=\"async\" class=\"alignnone size-full wp-image-20802\" src=\"https:\/\/livinghome.vn\/thiet-bi\/wp-content\/uploads\/2024\/04\/tu-lanh-mitsubishi-mr-lx68em-gsl-v-3.jpg\" alt=\"\" width=\"1200\" height=\"865\" title=\"\" srcset=\"https:\/\/livinghome.vn\/thiet-bi\/wp-content\/uploads\/2024\/04\/tu-lanh-mitsubishi-mr-lx68em-gsl-v-3.jpg 1200w, https:\/\/livinghome.vn\/thiet-bi\/wp-content\/uploads\/2024\/04\/tu-lanh-mitsubishi-mr-lx68em-gsl-v-3-555x400.jpg 555w, https:\/\/livinghome.vn\/thiet-bi\/wp-content\/uploads\/2024\/04\/tu-lanh-mitsubishi-mr-lx68em-gsl-v-3-1110x800.jpg 1110w, https:\/\/livinghome.vn\/thiet-bi\/wp-content\/uploads\/2024\/04\/tu-lanh-mitsubishi-mr-lx68em-gsl-v-3-768x554.jpg 768w, https:\/\/livinghome.vn\/thiet-bi\/wp-content\/uploads\/2024\/04\/tu-lanh-mitsubishi-mr-lx68em-gsl-v-3-600x433.jpg 600w\" sizes=\"auto, (max-width: 1200px) 100vw, 1200px\" \/><\/p>\n<p class=\"_ilcss0_\">T\u1ee7 l\u1ea1nh v\u1edbi k\u00edch th\u01b0\u1edbc v\u1eeba v\u1eb7n m\u1ecdi kh\u00f4ng gian b\u1ebfp<\/p>\n<h2>\u01afu \u0111i\u1ec3m<\/h2>\n<h3>K\u00ednh ch\u1ecbu l\u1ef1c si\u00eau b\u1ec1n<\/h3>\n<p>T\u1ee7 l\u1ea1nh Mitsubishi 4 c\u00e1nh n\u00e0y \u0111\u01b0\u1ee3c trang b\u1ecb c\u00e1c khay k\u00ednh ch\u1ecbu l\u1ef1c si\u00eau b\u1ec1n, c\u00f3 kh\u1ea3 n\u0103ng ch\u1ecbu t\u1ea3i tr\u1ecdng l\u1edbn m\u00e0 kh\u00f4ng lo bi\u1ebfn d\u1ea1ng. B\u1ea1n c\u00f3 th\u1ec3 y\u00ean t\u00e2m l\u01b0u tr\u1eef th\u1ef1c ph\u1ea9m cho gia \u0111\u00ecnh m\u00ecnh trong nhi\u1ec1u ng\u00e0y.<\/p>\n<p><span style=\"font-size: 20.16px;color: #333333\">L\u00e0m \u0111\u00e1 t\u1ef1 \u0111\u1ed9ng<\/span><\/p>\n<p>T\u00ednh n\u0103ng l\u00e0m \u0111\u00e1 t\u1ef1 \u0111\u1ed9ng c\u1ee7a t\u1ee7 l\u1ea1nh n\u00e0y c\u0169ng mang l\u1ea1i s\u1ef1 ti\u1ec7n l\u1ee3i khi lu\u00f4n c\u00f3 s\u1eb5n \u0111\u00e1 vi\u00ean trong ng\u0103n \u0111\u00e1, gi\u00fap ng\u01b0\u1eddi d\u00f9ng tho\u1ea3i m\u00e1i h\u01a1n trong vi\u1ec7c chu\u1ea9n b\u1ecb th\u1ee9c u\u1ed1ng v\u00e0 c\u00e1c m\u00f3n \u0103n m\u00e1t l\u1ea1nh.<\/p>\n<div class=\"flex-1 overflow-hidden\">\n<div class=\"react-scroll-to-bottom--css-isshe-79elbk h-full\">\n<div class=\"react-scroll-to-bottom--css-isshe-1n7m0yu\">\n<div class=\"flex flex-col text-sm pb-9\"><img loading=\"lazy\" decoding=\"async\" class=\"alignnone size-full wp-image-20803\" src=\"https:\/\/livinghome.vn\/thiet-bi\/wp-content\/uploads\/2024\/04\/tu-lanh-mitsubishi-mr-lx68em-gsl-v-4.jpg\" alt=\"\" width=\"1200\" height=\"733\" title=\"\" srcset=\"https:\/\/livinghome.vn\/thiet-bi\/wp-content\/uploads\/2024\/04\/tu-lanh-mitsubishi-mr-lx68em-gsl-v-4.jpg 1200w, https:\/\/livinghome.vn\/thiet-bi\/wp-content\/uploads\/2024\/04\/tu-lanh-mitsubishi-mr-lx68em-gsl-v-4-655x400.jpg 655w, https:\/\/livinghome.vn\/thiet-bi\/wp-content\/uploads\/2024\/04\/tu-lanh-mitsubishi-mr-lx68em-gsl-v-4-768x469.jpg 768w, https:\/\/livinghome.vn\/thiet-bi\/wp-content\/uploads\/2024\/04\/tu-lanh-mitsubishi-mr-lx68em-gsl-v-4-600x367.jpg 600w\" sizes=\"auto, (max-width: 1200px) 100vw, 1200px\" \/><\/div>\n<\/div>\n<\/div>\n<\/div>\n<p class=\"_ilcss0_\">Ng\u0103n t\u1ee7 l\u1ea1nh tho\u1ea3i m\u00e1i, r\u1ed9ng r\u00e3i<\/p>\n<h3>Ng\u0103n rau c\u1ee7 ri\u00eang bi\u1ec7t<\/h3>\n<p>Ng\u0103n rau qu\u1ea3 \u0111\u1ed9c l\u1eadp tr\u00ean t\u1ee7 l\u1ea1nh Mitsubishi \u0111\u01b0\u1ee3c trang b\u1ecb \u0111\u00e8n LED m\u00e0u cam gi\u1ea3 l\u1eadp \u00e1nh s\u00e1ng m\u1eb7t tr\u1eddi, gi\u00fap rau qu\u1ea3 b\u1ea3o qu\u1ea3n \u0111\u01b0\u1ee3c t\u01b0\u01a1i ngon l\u00e2u h\u01a1n nh\u1edd kh\u1ea3 n\u0103ng ti\u1ebfp t\u1ee5c qu\u00e1 tr\u00ecnh quang h\u1ee3p, \u0111\u1ed3ng th\u1eddi t\u0103ng c\u01b0\u1eddng l\u01b0\u1ee3ng Vitamin C trong s\u1ea3n ph\u1ea9m. Thi\u1ebft k\u1ebf ng\u0103n n\u00e0y c\u0169ng \u0111\u1ea3m b\u1ea3o kh\u00f4ng l\u1eabn m\u00f9i v\u1edbi c\u00e1c lo\u1ea1i th\u1ef1c ph\u1ea9m t\u01b0\u01a1i s\u1ed1ng kh\u00e1c trong t\u1ee7 l\u1ea1nh.<\/p>\n<p class=\"_ilcss0_\"><img loading=\"lazy\" decoding=\"async\" class=\"alignnone size-full wp-image-20798\" src=\"https:\/\/livinghome.vn\/thiet-bi\/wp-content\/uploads\/2024\/04\/tu-lanh-mitsubishi-mr-lx68em-gsl-v-5.jpg\" alt=\"\" width=\"1200\" height=\"667\" title=\"\" srcset=\"https:\/\/livinghome.vn\/thiet-bi\/wp-content\/uploads\/2024\/04\/tu-lanh-mitsubishi-mr-lx68em-gsl-v-5.jpg 1200w, https:\/\/livinghome.vn\/thiet-bi\/wp-content\/uploads\/2024\/04\/tu-lanh-mitsubishi-mr-lx68em-gsl-v-5-720x400.jpg 720w, https:\/\/livinghome.vn\/thiet-bi\/wp-content\/uploads\/2024\/04\/tu-lanh-mitsubishi-mr-lx68em-gsl-v-5-768x427.jpg 768w, https:\/\/livinghome.vn\/thiet-bi\/wp-content\/uploads\/2024\/04\/tu-lanh-mitsubishi-mr-lx68em-gsl-v-5-600x334.jpg 600w\" sizes=\"auto, (max-width: 1200px) 100vw, 1200px\" \/><\/p>\n<p class=\"_ilcss0_\">Ng\u0103n rau c\u1ee7 lu\u00f4n gi\u1eef v\u1ecb t\u01b0\u01a1i ngon<\/p>\n<h3>B\u1ea3ng \u0111i\u1ec1u khi\u1ec3n c\u1ea3m \u1ee9ng hi\u1ec7n<\/h3>\n<p>T\u1ee7 l\u1ea1nh Mitsubishi MRLX68EMGBKV \u0111\u01b0\u1ee3c trang b\u1ecb b\u1ea3ng \u0111i\u1ec1u khi\u1ec3n c\u1ea3m \u1ee9ng hi\u1ec7n \u0111\u1ea1i, gi\u00fap ng\u01b0\u1eddi d\u00f9ng d\u1ec5 d\u00e0ng v\u00e0 ti\u1ec7n l\u1ee3i trong vi\u1ec7c th\u1ef1c hi\u1ec7n c\u00e1c thi\u1ebft l\u1eadp v\u00e0 \u0111i\u1ec1u ch\u1ec9nh c\u1ea7n thi\u1ebft cho t\u1ee7 l\u1ea1nh.<\/p>\n<h3>C\u00f4ng ngh\u1ec7 Neuro Inverter ti\u1ebft ki\u1ec7m<\/h3>\n<p>T\u1ee7 l\u1ea1nh n\u00e0y c\u00f2n \u0111\u01b0\u1ee3c t\u00edch h\u1ee3p c\u00f4ng ngh\u1ec7 Neuro Inverter gi\u00fap ti\u1ebft ki\u1ec7m \u0111\u1ebfn 45% l\u01b0\u1ee3ng \u0111i\u1ec7n n\u0103ng ti\u00eau th\u1ee5. C\u00f4ng ngh\u1ec7 n\u00e0y kh\u00f4ng ch\u1ec9 gi\u00fap t\u1ee7 l\u1ea1nh v\u1eadn h\u00e0nh \u00eam \u00e1i v\u00e0 b\u1ec1n b\u1ec9, m\u00e0 c\u00f2n gi\u00fap gia \u0111\u00ecnh b\u1ea1n gi\u1ea3m thi\u1ec3u \u0111\u00e1ng k\u1ec3 chi ph\u00ed ti\u1ec1n \u0111i\u1ec7n h\u00e0ng th\u00e1ng.<\/p>\n<p class=\"_ilcss0_\"><img loading=\"lazy\" decoding=\"async\" class=\"alignnone size-full wp-image-20800\" src=\"https:\/\/livinghome.vn\/thiet-bi\/wp-content\/uploads\/2024\/04\/tu-lanh-mitsubishi-mr-lx68em-gsl-v-6.jpg\" alt=\"\" width=\"1200\" height=\"667\" title=\"\" srcset=\"https:\/\/livinghome.vn\/thiet-bi\/wp-content\/uploads\/2024\/04\/tu-lanh-mitsubishi-mr-lx68em-gsl-v-6.jpg 1200w, https:\/\/livinghome.vn\/thiet-bi\/wp-content\/uploads\/2024\/04\/tu-lanh-mitsubishi-mr-lx68em-gsl-v-6-720x400.jpg 720w, https:\/\/livinghome.vn\/thiet-bi\/wp-content\/uploads\/2024\/04\/tu-lanh-mitsubishi-mr-lx68em-gsl-v-6-768x427.jpg 768w, https:\/\/livinghome.vn\/thiet-bi\/wp-content\/uploads\/2024\/04\/tu-lanh-mitsubishi-mr-lx68em-gsl-v-6-600x334.jpg 600w\" sizes=\"auto, (max-width: 1200px) 100vw, 1200px\" \/><\/p>\n<p class=\"_ilcss0_\">C\u00f4ng ngh\u1ec7 Inverter ti\u1ec7n l\u1ee3i<\/p>\n<h3>Th\u00e0nh t\u1ee7 kh\u00e1ng khu\u1ea9n, ch\u1ed1ng n\u1ea5m m\u1ed1c<\/h3>\n<p>Mitsubishi MRLX68EMGBKV \u0111\u01b0\u1ee3c trang b\u1ecb th\u00e0nh t\u1ee7 kh\u00e1ng khu\u1ea9n, gi\u00fap ng\u0103n ch\u1eb7n s\u1ef1 ph\u00e1t tri\u1ec3n c\u1ee7a n\u1ea5m m\u1ed1c v\u00e0 b\u1ea3o v\u1ec7 \u0111\u1ec7m k\u00edn c\u1ee7a t\u1ee7 l\u1ea1nh. \u0110i\u1ec1u n\u00e0y \u0111\u1ea3m b\u1ea3o r\u1eb1ng th\u1ef1c ph\u1ea9m \u0111\u01b0\u1ee3c b\u1ea3o qu\u1ea3n trong t\u1ee7 lu\u00f4n t\u01b0\u01a1i ngon v\u00e0 an to\u00e0n cho s\u1ee9c kh\u1ecfe c\u1ee7a gia \u0111\u00ecnh b\u1ea1n.<\/p>\n<p class=\"_ilcss0_\"><img loading=\"lazy\" decoding=\"async\" class=\"alignnone size-full wp-image-20801\" src=\"https:\/\/livinghome.vn\/thiet-bi\/wp-content\/uploads\/2024\/04\/tu-lanh-mitsubishi-mr-lx68em-gsl-v-7.jpg\" alt=\"\" width=\"1200\" height=\"666\" title=\"\" srcset=\"https:\/\/livinghome.vn\/thiet-bi\/wp-content\/uploads\/2024\/04\/tu-lanh-mitsubishi-mr-lx68em-gsl-v-7.jpg 1200w, https:\/\/livinghome.vn\/thiet-bi\/wp-content\/uploads\/2024\/04\/tu-lanh-mitsubishi-mr-lx68em-gsl-v-7-721x400.jpg 721w, https:\/\/livinghome.vn\/thiet-bi\/wp-content\/uploads\/2024\/04\/tu-lanh-mitsubishi-mr-lx68em-gsl-v-7-768x426.jpg 768w, https:\/\/livinghome.vn\/thiet-bi\/wp-content\/uploads\/2024\/04\/tu-lanh-mitsubishi-mr-lx68em-gsl-v-7-600x333.jpg 600w\" sizes=\"auto, (max-width: 1200px) 100vw, 1200px\" \/><\/p>\n<p class=\"_ilcss0_\">Th\u00e0nh t\u1ee7 b\u1ea3o v\u1ec7 t\u1ee7 l\u1ea1nh<\/p>\n<h3>C\u00f4ng ngh\u1ec7 \u01b0\u1edbp l\u1ea1nh m\u1ec1m<\/h3>\n<p>C\u00f4ng ngh\u1ec7 \u01b0\u1edbp l\u1ea1nh m\u1ec1m th\u00f4ng minh \u0111\u01b0\u1ee3c \u00e1p d\u1ee5ng trong t\u1ee7 l\u1ea1nh hi\u1ec7n \u0111\u1ea1i cho ph\u00e9p b\u1ea3o qu\u1ea3n th\u1ef1c ph\u1ea9m \u1edf nhi\u1ec7t \u0111\u1ed9 l\u1ea1nh m\u00e0 kh\u00f4ng \u0111\u00f3ng b\u0103ng. Nh\u1edd \u0111\u00f3, ng\u01b0\u1eddi d\u00f9ng c\u00f3 th\u1ec3 n\u1ea5u \u0103n ngay l\u1eadp t\u1ee9c sau khi l\u1ea5y th\u1ef1c ph\u1ea9m ra m\u00e0 kh\u00f4ng c\u1ea7n th\u1eddi gian r\u00e3 \u0111\u00f4ng. C\u00f4ng ngh\u1ec7 n\u00e0y c\u00f2n gi\u00fap gi\u1ea3m thi\u1ec3u m\u1ea5t d\u01b0\u1ee1ng ch\u1ea5t, b\u1ea3o to\u00e0n h\u01b0\u01a1ng v\u1ecb v\u00e0 ch\u1ea5t dinh d\u01b0\u1ee1ng c\u1ee7a th\u1ef1c ph\u1ea9m nh\u01b0 khi m\u1edbi mua, \u0111\u1ea3m b\u1ea3o ch\u1ea5t l\u01b0\u1ee3ng b\u1ea3o qu\u1ea3n th\u1ef1c ph\u1ea9m \u1edf m\u1ee9c t\u1ed1i \u01b0u nh\u1ea5t.<\/p>\n<p class=\"_ilcss0_\"><img loading=\"lazy\" decoding=\"async\" class=\"alignnone size-full wp-image-20799\" src=\"https:\/\/livinghome.vn\/thiet-bi\/wp-content\/uploads\/2024\/04\/tu-lanh-mitsubishi-mr-lx68em-gsl-v-8.jpg\" alt=\"\" width=\"1200\" height=\"666\" title=\"\" srcset=\"https:\/\/livinghome.vn\/thiet-bi\/wp-content\/uploads\/2024\/04\/tu-lanh-mitsubishi-mr-lx68em-gsl-v-8.jpg 1200w, https:\/\/livinghome.vn\/thiet-bi\/wp-content\/uploads\/2024\/04\/tu-lanh-mitsubishi-mr-lx68em-gsl-v-8-721x400.jpg 721w, https:\/\/livinghome.vn\/thiet-bi\/wp-content\/uploads\/2024\/04\/tu-lanh-mitsubishi-mr-lx68em-gsl-v-8-768x426.jpg 768w, https:\/\/livinghome.vn\/thiet-bi\/wp-content\/uploads\/2024\/04\/tu-lanh-mitsubishi-mr-lx68em-gsl-v-8-600x333.jpg 600w\" sizes=\"auto, (max-width: 1200px) 100vw, 1200px\" \/><\/p>\n<p class=\"_ilcss0_\">C\u00f4ng ngh\u1ec7 \u01b0\u1edbp \u0111\u00f4ng m\u1ec1m th\u00f4ng minh<\/p>\n<p><strong>L\u01b0u \u00fd: <\/strong>H\u00ecnh \u1ea3nh ch\u1ec9 mang t\u00ednh ch\u1ea5t minh h\u1ecda<\/p>\n","protected":false},"excerpt":{"rendered":"<p>Dung t\u00edch s\u1eed d\u1ee5ng: 564 l\u00edt<\/p>\n<p>Dung t\u00edch ng\u0103n l\u1ea1nh: 426 l\u00edt<\/p>\n<p>Dung t\u00edch ng\u0103n \u0111\u00e1: 138 l\u00edt<\/p>\n<p>C\u00f4ng ngh\u1ec7 Inverter: C\u00f3<\/p>\n<p>Ti\u1ec7n \u00edch: L\u00e0m \u0111\u00e1 t\u1ef1 \u0111\u1ed9ng,\u00a0<a href=\"https:\/\/meta.vn\/tu-lanh-c1015?specs=2672.58373\">Ng\u0103n \u0111\u00f4ng m\u1ec1m<\/a><\/p>\n<p>\u0110i\u1ec7n n\u0103ng ti\u00eau th\u1ee5: ~ 1.17 kW\/ng\u00e0y<\/p>\n<p>L\u00e0m \u0111\u00e1 t\u1ef1 \u0111\u1ed9ng: C\u00f3<\/p>\n<p>K\u00edch th\u01b0\u1edbc: 179.8cm x 90cm x 73.5cm<\/p>\n<p>Tr\u1ecdng l\u01b0\u1ee3ng s\u1ea3n ph\u1ea9m: 110kg<\/p>\n<p>Xu\u1ea5t x\u1ee9 th\u01b0\u01a1ng hi\u1ec7u: Nh\u1eadt B\u1ea3n<\/p>\n<p>S\u1ea3n xu\u1ea5t t\u1ea1i: Th\u00e1i Lan<\/p>\n<p>B\u1ea3o h\u00e0nh: 24 th\u00e1ng<\/p>\n<p>&nbsp;<\/p>\n","protected":false},"featured_media":21188,"comment_status":"open","ping_status":"closed","template":"","meta":[],"product_brand":[],"product_cat":[1992,201,1990],"product_tag":[],"class_list":{"0":"post-20762","1":"product","2":"type-product","3":"status-publish","4":"has-post-thumbnail","6":"product_cat-thuong-hieu-mitsubishi-electric","7":"product_cat-tu-lanh","8":"product_cat-tu-lanh-mitsubishi-electric","10":"first","11":"instock","12":"sale","13":"shipping-taxable","14":"purchasable","15":"product-type-simple"},"_links":{"self":[{"href":"https:\/\/livinghome.vn\/thiet-bi\/wp-json\/wp\/v2\/product\/20762","targetHints":{"allow":["GET"]}}],"collection":[{"href":"https:\/\/livinghome.vn\/thiet-bi\/wp-json\/wp\/v2\/product"}],"about":[{"href":"https:\/\/livinghome.vn\/thiet-bi\/wp-json\/wp\/v2\/types\/product"}],"replies":[{"embeddable":true,"href":"https:\/\/livinghome.vn\/thiet-bi\/wp-json\/wp\/v2\/comments?post=20762"}],"wp:featuredmedia":[{"embeddable":true,"href":"https:\/\/livinghome.vn\/thiet-bi\/wp-json\/wp\/v2\/media\/21188"}],"wp:attachment":[{"href":"https:\/\/livinghome.vn\/thiet-bi\/wp-json\/wp\/v2\/media?parent=20762"}],"wp:term":[{"taxonomy":"product_brand","embeddable":true,"href":"https:\/\/livinghome.vn\/thiet-bi\/wp-json\/wp\/v2\/product_brand?post=20762"},{"taxonomy":"product_cat","embeddable":true,"href":"https:\/\/livinghome.vn\/thiet-bi\/wp-json\/wp\/v2\/product_cat?post=20762"},{"taxonomy":"product_tag","embeddable":true,"href":"https:\/\/livinghome.vn\/thiet-bi\/wp-json\/wp\/v2\/product_tag?post=20762"}],"curies":[{"name":"wp","href":"https:\/\/api.w.org\/{rel}","templated":true}]}}