{"id":20761,"date":"2024-04-23T10:05:50","date_gmt":"2024-04-23T03:05:50","guid":{"rendered":"https:\/\/livinghome.vn\/thiet-bi\/?post_type=product&#038;p=20761"},"modified":"2024-11-29T14:18:58","modified_gmt":"2024-11-29T07:18:58","slug":"tu-lanh-mitsubishi-inverter-450-lit-mr-cgx56ep-gbk-v","status":"publish","type":"product","link":"https:\/\/livinghome.vn\/thiet-bi\/tu-lanh-mitsubishi-inverter-450-lit-mr-cgx56ep-gbk-v\/","title":{"rendered":"T\u1ee7 L\u1ea1nh Mitsubishi Inverter 450 L\u00edt MR-CGX56EP-GBK-V"},"content":{"rendered":"<h2>\u01afu \u0111i\u1ec3m c\u1ee7a t\u1ee7 l\u1ea1nh Mitsubishi Inverter 450 l\u00edt MR-CGX56EP-GBK-V<\/h2>\n<h3>T\u1ee7 l\u1ea1nh m\u1eb7t g\u01b0\u01a1ng sang tr\u1ecdng<\/h3>\n<p>T\u1ee7 l\u1ea1nh Mitsubishi Inverter 3 c\u1eeda MR-CGX56EP-GBK-V v\u1edbi thi\u1ebft k\u1ebf m\u1eb7t g\u01b0\u01a1ng sang tr\u1ecdng v\u00e0 m\u00e0u \u0111en tinh t\u1ebf, kh\u00f4ng ch\u1ec9 l\u00e0 \u0111i\u1ec3m nh\u1ea5n cho b\u1ea5t k\u1ef3 kh\u00f4ng gian n\u00e0o m\u00e0 c\u00f2n mang l\u1ea1i s\u1ef1 d\u1ec5 d\u00e0ng trong vi\u1ec7c v\u1ec7 sinh v\u00e0 b\u1ea3o qu\u1ea3n. V\u1edbi dung t\u00edch r\u1ed9ng l\u1edbn l\u00ean \u0111\u1ebfn 450 l\u00edt, n\u00f3 l\u00e0 s\u1ef1 l\u1ef1a ch\u1ecdn l\u00fd t\u01b0\u1edfng cho c\u00e1c gia \u0111\u00ecnh \u0111\u00f4ng th\u00e0nh vi\u00ean.<\/p>\n<figure id=\"attachment_20776\" aria-describedby=\"caption-attachment-20776\" style=\"width: 800px\" class=\"wp-caption aligncenter\"><img loading=\"lazy\" decoding=\"async\" class=\"size-full wp-image-20776\" src=\"https:\/\/livinghome.vn\/thiet-bi\/wp-content\/uploads\/2024\/04\/tu-lanh-mitsubishi-inverter-450-lit-mr-cgx56ep-gbk-v-1.jpg\" alt=\"T\u1ee7 L\u1ea1nh Mitsubishi Inverter 450 L\u00edt MR-CGX56EP-GBK-V \" width=\"800\" height=\"800\" title=\"\" srcset=\"https:\/\/livinghome.vn\/thiet-bi\/wp-content\/uploads\/2024\/04\/tu-lanh-mitsubishi-inverter-450-lit-mr-cgx56ep-gbk-v-1.jpg 800w, https:\/\/livinghome.vn\/thiet-bi\/wp-content\/uploads\/2024\/04\/tu-lanh-mitsubishi-inverter-450-lit-mr-cgx56ep-gbk-v-1-400x400.jpg 400w, https:\/\/livinghome.vn\/thiet-bi\/wp-content\/uploads\/2024\/04\/tu-lanh-mitsubishi-inverter-450-lit-mr-cgx56ep-gbk-v-1-280x280.jpg 280w, https:\/\/livinghome.vn\/thiet-bi\/wp-content\/uploads\/2024\/04\/tu-lanh-mitsubishi-inverter-450-lit-mr-cgx56ep-gbk-v-1-768x768.jpg 768w, https:\/\/livinghome.vn\/thiet-bi\/wp-content\/uploads\/2024\/04\/tu-lanh-mitsubishi-inverter-450-lit-mr-cgx56ep-gbk-v-1-300x300.jpg 300w, https:\/\/livinghome.vn\/thiet-bi\/wp-content\/uploads\/2024\/04\/tu-lanh-mitsubishi-inverter-450-lit-mr-cgx56ep-gbk-v-1-600x600.jpg 600w, https:\/\/livinghome.vn\/thiet-bi\/wp-content\/uploads\/2024\/04\/tu-lanh-mitsubishi-inverter-450-lit-mr-cgx56ep-gbk-v-1-100x100.jpg 100w\" sizes=\"auto, (max-width: 800px) 100vw, 800px\" \/><figcaption id=\"caption-attachment-20776\" class=\"wp-caption-text\">T\u1ee7 L\u1ea1nh Mitsubishi Inverter 450 L\u00edt MR-CGX56EP-GBK-V<\/figcaption><\/figure>\n<h3>T\u1ee7 l\u1ea1nh c\u00f3 ng\u0103n \u0111\u00f4ng m\u1ec1m<\/h3>\n<p>Ng\u0103n \u0111\u00f4ng m\u1ec1m c\u1ee7a t\u1ee7 l\u1ea1nh n\u00e0y kh\u00f4ng ch\u1ec9 duy tr\u00ec nhi\u1ec7t \u0111\u1ed9 l\u00fd t\u01b0\u1edfng cho th\u1ef1c ph\u1ea9m m\u00e0 c\u00f2n gi\u1eef cho ch\u00fang kh\u00f4ng b\u1ecb \u0111\u00f3ng b\u0103ng, \u0111\u1ea3m b\u1ea3o th\u1ef1c ph\u1ea9m v\u1eabn gi\u1eef \u0111\u01b0\u1ee3c \u0111\u1ed9 t\u01b0\u01a1i ngon v\u00e0 c\u00f3 th\u1ec3 s\u1eed d\u1ee5ng ngay m\u00e0 kh\u00f4ng c\u1ea7n r\u00e3 \u0111\u00f4ng.<\/p>\n<h3>Ng\u0103n m\u00e1t c\u00f3 dung t\u00edch l\u1edbn<\/h3>\n<p>V\u1edbi ng\u0103n m\u00e1t dung t\u00edch l\u1edbn v\u00e0 \u0111\u01b0\u1ee3c chia th\u00e0nh nhi\u1ec1u khay k\u1ec7 linh ho\u1ea1t, t\u1ee7 l\u1ea1nh Mitsubishi MR-CGX56EP-GBK-V gi\u00fap t\u1ed5 ch\u1ee9c v\u00e0 b\u1ea3o qu\u1ea3n th\u1ef1c ph\u1ea9m m\u1ed9t c\u00e1ch hi\u1ec7u qu\u1ea3. \u0110\u1eb7c bi\u1ec7t, vi\u1ec7c c\u00f3 2 ng\u0103n \u0111\u1ed9c l\u1eadp gi\u00fap ng\u0103n ch\u1eb7n s\u1ef1 l\u1eabn m\u00f9i gi\u1eefa c\u00e1c lo\u1ea1i th\u1ef1c ph\u1ea9m.<\/p>\n<h3>C\u00f3 ng\u0103n rau qu\u1ea3<\/h3>\n<p>Kh\u00f4ng ch\u1ec9 c\u00f3 ng\u0103n \u0111\u00f4ng v\u00e0 ng\u0103n m\u00e1t, t\u1ee7 l\u1ea1nh c\u00f2n c\u00f3 m\u1ed9t ng\u0103n ri\u00eang \u0111\u1ec3 b\u1ea3o qu\u1ea3n rau c\u1ee7, gi\u00fap ch\u00fang lu\u00f4n gi\u1eef \u0111\u01b0\u1ee3c \u0111\u1ed9 t\u01b0\u01a1i ngon v\u00e0 gi\u00e0u dinh d\u01b0\u1ee1ng trong th\u1eddi gian d\u00e0i.<\/p>\n<figure id=\"attachment_20778\" aria-describedby=\"caption-attachment-20778\" style=\"width: 800px\" class=\"wp-caption aligncenter\"><img loading=\"lazy\" decoding=\"async\" class=\"size-full wp-image-20778\" src=\"https:\/\/livinghome.vn\/thiet-bi\/wp-content\/uploads\/2024\/04\/tu-lanh-mitsubishi-inverter-450-lit-mr-cgx56ep-gbk-v-3.jpg\" alt=\"T\u1ee7 L\u1ea1nh Mitsubishi Inverter 450 L\u00edt MR-CGX56EP-GBK-V \" width=\"800\" height=\"800\" title=\"\" srcset=\"https:\/\/livinghome.vn\/thiet-bi\/wp-content\/uploads\/2024\/04\/tu-lanh-mitsubishi-inverter-450-lit-mr-cgx56ep-gbk-v-3.jpg 800w, https:\/\/livinghome.vn\/thiet-bi\/wp-content\/uploads\/2024\/04\/tu-lanh-mitsubishi-inverter-450-lit-mr-cgx56ep-gbk-v-3-400x400.jpg 400w, https:\/\/livinghome.vn\/thiet-bi\/wp-content\/uploads\/2024\/04\/tu-lanh-mitsubishi-inverter-450-lit-mr-cgx56ep-gbk-v-3-280x280.jpg 280w, https:\/\/livinghome.vn\/thiet-bi\/wp-content\/uploads\/2024\/04\/tu-lanh-mitsubishi-inverter-450-lit-mr-cgx56ep-gbk-v-3-768x768.jpg 768w, https:\/\/livinghome.vn\/thiet-bi\/wp-content\/uploads\/2024\/04\/tu-lanh-mitsubishi-inverter-450-lit-mr-cgx56ep-gbk-v-3-300x300.jpg 300w, https:\/\/livinghome.vn\/thiet-bi\/wp-content\/uploads\/2024\/04\/tu-lanh-mitsubishi-inverter-450-lit-mr-cgx56ep-gbk-v-3-600x600.jpg 600w, https:\/\/livinghome.vn\/thiet-bi\/wp-content\/uploads\/2024\/04\/tu-lanh-mitsubishi-inverter-450-lit-mr-cgx56ep-gbk-v-3-100x100.jpg 100w\" sizes=\"auto, (max-width: 800px) 100vw, 800px\" \/><figcaption id=\"caption-attachment-20778\" class=\"wp-caption-text\">T\u1ee7 L\u1ea1nh Mitsubishi Inverter 450 L\u00edt MR-CGX56EP-GBK-V<\/figcaption><\/figure>\n<h3>Ti\u1ebft ki\u1ec7m \u0111i\u1ec7n<\/h3>\n<p>T\u00ednh n\u0103ng ti\u1ebft ki\u1ec7m \u0111i\u1ec7n th\u00f4ng minh c\u1ee7a t\u1ee7 l\u1ea1nh n\u00e0y kh\u00f4ng ch\u1ec9 gi\u00fap gi\u1ea3m ti\u00eau th\u1ee5 n\u0103ng l\u01b0\u1ee3ng m\u00e0 c\u00f2n t\u1ed1i \u01b0u h\u00f3a vi\u1ec7c l\u00e0m l\u1ea1nh theo th\u00f3i quen s\u1eed d\u1ee5ng c\u1ee7a ng\u01b0\u1eddi d\u00f9ng, \u0111\u1ed3ng th\u1eddi gi\u00fap gi\u1eef cho th\u1ef1c ph\u1ea9m lu\u00f4n t\u01b0\u01a1i ngon.<\/p>\n<h3>L\u00e0m \u0111\u00e1 t\u1ef1 \u0111\u1ed9ng v\u00e0 h\u1ec7 th\u1ed1ng lu\u1ed3ng kh\u00ed l\u1ea1nh \u0111a chi\u1ec1u<\/h3>\n<p>Ngo\u00e0i ra, t\u00ednh n\u0103ng l\u00e0m \u0111\u00e1 t\u1ef1 \u0111\u1ed9ng v\u00e0 h\u1ec7 th\u1ed1ng lu\u1ed3ng kh\u00ed l\u1ea1nh \u0111a chi\u1ec1u c\u0169ng l\u00e0 nh\u1eefng \u0111i\u1ec3m c\u1ed9ng \u0111\u00e1ng ch\u00fa \u00fd, gi\u00fap t\u1ea1o ra \u0111\u00e1 nhanh ch\u00f3ng v\u00e0 lan truy\u1ec1n kh\u00f4ng kh\u00ed l\u1ea1nh \u0111\u1ec1u kh\u1eafp trong t\u1ee7 l\u1ea1nh.<\/p>\n<figure id=\"attachment_20779\" aria-describedby=\"caption-attachment-20779\" style=\"width: 800px\" class=\"wp-caption aligncenter\"><img loading=\"lazy\" decoding=\"async\" class=\"size-full wp-image-20779\" src=\"https:\/\/livinghome.vn\/thiet-bi\/wp-content\/uploads\/2024\/04\/tu-lanh-mitsubishi-inverter-450-lit-mr-cgx56ep-gbk-v-4.jpg\" alt=\"T\u1ee7 L\u1ea1nh Mitsubishi Inverter 450 L\u00edt MR-CGX56EP-GBK-V \" width=\"800\" height=\"481\" title=\"\" srcset=\"https:\/\/livinghome.vn\/thiet-bi\/wp-content\/uploads\/2024\/04\/tu-lanh-mitsubishi-inverter-450-lit-mr-cgx56ep-gbk-v-4.jpg 800w, https:\/\/livinghome.vn\/thiet-bi\/wp-content\/uploads\/2024\/04\/tu-lanh-mitsubishi-inverter-450-lit-mr-cgx56ep-gbk-v-4-665x400.jpg 665w, https:\/\/livinghome.vn\/thiet-bi\/wp-content\/uploads\/2024\/04\/tu-lanh-mitsubishi-inverter-450-lit-mr-cgx56ep-gbk-v-4-768x462.jpg 768w, https:\/\/livinghome.vn\/thiet-bi\/wp-content\/uploads\/2024\/04\/tu-lanh-mitsubishi-inverter-450-lit-mr-cgx56ep-gbk-v-4-600x361.jpg 600w\" sizes=\"auto, (max-width: 800px) 100vw, 800px\" \/><figcaption id=\"caption-attachment-20779\" class=\"wp-caption-text\">T\u1ee7 L\u1ea1nh Mitsubishi Inverter 450 L\u00edt MR-CGX56EP-GBK-V<\/figcaption><\/figure>\n<h3>H\u1ec7 th\u1ed1ng kh\u1eed m\u00f9i r\u1ea5t t\u1ed1t<\/h3>\n<p>V\u1edbi h\u1ec7 th\u1ed1ng kh\u1eed m\u00f9i hi\u1ec7u qu\u1ea3 v\u00e0 chu\u00f4ng b\u00e1o m\u1edf c\u1eeda th\u00f4ng minh, t\u1ee7 l\u1ea1nh Mitsubishi MR-CGX56EP-GBK-V kh\u00f4ng ch\u1ec9 \u0111\u1ea3m b\u1ea3o s\u1ef1 th\u00f4ng tho\u00e1ng v\u00e0 s\u1ea1ch s\u1ebd m\u00e0 c\u00f2n gi\u1eef cho th\u1ef1c ph\u1ea9m lu\u00f4n t\u01b0\u01a1i ngon v\u00e0 an to\u00e0n.<\/p>\n<figure id=\"attachment_20780\" aria-describedby=\"caption-attachment-20780\" style=\"width: 800px\" class=\"wp-caption aligncenter\"><img loading=\"lazy\" decoding=\"async\" class=\"size-full wp-image-20780\" src=\"https:\/\/livinghome.vn\/thiet-bi\/wp-content\/uploads\/2024\/04\/tu-lanh-mitsubishi-inverter-450-lit-mr-cgx56ep-gbk-v-5.jpg\" alt=\"T\u1ee7 L\u1ea1nh Mitsubishi Inverter 450 L\u00edt MR-CGX56EP-GBK-V \" width=\"800\" height=\"800\" title=\"\" srcset=\"https:\/\/livinghome.vn\/thiet-bi\/wp-content\/uploads\/2024\/04\/tu-lanh-mitsubishi-inverter-450-lit-mr-cgx56ep-gbk-v-5.jpg 800w, https:\/\/livinghome.vn\/thiet-bi\/wp-content\/uploads\/2024\/04\/tu-lanh-mitsubishi-inverter-450-lit-mr-cgx56ep-gbk-v-5-400x400.jpg 400w, https:\/\/livinghome.vn\/thiet-bi\/wp-content\/uploads\/2024\/04\/tu-lanh-mitsubishi-inverter-450-lit-mr-cgx56ep-gbk-v-5-280x280.jpg 280w, https:\/\/livinghome.vn\/thiet-bi\/wp-content\/uploads\/2024\/04\/tu-lanh-mitsubishi-inverter-450-lit-mr-cgx56ep-gbk-v-5-768x768.jpg 768w, https:\/\/livinghome.vn\/thiet-bi\/wp-content\/uploads\/2024\/04\/tu-lanh-mitsubishi-inverter-450-lit-mr-cgx56ep-gbk-v-5-300x300.jpg 300w, https:\/\/livinghome.vn\/thiet-bi\/wp-content\/uploads\/2024\/04\/tu-lanh-mitsubishi-inverter-450-lit-mr-cgx56ep-gbk-v-5-600x600.jpg 600w, https:\/\/livinghome.vn\/thiet-bi\/wp-content\/uploads\/2024\/04\/tu-lanh-mitsubishi-inverter-450-lit-mr-cgx56ep-gbk-v-5-100x100.jpg 100w\" sizes=\"auto, (max-width: 800px) 100vw, 800px\" \/><figcaption id=\"caption-attachment-20780\" class=\"wp-caption-text\">T\u1ee7 L\u1ea1nh Mitsubishi Inverter 450 L\u00edt MR-CGX56EP-GBK-V<\/figcaption><\/figure>\n","protected":false},"excerpt":{"rendered":"<ul>\n<li>Ki\u1ec3u t\u1ee7 l\u1ea1nh: Multidoor<\/li>\n<li>Dung t\u00edch s\u1eed d\u1ee5ng: 450 l\u00edt<\/li>\n<li>Dung t\u00edch ng\u0103n l\u1ea1nh: 253 l\u00edt<\/li>\n<li>Dung t\u00edch ng\u0103n \u0111\u00e1: 107 l\u00edt<\/li>\n<li>C\u00f4ng ngh\u1ec7 Inverter: C\u00f3<\/li>\n<li>Kh\u00e1ng khu\u1ea9n, kh\u1eed m\u00f9i: B\u1ed9 l\u1ecdc kh\u1eed m\u00f9i carbon ho\u1ea1t t\u00ednh<\/li>\n<li>S\u1ed1 c\u1eeda: 3 c\u1eeda<\/li>\n<li>C\u00f4ng ngh\u1ec7 l\u00e0m l\u1ea1nh: L\u00e0m l\u1ea1nh \u0111a chi\u1ec1u<\/li>\n<li>Ti\u1ec7n \u00edch: L\u00e0m \u0111\u00e1 t\u1ef1 \u0111\u1ed9ng,\u00a0Ng\u0103n \u0111\u00e1 d\u01b0\u1edbi,\u00a0Ng\u0103n \u0111\u00f4ng m\u1ec1m<\/li>\n<li>Chu\u00f4ng b\u00e1o c\u1eeda: C\u00f3<\/li>\n<li>\u0110i\u1ec7n n\u0103ng ti\u00eau th\u1ee5: 1,04 kW\/ng\u00e0y<\/li>\n<li>Ng\u0103n rau qu\u1ea3: 90 l\u00edt<\/li>\n<li>Ch\u1ea5t li\u1ec7u: C\u1eeda t\u1ee7\u00a0(M\u1eb7t g\u01b0\u01a1ng)<\/li>\n<li>Ch\u1ea5t li\u1ec7u khay: K\u00ednh ch\u1ecbu l\u1ef1c<\/li>\n<li>Ngu\u1ed3n \u0111i\u1ec7n \u00e1p: 220V\/50Hz<\/li>\n<li>M\u00e0u s\u1eafc: \u0110en<\/li>\n<li>K\u00edch th\u01b0\u1edbc: Cao x R\u1ed9ng x S\u00e2u\u00a0(179.8cm x 70.9cm x 69.9cm)<\/li>\n<li>Tr\u1ecdng l\u01b0\u1ee3ng s\u1ea3n ph\u1ea9m: 85kg<\/li>\n<li>Xu\u1ea5t x\u1ee9 th\u01b0\u01a1ng hi\u1ec7u: Nh\u1eadt B\u1ea3n<\/li>\n<li>S\u1ea3n xu\u1ea5t t\u1ea1i: Th\u00e1i Lan<\/li>\n<\/ul>\n","protected":false},"featured_media":21180,"comment_status":"open","ping_status":"closed","template":"","meta":[],"product_brand":[],"product_cat":[1992,201,1990],"product_tag":[203,1989],"class_list":{"0":"post-20761","1":"product","2":"type-product","3":"status-publish","4":"has-post-thumbnail","6":"product_cat-thuong-hieu-mitsubishi-electric","7":"product_cat-tu-lanh","8":"product_cat-tu-lanh-mitsubishi-electric","9":"product_tag-tu-lanh","10":"product_tag-tu-lanh-mitsubishi-electric","12":"first","13":"instock","14":"sale","15":"shipping-taxable","16":"purchasable","17":"product-type-simple"},"_links":{"self":[{"href":"https:\/\/livinghome.vn\/thiet-bi\/wp-json\/wp\/v2\/product\/20761","targetHints":{"allow":["GET"]}}],"collection":[{"href":"https:\/\/livinghome.vn\/thiet-bi\/wp-json\/wp\/v2\/product"}],"about":[{"href":"https:\/\/livinghome.vn\/thiet-bi\/wp-json\/wp\/v2\/types\/product"}],"replies":[{"embeddable":true,"href":"https:\/\/livinghome.vn\/thiet-bi\/wp-json\/wp\/v2\/comments?post=20761"}],"wp:featuredmedia":[{"embeddable":true,"href":"https:\/\/livinghome.vn\/thiet-bi\/wp-json\/wp\/v2\/media\/21180"}],"wp:attachment":[{"href":"https:\/\/livinghome.vn\/thiet-bi\/wp-json\/wp\/v2\/media?parent=20761"}],"wp:term":[{"taxonomy":"product_brand","embeddable":true,"href":"https:\/\/livinghome.vn\/thiet-bi\/wp-json\/wp\/v2\/product_brand?post=20761"},{"taxonomy":"product_cat","embeddable":true,"href":"https:\/\/livinghome.vn\/thiet-bi\/wp-json\/wp\/v2\/product_cat?post=20761"},{"taxonomy":"product_tag","embeddable":true,"href":"https:\/\/livinghome.vn\/thiet-bi\/wp-json\/wp\/v2\/product_tag?post=20761"}],"curies":[{"name":"wp","href":"https:\/\/api.w.org\/{rel}","templated":true}]}}