{"id":20736,"date":"2024-04-22T16:35:20","date_gmt":"2024-04-22T09:35:20","guid":{"rendered":"https:\/\/livinghome.vn\/thiet-bi\/?post_type=product&#038;p=20736"},"modified":"2024-11-29T14:18:58","modified_gmt":"2024-11-29T07:18:58","slug":"tu-lanh-4-canh-mitsubishi-mr-l78en-gbk-inverter","status":"publish","type":"product","link":"https:\/\/livinghome.vn\/thiet-bi\/tu-lanh-4-canh-mitsubishi-mr-l78en-gbk-inverter\/","title":{"rendered":"T\u1ee7 l\u1ea1nh 4 c\u00e1nh Mitsubishi MR-L78EN-GBK Inverter"},"content":{"rendered":"<p><span style=\"font-weight: 400\">Mitsubishi MR-L78EN-GBK Inverter l\u00e0 s\u1ef1 l\u1ef1a ch\u1ecdn ho\u00e0n h\u1ea3o cho gia \u0111\u00ecnh c\u00f3 nhu c\u1ea7u l\u01b0u tr\u1eef l\u1edbn v\u00e0 \u0111\u00f2i h\u1ecfi hi\u1ec7u su\u1ea5t cao. V\u1edbi dung t\u00edch r\u1ed9ng r\u00e3i l\u00ean \u0111\u1ebfn 635 l\u00edt v\u00e0 thi\u1ebft k\u1ebf 4 c\u00e1nh ti\u1ec7n \u00edch, n\u00f3 cung c\u1ea5p kh\u00f4ng gian l\u01b0u tr\u1eef linh ho\u1ea1t cho m\u1ecdi nhu c\u1ea7u.<\/span><\/p>\n<h2>T\u00ednh n\u0103ng n\u1ed5i b\u1eadt<\/h2>\n<ul>\n<li>B\u1ea3ng \u0111i\u1ec1u khi\u1ec3n: c\u1ea3m \u1ee9ng b\u00ean ngo\u00e0i c\u00e1nh t\u1ee7 hi\u1ec7n \u0111\u1ea1i.<\/li>\n<li>Dung t\u00edch l\u1edbn: 635 l\u00edt.<\/li>\n<li><span style=\"font-weight: 400\">S\u1eed d\u1ee5ng c\u00f4ng ngh\u1ec7 Neuro Inverter.<\/span><\/li>\n<li><span style=\"font-weight: 400\">Trang b\u1ecb b\u1ed9 l\u1ecdc kh\u1eed m\u00f9i Carbon gi\u00fap di\u1ec7t tr\u00f9ng.<\/span><\/li>\n<li>Khay k\u00ednh ch\u1ecbu l\u1ef1c t\u1ed1t.<\/li>\n<\/ul>\n<h2>\u0110\u00e1nh gi\u00e1 chi ti\u1ebft<\/h2>\n<h3>B\u1ea3ng \u0111i\u1ec1u khi\u1ec3n c\u1ea3m \u1ee9ng hi\u1ec7n \u0111\u1ea1i<\/h3>\n<p><span style=\"font-weight: 400\">T\u1ee7 l\u1ea1nh 4 c\u00e1nh<\/span><span style=\"font-weight: 400\"> thi\u1ebft k\u1ebf b\u1ea3ng \u0111i\u1ec1u khi\u1ec3n c\u1ea3m \u1ee9ng b\u00ean ngo\u00e0i c\u00e1nh t\u1ee7, ch\u1ec9 1 l\u1ea7n ch\u1ea1m c\u00f3 th\u1ec3 c\u00e0i \u0111\u1eb7t m\u1ecdi ch\u1ee9c n\u0103ng cho t\u1ee7 l\u1ea1nh d\u1ec5 d\u00e0ng.\u00a0<\/span><\/p>\n<p><img loading=\"lazy\" decoding=\"async\" class=\"alignnone size-medium wp-image-20746\" src=\"https:\/\/livinghome.vn\/thiet-bi\/wp-content\/uploads\/2024\/04\/tu-lanh-4-canh-mitsubishi-mr-l78en-gbk-inverter-1-400x400.jpg\" alt=\"T\u1ee7 l\u1ea1nh 4 c\u00e1nh Mitsubishi MR-L78EN-GBK Inverter \" width=\"400\" height=\"400\" title=\"\" srcset=\"https:\/\/livinghome.vn\/thiet-bi\/wp-content\/uploads\/2024\/04\/tu-lanh-4-canh-mitsubishi-mr-l78en-gbk-inverter-1-400x400.jpg 400w, https:\/\/livinghome.vn\/thiet-bi\/wp-content\/uploads\/2024\/04\/tu-lanh-4-canh-mitsubishi-mr-l78en-gbk-inverter-1-800x800.jpg 800w, https:\/\/livinghome.vn\/thiet-bi\/wp-content\/uploads\/2024\/04\/tu-lanh-4-canh-mitsubishi-mr-l78en-gbk-inverter-1-280x280.jpg 280w, https:\/\/livinghome.vn\/thiet-bi\/wp-content\/uploads\/2024\/04\/tu-lanh-4-canh-mitsubishi-mr-l78en-gbk-inverter-1-768x768.jpg 768w, https:\/\/livinghome.vn\/thiet-bi\/wp-content\/uploads\/2024\/04\/tu-lanh-4-canh-mitsubishi-mr-l78en-gbk-inverter-1-300x300.jpg 300w, https:\/\/livinghome.vn\/thiet-bi\/wp-content\/uploads\/2024\/04\/tu-lanh-4-canh-mitsubishi-mr-l78en-gbk-inverter-1-600x600.jpg 600w, https:\/\/livinghome.vn\/thiet-bi\/wp-content\/uploads\/2024\/04\/tu-lanh-4-canh-mitsubishi-mr-l78en-gbk-inverter-1-100x100.jpg 100w, https:\/\/livinghome.vn\/thiet-bi\/wp-content\/uploads\/2024\/04\/tu-lanh-4-canh-mitsubishi-mr-l78en-gbk-inverter-1.jpg 900w\" sizes=\"auto, (max-width: 400px) 100vw, 400px\" \/><\/p>\n<h3>M\u1eb7t k\u00ednh sang tr\u1ecdng<\/h3>\n<p><span style=\"font-weight: 400\">Mitsubishi MR-L78EN-GBK<\/span><span style=\"font-weight: 400\"> s\u1edf h\u1eefu m\u00e0u \u0111en \u00e1nh kim sang tr\u1ecdng. M\u1eb7t k\u00ednh c\u01b0\u1eddng l\u1ef1c b\u00ean ngo\u00e0i c\u1ef1c b\u1ec1n, \u0111\u1ed9 s\u00e1ng b\u00f3ng cao, d\u1ec5 lau ch\u00f9i v\u1ec7 sinh. B\u00ean trong l\u00e0 l\u1edbp m\u00e0u.\u00a0<\/span><\/p>\n<p><img loading=\"lazy\" decoding=\"async\" class=\"alignnone size-medium wp-image-20747\" src=\"https:\/\/livinghome.vn\/thiet-bi\/wp-content\/uploads\/2024\/04\/tu-lanh-4-canh-mitsubishi-mr-l78en-gbk-inverter-2-533x400.jpg\" alt=\"T\u1ee7 l\u1ea1nh 4 c\u00e1nh Mitsubishi MR-L78EN-GBK Inverter \" width=\"533\" height=\"400\" title=\"\" srcset=\"https:\/\/livinghome.vn\/thiet-bi\/wp-content\/uploads\/2024\/04\/tu-lanh-4-canh-mitsubishi-mr-l78en-gbk-inverter-2-533x400.jpg 533w, https:\/\/livinghome.vn\/thiet-bi\/wp-content\/uploads\/2024\/04\/tu-lanh-4-canh-mitsubishi-mr-l78en-gbk-inverter-2-1067x800.jpg 1067w, https:\/\/livinghome.vn\/thiet-bi\/wp-content\/uploads\/2024\/04\/tu-lanh-4-canh-mitsubishi-mr-l78en-gbk-inverter-2-768x576.jpg 768w, https:\/\/livinghome.vn\/thiet-bi\/wp-content\/uploads\/2024\/04\/tu-lanh-4-canh-mitsubishi-mr-l78en-gbk-inverter-2-600x450.jpg 600w, https:\/\/livinghome.vn\/thiet-bi\/wp-content\/uploads\/2024\/04\/tu-lanh-4-canh-mitsubishi-mr-l78en-gbk-inverter-2.jpg 1200w\" sizes=\"auto, (max-width: 533px) 100vw, 533px\" \/><\/p>\n<h3>Dung t\u00edch r\u1ed9ng r\u00e3i<\/h3>\n<p><span style=\"font-weight: 400\">T\u1ee7 l\u1ea1nh Mitsubishi<\/span><span style=\"font-weight: 400\"> MR-L78EN-GBK c\u00f3 dung t\u00edch s\u1eed d\u1ee5ng l\u00e0 635 l\u00edt, trong \u0111\u00f3 ng\u0103n \u0111\u00e1 c\u00f3 dung t\u00edch l\u00e0 182 l\u00edt, dung t\u00edch ng\u0103n l\u1ea1nh l\u00e0 453 l\u00edt.\u00a0<\/span><\/p>\n<p><span style=\"font-weight: 400\">T\u1ee7 l\u1ea1nh<\/span><span style=\"font-weight: 400\"> thi\u1ebft k\u1ebf c\u00e1c ng\u0103n r\u1ea5t khoa h\u1ecdc, d\u1ef1a theo nhu c\u1ea7u s\u1eed d\u1ee5ng c\u1ee7a ng\u01b0\u1eddi d\u00f9ng: Ng\u0103n l\u1ea1nh ph\u00eda tr\u00ean \u0111\u01b0\u1ee3c s\u1eed d\u1ee5ng nhi\u1ec1u nh\u1ea5t, sau \u0111\u00f3 ng\u0103n rau qu\u1ea3 \u1edf gi\u1eefa v\u00e0 ng\u0103n \u0111\u00f4ng n\u1eb1m d\u01b0\u1edbi c\u00f9ng.\u00a0<\/span><\/p>\n<p><img loading=\"lazy\" decoding=\"async\" class=\"alignnone size-medium wp-image-20748\" src=\"https:\/\/livinghome.vn\/thiet-bi\/wp-content\/uploads\/2024\/04\/tu-lanh-4-canh-mitsubishi-mr-l78en-gbk-inverter-3-533x400.jpg\" alt=\"T\u1ee7 l\u1ea1nh 4 c\u00e1nh Mitsubishi MR-L78EN-GBK Inverter \" width=\"533\" height=\"400\" title=\"\" srcset=\"https:\/\/livinghome.vn\/thiet-bi\/wp-content\/uploads\/2024\/04\/tu-lanh-4-canh-mitsubishi-mr-l78en-gbk-inverter-3-533x400.jpg 533w, https:\/\/livinghome.vn\/thiet-bi\/wp-content\/uploads\/2024\/04\/tu-lanh-4-canh-mitsubishi-mr-l78en-gbk-inverter-3-1067x800.jpg 1067w, https:\/\/livinghome.vn\/thiet-bi\/wp-content\/uploads\/2024\/04\/tu-lanh-4-canh-mitsubishi-mr-l78en-gbk-inverter-3-768x576.jpg 768w, https:\/\/livinghome.vn\/thiet-bi\/wp-content\/uploads\/2024\/04\/tu-lanh-4-canh-mitsubishi-mr-l78en-gbk-inverter-3-600x450.jpg 600w, https:\/\/livinghome.vn\/thiet-bi\/wp-content\/uploads\/2024\/04\/tu-lanh-4-canh-mitsubishi-mr-l78en-gbk-inverter-3.jpg 1200w\" sizes=\"auto, (max-width: 533px) 100vw, 533px\" \/><\/p>\n<h3>Ti\u1ebft ki\u1ec7m \u0111i\u1ec7n<\/h3>\n<p><span style=\"font-weight: 400\">T\u1ee7 l\u1ea1nh side by side<\/span><span style=\"font-weight: 400\"> \u0111\u01b0\u1ee3c \u1ee9ng d\u1ee5ng c\u00f4ng ngh\u1ec7 Neuro Inverter s\u1ebd ghi nh\u1edb th\u00f3i quen sinh ho\u1ea1t v\u00e0 ki\u1ec3m so\u00e1t h\u01a1i l\u1ea1nh t\u1eebng ng\u0103n, ti\u1ebft ki\u1ec7m \u0111i\u1ec7n n\u0103ng hi\u1ec7u qu\u1ea3. H\u1ec7 th\u1ed1ng l\u00e0m l\u1ea1nh \u0111\u00e1 chi\u1ec1u \u0111\u1ea3m b\u1ea3o l\u01b0u tr\u1eef th\u1ef1c ph\u1ea9m t\u1ed1t nh\u1ea5t.\u00a0<\/span><\/p>\n<p><span style=\"font-weight: 400\">B\u00ean trong s\u1eed d\u1ee5ng \u0111\u00e8n Led b\u1ec1n b\u1ec9, ti\u1ebft ki\u1ec7m \u0111i\u1ec7n.\u00a0<\/span><\/p>\n<h3>Ng\u0103n \u0111\u1ef1ng rau qu\u1ea3 l\u1edbn<\/h3>\n<p><span style=\"font-weight: 400\">Ng\u0103n \u0111\u1ef1ng rau qu\u1ea3 \u0111\u01b0\u1ee3c thi\u1ebft k\u1ebf th\u00f4ng minh s\u1ebd duy tr\u00ec \u0111\u1ed9 \u1ea9m t\u1ed1i \u01b0u, gi\u1eef cho rau qu\u1ea3 lu\u00f4n t\u01b0\u01a1i ngon.\u00a0\u00a0<\/span><\/p>\n<h3>Kh\u1eed m\u00f9i hi\u1ec7u qu\u1ea3<\/h3>\n<p><span style=\"font-weight: 400\">Mitsubishi<\/span><span style=\"font-weight: 400\"> MR-L78EN-GBK-V c\u00f3 trang b\u1ecb b\u1ed9 l\u1ecdc kh\u1eed m\u00f9i Carbon gi\u00fap di\u1ec7t tr\u00f9ng v\u00e0 kh\u1eed m\u00f9i b\u00ean trong t\u1ee7 l\u1ea1nh hi\u1ec7u qu\u1ea3, \u0111\u1ea3m b\u1ea3o kh\u00f4ng kh\u00ed trong t\u1ee7 lu\u00f4n tho\u00e1ng \u0111\u00e3ng, trong l\u00e0nh. Th\u00e0nh t\u1ee7 v\u00e0 \u0111\u1ec7m c\u1eeda kh\u00e1ng khu\u1ea9n ph\u00e2n t\u1eed b\u1ea1c.<\/span><\/p>\n<h3>Khay k\u00ednh ch\u1ecbu l\u1ef1c<\/h3>\n<p><span style=\"font-weight: 400\">Khay \u0111\u1ef1ng l\u00e0m t\u1eeb k\u00ednh ch\u1ecbu l\u1ef1c t\u1ed1t, \u0111\u1ea3m b\u1ea3o \u0111\u1ed9 b\u1ec1n. Khay \u0111\u1ef1ng v\u00e0 ng\u0103n ch\u1ee9a thay \u0111\u1ed5i linh ho\u1ea1t, khay \u0111\u00e1 xoay di \u0111\u1ed9ng gi\u00fap l\u1ea5y \u0111\u00e1 d\u1ec5 d\u00e0ng h\u01a1n.\u00a0<\/span><\/p>\n<h3>L\u01b0u \u00fd:<\/h3>\n<p><span style=\"font-weight: 400\">Sau khi nh\u1eadn t\u1ee7 l\u1ea1nh \u00edt nh\u1ea5t t\u1eeb 2-4 gi\u1edd, Qu\u00fd kh\u00e1ch m\u1edbi \u0111\u01b0\u1ee3c c\u1eafm \u0111i\u1ec7n \u0111\u1ec3 t\u1ee7 \u1ed5n \u0111\u1ecbnh kh\u00ed gas v\u00e0 tr\u00e1nh t\u00ecnh tr\u1ea1ng s\u1ed1c \u0111i\u1ec7n do c\u1eafm \u0111i\u1ec7n.<\/span><\/p>\n<p><span style=\"font-weight: 400\">H\u00ecnh \u1ea3nh s\u1ea3n ph\u1ea9m ch\u1ec9 c\u00f3 t\u00ednh ch\u1ea5t minh h\u1ecda, chi ti\u1ebft s\u1ea3n ph\u1ea9m, m\u00e0u s\u1eafc, thi\u1ebft k\u1ebf v\u00e0 th\u00f4ng s\u1ed1 k\u1ef9 thu\u1eadt c\u00f3 th\u1ec3 thay \u0111\u1ed5i t\u00f9y theo s\u1ea3n ph\u1ea9m th\u1ef1c t\u1ebf m\u00e0 kh\u00f4ng c\u1ea7n th\u00f4ng b\u00e1o tr\u01b0\u1edbc.<\/span><\/p>\n<p>&nbsp;<\/p>\n","protected":false},"excerpt":{"rendered":"<p><span style=\"font-weight: 400\">Ki\u1ec3u t\u1ee7 l\u1ea1nh: Multidoor<\/span><\/p>\n<p><span style=\"font-weight: 400\">Dung t\u00edch s\u1eed d\u1ee5ng: 635 l\u00edt<\/span><\/p>\n<p><span style=\"font-weight: 400\">Dung t\u00edch ng\u0103n l\u1ea1nh: 453 l\u00edt<\/span><\/p>\n<p><span style=\"font-weight: 400\">Dung t\u00edch ng\u0103n \u0111\u00e1: 182 l\u00edt<\/span><\/p>\n<p><span style=\"font-weight: 400\">C\u00f4ng ngh\u1ec7 Inverter: C\u00f3<\/span><\/p>\n<p><span style=\"font-weight: 400\">Kh\u00e1ng khu\u1ea9n, kh\u1eed m\u00f9i: C\u00f3<\/span><\/p>\n<p><span style=\"font-weight: 400\">S\u1ed1 c\u1eeda: 4 c\u1eeda<\/span><\/p>\n<p><span style=\"font-weight: 400\">Ti\u1ec7n \u00edch: Ng\u0103n \u0111\u00e1 d\u01b0\u1edbi<\/span><\/p>\n<p><span style=\"font-weight: 400\">Ch\u1ea5t li\u1ec7u khay: K\u00ednh ch\u1ecbu l\u1ef1c<\/span><\/p>\n<p><span style=\"font-weight: 400\">N\u0103m ra m\u1eaft: 2017<\/span><\/p>\n<p><span style=\"font-weight: 400\">Ngu\u1ed3n \u0111i\u1ec7n \u00e1p: 220V\/50Hz<\/span><\/p>\n<p><span style=\"font-weight: 400\">M\u00e0u s\u1eafc: \u0110en \u00e1nh kim<\/span><\/p>\n<p><span style=\"font-weight: 400\">K\u00edch th\u01b0\u1edbc: Cao x r\u1ed9ng x s\u00e2u (181.8cm x 95cm x 75.8cm)<\/span><\/p>\n<p><span style=\"font-weight: 400\">Tr\u1ecdng l\u01b0\u1ee3ng s\u1ea3n ph\u1ea9m: 139kg<\/span><\/p>\n<p><span style=\"font-weight: 400\">Xu\u1ea5t x\u1ee9 th\u01b0\u01a1ng hi\u1ec7u: Nh\u1eadt B\u1ea3n<\/span><\/p>\n<p><span style=\"font-weight: 400\">S\u1ea3n xu\u1ea5t t\u1ea1i: Th\u00e1i Lan<\/span><\/p>\n<p><span style=\"font-weight: 400\">B\u1ea3o h\u00e0nh: 24 th\u00e1ng<\/span><\/p>\n","protected":false},"featured_media":21187,"comment_status":"open","ping_status":"closed","template":"","meta":[],"product_brand":[],"product_cat":[15,201,1990],"product_tag":[203,398,1989],"class_list":{"0":"post-20736","1":"product","2":"type-product","3":"status-publish","4":"has-post-thumbnail","6":"product_cat-khac","7":"product_cat-tu-lanh","8":"product_cat-tu-lanh-mitsubishi-electric","9":"product_tag-tu-lanh","10":"product_tag-tu-lanh-4-cua","11":"product_tag-tu-lanh-mitsubishi-electric","13":"first","14":"instock","15":"sale","16":"shipping-taxable","17":"purchasable","18":"product-type-simple"},"_links":{"self":[{"href":"https:\/\/livinghome.vn\/thiet-bi\/wp-json\/wp\/v2\/product\/20736","targetHints":{"allow":["GET"]}}],"collection":[{"href":"https:\/\/livinghome.vn\/thiet-bi\/wp-json\/wp\/v2\/product"}],"about":[{"href":"https:\/\/livinghome.vn\/thiet-bi\/wp-json\/wp\/v2\/types\/product"}],"replies":[{"embeddable":true,"href":"https:\/\/livinghome.vn\/thiet-bi\/wp-json\/wp\/v2\/comments?post=20736"}],"wp:featuredmedia":[{"embeddable":true,"href":"https:\/\/livinghome.vn\/thiet-bi\/wp-json\/wp\/v2\/media\/21187"}],"wp:attachment":[{"href":"https:\/\/livinghome.vn\/thiet-bi\/wp-json\/wp\/v2\/media?parent=20736"}],"wp:term":[{"taxonomy":"product_brand","embeddable":true,"href":"https:\/\/livinghome.vn\/thiet-bi\/wp-json\/wp\/v2\/product_brand?post=20736"},{"taxonomy":"product_cat","embeddable":true,"href":"https:\/\/livinghome.vn\/thiet-bi\/wp-json\/wp\/v2\/product_cat?post=20736"},{"taxonomy":"product_tag","embeddable":true,"href":"https:\/\/livinghome.vn\/thiet-bi\/wp-json\/wp\/v2\/product_tag?post=20736"}],"curies":[{"name":"wp","href":"https:\/\/api.w.org\/{rel}","templated":true}]}}