{"id":2070,"date":"2023-01-12T16:44:50","date_gmt":"2023-01-12T16:44:50","guid":{"rendered":"https:\/\/livinghome.vn\/thiet-bi\/?post_type=product&#038;p=2070"},"modified":"2024-11-29T14:20:33","modified_gmt":"2024-11-29T07:20:33","slug":"lo-nuong-teka-hsb-610-tiet-kiem-dien-nang-dung-tich-70l","status":"publish","type":"product","link":"https:\/\/livinghome.vn\/thiet-bi\/lo-nuong-teka-hsb-610-tiet-kiem-dien-nang-dung-tich-70l\/","title":{"rendered":"L\u00f2 n\u01b0\u1edbng Teka HSB 610 ti\u1ebft ki\u1ec7m \u0111i\u1ec7n n\u0103ng dung t\u00edch 70L"},"content":{"rendered":"<h3>L\u00f2 n\u01b0\u1edbng Teka HSB 610 ti\u1ebft ki\u1ec7m \u0111i\u1ec7n n\u0103ng dung t\u00edch 70L<\/h3>\n<figure id=\"attachment_65730\" aria-describedby=\"caption-attachment-65730\" style=\"width: 800px\" class=\"wp-caption alignnone\"><img loading=\"lazy\" decoding=\"async\" class=\"wp-image-65730 size-large\" src=\"https:\/\/livinghome.vn\/thiet-bi\/wp-content\/uploads\/nha-bep\/teka\/lo-nuong\/lo-nuong-teka-hsb-610\/lo-nuong-teka-hsb-610-1-800x800.jpg\" alt=\"L\u00f2 n\u01b0\u1edbng Teka HSB 610 ti\u1ebft ki\u1ec7m \u0111i\u1ec7n n\u0103ng dung t\u00edch 70L\" width=\"800\" height=\"800\" title=\"\"><figcaption id=\"caption-attachment-65730\" class=\"wp-caption-text\">L\u00f2 n\u01b0\u1edbng Teka HSB 610 ti\u1ebft ki\u1ec7m \u0111i\u1ec7n n\u0103ng dung t\u00edch 70L<\/figcaption><\/figure>\n<p>L\u00f2 N\u01b0\u1edbng Teka HSB 610\u00a0\u0111\u01b0\u1ee3c thi\u1ebft k\u1ebf theo ti\u00eau chu\u1ea9n c\u1ee7a ch\u00e2u \u00c2u. S\u1ea3n ph\u1ea9m thu\u1ed9c d\u00f2ng\u00a0Maestro \u2013 d\u00f2ng s\u1ea3n ph\u1ea9m m\u1edbi c\u1ee7a Teka v\u1edbi nh\u1eefng c\u1ea3i ti\u1ebfn v\u01b0\u1ee3t tr\u1ed9i v\u1ec1 ki\u1ec3u d\u00e1ng v\u00e0 ch\u1ee9c n\u0103ng. L\u00f2 n\u01b0\u1edbng \u0111\u00e1p \u1ee9ng \u0111\u01b0\u1ee3c nhu c\u1ea7u ch\u1ebf bi\u1ebfn m\u00f3n \u0103n.<\/p>\n<h3>T\u00ednh n\u0103ng c\u01a1 b\u1ea3n<\/h3>\n<ul>\n<li><a href=\"https:\/\/livinghome.vn\/thiet-bi\/lo-nuong-am\/\">L\u00f2 n\u01b0\u1edbng<\/a> &#8211; L\u00f2 n\u01b0\u1edbng \u00e2m t\u1ee7<\/li>\n<li>C\u00f4ng ngh\u1ec7 v\u1ec7 sinh HydroClean\u00ae ECO .<\/li>\n<li>M\u1ee9c n\u0103ng l\u01b0\u1ee3ng A ti\u1ebft ki\u1ec7m \u0111i\u1ec7n n\u0103ng.<\/li>\n<li>Ch\u1ee9c n\u0103ng t\u1ef1 l\u00e0m n\u00f3ng nhanh.<\/li>\n<li>Ch\u1ee9c n\u0103ng r\u00e3 \u0111\u00f4ng v\u00e0 ECO.<\/li>\n<li>Ch\u1ee9c n\u0103ng kh\u00f3a an to\u00e0n.<\/li>\n<li>C\u1eeda k\u00ednh 2 l\u1edbp c\u00e1ch nhi\u1ec7t.<\/li>\n<li>H\u1ec7 th\u1ed1ng thanh tr\u01b0\u1ee3t gi\u00fap l\u1ea5y khay ra d\u1ec5 d\u00e0ng.<\/li>\n<li>H\u1ec7 th\u1ed1ng tho\u00e1t kh\u00ed ra ngo\u00e0i<\/li>\n<li>Ph\u1ee5 ki\u1ec7n: Khay s\u00e2u ch\u1ed1ng tr\u01b0\u1ee3t v\u00e0 v\u1ec9 n\u01b0\u1edbng.<\/li>\n<\/ul>\n<figure id=\"attachment_66883\" aria-describedby=\"caption-attachment-66883\" style=\"width: 800px\" class=\"wp-caption alignnone\"><img loading=\"lazy\" decoding=\"async\" class=\"wp-image-66883 size-large\" src=\"https:\/\/livinghome.vn\/thiet-bi\/wp-content\/uploads\/nha-bep\/teka\/lo-nuong\/lo-nuong-teka-hsb-610\/lo-nuong-teka-hsb-610-2-800x800.jpg\" alt=\"L\u00f2 n\u01b0\u1edbng Teka HSB 610 ti\u1ebft ki\u1ec7m \u0111i\u1ec7n n\u0103ng dung t\u00edch 70L\" width=\"800\" height=\"800\" title=\"\"><figcaption id=\"caption-attachment-66883\" class=\"wp-caption-text\">L\u00f2 n\u01b0\u1edbng Teka HSB 610 ti\u1ebft ki\u1ec7m \u0111i\u1ec7n n\u0103ng dung t\u00edch 70L<\/figcaption><\/figure>\n<p>L\u00f2 N\u01b0\u1edbng Teka HSB 610\u00a0c\u00f3 dung t\u00edch l\u1edbn \u0111\u1ebfn 70L. V\u1edbi dung t\u00edch n\u00e0y, b\u1ea1n c\u00f3 th\u1ec3 tho\u1ea3i m\u00e1i n\u01b0\u1edbng t\u1ea5t c\u1ea3 c\u00e1c lo\u1ea1i b\u00e1nh ho\u1eb7c n\u01b0\u1edbng th\u1ecbt nguy\u00ean con, nguy\u00ean kh\u1ed1i. Dung t\u00edch n\u00e0y th\u00edch h\u1ee3p cho gia \u0111\u00ecnh \u0111\u00f4ng ng\u01b0\u1eddi s\u1eed d\u1ee5ng ho\u1eb7c c\u00e1c \u0111\u01a1n v\u1ecb kinh doanh \u0103n u\u1ed1ng, ti\u1ec7m b\u00e1nh,\u2026<\/p>\n<h3>Th\u00f4ng s\u1ed1 k\u1ef9 thu\u1eadt<\/h3>\n<ul>\n<li>C\u00f4ng su\u1ea5t t\u1ed5ng: 2615W<\/li>\n<li>Dung t\u00edch (t\u1ed5ng\/th\u1ef1c): 71\/70 l\u00edt.<\/li>\n<\/ul>\n<h4 class=\"et_pb_toggle_title\">K\u00edch th\u01b0\u1edbc chung<\/h4>\n<div class=\"et_pb_toggle_content clearfix\">\n<ul>\n<li>Chi\u1ec1u cao(mm):\u00a0595<\/li>\n<li>Chi\u1ec1u r\u1ed9ng (mm):\u00a0595<\/li>\n<li>\u0110\u1ed9 s\u00e2u (mm):\u00a0537+22<\/li>\n<li>Tr\u1ecdng l\u01b0\u1ee3ng (Kgs):\u00a027<\/li>\n<\/ul>\n<h4 class=\"et_pb_toggle_title\">K\u00edch th\u01b0\u1edbc trong khoang \u0111\u00f4i<\/h4>\n<div class=\"et_pb_toggle_content clearfix\">\n<ul>\n<li>Chi\u1ec1u cao b\u00ean trong (mm):\u00a0364<\/li>\n<li>Chi\u1ec1u r\u1ed9ng b\u00ean trong (mm):\u00a0475<\/li>\n<li>\u0110\u1ed9 s\u00e2u b\u00ean trong (mm):\u00a0402<\/li>\n<li>Dung t\u00edch r\u00f2ng (l\u00edt):\u00a070<\/li>\n<li>T\u1ed5ng dung t\u00edch (l\u00edt):\u00a071<\/li>\n<\/ul>\n<h4 class=\"et_pb_toggle_title\">K\u1ebft n\u1ed1i \u0111i\u1ec7n<\/h4>\n<div class=\"et_pb_toggle_content clearfix\">\n<ul>\n<li>C\u00f4ng su\u1ea5t ti\u00eau chu\u1ea9n t\u1ed1i \u0111a (W):\u00a02615<\/li>\n<li>T\u1ea7n s\u1ed1 (Hz):\u00a050\/60<\/li>\n<li>C\u00f4ng su\u1ea5t (V):\u00a0220-240<\/li>\n<li>Chi\u1ec1u d\u00e0i d\u00e2y c\u00e1p (cm):\u00a0110<\/li>\n<li>\u0110i\u1ec7n n\u0103ng ti\u00eau th\u1ee5 \u0111\u00e8n b\u00ean trong (W):\u00a025<\/li>\n<\/ul>\n<h4 class=\"et_pb_toggle_title\">Ti\u00eau th\u1ee5 n\u0103ng l\u01b0\u1ee3ng<\/h4>\n<div class=\"et_pb_toggle_content clearfix\">\n<ul>\n<li>N\u0103ng l\u01b0\u1ee3ng ti\u00eau th\u1ee5 tr\u00ean m\u1ed7i chu k\u1ef3 \u1edf ch\u1ebf \u0111\u1ed9 th\u00f4ng th\u01b0\u1eddng (kWh):\u00a00.82<\/li>\n<li>N\u0103ng l\u01b0\u1ee3ng ti\u00eau th\u1ee5 tr\u00ean m\u1ed7i chu k\u1ef3 \u1edf ch\u1ebf \u0111\u1ed9 \u0111\u1ed1i l\u01b0u c\u01b0\u1ee1ng b\u1ee9c qu\u1ea1t (kWh):\u00a00,71<\/li>\n<li>\u0110i\u1ec7n n\u0103ng thanh nhi\u1ec7t d\u01b0\u1edbi (W):\u00a01150<\/li>\n<li>N\u01b0\u1edbng (W):\u00a01400<\/li>\n<li>Truy\u1ec1n th\u1ed1ng (W):\u00a02550<\/li>\n<li>\u0110a ch\u1ee9c n\u0103ng Turbo (W):\u00a022<\/li>\n<li>\u0110\u1ed9ng c\u01a1 qu\u1ea1t l\u00e0m m\u00e1t (W):\u00a018<\/li>\n<\/ul>\n<\/div>\n<\/div>\n<\/div>\n<p>L\u00f2 N\u01b0\u1edbng Teka HSB 610\u00a0s\u1ebd mang \u0111\u1ebfn cho b\u1ea1n v\u00e0 gia \u0111\u00ecnh nh\u1eefng m\u00f3n n\u01b0\u1edbng th\u01a1m ngon, m\u00e0 l\u1ea1i c\u00f2n ti\u1ebft ki\u1ec7m th\u1eddi gian v\u00e0 an to\u00e0n cho s\u1ee9c kh\u1ecfe.<\/p>\n<\/div>\n<h3>Xu\u1ea5t x\u1ee9:\u00a0T\u00e2y Ban Nha<\/h3>\n<div><\/div>\n","protected":false},"excerpt":{"rendered":"<div id=\"product-title\" class=\"et_pb_module et_pb_text et_pb_bg_layout_light et_pb_text_align_left\">\n<div class=\"et_pb_text_inner\">\n<h1>L\u00f2 n\u01b0\u1edbng \u0111\u1ed1i l\u01b0u v\u1edbi 6 ch\u1ee9c n\u0103ng n\u01b0\u1edbng<\/h1>\n<\/div>\n<\/div>\n<div class=\"et_pb_module et_pb_text et_pb_text_1 et_pb_bg_layout_light et_pb_text_align_left\">\n<div class=\"et_pb_text_inner\">\n<div id=\"product-content\">\n<ul>\n<li>C\u00f4ng ngh\u1ec7 v\u1ec7 sinh HydroClean\u00ae ECO<\/li>\n<li>N\u0103ng l\u01b0\u1ee3ng A ti\u1ebft ki\u1ec7m \u0111i\u1ec7n n\u0103ng<\/li>\n<li>Ch\u1ee9c n\u0103ng h\u1eb9n gi\u1edd t\u1eaft m\u00e1y<\/li>\n<li>Dung t\u00edch 70 l\u00edt<\/li>\n<li>Ch\u1ee9c n\u0103ng \u0111\u1eb7c bi\u1ec7t: ch\u1ee9c n\u0103ng r\u00e3 \u0111\u00f4ng v\u00e0 n\u01b0\u1edbng ECO<\/li>\n<\/ul>\n<\/div>\n<\/div>\n<\/div>\n","protected":false},"featured_media":2250,"comment_status":"open","ping_status":"closed","template":"","meta":[],"product_brand":[],"product_cat":[95,328,311],"product_tag":[96,154,330,313],"class_list":{"0":"post-2070","1":"product","2":"type-product","3":"status-publish","4":"has-post-thumbnail","6":"product_cat-lo-nuong","7":"product_cat-lo-nuong-teka","8":"product_cat-thuong-hieu-teka","9":"product_tag-lo-nuong","10":"product_tag-lo-nuong-am","11":"product_tag-lo-nuong-teka","12":"product_tag-teka","14":"first","15":"instock","16":"sale","17":"shipping-taxable","18":"purchasable","19":"product-type-simple"},"_links":{"self":[{"href":"https:\/\/livinghome.vn\/thiet-bi\/wp-json\/wp\/v2\/product\/2070","targetHints":{"allow":["GET"]}}],"collection":[{"href":"https:\/\/livinghome.vn\/thiet-bi\/wp-json\/wp\/v2\/product"}],"about":[{"href":"https:\/\/livinghome.vn\/thiet-bi\/wp-json\/wp\/v2\/types\/product"}],"replies":[{"embeddable":true,"href":"https:\/\/livinghome.vn\/thiet-bi\/wp-json\/wp\/v2\/comments?post=2070"}],"wp:featuredmedia":[{"embeddable":true,"href":"https:\/\/livinghome.vn\/thiet-bi\/wp-json\/wp\/v2\/media\/2250"}],"wp:attachment":[{"href":"https:\/\/livinghome.vn\/thiet-bi\/wp-json\/wp\/v2\/media?parent=2070"}],"wp:term":[{"taxonomy":"product_brand","embeddable":true,"href":"https:\/\/livinghome.vn\/thiet-bi\/wp-json\/wp\/v2\/product_brand?post=2070"},{"taxonomy":"product_cat","embeddable":true,"href":"https:\/\/livinghome.vn\/thiet-bi\/wp-json\/wp\/v2\/product_cat?post=2070"},{"taxonomy":"product_tag","embeddable":true,"href":"https:\/\/livinghome.vn\/thiet-bi\/wp-json\/wp\/v2\/product_tag?post=2070"}],"curies":[{"name":"wp","href":"https:\/\/api.w.org\/{rel}","templated":true}]}}