{"id":20691,"date":"2024-04-22T13:58:15","date_gmt":"2024-04-22T06:58:15","guid":{"rendered":"https:\/\/livinghome.vn\/thiet-bi\/?post_type=product&#038;p=20691"},"modified":"2024-11-29T14:18:58","modified_gmt":"2024-11-29T07:18:58","slug":"may-nuoc-nong-truc-tiep-stiebel-eltron-xg-45-ec","status":"publish","type":"product","link":"https:\/\/livinghome.vn\/thiet-bi\/may-nuoc-nong-truc-tiep-stiebel-eltron-xg-45-ec\/","title":{"rendered":"M\u00e1y N\u01b0\u1edbc N\u00f3ng Tr\u1ef1c Ti\u1ebfp Stiebel Eltron XG 45 EC"},"content":{"rendered":"<p><span style=\"font-weight: 400\"><strong><a href=\"https:\/\/livinghome.vn\/thiet-bi\/may-nong-lanh-stiebel-eltron\/\">M\u00e1y n\u01b0\u1edbc n\u00f3ng Stiebel Eltron<\/a><\/strong> XG 45 EC<\/span><span style=\"font-weight: 400\"> l\u00e0m n\u00f3ng n\u01b0\u1edbc nhanh nh\u1edd trang b\u1ecb c\u00f4ng su\u1ea5t l\u1edbn 4.500W v\u00e0 c\u01a1 ch\u1ebf l\u00e0m n\u00f3ng tr\u1ef1c ti\u1ebfp n\u00ean kh\u00f4ng c\u1ea7n b\u00ecnh ch\u1ee9a.B\u1ed5 sung t\u00ednh n\u0103ng an to\u00e0n nh\u01b0 c\u1ea7u dao ch\u1ed1ng r\u00f2 \u0111i\u1ec7n ELCB, b\u1ed9 \u1ed5n \u0111\u1ecbnh nhi\u1ec7t k\u00e9p v\u00e0 c\u1ea3m bi\u1ebfn l\u01b0u l\u01b0\u1ee3ng n\u01b0\u1edbc, t\u1ea1o s\u1ef1 y\u00ean t\u00e2m cho gia \u0111\u00ecnh khi s\u1eed d\u1ee5ng.<\/span><\/p>\n<h2><span style=\"font-weight: 400\">\u0110\u1eb7c \u0111i\u1ec3m n\u1ed5i b\u1eadt\u00a0<\/span><\/h2>\n<ul>\n<li style=\"font-weight: 400\"><span style=\"font-weight: 400\">C\u00f4ng su\u1ea5t cao: 4500W s\u1ebd l\u00e0m n\u00f3ng n\u01b0\u1edbc nhanh ch\u00f3ng<\/span><\/li>\n<li style=\"font-weight: 400\"><span style=\"font-weight: 400\">Trang b\u1ecb c\u1ea7u dao ELCB: t\u1ef1 \u0111\u1ed9ng ng\u1eaft \u0111i\u1ec7n khi c\u00f3 s\u1ef1 c\u1ed1 r\u00f2 r\u1ec9, \u0111\u1ec1 ph\u00f2ng ch\u00e1y n\u1ed5.<\/span><\/li>\n<li style=\"font-weight: 400\"><span style=\"font-weight: 400\">\u0110i\u1ec1u ch\u1ec9nh nhi\u1ec7t \u0111\u1ed9 linh ho\u1ea1t: n\u00fam v\u1eb7n \u1edf nhi\u1ec1u m\u1ee9c.\u00a0<\/span><\/li>\n<li style=\"font-weight: 400\"><span style=\"font-weight: 400\">Thanh nhi\u1ec7t \u0111\u1ed3ng: ch\u1ed1ng \u0103n m\u00f2n, b\u1ec1n b\u1ec9.<\/span><\/li>\n<li style=\"font-weight: 400\"><span style=\"font-weight: 400\">V\u00f2i sen 5 ch\u1ebf \u0111\u1ed9 phun: \u0111\u00e1p \u1ee9ng \u0111a d\u1ea1ng nhu c\u1ea7u t\u1eafm, g\u1ed9i.<\/span><\/li>\n<li style=\"font-weight: 400\"><span style=\"font-weight: 400\">B\u1ed9 \u1ed5n \u0111\u1ecbnh nhi\u1ec7t k\u00e9p<\/span><\/li>\n<li style=\"font-weight: 400\"><span style=\"font-weight: 400\">V\u1ecf ch\u1ed1ng th\u1ea5m n\u01b0\u1edbc IP25<\/span><\/li>\n<li style=\"font-weight: 400\"><span style=\"font-weight: 400\">T\u01b0\u01a1ng th\u00edch \u0111i\u1ec7n t\u1eeb EMC<\/span><\/li>\n<\/ul>\n<figure id=\"attachment_20698\" aria-describedby=\"caption-attachment-20698\" style=\"width: 1026px\" class=\"wp-caption alignnone\"><img loading=\"lazy\" decoding=\"async\" class=\"wp-image-20698 size-full\" src=\"https:\/\/livinghome.vn\/thiet-bi\/wp-content\/uploads\/2024\/04\/may-nuoc-nong-stiebel-eltron-xg-45-ec-1.jpg\" alt=\"M\u00e1y n\u01b0\u1edbc n\u00f3ng tr\u1ef1c ti\u1ebfp Stiebel Eltron XG 45 EC \" width=\"1026\" height=\"900\" title=\"\" srcset=\"https:\/\/livinghome.vn\/thiet-bi\/wp-content\/uploads\/2024\/04\/may-nuoc-nong-stiebel-eltron-xg-45-ec-1.jpg 1026w, https:\/\/livinghome.vn\/thiet-bi\/wp-content\/uploads\/2024\/04\/may-nuoc-nong-stiebel-eltron-xg-45-ec-1-456x400.jpg 456w, https:\/\/livinghome.vn\/thiet-bi\/wp-content\/uploads\/2024\/04\/may-nuoc-nong-stiebel-eltron-xg-45-ec-1-912x800.jpg 912w, https:\/\/livinghome.vn\/thiet-bi\/wp-content\/uploads\/2024\/04\/may-nuoc-nong-stiebel-eltron-xg-45-ec-1-768x674.jpg 768w, https:\/\/livinghome.vn\/thiet-bi\/wp-content\/uploads\/2024\/04\/may-nuoc-nong-stiebel-eltron-xg-45-ec-1-600x526.jpg 600w\" sizes=\"auto, (max-width: 1026px) 100vw, 1026px\" \/><figcaption id=\"caption-attachment-20698\" class=\"wp-caption-text\">C\u00e1c b\u1ed9 ph\u1ea7n ch\u1ee7 \u0111\u1ea1o c\u1ee7a Stiebel Eltron XG 45 EC<\/figcaption><\/figure>\n<h2><b>\u0110\u00e1nh gi\u00e1 chi ti\u1ebft v\u1ec1 m\u00e1y n\u01b0\u1edbc n\u00f3ng tr\u1ef1c ti\u1ebfp Stiebel Eltron XG 45 EC<\/b><\/h2>\n<p><span style=\"font-weight: 400\">M\u00e1y n\u01b0\u1edbc n\u00f3ng Stiebel Eltron<\/span><span style=\"font-weight: 400\"> c\u00f3 k\u00edch th\u01b0\u1edbc nh\u1ecf g\u1ecdn c\u00f9ng ki\u1ec3u d\u00e1ng \u0111\u01a1n gi\u1ea3n nh\u01b0ng r\u1ea5t sang tr\u1ecdng v\u1edbi gam m\u00e0u tr\u1eafng tinh t\u1ebf n\u00ean d\u1ec5 d\u00e0ng k\u1ebft h\u1ee3p v\u1edbi h\u1ea7u h\u1ebft c\u00e1c n\u1ed9i th\u1ea5t b\u00ean trong ph\u00f2ng t\u1eafm.<\/span><\/p>\n<figure id=\"attachment_20699\" aria-describedby=\"caption-attachment-20699\" style=\"width: 600px\" class=\"wp-caption alignnone\"><img loading=\"lazy\" decoding=\"async\" class=\"wp-image-20699 size-medium\" src=\"https:\/\/livinghome.vn\/thiet-bi\/wp-content\/uploads\/2024\/04\/may-nuoc-nong-stiebel-eltron-xg-45-ec-2-600x400.jpg\" alt=\"M\u00e1y n\u01b0\u1edbc n\u00f3ng tr\u1ef1c ti\u1ebfp Stiebel Eltron XG 45 EC \" width=\"600\" height=\"400\" title=\"\" srcset=\"https:\/\/livinghome.vn\/thiet-bi\/wp-content\/uploads\/2024\/04\/may-nuoc-nong-stiebel-eltron-xg-45-ec-2-600x400.jpg 600w, https:\/\/livinghome.vn\/thiet-bi\/wp-content\/uploads\/2024\/04\/may-nuoc-nong-stiebel-eltron-xg-45-ec-2-768x512.jpg 768w, https:\/\/livinghome.vn\/thiet-bi\/wp-content\/uploads\/2024\/04\/may-nuoc-nong-stiebel-eltron-xg-45-ec-2.jpg 1200w\" sizes=\"auto, (max-width: 600px) 100vw, 600px\" \/><figcaption id=\"caption-attachment-20699\" class=\"wp-caption-text\">Ph\u1ea7n th\u00e2n m\u00e1y c\u1ee7a Stiebel Eltron XG 45 EC<\/figcaption><\/figure>\n<p><span style=\"font-weight: 400\">V\u1ecf ngo\u00e0i \u0111\u01b0\u1ee3c l\u00e0m b\u1eb1ng nh\u1ef1a ABS b\u1ec1n b\u1ec9, c\u00e1ch nhi\u1ec7t v\u00e0 ch\u1ed1ng ch\u00e1y t\u1ed1t. V\u1ecf m\u00e1y \u0111\u1ea1t ti\u00eau chu\u1ea9n ch\u1ed1ng th\u1ea5m n\u01b0\u1edbc IP25 s\u1ebd b\u1ea3o v\u1ec7 an to\u00e0n thi\u1ebft b\u1ecb v\u00e0 ng\u01b0\u1eddi s\u1eed d\u1ee5ng.\u00a0<\/span><\/p>\n<p><span style=\"font-weight: 400\">V\u00f2i hoa sen \u0111\u01b0\u1ee3c l\u00e0m t\u1eeb nh\u1ef1a ABS m\u1ea1 Crom h\u1ea1n ch\u1ebf r\u1ea1n n\u1ee9t, ti\u1ec7n l\u1ee3i khi c\u1ea7n di chuy\u1ec3n v\u00e0 l\u1eafp \u0111\u1eb7t g\u1ecdn g\u00e0ng \u1edf v\u1ecb tr\u00ed tr\u00ean cao.<\/span><\/p>\n<p><span style=\"font-weight: 400\">M\u00e1y n\u01b0\u1edbc n\u00f3ng c\u00f3 b\u1ea3ng \u0111i\u1ec1u khi\u1ec3n d\u1ea1ng n\u00fam v\u1eb7n \u0111i\u1ec1u ch\u1ec9nh v\u00f4 c\u1ea5p, d\u1ec5 d\u00e0ng \u0111i\u1ec1u ch\u1ec9nh nhi\u1ec7t \u0111\u1ed9 n\u01b0\u1edbc n\u00f3ng theo nhu c\u1ea7u s\u1eed d\u1ee5ng.<\/span><\/p>\n<figure id=\"attachment_20703\" aria-describedby=\"caption-attachment-20703\" style=\"width: 1200px\" class=\"wp-caption alignnone\"><img loading=\"lazy\" decoding=\"async\" class=\"wp-image-20703 size-full\" src=\"https:\/\/livinghome.vn\/thiet-bi\/wp-content\/uploads\/2024\/04\/may-nuoc-nong-stiebel-eltron-xg-45-ec-3.jpg\" alt=\"M\u00e1y n\u01b0\u1edbc n\u00f3ng tr\u1ef1c ti\u1ebfp Stiebel Eltron XG 45 EC \" width=\"1200\" height=\"800\" title=\"\" srcset=\"https:\/\/livinghome.vn\/thiet-bi\/wp-content\/uploads\/2024\/04\/may-nuoc-nong-stiebel-eltron-xg-45-ec-3.jpg 1200w, https:\/\/livinghome.vn\/thiet-bi\/wp-content\/uploads\/2024\/04\/may-nuoc-nong-stiebel-eltron-xg-45-ec-3-600x400.jpg 600w, https:\/\/livinghome.vn\/thiet-bi\/wp-content\/uploads\/2024\/04\/may-nuoc-nong-stiebel-eltron-xg-45-ec-3-768x512.jpg 768w\" sizes=\"auto, (max-width: 1200px) 100vw, 1200px\" \/><figcaption id=\"caption-attachment-20703\" class=\"wp-caption-text\">N\u00fam v\u1eb7n \u0111i\u1ec1u khi\u1ec3n nhi\u1ec7t \u0111\u1ed9 c\u1ee7a Stiebel Eltron XG 45 EC<\/figcaption><\/figure>\n<p><span style=\"font-weight: 400\">M\u00e1y n\u01b0\u1edbc n\u00f3ng ho\u1ea1t \u0111\u1ed9ng theo c\u01a1 ch\u1ebf l\u00e0m n\u00f3ng tr\u1ef1c ti\u1ebfp gi\u00fap l\u00e0m n\u00f3ng n\u01b0\u1edbc nhanh m\u00e0 kh\u00f4ng m\u1ea5t th\u1eddi gian ch\u1edd \u0111\u1ee3i, c\u00f3 th\u1ec3 t\u1eafm \u0111\u01b0\u1ee3c lu\u00f4n ngay sau khi b\u1eadt m\u00e1y l\u00ean.\u00a0<\/span><\/p>\n<p><span style=\"font-weight: 400\">M\u00e1y n\u01b0\u1edbc n\u00f3ng tr\u1ef1c ti\u1ebfp ph\u00f9 h\u1ee3p s\u1eed d\u1ee5ng \u1edf nh\u1eefng khu v\u1ef1c mi\u1ec1n Nam ho\u1eb7c nh\u1eefng n\u01a1i c\u00f3 nhi\u1ec7t \u0111\u1ed9 tr\u00ean 20 \u0111\u1ed9 C.<\/span><\/p>\n<p><span style=\"font-weight: 400\">M\u00e1y n\u01b0\u1edbc n\u00f3ng Stiebel Eltron XG 45 EC ho\u1ea1t \u0111\u1ed9ng v\u1edbi c\u00f4ng su\u1ea5t 4.500W m\u1ea1nh m\u1ebd h\u1ed7 tr\u1ee3 gia nhi\u1ec7t nhanh v\u1edbi nhi\u1ec7t \u0111\u1ed9 n\u01b0\u1edbc n\u00f3ng t\u1ed1i \u0111a kho\u1ea3ng 42 \u0111\u1ed9 C.\u00a0<\/span><\/p>\n<p><span style=\"font-weight: 400\">M\u00e1y c\u00f3 \u00e1p l\u1ef1c n\u01b0\u1edbc ho\u1ea1t \u0111\u1ed9ng t\u1ed1i thi\u1ec3u 0.015 MPa (0.15 bar) v\u00e0 t\u1ed1i \u0111a l\u00e0 0.5 MPa (5 bar).<\/span><\/p>\n<figure id=\"attachment_20705\" aria-describedby=\"caption-attachment-20705\" style=\"width: 1200px\" class=\"wp-caption alignnone\"><img loading=\"lazy\" decoding=\"async\" class=\"wp-image-20705 size-full\" src=\"https:\/\/livinghome.vn\/thiet-bi\/wp-content\/uploads\/2024\/04\/may-nuoc-nong-stiebel-eltron-xg-45-ec-4.jpg\" alt=\"M\u00e1y n\u01b0\u1edbc n\u00f3ng tr\u1ef1c ti\u1ebfp Stiebel Eltron XG 45 EC \" width=\"1200\" height=\"800\" title=\"\" srcset=\"https:\/\/livinghome.vn\/thiet-bi\/wp-content\/uploads\/2024\/04\/may-nuoc-nong-stiebel-eltron-xg-45-ec-4.jpg 1200w, https:\/\/livinghome.vn\/thiet-bi\/wp-content\/uploads\/2024\/04\/may-nuoc-nong-stiebel-eltron-xg-45-ec-4-600x400.jpg 600w, https:\/\/livinghome.vn\/thiet-bi\/wp-content\/uploads\/2024\/04\/may-nuoc-nong-stiebel-eltron-xg-45-ec-4-768x512.jpg 768w\" sizes=\"auto, (max-width: 1200px) 100vw, 1200px\" \/><figcaption id=\"caption-attachment-20705\" class=\"wp-caption-text\">Stiebel Eltron XG 45 EC c\u00f3 s\u1eb5n van \u0111i\u1ec1u ch\u1ec9nh l\u01b0\u1ee3ng n\u01b0\u1edbc ra v\u00e0o m\u00e1y cho ph\u00f9 h\u1ee3p<\/figcaption><\/figure>\n<p><span style=\"font-weight: 400\">B\u00ecnh n\u00f3ng l\u1ea1nh trang b\u1ecb nhi\u1ec1u ch\u1ebf \u0111\u1ed9 an to\u00e0n ti\u00ean ti\u1ebfn:<\/span><\/p>\n<ul>\n<li style=\"font-weight: 400\"><b>C\u1ea7u dao ch\u1ed1ng r\u00f2 \u0111i\u1ec7n ELCB:<\/b><span style=\"font-weight: 400\"> \u0110\u1ea3m nhi\u1ec7m c\u00f4ng vi\u1ec7c ng\u1eaft k\u1ebft n\u1ed1i gi\u1eefa thi\u1ebft b\u1ecb v\u1edbi m\u1ea1ch \u0111i\u1ec7n khi c\u00f3 s\u1ef1 c\u1ed1 r\u00f2 \u0111i\u1ec7n, ng\u0103n ng\u1eeba s\u1ef1 c\u1ed1 ch\u1ea1m m\u1ea1ch g\u00e2y nguy hi\u1ec3m, \u0111\u1ea3m b\u1ea3o an to\u00e0n t\u00ednh m\u1ea1ng cho ng\u01b0\u1eddi s\u1eed d\u1ee5ng.<\/span><\/li>\n<li style=\"font-weight: 400\"><b>M\u00e1y trang b\u1ecb b\u1ed9 \u1ed5n \u0111\u1ecbnh nhi\u1ec7t k\u00e9p:<\/b><span style=\"font-weight: 400\"> T\u1ef1 \u0111\u1ed9ng ng\u1eaft qu\u00e1 tr\u00ecnh l\u00e0m n\u00f3ng khi nhi\u1ec7t \u0111\u1ed9 n\u01b0\u1edbc \u0111\u1ea7u ra v\u01b0\u1ee3t qu\u00e1 ng\u01b0\u1ee1ng cho ph\u00e9p, gi\u1ea3m nguy c\u01a1 b\u1ecb b\u1ecfng khi t\u1eafm r\u1eeda.<\/span><\/li>\n<li style=\"font-weight: 400\"><b>C\u1ea3m bi\u1ebfn l\u01b0u l\u01b0\u1ee3ng n\u01b0\u1edbc:<\/b><span style=\"font-weight: 400\"> Khi l\u01b0u l\u01b0\u1ee3ng n\u01b0\u1edbc qu\u00e1 y\u1ebfu (d\u01b0\u1edbi 2 l\u00edt\/ph\u00fat), m\u00e1y n\u01b0\u1edbc n\u00f3ng Stiebel Eltron s\u1ebd ng\u01b0ng ho\u1ea1t \u0111\u1ed9ng, tr\u00e1nh t\u00ecnh tr\u1ea1ng ch\u00e1y n\u1ed5 g\u00e2y nguy hi\u1ec3m.<\/span><\/li>\n<li style=\"font-weight: 400\"><b>V\u1ecf m\u00e1y ch\u1ed1ng n\u01b0\u1edbc IP25:<\/b><span style=\"font-weight: 400\"> Ng\u0103n b\u1ee5i b\u1ea9n, v\u1eadt r\u1eafn c\u00f3 \u0111\u01b0\u1eddng k\u00ednh l\u1edbn h\u01a1n 12.5mm x\u00e2m nh\u1eadp v\u00e0o b\u00ean trong, b\u1ea3o v\u1ec7 linh ki\u1ec7n m\u00e1y, ch\u1ed1ng th\u1ea5m hi\u1ec7u qu\u1ea3 v\u1edbi tia n\u01b0\u1edbc c\u00f3 \u00e1p su\u1ea5t th\u1ea5p.<\/span><\/li>\n<\/ul>\n<p><span style=\"font-weight: 400\">Ngo\u00e0i nh\u1eefng t\u00ednh n\u0103ng k\u1ec3 tr\u00ean, b\u00ecnh n\u00f3ng l\u1ea1nh c\u00f2n \u0111i k\u00e8m m\u1ed9t s\u1ed1 ti\u1ec7n \u00edch kh\u00e1c nh\u01b0:<\/span><\/p>\n<ul>\n<li style=\"font-weight: 400\">\n<h4><span style=\"font-weight: 400\">V\u00f2i sen 5 ch\u1ebf \u0111\u1ed9 phun: M\u00e1y n\u01b0\u1edbc n\u00f3ng \u0111i k\u00e8m s\u1eb5n v\u00f2i sen 5 ch\u1ebf \u0111\u1ed9 phun cho ng\u01b0\u1eddi d\u00f9ng t\u00f9y ch\u1ec9nh l\u01b0u l\u01b0\u1ee3ng n\u01b0\u1edbc ph\u00f9 h\u1ee3p v\u1edbi nhu c\u1ea7u t\u1eafm g\u1ed9i, v\u1ec7 sinh.<\/span><\/h4>\n<\/li>\n<li style=\"font-weight: 400\">\n<h4><span style=\"font-weight: 400\">T\u01b0\u01a1ng th\u00edch \u0111i\u1ec7n t\u1eeb EMC: S\u00f3ng \u0111i\u1ec7n t\u1eeb ph\u00e1t ra khi s\u1eed d\u1ee5ng m\u00e1y n\u01b0\u1edbc n\u00f3ng n\u00e0y s\u1ebd n\u1eb1m \u1edf m\u1ee9c c\u1ef1c th\u1ea5p, kh\u00f4ng g\u00e2y nhi\u1ec5u s\u00f3ng cho c\u00e1c thi\u1ebft b\u1ecb \u0111i\u1ec7n t\u1eed kh\u00e1c trong nh\u00e0, \u0111\u1ea3m b\u1ea3o an to\u00e0n khi s\u1eed d\u1ee5ng.<\/span><\/h4>\n<\/li>\n<li style=\"font-weight: 400\">\n<h4><span style=\"font-weight: 400\">Thanh nhi\u1ec7t b\u1eb1ng \u0111\u1ed3ng: \u0111\u1ed9 b\u1ec1n cao, l\u00e0m n\u00f3ng nhanh, truy\u1ec1n nhi\u1ec7t t\u1ed1t, ch\u1ed1ng b\u00e1m c\u1eb7n v\u00e0 cho tu\u1ed5i th\u1ecd s\u1eed d\u1ee5ng b\u1ec1n l\u00e2u.\u00a0<\/span><\/h4>\n<\/li>\n<\/ul>\n<p><b>L\u01b0u \u00fd:<\/b><span style=\"font-weight: 400\"> H\u00ecnh \u1ea3nh s\u1ea3n ph\u1ea9m ch\u1ec9 c\u00f3 t\u00ednh ch\u1ea5t minh h\u1ecda, chi ti\u1ebft s\u1ea3n ph\u1ea9m, m\u00e0u s\u1eafc, thi\u1ebft k\u1ebf v\u00e0 th\u00f4ng s\u1ed1 k\u1ef9 thu\u1eadt c\u00f3 th\u1ec3 thay \u0111\u1ed5i t\u00f9y theo s\u1ea3n ph\u1ea9m th\u1ef1c t\u1ebf m\u00e0 kh\u00f4ng c\u1ea7n th\u00f4ng b\u00e1o tr\u01b0\u1edbc.<\/span><\/p>\n","protected":false},"excerpt":{"rendered":"<p><span class=\"specs-left block chassis-14068 attr-15\">C\u00f4ng su\u1ea5t: <\/span><span class=\"specs-right block\">4.500W<\/span><\/p>\n<p><span class=\"specs-left block chassis-14976 attr-2112\">Chu\u1ea9n ch\u1ed1ng n\u01b0\u1edbc: <\/span><span class=\"specs-right block\">IP25<\/span><\/p>\n<p><span class=\"specs-left block chassis-5149 attr-792\">Ch\u1ed1ng gi\u1eadt ELCB: <\/span><span class=\"specs-right block\">C\u00f3<\/span><\/p>\n<p><span class=\"specs-left block chassis-14977 attr-75\">\u00c1p l\u1ef1c: <\/span><span class=\"specs-right block\">T\u1ed1i thi\u1ec3u &#8211; t\u1ed1i \u0111a\u00a0<i class=\"spec-tip\">(0.015 Mpa &#8211; 0.5 Mpa)<\/i><\/span><\/p>\n<p><span class=\"specs-left block chassis-11312 attr-2417\">Ch\u1ebf \u0111\u1ed9 v\u00f2i sen: <\/span><span class=\"specs-right block\">5 ch\u1ebf \u0111\u1ed9 phun<\/span><\/p>\n<p><span class=\"specs-left block chassis-9472 attr-1485\">Nhi\u1ec7t \u0111\u1ed9 t\u1ed1i \u0111a: <\/span><span class=\"specs-right block\">42 \u0111\u1ed9 C<\/span><\/p>\n<p><span class=\"specs-left block chassis-9215 attr-1840\">T\u00f9y ch\u1ec9nh nhi\u1ec7t: <\/span><span class=\"specs-right block\">Nhi\u1ec1u m\u1ee9c \u0111\u1ed9<\/span><\/p>\n<p><span class=\"specs-left block chassis-1832 attr-459\">N\u00fat \u0111i\u1ec1u ch\u1ec9nh: <\/span><span class=\"specs-right block\">N\u00fam v\u1eb7n<\/span><\/p>\n<p><span class=\"specs-left block chassis-11266 attr-2395\">Ch\u1ea5t li\u1ec7u v\u00f2i sen: <\/span><span class=\"specs-right block\">Nh\u1ef1a ABS<\/span><\/p>\n<p><span class=\"specs-left block chassis-5144 attr-187\">Ch\u1ea5t li\u1ec7u v\u1ecf: <\/span><span class=\"specs-right block\">Nh\u1ef1a ABS<\/span><\/p>\n<p><span class=\"specs-left block chassis-5100 attr-73\">Ngu\u1ed3n \u0111i\u1ec7n \u00e1p: <\/span><span class=\"specs-right block\">220V &#8211; 240V \/ 50Hz &#8211; 60Hz<\/span><\/p>\n<p><span class=\"specs-left block chassis-1823 attr-29\">K\u00edch th\u01b0\u1edbc: <\/span><span class=\"specs-right block\">Cao x r\u1ed9ng x d\u00e0y\u00a0<i class=\"spec-tip\">(34.2cm x 21.6cm x 8.4cm)<\/i><\/span><\/p>\n<p><span class=\"specs-left block chassis-1824 attr-35\">Tr\u1ecdng l\u01b0\u1ee3ng s\u1ea3n ph\u1ea9m: <\/span><span class=\"specs-right block\">1,68kg<\/span><\/p>\n<p><span class=\"specs-left block chassis-1827 attr-69\">Xu\u1ea5t x\u1ee9 th\u01b0\u01a1ng hi\u1ec7u: <\/span><span class=\"specs-right block\">\u0110\u1ee9c<\/span><\/p>\n<p><span class=\"specs-left block chassis-1826 attr-68\">S\u1ea3n xu\u1ea5t t\u1ea1i: <\/span><span class=\"specs-right block\">Th\u00e1i Lan<\/span><\/p>\n<p><span class=\"specs-left block chassis-1825 attr-67\">B\u1ea3o h\u00e0nh: <\/span><span class=\"specs-right block\">24 th\u00e1ng<\/span><\/p>\n","protected":false},"featured_media":21190,"comment_status":"open","ping_status":"closed","template":"","meta":[],"product_brand":[],"product_cat":[540,1986,1979,1987,1937],"product_tag":[1980,1993,2004,1936],"class_list":{"0":"post-20691","1":"product","2":"type-product","3":"status-publish","4":"has-post-thumbnail","6":"product_cat-may-nong-lanh","7":"product_cat-may-nong-lanh-stiebel-eltron","8":"product_cat-may-nuoc-nong","9":"product_cat-may-nuoc-nong-stiebel-eltron","10":"product_cat-thuong-hieu-stiebel-eltron","11":"product_tag-may-nuoc-nong","12":"product_tag-may-nuoc-nong-stiebel-eltron","13":"product_tag-may-nuoc-nong-truc-tiep","14":"product_tag-stiebel-eltron","16":"first","17":"instock","18":"sale","19":"shipping-taxable","20":"purchasable","21":"product-type-simple"},"_links":{"self":[{"href":"https:\/\/livinghome.vn\/thiet-bi\/wp-json\/wp\/v2\/product\/20691","targetHints":{"allow":["GET"]}}],"collection":[{"href":"https:\/\/livinghome.vn\/thiet-bi\/wp-json\/wp\/v2\/product"}],"about":[{"href":"https:\/\/livinghome.vn\/thiet-bi\/wp-json\/wp\/v2\/types\/product"}],"replies":[{"embeddable":true,"href":"https:\/\/livinghome.vn\/thiet-bi\/wp-json\/wp\/v2\/comments?post=20691"}],"wp:featuredmedia":[{"embeddable":true,"href":"https:\/\/livinghome.vn\/thiet-bi\/wp-json\/wp\/v2\/media\/21190"}],"wp:attachment":[{"href":"https:\/\/livinghome.vn\/thiet-bi\/wp-json\/wp\/v2\/media?parent=20691"}],"wp:term":[{"taxonomy":"product_brand","embeddable":true,"href":"https:\/\/livinghome.vn\/thiet-bi\/wp-json\/wp\/v2\/product_brand?post=20691"},{"taxonomy":"product_cat","embeddable":true,"href":"https:\/\/livinghome.vn\/thiet-bi\/wp-json\/wp\/v2\/product_cat?post=20691"},{"taxonomy":"product_tag","embeddable":true,"href":"https:\/\/livinghome.vn\/thiet-bi\/wp-json\/wp\/v2\/product_tag?post=20691"}],"curies":[{"name":"wp","href":"https:\/\/api.w.org\/{rel}","templated":true}]}}