{"id":2067,"date":"2023-01-12T16:44:50","date_gmt":"2023-01-12T16:44:50","guid":{"rendered":"https:\/\/livinghome.vn\/thiet-bi\/?post_type=product&#038;p=2067"},"modified":"2024-11-29T14:20:33","modified_gmt":"2024-11-29T07:20:33","slug":"chau-rua-teka-be-2b-785-lap-am-2-hoc-rua-78cm","status":"publish","type":"product","link":"https:\/\/livinghome.vn\/thiet-bi\/chau-rua-teka-be-2b-785-lap-am-2-hoc-rua-78cm\/","title":{"rendered":"Ch\u1eadu r\u1eeda Teka BE 2B 785 l\u1eafp \u00e2m 2 h\u1ed9c r\u1eeda 78cm"},"content":{"rendered":"<h2>Ch\u1eadu r\u1eeda Teka BE 2B 785 l\u1eafp \u00e2m 2 h\u1ed9c r\u1eeda ch\u1ea5t i\u1ec7u th\u00e9p kh\u00f4ng g\u1ec9<\/h2>\n<figure id=\"attachment_65511\" aria-describedby=\"caption-attachment-65511\" style=\"width: 800px\" class=\"wp-caption alignnone\"><img loading=\"lazy\" decoding=\"async\" class=\"size-large wp-image-65511\" src=\"https:\/\/livinghome.vn\/thiet-bi\/wp-content\/uploads\/nha-bep\/teka\/chau-rua\/chau-rua-teka-be-2b-785\/chau-rua-teka-be-2b-785-1-800x800.jpg\" alt=\"Ch\u1eadu r\u1eeda Teka BE 2B 785 l\u1eafp \u00e2m 2 h\u1ed9c r\u1eeda\" width=\"800\" height=\"800\" title=\"\"><figcaption id=\"caption-attachment-65511\" class=\"wp-caption-text\">Ch\u1eadu r\u1eeda Teka BE 2B 785 l\u1eafp \u00e2m 2 h\u1ed9c r\u1eeda (1 h\u1ed9c l\u1edbn &#8211; 1 h\u1ed9c nh\u1ecf)<\/figcaption><\/figure>\n<p>Ch\u1eadu r\u1eeda Teka BE 2B 785 \u0111\u01b0\u1ee3c thi\u1ebft k\u1ebf bo tr\u00f2n tinh t\u1ebf, ti\u1ec7n l\u1ee3i cho vi\u1ec7c s\u1eed d\u1ee5ng r\u1eeda c\u00e1c th\u1ef1c ph\u1ea9m, v\u1eadt d\u1ee5ng c\u00f3 k\u00edch th\u01b0\u1edbc kh\u00e1c nhau, mang \u0111\u1ebfn gi\u1ea3i ph\u00e1p t\u1ed1i \u01b0u nh\u1ea5t cho vi\u1ec7c s\u1eed d\u1ee5ng.<\/p>\n<h3><strong>T\u00ednh n\u0103ng c\u01a1 b\u1ea3n<\/strong><\/h3>\n<ul>\n<li><a href=\"https:\/\/livinghome.vn\/thiet-bi\/dung-cu-nha-bep\/chau-rua-chen\/\">Ch\u1eadu r\u1eeda<\/a> l\u1eafp \u00e2m<\/li>\n<li>Ki\u1ec3u d\u00e1ng 2 h\u1ed9c r\u1eeda<\/li>\n<li>Ch\u1ea5t li\u1ec7u th\u00e9p kh\u00f4ng g\u1ec9<\/li>\n<li>K\u00edch th\u01b0\u1edbc h\u1ed9c r\u1eeda 1: 406 x 406 x 250mm<\/li>\n<li>K\u00edch th\u01b0\u1edbc h\u1ed9c r\u1eeda 2: 280 x 406 x 180mm<\/li>\n<li>Gi\u1edbi h\u1ea1n h\u1ed9c t\u1ee7 d\u01b0\u1edbi &gt;90cm<\/li>\n<li>Ph\u1ee5 ki\u1ec7n: B\u1ed9 x\u1ea3 3\u00bd v\u00e0 x\u1ea3 tr\u00e0n<\/li>\n<li>Xu\u1ea5t x\u1ee9 T\u00e2y Ban Nha<\/li>\n<\/ul>\n<figure id=\"attachment_65514\" aria-describedby=\"caption-attachment-65514\" style=\"width: 1020px\" class=\"wp-caption alignnone\"><img loading=\"lazy\" decoding=\"async\" class=\"size-large wp-image-65514\" src=\"https:\/\/livinghome.vn\/thiet-bi\/wp-content\/uploads\/nha-bep\/teka\/chau-rua\/chau-rua-teka-be-2b-785\/chau-rua-teka-be-2b-785-5-1067x800.jpg\" alt=\"Ch\u1eadu r\u1eeda Teka BE 2B 785 l\u1eafp \u00e2m 2 h\u1ed9c r\u1eeda\" width=\"1020\" height=\"765\" title=\"\"><figcaption id=\"caption-attachment-65514\" class=\"wp-caption-text\">Ch\u1eadu r\u1eeda Teka BE 2B 785 Nh\u1eadp kh\u1ea9u t\u1eeb ch\u00e2u \u00c2u<\/figcaption><\/figure>\n<h3><strong>Th\u00f4ng s\u1ed1 k\u1ef9 thu\u1eadt<\/strong><\/h3>\n<ul>\n<li><strong>Lo\u1ea1i van l\u1ed7:\u00a0<\/strong>3\u00bd&#8221;<\/li>\n<li><strong>Khoang l\u00f2 (cm):\u00a0<\/strong>90<\/li>\n<\/ul>\n<h4 class=\"et_pb_toggle_title\">K\u00edch th\u01b0\u1edbc chung<\/h4>\n<div class=\"et_pb_toggle_content clearfix\">\n<ul>\n<li><strong>Chi\u1ec1u r\u1ed9ng (mm):\u00a0<\/strong>470<\/li>\n<li><strong>\u0110\u1ed9 s\u00e2u (mm):\u00a0<\/strong>250<\/li>\n<li><strong>Tr\u1ecdng l\u01b0\u1ee3ng (Kgs):\u00a0<\/strong>5,18<\/li>\n<\/ul>\n<h4 class=\"et_pb_toggle_title\">K\u00edch th\u01b0\u1edbc b\u00e1t ch\u00ednh<\/h4>\n<div class=\"et_pb_toggle_content clearfix\">\n<ul>\n<li><strong>Chi\u1ec1u d\u00e0i b\u00e1t ch\u00ednh (mm):\u00a0<\/strong>406<\/li>\n<li><strong>Chi\u1ec1u r\u1ed9ng b\u00e1t ch\u00ednh (mm):\u00a0<\/strong>406<\/li>\n<li><strong>\u0110\u1ed9 s\u00e2u b\u00e1t ch\u00ednh (mm):\u00a0<\/strong>250<\/li>\n<\/ul>\n<h4 class=\"et_pb_toggle_title\">K\u00edch th\u01b0\u1edbc b\u00e1t th\u1ee9 c\u1ea5p<\/h4>\n<ul>\n<li><strong>Chi\u1ec1u d\u00e0i b\u00e1t th\u1ee9 c\u1ea5p (mm):\u00a0<\/strong>280<\/li>\n<li><strong>Chi\u1ec1u r\u1ed9ng b\u00e1t th\u1ee9 c\u1ea5p (mm):\u00a0<\/strong>406<\/li>\n<li><strong>\u0110\u1ed9 s\u00e2u b\u00e1t th\u1ee9 c\u1ea5p (mm):\u00a0<\/strong>180<\/li>\n<\/ul>\n<div class=\"et_pb_toggle_content clearfix\">\n<p>Ch\u1eadu r\u1eeda Teka BE 2B 785 \u0111\u01b0\u1ee3c l\u00e0m b\u1eb1ng th\u00e9p kh\u00f4ng g\u1ec9 AISI 304 s\u00e1ng b\u00f3ng, b\u1ec1n \u0111\u1eb9p, d\u1ec5 d\u00e0ng v\u1ec7 sinh, ch\u1eadu l\u1eafp \u00e2m gi\u00fap cho khu v\u1ef1c r\u1eeda nh\u1ecf g\u1ecdn v\u00e0 t\u0103ng t\u00ednh th\u1ea9m m\u1ef9 cho c\u0103n b\u1ebfp nh\u00e0 b\u1ea1n.<\/p>\n<\/div>\n<\/div>\n<\/div>\n<h3><strong>Xu\u1ea5t x\u1ee9:\u00a0T\u00e2y Ban Nha<\/strong><\/h3>\n","protected":false},"excerpt":{"rendered":"<div id=\"product-title\" class=\"et_pb_module et_pb_text et_pb_bg_layout_light et_pb_text_align_left\">\n<div class=\"et_pb_text_inner\">\n<div id=\"product-title\" class=\"et_pb_module et_pb_text et_pb_bg_layout_light et_pb_text_align_left\">\n<div class=\"et_pb_text_inner\">\n<h2 style=\"text-align: center;\"><strong>Ch\u1eadu r\u1eeda Teka BE 2B 785<\/strong><\/h2>\n<\/div>\n<\/div>\n<div class=\"et_pb_module et_pb_text et_pb_text_1 et_pb_bg_layout_light et_pb_text_align_left\">\n<div class=\"et_pb_text_inner\">\n<div id=\"product-content\">\n<p style=\"text-align: center;\">Ch\u1ea5t li\u1ec7u th\u00e9p kh\u00f4ng g\u1ec9<\/p>\n<p style=\"text-align: center;\">K\u00edch th\u01b0\u1edbc h\u1ed9c r\u1eeda 1: 406 x 406 x 250mm<\/p>\n<p style=\"text-align: center;\">K\u00edch th\u01b0\u1edbc h\u1ed9c r\u1eeda 2: 280 x 406 x 180mm<\/p>\n<p style=\"text-align: center;\">Gi\u1edbi h\u1ea1n h\u1ed9c t\u1ee7 d\u01b0\u1edbi: &gt;91cm<\/p>\n<p style=\"text-align: center;\">Xu\u1ea5t x\u1ee9: T\u00e2y Ban Nha<\/p>\n<\/div>\n<\/div>\n<\/div>\n<\/div>\n<\/div>\n","protected":false},"featured_media":2226,"comment_status":"open","ping_status":"closed","template":"","meta":[],"product_brand":[],"product_cat":[331,311],"product_tag":[148,332,333],"class_list":{"0":"post-2067","1":"product","2":"type-product","3":"status-publish","4":"has-post-thumbnail","6":"product_cat-chau-rua-chen-teka","7":"product_cat-thuong-hieu-teka","8":"product_tag-chau-rua-chen","9":"product_tag-chau-rua-chen-teka","10":"product_tag-chau-rua-chen-thep","12":"first","13":"instock","14":"sale","15":"shipping-taxable","16":"purchasable","17":"product-type-simple"},"_links":{"self":[{"href":"https:\/\/livinghome.vn\/thiet-bi\/wp-json\/wp\/v2\/product\/2067","targetHints":{"allow":["GET"]}}],"collection":[{"href":"https:\/\/livinghome.vn\/thiet-bi\/wp-json\/wp\/v2\/product"}],"about":[{"href":"https:\/\/livinghome.vn\/thiet-bi\/wp-json\/wp\/v2\/types\/product"}],"replies":[{"embeddable":true,"href":"https:\/\/livinghome.vn\/thiet-bi\/wp-json\/wp\/v2\/comments?post=2067"}],"wp:featuredmedia":[{"embeddable":true,"href":"https:\/\/livinghome.vn\/thiet-bi\/wp-json\/wp\/v2\/media\/2226"}],"wp:attachment":[{"href":"https:\/\/livinghome.vn\/thiet-bi\/wp-json\/wp\/v2\/media?parent=2067"}],"wp:term":[{"taxonomy":"product_brand","embeddable":true,"href":"https:\/\/livinghome.vn\/thiet-bi\/wp-json\/wp\/v2\/product_brand?post=2067"},{"taxonomy":"product_cat","embeddable":true,"href":"https:\/\/livinghome.vn\/thiet-bi\/wp-json\/wp\/v2\/product_cat?post=2067"},{"taxonomy":"product_tag","embeddable":true,"href":"https:\/\/livinghome.vn\/thiet-bi\/wp-json\/wp\/v2\/product_tag?post=2067"}],"curies":[{"name":"wp","href":"https:\/\/api.w.org\/{rel}","templated":true}]}}