{"id":20594,"date":"2024-04-22T09:36:17","date_gmt":"2024-04-22T02:36:17","guid":{"rendered":"https:\/\/livinghome.vn\/thiet-bi\/?post_type=product&#038;p=20594"},"modified":"2024-11-29T16:11:29","modified_gmt":"2024-11-29T09:11:29","slug":"may-nuoc-nong-da-diem-stiebel-eltron-ddh-6-ec","status":"publish","type":"product","link":"https:\/\/livinghome.vn\/thiet-bi\/may-nuoc-nong-da-diem-stiebel-eltron-ddh-6-ec\/","title":{"rendered":"M\u00e1y N\u01b0\u1edbc N\u00f3ng \u0110a \u0110i\u1ec3m Stiebel Eltron DDH 6 EC, 6000W, Tr\u1ef1c Ti\u1ebfp, Th\u00e1i Lan"},"content":{"rendered":"<p>M\u00e1y n\u01b0\u1edbc n\u00f3ng Stiebel Eltron DDH 6 EC v\u1edbi c\u00f4ng su\u1ea5t 6000W c\u00f3 kh\u1ea3 n\u0103ng l\u00e0m n\u00f3ng n\u01b0\u1edbc ngay t\u1ee9c th\u00ec v\u00e0 \u0111\u1ee7 m\u1ea1nh \u0111\u1ec3 cung c\u1ea5p n\u01b0\u1edbc n\u00f3ng li\u00ean t\u1ee5c t\u1ea1i nhi\u1ec1u \u0111i\u1ec3m s\u1eed d\u1ee5ng. Thi\u1ebft b\u1ecb n\u00e0y cho ph\u00e9p ng\u01b0\u1eddi d\u00f9ng \u0111i\u1ec1u ch\u1ec9nh nhi\u1ec7t \u0111\u1ed9 theo ba m\u1ee9c kh\u00e1c nhau, \u0111\u01b0\u1ee3c trang b\u1ecb c\u1ea7u dao t\u1ef1 \u0111\u1ed9ng ch\u1ed1ng r\u00f2 \u0111i\u1ec7n ELCB, c\u1ea3m bi\u1ebfn l\u01b0u l\u01b0\u1ee3ng n\u01b0\u1edbc, v\u00e0 b\u1ed9 \u1ed5n \u0111\u1ecbnh nhi\u1ec7t k\u00e9p. Ngo\u00e0i ra, n\u00f3 c\u0169ng t\u00edch h\u1ee3p c\u00f4ng ngh\u1ec7 CLL gi\u1edbi h\u1ea1n r\u00f2 r\u1ec9 \u0111i\u1ec7n, \u0111\u1ea3m b\u1ea3o an to\u00e0n v\u00e0 hi\u1ec7u qu\u1ea3 trong qu\u00e1 tr\u00ecnh s\u1eed d\u1ee5ng.<\/p>\n<p><span class=\"_ilcss0_\"><strong>L\u01b0u \u00fd<\/strong><\/span>: S\u1ea3n ph\u1ea9m ch\u01b0a bao g\u1ed3m v\u00f2i sen, b\u1ed9 g\u1eadt g\u00f9 v\u00e0 van kh\u00f3a n\u01b0\u1edbc.<\/p>\n<p class=\"_ilcss1_\"><img loading=\"lazy\" decoding=\"async\" class=\"alignnone size-full wp-image-20599\" src=\"https:\/\/livinghome.vn\/thiet-bi\/wp-content\/uploads\/2024\/04\/may-nuoc-nong-stiebel-eltron-ddh-6-ec-6.jpg\" alt=\"\" width=\"1200\" height=\"499\" title=\"\" srcset=\"https:\/\/livinghome.vn\/thiet-bi\/wp-content\/uploads\/2024\/04\/may-nuoc-nong-stiebel-eltron-ddh-6-ec-6.jpg 1200w, https:\/\/livinghome.vn\/thiet-bi\/wp-content\/uploads\/2024\/04\/may-nuoc-nong-stiebel-eltron-ddh-6-ec-6-800x333.jpg 800w, https:\/\/livinghome.vn\/thiet-bi\/wp-content\/uploads\/2024\/04\/may-nuoc-nong-stiebel-eltron-ddh-6-ec-6-768x319.jpg 768w, https:\/\/livinghome.vn\/thiet-bi\/wp-content\/uploads\/2024\/04\/may-nuoc-nong-stiebel-eltron-ddh-6-ec-6-600x250.jpg 600w\" sizes=\"auto, (max-width: 1200px) 100vw, 1200px\" \/><\/p>\n<h2>\u0110\u1eb7c \u0111i\u1ec3m n\u1ed5i b\u1eadt:<\/h2>\n<ul>\n<li>Nhi\u1ec7t \u0111\u1ed9 cao nh\u1ea5t c\u00f3 th\u1ec3 \u0111\u1ea1t 55 \u0111\u1ed9 C, ph\u00f9 h\u1ee3p v\u1edbi kh\u00ed h\u1eadu mi\u1ec1n Nam ho\u1eb7c c\u00e1c khu v\u1ef1c c\u00f3 nhi\u1ec7t \u0111\u1ed9 tr\u00ean 20\u00b0C.<\/li>\n<li>M\u00e1y c\u00f3 c\u00f4ng su\u1ea5t t\u1ed1i \u0111a 6000W, \u0111\u1ea3m b\u1ea3o kh\u1ea3 n\u0103ng l\u00e0m n\u00f3ng hi\u1ec7u qu\u1ea3.<\/li>\n<li>V\u1edbi b\u1ed9 \u1ed5n \u0111\u1ecbnh nhi\u1ec7t k\u00e9p, m\u00e1y gi\u00fap ng\u0103n ng\u1eeba nguy c\u01a1 b\u1ecfng da.<\/li>\n<li>C\u1ea3m bi\u1ebfn l\u01b0u l\u01b0\u1ee3ng n\u01b0\u1edbc gi\u00fap t\u0103ng tu\u1ed5i th\u1ecd c\u1ee7a m\u00e1y.<\/li>\n<li>C\u1ea7u dao ch\u1ed1ng r\u00f2 \u0111i\u1ec7n ELCB b\u1ea3o v\u1ec7 ng\u01b0\u1eddi d\u00f9ng kh\u1ecfi nguy c\u01a1 ch\u00e1y n\u1ed5.<\/li>\n<li>M\u00e1y \u0111\u01b0\u1ee3c thi\u1ebft k\u1ebf v\u1edbi v\u1ecf ch\u1ed1ng th\u1ea5m n\u01b0\u1edbc IP25.<\/li>\n<li>C\u00f4ng ngh\u1ec7 gi\u1edbi h\u1ea1n r\u00f2 r\u1ec9 \u0111i\u1ec7n CLL.<\/li>\n<li>Kh\u1ea3 n\u0103ng k\u1ebft n\u1ed1i \u0111a \u0111i\u1ec3m, cho ph\u00e9p cung c\u1ea5p n\u01b0\u1edbc n\u00f3ng t\u1edbi nhi\u1ec1u \u0111i\u1ec3m s\u1eed d\u1ee5ng.<\/li>\n<li>N\u00fam xoay gi\u00fap \u0111i\u1ec1u ch\u1ec9nh nhi\u1ec7t \u0111\u1ed9 d\u1ec5 d\u00e0ng v\u1edbi ba m\u1ee9c: Th\u1ea5p, Trung b\u00ecnh, v\u00e0 Cao.<\/li>\n<li>Thanh nhi\u1ec7t l\u00e0m t\u1eeb \u0111\u1ed3ng, b\u1ec1n v\u00e0 l\u00e0m n\u00f3ng nhanh.<\/li>\n<li>M\u00e1y t\u01b0\u01a1ng th\u00edch v\u1edbi ti\u00eau chu\u1ea9n \u0111i\u1ec7n t\u1eeb EMC.<\/li>\n<li>Ho\u1ea1t \u0111\u1ed9ng \u1ed5n \u0111\u1ecbnh v\u1edbi \u00e1p l\u1ef1c n\u01b0\u1edbc t\u1eeb 0.02 Mpa \u0111\u1ebfn 1 Mpa.<\/li>\n<\/ul>\n<p class=\"_ilcss1_\"><img loading=\"lazy\" decoding=\"async\" class=\"alignnone size-full wp-image-20600\" src=\"https:\/\/livinghome.vn\/thiet-bi\/wp-content\/uploads\/2024\/04\/may-nuoc-nong-stiebel-eltron-ddh-6-ec-7.jpg\" alt=\"\" width=\"1200\" height=\"900\" title=\"\" srcset=\"https:\/\/livinghome.vn\/thiet-bi\/wp-content\/uploads\/2024\/04\/may-nuoc-nong-stiebel-eltron-ddh-6-ec-7.jpg 1200w, https:\/\/livinghome.vn\/thiet-bi\/wp-content\/uploads\/2024\/04\/may-nuoc-nong-stiebel-eltron-ddh-6-ec-7-533x400.jpg 533w, https:\/\/livinghome.vn\/thiet-bi\/wp-content\/uploads\/2024\/04\/may-nuoc-nong-stiebel-eltron-ddh-6-ec-7-1067x800.jpg 1067w, https:\/\/livinghome.vn\/thiet-bi\/wp-content\/uploads\/2024\/04\/may-nuoc-nong-stiebel-eltron-ddh-6-ec-7-768x576.jpg 768w, https:\/\/livinghome.vn\/thiet-bi\/wp-content\/uploads\/2024\/04\/may-nuoc-nong-stiebel-eltron-ddh-6-ec-7-600x450.jpg 600w\" sizes=\"auto, (max-width: 1200px) 100vw, 1200px\" \/><\/p>\n<h2>\u0110\u00e1nh gi\u00e1 chi ti\u1ebft<\/h2>\n<div>Thanh nhi\u1ec7t \u0111\u01b0\u1ee3c ch\u1ebf t\u1ea1o t\u1eeb \u0111\u1ed3ng, v\u1eadt li\u1ec7u n\u00e0y c\u00f3 kh\u1ea3 n\u0103ng d\u1eabn nhi\u1ec7t t\u1ed1t, ch\u1ed1ng \u0103n m\u00f2n hi\u1ec7u qu\u1ea3, gi\u00fap qu\u00e1 tr\u00ecnh l\u00e0m n\u00f3ng di\u1ec5n ra nhanh ch\u00f3ng v\u00e0 hi\u1ec7u qu\u1ea3. \u0110\u1eb7c bi\u1ec7t, n\u00f3 ho\u1ea1t \u0111\u1ed9ng \u1ed5n \u0111\u1ecbnh m\u00e0 kh\u00f4ng c\u1ea7n b\u1ea3o tr\u00ec th\u01b0\u1eddng xuy\u00ean, ph\u00f9 h\u1ee3p s\u1eed d\u1ee5ng v\u1edbi ngu\u1ed3n n\u01b0\u1edbc \u0111\u00e3 \u0111\u01b0\u1ee3c x\u1eed l\u00fd b\u1eb1ng Clo.<\/div>\n<p class=\"_ilcss1_\"><img loading=\"lazy\" decoding=\"async\" class=\"alignnone size-full wp-image-20598\" src=\"https:\/\/livinghome.vn\/thiet-bi\/wp-content\/uploads\/2024\/04\/may-nuoc-nong-stiebel-eltron-ddh-6-ec-8.jpg\" alt=\"\" width=\"1200\" height=\"800\" title=\"\" srcset=\"https:\/\/livinghome.vn\/thiet-bi\/wp-content\/uploads\/2024\/04\/may-nuoc-nong-stiebel-eltron-ddh-6-ec-8.jpg 1200w, https:\/\/livinghome.vn\/thiet-bi\/wp-content\/uploads\/2024\/04\/may-nuoc-nong-stiebel-eltron-ddh-6-ec-8-600x400.jpg 600w, https:\/\/livinghome.vn\/thiet-bi\/wp-content\/uploads\/2024\/04\/may-nuoc-nong-stiebel-eltron-ddh-6-ec-8-768x512.jpg 768w\" sizes=\"auto, (max-width: 1200px) 100vw, 1200px\" \/><\/p>\n<div>V\u1ecf ngo\u00e0i c\u1ee7a m\u00e1y \u0111\u01b0\u1ee3c l\u00e0m t\u1eeb nh\u1ef1a ABS cao c\u1ea5p, b\u1ec1n v\u00e0 ch\u1eafc ch\u1eafn, c\u00f3 kh\u1ea3 n\u0103ng ch\u1ecbu va \u0111\u1eadp v\u00e0 c\u00e1ch \u0111i\u1ec7n t\u1ed1t. Nh\u1ef1a n\u00e0y c\u00f3 \u0111\u1ed9 d\u00e0y cao, kh\u00f3 b\u1ecb n\u1ee9t v\u1ee1 v\u00e0 \u00edt b\u00e1m b\u1ee5i b\u1ea9n. L\u1edbp v\u1ecf n\u00e0y c\u0169ng \u0111\u01b0\u1ee3c thi\u1ebft k\u1ebf \u0111\u1ec3 ch\u1ed1ng th\u1ea5m n\u01b0\u1edbc, gi\u00fap b\u1ea3o v\u1ec7 c\u00e1c th\u00e0nh ph\u1ea7n \u0111i\u1ec7n t\u1eed b\u00ean trong m\u00e1y kh\u1ecfi t\u00e1c \u0111\u1ed9ng c\u1ee7a n\u01b0\u1edbc trong qu\u00e1 tr\u00ecnh s\u1eed d\u1ee5ng.<\/div>\n<h3><img loading=\"lazy\" decoding=\"async\" class=\"alignnone size-full wp-image-20597\" src=\"https:\/\/livinghome.vn\/thiet-bi\/wp-content\/uploads\/2024\/04\/may-nuoc-nong-stiebel-eltron-ddh-6-ec-9.jpg\" alt=\"\" width=\"1200\" height=\"800\" title=\"\" srcset=\"https:\/\/livinghome.vn\/thiet-bi\/wp-content\/uploads\/2024\/04\/may-nuoc-nong-stiebel-eltron-ddh-6-ec-9.jpg 1200w, https:\/\/livinghome.vn\/thiet-bi\/wp-content\/uploads\/2024\/04\/may-nuoc-nong-stiebel-eltron-ddh-6-ec-9-600x400.jpg 600w, https:\/\/livinghome.vn\/thiet-bi\/wp-content\/uploads\/2024\/04\/may-nuoc-nong-stiebel-eltron-ddh-6-ec-9-768x512.jpg 768w\" sizes=\"auto, (max-width: 1200px) 100vw, 1200px\" \/><\/h3>\n<p>V\u1ecf m\u00e1y \u0111\u01b0\u1ee3c thi\u1ebft k\u1ebf \u0111\u1ec3 ng\u0103n ch\u1eb7n v\u1eadt r\u1eafn c\u00f3 \u0111\u01b0\u1eddng k\u00ednh l\u1edbn h\u01a1n 12.5 mm x\u00e2m nh\u1eadp v\u00e0 c\u00f3 kh\u1ea3 n\u0103ng ch\u1ed1ng th\u1ea5m n\u01b0\u1edbc hi\u1ec7u qu\u1ea3. V\u1ecf m\u00e1y n\u00e0y c\u00f3 th\u1ec3 ch\u1ecbu \u0111\u01b0\u1ee3c tia n\u01b0\u1edbc phun v\u1edbi \u00e1p su\u1ea5t th\u1ea5p trong \u00edt nh\u1ea5t 3 ph\u00fat m\u00e0 kh\u00f4ng b\u1ecb \u1ea3nh h\u01b0\u1edfng.<\/p>\n<h3>T\u00ednh n\u0103ng an to\u00e0n cao<\/h3>\n<ul>\n<li>\n<div><strong>C\u1ea7u dao ch\u1ed1ng r\u00f2 \u0111i\u1ec7n ELCB<\/strong>: M\u00e1y s\u1ebd t\u1ef1 \u0111\u1ed9ng ng\u1eaft \u0111i\u1ec7n ngay khi ph\u00e1t hi\u1ec7n s\u1ef1 c\u1ed1 r\u00f2 r\u1ec9 \u0111i\u1ec7n, gi\u00fap ph\u00f2ng ng\u1eeba ch\u00e1y n\u1ed5 v\u00e0 ch\u1eadp \u0111i\u1ec7n, \u0111\u1ea3m b\u1ea3o an to\u00e0n cho ng\u01b0\u1eddi s\u1eed d\u1ee5ng.<\/div>\n<div><\/div>\n<\/li>\n<li>\n<div><strong>B\u1ed9 \u1ed5n \u0111\u1ecbnh nhi\u1ec7t k\u00e9p:<\/strong> Thi\u1ebft b\u1ecb n\u00e0y ki\u1ec3m so\u00e1t nhi\u1ec7t \u0111\u1ed9 n\u01b0\u1edbc n\u00f3ng v\u00e0 t\u1ef1 \u0111\u1ed9ng ng\u1eaft qu\u00e1 tr\u00ecnh l\u00e0m n\u00f3ng khi nhi\u1ec7t \u0111\u1ed9 n\u01b0\u1edbc v\u01b0\u1ee3t qu\u00e1 gi\u1edbi h\u1ea1n an to\u00e0n, gi\u1ea3m nguy c\u01a1 b\u1ecfng ho\u1eb7c g\u00e2y n\u00f3ng cho ng\u01b0\u1eddi d\u00f9ng.<\/div>\n<div><\/div>\n<\/li>\n<li>\n<div><strong>B\u1ea3ng m\u1ea1ch \u0111i\u1ec7n t\u1eed ch\u1ed1ng ch\u00e1y:<\/strong> N\u00e2ng cao m\u1ee9c \u0111\u1ed9 an to\u00e0n khi s\u1eed d\u1ee5ng m\u00e1y n\u01b0\u1edbc n\u00f3ng Stiebel Eltron, b\u1ea3o v\u1ec7 gia \u0111\u00ecnh b\u1ea1n m\u1ed9t c\u00e1ch t\u1ed1i \u01b0u.<\/div>\n<div><\/div>\n<\/li>\n<li>\n<div><strong>C\u1ea3m bi\u1ebfn l\u01b0u l\u01b0\u1ee3ng n\u01b0\u1edbc<\/strong>: B\u1ea3o v\u1ec7 thi\u1ebft b\u1ecb kh\u1ecfi t\u00ecnh tr\u1ea1ng qu\u00e1 t\u1ea3i do l\u01b0u l\u01b0\u1ee3ng n\u01b0\u1edbc y\u1ebfu, gi\u00fap m\u00e1y ho\u1ea1t \u0111\u1ed9ng b\u1ec1n b\u1ec9 v\u00e0 \u1ed5n \u0111\u1ecbnh h\u01a1n.<\/div>\n<\/li>\n<\/ul>\n<p>M\u00e1y n\u01b0\u1edbc n\u00f3ng c\u00f3 thi\u1ebft k\u1ebf m\u00e0u x\u00e1m sang tr\u1ecdng v\u00e0 k\u00edch th\u01b0\u1edbc nh\u1ecf g\u1ecdn, d\u1ec5 d\u00e0ng l\u1eafp \u0111\u1eb7t treo t\u01b0\u1eddng \u0111\u1ec3 ti\u1ebft ki\u1ec7m kh\u00f4ng gian trong ph\u00f2ng t\u1eafm c\u1ee7a gia \u0111\u00ecnh.<\/p>\n<p class=\"_ilcss1_\"><img loading=\"lazy\" decoding=\"async\" class=\"alignnone size-full wp-image-20606\" src=\"https:\/\/livinghome.vn\/thiet-bi\/wp-content\/uploads\/2024\/04\/may-nuoc-nong-stiebel-eltron-ddh-6-ec-10.jpg\" alt=\"\" width=\"1200\" height=\"800\" title=\"\" srcset=\"https:\/\/livinghome.vn\/thiet-bi\/wp-content\/uploads\/2024\/04\/may-nuoc-nong-stiebel-eltron-ddh-6-ec-10.jpg 1200w, https:\/\/livinghome.vn\/thiet-bi\/wp-content\/uploads\/2024\/04\/may-nuoc-nong-stiebel-eltron-ddh-6-ec-10-600x400.jpg 600w, https:\/\/livinghome.vn\/thiet-bi\/wp-content\/uploads\/2024\/04\/may-nuoc-nong-stiebel-eltron-ddh-6-ec-10-768x512.jpg 768w\" sizes=\"auto, (max-width: 1200px) 100vw, 1200px\" \/><\/p>\n<p>B\u00ecnh n\u00f3ng l\u1ea1nh tr\u1ef1c ti\u1ebfp cung c\u1ea5p n\u01b0\u1edbc n\u00f3ng nhanh ch\u00f3ng v\u00e0 li\u00ean t\u1ee5c cho nhi\u1ec1u \u0111i\u1ec3m s\u1eed d\u1ee5ng kh\u00e1c nhau nh\u01b0 v\u00f2i sen, v\u00f2i r\u1eeda tay, b\u1ed3n t\u1eafm v\u00e0 lavabo, gi\u00fap ti\u1ebft ki\u1ec7m kh\u00f4ng gian cho gia \u0111\u00ecnh.<\/p>\n<p>M\u00e1y n\u01b0\u1edbc n\u00f3ng \u0111\u01b0\u1ee3c trang b\u1ecb n\u00fam xoay d\u1ec5 d\u00e0ng \u0111i\u1ec1u ch\u1ec9nh nhi\u1ec7t \u0111\u1ed9 v\u1edbi ba m\u1ee9c: 40\u00b0C, 50\u00b0C, v\u00e0 55\u00b0C gi\u00fap ng\u01b0\u1eddi s\u1eed d\u1ee5ng linh ho\u1ea1t \u0111i\u1ec1u ch\u1ec9nh \u0111\u1ed9 n\u00f3ng theo nhu c\u1ea7u s\u1eed d\u1ee5ng.<\/p>\n<p class=\"_ilcss1_\"><img loading=\"lazy\" decoding=\"async\" class=\"alignnone size-full wp-image-20605\" src=\"https:\/\/livinghome.vn\/thiet-bi\/wp-content\/uploads\/2024\/04\/may-nuoc-nong-stiebel-eltron-ddh-6-ec-11.jpg\" alt=\"\" width=\"1200\" height=\"800\" title=\"\" srcset=\"https:\/\/livinghome.vn\/thiet-bi\/wp-content\/uploads\/2024\/04\/may-nuoc-nong-stiebel-eltron-ddh-6-ec-11.jpg 1200w, https:\/\/livinghome.vn\/thiet-bi\/wp-content\/uploads\/2024\/04\/may-nuoc-nong-stiebel-eltron-ddh-6-ec-11-600x400.jpg 600w, https:\/\/livinghome.vn\/thiet-bi\/wp-content\/uploads\/2024\/04\/may-nuoc-nong-stiebel-eltron-ddh-6-ec-11-768x512.jpg 768w\" sizes=\"auto, (max-width: 1200px) 100vw, 1200px\" \/><\/p>\n<div>M\u00e1y n\u01b0\u1edbc n\u00f3ng Stiebel Eltron DDH 6 EC s\u1eed d\u1ee5ng c\u01a1 ch\u1ebf l\u00e0m n\u00f3ng tr\u1ef1c ti\u1ebfp, cho ph\u00e9p b\u1ea1n c\u00f3 ngay n\u01b0\u1edbc n\u00f3ng m\u00e0 kh\u00f4ng c\u1ea7n ch\u1edd \u0111\u1ee3i ch\u1ec9 b\u1eb1ng m\u1ed9t thao t\u00e1c nh\u1ea5n n\u00fat, r\u1ea5t ti\u1ec7n l\u1ee3i cho vi\u1ec7c t\u1eafm r\u1eeda.<\/div>\n<div>Thi\u1ebft b\u1ecb n\u00e0y c\u00f3 kh\u1ea3 n\u0103ng l\u00e0m n\u00f3ng n\u01b0\u1edbc l\u00ean t\u1edbi 55 \u0111\u1ed9 C, r\u1ea5t ph\u00f9 h\u1ee3p cho nh\u1eefng khu v\u1ef1c \u1edf mi\u1ec1n Nam ho\u1eb7c c\u00e1c \u0111\u1ecba \u0111i\u1ec3m c\u00f3 nhi\u1ec7t \u0111\u1ed9 tr\u00ean 20 \u0111\u1ed9 C.<\/div>\n<div>V\u1edbi c\u00f4ng su\u1ea5t l\u1edbn 6000W, m\u00e1y c\u00f3 th\u1ec3 cung c\u1ea5p n\u01b0\u1edbc n\u00f3ng li\u00ean t\u1ee5c v\u00e0 nhanh ch\u00f3ng cho nhi\u1ec1u \u0111i\u1ec3m s\u1eed d\u1ee5ng kh\u00e1c nhau trong nh\u00e0, h\u1ed7 tr\u1ee3 \u00e1p l\u1ef1c n\u01b0\u1edbc l\u00ean \u0111\u1ebfn 1 Mpa.<\/div>\n<p>Khi s\u1eed d\u1ee5ng, m\u00e1y n\u01b0\u1edbc n\u00f3ng t\u1ecfa ra s\u00f3ng \u0111i\u1ec7n t\u1eeb \u1edf m\u1ee9c th\u1ea5p, \u0111\u1ea3m b\u1ea3o ho\u1ea1t \u0111\u1ed9ng ch\u00ednh x\u00e1c theo c\u00e1c th\u00f4ng s\u1ed1 k\u1ef9 thu\u1eadt. \u0110i\u1ec1u n\u00e0y gi\u00fap \u0111\u1ea3m b\u1ea3o an to\u00e0n cho ng\u01b0\u1eddi s\u1eed d\u1ee5ng v\u00e0 tr\u00e1nh sai l\u1ec7ch trong ho\u1ea1t \u0111\u1ed9ng c\u1ee7a s\u1ea3n ph\u1ea9m.<\/p>\n<p><strong>L\u01b0u \u00fd:<\/strong> H\u00ecnh \u1ea3nh s\u1ea3n ph\u1ea9m ch\u1ec9 c\u00f3 t\u00ednh ch\u1ea5t minh h\u1ecda<\/p>\n","protected":false},"excerpt":{"rendered":"<p>C\u00f4ng su\u1ea5t: 6.000W<\/p>\n<p>Chu\u1ea9n ch\u1ed1ng n\u01b0\u1edbc: IP25<\/p>\n<p>Ch\u1ed1ng gi\u1eadt ELCB: C\u00f3<\/p>\n<p>\u00c1p l\u1ef1c: T\u1ed1i thi\u1ec3u &#8211; t\u1ed1i \u0111a\u00a0(0.02 Mpa &#8211; 1 Mpa)<\/p>\n<p>B\u01a1m tr\u1ee3 l\u1ef1c: Kh\u00f4ng<\/p>\n<p>Nhi\u1ec7t \u0111\u1ed9 t\u1ed1i \u0111aP: 55 \u0111\u1ed9 C<\/p>\n<p>T\u00f9y ch\u1ec9nh nhi\u1ec7t \u0111\u1ed9: 3 m\u1ee9c<\/p>\n<p>N\u00fat \u0111i\u1ec1u ch\u1ec9nh: N\u00fam v\u1eb7n<\/p>\n<p>Ch\u1ea5t li\u1ec7u v\u1ecf: Nh\u1ef1a ABS<\/p>\n<p>Ngu\u1ed3n \u0111i\u1ec7n \u00e1p: 220V &#8211; 240V \/ 50Hz &#8211; 60Hz<\/p>\n<p>K\u00edch th\u01b0\u1edbc: Cao x r\u1ed9ng x s\u00e2u\u00a0(19.8cm x 23.6cm x 11.5cm)<\/p>\n<p>Tr\u1ecdng l\u01b0\u1ee3ng s\u1ea3n ph\u1ea9m: 1,7kg<\/p>\n<p>Xu\u1ea5t x\u1ee9 th\u01b0\u01a1ng hi\u1ec7u \u0110\u1ee9c<\/p>\n<p>S\u1ea3n xu\u1ea5t t\u1ea1i: Th\u00e1i Lan<\/p>\n<p>B\u1ea3o h\u00e0nh: 24 th\u00e1ng<\/p>\n<p>&nbsp;<\/p>\n","protected":false},"featured_media":21214,"comment_status":"open","ping_status":"closed","template":"","meta":[],"product_brand":[],"product_cat":[540,1986,1979,1987,1937],"product_tag":[1980,2005,1993,2004,1936],"class_list":{"0":"post-20594","1":"product","2":"type-product","3":"status-publish","4":"has-post-thumbnail","6":"product_cat-may-nong-lanh","7":"product_cat-may-nong-lanh-stiebel-eltron","8":"product_cat-may-nuoc-nong","9":"product_cat-may-nuoc-nong-stiebel-eltron","10":"product_cat-thuong-hieu-stiebel-eltron","11":"product_tag-may-nuoc-nong","12":"product_tag-may-nuoc-nong-da-diem","13":"product_tag-may-nuoc-nong-stiebel-eltron","14":"product_tag-may-nuoc-nong-truc-tiep","15":"product_tag-stiebel-eltron","17":"first","18":"instock","19":"sale","20":"shipping-taxable","21":"purchasable","22":"product-type-simple"},"_links":{"self":[{"href":"https:\/\/livinghome.vn\/thiet-bi\/wp-json\/wp\/v2\/product\/20594","targetHints":{"allow":["GET"]}}],"collection":[{"href":"https:\/\/livinghome.vn\/thiet-bi\/wp-json\/wp\/v2\/product"}],"about":[{"href":"https:\/\/livinghome.vn\/thiet-bi\/wp-json\/wp\/v2\/types\/product"}],"replies":[{"embeddable":true,"href":"https:\/\/livinghome.vn\/thiet-bi\/wp-json\/wp\/v2\/comments?post=20594"}],"wp:featuredmedia":[{"embeddable":true,"href":"https:\/\/livinghome.vn\/thiet-bi\/wp-json\/wp\/v2\/media\/21214"}],"wp:attachment":[{"href":"https:\/\/livinghome.vn\/thiet-bi\/wp-json\/wp\/v2\/media?parent=20594"}],"wp:term":[{"taxonomy":"product_brand","embeddable":true,"href":"https:\/\/livinghome.vn\/thiet-bi\/wp-json\/wp\/v2\/product_brand?post=20594"},{"taxonomy":"product_cat","embeddable":true,"href":"https:\/\/livinghome.vn\/thiet-bi\/wp-json\/wp\/v2\/product_cat?post=20594"},{"taxonomy":"product_tag","embeddable":true,"href":"https:\/\/livinghome.vn\/thiet-bi\/wp-json\/wp\/v2\/product_tag?post=20594"}],"curies":[{"name":"wp","href":"https:\/\/api.w.org\/{rel}","templated":true}]}}