{"id":20558,"date":"2024-04-16T15:48:37","date_gmt":"2024-04-16T08:48:37","guid":{"rendered":"https:\/\/livinghome.vn\/thiet-bi\/?post_type=product&#038;p=20558"},"modified":"2024-11-29T14:18:59","modified_gmt":"2024-11-29T07:18:59","slug":"loi-loc-nuoc-stiebel-eltron-silver-gac-mineral-balls-13-inch","status":"publish","type":"product","link":"https:\/\/livinghome.vn\/thiet-bi\/loi-loc-nuoc-stiebel-eltron-silver-gac-mineral-balls-13-inch\/","title":{"rendered":"L\u00f5i l\u1ecdc n\u01b0\u1edbc Stiebel Eltron Silver Gac Mineral balls 13 inch"},"content":{"rendered":"<h2>Gi\u1edbi thi\u1ec7u v\u1ec1 l\u00f5i l\u1ecdc n\u01b0\u1edbc Stiebel Eltron Silver Gac Mineral balls 13 inch<\/h2>\n<ul>\n<li>L\u00f5i l\u1ecdc n\u01b0\u1edbc h\u1ea1t than ho\u1ea1t t\u00ednh ion \u0111\u00e1 b\u1ea1c kho\u00e1ng Stiebel Eltron \u0111\u01b0\u1ee3c thi\u1ebft k\u1ebf cho m\u00e1y l\u1ecdc n\u01b0\u1edbc u\u1ed1ng Stiebel Eltron Stream 5S v\u00e0 c\u1ea7n thay sau 8 th\u00e1ng s\u1eed d\u1ee5ng.<\/li>\n<li>L\u00f5i l\u1ecdc c\u00f3 chi\u1ec1u d\u00e0i 13-inch v\u00e0 \u0111\u01b0\u1ee3c trang b\u1ecb h\u1ec7 th\u1ed1ng \u0111\u1ea9y v\u00e0 nh\u1ea5n \u0111\u1ec3 thay b\u1ed9 l\u1ecdc d\u1ec5 d\u00e0ng. L\u00f5i l\u1ecdc \u0111\u01b0\u1ee3c b\u1ecdc k\u00edn \u0111\u1ec3 \u0111\u1ea3m b\u1ea3o v\u1ec7 sinh.<\/li>\n<li>S\u1eed d\u1ee5ng b\u1ed9t carbon cao c\u1ea5p gi\u00fap c\u1ea3i thi\u1ec7n m\u00f9i v\u1ecb c\u1ee7a n\u01b0\u1edbc trong giai \u0111o\u1ea1n cu\u1ed1i c\u1ee7a qu\u00e1 tr\u00ecnh l\u1ecdc. Ion b\u1ea1c kh\u00e1ng khu\u1ea9n mang l\u1ea1i kh\u1ea3 n\u0103ng b\u1ea3o v\u1ec7 k\u00e9p cho b\u1ed9 l\u1ecdc n\u01b0\u1edbc.<\/li>\n<li>V\u1eadt li\u1ec7u l\u1ecdc \u0111\u01b0\u1ee3c l\u00e0m t\u1eeb v\u1ecf d\u1eeba, mang l\u1ea1i hi\u1ec7u su\u1ea5t l\u1ecdc cao. B\u1ed9t carbon kh\u00e1ng khu\u1ea9n ng\u0103n ng\u1eeba s\u1ef1 x\u00e2m nh\u1eadp c\u1ee7a c\u00e1c ch\u1ea5t g\u00e2y \u00f4 nhi\u1ec5m v\u00e0 duy tr\u00ec l\u00f5i l\u1ecdc trong t\u00ecnh tr\u1ea1ng m\u1edbi.<\/li>\n<li>H\u1ea1t g\u1ed1m kho\u00e1ng gi\u00fap kh\u1eed c\u00e1c ch\u1ea5t oxy h\u00f3a (ORP), gi\u1ea3m gi\u00e1 tr\u1ecb ORP, ch\u1ed1ng oxy h\u00f3a n\u01b0\u1edbc \u0111\u1ec3 t\u0103ng c\u01b0\u1eddng qu\u00e1 tr\u00ecnh trao \u0111\u1ed5i ch\u1ea5t t\u1ef1 nhi\u00ean c\u1ee7a c\u01a1 th\u1ec3.<\/li>\n<\/ul>\n<figure id=\"attachment_20559\" aria-describedby=\"caption-attachment-20559\" style=\"width: 900px\" class=\"wp-caption aligncenter\"><img loading=\"lazy\" decoding=\"async\" class=\"size-full wp-image-20559\" src=\"https:\/\/livinghome.vn\/thiet-bi\/wp-content\/uploads\/2024\/04\/loi-loc-nuoc-stiebel-eltron-silver-gac-mineral-balls-13-inch-1.jpg\" alt=\"L\u00f5i l\u1ecdc n\u01b0\u1edbc Stiebel Eltron Silver Gac Mineral balls 13 inch\" width=\"900\" height=\"900\" title=\"\"><figcaption id=\"caption-attachment-20559\" class=\"wp-caption-text\">L\u00f5i l\u1ecdc n\u01b0\u1edbc Stiebel Eltron Silver Gac Mineral balls 13 inch<\/figcaption><\/figure>\n","protected":false},"excerpt":{"rendered":"<ul>\n<li>S\u1eed d\u1ee5ng cho: Stiebel Eltron Stream 5S<\/li>\n<li>Tu\u1ed5i th\u1ecd l\u00f5i l\u1ecdc: 8 th\u00e1ng<\/li>\n<li>Chi\u1ec1u d\u00e0i: 13 inch<\/li>\n<li>Th\u1ee9 t\u1ef1 l\u00f5i l\u1ecdc: L\u00f5i l\u1ecdc s\u1ed1 4<\/li>\n<li>Th\u01b0\u01a1ng hi\u1ec7u c\u1ee7a: \u0110\u1ee9c<\/li>\n<li>S\u1ea3n xu\u1ea5t t\u1ea1i: H\u00e0n Qu\u1ed1c<\/li>\n<\/ul>\n","protected":false},"featured_media":21189,"comment_status":"open","ping_status":"closed","template":"","meta":[],"product_brand":[],"product_cat":[1974,1975,1937],"product_tag":[419,1982],"class_list":{"0":"post-20558","1":"product","2":"type-product","3":"status-publish","4":"has-post-thumbnail","6":"product_cat-loi-loc-nuoc","7":"product_cat-loi-loc-nuoc-stiebel-eltron","8":"product_cat-thuong-hieu-stiebel-eltron","9":"product_tag-loi-loc-nuoc","10":"product_tag-loi-loc-nuoc-stiebel-eltron","12":"first","13":"instock","14":"sale","15":"shipping-taxable","16":"purchasable","17":"product-type-simple"},"_links":{"self":[{"href":"https:\/\/livinghome.vn\/thiet-bi\/wp-json\/wp\/v2\/product\/20558","targetHints":{"allow":["GET"]}}],"collection":[{"href":"https:\/\/livinghome.vn\/thiet-bi\/wp-json\/wp\/v2\/product"}],"about":[{"href":"https:\/\/livinghome.vn\/thiet-bi\/wp-json\/wp\/v2\/types\/product"}],"replies":[{"embeddable":true,"href":"https:\/\/livinghome.vn\/thiet-bi\/wp-json\/wp\/v2\/comments?post=20558"}],"wp:featuredmedia":[{"embeddable":true,"href":"https:\/\/livinghome.vn\/thiet-bi\/wp-json\/wp\/v2\/media\/21189"}],"wp:attachment":[{"href":"https:\/\/livinghome.vn\/thiet-bi\/wp-json\/wp\/v2\/media?parent=20558"}],"wp:term":[{"taxonomy":"product_brand","embeddable":true,"href":"https:\/\/livinghome.vn\/thiet-bi\/wp-json\/wp\/v2\/product_brand?post=20558"},{"taxonomy":"product_cat","embeddable":true,"href":"https:\/\/livinghome.vn\/thiet-bi\/wp-json\/wp\/v2\/product_cat?post=20558"},{"taxonomy":"product_tag","embeddable":true,"href":"https:\/\/livinghome.vn\/thiet-bi\/wp-json\/wp\/v2\/product_tag?post=20558"}],"curies":[{"name":"wp","href":"https:\/\/api.w.org\/{rel}","templated":true}]}}