{"id":20556,"date":"2024-04-16T15:21:15","date_gmt":"2024-04-16T08:21:15","guid":{"rendered":"https:\/\/livinghome.vn\/thiet-bi\/?post_type=product&#038;p=20556"},"modified":"2024-11-29T14:18:59","modified_gmt":"2024-11-29T07:18:59","slug":"may-nuoc-nong-truc-tiep-stiebel-eltron-xgl-45-ec","status":"publish","type":"product","link":"https:\/\/livinghome.vn\/thiet-bi\/may-nuoc-nong-truc-tiep-stiebel-eltron-xgl-45-ec\/","title":{"rendered":"M\u00e1y N\u01b0\u1edbc N\u00f3ng Tr\u1ef1c Ti\u1ebfp Stiebel Eltron XGL 45 EC"},"content":{"rendered":"<h2 class=\"serp-title\">Stiebel Eltron XGL 45 EC &#8211; Nh\u1eadp Kh\u1ea9u Th\u00e1i Lan<\/h2>\n<p>M\u00e1y n\u01b0\u1edbc n\u00f3ng tr\u1ef1c ti\u1ebfp Stiebel Eltron XGL 45 EC l\u00e0 s\u1ea3n ph\u1ea9m l\u00fd t\u01b0\u1edfng cho nh\u1eefng ai \u0111ang t\u00ecm ki\u1ebfm m\u1ed9t thi\u1ebft b\u1ecb l\u00e0m n\u00f3ng n\u01b0\u1edbc an to\u00e0n, ti\u1ec7n l\u1ee3i v\u00e0 hi\u1ec7u qu\u1ea3. V\u1edbi thi\u1ebft k\u1ebf hi\u1ec7n \u0111\u1ea1i, ki\u1ec3u d\u00e1ng g\u1ecdn \u0111\u1eb9p c\u00f9ng c\u00f4ng su\u1ea5t m\u1ea1nh m\u1ebd 4500W, m\u00e1y c\u00f3 th\u1ec3 \u0111\u00e1p \u1ee9ng nhu c\u1ea7u s\u1eed d\u1ee5ng n\u01b0\u1edbc n\u00f3ng c\u1ee7a gia \u0111\u00ecnh b\u1ea1n m\u1ed9t c\u00e1ch nhanh ch\u00f3ng v\u00e0 ti\u1ebft ki\u1ec7m.<\/p>\n<h2 data-sourcepos=\"1:1-1:32\">Thi\u1ebft k\u1ebf sang tr\u1ecdng, hi\u1ec7n \u0111\u1ea1i<\/h2>\n<p data-sourcepos=\"3:1-3:309\">M\u00e1y n\u01b0\u1edbc n\u00f3ng tr\u1ef1c ti\u1ebfp Stiebel Eltron 4500W XGL 45 EC s\u1edf h\u1eefu thi\u1ebft k\u1ebf hi\u1ec7n \u0111\u1ea1i, sang tr\u1ecdng v\u1edbi ki\u1ec3u d\u00e1ng h\u00ecnh ch\u1eef nh\u1eadt m\u1ea1nh m\u1ebd v\u00e0 gam m\u00e0u tr\u1eafng thanh l\u1ecbch. Ki\u1ec3u d\u00e1ng n\u00e0y kh\u00f4ng ch\u1ec9 gi\u00fap l\u00e0m n\u1ed5i b\u1eadt kh\u00f4ng gian ph\u00f2ng t\u1eafm m\u00e0 c\u00f2n d\u1ec5 d\u00e0ng ph\u1ed1i h\u1ee3p v\u1edbi c\u00e1c n\u1ed9i th\u1ea5t kh\u00e1c, t\u1ea1o n\u00ean s\u1ef1 h\u00e0i h\u00f2a cho t\u1ed5ng th\u1ec3 kh\u00f4ng gian.<\/p>\n<h2 data-sourcepos=\"5:1-5:47\">Ch\u1ea5t li\u1ec7u cao c\u1ea5p, an to\u00e0n cho ng\u01b0\u1eddi s\u1eed d\u1ee5ng<\/h2>\n<p data-sourcepos=\"7:1-7:450\">V\u1ecf ngo\u00e0i m\u00e1y \u0111\u01b0\u1ee3c l\u00e0m t\u1eeb nh\u1ef1a ABS cao c\u1ea5p, c\u00f3 kh\u1ea3 n\u0103ng c\u00e1ch nhi\u1ec7t v\u00e0 ch\u1ed1ng ch\u00e1y t\u1ed1t, \u0111\u1ea3m b\u1ea3o an to\u00e0n cho ng\u01b0\u1eddi s\u1eed d\u1ee5ng trong qu\u00e1 tr\u00ecnh s\u1eed d\u1ee5ng. V\u00f2i sen v\u00e0 gi\u00e1 \u0111\u1ee1 v\u00f2i sen c\u0169ng \u0111\u01b0\u1ee3c l\u00e0m t\u1eeb ch\u1ea5t li\u1ec7u nh\u1ef1a ABS m\u1ea1 Crom cao c\u1ea5p, s\u00e1ng b\u00f3ng v\u00e0 b\u1ec1n b\u1ec9 theo th\u1eddi gian. B\u00ean c\u1ea1nh \u0111\u00f3, v\u1ecf m\u00e1y c\u00f2n \u0111\u1ea1t chu\u1ea9n ch\u1ed1ng th\u1ea5m n\u01b0\u1edbc IP25, gi\u00fap b\u1ea3o v\u1ec7 c\u00e1c linh ki\u1ec7n b\u00ean trong kh\u1ecfi s\u1ef1 x\u00e2m nh\u1eadp c\u1ee7a n\u01b0\u1edbc, \u0111\u1ea3m b\u1ea3o an to\u00e0n cho ng\u01b0\u1eddi s\u1eed d\u1ee5ng trong m\u00f4i tr\u01b0\u1eddng \u1ea9m \u01b0\u1edbt c\u1ee7a ph\u00f2ng t\u1eafm.<\/p>\n<h2 data-sourcepos=\"9:1-9:43\">H\u1ec7 th\u1ed1ng \u0111i\u1ec1u khi\u1ec3n \u0111\u01a1n gi\u1ea3n, d\u1ec5 s\u1eed d\u1ee5ng<\/h2>\n<p data-sourcepos=\"11:1-11:386\">M\u00e1y n\u01b0\u1edbc n\u00f3ng tr\u1ef1c ti\u1ebfp Stiebel Eltron 4500W XGL 45 EC \u0111\u01b0\u1ee3c trang b\u1ecb b\u1ea3ng \u0111i\u1ec1u khi\u1ec3n d\u1ea1ng n\u00fam xoay v\u1edbi thao t\u00e1c \u0111\u01a1n gi\u1ea3n, d\u1ec5 d\u00e0ng \u0111i\u1ec1u ch\u1ec9nh nhi\u1ec7t \u0111\u1ed9 n\u01b0\u1edbc n\u00f3ng theo nhu c\u1ea7u s\u1eed d\u1ee5ng. M\u00e0n h\u00ecnh hi\u1ec3n th\u1ecb nhi\u1ec7t \u0111\u1ed9 s\u1eafc n\u00e9t gi\u00fap b\u1ea1n theo d\u00f5i m\u1ee9c nhi\u1ec7t \u0111\u1ed9 m\u1ed9t c\u00e1ch ch\u00ednh x\u00e1c. Nh\u1edd v\u1eady, b\u1ea1n c\u00f3 th\u1ec3 d\u1ec5 d\u00e0ng \u0111i\u1ec1u ch\u1ec9nh nhi\u1ec7t \u0111\u1ed9 ph\u00f9 h\u1ee3p v\u1edbi nhu c\u1ea7u s\u1eed d\u1ee5ng c\u1ee7a m\u00ecnh m\u00e0 kh\u00f4ng g\u1eb7p b\u1ea5t k\u1ef3 kh\u00f3 kh\u0103n n\u00e0o.<\/p>\n<p><img loading=\"lazy\" decoding=\"async\" class=\"alignnone size-full wp-image-20572\" src=\"https:\/\/livinghome.vn\/thiet-bi\/wp-content\/uploads\/2024\/04\/may-nuoc-nong-stiebel-eltron-xgl-45-ec-11.jpg\" alt=\"\" width=\"1200\" height=\"671\" title=\"\" srcset=\"https:\/\/livinghome.vn\/thiet-bi\/wp-content\/uploads\/2024\/04\/may-nuoc-nong-stiebel-eltron-xgl-45-ec-11.jpg 1200w, https:\/\/livinghome.vn\/thiet-bi\/wp-content\/uploads\/2024\/04\/may-nuoc-nong-stiebel-eltron-xgl-45-ec-11-715x400.jpg 715w, https:\/\/livinghome.vn\/thiet-bi\/wp-content\/uploads\/2024\/04\/may-nuoc-nong-stiebel-eltron-xgl-45-ec-11-768x429.jpg 768w, https:\/\/livinghome.vn\/thiet-bi\/wp-content\/uploads\/2024\/04\/may-nuoc-nong-stiebel-eltron-xgl-45-ec-11-600x336.jpg 600w\" sizes=\"auto, (max-width: 1200px) 100vw, 1200px\" \/><\/p>\n<h2 data-sourcepos=\"1:1-1:30\">Kh\u1ea3 n\u0103ng l\u00e0m n\u00f3ng v\u01b0\u1ee3t tr\u1ed9i<\/h2>\n<p data-sourcepos=\"3:1-3:322\">M\u00e1y n\u01b0\u1edbc n\u00f3ng tr\u1ef1c ti\u1ebfp Stiebel Eltron 4500W XGL 45 EC thu\u1ed9c d\u00f2ng m\u00e1y l\u00e0m n\u00f3ng n\u01b0\u1edbc tr\u1ef1c ti\u1ebfp, mang \u0111\u1ebfn kh\u1ea3 n\u0103ng l\u00e0m n\u00f3ng n\u01b0\u1edbc nhanh ch\u00f3ng, ti\u1ebft ki\u1ec7m th\u1eddi gian ch\u1edd \u0111\u1ee3i cho ng\u01b0\u1eddi s\u1eed d\u1ee5ng. Nh\u1edd v\u1eady, b\u1ea1n c\u00f3 th\u1ec3 t\u1eadn h\u01b0\u1edfng ngu\u1ed3n n\u01b0\u1edbc n\u00f3ng t\u1ee9c th\u00ec m\u00e0 kh\u00f4ng c\u1ea7n ph\u1ea3i m\u1ea5t nhi\u1ec1u th\u1eddi gian \u0111\u1ec3 ch\u1edd \u0111\u1ee3i nh\u01b0 c\u00e1c lo\u1ea1i m\u00e1y n\u01b0\u1edbc n\u00f3ng kh\u00e1c.<\/p>\n<p data-sourcepos=\"5:1-5:307\">S\u1ea3n ph\u1ea9m n\u00e0y \u0111\u01b0\u1ee3c \u0111\u00e1nh gi\u00e1 l\u00e0 l\u00fd t\u01b0\u1edfng \u0111\u1ec3 s\u1eed d\u1ee5ng \u1edf nh\u1eefng khu v\u1ef1c c\u00f3 kh\u00ed h\u1eadu \u1ea5m \u00e1p, \u0111\u1eb7c bi\u1ec7t l\u00e0 c\u00e1c t\u1ec9nh mi\u1ec1n Nam ho\u1eb7c nh\u1eefng n\u01a1i c\u00f3 nhi\u1ec7t \u0111\u1ed9 trung b\u00ecnh tr\u00ean 20\u00b0C. V\u1edbi c\u00f4ng su\u1ea5t m\u1ea1nh m\u1ebd l\u00ean \u0111\u1ebfn 4500W, m\u00e1y c\u00f3 th\u1ec3 l\u00e0m n\u00f3ng n\u01b0\u1edbc nhanh ch\u00f3ng, \u0111\u00e1p \u1ee9ng nhu c\u1ea7u s\u1eed d\u1ee5ng n\u01b0\u1edbc n\u00f3ng c\u1ee7a gia \u0111\u00ecnh b\u1ea1n m\u1ed9t c\u00e1ch hi\u1ec7u qu\u1ea3.<\/p>\n<p data-sourcepos=\"7:1-7:208\">B\u00ean c\u1ea1nh \u0111\u00f3, m\u00e1y c\u00f2n c\u00f3 kh\u1ea3 n\u0103ng l\u00e0m n\u00f3ng n\u01b0\u1edbc \u0111\u1ea1t \u0111\u1ebfn nhi\u1ec7t \u0111\u1ed9 t\u1ed1i \u0111a kho\u1ea3ng 55\u00b0C, \u0111\u1ea3m b\u1ea3o cung c\u1ea5p ngu\u1ed3n n\u01b0\u1edbc n\u00f3ng \u0111\u1ea7y \u0111\u1ee7 cho nhu c\u1ea7u sinh ho\u1ea1t h\u00e0ng ng\u00e0y c\u1ee7a b\u1ea1n, bao g\u1ed3m t\u1eafm r\u1eeda, gi\u1eb7t gi\u0169, r\u1eeda ch\u00e9n b\u00e1t,&#8230;<\/p>\n<p><img loading=\"lazy\" decoding=\"async\" class=\"alignnone size-full wp-image-20570\" src=\"https:\/\/livinghome.vn\/thiet-bi\/wp-content\/uploads\/2024\/04\/may-nuoc-nong-stiebel-eltron-xgl-45-ec-12.jpg\" alt=\"\" width=\"1200\" height=\"671\" title=\"\" srcset=\"https:\/\/livinghome.vn\/thiet-bi\/wp-content\/uploads\/2024\/04\/may-nuoc-nong-stiebel-eltron-xgl-45-ec-12.jpg 1200w, https:\/\/livinghome.vn\/thiet-bi\/wp-content\/uploads\/2024\/04\/may-nuoc-nong-stiebel-eltron-xgl-45-ec-12-715x400.jpg 715w, https:\/\/livinghome.vn\/thiet-bi\/wp-content\/uploads\/2024\/04\/may-nuoc-nong-stiebel-eltron-xgl-45-ec-12-768x429.jpg 768w, https:\/\/livinghome.vn\/thiet-bi\/wp-content\/uploads\/2024\/04\/may-nuoc-nong-stiebel-eltron-xgl-45-ec-12-600x336.jpg 600w\" sizes=\"auto, (max-width: 1200px) 100vw, 1200px\" \/><\/p>\n<h2>An to\u00e0n<\/h2>\n<p data-sourcepos=\"3:1-3:274\">M\u00e1y n\u01b0\u1edbc n\u00f3ng tr\u1ef1c ti\u1ebfp Stiebel Eltron 4500W XGL 45 EC \u0111\u01b0\u1ee3c \u0111\u00e1nh gi\u00e1 cao b\u1edfi h\u1ec7 th\u1ed1ng b\u1ea3o v\u1ec7 \u0111a chi\u1ec1u, \u0111\u1ea3m b\u1ea3o an to\u00e0n t\u1ed1i \u01b0u cho ng\u01b0\u1eddi s\u1eed d\u1ee5ng trong qu\u00e1 tr\u00ecnh s\u1eed d\u1ee5ng. Nh\u1edd v\u1eady, b\u1ea1n c\u00f3 th\u1ec3 ho\u00e0n to\u00e0n y\u00ean t\u00e2m t\u1eadn h\u01b0\u1edfng ngu\u1ed3n n\u01b0\u1edbc n\u00f3ng an to\u00e0n v\u00e0 ti\u1ec7n l\u1ee3i m\u00e0 s\u1ea3n ph\u1ea9m mang l\u1ea1i.<\/p>\n<p data-sourcepos=\"5:1-5:37\"><strong>H\u1ec7 th\u1ed1ng b\u1ea3o v\u1ec7 \u0111a chi\u1ec1u bao g\u1ed3m:<\/strong><\/p>\n<ul data-sourcepos=\"7:1-11:0\">\n<li data-sourcepos=\"7:1-7:153\"><strong>B\u1ed9 \u1ed5n \u0111\u1ecbnh nhi\u1ec7t k\u00e9p:<\/strong>\u00a0T\u1ef1 \u0111\u1ed9ng ng\u1eaft qu\u00e1 tr\u00ecnh l\u00e0m n\u00f3ng n\u01b0\u1edbc khi nhi\u1ec7t \u0111\u1ed9 n\u01b0\u1edbc \u0111\u1ea7u ra v\u01b0\u1ee3t qu\u00e1 m\u1ee9c quy \u0111\u1ecbnh, ng\u0103n ng\u1eeba nguy c\u01a1 b\u1ecfng do n\u01b0\u1edbc qu\u00e1 n\u00f3ng.<\/li>\n<li data-sourcepos=\"8:1-8:166\"><strong>C\u1ea7u dao ch\u1ed1ng r\u00f2 \u0111i\u1ec7n ELCB:<\/strong>\u00a0T\u1ef1 \u0111\u1ed9ng ng\u1eaft k\u1ebft n\u1ed1i thi\u1ebft b\u1ecb v\u1edbi ngu\u1ed3n \u0111i\u1ec7n khi ph\u00e1t hi\u1ec7n r\u00f2 r\u1ec9 \u0111i\u1ec7n, \u0111\u1ea3m b\u1ea3o an to\u00e0n cho ng\u01b0\u1eddi s\u1eed d\u1ee5ng v\u00e0 h\u1ec7 th\u1ed1ng \u0111i\u1ec7n trong nh\u00e0.<\/li>\n<li data-sourcepos=\"9:1-9:152\"><strong>C\u1ea3m bi\u1ebfn l\u01b0u l\u01b0\u1ee3ng n\u01b0\u1edbc:<\/strong>\u00a0\u0110\u1ea3m b\u1ea3o ngu\u1ed3n n\u01b0\u1edbc \u0111\u1ea7u v\u00e0o tr\u01b0\u1edbc khi b\u1ed9 ph\u1eadn l\u00e0m n\u00f3ng ho\u1ea1t \u0111\u1ed9ng, h\u1ea1n ch\u1ebf t\u00ecnh tr\u1ea1ng n\u01b0\u1edbc qu\u00e1 n\u00f3ng v\u00e0 ti\u1ebft ki\u1ec7m \u0111i\u1ec7n n\u0103ng.<\/li>\n<li data-sourcepos=\"10:1-11:0\"><strong>V\u1ecf m\u00e1y ch\u1ed1ng n\u01b0\u1edbc IP25:<\/strong>\u00a0Ng\u0103n b\u1ee5i b\u1ea9n x\u00e2m nh\u1eadp v\u00e0 ch\u1ed1ng th\u1ea5m hi\u1ec7u qu\u1ea3, b\u1ea3o v\u1ec7 m\u00e1y ho\u1ea1t \u0111\u1ed9ng b\u1ec1n b\u1ec9 trong m\u00f4i tr\u01b0\u1eddng \u1ea9m \u01b0\u1edbt c\u1ee7a ph\u00f2ng t\u1eafm.<\/li>\n<\/ul>\n<p><img loading=\"lazy\" decoding=\"async\" class=\"alignnone size-full wp-image-20571\" src=\"https:\/\/livinghome.vn\/thiet-bi\/wp-content\/uploads\/2024\/04\/may-nuoc-nong-stiebel-eltron-xgl-45-ec-13.jpg\" alt=\"\" width=\"1200\" height=\"671\" title=\"\" srcset=\"https:\/\/livinghome.vn\/thiet-bi\/wp-content\/uploads\/2024\/04\/may-nuoc-nong-stiebel-eltron-xgl-45-ec-13.jpg 1200w, https:\/\/livinghome.vn\/thiet-bi\/wp-content\/uploads\/2024\/04\/may-nuoc-nong-stiebel-eltron-xgl-45-ec-13-715x400.jpg 715w, https:\/\/livinghome.vn\/thiet-bi\/wp-content\/uploads\/2024\/04\/may-nuoc-nong-stiebel-eltron-xgl-45-ec-13-768x429.jpg 768w, https:\/\/livinghome.vn\/thiet-bi\/wp-content\/uploads\/2024\/04\/may-nuoc-nong-stiebel-eltron-xgl-45-ec-13-600x336.jpg 600w\" sizes=\"auto, (max-width: 1200px) 100vw, 1200px\" \/><\/p>\n<p data-sourcepos=\"3:1-3:225\">B\u00ean c\u1ea1nh nh\u1eefng t\u00ednh n\u0103ng n\u1ed5i b\u1eadt v\u1ec1 kh\u1ea3 n\u0103ng l\u00e0m n\u00f3ng v\u00e0 h\u1ec7 th\u1ed1ng b\u1ea3o v\u1ec7 \u0111a chi\u1ec1u, m\u00e1y n\u01b0\u1edbc n\u00f3ng tr\u1ef1c ti\u1ebfp Stiebel Eltron 4500W XGL 45 EC c\u00f2n \u0111\u01b0\u1ee3c trang b\u1ecb c\u00e1c ti\u1ec7n \u00edch \u0111i k\u00e8m gi\u00fap n\u00e2ng cao tr\u1ea3i nghi\u1ec7m s\u1eed d\u1ee5ng cho ng\u01b0\u1eddi d\u00f9ng:<\/p>\n<ul data-sourcepos=\"5:1-7:0\">\n<li data-sourcepos=\"5:1-5:241\"><strong>V\u00f2i sen 5 ch\u1ebf \u0111\u1ed9 phun:<\/strong>\u00a0Mang \u0111\u1ebfn s\u1ef1 \u0111a d\u1ea1ng trong vi\u1ec7c s\u1eed d\u1ee5ng, \u0111\u00e1p \u1ee9ng nhu c\u1ea7u c\u1ee7a m\u1ecdi th\u00e0nh vi\u00ean trong gia \u0111\u00ecnh. Ng\u01b0\u1eddi d\u00f9ng c\u00f3 th\u1ec3 l\u1ef1a ch\u1ecdn ch\u1ebf \u0111\u1ed9 phun ph\u00f9 h\u1ee3p v\u1edbi s\u1edf th\u00edch v\u00e0 m\u1ee5c \u0111\u00edch s\u1eed d\u1ee5ng, t\u1eeb massage th\u01b0 gi\u00e3n \u0111\u1ebfn t\u1eafm g\u1ed9i m\u1ea1nh m\u1ebd.<\/li>\n<li data-sourcepos=\"6:1-7:0\"><strong>T\u01b0\u01a1ng th\u00edch \u0111i\u1ec7n t\u1eeb EMC:<\/strong>\u00a0\u0110\u1ea3m b\u1ea3o thi\u1ebft b\u1ecb ho\u1ea1t \u0111\u1ed9ng ch\u00ednh x\u00e1c, h\u1ea1n ch\u1ebf g\u00e2y nhi\u1ec5u s\u00f3ng cho c\u00e1c thi\u1ebft b\u1ecb \u0111i\u1ec7n t\u1eed kh\u00e1c trong nh\u00e0, gi\u00fap ng\u01b0\u1eddi d\u00f9ng s\u1eed d\u1ee5ng an to\u00e0n v\u00e0 hi\u1ec7u qu\u1ea3.<\/li>\n<\/ul>\n<p><img loading=\"lazy\" decoding=\"async\" class=\"alignnone size-full wp-image-20569\" src=\"https:\/\/livinghome.vn\/thiet-bi\/wp-content\/uploads\/2024\/04\/may-nuoc-nong-stiebel-eltron-xgl-45-ec-14.jpg\" alt=\"\" width=\"1200\" height=\"671\" title=\"\" srcset=\"https:\/\/livinghome.vn\/thiet-bi\/wp-content\/uploads\/2024\/04\/may-nuoc-nong-stiebel-eltron-xgl-45-ec-14.jpg 1200w, https:\/\/livinghome.vn\/thiet-bi\/wp-content\/uploads\/2024\/04\/may-nuoc-nong-stiebel-eltron-xgl-45-ec-14-715x400.jpg 715w, https:\/\/livinghome.vn\/thiet-bi\/wp-content\/uploads\/2024\/04\/may-nuoc-nong-stiebel-eltron-xgl-45-ec-14-768x429.jpg 768w, https:\/\/livinghome.vn\/thiet-bi\/wp-content\/uploads\/2024\/04\/may-nuoc-nong-stiebel-eltron-xgl-45-ec-14-600x336.jpg 600w\" sizes=\"auto, (max-width: 1200px) 100vw, 1200px\" \/><\/p>\n<p><em>L\u01b0u \u00fd: H\u00ecnh \u1ea3nh ch\u1ec9 mang t\u00ednh ch\u1ea5t minh h\u1ecda<\/em><\/p>\n<p>&nbsp;<\/p>\n","protected":false},"excerpt":{"rendered":"<p>C\u00f4ng su\u1ea5t: 4.500W<\/p>\n<p>Chu\u1ea9n ch\u1ed1ng n\u01b0\u1edbc: IP25<\/p>\n<p>Ch\u1ed1ng gi\u1eadt ELCB: C\u00f3<\/p>\n<p>\u00c1p l\u1ef1c: T\u1ed1i thi\u1ec3u &#8211; T\u1ed1i \u0111a\u00a0(0.015 Mpa &#8211; 0.5 Mpa)<\/p>\n<p>M\u00e0n h\u00ecnh hi\u1ec3n th\u1ecb: LED<\/p>\n<p>B\u01a1m tr\u1ee3 l\u1ef1c: Kh\u00f4ng<\/p>\n<p>Ch\u1ebf \u0111\u1ed9 v\u00f2i sen: 5 ch\u1ebf \u0111\u1ed9 phun<\/p>\n<p>T\u00f9y ch\u1ec9nh nhi\u1ec7t \u0111\u1ed9: Nhi\u1ec1u m\u1ee9c \u0111\u1ed9<\/p>\n<p>N\u00fat \u0111i\u1ec1u ch\u1ec9nh: N\u00fam v\u1eb7n<\/p>\n<p>Ch\u1ea5t li\u1ec7u v\u00f2i sen: Nh\u1ef1a ABS<\/p>\n<p>Ch\u1ea5t li\u1ec7u v\u1ecf: Nh\u1ef1a ABS<\/p>\n<p>Ngu\u1ed3n \u0111i\u1ec7n \u00e1p: 220V &#8211; 240V \/ 50Hz &#8211; 60Hz<\/p>\n<p>K\u00edch th\u01b0\u1edbc: Cao x r\u1ed9ng x s\u00e2u\u00a0(34.2cm x 21.6cm x 8.3cm)<\/p>\n<p>Tr\u1ecdng l\u01b0\u1ee3ng s\u1ea3n ph\u1ea9m: 1,68kg<\/p>\n<p>Xu\u1ea5t x\u1ee9 th\u01b0\u01a1ng hi\u1ec7u: \u0110\u1ee9c<\/p>\n<p>S\u1ea3n xu\u1ea5t t\u1ea1i: Th\u00e1i Lan<\/p>\n<p>B\u1ea3o h\u00e0nh: 24 th\u00e1ng<\/p>\n<p>&nbsp;<\/p>\n","protected":false},"featured_media":21212,"comment_status":"open","ping_status":"closed","template":"","meta":[],"product_brand":[],"product_cat":[540,1986,1979,1987,1937],"product_tag":[1980,1993,2004,1936],"class_list":{"0":"post-20556","1":"product","2":"type-product","3":"status-publish","4":"has-post-thumbnail","6":"product_cat-may-nong-lanh","7":"product_cat-may-nong-lanh-stiebel-eltron","8":"product_cat-may-nuoc-nong","9":"product_cat-may-nuoc-nong-stiebel-eltron","10":"product_cat-thuong-hieu-stiebel-eltron","11":"product_tag-may-nuoc-nong","12":"product_tag-may-nuoc-nong-stiebel-eltron","13":"product_tag-may-nuoc-nong-truc-tiep","14":"product_tag-stiebel-eltron","16":"first","17":"instock","18":"sale","19":"shipping-taxable","20":"purchasable","21":"product-type-simple"},"_links":{"self":[{"href":"https:\/\/livinghome.vn\/thiet-bi\/wp-json\/wp\/v2\/product\/20556","targetHints":{"allow":["GET"]}}],"collection":[{"href":"https:\/\/livinghome.vn\/thiet-bi\/wp-json\/wp\/v2\/product"}],"about":[{"href":"https:\/\/livinghome.vn\/thiet-bi\/wp-json\/wp\/v2\/types\/product"}],"replies":[{"embeddable":true,"href":"https:\/\/livinghome.vn\/thiet-bi\/wp-json\/wp\/v2\/comments?post=20556"}],"wp:featuredmedia":[{"embeddable":true,"href":"https:\/\/livinghome.vn\/thiet-bi\/wp-json\/wp\/v2\/media\/21212"}],"wp:attachment":[{"href":"https:\/\/livinghome.vn\/thiet-bi\/wp-json\/wp\/v2\/media?parent=20556"}],"wp:term":[{"taxonomy":"product_brand","embeddable":true,"href":"https:\/\/livinghome.vn\/thiet-bi\/wp-json\/wp\/v2\/product_brand?post=20556"},{"taxonomy":"product_cat","embeddable":true,"href":"https:\/\/livinghome.vn\/thiet-bi\/wp-json\/wp\/v2\/product_cat?post=20556"},{"taxonomy":"product_tag","embeddable":true,"href":"https:\/\/livinghome.vn\/thiet-bi\/wp-json\/wp\/v2\/product_tag?post=20556"}],"curies":[{"name":"wp","href":"https:\/\/api.w.org\/{rel}","templated":true}]}}