{"id":20510,"date":"2024-04-16T14:25:54","date_gmt":"2024-04-16T07:25:54","guid":{"rendered":"https:\/\/livinghome.vn\/thiet-bi\/?post_type=product&#038;p=20510"},"modified":"2024-11-29T14:18:59","modified_gmt":"2024-11-29T07:18:59","slug":"loi-loc-nuoc-stiebel-eltron-sediment-13-inch","status":"publish","type":"product","link":"https:\/\/livinghome.vn\/thiet-bi\/loi-loc-nuoc-stiebel-eltron-sediment-13-inch\/","title":{"rendered":"L\u00f5i l\u1ecdc n\u01b0\u1edbc Stiebel Eltron Sediment 13 inch"},"content":{"rendered":"<h2>Gi\u1edbi thi\u1ec7u v\u1ec1 l\u00f5i l\u1ecdc n\u01b0\u1edbc Stiebel Eltron Sediment 13 inch<\/h2>\n<ul>\n<li>L\u00f5i l\u1ecdc n\u01b0\u1edbc Stiebel Eltron Sediment 13 inch \u0111\u01b0\u1ee3c s\u1eed d\u1ee5ng cho m\u00e1y l\u1ecdc n\u01b0\u1edbc u\u1ed1ng Stiebel Eltron Stream 5S.<\/li>\n<li>Ch\u1ee9c n\u0103ng ch\u00ednh l\u00e0 l\u1ecdc c\u00e1t, c\u1eb7n l\u1eafng, b\u1ee5i b\u1ea9n, r\u1ec9 s\u00e9t v\u00e0 t\u1ea1p ch\u1ea5t trong n\u01b0\u1edbc.<\/li>\n<li>Chi\u1ec1u d\u00e0i l\u00f5i l\u1ecdc l\u00e0 13-inch v\u00e0 v\u1eadt li\u1ec7u l\u1ecdc \u0111\u01b0\u1ee3c l\u00e0m t\u1eeb polypropylene, mang l\u1ea1i di\u1ec7n t\u00edch b\u1ec1 m\u1eb7t l\u1edbn cho hi\u1ec7u su\u1ea5t l\u1ecdc cao.<\/li>\n<li>B\u1ec1 m\u1eb7t l\u00f5i l\u1ecdc \u0111\u01b0\u1ee3c l\u00e0m t\u1eeb nh\u1ef1a PP v\u1edbi h\u1ed1c nh\u1ecf k\u00edch th\u01b0\u1edbc 1 micron, b\u1ec1n b\u1ec9 v\u00e0 hi\u1ec7u qu\u1ea3.<\/li>\n<li>L\u00f5i l\u1ecdc \u0111\u01b0\u1ee3c b\u1ecdc k\u00edn \u0111\u1ec3 \u0111\u1ea3m b\u1ea3o v\u1ec7 sinh.<\/li>\n<li>H\u1ec7 th\u1ed1ng \u0111\u1ea9y v\u00e0 nh\u1ea5n tr\u00ean l\u00f5i l\u1ecdc gi\u00fap thay l\u00f5i m\u1ed9t c\u00e1ch d\u1ec5 d\u00e0ng.<\/li>\n<li>L\u00f5i l\u1ecdc Sediment n\u00ean \u0111\u01b0\u1ee3c thay sau 8 th\u00e1ng s\u1eed d\u1ee5ng.<\/li>\n<\/ul>\n<figure id=\"attachment_20512\" aria-describedby=\"caption-attachment-20512\" style=\"width: 1200px\" class=\"wp-caption aligncenter\"><img loading=\"lazy\" decoding=\"async\" class=\"size-full wp-image-20512\" src=\"https:\/\/livinghome.vn\/thiet-bi\/wp-content\/uploads\/2024\/04\/loi-loc-stiebel-eltron-sediment-13-inch-1.jpg\" alt=\"L\u00f5i l\u1ecdc n\u01b0\u1edbc Stiebel Eltron Sediment 13 inch\" width=\"1200\" height=\"800\" title=\"\"><figcaption id=\"caption-attachment-20512\" class=\"wp-caption-text\">L\u00f5i l\u1ecdc n\u01b0\u1edbc Stiebel Eltron Sediment 13 inch<\/figcaption><\/figure>\n","protected":false},"excerpt":{"rendered":"<ul>\n<li>Ch\u1ea5t li\u1ec7u: Nh\u1ef1a PP<\/li>\n<li>Tu\u1ed5i th\u1ecd l\u00f5i l\u1ecdc: 8 th\u00e1ng<\/li>\n<li>S\u1eed d\u1ee5ng cho: Stiebel Eltron Stream 5S<\/li>\n<li>Lo\u1ea1i l\u00f5i: L\u00f5i th\u00f4<\/li>\n<li>Th\u1ee9 t\u1ef1 l\u00f5i l\u1ecdc: L\u00f5i l\u1ecdc s\u1ed1 1<\/li>\n<li>K\u00edch th\u01b0\u1edbc l\u1ecdc nh\u1ecf nh\u1ea5t: \u2265 1 micron<\/li>\n<li>Th\u1eddi gian thay l\u00f5i: Thay sau 8 th\u00e1ng kho\u1ea3ng 2880 l\u00edt n\u01b0\u1edbc<\/li>\n<li>Xu\u1ea5t x\u1ee9 th\u01b0\u01a1ng hi\u1ec7u: \u0110\u1ee9c<\/li>\n<li>S\u1ea3n xu\u1ea5t t\u1ea1i: H\u00e0n Qu\u1ed1c<\/li>\n<\/ul>\n","protected":false},"featured_media":21195,"comment_status":"open","ping_status":"closed","template":"","meta":[],"product_brand":[],"product_cat":[1974,1975,1937],"product_tag":[419,1982],"class_list":{"0":"post-20510","1":"product","2":"type-product","3":"status-publish","4":"has-post-thumbnail","6":"product_cat-loi-loc-nuoc","7":"product_cat-loi-loc-nuoc-stiebel-eltron","8":"product_cat-thuong-hieu-stiebel-eltron","9":"product_tag-loi-loc-nuoc","10":"product_tag-loi-loc-nuoc-stiebel-eltron","12":"first","13":"instock","14":"sale","15":"shipping-taxable","16":"purchasable","17":"product-type-simple"},"_links":{"self":[{"href":"https:\/\/livinghome.vn\/thiet-bi\/wp-json\/wp\/v2\/product\/20510","targetHints":{"allow":["GET"]}}],"collection":[{"href":"https:\/\/livinghome.vn\/thiet-bi\/wp-json\/wp\/v2\/product"}],"about":[{"href":"https:\/\/livinghome.vn\/thiet-bi\/wp-json\/wp\/v2\/types\/product"}],"replies":[{"embeddable":true,"href":"https:\/\/livinghome.vn\/thiet-bi\/wp-json\/wp\/v2\/comments?post=20510"}],"wp:featuredmedia":[{"embeddable":true,"href":"https:\/\/livinghome.vn\/thiet-bi\/wp-json\/wp\/v2\/media\/21195"}],"wp:attachment":[{"href":"https:\/\/livinghome.vn\/thiet-bi\/wp-json\/wp\/v2\/media?parent=20510"}],"wp:term":[{"taxonomy":"product_brand","embeddable":true,"href":"https:\/\/livinghome.vn\/thiet-bi\/wp-json\/wp\/v2\/product_brand?post=20510"},{"taxonomy":"product_cat","embeddable":true,"href":"https:\/\/livinghome.vn\/thiet-bi\/wp-json\/wp\/v2\/product_cat?post=20510"},{"taxonomy":"product_tag","embeddable":true,"href":"https:\/\/livinghome.vn\/thiet-bi\/wp-json\/wp\/v2\/product_tag?post=20510"}],"curies":[{"name":"wp","href":"https:\/\/api.w.org\/{rel}","templated":true}]}}