{"id":20509,"date":"2024-04-16T14:39:53","date_gmt":"2024-04-16T07:39:53","guid":{"rendered":"https:\/\/livinghome.vn\/thiet-bi\/?post_type=product&#038;p=20509"},"modified":"2024-11-29T14:18:59","modified_gmt":"2024-11-29T07:18:59","slug":"may-nuoc-nong-truc-tiep-stiebel-eltron-de-35-ec","status":"publish","type":"product","link":"https:\/\/livinghome.vn\/thiet-bi\/may-nuoc-nong-truc-tiep-stiebel-eltron-de-35-ec\/","title":{"rendered":"M\u00e1y N\u01b0\u1edbc N\u00f3ng Tr\u1ef1c Ti\u1ebfp Stiebel Eltron DE 35 EC"},"content":{"rendered":"<p><strong>M\u00e1y n\u01b0\u1edbc n\u00f3ng tr\u1ef1c ti\u1ebfp Stiebel Eltron 3500W DE 35 EC<\/strong> mang \u0111\u1ebfn ngu\u1ed3n n\u01b0\u1edbc n\u00f3ng t\u1ee9c th\u00ec v\u1edbi c\u00f4ng su\u1ea5t m\u1ea1nh m\u1ebd 3500W, \u0111\u00e1p \u1ee9ng nhu c\u1ea7u s\u1eed d\u1ee5ng c\u1ee7a gia \u0111\u00ecnh Vi\u1ec7t. V\u1edbi thi\u1ebft k\u1ebf nh\u1ecf g\u1ecdn, hi\u1ec7n \u0111\u1ea1i, DE 35 EC d\u1ec5 d\u00e0ng l\u1eafp \u0111\u1eb7t v\u00e0 ph\u00f9 h\u1ee3p v\u1edbi nhi\u1ec1u kh\u00f4ng gian ph\u00f2ng t\u1eafm. <strong>Stiebel Eltron DE 35 EC<\/strong> l\u00e0 l\u1ef1a ch\u1ecdn l\u00fd t\u01b0\u1edfng cho gia \u0111\u00ecnh b\u1ea1n, gi\u00fap b\u1ea1n t\u1eadn h\u01b0\u1edfng ngu\u1ed3n n\u01b0\u1edbc n\u00f3ng an to\u00e0n, ti\u1ec7n l\u1ee3i v\u00e0 ti\u1ebft ki\u1ec7m \u0111i\u1ec7n n\u0103ng.<\/p>\n<p><img loading=\"lazy\" decoding=\"async\" class=\"alignnone size-full wp-image-20520\" src=\"https:\/\/livinghome.vn\/thiet-bi\/wp-content\/uploads\/2024\/04\/may-nuoc-nong-stiebel-eltron-de-35-ec-9.jpg\" alt=\"\" width=\"1200\" height=\"900\" title=\"\" srcset=\"https:\/\/livinghome.vn\/thiet-bi\/wp-content\/uploads\/2024\/04\/may-nuoc-nong-stiebel-eltron-de-35-ec-9.jpg 1200w, https:\/\/livinghome.vn\/thiet-bi\/wp-content\/uploads\/2024\/04\/may-nuoc-nong-stiebel-eltron-de-35-ec-9-533x400.jpg 533w, https:\/\/livinghome.vn\/thiet-bi\/wp-content\/uploads\/2024\/04\/may-nuoc-nong-stiebel-eltron-de-35-ec-9-1067x800.jpg 1067w, https:\/\/livinghome.vn\/thiet-bi\/wp-content\/uploads\/2024\/04\/may-nuoc-nong-stiebel-eltron-de-35-ec-9-768x576.jpg 768w, https:\/\/livinghome.vn\/thiet-bi\/wp-content\/uploads\/2024\/04\/may-nuoc-nong-stiebel-eltron-de-35-ec-9-600x450.jpg 600w\" sizes=\"auto, (max-width: 1200px) 100vw, 1200px\" \/><\/p>\n<h2 data-sourcepos=\"1:1-1:42\">Thi\u1ebft k\u1ebf sang tr\u1ecdng, hi\u1ec7n \u0111\u1ea1i v\u00e0 b\u1ec1n b\u1ec9<\/h2>\n<p data-sourcepos=\"3:1-3:328\">M\u00e1y n\u01b0\u1edbc n\u00f3ng Stiebel Eltron DE 35 EC s\u1edf h\u1eefu thi\u1ebft k\u1ebf hi\u1ec7n \u0111\u1ea1i v\u1edbi c\u00e1c g\u00f3c c\u1ea1nh u\u1ed1n cong nh\u1eb9 nh\u00e0ng, thanh tho\u00e1t, k\u1ebft h\u1ee3p c\u00f9ng gam m\u00e0u tr\u1eafng trang nh\u00e3, mang \u0111\u1ebfn v\u1ebb ngo\u00e0i sang tr\u1ecdng v\u00e0 tinh t\u1ebf. Ki\u1ec3u d\u00e1ng n\u00e0y gi\u00fap s\u1ea3n ph\u1ea9m d\u1ec5 d\u00e0ng h\u00f2a h\u1ee3p v\u1edbi m\u1ecdi phong c\u00e1ch n\u1ed9i th\u1ea5t, g\u00f3p ph\u1ea7n t\u00f4 \u0111i\u1ec3m cho kh\u00f4ng gian ph\u00f2ng t\u1eafm c\u1ee7a b\u1ea1n th\u00eam \u0111\u1eb9p m\u1eaft.<\/p>\n<p data-sourcepos=\"5:1-5:310\">V\u1ecf m\u00e1y, v\u00f2i sen v\u00e0 gi\u00e1 \u0111\u1ee1 v\u00f2i sen \u0111\u1ec1u \u0111\u01b0\u1ee3c l\u00e0m t\u1eeb ch\u1ea5t li\u1ec7u nh\u1ef1a ABS cao c\u1ea5p. Nh\u1ef1a ABS c\u00f3 \u0111\u1ed9 b\u1ec1n cao, ch\u1ecbu l\u1ef1c v\u00e0 ch\u1ecbu nhi\u1ec7t t\u1ed1t, h\u1ea1n ch\u1ebf n\u1ee9t g\u00e3y, gi\u00fap s\u1ea3n ph\u1ea9m s\u1eed d\u1ee5ng b\u1ec1n b\u1ec9 theo th\u1eddi gian. Ngo\u00e0i ra, ch\u1ea5t li\u1ec7u n\u00e0y c\u00f2n d\u1ec5 d\u00e0ng v\u1ec7 sinh, lau ch\u00f9i, gi\u00fap b\u1ea1n lu\u00f4n gi\u1eef cho b\u00ecnh n\u00f3ng l\u1ea1nh \u0111\u01b0\u1ee3c s\u1ea1ch s\u1ebd v\u00e0 s\u00e1ng b\u00f3ng.<\/p>\n<p><img loading=\"lazy\" decoding=\"async\" class=\"alignnone size-full wp-image-20530\" src=\"https:\/\/livinghome.vn\/thiet-bi\/wp-content\/uploads\/2024\/04\/may-nuoc-nong-stiebel-eltron-de-35-ec-10.jpg\" alt=\"\" width=\"1200\" height=\"671\" title=\"\" srcset=\"https:\/\/livinghome.vn\/thiet-bi\/wp-content\/uploads\/2024\/04\/may-nuoc-nong-stiebel-eltron-de-35-ec-10.jpg 1200w, https:\/\/livinghome.vn\/thiet-bi\/wp-content\/uploads\/2024\/04\/may-nuoc-nong-stiebel-eltron-de-35-ec-10-715x400.jpg 715w, https:\/\/livinghome.vn\/thiet-bi\/wp-content\/uploads\/2024\/04\/may-nuoc-nong-stiebel-eltron-de-35-ec-10-768x429.jpg 768w, https:\/\/livinghome.vn\/thiet-bi\/wp-content\/uploads\/2024\/04\/may-nuoc-nong-stiebel-eltron-de-35-ec-10-600x336.jpg 600w\" sizes=\"auto, (max-width: 1200px) 100vw, 1200px\" \/><\/p>\n<h2><strong>C\u00f4ng su\u1ea5t l\u1edbn<\/strong><\/h2>\n<p data-sourcepos=\"3:1-3:343\">M\u00e1y n\u01b0\u1edbc n\u00f3ng tr\u1ef1c ti\u1ebfp Stiebel Eltron DE 35 EC s\u1edf h\u1eefu c\u00f4ng su\u1ea5t m\u1ea1nh m\u1ebd 3500W, gi\u00fap l\u00e0m n\u00f3ng n\u01b0\u1edbc nhanh ch\u00f3ng, \u0111\u00e1p \u1ee9ng nhu c\u1ea7u s\u1eed d\u1ee5ng n\u01b0\u1edbc n\u00f3ng t\u1ee9c th\u00ec c\u1ee7a gia \u0111\u00ecnh b\u1ea1n. Nh\u1edd kh\u1ea3 n\u0103ng l\u00e0m n\u00f3ng tr\u1ef1c ti\u1ebfp, s\u1ea3n ph\u1ea9m kh\u00f4ng c\u1ea7n s\u1eed d\u1ee5ng b\u00ecnh ch\u1ee9a, ti\u1ebft ki\u1ec7m di\u1ec7n t\u00edch l\u1eafp \u0111\u1eb7t v\u00e0 ph\u00f9 h\u1ee3p s\u1eed d\u1ee5ng \u1edf nh\u1eefng khu v\u1ef1c c\u00f3 kh\u00ed h\u1eadu \u1ea5m \u00e1p, nhi\u1ec7t \u0111\u1ed9 tr\u00ean 20\u00b0C.<\/p>\n<p data-sourcepos=\"5:1-5:239\">DE 35 EC cho ph\u00e9p b\u1ea1n \u0111i\u1ec1u ch\u1ec9nh nhi\u1ec7t \u0111\u1ed9 n\u01b0\u1edbc n\u00f3ng mong mu\u1ed1n m\u1ed9t c\u00e1ch d\u1ec5 d\u00e0ng. M\u00e1y c\u00f3 th\u1ec3 cung c\u1ea5p n\u01b0\u1edbc n\u00f3ng v\u1edbi nhi\u1ec7t \u0111\u1ed9 t\u1ed1i \u0111a l\u00ean \u0111\u1ebfn 55\u00b0C, \u0111\u1ea3m b\u1ea3o \u0111\u00e1p \u1ee9ng nhu c\u1ea7u s\u1eed d\u1ee5ng \u0111a d\u1ea1ng trong sinh ho\u1ea1t nh\u01b0 t\u1eafm r\u1eeda, gi\u1eb7t gi\u0169, r\u1eeda ch\u00e9n b\u00e1t,&#8230;<\/p>\n<p data-sourcepos=\"7:1-7:156\">\u00c1p l\u1ef1c n\u01b0\u1edbc m\u00e1y ho\u1ea1t \u0111\u1ed9ng \u1ed5n \u0111\u1ecbnh trong kho\u1ea3ng t\u1eeb 0.015 MPa (0.15 bar) \u0111\u1ebfn 0.5 MPa (5 bar) gi\u00fap \u0111\u1ea3m b\u1ea3o hi\u1ec7u qu\u1ea3 l\u00e0m n\u00f3ng n\u01b0\u1edbc v\u00e0 an to\u00e0n cho ng\u01b0\u1eddi s\u1eed d\u1ee5ng<\/p>\n<p><img loading=\"lazy\" decoding=\"async\" class=\"alignnone size-full wp-image-20528\" src=\"https:\/\/livinghome.vn\/thiet-bi\/wp-content\/uploads\/2024\/04\/may-nuoc-nong-stiebel-eltron-de-35-ec-11.jpg\" alt=\"\" width=\"1200\" height=\"671\" title=\"\" srcset=\"https:\/\/livinghome.vn\/thiet-bi\/wp-content\/uploads\/2024\/04\/may-nuoc-nong-stiebel-eltron-de-35-ec-11.jpg 1200w, https:\/\/livinghome.vn\/thiet-bi\/wp-content\/uploads\/2024\/04\/may-nuoc-nong-stiebel-eltron-de-35-ec-11-715x400.jpg 715w, https:\/\/livinghome.vn\/thiet-bi\/wp-content\/uploads\/2024\/04\/may-nuoc-nong-stiebel-eltron-de-35-ec-11-768x429.jpg 768w, https:\/\/livinghome.vn\/thiet-bi\/wp-content\/uploads\/2024\/04\/may-nuoc-nong-stiebel-eltron-de-35-ec-11-600x336.jpg 600w\" sizes=\"auto, (max-width: 1200px) 100vw, 1200px\" \/><\/p>\n<h2 data-sourcepos=\"1:1-1:78\">An to\u00e0n cho ng\u01b0\u1eddi s\u1eed d\u1ee5ng<\/h2>\n<p data-sourcepos=\"3:1-3:157\">M\u00e1y n\u01b0\u1edbc n\u00f3ng tr\u1ef1c ti\u1ebfp Stiebel Eltron DE 35 EC \u0111\u01b0\u1ee3c trang b\u1ecb nhi\u1ec1u ch\u1ebf \u0111\u1ed9 an to\u00e0n ti\u00ean ti\u1ebfn, \u0111\u1ea3m b\u1ea3o an to\u00e0n cho ng\u01b0\u1eddi s\u1eed d\u1ee5ng trong su\u1ed1t qu\u00e1 tr\u00ecnh s\u1eed d\u1ee5ng:<\/p>\n<ul data-sourcepos=\"5:1-10:0\">\n<li data-sourcepos=\"5:1-5:123\"><strong>B\u1ed9 \u1ed5n \u0111\u1ecbnh nhi\u1ec7t k\u00e9p:<\/strong>\u00a0T\u1ef1 \u0111\u1ed9ng ng\u1eaft khi nhi\u1ec7t \u0111\u1ed9 n\u01b0\u1edbc n\u00f3ng v\u01b0\u1ee3t qu\u00e1 55\u00b0C, gi\u00fap b\u1ea3o v\u1ec7 ng\u01b0\u1eddi d\u00f9ng kh\u1ecfi nguy c\u01a1 b\u1ecb b\u1ecfng.<\/li>\n<li data-sourcepos=\"6:1-6:125\"><strong>C\u1ea7u dao ch\u1ed1ng r\u00f2 \u0111i\u1ec7n ELCB:<\/strong>\u00a0Ng\u1eaft k\u1ebft n\u1ed1i \u0111i\u1ec7n t\u1ef1 \u0111\u1ed9ng khi ph\u00e1t hi\u1ec7n r\u00f2 r\u1ec9 \u0111i\u1ec7n, ng\u0103n ng\u1eeba nguy c\u01a1 ch\u00e1y n\u1ed5 v\u00e0 ch\u1eadp m\u1ea1ch.<\/li>\n<li data-sourcepos=\"7:1-7:121\"><strong>B\u1ea3ng m\u1ea1ch \u0111i\u1ec7n t\u1eed ch\u1ed1ng ch\u00e1y:<\/strong>\u00a0N\u00e2ng cao \u0111\u1ed9 an to\u00e0n cho thi\u1ebft b\u1ecb v\u00e0 ng\u01b0\u1eddi d\u00f9ng, h\u1ea1n ch\u1ebf nguy c\u01a1 ch\u00e1y n\u1ed5 do ch\u1eadp \u0111i\u1ec7n.<\/li>\n<li data-sourcepos=\"8:1-8:149\"><strong>C\u1ea3m bi\u1ebfn l\u01b0u l\u01b0\u1ee3ng n\u01b0\u1edbc:<\/strong>\u00a0\u0110i\u1ec1u ch\u1ec9nh c\u00f4ng su\u1ea5t v\u00e0 ki\u1ec3m so\u00e1t nhi\u1ec7t \u0111\u1ed9 n\u01b0\u1edbc n\u00f3ng t\u1ed1i \u01b0u, tr\u00e1nh t\u00ecnh tr\u1ea1ng \u0111un kh\u00f4, \u0111\u1ea3m b\u1ea3o an to\u00e0n cho ng\u01b0\u1eddi d\u00f9ng.<\/li>\n<li data-sourcepos=\"9:1-10:0\"><strong>V\u1ecf ch\u1ed1ng th\u1ea5m n\u01b0\u1edbc IP25:<\/strong>\u00a0B\u1ea3o v\u1ec7 c\u00e1c linh ki\u1ec7n b\u00ean trong m\u00e1y kh\u1ecfi n\u01b0\u1edbc v\u00e0 b\u1ee5i b\u1ea9n, \u0111\u1ea3m b\u1ea3o \u0111\u1ed9 b\u1ec1n cho s\u1ea3n ph\u1ea9m.<\/li>\n<\/ul>\n<p><img loading=\"lazy\" decoding=\"async\" class=\"alignnone size-full wp-image-20529\" src=\"https:\/\/livinghome.vn\/thiet-bi\/wp-content\/uploads\/2024\/04\/may-nuoc-nong-stiebel-eltron-de-35-ec-12.jpg\" alt=\"\" width=\"1200\" height=\"671\" title=\"\" srcset=\"https:\/\/livinghome.vn\/thiet-bi\/wp-content\/uploads\/2024\/04\/may-nuoc-nong-stiebel-eltron-de-35-ec-12.jpg 1200w, https:\/\/livinghome.vn\/thiet-bi\/wp-content\/uploads\/2024\/04\/may-nuoc-nong-stiebel-eltron-de-35-ec-12-715x400.jpg 715w, https:\/\/livinghome.vn\/thiet-bi\/wp-content\/uploads\/2024\/04\/may-nuoc-nong-stiebel-eltron-de-35-ec-12-768x429.jpg 768w, https:\/\/livinghome.vn\/thiet-bi\/wp-content\/uploads\/2024\/04\/may-nuoc-nong-stiebel-eltron-de-35-ec-12-600x336.jpg 600w\" sizes=\"auto, (max-width: 1200px) 100vw, 1200px\" \/><\/p>\n<h2 data-sourcepos=\"1:1-1:18\">Ti\u1ec7n \u00edch \u0111i k\u00e8m<\/h2>\n<p data-sourcepos=\"3:1-3:170\">Ngo\u00e0i c\u00e1c t\u00ednh n\u0103ng an to\u00e0n k\u1ec3 tr\u00ean, m\u00e1y n\u01b0\u1edbc n\u00f3ng tr\u1ef1c ti\u1ebfp Stiebel Eltron DE 35 EC c\u00f2n \u0111\u01b0\u1ee3c trang b\u1ecb m\u1ed9t s\u1ed1 ti\u1ec7n \u00edch \u0111i k\u00e8m kh\u00e1c mang \u0111\u1ebfn s\u1ef1 ti\u1ec7n l\u1ee3i cho ng\u01b0\u1eddi s\u1eed d\u1ee5ng:<\/p>\n<ul data-sourcepos=\"5:1-7:0\">\n<li data-sourcepos=\"5:1-5:183\"><strong>Chu\u1ea9n t\u01b0\u01a1ng th\u00edch \u0111i\u1ec7n t\u1eeb EMC:<\/strong>\u00a0\u0110\u1ea3m b\u1ea3o thi\u1ebft b\u1ecb ho\u1ea1t \u0111\u1ed9ng b\u00ecnh th\u01b0\u1eddng, kh\u00f4ng b\u1ecb \u1ea3nh h\u01b0\u1edfng b\u1edfi c\u00e1c ngu\u1ed3n t\u00edn hi\u1ec7u kh\u00e1c xung quanh, tr\u00e1nh g\u00e2y nhi\u1ec5u \u0111i\u1ec7n t\u1eeb ho\u1eb7c sai l\u1ec7ch th\u00f4ng s\u1ed1.<\/li>\n<li data-sourcepos=\"6:1-7:0\"><strong>Van \u0111i\u1ec1u ch\u1ec9nh l\u01b0u l\u01b0\u1ee3ng n\u01b0\u1edbc:<\/strong>\u00a0Gi\u00fap ng\u01b0\u1eddi d\u00f9ng d\u1ec5 d\u00e0ng \u0111i\u1ec1u ch\u1ec9nh v\u00e0 ki\u1ec3m so\u00e1t l\u01b0\u1ee3ng n\u01b0\u1edbc n\u00f3ng \u0111\u1ea7u ra ph\u00f9 h\u1ee3p v\u1edbi nhu c\u1ea7u s\u1eed d\u1ee5ng.<\/li>\n<\/ul>\n<p><img loading=\"lazy\" decoding=\"async\" class=\"alignnone size-full wp-image-20527\" src=\"https:\/\/livinghome.vn\/thiet-bi\/wp-content\/uploads\/2024\/04\/may-nuoc-nong-stiebel-eltron-de-35-ec-13.jpg\" alt=\"\" width=\"1200\" height=\"671\" title=\"\" srcset=\"https:\/\/livinghome.vn\/thiet-bi\/wp-content\/uploads\/2024\/04\/may-nuoc-nong-stiebel-eltron-de-35-ec-13.jpg 1200w, https:\/\/livinghome.vn\/thiet-bi\/wp-content\/uploads\/2024\/04\/may-nuoc-nong-stiebel-eltron-de-35-ec-13-715x400.jpg 715w, https:\/\/livinghome.vn\/thiet-bi\/wp-content\/uploads\/2024\/04\/may-nuoc-nong-stiebel-eltron-de-35-ec-13-768x429.jpg 768w, https:\/\/livinghome.vn\/thiet-bi\/wp-content\/uploads\/2024\/04\/may-nuoc-nong-stiebel-eltron-de-35-ec-13-600x336.jpg 600w\" sizes=\"auto, (max-width: 1200px) 100vw, 1200px\" \/><\/p>\n<p><em><strong>L\u01b0u \u00fd<\/strong>: H\u00ecnh \u1ea3nh ch\u1ec9 mang t\u00ednh ch\u1ea5t minh h\u1ecda\u00a0<\/em><\/p>\n<p>&nbsp;<\/p>\n","protected":false},"excerpt":{"rendered":"<p>Lo\u1ea1i m\u00e1y: L\u00e0m n\u00f3ng tr\u1ef1c ti\u1ebfp (ph\u00f9 h\u1ee3p mi\u1ec1n Nam ho\u1eb7c khu v\u1ef1c tr\u00ean 20\u00b0C)<\/p>\n<p>C\u00f4ng su\u1ea5t l\u00e0m n\u00f3ng: 3500W<\/p>\n<p>V\u00f2i sen: C\u00f3 k\u00e8m theo v\u00f2i sen 5 ch\u1ebf \u0111\u1ed9 phun<\/p>\n<p>Ch\u1ebf \u0111\u1ed9 an to\u00e0n: V\u1ecf ch\u1ed1ng th\u1ea5m n\u01b0\u1edbc IP25C\u1ea7u dao ch\u1ed1ng r\u00f2 \u0111i\u1ec7n ELCBC\u1ea3m bi\u1ebfn l\u01b0u l\u01b0\u1ee3ng n\u01b0\u1edbcB\u1ed9 \u1ed5n \u0111\u1ecbnh nhi\u1ec7t k\u00e9pB\u1ea3ng m\u1ea1ch \u0111i\u1ec7n t\u1eed ch\u1ed1ng ch\u00e1y<\/p>\n<p>Ti\u1ec7n \u00edch: Van \u0111i\u1ec1u ch\u1ec9nh l\u01b0u l\u01b0\u1ee3ng n\u01b0\u1edbcT\u01b0\u01a1ng th\u00edch \u0111i\u1ec7n t\u1eeb EMC<\/p>\n<p>Nhi\u1ec7t \u0111\u1ed9 l\u00e0m n\u00f3ng t\u1ed1i \u0111a: Kho\u1ea3ng 55\u00b0C<\/p>\n<p>Th\u1eddi gian \u0111un n\u00f3ng: N\u00f3ng li\u1ec1n<\/p>\n<p>Ch\u1ea5t li\u1ec7u v\u1ecf m\u00e1y: Nh\u1ef1a ABS cao c\u1ea5p<\/p>\n<p>K\u00edch th\u01b0\u1edbc v\u00e0 kh\u1ed1i l\u01b0\u1ee3ng: Cao 30.8 cm &#8211; R\u1ed9ng 18.4 cm &#8211; D\u00e0y 9 cm &#8211; N\u1eb7ng 1.1 kg<\/p>\n<p>H\u00e3ng: Stiebel Eltron.<\/p>\n<p>&nbsp;<\/p>\n","protected":false},"featured_media":21205,"comment_status":"open","ping_status":"closed","template":"","meta":[],"product_brand":[],"product_cat":[540,1986,1979,1987,1937],"product_tag":[541,1980],"class_list":{"0":"post-20509","1":"product","2":"type-product","3":"status-publish","4":"has-post-thumbnail","6":"product_cat-may-nong-lanh","7":"product_cat-may-nong-lanh-stiebel-eltron","8":"product_cat-may-nuoc-nong","9":"product_cat-may-nuoc-nong-stiebel-eltron","10":"product_cat-thuong-hieu-stiebel-eltron","11":"product_tag-may-nong-lanh","12":"product_tag-may-nuoc-nong","14":"first","15":"instock","16":"sale","17":"shipping-taxable","18":"purchasable","19":"product-type-simple"},"_links":{"self":[{"href":"https:\/\/livinghome.vn\/thiet-bi\/wp-json\/wp\/v2\/product\/20509","targetHints":{"allow":["GET"]}}],"collection":[{"href":"https:\/\/livinghome.vn\/thiet-bi\/wp-json\/wp\/v2\/product"}],"about":[{"href":"https:\/\/livinghome.vn\/thiet-bi\/wp-json\/wp\/v2\/types\/product"}],"replies":[{"embeddable":true,"href":"https:\/\/livinghome.vn\/thiet-bi\/wp-json\/wp\/v2\/comments?post=20509"}],"wp:featuredmedia":[{"embeddable":true,"href":"https:\/\/livinghome.vn\/thiet-bi\/wp-json\/wp\/v2\/media\/21205"}],"wp:attachment":[{"href":"https:\/\/livinghome.vn\/thiet-bi\/wp-json\/wp\/v2\/media?parent=20509"}],"wp:term":[{"taxonomy":"product_brand","embeddable":true,"href":"https:\/\/livinghome.vn\/thiet-bi\/wp-json\/wp\/v2\/product_brand?post=20509"},{"taxonomy":"product_cat","embeddable":true,"href":"https:\/\/livinghome.vn\/thiet-bi\/wp-json\/wp\/v2\/product_cat?post=20509"},{"taxonomy":"product_tag","embeddable":true,"href":"https:\/\/livinghome.vn\/thiet-bi\/wp-json\/wp\/v2\/product_tag?post=20509"}],"curies":[{"name":"wp","href":"https:\/\/api.w.org\/{rel}","templated":true}]}}