{"id":20490,"date":"2024-04-16T14:09:45","date_gmt":"2024-04-16T07:09:45","guid":{"rendered":"https:\/\/livinghome.vn\/thiet-bi\/?post_type=product&#038;p=20490"},"modified":"2024-11-29T14:18:59","modified_gmt":"2024-11-29T07:18:59","slug":"bo-loc-nuoc-dau-nguon-stiebel-house-acb-2","status":"publish","type":"product","link":"https:\/\/livinghome.vn\/thiet-bi\/bo-loc-nuoc-dau-nguon-stiebel-house-acb-2\/","title":{"rendered":"B\u1ed9 L\u1ecdc N\u01b0\u1edbc \u0110\u1ea7u Ngu\u1ed3n Stiebel House ACB-2, Th\u00e1i Lan"},"content":{"rendered":"<p>&nbsp;<\/p>\n<h2>T\u00ednh n\u0103ng m\u00e1y l\u1ecdc n\u01b0\u1edbc Stiebel House ACB-2<\/h2>\n<ul>\n<li>N\u00e2ng cao ch\u1ea5t l\u01b0\u1ee3ng n\u01b0\u1edbc b\u1eb1ng c\u00e1ch lo\u1ea1i b\u1ecf ch\u1ea5t g\u00e2y \u00f4 nhi\u1ec5m.<\/li>\n<li>C\u1ea3i thi\u1ec7n h\u01b0\u01a1ng v\u1ecb n\u01b0\u1edbc b\u1eb1ng c\u00e1ch lo\u1ea1i b\u1ecf clo, kim lo\u1ea1i n\u1eb7ng v\u00e0 vi khu\u1ea9n.<\/li>\n<li>Gi\u00fap duy tr\u00ec l\u01b0u l\u01b0\u1ee3ng n\u01b0\u1edbc \u1ed5n \u0111\u1ecbnh do \u00edt t\u1eafc ngh\u1ebdn, d\u1eabn \u0111\u1ebfn \u00edt b\u1ea3o tr\u00ec h\u01a1n cho c\u00e1c ph\u1ee5 ki\u1ec7n v\u1ec7 sinh.<\/li>\n<li>C\u00e1c ion b\u1ea1c kh\u00e1ng khu\u1ea9n cung c\u1ea5p s\u1ef1 b\u1ea3o v\u1ec7 k\u00e9p cho b\u1ed9 l\u1ecdc n\u01b0\u1edbc.<\/li>\n<li>Th\u00edch h\u1ee3p s\u1eed d\u1ee5ng v\u1edbi nhi\u1ec1u lo\u1ea1i ngu\u1ed3n n\u01b0\u1edbc kh\u00e1c nhau.<\/li>\n<\/ul>\n<figure id=\"attachment_20506\" aria-describedby=\"caption-attachment-20506\" style=\"width: 1200px\" class=\"wp-caption aligncenter\"><img loading=\"lazy\" decoding=\"async\" class=\"size-full wp-image-20506\" src=\"https:\/\/livinghome.vn\/thiet-bi\/wp-content\/uploads\/2024\/04\/may-loc-nuoc-stiebel-house-acb-2-3.jpg\" alt=\"M\u00e1y l\u1ecdc n\u01b0\u1edbc Stiebel House ACB-2\" width=\"1200\" height=\"800\" title=\"\" srcset=\"https:\/\/livinghome.vn\/thiet-bi\/wp-content\/uploads\/2024\/04\/may-loc-nuoc-stiebel-house-acb-2-3.jpg 1200w, https:\/\/livinghome.vn\/thiet-bi\/wp-content\/uploads\/2024\/04\/may-loc-nuoc-stiebel-house-acb-2-3-600x400.jpg 600w, https:\/\/livinghome.vn\/thiet-bi\/wp-content\/uploads\/2024\/04\/may-loc-nuoc-stiebel-house-acb-2-3-768x512.jpg 768w\" sizes=\"auto, (max-width: 1200px) 100vw, 1200px\" \/><figcaption id=\"caption-attachment-20506\" class=\"wp-caption-text\">M\u00e1y l\u1ecdc n\u01b0\u1edbc Stiebel House ACB-2<\/figcaption><\/figure>\n<h2>Chi ti\u1ebft m\u00e1y l\u1ecdc n\u01b0\u1edbc kh\u1eed clo STE House ACB-2<\/h2>\n<figure id=\"attachment_20504\" aria-describedby=\"caption-attachment-20504\" style=\"width: 900px\" class=\"wp-caption aligncenter\"><img loading=\"lazy\" decoding=\"async\" class=\"size-full wp-image-20504\" src=\"https:\/\/livinghome.vn\/thiet-bi\/wp-content\/uploads\/2024\/04\/may-loc-nuoc-stiebel-house-acb-2-1.jpg\" alt=\"M\u00e1y l\u1ecdc n\u01b0\u1edbc Stiebel House ACB-2\" width=\"900\" height=\"900\" title=\"\" srcset=\"https:\/\/livinghome.vn\/thiet-bi\/wp-content\/uploads\/2024\/04\/may-loc-nuoc-stiebel-house-acb-2-1.jpg 900w, https:\/\/livinghome.vn\/thiet-bi\/wp-content\/uploads\/2024\/04\/may-loc-nuoc-stiebel-house-acb-2-1-400x400.jpg 400w, https:\/\/livinghome.vn\/thiet-bi\/wp-content\/uploads\/2024\/04\/may-loc-nuoc-stiebel-house-acb-2-1-800x800.jpg 800w, https:\/\/livinghome.vn\/thiet-bi\/wp-content\/uploads\/2024\/04\/may-loc-nuoc-stiebel-house-acb-2-1-280x280.jpg 280w, https:\/\/livinghome.vn\/thiet-bi\/wp-content\/uploads\/2024\/04\/may-loc-nuoc-stiebel-house-acb-2-1-768x768.jpg 768w, https:\/\/livinghome.vn\/thiet-bi\/wp-content\/uploads\/2024\/04\/may-loc-nuoc-stiebel-house-acb-2-1-300x300.jpg 300w, https:\/\/livinghome.vn\/thiet-bi\/wp-content\/uploads\/2024\/04\/may-loc-nuoc-stiebel-house-acb-2-1-600x600.jpg 600w, https:\/\/livinghome.vn\/thiet-bi\/wp-content\/uploads\/2024\/04\/may-loc-nuoc-stiebel-house-acb-2-1-100x100.jpg 100w\" sizes=\"auto, (max-width: 900px) 100vw, 900px\" \/><figcaption id=\"caption-attachment-20504\" class=\"wp-caption-text\">M\u00e1y l\u1ecdc n\u01b0\u1edbc Stiebel House ACB-2<\/figcaption><\/figure>\n<p><strong>C\u00f3 3 c\u1ea5p l\u1ecdc \u0111\u01b0\u1ee3c t\u00edch h\u1ee3p trong 1 c\u1ed1c l\u1ecdc<\/strong><\/p>\n<ul>\n<li>L\u1edbp tr\u1ea7m t\u00edch x\u1ebfp n\u1ebfp (PP 1 \u0111\u1ebfn 100 micron).<\/li>\n<li>\u0110\u00e1 Silver Lite kh\u00f4ng tan g\u1ed3m CaO, SiO2, AlO3, MgO, MnO v\u00e0 \u0111\u01b0\u1ee3c ph\u1ee7 m\u1ed9t l\u1edbp ion b\u1ea1c.<\/li>\n<li>B\u00f3ng ch\u1ed1ng c\u1eb7n v\u00f4i.<\/li>\n<\/ul>\n<figure id=\"attachment_20505\" aria-describedby=\"caption-attachment-20505\" style=\"width: 1200px\" class=\"wp-caption aligncenter\"><img loading=\"lazy\" decoding=\"async\" class=\"size-full wp-image-20505\" src=\"https:\/\/livinghome.vn\/thiet-bi\/wp-content\/uploads\/2024\/04\/may-loc-nuoc-stiebel-house-acb-2-2.jpg\" alt=\"M\u00e1y l\u1ecdc n\u01b0\u1edbc Stiebel House ACB-2\" width=\"1200\" height=\"800\" title=\"\" srcset=\"https:\/\/livinghome.vn\/thiet-bi\/wp-content\/uploads\/2024\/04\/may-loc-nuoc-stiebel-house-acb-2-2.jpg 1200w, https:\/\/livinghome.vn\/thiet-bi\/wp-content\/uploads\/2024\/04\/may-loc-nuoc-stiebel-house-acb-2-2-600x400.jpg 600w, https:\/\/livinghome.vn\/thiet-bi\/wp-content\/uploads\/2024\/04\/may-loc-nuoc-stiebel-house-acb-2-2-768x512.jpg 768w\" sizes=\"auto, (max-width: 1200px) 100vw, 1200px\" \/><figcaption id=\"caption-attachment-20505\" class=\"wp-caption-text\">M\u00e1y l\u1ecdc n\u01b0\u1edbc Stiebel House ACB-2<\/figcaption><\/figure>\n","protected":false},"excerpt":{"rendered":"<ul>\n<li>S\u1ed1 l\u00f5i: 1 l\u00f5i<\/li>\n<li>C\u00f4ng su\u1ea5t l\u1ecdc: 900 l\u00edt\/gi\u1edd<\/li>\n<li>\u00c1p l\u1ef1c n\u01b0\u1edbc: 0.15 &#8211; 0.5 MPa<\/li>\n<li>L\u01b0u l\u01b0\u1ee3ng n\u01b0\u1edbc: Qua b\u1ed9 l\u1ecdc\u00a0(15 l\u00edt\/ph\u00fat)<\/li>\n<li>Tu\u1ed5i th\u1ecd l\u00f5i l\u1ecdc: 6 th\u00e1ng<\/li>\n<li>C\u00f4ng ngh\u1ec7 l\u1ecdc: Than ho\u1ea1t t\u00ednh<\/li>\n<li>Nhi\u1ec7t \u0111\u1ed9 n\u01b0\u1edbc: 5 &#8211; 35 \u0111\u1ed9 C<\/li>\n<li>K\u00edch th\u01b0\u1edbc: R\u1ed9ng x s\u00e2u x cao\u00a0(18.5cm x 18.5cm x 58.5cm)<\/li>\n<li>Tr\u1ecdng l\u01b0\u1ee3ng s\u1ea3n ph\u1ea9m: 12,5kg<\/li>\n<li>Xu\u1ea5t x\u1ee9 th\u01b0\u01a1ng hi\u1ec7u: \u0110\u1ee9c<\/li>\n<li>S\u1ea3n xu\u1ea5t t\u1ea1i: Th\u00e1i Lan<\/li>\n<\/ul>\n","protected":false},"featured_media":21219,"comment_status":"open","ping_status":"closed","template":"","meta":[],"product_brand":[],"product_cat":[399,1978,1937],"product_tag":[404,1981],"class_list":{"0":"post-20490","1":"product","2":"type-product","3":"status-publish","4":"has-post-thumbnail","6":"product_cat-may-loc-nuoc","7":"product_cat-may-loc-nuoc-stiebel-eltron","8":"product_cat-thuong-hieu-stiebel-eltron","9":"product_tag-may-loc-nuoc","10":"product_tag-may-loc-nuoc-stiebel","12":"first","13":"instock","14":"sale","15":"shipping-taxable","16":"purchasable","17":"product-type-simple"},"_links":{"self":[{"href":"https:\/\/livinghome.vn\/thiet-bi\/wp-json\/wp\/v2\/product\/20490","targetHints":{"allow":["GET"]}}],"collection":[{"href":"https:\/\/livinghome.vn\/thiet-bi\/wp-json\/wp\/v2\/product"}],"about":[{"href":"https:\/\/livinghome.vn\/thiet-bi\/wp-json\/wp\/v2\/types\/product"}],"replies":[{"embeddable":true,"href":"https:\/\/livinghome.vn\/thiet-bi\/wp-json\/wp\/v2\/comments?post=20490"}],"wp:featuredmedia":[{"embeddable":true,"href":"https:\/\/livinghome.vn\/thiet-bi\/wp-json\/wp\/v2\/media\/21219"}],"wp:attachment":[{"href":"https:\/\/livinghome.vn\/thiet-bi\/wp-json\/wp\/v2\/media?parent=20490"}],"wp:term":[{"taxonomy":"product_brand","embeddable":true,"href":"https:\/\/livinghome.vn\/thiet-bi\/wp-json\/wp\/v2\/product_brand?post=20490"},{"taxonomy":"product_cat","embeddable":true,"href":"https:\/\/livinghome.vn\/thiet-bi\/wp-json\/wp\/v2\/product_cat?post=20490"},{"taxonomy":"product_tag","embeddable":true,"href":"https:\/\/livinghome.vn\/thiet-bi\/wp-json\/wp\/v2\/product_tag?post=20490"}],"curies":[{"name":"wp","href":"https:\/\/api.w.org\/{rel}","templated":true}]}}