{"id":20489,"date":"2024-04-16T14:49:14","date_gmt":"2024-04-16T07:49:14","guid":{"rendered":"https:\/\/livinghome.vn\/thiet-bi\/?post_type=product&#038;p=20489"},"modified":"2024-11-29T14:18:59","modified_gmt":"2024-11-29T07:18:59","slug":"may-nuoc-nong-truc-tiep-stiebel-eltron-dpl-45-ec","status":"publish","type":"product","link":"https:\/\/livinghome.vn\/thiet-bi\/may-nuoc-nong-truc-tiep-stiebel-eltron-dpl-45-ec\/","title":{"rendered":"M\u00e1y N\u01b0\u1edbc N\u00f3ng Tr\u1ef1c Ti\u1ebfp Stiebel Eltron DPL 45 EC"},"content":{"rendered":"<p><b>Stiebel Eltron DPL 45 EC<\/b><span style=\"font-weight: 400\">, ki\u1ec7t t\u00e1c t\u1eeb th\u01b0\u01a1ng hi\u1ec7u \u0110\u1ee9c Stiebel Eltron, mang \u0111\u1ebfn gi\u1ea3i ph\u00e1p n\u01b0\u1edbc n\u00f3ng \u0111\u1ec9nh cao cho gia \u0111\u00ecnh, nh\u00e0 ngh\u1ec9 v\u00e0 kh\u00e1ch s\u1ea1n c\u1ee7a b\u1ea1n. <\/span>N\u1ed5i b\u1eadt v\u1edbi thi\u1ebft k\u1ebf hi\u1ec7n \u0111\u1ea1i, sang tr\u1ecdng, c\u00f9ng h\u00e0ng lo\u1ea1t t\u00ednh n\u0103ng th\u00f4ng minh v\u00e0 an to\u00e0n, DPL 45 EC h\u1ee9a h\u1eb9n ki\u1ebfn t\u1ea1o kh\u00f4ng gian s\u1ed1ng ti\u1ec7n nghi v\u00e0 \u0111\u1eb3ng c\u1ea5p.<\/p>\n<h2>\u0110\u1eb7c \u0111i\u1ec3m n\u1ed5i b\u1eadt c\u1ee7a m\u00e1y n\u01b0\u1edbc n\u00f3ng tr\u1ef1c ti\u1ebfp Stiebel Eltron DPL 45 EC<\/h2>\n<ul>\n<li><span style=\"font-weight: 400\">C\u00f4ng su\u1ea5t m\u1ea1nh m\u1ebd: 4.500W gi\u00fap l\u00e0m n\u00f3ng n\u01b0\u1edbc nhanh ch\u00f3ng.<\/span><\/li>\n<li><span style=\"font-weight: 400\">C\u00f3 b\u1ed9 \u1ed5n \u0111\u1ecbnh nhi\u1ec7t k\u00e9p: ch\u1ed1ng b\u1ecfng v\u00e0 \u0111\u1ea3m b\u1ea3o an to\u00e0n.\u00a0<\/span><\/li>\n<li><span style=\"font-weight: 400\">C\u1ea7u dao ELCB: ch\u1ed1ng r\u00f2 r\u1ec9 \u0111i\u1ec7n r\u1ea5t y\u00ean t\u00e2m s\u1eed d\u1ee5ng.\u00a0<\/span><\/li>\n<li><span style=\"font-weight: 400\">B\u1ea3ng m\u1ea1ch \u0111i\u1ec7n t\u1eed: ch\u1ed1ng ch\u00e1y, h\u1ea1n ch\u1ebf s\u1ef1 c\u1ed1.<\/span><\/li>\n<li><span style=\"font-weight: 400\">C\u00f3 b\u01a1m tr\u1ee3 l\u1ef1c gi\u00fap n\u01b0\u1edbc ch\u1ea3y ra m\u1ea1nh m\u1ebd.\u00a0<\/span><\/li>\n<li><span style=\"font-weight: 400\">V\u00f2i sen t\u1eafm: 5 ch\u1ebf \u0111\u1ed9 v\u00e0 c\u00f3 gi\u00e1 \u0111\u1ee1 treo t\u01b0\u1eddng c\u00f9ng thanh tr\u01b0\u1ee3t v\u00e0 khay x\u00e0 ph\u00f2ng.<\/span><\/li>\n<li><span style=\"font-weight: 400\">C\u00f3 t\u01b0\u01a1ng th\u00edch \u0111i\u1ec7n t\u1eeb: EMC kh\u00f4ng l\u00e0m nhi\u1ec5m \u0111i\u1ec7n t\u1eeb cho c\u00e1c thi\u1ebft b\u1ecb \u0111i\u1ec7n kh\u00e1c.<\/span><\/li>\n<li><span style=\"font-weight: 400\">N\u00fam v\u1eb7n \u0111i\u1ec1u ch\u1ec9nh v\u00f4 c\u1ea5p<\/span>\n<dl id=\"attachment_20513\" class=\"wp-caption alignnone\" style=\"width: 533px\"><\/dl>\n<\/li>\n<\/ul>\n<p><img loading=\"lazy\" decoding=\"async\" class=\"alignnone size-medium wp-image-20658\" src=\"https:\/\/livinghome.vn\/thiet-bi\/wp-content\/uploads\/2024\/04\/may-nuoc-nong-stiebel-eltron-dpl-45-ec-1-533x400.jpg\" alt=\"M\u00e1y n\u01b0\u1edbc n\u00f3ng tr\u1ef1c ti\u1ebfp Stiebel Eltron DPL 45 EC \" width=\"533\" height=\"400\" title=\"\" srcset=\"https:\/\/livinghome.vn\/thiet-bi\/wp-content\/uploads\/2024\/04\/may-nuoc-nong-stiebel-eltron-dpl-45-ec-1-533x400.jpg 533w, https:\/\/livinghome.vn\/thiet-bi\/wp-content\/uploads\/2024\/04\/may-nuoc-nong-stiebel-eltron-dpl-45-ec-1-1067x800.jpg 1067w, https:\/\/livinghome.vn\/thiet-bi\/wp-content\/uploads\/2024\/04\/may-nuoc-nong-stiebel-eltron-dpl-45-ec-1-768x576.jpg 768w, https:\/\/livinghome.vn\/thiet-bi\/wp-content\/uploads\/2024\/04\/may-nuoc-nong-stiebel-eltron-dpl-45-ec-1-600x450.jpg 600w, https:\/\/livinghome.vn\/thiet-bi\/wp-content\/uploads\/2024\/04\/may-nuoc-nong-stiebel-eltron-dpl-45-ec-1.jpg 1200w\" sizes=\"auto, (max-width: 533px) 100vw, 533px\" \/><\/p>\n<h2>\u0110\u00e1nh gi\u00e1 chi ti\u1ebft<\/h2>\n<p><span style=\"font-weight: 400\">M\u00e1y trang b\u1ecb c\u00f4ng su\u1ea5t l\u00e0m n\u00f3ng m\u1ea1nh m\u1ebd l\u00ean t\u1edbi 4.500W, \u00e1p l\u1ef1c n\u01b0\u1edbc t\u1ed1i \u0111a 0.5 Mpa gi\u00fap l\u00e0m n\u01b0\u1edbc n\u00f3ng ngay l\u1eadp t\u1ee9c.\u00a0<\/span><\/p>\n<p><span style=\"font-weight: 400\">V\u00f2i sen \u0111\u01b0\u1ee3c trang b\u1ecb 5 ch\u1ebf \u0111\u1ed9 phun v\u1edbi \u0111\u1ed9 d\u00e0i d\u00e2y l\u00e0 178 cm v\u00e0 b\u1ecdc nh\u1ef1a ABS, c\u00f3 5 ch\u1ebf \u0111\u1ed9 phun ph\u00f9 h\u1ee3p v\u1edbi nhu c\u1ea7u c\u1ee7a m\u1ed7i th\u00e0nh vi\u00ean trong gia \u0111\u00ecnh.<\/span><\/p>\n<div class=\"mceTemp\"><\/div>\n<p><img loading=\"lazy\" decoding=\"async\" class=\"alignnone size-medium wp-image-20661\" src=\"https:\/\/livinghome.vn\/thiet-bi\/wp-content\/uploads\/2024\/04\/may-nuoc-nong-stiebel-eltron-dpl-45-ec-2-600x400.jpg\" alt=\"M\u00e1y n\u01b0\u1edbc n\u00f3ng tr\u1ef1c ti\u1ebfp Stiebel Eltron DPL 45 EC \" width=\"600\" height=\"400\" title=\"\" srcset=\"https:\/\/livinghome.vn\/thiet-bi\/wp-content\/uploads\/2024\/04\/may-nuoc-nong-stiebel-eltron-dpl-45-ec-2-600x400.jpg 600w, https:\/\/livinghome.vn\/thiet-bi\/wp-content\/uploads\/2024\/04\/may-nuoc-nong-stiebel-eltron-dpl-45-ec-2-768x512.jpg 768w, https:\/\/livinghome.vn\/thiet-bi\/wp-content\/uploads\/2024\/04\/may-nuoc-nong-stiebel-eltron-dpl-45-ec-2.jpg 1200w\" sizes=\"auto, (max-width: 600px) 100vw, 600px\" \/><\/p>\n<p>Thanh gia nhi\u1ec7t \u0111\u01b0\u1ee3c l\u00e0m b\u1eb1ng \u0111\u1ed3ng ch\u1ed1ng \u0103n m\u00f2n cho \u0111\u1ed9 b\u1ec1n cao v\u00e0 c\u00f3 kh\u1ea3 n\u0103ng ho\u1ea1t \u0111\u1ed9ng li\u00ean t\u1ee5c m\u00e0 kh\u00f4ng c\u1ea7n b\u1ea3o tr\u00ec d\u00f9 s\u1eed d\u1ee5ng trong n\u01b0\u1edbc kh\u1eed tr\u00f9ng c\u00f3 ch\u1ee9a Clo.<\/p>\n<p>V\u1ecf b\u00ecnh nung c\u0169ng \u0111\u01b0\u1ee3c l\u00e0m b\u1eb1ng \u0111\u1ed3ng ch\u1ed1ng \u0103n m\u00f2n, gi\u00fap t\u0103ng kh\u1ea3 n\u0103ng ch\u1ecbu nhi\u1ec7t v\u00e0 \u00e1p su\u1ea5t cao, gi\u00fap m\u00e1y n\u01b0\u1edbc n\u00f3ng tr\u1ef1c ti\u1ebfp ho\u1ea1t \u0111\u1ed9ng hi\u1ec7u qu\u1ea3 h\u01a1n.<\/p>\n<div class=\"mceTemp\"><\/div>\n<p><img loading=\"lazy\" decoding=\"async\" class=\"alignnone size-medium wp-image-20662\" src=\"https:\/\/livinghome.vn\/thiet-bi\/wp-content\/uploads\/2024\/04\/may-nuoc-nong-stiebel-eltron-dpl-45-ec-3-600x400.jpg\" alt=\"M\u00e1y n\u01b0\u1edbc n\u00f3ng tr\u1ef1c ti\u1ebfp Stiebel Eltron DPL 45 EC \" width=\"600\" height=\"400\" title=\"\" srcset=\"https:\/\/livinghome.vn\/thiet-bi\/wp-content\/uploads\/2024\/04\/may-nuoc-nong-stiebel-eltron-dpl-45-ec-3-600x400.jpg 600w, https:\/\/livinghome.vn\/thiet-bi\/wp-content\/uploads\/2024\/04\/may-nuoc-nong-stiebel-eltron-dpl-45-ec-3-768x512.jpg 768w, https:\/\/livinghome.vn\/thiet-bi\/wp-content\/uploads\/2024\/04\/may-nuoc-nong-stiebel-eltron-dpl-45-ec-3.jpg 1200w\" sizes=\"auto, (max-width: 600px) 100vw, 600px\" \/><\/p>\n<h2><span style=\"font-weight: 400\">C\u00e1c ch\u1ebf \u0111\u1ed9 an to\u00e0n t\u00edch h\u1ee3p tr\u00ean m\u00e1y<\/span><\/h2>\n<ul>\n<li><b>T\u01b0\u01a1ng th\u00edch \u0111i\u1ec7n t\u1eeb EMC:<\/b><span style=\"font-weight: 400\">\u00a0s\u1ebd h\u1ea1n ch\u1ebf t\u00ecnh tr\u1ea1ng g\u00e2y nhi\u1ec5u s\u00f3ng cho c\u00e1c thi\u1ebft b\u1ecb \u0111i\u1ec7n t\u1eed kh\u00e1c trong nh\u00e0 nh\u01b0 tivi, \u0111\u00e8n \u0111i\u1ec7n t\u1eed, thi\u1ebft b\u1ecb y t\u1ebf,&#8230;<\/span><\/li>\n<li><span style=\"font-weight: 400\"><strong>C\u1ea7u dao ch\u1ed1ng r\u00f2 \u0111i\u1ec7n ELCB:<\/strong> s\u1ebd ng\u1eaft k\u1ebft n\u1ed1i gi\u1eefa thi\u1ebft b\u1ecb v\u1edbi m\u1ea1ch \u0111i\u1ec7n khi xu\u1ea5t hi\u1ec7n s\u1ef1 c\u1ed1 r\u00f2 \u0111i\u1ec7n, h\u1ea1n ch\u1ebf s\u1ef1 c\u1ed1 ch\u00e1y n\u1ed5 x\u1ea3y ra, gi\u00fap ng\u01b0\u1eddi d\u00f9ng y\u00ean t\u00e2m khi s\u1eed d\u1ee5ng \u1edf m\u00f4i tr\u01b0\u1eddng \u1ea9m \u01b0\u1edbt.\u00a0<\/span><\/li>\n<li><span style=\"font-weight: 400\"><strong>V\u1ecf m\u00e1y ch\u1ed1ng n\u01b0\u1edbc theo ti\u00eau chu\u1ea9n IP25<\/strong> gi\u00fap ng\u0103n b\u1ee5i b\u1ea9n, v\u1eadt r\u1eafn c\u00f3 \u0111\u01b0\u1eddng k\u00ednh l\u1edbn h\u01a1n 12.5mm x\u00e2m nh\u1eadp v\u00e0o b\u00ean trong g\u00e2y h\u1ecfng linh ki\u1ec7n m\u00e1y, ch\u1ed1ng th\u1ea5m hi\u1ec7u qu\u1ea3 v\u1edbi tia n\u01b0\u1edbc c\u00f3 \u00e1p su\u1ea5t th\u1ea5p trong \u00edt nh\u1ea5t 3 ph\u00fat.<\/span><\/li>\n<li><span style=\"font-weight: 400\"><strong>B\u1ed9 \u1ed5n \u0111\u1ecbnh nhi\u1ec7t k\u00e9p:<\/strong> s\u1ebd h\u1ed7 tr\u1ee3 \u0111i\u1ec1u khi\u1ec3n v\u00e0 t\u1ef1 \u0111\u1ed9ng ng\u1eaft qu\u00e1 tr\u00ecnh l\u00e0m n\u00f3ng, tr\u00e1nh nhi\u1ec7t \u0111\u1ed9 n\u01b0\u1edbc \u0111\u1ea7u ra v\u01b0\u1ee3t qu\u00e1 m\u1ee9c quy \u0111\u1ecbnh g\u00e2y b\u1ecfng cho ng\u01b0\u1eddi s\u1eed d\u1ee5ng.<\/span><\/li>\n<\/ul>\n<div class=\"mceTemp\"><\/div>\n<p><img loading=\"lazy\" decoding=\"async\" class=\"alignnone size-medium wp-image-20664\" src=\"https:\/\/livinghome.vn\/thiet-bi\/wp-content\/uploads\/2024\/04\/may-nuoc-nong-stiebel-eltron-dpl-45-ec-4-600x400.jpg\" alt=\"M\u00e1y n\u01b0\u1edbc n\u00f3ng tr\u1ef1c ti\u1ebfp Stiebel Eltron DPL 45 EC \" width=\"600\" height=\"400\" title=\"\" srcset=\"https:\/\/livinghome.vn\/thiet-bi\/wp-content\/uploads\/2024\/04\/may-nuoc-nong-stiebel-eltron-dpl-45-ec-4-600x400.jpg 600w, https:\/\/livinghome.vn\/thiet-bi\/wp-content\/uploads\/2024\/04\/may-nuoc-nong-stiebel-eltron-dpl-45-ec-4-768x512.jpg 768w, https:\/\/livinghome.vn\/thiet-bi\/wp-content\/uploads\/2024\/04\/may-nuoc-nong-stiebel-eltron-dpl-45-ec-4.jpg 1200w\" sizes=\"auto, (max-width: 600px) 100vw, 600px\" \/><\/p>\n<p><span style=\"font-weight: 400\">M\u00e1y n\u01b0\u1edbc n\u00f3ng Stiebel Eltron DPL 45 EC c\u00f3 ki\u1ec3u d\u00e1ng h\u00ecnh ch\u1eef nh\u1eadt \u0111\u01a1n gi\u1ea3n, c\u00e1c g\u00f3c c\u1ea1nh bo tr\u00f2n tinh t\u1ebf, hi\u1ec7n \u0111\u1ea1i. <\/span><\/p>\n<p><span style=\"font-weight: 400\">V\u1ecf ngo\u00e0i c\u1ee7a m\u00e1y n\u01b0\u1edbc n\u00f3ng \u0111\u01b0\u1ee3c l\u00e0m b\u1eb1ng nh\u1ef1a ABS cao c\u1ea5p, kh\u1ea3 n\u0103ng c\u00e1ch nhi\u1ec7t v\u00e0 ch\u1ed1ng ch\u00e1y t\u1ed1t, kh\u00f3 n\u1ee9t v\u1ee1.\u00a0<\/span><\/p>\n<p><span style=\"font-weight: 400\">M\u00e1y thi\u1ebft k\u1ebf b\u1ea3ng \u0111i\u1ec1u khi\u1ec3n d\u1ea1ng n\u00fam v\u1eb7n xoay, d\u1ec5 d\u00e0ng thao t\u00e1c \u0111\u1ec3 \u0111i\u1ec1u ch\u1ec9nh nhi\u1ec7t \u0111\u1ed9 theo \u00fd mu\u1ed1n.\u00a0<\/span><\/p>\n<p><img loading=\"lazy\" decoding=\"async\" class=\"alignnone size-medium wp-image-20665\" src=\"https:\/\/livinghome.vn\/thiet-bi\/wp-content\/uploads\/2024\/04\/may-nuoc-nong-stiebel-eltron-dpl-45-ec-5-600x400.jpg\" alt=\"M\u00e1y n\u01b0\u1edbc n\u00f3ng tr\u1ef1c ti\u1ebfp Stiebel Eltron DPL 45 EC \" width=\"600\" height=\"400\" title=\"\" srcset=\"https:\/\/livinghome.vn\/thiet-bi\/wp-content\/uploads\/2024\/04\/may-nuoc-nong-stiebel-eltron-dpl-45-ec-5-600x400.jpg 600w, https:\/\/livinghome.vn\/thiet-bi\/wp-content\/uploads\/2024\/04\/may-nuoc-nong-stiebel-eltron-dpl-45-ec-5-768x512.jpg 768w, https:\/\/livinghome.vn\/thiet-bi\/wp-content\/uploads\/2024\/04\/may-nuoc-nong-stiebel-eltron-dpl-45-ec-5.jpg 1200w\" sizes=\"auto, (max-width: 600px) 100vw, 600px\" \/><\/p>\n<p><b>L\u01b0u \u00fd:<\/b><span style=\"font-weight: 400\"> H\u00ecnh \u1ea3nh s\u1ea3n ph\u1ea9m ch\u1ec9 c\u00f3 t\u00ednh ch\u1ea5t minh h\u1ecda, chi ti\u1ebft s\u1ea3n ph\u1ea9m, m\u00e0u s\u1eafc, thi\u1ebft k\u1ebf v\u00e0 th\u00f4ng s\u1ed1 k\u1ef9 thu\u1eadt c\u00f3 th\u1ec3 thay \u0111\u1ed5i t\u00f9y theo s\u1ea3n ph\u1ea9m th\u1ef1c t\u1ebf m\u00e0 kh\u00f4ng c\u1ea7n th\u00f4ng b\u00e1o tr\u01b0\u1edbc.<\/span><\/p>\n<p>&nbsp;<\/p>\n","protected":false},"excerpt":{"rendered":"<p><span style=\"font-weight: 400\">C\u00f4ng su\u1ea5t: 4500W<\/span><\/p>\n<p><span style=\"font-weight: 400\">Chu\u1ea9n ch\u1ed1ng n\u01b0\u1edbc: IP25<\/span><\/p>\n<p><span style=\"font-weight: 400\">Ch\u1ed1ng gi\u1eadt ELCB: C\u00f3<\/span><\/p>\n<p><span style=\"font-weight: 400\">\u00c1p l\u1ef1c: T\u1ed1i \u0111a &#8211; T\u1ed1i thi\u1ec3u (0.015 Mpa &#8211; 0.5 Mpa)<\/span><\/p>\n<p><span style=\"font-weight: 400\">B\u01a1m tr\u1ee3 l\u1ef1c: C\u00f3<\/span><\/p>\n<p><span style=\"font-weight: 400\">Ch\u1ebf \u0111\u1ed9 v\u00f2i sen: 5 ch\u1ebf \u0111\u1ed9 phun<\/span><\/p>\n<p><span style=\"font-weight: 400\">T\u00f9y ch\u1ec9nh nhi\u1ec7t \u0111\u1ed9: Nhi\u1ec1u m\u1ee9c \u0111\u1ed9<\/span><\/p>\n<p><span style=\"font-weight: 400\">N\u00fat \u0111i\u1ec1u ch\u1ec9nh: N\u00fam v\u1eb7n<\/span><\/p>\n<p><span style=\"font-weight: 400\">Ch\u1ea5t li\u1ec7u v\u00f2i sen: Nh\u1ef1a ABS<\/span><\/p>\n<p><span style=\"font-weight: 400\">Ch\u1ea5t li\u1ec7u v\u1ecf: Nh\u1ef1a ABS<\/span><\/p>\n<p><span style=\"font-weight: 400\">Ngu\u1ed3n \u0111i\u1ec7n \u00e1p: 220V &#8211; 240V \/ 50Hz &#8211; 60Hz<\/span><\/p>\n<p><span style=\"font-weight: 400\">K\u00edch th\u01b0\u1edbc: Cao x r\u1ed9ng x s\u00e2u (34.2cm x 21.2cm x 11cm)<\/span><\/p>\n<p><span style=\"font-weight: 400\">Tr\u1ecdng l\u01b0\u1ee3ng s\u1ea3n ph\u1ea9m: 1,92kg<\/span><\/p>\n<p><span style=\"font-weight: 400\">Xu\u1ea5t x\u1ee9 th\u01b0\u01a1ng hi\u1ec7u: \u0110\u1ee9c<\/span><\/p>\n<p><span style=\"font-weight: 400\">S\u1ea3n xu\u1ea5t t\u1ea1i: Th\u00e1i Lan<\/span><\/p>\n<p><span style=\"font-weight: 400\">B\u1ea3o h\u00e0nh: 24 th\u00e1ng<\/span><\/p>\n","protected":false},"featured_media":21161,"comment_status":"open","ping_status":"closed","template":"","meta":[],"product_brand":[],"product_cat":[15,540,1986,1979,1987,1937],"product_tag":[1985,1980,542,1993],"class_list":{"0":"post-20489","1":"product","2":"type-product","3":"status-publish","4":"has-post-thumbnail","6":"product_cat-khac","7":"product_cat-may-nong-lanh","8":"product_cat-may-nong-lanh-stiebel-eltron","9":"product_cat-may-nuoc-nong","10":"product_cat-may-nuoc-nong-stiebel-eltron","11":"product_cat-thuong-hieu-stiebel-eltron","12":"product_tag-binh-nong-lanh","13":"product_tag-may-nuoc-nong","14":"product_tag-may-nuoc-nong-lanh","15":"product_tag-may-nuoc-nong-stiebel-eltron","17":"first","18":"instock","19":"sale","20":"shipping-taxable","21":"purchasable","22":"product-type-simple"},"_links":{"self":[{"href":"https:\/\/livinghome.vn\/thiet-bi\/wp-json\/wp\/v2\/product\/20489","targetHints":{"allow":["GET"]}}],"collection":[{"href":"https:\/\/livinghome.vn\/thiet-bi\/wp-json\/wp\/v2\/product"}],"about":[{"href":"https:\/\/livinghome.vn\/thiet-bi\/wp-json\/wp\/v2\/types\/product"}],"replies":[{"embeddable":true,"href":"https:\/\/livinghome.vn\/thiet-bi\/wp-json\/wp\/v2\/comments?post=20489"}],"wp:featuredmedia":[{"embeddable":true,"href":"https:\/\/livinghome.vn\/thiet-bi\/wp-json\/wp\/v2\/media\/21161"}],"wp:attachment":[{"href":"https:\/\/livinghome.vn\/thiet-bi\/wp-json\/wp\/v2\/media?parent=20489"}],"wp:term":[{"taxonomy":"product_brand","embeddable":true,"href":"https:\/\/livinghome.vn\/thiet-bi\/wp-json\/wp\/v2\/product_brand?post=20489"},{"taxonomy":"product_cat","embeddable":true,"href":"https:\/\/livinghome.vn\/thiet-bi\/wp-json\/wp\/v2\/product_cat?post=20489"},{"taxonomy":"product_tag","embeddable":true,"href":"https:\/\/livinghome.vn\/thiet-bi\/wp-json\/wp\/v2\/product_tag?post=20489"}],"curies":[{"name":"wp","href":"https:\/\/api.w.org\/{rel}","templated":true}]}}